{"id":11777,"date":"2025-06-16T20:22:58","date_gmt":"2025-06-16T23:22:58","guid":{"rendered":"https:\/\/elkaminante.com.uy\/paquetes\/roma-y-florencia\/"},"modified":"2026-04-17T09:39:35","modified_gmt":"2026-04-17T12:39:35","slug":"roma-y-florencia","status":"publish","type":"product","link":"https:\/\/elkaminante.com.uy\/en\/paquetes\/roma-y-florencia\/","title":{"rendered":"Roma y Florencia"},"content":{"rendered":"","protected":false},"excerpt":{"rendered":"<p>Visitar <b>Roma<\/b> es embarcarse en un paseo por la Historia. La Capital del T\u00edber, el r\u00edo al que debe la existencia la ciudad y que estaba presente ya en la f\u00e1bula de R\u00f3mulo y Remo que explica la fundaci\u00f3n de Roma, es un museo en s\u00ed mismo. Elegir qu\u00e9 ver en la ciudad le llevar\u00e1 tiempo: arte, arquitectura, restos arqueol\u00f3gicos y el Estado del Vaticano -ciudad estado que se encuentra dentro de Roma- salpican cada rinc\u00f3n de la capital de Italia. <i>Principales atractivos tur\u00edsticos:<\/i> Plaza de Espa\u00f1a, Iglesia de Trinit\u00e1 dei Monti, Plaza Navona, Fontana di Trevi, el barrio Trast\u00e9vere, Isla Tibernia, el Tempo de Esculapio, Foro Romano, Arco de Tito, Coliseo, la V\u00eda Sacra, el Pante\u00f3n, el Ciro M\u00e1ximo, la Plaza de Venecia, el Palazzo Senatorio, el Vaticano, con la columnata, la Capilla Sixtina, la Bas\u00edlica de San Pedro y la Piedad de Miguel \u00c1ngel entre otros.<\/p>\n<p>Hablar del Renacimiento es hablar de gran parte de las atracciones tur\u00edsticas que hay que ver en <b>Florencia<\/b>. La ciudad, capital de la Toscana, es una de las cunas mundiales del arte, en todas sus expresiones: pintura, escultura y arquitectura. Y su nombre est\u00e1 unido al de los grandes creadores del siglo XV: Leonardo da Vinci, Miguel \u00c1ngel, Botticelli, Dante&#8230; <i>Principales atractivos tur\u00edsticos:<\/i>la Galer\u00eda Uffizi, el David de Miguel \u00c1ngel, la Academia, la Plaza de la Signoria, el Palazzo Vecchio, la Bas\u00edlica de Santa Mar\u00eda dei Fiore, el Campanile de Giotto, el Ponte Vecchio, las Capillas de los M\u00e9dici y el mercado de San Lorenzo entre otros.<\/p>\n<p>Ubicado en Europa mediterr\u00e1nea, <b>Italia<\/b> es uno de los pa\u00edses europeos de gran importancia tur\u00edstica tanto por su gran cantidad de historia como por su peculiar tradici\u00f3n y gastronom\u00eda, convirti\u00e9ndolo en uno de los lugares m\u00e1s populares para hacer turismo. Est\u00e1 dividido en cinco regiones geogr\u00e1ficas, y entre las ciudades m\u00e1s populares que posee son <i>Roma, Mil\u00e1n, Venecia, Florencia, Bolonia, N\u00e1poles y Pisa, adem\u00e1s de contar con las islas de Sicilia y Cerde\u00f1a<\/i>.Su gastronom\u00eda es uno de los aspectos que m\u00e1s atraen a los turistas, la variedad y distinci\u00f3n de platillos est\u00e1n a lo largo del pa\u00eds, siempre con una caracter\u00edstica regional. En este pa\u00eds el rubro con mayor popularidad a nivel mundial es la moda, con gran cantidad de marcas de vestido y calzado, adem\u00e1s del sector automovil\u00edstico.<\/p>\n","protected":false},"featured_media":11775,"template":"","meta":{"_acf_changed":false,"inline_featured_image":false},"product_brand":[],"product_cat":[28,1579],"product_tag":[96,2279,1687,2304,124,1126,856,4079,1099,65,122,4176,126,1510,857,1002,918,3670,120,3282,128,1511,858,1003,119],"class_list":{"0":"post-11777","1":"product","2":"type-product","3":"status-publish","4":"has-post-thumbnail","6":"product_cat-paquetes","7":"product_cat-uruguay","8":"product_tag-alarma-precios-bajos","9":"product_tag-en-italia","10":"product_tag-en-noviembre","11":"product_tag-en-roma","12":"product_tag-europa","13":"product_tag-florencia","14":"product_tag-italia","15":"product_tag-italia-en-noviembre","16":"product_tag-italia-en-roma","17":"product_tag-no-aplica","18":"product_tag-noviembre","19":"product_tag-noviembre-2026alarma-precios-bajos","20":"product_tag-paquetes-a-europa","21":"product_tag-paquetes-a-florencia","22":"product_tag-paquetes-a-italia","23":"product_tag-paquetes-a-roma","24":"product_tag-roma","25":"product_tag-roma-y-florencia","26":"product_tag-sin-comidas","27":"product_tag-temporada-baja","28":"product_tag-viajes-a-europa","29":"product_tag-viajes-a-florencia","30":"product_tag-viajes-a-italia","31":"product_tag-viajes-a-roma","32":"product_tag-vuelo-y-hotel","33":"entry","34":"has-media","36":"first","37":"instock","38":"shipping-taxable","39":"purchasable","40":"product-type-simple"},"acf":[],"yoast_head":"<!-- This site is optimized with the Yoast SEO plugin v27.2 - https:\/\/yoast.com\/product\/yoast-seo-wordpress\/ -->\n<title>Roma y Florencia - El Kaminante<\/title>\n<meta name=\"robots\" content=\"index, follow, max-snippet:-1, max-image-preview:large, max-video-preview:-1\" \/>\n<link rel=\"canonical\" href=\"https:\/\/elkaminante.com.uy\/paquetes\/roma-y-florencia\/\" \/>\n<meta property=\"og:locale\" content=\"en_US\" \/>\n<meta property=\"og:type\" content=\"article\" \/>\n<meta property=\"og:title\" content=\"Roma y Florencia - El Kaminante\" \/>\n<meta property=\"og:description\" content=\"Visitar Roma es embarcarse en un paseo por la Historia. La Capital del T\u00edber, el r\u00edo al que debe la existencia la ciudad y que estaba presente ya en la f\u00e1bula de R\u00f3mulo y Remo que explica la fundaci\u00f3n de Roma, es un museo en s\u00ed mismo. Elegir qu\u00e9 ver en la ciudad le llevar\u00e1 tiempo: arte, arquitectura, restos arqueol\u00f3gicos y el Estado del Vaticano -ciudad estado que se encuentra dentro de Roma- salpican cada rinc\u00f3n de la capital de Italia. Principales atractivos tur\u00edsticos: Plaza de Espa\u00f1a, Iglesia de Trinit\u00e1 dei Monti, Plaza Navona, Fontana di Trevi, el barrio Trast\u00e9vere, Isla Tibernia, el Tempo de Esculapio, Foro Romano, Arco de Tito, Coliseo, la V\u00eda Sacra, el Pante\u00f3n, el Ciro M\u00e1ximo, la Plaza de Venecia, el Palazzo Senatorio, el Vaticano, con la columnata, la Capilla Sixtina, la Bas\u00edlica de San Pedro y la Piedad de Miguel \u00c1ngel entre otros.Hablar del Renacimiento es hablar de gran parte de las atracciones tur\u00edsticas que hay que ver en Florencia. La ciudad, capital de la Toscana, es una de las cunas mundiales del arte, en todas sus expresiones: pintura, escultura y arquitectura. Y su nombre est\u00e1 unido al de los grandes creadores del siglo XV: Leonardo da Vinci, Miguel \u00c1ngel, Botticelli, Dante... Principales atractivos tur\u00edsticos:la Galer\u00eda Uffizi, el David de Miguel \u00c1ngel, la Academia, la Plaza de la Signoria, el Palazzo Vecchio, la Bas\u00edlica de Santa Mar\u00eda dei Fiore, el Campanile de Giotto, el Ponte Vecchio, las Capillas de los M\u00e9dici y el mercado de San Lorenzo entre otros.Ubicado en Europa mediterr\u00e1nea, Italia es uno de los pa\u00edses europeos de gran importancia tur\u00edstica tanto por su gran cantidad de historia como por su peculiar tradici\u00f3n y gastronom\u00eda, convirti\u00e9ndolo en uno de los lugares m\u00e1s populares para hacer turismo. Est\u00e1 dividido en cinco regiones geogr\u00e1ficas, y entre las ciudades m\u00e1s populares que posee son Roma, Mil\u00e1n, Venecia, Florencia, Bolonia, N\u00e1poles y Pisa, adem\u00e1s de contar con las islas de Sicilia y Cerde\u00f1a.Su gastronom\u00eda es uno de los aspectos que m\u00e1s atraen a los turistas, la variedad y distinci\u00f3n de platillos est\u00e1n a lo largo del pa\u00eds, siempre con una caracter\u00edstica regional. En este pa\u00eds el rubro con mayor popularidad a nivel mundial es la moda, con gran cantidad de marcas de vestido y calzado, adem\u00e1s del sector automovil\u00edstico.\" \/>\n<meta property=\"og:url\" content=\"https:\/\/elkaminante.com.uy\/paquetes\/roma-y-florencia\/\" \/>\n<meta property=\"og:site_name\" content=\"El Kaminante\" \/>\n<meta property=\"article:modified_time\" content=\"2026-04-17T12:39:35+00:00\" \/>\n<meta property=\"og:image\" content=\"https:\/\/elkaminante.com.uy\/wp-content\/uploads\/2025\/06\/PAQ570.webp\" \/>\n\t<meta property=\"og:image:width\" content=\"1200\" \/>\n\t<meta property=\"og:image:height\" content=\"630\" \/>\n\t<meta property=\"og:image:type\" content=\"image\/webp\" \/>\n<meta name=\"twitter:card\" content=\"summary_large_image\" \/>\n<script type=\"application\/ld+json\" class=\"yoast-schema-graph\">{\"@context\":\"https:\/\/schema.org\",\"@graph\":[{\"@type\":\"WebPage\",\"@id\":\"https:\/\/elkaminante.com.uy\/paquetes\/roma-y-florencia\/\",\"url\":\"https:\/\/elkaminante.com.uy\/paquetes\/roma-y-florencia\/\",\"name\":\"Roma y Florencia - El Kaminante\",\"isPartOf\":{\"@id\":\"https:\/\/elkaminante.com.uy\/#website\"},\"primaryImageOfPage\":{\"@id\":\"https:\/\/elkaminante.com.uy\/paquetes\/roma-y-florencia\/#primaryimage\"},\"image\":{\"@id\":\"https:\/\/elkaminante.com.uy\/paquetes\/roma-y-florencia\/#primaryimage\"},\"thumbnailUrl\":\"https:\/\/elkaminante.com.uy\/wp-content\/uploads\/2025\/06\/PAQ570.webp\",\"datePublished\":\"2025-06-16T23:22:58+00:00\",\"dateModified\":\"2026-04-17T12:39:35+00:00\",\"breadcrumb\":{\"@id\":\"https:\/\/elkaminante.com.uy\/paquetes\/roma-y-florencia\/#breadcrumb\"},\"inLanguage\":\"en-US\",\"potentialAction\":[{\"@type\":\"ReadAction\",\"target\":[\"https:\/\/elkaminante.com.uy\/paquetes\/roma-y-florencia\/\"]}]},{\"@type\":\"ImageObject\",\"inLanguage\":\"en-US\",\"@id\":\"https:\/\/elkaminante.com.uy\/paquetes\/roma-y-florencia\/#primaryimage\",\"url\":\"https:\/\/elkaminante.com.uy\/wp-content\/uploads\/2025\/06\/PAQ570.webp\",\"contentUrl\":\"https:\/\/elkaminante.com.uy\/wp-content\/uploads\/2025\/06\/PAQ570.webp\",\"width\":1200,\"height\":630},{\"@type\":\"BreadcrumbList\",\"@id\":\"https:\/\/elkaminante.com.uy\/paquetes\/roma-y-florencia\/#breadcrumb\",\"itemListElement\":[{\"@type\":\"ListItem\",\"position\":1,\"name\":\"Inicio\",\"item\":\"https:\/\/elkaminante.com.uy\/en\/\"},{\"@type\":\"ListItem\",\"position\":2,\"name\":\"Viajes por el mundo\",\"item\":\"https:\/\/elkaminante.com.uy\/en\/paquetes\/\"},{\"@type\":\"ListItem\",\"position\":3,\"name\":\"Roma y Florencia\"}]},{\"@type\":\"WebSite\",\"@id\":\"https:\/\/elkaminante.com.uy\/#website\",\"url\":\"https:\/\/elkaminante.com.uy\/\",\"name\":\"El Kaminante\",\"description\":\"Viajes &amp; Turismo\",\"publisher\":{\"@id\":\"https:\/\/elkaminante.com.uy\/#organization\"},\"potentialAction\":[{\"@type\":\"SearchAction\",\"target\":{\"@type\":\"EntryPoint\",\"urlTemplate\":\"https:\/\/elkaminante.com.uy\/?s={search_term_string}\"},\"query-input\":{\"@type\":\"PropertyValueSpecification\",\"valueRequired\":true,\"valueName\":\"search_term_string\"}}],\"inLanguage\":\"en-US\"},{\"@type\":\"Organization\",\"@id\":\"https:\/\/elkaminante.com.uy\/#organization\",\"name\":\"El Kaminante\",\"url\":\"https:\/\/elkaminante.com.uy\/\",\"logo\":{\"@type\":\"ImageObject\",\"inLanguage\":\"en-US\",\"@id\":\"https:\/\/elkaminante.com.uy\/#\/schema\/logo\/image\/\",\"url\":\"https:\/\/elkaminante.com.uy\/wp-content\/uploads\/2025\/02\/logo-elkaminante-blanco.svg\",\"contentUrl\":\"https:\/\/elkaminante.com.uy\/wp-content\/uploads\/2025\/02\/logo-elkaminante-blanco.svg\",\"caption\":\"El Kaminante\"},\"image\":{\"@id\":\"https:\/\/elkaminante.com.uy\/#\/schema\/logo\/image\/\"}}]}<\/script>\n<!-- \/ Yoast SEO plugin. -->","yoast_head_json":{"title":"Roma y Florencia - El Kaminante","robots":{"index":"index","follow":"follow","max-snippet":"max-snippet:-1","max-image-preview":"max-image-preview:large","max-video-preview":"max-video-preview:-1"},"canonical":"https:\/\/elkaminante.com.uy\/paquetes\/roma-y-florencia\/","og_locale":"en_US","og_type":"article","og_title":"Roma y Florencia - El Kaminante","og_description":"Visitar Roma es embarcarse en un paseo por la Historia. La Capital del T\u00edber, el r\u00edo al que debe la existencia la ciudad y que estaba presente ya en la f\u00e1bula de R\u00f3mulo y Remo que explica la fundaci\u00f3n de Roma, es un museo en s\u00ed mismo. Elegir qu\u00e9 ver en la ciudad le llevar\u00e1 tiempo: arte, arquitectura, restos arqueol\u00f3gicos y el Estado del Vaticano -ciudad estado que se encuentra dentro de Roma- salpican cada rinc\u00f3n de la capital de Italia. Principales atractivos tur\u00edsticos: Plaza de Espa\u00f1a, Iglesia de Trinit\u00e1 dei Monti, Plaza Navona, Fontana di Trevi, el barrio Trast\u00e9vere, Isla Tibernia, el Tempo de Esculapio, Foro Romano, Arco de Tito, Coliseo, la V\u00eda Sacra, el Pante\u00f3n, el Ciro M\u00e1ximo, la Plaza de Venecia, el Palazzo Senatorio, el Vaticano, con la columnata, la Capilla Sixtina, la Bas\u00edlica de San Pedro y la Piedad de Miguel \u00c1ngel entre otros.Hablar del Renacimiento es hablar de gran parte de las atracciones tur\u00edsticas que hay que ver en Florencia. La ciudad, capital de la Toscana, es una de las cunas mundiales del arte, en todas sus expresiones: pintura, escultura y arquitectura. Y su nombre est\u00e1 unido al de los grandes creadores del siglo XV: Leonardo da Vinci, Miguel \u00c1ngel, Botticelli, Dante... Principales atractivos tur\u00edsticos:la Galer\u00eda Uffizi, el David de Miguel \u00c1ngel, la Academia, la Plaza de la Signoria, el Palazzo Vecchio, la Bas\u00edlica de Santa Mar\u00eda dei Fiore, el Campanile de Giotto, el Ponte Vecchio, las Capillas de los M\u00e9dici y el mercado de San Lorenzo entre otros.Ubicado en Europa mediterr\u00e1nea, Italia es uno de los pa\u00edses europeos de gran importancia tur\u00edstica tanto por su gran cantidad de historia como por su peculiar tradici\u00f3n y gastronom\u00eda, convirti\u00e9ndolo en uno de los lugares m\u00e1s populares para hacer turismo. Est\u00e1 dividido en cinco regiones geogr\u00e1ficas, y entre las ciudades m\u00e1s populares que posee son Roma, Mil\u00e1n, Venecia, Florencia, Bolonia, N\u00e1poles y Pisa, adem\u00e1s de contar con las islas de Sicilia y Cerde\u00f1a.Su gastronom\u00eda es uno de los aspectos que m\u00e1s atraen a los turistas, la variedad y distinci\u00f3n de platillos est\u00e1n a lo largo del pa\u00eds, siempre con una caracter\u00edstica regional. En este pa\u00eds el rubro con mayor popularidad a nivel mundial es la moda, con gran cantidad de marcas de vestido y calzado, adem\u00e1s del sector automovil\u00edstico.","og_url":"https:\/\/elkaminante.com.uy\/paquetes\/roma-y-florencia\/","og_site_name":"El Kaminante","article_modified_time":"2026-04-17T12:39:35+00:00","og_image":[{"width":1200,"height":630,"url":"https:\/\/elkaminante.com.uy\/wp-content\/uploads\/2025\/06\/PAQ570.webp","type":"image\/webp"}],"twitter_card":"summary_large_image","schema":{"@context":"https:\/\/schema.org","@graph":[{"@type":"WebPage","@id":"https:\/\/elkaminante.com.uy\/paquetes\/roma-y-florencia\/","url":"https:\/\/elkaminante.com.uy\/paquetes\/roma-y-florencia\/","name":"Roma y Florencia - El Kaminante","isPartOf":{"@id":"https:\/\/elkaminante.com.uy\/#website"},"primaryImageOfPage":{"@id":"https:\/\/elkaminante.com.uy\/paquetes\/roma-y-florencia\/#primaryimage"},"image":{"@id":"https:\/\/elkaminante.com.uy\/paquetes\/roma-y-florencia\/#primaryimage"},"thumbnailUrl":"https:\/\/elkaminante.com.uy\/wp-content\/uploads\/2025\/06\/PAQ570.webp","datePublished":"2025-06-16T23:22:58+00:00","dateModified":"2026-04-17T12:39:35+00:00","breadcrumb":{"@id":"https:\/\/elkaminante.com.uy\/paquetes\/roma-y-florencia\/#breadcrumb"},"inLanguage":"en-US","potentialAction":[{"@type":"ReadAction","target":["https:\/\/elkaminante.com.uy\/paquetes\/roma-y-florencia\/"]}]},{"@type":"ImageObject","inLanguage":"en-US","@id":"https:\/\/elkaminante.com.uy\/paquetes\/roma-y-florencia\/#primaryimage","url":"https:\/\/elkaminante.com.uy\/wp-content\/uploads\/2025\/06\/PAQ570.webp","contentUrl":"https:\/\/elkaminante.com.uy\/wp-content\/uploads\/2025\/06\/PAQ570.webp","width":1200,"height":630},{"@type":"BreadcrumbList","@id":"https:\/\/elkaminante.com.uy\/paquetes\/roma-y-florencia\/#breadcrumb","itemListElement":[{"@type":"ListItem","position":1,"name":"Inicio","item":"https:\/\/elkaminante.com.uy\/en\/"},{"@type":"ListItem","position":2,"name":"Viajes por el mundo","item":"https:\/\/elkaminante.com.uy\/en\/paquetes\/"},{"@type":"ListItem","position":3,"name":"Roma y Florencia"}]},{"@type":"WebSite","@id":"https:\/\/elkaminante.com.uy\/#website","url":"https:\/\/elkaminante.com.uy\/","name":"El Kaminante","description":"Viajes &amp; Turismo","publisher":{"@id":"https:\/\/elkaminante.com.uy\/#organization"},"potentialAction":[{"@type":"SearchAction","target":{"@type":"EntryPoint","urlTemplate":"https:\/\/elkaminante.com.uy\/?s={search_term_string}"},"query-input":{"@type":"PropertyValueSpecification","valueRequired":true,"valueName":"search_term_string"}}],"inLanguage":"en-US"},{"@type":"Organization","@id":"https:\/\/elkaminante.com.uy\/#organization","name":"El Kaminante","url":"https:\/\/elkaminante.com.uy\/","logo":{"@type":"ImageObject","inLanguage":"en-US","@id":"https:\/\/elkaminante.com.uy\/#\/schema\/logo\/image\/","url":"https:\/\/elkaminante.com.uy\/wp-content\/uploads\/2025\/02\/logo-elkaminante-blanco.svg","contentUrl":"https:\/\/elkaminante.com.uy\/wp-content\/uploads\/2025\/02\/logo-elkaminante-blanco.svg","caption":"El Kaminante"},"image":{"@id":"https:\/\/elkaminante.com.uy\/#\/schema\/logo\/image\/"}}]}},"_links":{"self":[{"href":"https:\/\/elkaminante.com.uy\/en\/wp-json\/wp\/v2\/product\/11777","targetHints":{"allow":["GET"]}}],"collection":[{"href":"https:\/\/elkaminante.com.uy\/en\/wp-json\/wp\/v2\/product"}],"about":[{"href":"https:\/\/elkaminante.com.uy\/en\/wp-json\/wp\/v2\/types\/product"}],"wp:featuredmedia":[{"embeddable":true,"href":"https:\/\/elkaminante.com.uy\/en\/wp-json\/wp\/v2\/media\/11775"}],"wp:attachment":[{"href":"https:\/\/elkaminante.com.uy\/en\/wp-json\/wp\/v2\/media?parent=11777"}],"wp:term":[{"taxonomy":"product_brand","embeddable":true,"href":"https:\/\/elkaminante.com.uy\/en\/wp-json\/wp\/v2\/product_brand?post=11777"},{"taxonomy":"product_cat","embeddable":true,"href":"https:\/\/elkaminante.com.uy\/en\/wp-json\/wp\/v2\/product_cat?post=11777"},{"taxonomy":"product_tag","embeddable":true,"href":"https:\/\/elkaminante.com.uy\/en\/wp-json\/wp\/v2\/product_tag?post=11777"}],"curies":[{"name":"wp","href":"https:\/\/api.w.org\/{rel}","templated":true}]}}