{"id":11673,"date":"2025-06-16T20:21:44","date_gmt":"2025-06-16T23:21:44","guid":{"rendered":"https:\/\/elkaminante.com.uy\/paquetes\/europa-clasica-en-tren\/"},"modified":"2026-04-17T09:39:34","modified_gmt":"2026-04-17T12:39:34","slug":"europa-clasica-en-tren","status":"publish","type":"product","link":"https:\/\/elkaminante.com.uy\/en\/paquetes\/europa-clasica-en-tren\/","title":{"rendered":"Europa cl\u00e1sica en tren"},"content":{"rendered":"","protected":false},"excerpt":{"rendered":"<p><b>Madrid<\/b>, Espa\u00f1a, es algo m\u00e1s que la capital del pa\u00eds. Es una de las ciudades tur\u00edsticas m\u00e1s importantes de la Pen\u00ednsula Ib\u00e9rica. En esta ciudad podr\u00e1 admirar los monumentos que se construyeron en los siglos XVI y XVII y XVIII y hacen de Madrid una de las ciudades m\u00e1s interesantes y bellas de Europa. Turismo en este centro hist\u00f3rico es pasear por callejuelas estrechas que destilan el aroma del siglo XVI, cuando \u201cen Espa\u00f1a nunca se pon\u00eda el sol&#8221;, disfrutar de su gente, sus barrios, su gastronom\u00eda y dejarse enamorar por esta cosmopolita y gran ciudad. <i>Principales atractivos tur\u00edsticos:<\/i>la Plaza Mayor, el Mercado de San Miguel, la Puerta del Sol, la calle Preciados, el Palacio Real, la Plaza de Oriente, la Catedral de la Almudena, la Plaza de Espa\u00f1a, el Templo de Debod, la Castellana, la Gran V\u00eda, Callao, La Cibeles, el Banco de Espa\u00f1a, la Puerta de Alcal\u00e1, el Parque del Retiro, el Museo del Prado y el Museo Reina Sof\u00eda, entre otros.<\/p>\n<p><b>Par\u00eds<\/b>, Francia es una de las ciudades de Europa que mejor a\u00fanan el romanticismo, el arte, la cultura y los monumentos. Descubra todo lo que puede ofrecer Par\u00eds, la Ciudad del Amor y de la Luz. Est\u00e1 dividido en 20 distritos o arrondissements, en los que se encuentran importante sitios tur\u00edsticos, barrios parisinos y diversos lugares por visitar. La gastronom\u00eda de Par\u00eds re\u00fane diversas culturas y destaca por la preparaci\u00f3n de exquisitos y diversos platillos gourmet, as\u00ed como elaborados y reconocidos postres. Repleta de historia, imponentes monumentos, lena de bohemia, es una ciudad para dejarse perder y fascinar. <i>Principales atractivos tur\u00edsticos:<\/i>la Torre Eiffel, los Campos El\u00edseos, el Arco de Triunfo, la Catedral de Notre Dame (en restauraci\u00f3n), la llama del Soldado Desconocido, el r\u00edo Sena, la plaza de la Concordia, la Opera, el Palacio de Versalles, el Obelisco de L\u00faxor, la Plaza Vendome, Los Inv\u00e1lidos, la capilla de San Luis, el Louvre, la Universidad de la Sorbona, el barrio latino, la plaza de San Miguel, El Centro Pompidou, el centro Orsay, Montmartre, el Moulin Rouge y la bas\u00edlica del Sagrado Coraz\u00f3n entre otros. <\/p>\n<p><b>Londres<\/b> es una ciudad apasionante, con un ambiente \u00fanico, una mezcla entre lo m\u00e1s tradicional de los ingleses y la modernidad de una ciudad a la vanguardia, pero sin olvidar la herencia del imperio brit\u00e1nico, que ha propiciado en esta ciudad una mezcla cultural que te sorprender\u00e1 en cada esquina.Es una de las resaltantes ciudades de Europa, capital de Inglaterra y de Reino Unido; es una ciudad cuya historia data de milenios atr\u00e1s y fue fundada originalmente bajo el nombre de Londinium, guardando hasta la actualidad lo m\u00e1s importante de su cultura y tradiciones medievales. <i>Principales atractivos tur\u00edsticos:<\/i> Big Ben, la Torre de Londres, la Abad\u00eda de Westminster, la Catedral de St. Paul, el Museo Madame Tussaud, el Palacio de Buckingham, el Palacio de Kensington, Piccadilly Circus, el Hyde Park, Borough Market y el barrio Notting Hill entre otros.<\/p>\n","protected":false},"featured_media":11671,"template":"","meta":{"_acf_changed":false,"inline_featured_image":false},"product_brand":[],"product_cat":[28,1579],"product_tag":[150,2067,2068,2018,123,124,3660,160,588,142,504,502,117,278,3110,125,126,143,507,129,145,505,141,503,539,120,3282,127,128,144,508,130,146,506,119],"class_list":{"0":"post-11673","1":"product","2":"type-product","3":"status-publish","4":"has-post-thumbnail","6":"product_cat-paquetes","7":"product_cat-uruguay","8":"product_tag-barcelona","9":"product_tag-en-circuito-europa-solo-descripcion","10":"product_tag-en-europa","11":"product_tag-en-mayo","12":"product_tag-espana","13":"product_tag-europa","14":"product_tag-europa-clasica-en-tren","15":"product_tag-europa-en-circuito-europa-solo-descripcion","16":"product_tag-europa-en-mayo","17":"product_tag-francia","18":"product_tag-inglaterra","19":"product_tag-londres","20":"product_tag-madrid","21":"product_tag-mayo","22":"product_tag-mayo-2026road-trip","23":"product_tag-paquetes-a-espana","24":"product_tag-paquetes-a-europa","25":"product_tag-paquetes-a-francia","26":"product_tag-paquetes-a-londres","27":"product_tag-paquetes-a-madrid","28":"product_tag-paquetes-a-paris","29":"product_tag-paquetes-a-reino-unido","30":"product_tag-paris","31":"product_tag-reino-unido","32":"product_tag-road-trip","33":"product_tag-sin-comidas","34":"product_tag-temporada-baja","35":"product_tag-viajes-a-espana","36":"product_tag-viajes-a-europa","37":"product_tag-viajes-a-francia","38":"product_tag-viajes-a-londres","39":"product_tag-viajes-a-madrid","40":"product_tag-viajes-a-paris","41":"product_tag-viajes-a-reino-unido","42":"product_tag-vuelo-y-hotel","43":"entry","44":"has-media","46":"first","47":"instock","48":"shipping-taxable","49":"purchasable","50":"product-type-simple"},"acf":[],"yoast_head":"<!-- This site is optimized with the Yoast SEO plugin v27.2 - https:\/\/yoast.com\/product\/yoast-seo-wordpress\/ -->\n<title>Europa cl\u00e1sica en tren - El Kaminante<\/title>\n<meta name=\"robots\" content=\"index, follow, max-snippet:-1, max-image-preview:large, max-video-preview:-1\" \/>\n<link rel=\"canonical\" href=\"https:\/\/elkaminante.com.uy\/paquetes\/europa-clasica-en-tren\/\" \/>\n<meta property=\"og:locale\" content=\"en_US\" \/>\n<meta property=\"og:type\" content=\"article\" \/>\n<meta property=\"og:title\" content=\"Europa cl\u00e1sica en tren - El Kaminante\" \/>\n<meta property=\"og:description\" content=\"Madrid, Espa\u00f1a, es algo m\u00e1s que la capital del pa\u00eds. Es una de las ciudades tur\u00edsticas m\u00e1s importantes de la Pen\u00ednsula Ib\u00e9rica. En esta ciudad podr\u00e1 admirar los monumentos que se construyeron en los siglos XVI y XVII y XVIII y hacen de Madrid una de las ciudades m\u00e1s interesantes y bellas de Europa. Turismo en este centro hist\u00f3rico es pasear por callejuelas estrechas que destilan el aroma del siglo XVI, cuando \u201cen Espa\u00f1a nunca se pon\u00eda el sol&quot;, disfrutar de su gente, sus barrios, su gastronom\u00eda y dejarse enamorar por esta cosmopolita y gran ciudad. Principales atractivos tur\u00edsticos:la Plaza Mayor, el Mercado de San Miguel, la Puerta del Sol, la calle Preciados, el Palacio Real, la Plaza de Oriente, la Catedral de la Almudena, la Plaza de Espa\u00f1a, el Templo de Debod, la Castellana, la Gran V\u00eda, Callao, La Cibeles, el Banco de Espa\u00f1a, la Puerta de Alcal\u00e1, el Parque del Retiro, el Museo del Prado y el Museo Reina Sof\u00eda, entre otros.Par\u00eds, Francia es una de las ciudades de Europa que mejor a\u00fanan el romanticismo, el arte, la cultura y los monumentos. Descubra todo lo que puede ofrecer Par\u00eds, la Ciudad del Amor y de la Luz. Est\u00e1 dividido en 20 distritos o arrondissements, en los que se encuentran importante sitios tur\u00edsticos, barrios parisinos y diversos lugares por visitar. La gastronom\u00eda de Par\u00eds re\u00fane diversas culturas y destaca por la preparaci\u00f3n de exquisitos y diversos platillos gourmet, as\u00ed como elaborados y reconocidos postres. Repleta de historia, imponentes monumentos, lena de bohemia, es una ciudad para dejarse perder y fascinar. Principales atractivos tur\u00edsticos:la Torre Eiffel, los Campos El\u00edseos, el Arco de Triunfo, la Catedral de Notre Dame (en restauraci\u00f3n), la llama del Soldado Desconocido, el r\u00edo Sena, la plaza de la Concordia, la Opera, el Palacio de Versalles, el Obelisco de L\u00faxor, la Plaza Vendome, Los Inv\u00e1lidos, la capilla de San Luis, el Louvre, la Universidad de la Sorbona, el barrio latino, la plaza de San Miguel, El Centro Pompidou, el centro Orsay, Montmartre, el Moulin Rouge y la bas\u00edlica del Sagrado Coraz\u00f3n entre otros.  Londres es una ciudad apasionante, con un ambiente \u00fanico, una mezcla entre lo m\u00e1s tradicional de los ingleses y la modernidad de una ciudad a la vanguardia, pero sin olvidar la herencia del imperio brit\u00e1nico, que ha propiciado en esta ciudad una mezcla cultural que te sorprender\u00e1 en cada esquina.Es una de las resaltantes ciudades de Europa, capital de Inglaterra y de Reino Unido; es una ciudad cuya historia data de milenios atr\u00e1s y fue fundada originalmente bajo el nombre de Londinium, guardando hasta la actualidad lo m\u00e1s importante de su cultura y tradiciones medievales. Principales atractivos tur\u00edsticos: Big Ben, la Torre de Londres, la Abad\u00eda de Westminster, la Catedral de St. Paul, el Museo Madame Tussaud, el Palacio de Buckingham, el Palacio de Kensington, Piccadilly Circus, el Hyde Park, Borough Market y el barrio Notting Hill entre otros.\" \/>\n<meta property=\"og:url\" content=\"https:\/\/elkaminante.com.uy\/paquetes\/europa-clasica-en-tren\/\" \/>\n<meta property=\"og:site_name\" content=\"El Kaminante\" \/>\n<meta property=\"article:modified_time\" content=\"2026-04-17T12:39:34+00:00\" \/>\n<meta property=\"og:image\" content=\"https:\/\/elkaminante.com.uy\/wp-content\/uploads\/2025\/06\/PAQ554.webp\" \/>\n\t<meta property=\"og:image:width\" content=\"1200\" \/>\n\t<meta property=\"og:image:height\" content=\"630\" \/>\n\t<meta property=\"og:image:type\" content=\"image\/webp\" \/>\n<meta name=\"twitter:card\" content=\"summary_large_image\" \/>\n<script type=\"application\/ld+json\" class=\"yoast-schema-graph\">{\"@context\":\"https:\/\/schema.org\",\"@graph\":[{\"@type\":\"WebPage\",\"@id\":\"https:\/\/elkaminante.com.uy\/paquetes\/europa-clasica-en-tren\/\",\"url\":\"https:\/\/elkaminante.com.uy\/paquetes\/europa-clasica-en-tren\/\",\"name\":\"Europa cl\u00e1sica en tren - El Kaminante\",\"isPartOf\":{\"@id\":\"https:\/\/elkaminante.com.uy\/#website\"},\"primaryImageOfPage\":{\"@id\":\"https:\/\/elkaminante.com.uy\/paquetes\/europa-clasica-en-tren\/#primaryimage\"},\"image\":{\"@id\":\"https:\/\/elkaminante.com.uy\/paquetes\/europa-clasica-en-tren\/#primaryimage\"},\"thumbnailUrl\":\"https:\/\/elkaminante.com.uy\/wp-content\/uploads\/2025\/06\/PAQ554.webp\",\"datePublished\":\"2025-06-16T23:21:44+00:00\",\"dateModified\":\"2026-04-17T12:39:34+00:00\",\"breadcrumb\":{\"@id\":\"https:\/\/elkaminante.com.uy\/paquetes\/europa-clasica-en-tren\/#breadcrumb\"},\"inLanguage\":\"en-US\",\"potentialAction\":[{\"@type\":\"ReadAction\",\"target\":[\"https:\/\/elkaminante.com.uy\/paquetes\/europa-clasica-en-tren\/\"]}]},{\"@type\":\"ImageObject\",\"inLanguage\":\"en-US\",\"@id\":\"https:\/\/elkaminante.com.uy\/paquetes\/europa-clasica-en-tren\/#primaryimage\",\"url\":\"https:\/\/elkaminante.com.uy\/wp-content\/uploads\/2025\/06\/PAQ554.webp\",\"contentUrl\":\"https:\/\/elkaminante.com.uy\/wp-content\/uploads\/2025\/06\/PAQ554.webp\",\"width\":1200,\"height\":630},{\"@type\":\"BreadcrumbList\",\"@id\":\"https:\/\/elkaminante.com.uy\/paquetes\/europa-clasica-en-tren\/#breadcrumb\",\"itemListElement\":[{\"@type\":\"ListItem\",\"position\":1,\"name\":\"Inicio\",\"item\":\"https:\/\/elkaminante.com.uy\/en\/\"},{\"@type\":\"ListItem\",\"position\":2,\"name\":\"Viajes por el mundo\",\"item\":\"https:\/\/elkaminante.com.uy\/en\/paquetes\/\"},{\"@type\":\"ListItem\",\"position\":3,\"name\":\"Europa cl\u00e1sica en tren\"}]},{\"@type\":\"WebSite\",\"@id\":\"https:\/\/elkaminante.com.uy\/#website\",\"url\":\"https:\/\/elkaminante.com.uy\/\",\"name\":\"El Kaminante\",\"description\":\"Viajes &amp; Turismo\",\"publisher\":{\"@id\":\"https:\/\/elkaminante.com.uy\/#organization\"},\"potentialAction\":[{\"@type\":\"SearchAction\",\"target\":{\"@type\":\"EntryPoint\",\"urlTemplate\":\"https:\/\/elkaminante.com.uy\/?s={search_term_string}\"},\"query-input\":{\"@type\":\"PropertyValueSpecification\",\"valueRequired\":true,\"valueName\":\"search_term_string\"}}],\"inLanguage\":\"en-US\"},{\"@type\":\"Organization\",\"@id\":\"https:\/\/elkaminante.com.uy\/#organization\",\"name\":\"El Kaminante\",\"url\":\"https:\/\/elkaminante.com.uy\/\",\"logo\":{\"@type\":\"ImageObject\",\"inLanguage\":\"en-US\",\"@id\":\"https:\/\/elkaminante.com.uy\/#\/schema\/logo\/image\/\",\"url\":\"https:\/\/elkaminante.com.uy\/wp-content\/uploads\/2025\/02\/logo-elkaminante-blanco.svg\",\"contentUrl\":\"https:\/\/elkaminante.com.uy\/wp-content\/uploads\/2025\/02\/logo-elkaminante-blanco.svg\",\"caption\":\"El Kaminante\"},\"image\":{\"@id\":\"https:\/\/elkaminante.com.uy\/#\/schema\/logo\/image\/\"}}]}<\/script>\n<!-- \/ Yoast SEO plugin. -->","yoast_head_json":{"title":"Europa cl\u00e1sica en tren - El Kaminante","robots":{"index":"index","follow":"follow","max-snippet":"max-snippet:-1","max-image-preview":"max-image-preview:large","max-video-preview":"max-video-preview:-1"},"canonical":"https:\/\/elkaminante.com.uy\/paquetes\/europa-clasica-en-tren\/","og_locale":"en_US","og_type":"article","og_title":"Europa cl\u00e1sica en tren - El Kaminante","og_description":"Madrid, Espa\u00f1a, es algo m\u00e1s que la capital del pa\u00eds. Es una de las ciudades tur\u00edsticas m\u00e1s importantes de la Pen\u00ednsula Ib\u00e9rica. En esta ciudad podr\u00e1 admirar los monumentos que se construyeron en los siglos XVI y XVII y XVIII y hacen de Madrid una de las ciudades m\u00e1s interesantes y bellas de Europa. Turismo en este centro hist\u00f3rico es pasear por callejuelas estrechas que destilan el aroma del siglo XVI, cuando \u201cen Espa\u00f1a nunca se pon\u00eda el sol\", disfrutar de su gente, sus barrios, su gastronom\u00eda y dejarse enamorar por esta cosmopolita y gran ciudad. Principales atractivos tur\u00edsticos:la Plaza Mayor, el Mercado de San Miguel, la Puerta del Sol, la calle Preciados, el Palacio Real, la Plaza de Oriente, la Catedral de la Almudena, la Plaza de Espa\u00f1a, el Templo de Debod, la Castellana, la Gran V\u00eda, Callao, La Cibeles, el Banco de Espa\u00f1a, la Puerta de Alcal\u00e1, el Parque del Retiro, el Museo del Prado y el Museo Reina Sof\u00eda, entre otros.Par\u00eds, Francia es una de las ciudades de Europa que mejor a\u00fanan el romanticismo, el arte, la cultura y los monumentos. Descubra todo lo que puede ofrecer Par\u00eds, la Ciudad del Amor y de la Luz. Est\u00e1 dividido en 20 distritos o arrondissements, en los que se encuentran importante sitios tur\u00edsticos, barrios parisinos y diversos lugares por visitar. La gastronom\u00eda de Par\u00eds re\u00fane diversas culturas y destaca por la preparaci\u00f3n de exquisitos y diversos platillos gourmet, as\u00ed como elaborados y reconocidos postres. Repleta de historia, imponentes monumentos, lena de bohemia, es una ciudad para dejarse perder y fascinar. Principales atractivos tur\u00edsticos:la Torre Eiffel, los Campos El\u00edseos, el Arco de Triunfo, la Catedral de Notre Dame (en restauraci\u00f3n), la llama del Soldado Desconocido, el r\u00edo Sena, la plaza de la Concordia, la Opera, el Palacio de Versalles, el Obelisco de L\u00faxor, la Plaza Vendome, Los Inv\u00e1lidos, la capilla de San Luis, el Louvre, la Universidad de la Sorbona, el barrio latino, la plaza de San Miguel, El Centro Pompidou, el centro Orsay, Montmartre, el Moulin Rouge y la bas\u00edlica del Sagrado Coraz\u00f3n entre otros.  Londres es una ciudad apasionante, con un ambiente \u00fanico, una mezcla entre lo m\u00e1s tradicional de los ingleses y la modernidad de una ciudad a la vanguardia, pero sin olvidar la herencia del imperio brit\u00e1nico, que ha propiciado en esta ciudad una mezcla cultural que te sorprender\u00e1 en cada esquina.Es una de las resaltantes ciudades de Europa, capital de Inglaterra y de Reino Unido; es una ciudad cuya historia data de milenios atr\u00e1s y fue fundada originalmente bajo el nombre de Londinium, guardando hasta la actualidad lo m\u00e1s importante de su cultura y tradiciones medievales. Principales atractivos tur\u00edsticos: Big Ben, la Torre de Londres, la Abad\u00eda de Westminster, la Catedral de St. Paul, el Museo Madame Tussaud, el Palacio de Buckingham, el Palacio de Kensington, Piccadilly Circus, el Hyde Park, Borough Market y el barrio Notting Hill entre otros.","og_url":"https:\/\/elkaminante.com.uy\/paquetes\/europa-clasica-en-tren\/","og_site_name":"El Kaminante","article_modified_time":"2026-04-17T12:39:34+00:00","og_image":[{"width":1200,"height":630,"url":"https:\/\/elkaminante.com.uy\/wp-content\/uploads\/2025\/06\/PAQ554.webp","type":"image\/webp"}],"twitter_card":"summary_large_image","schema":{"@context":"https:\/\/schema.org","@graph":[{"@type":"WebPage","@id":"https:\/\/elkaminante.com.uy\/paquetes\/europa-clasica-en-tren\/","url":"https:\/\/elkaminante.com.uy\/paquetes\/europa-clasica-en-tren\/","name":"Europa cl\u00e1sica en tren - El Kaminante","isPartOf":{"@id":"https:\/\/elkaminante.com.uy\/#website"},"primaryImageOfPage":{"@id":"https:\/\/elkaminante.com.uy\/paquetes\/europa-clasica-en-tren\/#primaryimage"},"image":{"@id":"https:\/\/elkaminante.com.uy\/paquetes\/europa-clasica-en-tren\/#primaryimage"},"thumbnailUrl":"https:\/\/elkaminante.com.uy\/wp-content\/uploads\/2025\/06\/PAQ554.webp","datePublished":"2025-06-16T23:21:44+00:00","dateModified":"2026-04-17T12:39:34+00:00","breadcrumb":{"@id":"https:\/\/elkaminante.com.uy\/paquetes\/europa-clasica-en-tren\/#breadcrumb"},"inLanguage":"en-US","potentialAction":[{"@type":"ReadAction","target":["https:\/\/elkaminante.com.uy\/paquetes\/europa-clasica-en-tren\/"]}]},{"@type":"ImageObject","inLanguage":"en-US","@id":"https:\/\/elkaminante.com.uy\/paquetes\/europa-clasica-en-tren\/#primaryimage","url":"https:\/\/elkaminante.com.uy\/wp-content\/uploads\/2025\/06\/PAQ554.webp","contentUrl":"https:\/\/elkaminante.com.uy\/wp-content\/uploads\/2025\/06\/PAQ554.webp","width":1200,"height":630},{"@type":"BreadcrumbList","@id":"https:\/\/elkaminante.com.uy\/paquetes\/europa-clasica-en-tren\/#breadcrumb","itemListElement":[{"@type":"ListItem","position":1,"name":"Inicio","item":"https:\/\/elkaminante.com.uy\/en\/"},{"@type":"ListItem","position":2,"name":"Viajes por el mundo","item":"https:\/\/elkaminante.com.uy\/en\/paquetes\/"},{"@type":"ListItem","position":3,"name":"Europa cl\u00e1sica en tren"}]},{"@type":"WebSite","@id":"https:\/\/elkaminante.com.uy\/#website","url":"https:\/\/elkaminante.com.uy\/","name":"El Kaminante","description":"Viajes &amp; Turismo","publisher":{"@id":"https:\/\/elkaminante.com.uy\/#organization"},"potentialAction":[{"@type":"SearchAction","target":{"@type":"EntryPoint","urlTemplate":"https:\/\/elkaminante.com.uy\/?s={search_term_string}"},"query-input":{"@type":"PropertyValueSpecification","valueRequired":true,"valueName":"search_term_string"}}],"inLanguage":"en-US"},{"@type":"Organization","@id":"https:\/\/elkaminante.com.uy\/#organization","name":"El Kaminante","url":"https:\/\/elkaminante.com.uy\/","logo":{"@type":"ImageObject","inLanguage":"en-US","@id":"https:\/\/elkaminante.com.uy\/#\/schema\/logo\/image\/","url":"https:\/\/elkaminante.com.uy\/wp-content\/uploads\/2025\/02\/logo-elkaminante-blanco.svg","contentUrl":"https:\/\/elkaminante.com.uy\/wp-content\/uploads\/2025\/02\/logo-elkaminante-blanco.svg","caption":"El Kaminante"},"image":{"@id":"https:\/\/elkaminante.com.uy\/#\/schema\/logo\/image\/"}}]}},"_links":{"self":[{"href":"https:\/\/elkaminante.com.uy\/en\/wp-json\/wp\/v2\/product\/11673","targetHints":{"allow":["GET"]}}],"collection":[{"href":"https:\/\/elkaminante.com.uy\/en\/wp-json\/wp\/v2\/product"}],"about":[{"href":"https:\/\/elkaminante.com.uy\/en\/wp-json\/wp\/v2\/types\/product"}],"wp:featuredmedia":[{"embeddable":true,"href":"https:\/\/elkaminante.com.uy\/en\/wp-json\/wp\/v2\/media\/11671"}],"wp:attachment":[{"href":"https:\/\/elkaminante.com.uy\/en\/wp-json\/wp\/v2\/media?parent=11673"}],"wp:term":[{"taxonomy":"product_brand","embeddable":true,"href":"https:\/\/elkaminante.com.uy\/en\/wp-json\/wp\/v2\/product_brand?post=11673"},{"taxonomy":"product_cat","embeddable":true,"href":"https:\/\/elkaminante.com.uy\/en\/wp-json\/wp\/v2\/product_cat?post=11673"},{"taxonomy":"product_tag","embeddable":true,"href":"https:\/\/elkaminante.com.uy\/en\/wp-json\/wp\/v2\/product_tag?post=11673"}],"curies":[{"name":"wp","href":"https:\/\/api.w.org\/{rel}","templated":true}]}}