{"id":11656,"date":"2025-06-16T20:21:33","date_gmt":"2025-06-16T23:21:33","guid":{"rendered":"https:\/\/elkaminante.com.uy\/paquetes\/grecia-bulgaria-y-rumania\/"},"modified":"2026-04-17T09:39:34","modified_gmt":"2026-04-17T12:39:34","slug":"grecia-bulgaria-y-rumania","status":"publish","type":"product","link":"https:\/\/elkaminante.com.uy\/en\/paquetes\/grecia-bulgaria-y-rumania\/","title":{"rendered":"Grecia, Bulgaria y Rumania"},"content":{"rendered":"","protected":false},"excerpt":{"rendered":"<p><b>Grecia<\/b> es uno de los pa\u00edses m\u00e1s impresionantes de Europa, porque posee una vastedad de lugares tur\u00edsticos y espacios culturales, que encierran gran parte de la historia de la Antigua Grecia, cuna de la civilizaci\u00f3n occidental. La ubicaci\u00f3n geogr\u00e1fica de Grecia ofrece paisajes de aguas cristalinas y azules infinitos, la cultura, arte, costumbres y festividades se entremezclan con su singular arquitectura, mitolog\u00eda, y amable hospitalidad; formando una experiencia de ensue\u00f1o para cualquier turista. <i>Principales atractivos tur\u00edsticos:<\/i>la Acr\u00f3polis de Atenas y el Parten\u00f3n, Mykonos, Lindos, la villa medieval, el teatro de Delfos, la playa de Navagio, los monasterios de Meteora y la rom\u00e1ntica Santorini, entre otros.<\/p>\n<p>Bulgaria es un destino fascinante que combina la riqueza cultural con impresionantes paisajes naturales. Un viaje all\u00ed te sumerge en la historia de sus antiguas ciudades, como Sof\u00eda y Plovdiv, con sus monumentos hist\u00f3ricos y encantadoras calles empedradas. Adem\u00e1s, sus monta\u00f1as ofrecen oportunidades para practicar deportes de invierno, mientras que la costa del Mar Negro atrae con sus playas y vida nocturna. Con una gastronom\u00eda deliciosa y gente hospitalaria, Bulgaria cautiva con su mezcla \u00fanica de tradici\u00f3n y modernidad en un entorno sorprendentemente asequible.<\/p>\n","protected":false},"featured_media":11654,"template":"","meta":{"_acf_changed":false,"inline_featured_image":false},"product_brand":[],"product_cat":[28,1579],"product_tag":[562,3813,2625,1301,3090,568,2207,124,1680,62,682,1817,687,2704,424,65,1302,126,683,2997,3088,667,666,61,2996,3087,3089,1303,128,684,63],"class_list":{"0":"post-11656","1":"product","2":"type-product","3":"status-publish","4":"has-post-thumbnail","6":"product_cat-paquetes","7":"product_cat-uruguay","8":"product_tag-agosto","9":"product_tag-agosto-setiembre-2026exoticos","10":"product_tag-atenas","11":"product_tag-bulgaria","12":"product_tag-bulgaria-y-rumania","13":"product_tag-en-agosto","14":"product_tag-en-grecia","15":"product_tag-europa","16":"product_tag-europamundo","17":"product_tag-exoticos","18":"product_tag-grecia","19":"product_tag-grecia-en-agosto","20":"product_tag-grecia-en-grecia","21":"product_tag-kalambaca","22":"product_tag-media-pension","23":"product_tag-no-aplica","24":"product_tag-paquetes-a-bulgaria","25":"product_tag-paquetes-a-europa","26":"product_tag-paquetes-a-grecia","27":"product_tag-plovdiv","28":"product_tag-sandansky","29":"product_tag-septiembre","30":"product_tag-setiembre","31":"product_tag-sin-destino","32":"product_tag-sofia","33":"product_tag-tesalonica","34":"product_tag-veliko-tarnovo-y-bucarest","35":"product_tag-viajes-a-bulgaria","36":"product_tag-viajes-a-europa","37":"product_tag-viajes-a-grecia","38":"product_tag-vuelo-y-circuito","39":"entry","40":"has-media","42":"first","43":"instock","44":"shipping-taxable","45":"purchasable","46":"product-type-simple"},"acf":[],"yoast_head":"<!-- This site is optimized with the Yoast SEO plugin v27.2 - https:\/\/yoast.com\/product\/yoast-seo-wordpress\/ -->\n<title>Grecia, Bulgaria y Rumania - El Kaminante<\/title>\n<meta name=\"robots\" content=\"index, follow, max-snippet:-1, max-image-preview:large, max-video-preview:-1\" \/>\n<link rel=\"canonical\" href=\"https:\/\/elkaminante.com.uy\/paquetes\/grecia-bulgaria-y-rumania\/\" \/>\n<meta property=\"og:locale\" content=\"en_US\" \/>\n<meta property=\"og:type\" content=\"article\" \/>\n<meta property=\"og:title\" content=\"Grecia, Bulgaria y Rumania - El Kaminante\" \/>\n<meta property=\"og:description\" content=\"Grecia es uno de los pa\u00edses m\u00e1s impresionantes de Europa, porque posee una vastedad de lugares tur\u00edsticos y espacios culturales, que encierran gran parte de la historia de la Antigua Grecia, cuna de la civilizaci\u00f3n occidental. La ubicaci\u00f3n geogr\u00e1fica de Grecia ofrece paisajes de aguas cristalinas y azules infinitos, la cultura, arte, costumbres y festividades se entremezclan con su singular arquitectura, mitolog\u00eda, y amable hospitalidad; formando una experiencia de ensue\u00f1o para cualquier turista. Principales atractivos tur\u00edsticos:la Acr\u00f3polis de Atenas y el Parten\u00f3n, Mykonos, Lindos, la villa medieval, el teatro de Delfos, la playa de Navagio, los monasterios de Meteora y la rom\u00e1ntica Santorini, entre otros.Bulgaria es un destino fascinante que combina la riqueza cultural con impresionantes paisajes naturales. Un viaje all\u00ed te sumerge en la historia de sus antiguas ciudades, como Sof\u00eda y Plovdiv, con sus monumentos hist\u00f3ricos y encantadoras calles empedradas. Adem\u00e1s, sus monta\u00f1as ofrecen oportunidades para practicar deportes de invierno, mientras que la costa del Mar Negro atrae con sus playas y vida nocturna. Con una gastronom\u00eda deliciosa y gente hospitalaria, Bulgaria cautiva con su mezcla \u00fanica de tradici\u00f3n y modernidad en un entorno sorprendentemente asequible.\" \/>\n<meta property=\"og:url\" content=\"https:\/\/elkaminante.com.uy\/paquetes\/grecia-bulgaria-y-rumania\/\" \/>\n<meta property=\"og:site_name\" content=\"El Kaminante\" \/>\n<meta property=\"article:modified_time\" content=\"2026-04-17T12:39:34+00:00\" \/>\n<meta property=\"og:image\" content=\"https:\/\/elkaminante.com.uy\/wp-content\/uploads\/2025\/06\/PAQ546.webp\" \/>\n\t<meta property=\"og:image:width\" content=\"1200\" \/>\n\t<meta property=\"og:image:height\" content=\"630\" \/>\n\t<meta property=\"og:image:type\" content=\"image\/webp\" \/>\n<meta name=\"twitter:card\" content=\"summary_large_image\" \/>\n<script type=\"application\/ld+json\" class=\"yoast-schema-graph\">{\"@context\":\"https:\/\/schema.org\",\"@graph\":[{\"@type\":\"WebPage\",\"@id\":\"https:\/\/elkaminante.com.uy\/paquetes\/grecia-bulgaria-y-rumania\/\",\"url\":\"https:\/\/elkaminante.com.uy\/paquetes\/grecia-bulgaria-y-rumania\/\",\"name\":\"Grecia, Bulgaria y Rumania - El Kaminante\",\"isPartOf\":{\"@id\":\"https:\/\/elkaminante.com.uy\/#website\"},\"primaryImageOfPage\":{\"@id\":\"https:\/\/elkaminante.com.uy\/paquetes\/grecia-bulgaria-y-rumania\/#primaryimage\"},\"image\":{\"@id\":\"https:\/\/elkaminante.com.uy\/paquetes\/grecia-bulgaria-y-rumania\/#primaryimage\"},\"thumbnailUrl\":\"https:\/\/elkaminante.com.uy\/wp-content\/uploads\/2025\/06\/PAQ546.webp\",\"datePublished\":\"2025-06-16T23:21:33+00:00\",\"dateModified\":\"2026-04-17T12:39:34+00:00\",\"breadcrumb\":{\"@id\":\"https:\/\/elkaminante.com.uy\/paquetes\/grecia-bulgaria-y-rumania\/#breadcrumb\"},\"inLanguage\":\"en-US\",\"potentialAction\":[{\"@type\":\"ReadAction\",\"target\":[\"https:\/\/elkaminante.com.uy\/paquetes\/grecia-bulgaria-y-rumania\/\"]}]},{\"@type\":\"ImageObject\",\"inLanguage\":\"en-US\",\"@id\":\"https:\/\/elkaminante.com.uy\/paquetes\/grecia-bulgaria-y-rumania\/#primaryimage\",\"url\":\"https:\/\/elkaminante.com.uy\/wp-content\/uploads\/2025\/06\/PAQ546.webp\",\"contentUrl\":\"https:\/\/elkaminante.com.uy\/wp-content\/uploads\/2025\/06\/PAQ546.webp\",\"width\":1200,\"height\":630},{\"@type\":\"BreadcrumbList\",\"@id\":\"https:\/\/elkaminante.com.uy\/paquetes\/grecia-bulgaria-y-rumania\/#breadcrumb\",\"itemListElement\":[{\"@type\":\"ListItem\",\"position\":1,\"name\":\"Inicio\",\"item\":\"https:\/\/elkaminante.com.uy\/en\/\"},{\"@type\":\"ListItem\",\"position\":2,\"name\":\"Viajes por el mundo\",\"item\":\"https:\/\/elkaminante.com.uy\/en\/paquetes\/\"},{\"@type\":\"ListItem\",\"position\":3,\"name\":\"Grecia, Bulgaria y Rumania\"}]},{\"@type\":\"WebSite\",\"@id\":\"https:\/\/elkaminante.com.uy\/#website\",\"url\":\"https:\/\/elkaminante.com.uy\/\",\"name\":\"El Kaminante\",\"description\":\"Viajes &amp; Turismo\",\"publisher\":{\"@id\":\"https:\/\/elkaminante.com.uy\/#organization\"},\"potentialAction\":[{\"@type\":\"SearchAction\",\"target\":{\"@type\":\"EntryPoint\",\"urlTemplate\":\"https:\/\/elkaminante.com.uy\/?s={search_term_string}\"},\"query-input\":{\"@type\":\"PropertyValueSpecification\",\"valueRequired\":true,\"valueName\":\"search_term_string\"}}],\"inLanguage\":\"en-US\"},{\"@type\":\"Organization\",\"@id\":\"https:\/\/elkaminante.com.uy\/#organization\",\"name\":\"El Kaminante\",\"url\":\"https:\/\/elkaminante.com.uy\/\",\"logo\":{\"@type\":\"ImageObject\",\"inLanguage\":\"en-US\",\"@id\":\"https:\/\/elkaminante.com.uy\/#\/schema\/logo\/image\/\",\"url\":\"https:\/\/elkaminante.com.uy\/wp-content\/uploads\/2025\/02\/logo-elkaminante-blanco.svg\",\"contentUrl\":\"https:\/\/elkaminante.com.uy\/wp-content\/uploads\/2025\/02\/logo-elkaminante-blanco.svg\",\"caption\":\"El Kaminante\"},\"image\":{\"@id\":\"https:\/\/elkaminante.com.uy\/#\/schema\/logo\/image\/\"}}]}<\/script>\n<!-- \/ Yoast SEO plugin. -->","yoast_head_json":{"title":"Grecia, Bulgaria y Rumania - El Kaminante","robots":{"index":"index","follow":"follow","max-snippet":"max-snippet:-1","max-image-preview":"max-image-preview:large","max-video-preview":"max-video-preview:-1"},"canonical":"https:\/\/elkaminante.com.uy\/paquetes\/grecia-bulgaria-y-rumania\/","og_locale":"en_US","og_type":"article","og_title":"Grecia, Bulgaria y Rumania - El Kaminante","og_description":"Grecia es uno de los pa\u00edses m\u00e1s impresionantes de Europa, porque posee una vastedad de lugares tur\u00edsticos y espacios culturales, que encierran gran parte de la historia de la Antigua Grecia, cuna de la civilizaci\u00f3n occidental. La ubicaci\u00f3n geogr\u00e1fica de Grecia ofrece paisajes de aguas cristalinas y azules infinitos, la cultura, arte, costumbres y festividades se entremezclan con su singular arquitectura, mitolog\u00eda, y amable hospitalidad; formando una experiencia de ensue\u00f1o para cualquier turista. Principales atractivos tur\u00edsticos:la Acr\u00f3polis de Atenas y el Parten\u00f3n, Mykonos, Lindos, la villa medieval, el teatro de Delfos, la playa de Navagio, los monasterios de Meteora y la rom\u00e1ntica Santorini, entre otros.Bulgaria es un destino fascinante que combina la riqueza cultural con impresionantes paisajes naturales. Un viaje all\u00ed te sumerge en la historia de sus antiguas ciudades, como Sof\u00eda y Plovdiv, con sus monumentos hist\u00f3ricos y encantadoras calles empedradas. Adem\u00e1s, sus monta\u00f1as ofrecen oportunidades para practicar deportes de invierno, mientras que la costa del Mar Negro atrae con sus playas y vida nocturna. Con una gastronom\u00eda deliciosa y gente hospitalaria, Bulgaria cautiva con su mezcla \u00fanica de tradici\u00f3n y modernidad en un entorno sorprendentemente asequible.","og_url":"https:\/\/elkaminante.com.uy\/paquetes\/grecia-bulgaria-y-rumania\/","og_site_name":"El Kaminante","article_modified_time":"2026-04-17T12:39:34+00:00","og_image":[{"width":1200,"height":630,"url":"https:\/\/elkaminante.com.uy\/wp-content\/uploads\/2025\/06\/PAQ546.webp","type":"image\/webp"}],"twitter_card":"summary_large_image","schema":{"@context":"https:\/\/schema.org","@graph":[{"@type":"WebPage","@id":"https:\/\/elkaminante.com.uy\/paquetes\/grecia-bulgaria-y-rumania\/","url":"https:\/\/elkaminante.com.uy\/paquetes\/grecia-bulgaria-y-rumania\/","name":"Grecia, Bulgaria y Rumania - El Kaminante","isPartOf":{"@id":"https:\/\/elkaminante.com.uy\/#website"},"primaryImageOfPage":{"@id":"https:\/\/elkaminante.com.uy\/paquetes\/grecia-bulgaria-y-rumania\/#primaryimage"},"image":{"@id":"https:\/\/elkaminante.com.uy\/paquetes\/grecia-bulgaria-y-rumania\/#primaryimage"},"thumbnailUrl":"https:\/\/elkaminante.com.uy\/wp-content\/uploads\/2025\/06\/PAQ546.webp","datePublished":"2025-06-16T23:21:33+00:00","dateModified":"2026-04-17T12:39:34+00:00","breadcrumb":{"@id":"https:\/\/elkaminante.com.uy\/paquetes\/grecia-bulgaria-y-rumania\/#breadcrumb"},"inLanguage":"en-US","potentialAction":[{"@type":"ReadAction","target":["https:\/\/elkaminante.com.uy\/paquetes\/grecia-bulgaria-y-rumania\/"]}]},{"@type":"ImageObject","inLanguage":"en-US","@id":"https:\/\/elkaminante.com.uy\/paquetes\/grecia-bulgaria-y-rumania\/#primaryimage","url":"https:\/\/elkaminante.com.uy\/wp-content\/uploads\/2025\/06\/PAQ546.webp","contentUrl":"https:\/\/elkaminante.com.uy\/wp-content\/uploads\/2025\/06\/PAQ546.webp","width":1200,"height":630},{"@type":"BreadcrumbList","@id":"https:\/\/elkaminante.com.uy\/paquetes\/grecia-bulgaria-y-rumania\/#breadcrumb","itemListElement":[{"@type":"ListItem","position":1,"name":"Inicio","item":"https:\/\/elkaminante.com.uy\/en\/"},{"@type":"ListItem","position":2,"name":"Viajes por el mundo","item":"https:\/\/elkaminante.com.uy\/en\/paquetes\/"},{"@type":"ListItem","position":3,"name":"Grecia, Bulgaria y Rumania"}]},{"@type":"WebSite","@id":"https:\/\/elkaminante.com.uy\/#website","url":"https:\/\/elkaminante.com.uy\/","name":"El Kaminante","description":"Viajes &amp; Turismo","publisher":{"@id":"https:\/\/elkaminante.com.uy\/#organization"},"potentialAction":[{"@type":"SearchAction","target":{"@type":"EntryPoint","urlTemplate":"https:\/\/elkaminante.com.uy\/?s={search_term_string}"},"query-input":{"@type":"PropertyValueSpecification","valueRequired":true,"valueName":"search_term_string"}}],"inLanguage":"en-US"},{"@type":"Organization","@id":"https:\/\/elkaminante.com.uy\/#organization","name":"El Kaminante","url":"https:\/\/elkaminante.com.uy\/","logo":{"@type":"ImageObject","inLanguage":"en-US","@id":"https:\/\/elkaminante.com.uy\/#\/schema\/logo\/image\/","url":"https:\/\/elkaminante.com.uy\/wp-content\/uploads\/2025\/02\/logo-elkaminante-blanco.svg","contentUrl":"https:\/\/elkaminante.com.uy\/wp-content\/uploads\/2025\/02\/logo-elkaminante-blanco.svg","caption":"El Kaminante"},"image":{"@id":"https:\/\/elkaminante.com.uy\/#\/schema\/logo\/image\/"}}]}},"_links":{"self":[{"href":"https:\/\/elkaminante.com.uy\/en\/wp-json\/wp\/v2\/product\/11656","targetHints":{"allow":["GET"]}}],"collection":[{"href":"https:\/\/elkaminante.com.uy\/en\/wp-json\/wp\/v2\/product"}],"about":[{"href":"https:\/\/elkaminante.com.uy\/en\/wp-json\/wp\/v2\/types\/product"}],"wp:featuredmedia":[{"embeddable":true,"href":"https:\/\/elkaminante.com.uy\/en\/wp-json\/wp\/v2\/media\/11654"}],"wp:attachment":[{"href":"https:\/\/elkaminante.com.uy\/en\/wp-json\/wp\/v2\/media?parent=11656"}],"wp:term":[{"taxonomy":"product_brand","embeddable":true,"href":"https:\/\/elkaminante.com.uy\/en\/wp-json\/wp\/v2\/product_brand?post=11656"},{"taxonomy":"product_cat","embeddable":true,"href":"https:\/\/elkaminante.com.uy\/en\/wp-json\/wp\/v2\/product_cat?post=11656"},{"taxonomy":"product_tag","embeddable":true,"href":"https:\/\/elkaminante.com.uy\/en\/wp-json\/wp\/v2\/product_tag?post=11656"}],"curies":[{"name":"wp","href":"https:\/\/api.w.org\/{rel}","templated":true}]}}