{"id":11534,"date":"2025-06-16T20:20:13","date_gmt":"2025-06-16T23:20:13","guid":{"rendered":"https:\/\/elkaminante.com.uy\/paquetes\/marruecos-tour-privado\/"},"modified":"2026-04-17T09:39:30","modified_gmt":"2026-04-17T12:39:30","slug":"marruecos-tour-privado","status":"publish","type":"product","link":"https:\/\/elkaminante.com.uy\/en\/paquetes\/marruecos-tour-privado\/","title":{"rendered":"Marruecos tour privado"},"content":{"rendered":"","protected":false},"excerpt":{"rendered":"<p><b>Marruecos<\/b> es conocido por sus diversos paisajes des\u00e9rticos, siendo unos de los m\u00e1s bellos del mundo. La fascinaci\u00f3n que despierta este destino radica en su gran diversidad; no son solo los paisajes y los desiertos lo que hacen que el pa\u00eds sea tan encantador: su riqueza cultural, art\u00edstica y gastron\u00f3mica son joyas en bruto de este gran destino. Los mercados marroqu\u00eds m\u00e1s famosos son los mercados de Marrakech, Rabat, Casablanca y Fez. Sus numerosos puestos de artesan\u00eda y sus delicias culinarias, har\u00e1n que pierdas la noci\u00f3n del tiempo con sus tradicionales regateos. Tambi\u00e9n aprender\u00e1s a descubrir y conocer nuevos olores, caracterizados por los antiguos conocimientos de hierbas medicinales, reflejo tambi\u00e9n de la variedad de especias orientales.<\/p>\n","protected":false},"featured_media":11532,"template":"","meta":{"_acf_changed":false,"inline_featured_image":false},"product_brand":[],"product_cat":[28,1579],"product_tag":[432,3038,3032,2577,2182,2050,2583,3035,1634,2534,62,2584,3036,2578,580,584,1800,3631,424,3031,3034,3033,65,121,3907,2580,434,581,3030,61,3037,436,582,63],"class_list":{"0":"post-11534","1":"product","2":"type-product","3":"status-publish","4":"has-post-thumbnail","6":"product_cat-paquetes","7":"product_cat-uruguay","8":"product_tag-africa","9":"product_tag-ait-ben-haddou","10":"product_tag-azrou","11":"product_tag-casablanca","12":"product_tag-en-marruecos","13":"product_tag-en-octubre","14":"product_tag-erfoud","15":"product_tag-erg-chebbi","16":"product_tag-exhotico","17":"product_tag-exotico","18":"product_tag-exoticos","19":"product_tag-fez","20":"product_tag-gargantas-todra-y-dades","21":"product_tag-marrakech","22":"product_tag-marruecos","23":"product_tag-marruecos-en-marruecos","24":"product_tag-marruecos-en-octubre","25":"product_tag-marruecos-tour-privado","26":"product_tag-media-pension","27":"product_tag-meknes","28":"product_tag-merzouga","29":"product_tag-midelt","30":"product_tag-no-aplica","31":"product_tag-octubre","32":"product_tag-octubre-2026","33":"product_tag-ouarzazate","34":"product_tag-paquetes-a-africa","35":"product_tag-paquetes-a-marruecos","36":"product_tag-rabat","37":"product_tag-sin-destino","38":"product_tag-skoura","39":"product_tag-viajes-a-africa","40":"product_tag-viajes-a-marruecos","41":"product_tag-vuelo-y-circuito","42":"entry","43":"has-media","45":"first","46":"instock","47":"shipping-taxable","48":"purchasable","49":"product-type-simple"},"acf":[],"yoast_head":"<!-- This site is optimized with the Yoast SEO plugin v27.2 - https:\/\/yoast.com\/product\/yoast-seo-wordpress\/ -->\n<title>Marruecos tour privado - El Kaminante<\/title>\n<meta name=\"robots\" content=\"index, follow, max-snippet:-1, max-image-preview:large, max-video-preview:-1\" \/>\n<link rel=\"canonical\" href=\"https:\/\/elkaminante.com.uy\/paquetes\/marruecos-tour-privado\/\" \/>\n<meta property=\"og:locale\" content=\"en_US\" \/>\n<meta property=\"og:type\" content=\"article\" \/>\n<meta property=\"og:title\" content=\"Marruecos tour privado - El Kaminante\" \/>\n<meta property=\"og:description\" content=\"Marruecos es conocido por sus diversos paisajes des\u00e9rticos, siendo unos de los m\u00e1s bellos del mundo. La fascinaci\u00f3n que despierta este destino radica en su gran diversidad; no son solo los paisajes y los desiertos lo que hacen que el pa\u00eds sea tan encantador: su riqueza cultural, art\u00edstica y gastron\u00f3mica son joyas en bruto de este gran destino. Los mercados marroqu\u00eds m\u00e1s famosos son los mercados de Marrakech, Rabat, Casablanca y Fez. Sus numerosos puestos de artesan\u00eda y sus delicias culinarias, har\u00e1n que pierdas la noci\u00f3n del tiempo con sus tradicionales regateos. Tambi\u00e9n aprender\u00e1s a descubrir y conocer nuevos olores, caracterizados por los antiguos conocimientos de hierbas medicinales, reflejo tambi\u00e9n de la variedad de especias orientales.\" \/>\n<meta property=\"og:url\" content=\"https:\/\/elkaminante.com.uy\/paquetes\/marruecos-tour-privado\/\" \/>\n<meta property=\"og:site_name\" content=\"El Kaminante\" \/>\n<meta property=\"article:modified_time\" content=\"2026-04-17T12:39:30+00:00\" \/>\n<meta name=\"twitter:card\" content=\"summary_large_image\" \/>\n<script type=\"application\/ld+json\" class=\"yoast-schema-graph\">{\"@context\":\"https:\/\/schema.org\",\"@graph\":[{\"@type\":\"WebPage\",\"@id\":\"https:\/\/elkaminante.com.uy\/paquetes\/marruecos-tour-privado\/\",\"url\":\"https:\/\/elkaminante.com.uy\/paquetes\/marruecos-tour-privado\/\",\"name\":\"Marruecos tour privado - El Kaminante\",\"isPartOf\":{\"@id\":\"https:\/\/elkaminante.com.uy\/#website\"},\"primaryImageOfPage\":{\"@id\":\"https:\/\/elkaminante.com.uy\/paquetes\/marruecos-tour-privado\/#primaryimage\"},\"image\":{\"@id\":\"https:\/\/elkaminante.com.uy\/paquetes\/marruecos-tour-privado\/#primaryimage\"},\"thumbnailUrl\":\"https:\/\/elkaminante.com.uy\/wp-content\/uploads\/2025\/06\/PAQ512.webp\",\"datePublished\":\"2025-06-16T23:20:13+00:00\",\"dateModified\":\"2026-04-17T12:39:30+00:00\",\"breadcrumb\":{\"@id\":\"https:\/\/elkaminante.com.uy\/paquetes\/marruecos-tour-privado\/#breadcrumb\"},\"inLanguage\":\"en-US\",\"potentialAction\":[{\"@type\":\"ReadAction\",\"target\":[\"https:\/\/elkaminante.com.uy\/paquetes\/marruecos-tour-privado\/\"]}]},{\"@type\":\"ImageObject\",\"inLanguage\":\"en-US\",\"@id\":\"https:\/\/elkaminante.com.uy\/paquetes\/marruecos-tour-privado\/#primaryimage\",\"url\":\"https:\/\/elkaminante.com.uy\/wp-content\/uploads\/2025\/06\/PAQ512.webp\",\"contentUrl\":\"https:\/\/elkaminante.com.uy\/wp-content\/uploads\/2025\/06\/PAQ512.webp\",\"width\":1200,\"height\":630},{\"@type\":\"BreadcrumbList\",\"@id\":\"https:\/\/elkaminante.com.uy\/paquetes\/marruecos-tour-privado\/#breadcrumb\",\"itemListElement\":[{\"@type\":\"ListItem\",\"position\":1,\"name\":\"Inicio\",\"item\":\"https:\/\/elkaminante.com.uy\/en\/\"},{\"@type\":\"ListItem\",\"position\":2,\"name\":\"Viajes por el mundo\",\"item\":\"https:\/\/elkaminante.com.uy\/en\/paquetes\/\"},{\"@type\":\"ListItem\",\"position\":3,\"name\":\"Marruecos tour privado\"}]},{\"@type\":\"WebSite\",\"@id\":\"https:\/\/elkaminante.com.uy\/#website\",\"url\":\"https:\/\/elkaminante.com.uy\/\",\"name\":\"El Kaminante\",\"description\":\"Viajes &amp; Turismo\",\"publisher\":{\"@id\":\"https:\/\/elkaminante.com.uy\/#organization\"},\"potentialAction\":[{\"@type\":\"SearchAction\",\"target\":{\"@type\":\"EntryPoint\",\"urlTemplate\":\"https:\/\/elkaminante.com.uy\/?s={search_term_string}\"},\"query-input\":{\"@type\":\"PropertyValueSpecification\",\"valueRequired\":true,\"valueName\":\"search_term_string\"}}],\"inLanguage\":\"en-US\"},{\"@type\":\"Organization\",\"@id\":\"https:\/\/elkaminante.com.uy\/#organization\",\"name\":\"El Kaminante\",\"url\":\"https:\/\/elkaminante.com.uy\/\",\"logo\":{\"@type\":\"ImageObject\",\"inLanguage\":\"en-US\",\"@id\":\"https:\/\/elkaminante.com.uy\/#\/schema\/logo\/image\/\",\"url\":\"https:\/\/elkaminante.com.uy\/wp-content\/uploads\/2025\/02\/logo-elkaminante-blanco.svg\",\"contentUrl\":\"https:\/\/elkaminante.com.uy\/wp-content\/uploads\/2025\/02\/logo-elkaminante-blanco.svg\",\"caption\":\"El Kaminante\"},\"image\":{\"@id\":\"https:\/\/elkaminante.com.uy\/#\/schema\/logo\/image\/\"}}]}<\/script>\n<!-- \/ Yoast SEO plugin. -->","yoast_head_json":{"title":"Marruecos tour privado - El Kaminante","robots":{"index":"index","follow":"follow","max-snippet":"max-snippet:-1","max-image-preview":"max-image-preview:large","max-video-preview":"max-video-preview:-1"},"canonical":"https:\/\/elkaminante.com.uy\/paquetes\/marruecos-tour-privado\/","og_locale":"en_US","og_type":"article","og_title":"Marruecos tour privado - El Kaminante","og_description":"Marruecos es conocido por sus diversos paisajes des\u00e9rticos, siendo unos de los m\u00e1s bellos del mundo. La fascinaci\u00f3n que despierta este destino radica en su gran diversidad; no son solo los paisajes y los desiertos lo que hacen que el pa\u00eds sea tan encantador: su riqueza cultural, art\u00edstica y gastron\u00f3mica son joyas en bruto de este gran destino. Los mercados marroqu\u00eds m\u00e1s famosos son los mercados de Marrakech, Rabat, Casablanca y Fez. Sus numerosos puestos de artesan\u00eda y sus delicias culinarias, har\u00e1n que pierdas la noci\u00f3n del tiempo con sus tradicionales regateos. Tambi\u00e9n aprender\u00e1s a descubrir y conocer nuevos olores, caracterizados por los antiguos conocimientos de hierbas medicinales, reflejo tambi\u00e9n de la variedad de especias orientales.","og_url":"https:\/\/elkaminante.com.uy\/paquetes\/marruecos-tour-privado\/","og_site_name":"El Kaminante","article_modified_time":"2026-04-17T12:39:30+00:00","twitter_card":"summary_large_image","schema":{"@context":"https:\/\/schema.org","@graph":[{"@type":"WebPage","@id":"https:\/\/elkaminante.com.uy\/paquetes\/marruecos-tour-privado\/","url":"https:\/\/elkaminante.com.uy\/paquetes\/marruecos-tour-privado\/","name":"Marruecos tour privado - El Kaminante","isPartOf":{"@id":"https:\/\/elkaminante.com.uy\/#website"},"primaryImageOfPage":{"@id":"https:\/\/elkaminante.com.uy\/paquetes\/marruecos-tour-privado\/#primaryimage"},"image":{"@id":"https:\/\/elkaminante.com.uy\/paquetes\/marruecos-tour-privado\/#primaryimage"},"thumbnailUrl":"https:\/\/elkaminante.com.uy\/wp-content\/uploads\/2025\/06\/PAQ512.webp","datePublished":"2025-06-16T23:20:13+00:00","dateModified":"2026-04-17T12:39:30+00:00","breadcrumb":{"@id":"https:\/\/elkaminante.com.uy\/paquetes\/marruecos-tour-privado\/#breadcrumb"},"inLanguage":"en-US","potentialAction":[{"@type":"ReadAction","target":["https:\/\/elkaminante.com.uy\/paquetes\/marruecos-tour-privado\/"]}]},{"@type":"ImageObject","inLanguage":"en-US","@id":"https:\/\/elkaminante.com.uy\/paquetes\/marruecos-tour-privado\/#primaryimage","url":"https:\/\/elkaminante.com.uy\/wp-content\/uploads\/2025\/06\/PAQ512.webp","contentUrl":"https:\/\/elkaminante.com.uy\/wp-content\/uploads\/2025\/06\/PAQ512.webp","width":1200,"height":630},{"@type":"BreadcrumbList","@id":"https:\/\/elkaminante.com.uy\/paquetes\/marruecos-tour-privado\/#breadcrumb","itemListElement":[{"@type":"ListItem","position":1,"name":"Inicio","item":"https:\/\/elkaminante.com.uy\/en\/"},{"@type":"ListItem","position":2,"name":"Viajes por el mundo","item":"https:\/\/elkaminante.com.uy\/en\/paquetes\/"},{"@type":"ListItem","position":3,"name":"Marruecos tour privado"}]},{"@type":"WebSite","@id":"https:\/\/elkaminante.com.uy\/#website","url":"https:\/\/elkaminante.com.uy\/","name":"El Kaminante","description":"Viajes &amp; Turismo","publisher":{"@id":"https:\/\/elkaminante.com.uy\/#organization"},"potentialAction":[{"@type":"SearchAction","target":{"@type":"EntryPoint","urlTemplate":"https:\/\/elkaminante.com.uy\/?s={search_term_string}"},"query-input":{"@type":"PropertyValueSpecification","valueRequired":true,"valueName":"search_term_string"}}],"inLanguage":"en-US"},{"@type":"Organization","@id":"https:\/\/elkaminante.com.uy\/#organization","name":"El Kaminante","url":"https:\/\/elkaminante.com.uy\/","logo":{"@type":"ImageObject","inLanguage":"en-US","@id":"https:\/\/elkaminante.com.uy\/#\/schema\/logo\/image\/","url":"https:\/\/elkaminante.com.uy\/wp-content\/uploads\/2025\/02\/logo-elkaminante-blanco.svg","contentUrl":"https:\/\/elkaminante.com.uy\/wp-content\/uploads\/2025\/02\/logo-elkaminante-blanco.svg","caption":"El Kaminante"},"image":{"@id":"https:\/\/elkaminante.com.uy\/#\/schema\/logo\/image\/"}}]}},"_links":{"self":[{"href":"https:\/\/elkaminante.com.uy\/en\/wp-json\/wp\/v2\/product\/11534","targetHints":{"allow":["GET"]}}],"collection":[{"href":"https:\/\/elkaminante.com.uy\/en\/wp-json\/wp\/v2\/product"}],"about":[{"href":"https:\/\/elkaminante.com.uy\/en\/wp-json\/wp\/v2\/types\/product"}],"wp:featuredmedia":[{"embeddable":true,"href":"https:\/\/elkaminante.com.uy\/en\/wp-json\/wp\/v2\/media\/11532"}],"wp:attachment":[{"href":"https:\/\/elkaminante.com.uy\/en\/wp-json\/wp\/v2\/media?parent=11534"}],"wp:term":[{"taxonomy":"product_brand","embeddable":true,"href":"https:\/\/elkaminante.com.uy\/en\/wp-json\/wp\/v2\/product_brand?post=11534"},{"taxonomy":"product_cat","embeddable":true,"href":"https:\/\/elkaminante.com.uy\/en\/wp-json\/wp\/v2\/product_cat?post=11534"},{"taxonomy":"product_tag","embeddable":true,"href":"https:\/\/elkaminante.com.uy\/en\/wp-json\/wp\/v2\/product_tag?post=11534"}],"curies":[{"name":"wp","href":"https:\/\/api.w.org\/{rel}","templated":true}]}}