{"id":11531,"date":"2025-06-16T20:20:11","date_gmt":"2025-06-16T23:20:11","guid":{"rendered":"https:\/\/elkaminante.com.uy\/paquetes\/miami-y-crucero-por-el-caribe\/"},"modified":"2026-04-17T09:39:27","modified_gmt":"2026-04-17T12:39:27","slug":"miami-y-crucero-por-el-caribe","status":"publish","type":"product","link":"https:\/\/elkaminante.com.uy\/en\/paquetes\/miami-y-crucero-por-el-caribe\/","title":{"rendered":"Miami y Crucero por el Caribe"},"content":{"rendered":"","protected":false},"excerpt":{"rendered":"<p>Destino tur\u00edstico de sol y playa por excelencia, <b>Miami<\/b>, ubicado en el estado de Florida, Estados Unidos, es un para\u00edso tropical que todo el mundo deber\u00eda conocer. Su privilegiada ubicaci\u00f3n lo convierte en un destino tur\u00edstico en el que se puede disfrutar de un clima c\u00e1lido durante los doce meses del a\u00f1o. Sus interminables extensiones de arena blanca combinadas con su agua de un color azul casi irreal forman un marco incomparable en el que pasar las vacaciones. Sin duda es un lugar que tiene mucho m\u00e1s que ofrecer que sus playas, tambi\u00e9n se puede disfrutar de un d\u00eda en el Parque Nacional de los Everglades, degustar un caf\u00e9 al estilo cubano en Little Havana, pasar un d\u00eda con los animales de Jungle Island o pasear por Ocean Drive y disfrutar de South Beach. <\/p>\n","protected":false},"featured_media":11529,"template":"","meta":{"_acf_changed":false,"inline_featured_image":false},"product_brand":[],"product_cat":[28,1579],"product_tag":[70,4216,288,291,68,2093,2141,1687,67,447,1376,289,3630,2609,65,71,122,3933,2851,393,73,292,246,294,2527,120,61,3282,69,75,293,247,295,2852],"class_list":{"0":"post-11531","1":"product","2":"type-product","3":"status-publish","4":"has-post-thumbnail","6":"product_cat-paquetes","7":"product_cat-uruguay","8":"product_tag-america-del-norte","9":"product_tag-cabo-rojo","10":"product_tag-crucero","11":"product_tag-crucero-y-vuelo","12":"product_tag-eeuu","13":"product_tag-en-estados-unidos","14":"product_tag-en-miami","15":"product_tag-en-noviembre","16":"product_tag-estados-unidos","17":"product_tag-estados-unidos-en-miami","18":"product_tag-estados-unidos-en-noviembre","19":"product_tag-miami","20":"product_tag-miami-y-crucero-por-el-caribe","21":"product_tag-nassau","22":"product_tag-no-aplica","23":"product_tag-norte-america","24":"product_tag-noviembre","25":"product_tag-noviembre-2026","26":"product_tag-oranjestad","27":"product_tag-otros-destinos","28":"product_tag-paquetes-a-america-del-norte","29":"product_tag-paquetes-a-crucero","30":"product_tag-paquetes-a-estados-unidos","31":"product_tag-paquetes-a-miami","32":"product_tag-perfect-day-at-cococay","33":"product_tag-sin-comidas","34":"product_tag-sin-destino","35":"product_tag-temporada-baja","36":"product_tag-usa","37":"product_tag-viajes-a-america-del-norte","38":"product_tag-viajes-a-crucero","39":"product_tag-viajes-a-estados-unidos","40":"product_tag-viajes-a-miami","41":"product_tag-willemstad","42":"entry","43":"has-media","45":"first","46":"instock","47":"shipping-taxable","48":"purchasable","49":"product-type-simple"},"acf":[],"yoast_head":"<!-- This site is optimized with the Yoast SEO plugin v27.2 - https:\/\/yoast.com\/product\/yoast-seo-wordpress\/ -->\n<title>Miami y Crucero por el Caribe - El Kaminante<\/title>\n<meta name=\"robots\" content=\"index, follow, max-snippet:-1, max-image-preview:large, max-video-preview:-1\" \/>\n<link rel=\"canonical\" href=\"https:\/\/elkaminante.com.uy\/paquetes\/miami-y-crucero-por-el-caribe\/\" \/>\n<meta property=\"og:locale\" content=\"en_US\" \/>\n<meta property=\"og:type\" content=\"article\" \/>\n<meta property=\"og:title\" content=\"Miami y Crucero por el Caribe - El Kaminante\" \/>\n<meta property=\"og:description\" content=\"Destino tur\u00edstico de sol y playa por excelencia, Miami, ubicado en el estado de Florida, Estados Unidos, es un para\u00edso tropical que todo el mundo deber\u00eda conocer. Su privilegiada ubicaci\u00f3n lo convierte en un destino tur\u00edstico en el que se puede disfrutar de un clima c\u00e1lido durante los doce meses del a\u00f1o. Sus interminables extensiones de arena blanca combinadas con su agua de un color azul casi irreal forman un marco incomparable en el que pasar las vacaciones. Sin duda es un lugar que tiene mucho m\u00e1s que ofrecer que sus playas, tambi\u00e9n se puede disfrutar de un d\u00eda en el Parque Nacional de los Everglades, degustar un caf\u00e9 al estilo cubano en Little Havana, pasar un d\u00eda con los animales de Jungle Island o pasear por Ocean Drive y disfrutar de South Beach.\" \/>\n<meta property=\"og:url\" content=\"https:\/\/elkaminante.com.uy\/paquetes\/miami-y-crucero-por-el-caribe\/\" \/>\n<meta property=\"og:site_name\" content=\"El Kaminante\" \/>\n<meta property=\"article:modified_time\" content=\"2026-04-17T12:39:27+00:00\" \/>\n<meta property=\"og:image\" content=\"https:\/\/elkaminante.com.uy\/wp-content\/uploads\/2025\/06\/G-Crucero-1-1.webp\" \/>\n\t<meta property=\"og:image:width\" content=\"800\" \/>\n\t<meta property=\"og:image:height\" content=\"457\" \/>\n\t<meta property=\"og:image:type\" content=\"image\/webp\" \/>\n<meta name=\"twitter:card\" content=\"summary_large_image\" \/>\n<script type=\"application\/ld+json\" class=\"yoast-schema-graph\">{\"@context\":\"https:\/\/schema.org\",\"@graph\":[{\"@type\":\"WebPage\",\"@id\":\"https:\/\/elkaminante.com.uy\/paquetes\/miami-y-crucero-por-el-caribe\/\",\"url\":\"https:\/\/elkaminante.com.uy\/paquetes\/miami-y-crucero-por-el-caribe\/\",\"name\":\"Miami y Crucero por el Caribe - El Kaminante\",\"isPartOf\":{\"@id\":\"https:\/\/elkaminante.com.uy\/#website\"},\"primaryImageOfPage\":{\"@id\":\"https:\/\/elkaminante.com.uy\/paquetes\/miami-y-crucero-por-el-caribe\/#primaryimage\"},\"image\":{\"@id\":\"https:\/\/elkaminante.com.uy\/paquetes\/miami-y-crucero-por-el-caribe\/#primaryimage\"},\"thumbnailUrl\":\"https:\/\/elkaminante.com.uy\/wp-content\/uploads\/2025\/06\/G-Crucero-1-1.webp\",\"datePublished\":\"2025-06-16T23:20:11+00:00\",\"dateModified\":\"2026-04-17T12:39:27+00:00\",\"breadcrumb\":{\"@id\":\"https:\/\/elkaminante.com.uy\/paquetes\/miami-y-crucero-por-el-caribe\/#breadcrumb\"},\"inLanguage\":\"en-US\",\"potentialAction\":[{\"@type\":\"ReadAction\",\"target\":[\"https:\/\/elkaminante.com.uy\/paquetes\/miami-y-crucero-por-el-caribe\/\"]}]},{\"@type\":\"ImageObject\",\"inLanguage\":\"en-US\",\"@id\":\"https:\/\/elkaminante.com.uy\/paquetes\/miami-y-crucero-por-el-caribe\/#primaryimage\",\"url\":\"https:\/\/elkaminante.com.uy\/wp-content\/uploads\/2025\/06\/G-Crucero-1-1.webp\",\"contentUrl\":\"https:\/\/elkaminante.com.uy\/wp-content\/uploads\/2025\/06\/G-Crucero-1-1.webp\",\"width\":800,\"height\":457},{\"@type\":\"BreadcrumbList\",\"@id\":\"https:\/\/elkaminante.com.uy\/paquetes\/miami-y-crucero-por-el-caribe\/#breadcrumb\",\"itemListElement\":[{\"@type\":\"ListItem\",\"position\":1,\"name\":\"Inicio\",\"item\":\"https:\/\/elkaminante.com.uy\/en\/\"},{\"@type\":\"ListItem\",\"position\":2,\"name\":\"Viajes por el mundo\",\"item\":\"https:\/\/elkaminante.com.uy\/en\/paquetes\/\"},{\"@type\":\"ListItem\",\"position\":3,\"name\":\"Miami y Crucero por el Caribe\"}]},{\"@type\":\"WebSite\",\"@id\":\"https:\/\/elkaminante.com.uy\/#website\",\"url\":\"https:\/\/elkaminante.com.uy\/\",\"name\":\"El Kaminante\",\"description\":\"Viajes &amp; Turismo\",\"publisher\":{\"@id\":\"https:\/\/elkaminante.com.uy\/#organization\"},\"potentialAction\":[{\"@type\":\"SearchAction\",\"target\":{\"@type\":\"EntryPoint\",\"urlTemplate\":\"https:\/\/elkaminante.com.uy\/?s={search_term_string}\"},\"query-input\":{\"@type\":\"PropertyValueSpecification\",\"valueRequired\":true,\"valueName\":\"search_term_string\"}}],\"inLanguage\":\"en-US\"},{\"@type\":\"Organization\",\"@id\":\"https:\/\/elkaminante.com.uy\/#organization\",\"name\":\"El Kaminante\",\"url\":\"https:\/\/elkaminante.com.uy\/\",\"logo\":{\"@type\":\"ImageObject\",\"inLanguage\":\"en-US\",\"@id\":\"https:\/\/elkaminante.com.uy\/#\/schema\/logo\/image\/\",\"url\":\"https:\/\/elkaminante.com.uy\/wp-content\/uploads\/2025\/02\/logo-elkaminante-blanco.svg\",\"contentUrl\":\"https:\/\/elkaminante.com.uy\/wp-content\/uploads\/2025\/02\/logo-elkaminante-blanco.svg\",\"caption\":\"El Kaminante\"},\"image\":{\"@id\":\"https:\/\/elkaminante.com.uy\/#\/schema\/logo\/image\/\"}}]}<\/script>\n<!-- \/ Yoast SEO plugin. -->","yoast_head_json":{"title":"Miami y Crucero por el Caribe - El Kaminante","robots":{"index":"index","follow":"follow","max-snippet":"max-snippet:-1","max-image-preview":"max-image-preview:large","max-video-preview":"max-video-preview:-1"},"canonical":"https:\/\/elkaminante.com.uy\/paquetes\/miami-y-crucero-por-el-caribe\/","og_locale":"en_US","og_type":"article","og_title":"Miami y Crucero por el Caribe - El Kaminante","og_description":"Destino tur\u00edstico de sol y playa por excelencia, Miami, ubicado en el estado de Florida, Estados Unidos, es un para\u00edso tropical que todo el mundo deber\u00eda conocer. Su privilegiada ubicaci\u00f3n lo convierte en un destino tur\u00edstico en el que se puede disfrutar de un clima c\u00e1lido durante los doce meses del a\u00f1o. Sus interminables extensiones de arena blanca combinadas con su agua de un color azul casi irreal forman un marco incomparable en el que pasar las vacaciones. Sin duda es un lugar que tiene mucho m\u00e1s que ofrecer que sus playas, tambi\u00e9n se puede disfrutar de un d\u00eda en el Parque Nacional de los Everglades, degustar un caf\u00e9 al estilo cubano en Little Havana, pasar un d\u00eda con los animales de Jungle Island o pasear por Ocean Drive y disfrutar de South Beach.","og_url":"https:\/\/elkaminante.com.uy\/paquetes\/miami-y-crucero-por-el-caribe\/","og_site_name":"El Kaminante","article_modified_time":"2026-04-17T12:39:27+00:00","og_image":[{"width":800,"height":457,"url":"https:\/\/elkaminante.com.uy\/wp-content\/uploads\/2025\/06\/G-Crucero-1-1.webp","type":"image\/webp"}],"twitter_card":"summary_large_image","schema":{"@context":"https:\/\/schema.org","@graph":[{"@type":"WebPage","@id":"https:\/\/elkaminante.com.uy\/paquetes\/miami-y-crucero-por-el-caribe\/","url":"https:\/\/elkaminante.com.uy\/paquetes\/miami-y-crucero-por-el-caribe\/","name":"Miami y Crucero por el Caribe - El Kaminante","isPartOf":{"@id":"https:\/\/elkaminante.com.uy\/#website"},"primaryImageOfPage":{"@id":"https:\/\/elkaminante.com.uy\/paquetes\/miami-y-crucero-por-el-caribe\/#primaryimage"},"image":{"@id":"https:\/\/elkaminante.com.uy\/paquetes\/miami-y-crucero-por-el-caribe\/#primaryimage"},"thumbnailUrl":"https:\/\/elkaminante.com.uy\/wp-content\/uploads\/2025\/06\/G-Crucero-1-1.webp","datePublished":"2025-06-16T23:20:11+00:00","dateModified":"2026-04-17T12:39:27+00:00","breadcrumb":{"@id":"https:\/\/elkaminante.com.uy\/paquetes\/miami-y-crucero-por-el-caribe\/#breadcrumb"},"inLanguage":"en-US","potentialAction":[{"@type":"ReadAction","target":["https:\/\/elkaminante.com.uy\/paquetes\/miami-y-crucero-por-el-caribe\/"]}]},{"@type":"ImageObject","inLanguage":"en-US","@id":"https:\/\/elkaminante.com.uy\/paquetes\/miami-y-crucero-por-el-caribe\/#primaryimage","url":"https:\/\/elkaminante.com.uy\/wp-content\/uploads\/2025\/06\/G-Crucero-1-1.webp","contentUrl":"https:\/\/elkaminante.com.uy\/wp-content\/uploads\/2025\/06\/G-Crucero-1-1.webp","width":800,"height":457},{"@type":"BreadcrumbList","@id":"https:\/\/elkaminante.com.uy\/paquetes\/miami-y-crucero-por-el-caribe\/#breadcrumb","itemListElement":[{"@type":"ListItem","position":1,"name":"Inicio","item":"https:\/\/elkaminante.com.uy\/en\/"},{"@type":"ListItem","position":2,"name":"Viajes por el mundo","item":"https:\/\/elkaminante.com.uy\/en\/paquetes\/"},{"@type":"ListItem","position":3,"name":"Miami y Crucero por el Caribe"}]},{"@type":"WebSite","@id":"https:\/\/elkaminante.com.uy\/#website","url":"https:\/\/elkaminante.com.uy\/","name":"El Kaminante","description":"Viajes &amp; Turismo","publisher":{"@id":"https:\/\/elkaminante.com.uy\/#organization"},"potentialAction":[{"@type":"SearchAction","target":{"@type":"EntryPoint","urlTemplate":"https:\/\/elkaminante.com.uy\/?s={search_term_string}"},"query-input":{"@type":"PropertyValueSpecification","valueRequired":true,"valueName":"search_term_string"}}],"inLanguage":"en-US"},{"@type":"Organization","@id":"https:\/\/elkaminante.com.uy\/#organization","name":"El Kaminante","url":"https:\/\/elkaminante.com.uy\/","logo":{"@type":"ImageObject","inLanguage":"en-US","@id":"https:\/\/elkaminante.com.uy\/#\/schema\/logo\/image\/","url":"https:\/\/elkaminante.com.uy\/wp-content\/uploads\/2025\/02\/logo-elkaminante-blanco.svg","contentUrl":"https:\/\/elkaminante.com.uy\/wp-content\/uploads\/2025\/02\/logo-elkaminante-blanco.svg","caption":"El Kaminante"},"image":{"@id":"https:\/\/elkaminante.com.uy\/#\/schema\/logo\/image\/"}}]}},"_links":{"self":[{"href":"https:\/\/elkaminante.com.uy\/en\/wp-json\/wp\/v2\/product\/11531","targetHints":{"allow":["GET"]}}],"collection":[{"href":"https:\/\/elkaminante.com.uy\/en\/wp-json\/wp\/v2\/product"}],"about":[{"href":"https:\/\/elkaminante.com.uy\/en\/wp-json\/wp\/v2\/types\/product"}],"wp:featuredmedia":[{"embeddable":true,"href":"https:\/\/elkaminante.com.uy\/en\/wp-json\/wp\/v2\/media\/11529"}],"wp:attachment":[{"href":"https:\/\/elkaminante.com.uy\/en\/wp-json\/wp\/v2\/media?parent=11531"}],"wp:term":[{"taxonomy":"product_brand","embeddable":true,"href":"https:\/\/elkaminante.com.uy\/en\/wp-json\/wp\/v2\/product_brand?post=11531"},{"taxonomy":"product_cat","embeddable":true,"href":"https:\/\/elkaminante.com.uy\/en\/wp-json\/wp\/v2\/product_cat?post=11531"},{"taxonomy":"product_tag","embeddable":true,"href":"https:\/\/elkaminante.com.uy\/en\/wp-json\/wp\/v2\/product_tag?post=11531"}],"curies":[{"name":"wp","href":"https:\/\/api.w.org\/{rel}","templated":true}]}}