{"id":11416,"date":"2025-06-16T20:18:58","date_gmt":"2025-06-16T23:18:58","guid":{"rendered":"https:\/\/elkaminante.com.uy\/paquetes\/santiago-y-la-patagonia-chilena\/"},"modified":"2026-04-17T09:39:26","modified_gmt":"2026-04-17T12:39:26","slug":"santiago-y-la-patagonia-chilena","status":"publish","type":"product","link":"https:\/\/elkaminante.com.uy\/en\/paquetes\/santiago-y-la-patagonia-chilena\/","title":{"rendered":"Santiago y La Patagonia Chilena"},"content":{"rendered":"","protected":false},"excerpt":{"rendered":"<p>Torres del Paine es un impresionante destino en Chile. Disfruta de sus majestuosas monta\u00f1as, glaciares y lagos, perfectos para los amantes del senderismo y la naturaleza. Explora el parque nacional Torres del Paine, hogar de una incre\u00edble diversidad de flora y fauna. Con su deliciosa gastronom\u00eda patag\u00f3nica y su ambiente tranquilo, Torres del Paine te brinda la combinaci\u00f3n perfecta de aventura y relajaci\u00f3n en medio de paisajes de ensue\u00f1o. \u00a1D\u00e9jate maravillar por la belleza de este lugar \u00fanico!<\/p>\n<p><b>Puerto Varas<\/b> se ubica en la X Regi\u00f3n de Los Lagos, a orillas del Lago Llanquihue. Se localiza a 70 metros sobre el nivel del mar y cuenta con la presencia de colonos alemanes y es en la actualidad uno de los centros tur\u00edsticos m\u00e1s importantes de Chile. Conocida como la Ciudad de las Rosas y los Volcanes por sus hermosas plazas llenas de rosales, bella arquitectura con estilo de monta\u00f1a y un entorno natural privilegiado de paisajes naturales y volcanes como el Volc\u00e1n Osorno, Calbuco, Puntiagudo y el cerro Tronador. Otros atractivos de la zona son los Saltos del R\u00edo Petrohue al interior del Parque Nacional Vicente P\u00e9rez Rosales, el lago Todos los Santos, el Centro de Ski Volc\u00e1n Osorno, entre otros donde se puede disfrutar de actividades al aire libre como trekking, cabalgatas, ascenso a volcanes, monta\u00f1ismo, pesca deportiva, rafting, entre otros.<\/p>\n<p><b>Santiago<\/b> es la capital de Chile y es considerada la tercera ciudad de Sudam\u00e9rica con mejor calidad de vida y la segunda mejor ciudad para hacer negocios en Latinoam\u00e9rica, adem\u00e1s de la segunda m\u00e1s segura. Es una ciudad de clase alfa, moderna y competitiva, que tambi\u00e9n cuenta con alrededores naturales ideales para actividades al aire libre y relajarse. Al ubicarse en un valle, se encuentra rodeada de monta\u00f1as que ofrecen atractivos panoramas como visitar los centros de ski durante el invierno, realizar trekking, cabalgatas, escalada y mucho m\u00e1s en el Caj\u00f3n del Maipo y descubrir los sabores de la comida t\u00edpica al disfrutar de un d\u00eda de campo. <i>Principales atractivos tur\u00edsticos:<\/i>la Plaza de Armas de Santiago, la Iglesia de San Francisco, los barrios Brasil, Providencia, Las Condes y Vitacura, la Chascona, el Barrio Bellavista, el Museo de la Solidaridad Salvador Allende, Valpara\u00edso, La Sebastiana (casa de Pablo Neruda) e Isla Negra, entre otros.<\/p>\n","protected":false},"featured_media":11414,"template":"","meta":{"_acf_changed":false,"inline_featured_image":false},"product_brand":[],"product_cat":[28,1579],"product_tag":[88,465,1280,1351,64,2150,2018,2372,2534,62,278,2286,65,393,91,466,468,1348,2604,664,2602,464,3605,89,1346,1347,93,467,469,1349,119],"class_list":{"0":"post-11416","1":"product","2":"type-product","3":"status-publish","4":"has-post-thumbnail","6":"product_cat-paquetes","7":"product_cat-uruguay","8":"product_tag-america-del-sur","9":"product_tag-chile","10":"product_tag-chile-en-mayo","11":"product_tag-chile-en-torres-del-paine","12":"product_tag-desayuno","13":"product_tag-en-chile","14":"product_tag-en-mayo","15":"product_tag-en-torres-del-paine","16":"product_tag-exotico","17":"product_tag-exoticos","18":"product_tag-mayo","19":"product_tag-mayo-2026","20":"product_tag-no-aplica","21":"product_tag-otros-destinos","22":"product_tag-paquetes-a-america-del-sur","23":"product_tag-paquetes-a-chile","24":"product_tag-paquetes-a-santiago-de-chile","25":"product_tag-paquetes-a-torres-del-paine","26":"product_tag-puerto-montt","27":"product_tag-puerto-varas","28":"product_tag-punta-arenas","29":"product_tag-santiago-de-chile","30":"product_tag-santiago-y-la-patagonia-chilena","31":"product_tag-sudamerica","32":"product_tag-torres-del-paine","33":"product_tag-torres-paine","34":"product_tag-viajes-a-america-del-sur","35":"product_tag-viajes-a-chile","36":"product_tag-viajes-a-santiago-de-chile","37":"product_tag-viajes-a-torres-del-paine","38":"product_tag-vuelo-y-hotel","39":"entry","40":"has-media","42":"first","43":"instock","44":"shipping-taxable","45":"purchasable","46":"product-type-simple"},"acf":[],"yoast_head":"<!-- This site is optimized with the Yoast SEO plugin v27.2 - https:\/\/yoast.com\/product\/yoast-seo-wordpress\/ -->\n<title>Santiago y La Patagonia Chilena - El Kaminante<\/title>\n<meta name=\"robots\" content=\"index, follow, max-snippet:-1, max-image-preview:large, max-video-preview:-1\" \/>\n<link rel=\"canonical\" href=\"https:\/\/elkaminante.com.uy\/paquetes\/santiago-y-la-patagonia-chilena\/\" \/>\n<meta property=\"og:locale\" content=\"en_US\" \/>\n<meta property=\"og:type\" content=\"article\" \/>\n<meta property=\"og:title\" content=\"Santiago y La Patagonia Chilena - El Kaminante\" \/>\n<meta property=\"og:description\" content=\"Torres del Paine es un impresionante destino en Chile. Disfruta de sus majestuosas monta\u00f1as, glaciares y lagos, perfectos para los amantes del senderismo y la naturaleza. Explora el parque nacional Torres del Paine, hogar de una incre\u00edble diversidad de flora y fauna. Con su deliciosa gastronom\u00eda patag\u00f3nica y su ambiente tranquilo, Torres del Paine te brinda la combinaci\u00f3n perfecta de aventura y relajaci\u00f3n en medio de paisajes de ensue\u00f1o. \u00a1D\u00e9jate maravillar por la belleza de este lugar \u00fanico!Puerto Varas se ubica en la X Regi\u00f3n de Los Lagos, a orillas del Lago Llanquihue. Se localiza a 70 metros sobre el nivel del mar y cuenta con la presencia de colonos alemanes y es en la actualidad uno de los centros tur\u00edsticos m\u00e1s importantes de Chile. Conocida como la Ciudad de las Rosas y los Volcanes por sus hermosas plazas llenas de rosales, bella arquitectura con estilo de monta\u00f1a y un entorno natural privilegiado de paisajes naturales y volcanes como el Volc\u00e1n Osorno, Calbuco, Puntiagudo y el cerro Tronador. Otros atractivos de la zona son los Saltos del R\u00edo Petrohue al interior del Parque Nacional Vicente P\u00e9rez Rosales, el lago Todos los Santos, el Centro de Ski Volc\u00e1n Osorno, entre otros donde se puede disfrutar de actividades al aire libre como trekking, cabalgatas, ascenso a volcanes, monta\u00f1ismo, pesca deportiva, rafting, entre otros.Santiago es la capital de Chile y es considerada la tercera ciudad de Sudam\u00e9rica con mejor calidad de vida y la segunda mejor ciudad para hacer negocios en Latinoam\u00e9rica, adem\u00e1s de la segunda m\u00e1s segura. Es una ciudad de clase alfa, moderna y competitiva, que tambi\u00e9n cuenta con alrededores naturales ideales para actividades al aire libre y relajarse. Al ubicarse en un valle, se encuentra rodeada de monta\u00f1as que ofrecen atractivos panoramas como visitar los centros de ski durante el invierno, realizar trekking, cabalgatas, escalada y mucho m\u00e1s en el Caj\u00f3n del Maipo y descubrir los sabores de la comida t\u00edpica al disfrutar de un d\u00eda de campo. Principales atractivos tur\u00edsticos:la Plaza de Armas de Santiago, la Iglesia de San Francisco, los barrios Brasil, Providencia, Las Condes y Vitacura, la Chascona, el Barrio Bellavista, el Museo de la Solidaridad Salvador Allende, Valpara\u00edso, La Sebastiana (casa de Pablo Neruda) e Isla Negra, entre otros.\" \/>\n<meta property=\"og:url\" content=\"https:\/\/elkaminante.com.uy\/paquetes\/santiago-y-la-patagonia-chilena\/\" \/>\n<meta property=\"og:site_name\" content=\"El Kaminante\" \/>\n<meta property=\"article:modified_time\" content=\"2026-04-17T12:39:26+00:00\" \/>\n<meta name=\"twitter:card\" content=\"summary_large_image\" \/>\n<script type=\"application\/ld+json\" class=\"yoast-schema-graph\">{\"@context\":\"https:\/\/schema.org\",\"@graph\":[{\"@type\":\"WebPage\",\"@id\":\"https:\/\/elkaminante.com.uy\/paquetes\/santiago-y-la-patagonia-chilena\/\",\"url\":\"https:\/\/elkaminante.com.uy\/paquetes\/santiago-y-la-patagonia-chilena\/\",\"name\":\"Santiago y La Patagonia Chilena - El Kaminante\",\"isPartOf\":{\"@id\":\"https:\/\/elkaminante.com.uy\/#website\"},\"primaryImageOfPage\":{\"@id\":\"https:\/\/elkaminante.com.uy\/paquetes\/santiago-y-la-patagonia-chilena\/#primaryimage\"},\"image\":{\"@id\":\"https:\/\/elkaminante.com.uy\/paquetes\/santiago-y-la-patagonia-chilena\/#primaryimage\"},\"thumbnailUrl\":\"https:\/\/elkaminante.com.uy\/wp-content\/uploads\/2025\/06\/PAQ486.webp\",\"datePublished\":\"2025-06-16T23:18:58+00:00\",\"dateModified\":\"2026-04-17T12:39:26+00:00\",\"breadcrumb\":{\"@id\":\"https:\/\/elkaminante.com.uy\/paquetes\/santiago-y-la-patagonia-chilena\/#breadcrumb\"},\"inLanguage\":\"en-US\",\"potentialAction\":[{\"@type\":\"ReadAction\",\"target\":[\"https:\/\/elkaminante.com.uy\/paquetes\/santiago-y-la-patagonia-chilena\/\"]}]},{\"@type\":\"ImageObject\",\"inLanguage\":\"en-US\",\"@id\":\"https:\/\/elkaminante.com.uy\/paquetes\/santiago-y-la-patagonia-chilena\/#primaryimage\",\"url\":\"https:\/\/elkaminante.com.uy\/wp-content\/uploads\/2025\/06\/PAQ486.webp\",\"contentUrl\":\"https:\/\/elkaminante.com.uy\/wp-content\/uploads\/2025\/06\/PAQ486.webp\",\"width\":1200,\"height\":630},{\"@type\":\"BreadcrumbList\",\"@id\":\"https:\/\/elkaminante.com.uy\/paquetes\/santiago-y-la-patagonia-chilena\/#breadcrumb\",\"itemListElement\":[{\"@type\":\"ListItem\",\"position\":1,\"name\":\"Inicio\",\"item\":\"https:\/\/elkaminante.com.uy\/en\/\"},{\"@type\":\"ListItem\",\"position\":2,\"name\":\"Viajes por el mundo\",\"item\":\"https:\/\/elkaminante.com.uy\/en\/paquetes\/\"},{\"@type\":\"ListItem\",\"position\":3,\"name\":\"Santiago y La Patagonia Chilena\"}]},{\"@type\":\"WebSite\",\"@id\":\"https:\/\/elkaminante.com.uy\/#website\",\"url\":\"https:\/\/elkaminante.com.uy\/\",\"name\":\"El Kaminante\",\"description\":\"Viajes &amp; Turismo\",\"publisher\":{\"@id\":\"https:\/\/elkaminante.com.uy\/#organization\"},\"potentialAction\":[{\"@type\":\"SearchAction\",\"target\":{\"@type\":\"EntryPoint\",\"urlTemplate\":\"https:\/\/elkaminante.com.uy\/?s={search_term_string}\"},\"query-input\":{\"@type\":\"PropertyValueSpecification\",\"valueRequired\":true,\"valueName\":\"search_term_string\"}}],\"inLanguage\":\"en-US\"},{\"@type\":\"Organization\",\"@id\":\"https:\/\/elkaminante.com.uy\/#organization\",\"name\":\"El Kaminante\",\"url\":\"https:\/\/elkaminante.com.uy\/\",\"logo\":{\"@type\":\"ImageObject\",\"inLanguage\":\"en-US\",\"@id\":\"https:\/\/elkaminante.com.uy\/#\/schema\/logo\/image\/\",\"url\":\"https:\/\/elkaminante.com.uy\/wp-content\/uploads\/2025\/02\/logo-elkaminante-blanco.svg\",\"contentUrl\":\"https:\/\/elkaminante.com.uy\/wp-content\/uploads\/2025\/02\/logo-elkaminante-blanco.svg\",\"caption\":\"El Kaminante\"},\"image\":{\"@id\":\"https:\/\/elkaminante.com.uy\/#\/schema\/logo\/image\/\"}}]}<\/script>\n<!-- \/ Yoast SEO plugin. -->","yoast_head_json":{"title":"Santiago y La Patagonia Chilena - El Kaminante","robots":{"index":"index","follow":"follow","max-snippet":"max-snippet:-1","max-image-preview":"max-image-preview:large","max-video-preview":"max-video-preview:-1"},"canonical":"https:\/\/elkaminante.com.uy\/paquetes\/santiago-y-la-patagonia-chilena\/","og_locale":"en_US","og_type":"article","og_title":"Santiago y La Patagonia Chilena - El Kaminante","og_description":"Torres del Paine es un impresionante destino en Chile. Disfruta de sus majestuosas monta\u00f1as, glaciares y lagos, perfectos para los amantes del senderismo y la naturaleza. Explora el parque nacional Torres del Paine, hogar de una incre\u00edble diversidad de flora y fauna. Con su deliciosa gastronom\u00eda patag\u00f3nica y su ambiente tranquilo, Torres del Paine te brinda la combinaci\u00f3n perfecta de aventura y relajaci\u00f3n en medio de paisajes de ensue\u00f1o. \u00a1D\u00e9jate maravillar por la belleza de este lugar \u00fanico!Puerto Varas se ubica en la X Regi\u00f3n de Los Lagos, a orillas del Lago Llanquihue. Se localiza a 70 metros sobre el nivel del mar y cuenta con la presencia de colonos alemanes y es en la actualidad uno de los centros tur\u00edsticos m\u00e1s importantes de Chile. Conocida como la Ciudad de las Rosas y los Volcanes por sus hermosas plazas llenas de rosales, bella arquitectura con estilo de monta\u00f1a y un entorno natural privilegiado de paisajes naturales y volcanes como el Volc\u00e1n Osorno, Calbuco, Puntiagudo y el cerro Tronador. Otros atractivos de la zona son los Saltos del R\u00edo Petrohue al interior del Parque Nacional Vicente P\u00e9rez Rosales, el lago Todos los Santos, el Centro de Ski Volc\u00e1n Osorno, entre otros donde se puede disfrutar de actividades al aire libre como trekking, cabalgatas, ascenso a volcanes, monta\u00f1ismo, pesca deportiva, rafting, entre otros.Santiago es la capital de Chile y es considerada la tercera ciudad de Sudam\u00e9rica con mejor calidad de vida y la segunda mejor ciudad para hacer negocios en Latinoam\u00e9rica, adem\u00e1s de la segunda m\u00e1s segura. Es una ciudad de clase alfa, moderna y competitiva, que tambi\u00e9n cuenta con alrededores naturales ideales para actividades al aire libre y relajarse. Al ubicarse en un valle, se encuentra rodeada de monta\u00f1as que ofrecen atractivos panoramas como visitar los centros de ski durante el invierno, realizar trekking, cabalgatas, escalada y mucho m\u00e1s en el Caj\u00f3n del Maipo y descubrir los sabores de la comida t\u00edpica al disfrutar de un d\u00eda de campo. Principales atractivos tur\u00edsticos:la Plaza de Armas de Santiago, la Iglesia de San Francisco, los barrios Brasil, Providencia, Las Condes y Vitacura, la Chascona, el Barrio Bellavista, el Museo de la Solidaridad Salvador Allende, Valpara\u00edso, La Sebastiana (casa de Pablo Neruda) e Isla Negra, entre otros.","og_url":"https:\/\/elkaminante.com.uy\/paquetes\/santiago-y-la-patagonia-chilena\/","og_site_name":"El Kaminante","article_modified_time":"2026-04-17T12:39:26+00:00","twitter_card":"summary_large_image","schema":{"@context":"https:\/\/schema.org","@graph":[{"@type":"WebPage","@id":"https:\/\/elkaminante.com.uy\/paquetes\/santiago-y-la-patagonia-chilena\/","url":"https:\/\/elkaminante.com.uy\/paquetes\/santiago-y-la-patagonia-chilena\/","name":"Santiago y La Patagonia Chilena - El Kaminante","isPartOf":{"@id":"https:\/\/elkaminante.com.uy\/#website"},"primaryImageOfPage":{"@id":"https:\/\/elkaminante.com.uy\/paquetes\/santiago-y-la-patagonia-chilena\/#primaryimage"},"image":{"@id":"https:\/\/elkaminante.com.uy\/paquetes\/santiago-y-la-patagonia-chilena\/#primaryimage"},"thumbnailUrl":"https:\/\/elkaminante.com.uy\/wp-content\/uploads\/2025\/06\/PAQ486.webp","datePublished":"2025-06-16T23:18:58+00:00","dateModified":"2026-04-17T12:39:26+00:00","breadcrumb":{"@id":"https:\/\/elkaminante.com.uy\/paquetes\/santiago-y-la-patagonia-chilena\/#breadcrumb"},"inLanguage":"en-US","potentialAction":[{"@type":"ReadAction","target":["https:\/\/elkaminante.com.uy\/paquetes\/santiago-y-la-patagonia-chilena\/"]}]},{"@type":"ImageObject","inLanguage":"en-US","@id":"https:\/\/elkaminante.com.uy\/paquetes\/santiago-y-la-patagonia-chilena\/#primaryimage","url":"https:\/\/elkaminante.com.uy\/wp-content\/uploads\/2025\/06\/PAQ486.webp","contentUrl":"https:\/\/elkaminante.com.uy\/wp-content\/uploads\/2025\/06\/PAQ486.webp","width":1200,"height":630},{"@type":"BreadcrumbList","@id":"https:\/\/elkaminante.com.uy\/paquetes\/santiago-y-la-patagonia-chilena\/#breadcrumb","itemListElement":[{"@type":"ListItem","position":1,"name":"Inicio","item":"https:\/\/elkaminante.com.uy\/en\/"},{"@type":"ListItem","position":2,"name":"Viajes por el mundo","item":"https:\/\/elkaminante.com.uy\/en\/paquetes\/"},{"@type":"ListItem","position":3,"name":"Santiago y La Patagonia Chilena"}]},{"@type":"WebSite","@id":"https:\/\/elkaminante.com.uy\/#website","url":"https:\/\/elkaminante.com.uy\/","name":"El Kaminante","description":"Viajes &amp; Turismo","publisher":{"@id":"https:\/\/elkaminante.com.uy\/#organization"},"potentialAction":[{"@type":"SearchAction","target":{"@type":"EntryPoint","urlTemplate":"https:\/\/elkaminante.com.uy\/?s={search_term_string}"},"query-input":{"@type":"PropertyValueSpecification","valueRequired":true,"valueName":"search_term_string"}}],"inLanguage":"en-US"},{"@type":"Organization","@id":"https:\/\/elkaminante.com.uy\/#organization","name":"El Kaminante","url":"https:\/\/elkaminante.com.uy\/","logo":{"@type":"ImageObject","inLanguage":"en-US","@id":"https:\/\/elkaminante.com.uy\/#\/schema\/logo\/image\/","url":"https:\/\/elkaminante.com.uy\/wp-content\/uploads\/2025\/02\/logo-elkaminante-blanco.svg","contentUrl":"https:\/\/elkaminante.com.uy\/wp-content\/uploads\/2025\/02\/logo-elkaminante-blanco.svg","caption":"El Kaminante"},"image":{"@id":"https:\/\/elkaminante.com.uy\/#\/schema\/logo\/image\/"}}]}},"_links":{"self":[{"href":"https:\/\/elkaminante.com.uy\/en\/wp-json\/wp\/v2\/product\/11416","targetHints":{"allow":["GET"]}}],"collection":[{"href":"https:\/\/elkaminante.com.uy\/en\/wp-json\/wp\/v2\/product"}],"about":[{"href":"https:\/\/elkaminante.com.uy\/en\/wp-json\/wp\/v2\/types\/product"}],"wp:featuredmedia":[{"embeddable":true,"href":"https:\/\/elkaminante.com.uy\/en\/wp-json\/wp\/v2\/media\/11414"}],"wp:attachment":[{"href":"https:\/\/elkaminante.com.uy\/en\/wp-json\/wp\/v2\/media?parent=11416"}],"wp:term":[{"taxonomy":"product_brand","embeddable":true,"href":"https:\/\/elkaminante.com.uy\/en\/wp-json\/wp\/v2\/product_brand?post=11416"},{"taxonomy":"product_cat","embeddable":true,"href":"https:\/\/elkaminante.com.uy\/en\/wp-json\/wp\/v2\/product_cat?post=11416"},{"taxonomy":"product_tag","embeddable":true,"href":"https:\/\/elkaminante.com.uy\/en\/wp-json\/wp\/v2\/product_tag?post=11416"}],"curies":[{"name":"wp","href":"https:\/\/api.w.org\/{rel}","templated":true}]}}