{"id":11410,"date":"2025-06-16T20:18:55","date_gmt":"2025-06-16T23:18:55","guid":{"rendered":"https:\/\/elkaminante.com.uy\/paquetes\/san-andres-colombia-2\/"},"modified":"2026-04-17T09:39:26","modified_gmt":"2026-04-17T12:39:26","slug":"san-andres-colombia-2","status":"publish","type":"product","link":"https:\/\/elkaminante.com.uy\/en\/paquetes\/san-andres-colombia-2\/","title":{"rendered":"San Andr\u00e9s Colombia"},"content":{"rendered":"","protected":false},"excerpt":{"rendered":"<p>Unas de las mejores playas del Caribe, un mar azul pero que tambi\u00e9n es verde y de tonos lila, y gente llena de amabilidad\u2026 es uno de los encantos naturales de la Isla de <b>San Andr\u00e9s<\/b>, ubicada en el Caribe Colombiano. En este peque\u00f1o para\u00edso las influencias de ingleses, espa\u00f1oles, piratas y corsarios se mezclaron con el pueblo afro para dar como resultado una cultura de mucha riqueza. <i>Principales atractivos tur\u00edsticos:<\/i>las playas de Spratt Bright, Sound Bay, Cocoplum, Rocky Cay, Haynes Cay, Rose Cay, el Jard\u00edn Bot\u00e1nico, el Tour Mantarraya, el parque Westview, la Cueva de la Sirena y la Cueva del Pirata Morgan, entre otros.<\/p>\n","protected":false},"featured_media":11408,"template":"","meta":{"_acf_changed":false,"inline_featured_image":false},"product_brand":[],"product_cat":[28,1579],"product_tag":[4207,88,34,329,3998,557,64,2116,558,2172,245,65,91,330,554,177,553,3351,61,89,2953,1092,2952,93,331,555,178,119],"class_list":{"0":"post-11410","1":"product","2":"type-product","3":"status-publish","4":"has-post-thumbnail","6":"product_cat-paquetes","7":"product_cat-uruguay","8":"product_tag-29-de-junio-de-2026","9":"product_tag-america-del-sur","10":"product_tag-caribe","11":"product_tag-colombia","12":"product_tag-colombia-en-junio","13":"product_tag-colombia-en-san-andres","14":"product_tag-desayuno","15":"product_tag-en-colombia","16":"product_tag-en-junio","17":"product_tag-en-san-andres","18":"product_tag-junio","19":"product_tag-no-aplica","20":"product_tag-paquetes-a-america-del-sur","21":"product_tag-paquetes-a-colombia","22":"product_tag-paquetes-a-san-andres","23":"product_tag-paquetes-al-caribe","24":"product_tag-san-andres","25":"product_tag-san-andres-colombia","26":"product_tag-sin-destino","27":"product_tag-sudamerica","28":"product_tag-vacaciones-de-invierno","29":"product_tag-vacaciones-de-julio","30":"product_tag-vacaciones-julio","31":"product_tag-viajes-a-america-del-sur","32":"product_tag-viajes-a-colombia","33":"product_tag-viajes-a-san-andres","34":"product_tag-viajes-al-caribe","35":"product_tag-vuelo-y-hotel","36":"entry","37":"has-media","39":"first","40":"instock","41":"shipping-taxable","42":"purchasable","43":"product-type-simple"},"acf":[],"yoast_head":"<!-- This site is optimized with the Yoast SEO plugin v27.2 - https:\/\/yoast.com\/product\/yoast-seo-wordpress\/ -->\n<title>San Andr\u00e9s Colombia - El Kaminante<\/title>\n<meta name=\"robots\" content=\"index, follow, max-snippet:-1, max-image-preview:large, max-video-preview:-1\" \/>\n<link rel=\"canonical\" href=\"https:\/\/elkaminante.com.uy\/paquetes\/san-andres-colombia-2\/\" \/>\n<meta property=\"og:locale\" content=\"en_US\" \/>\n<meta property=\"og:type\" content=\"article\" \/>\n<meta property=\"og:title\" content=\"San Andr\u00e9s Colombia - El Kaminante\" \/>\n<meta property=\"og:description\" content=\"Unas de las mejores playas del Caribe, un mar azul pero que tambi\u00e9n es verde y de tonos lila, y gente llena de amabilidad\u2026 es uno de los encantos naturales de la Isla de San Andr\u00e9s, ubicada en el Caribe Colombiano. En este peque\u00f1o para\u00edso las influencias de ingleses, espa\u00f1oles, piratas y corsarios se mezclaron con el pueblo afro para dar como resultado una cultura de mucha riqueza. Principales atractivos tur\u00edsticos:las playas de Spratt Bright, Sound Bay, Cocoplum, Rocky Cay, Haynes Cay, Rose Cay, el Jard\u00edn Bot\u00e1nico, el Tour Mantarraya, el parque Westview, la Cueva de la Sirena y la Cueva del Pirata Morgan, entre otros.\" \/>\n<meta property=\"og:url\" content=\"https:\/\/elkaminante.com.uy\/paquetes\/san-andres-colombia-2\/\" \/>\n<meta property=\"og:site_name\" content=\"El Kaminante\" \/>\n<meta property=\"article:modified_time\" content=\"2026-04-17T12:39:26+00:00\" \/>\n<meta property=\"og:image\" content=\"https:\/\/elkaminante.com.uy\/wp-content\/uploads\/2025\/06\/PAQ484.webp\" \/>\n\t<meta property=\"og:image:width\" content=\"800\" \/>\n\t<meta property=\"og:image:height\" content=\"457\" \/>\n\t<meta property=\"og:image:type\" content=\"image\/webp\" \/>\n<meta name=\"twitter:card\" content=\"summary_large_image\" \/>\n<script type=\"application\/ld+json\" class=\"yoast-schema-graph\">{\"@context\":\"https:\/\/schema.org\",\"@graph\":[{\"@type\":\"WebPage\",\"@id\":\"https:\/\/elkaminante.com.uy\/paquetes\/san-andres-colombia-2\/\",\"url\":\"https:\/\/elkaminante.com.uy\/paquetes\/san-andres-colombia-2\/\",\"name\":\"San Andr\u00e9s Colombia - El Kaminante\",\"isPartOf\":{\"@id\":\"https:\/\/elkaminante.com.uy\/#website\"},\"primaryImageOfPage\":{\"@id\":\"https:\/\/elkaminante.com.uy\/paquetes\/san-andres-colombia-2\/#primaryimage\"},\"image\":{\"@id\":\"https:\/\/elkaminante.com.uy\/paquetes\/san-andres-colombia-2\/#primaryimage\"},\"thumbnailUrl\":\"https:\/\/elkaminante.com.uy\/wp-content\/uploads\/2025\/06\/PAQ484.webp\",\"datePublished\":\"2025-06-16T23:18:55+00:00\",\"dateModified\":\"2026-04-17T12:39:26+00:00\",\"breadcrumb\":{\"@id\":\"https:\/\/elkaminante.com.uy\/paquetes\/san-andres-colombia-2\/#breadcrumb\"},\"inLanguage\":\"en-US\",\"potentialAction\":[{\"@type\":\"ReadAction\",\"target\":[\"https:\/\/elkaminante.com.uy\/paquetes\/san-andres-colombia-2\/\"]}]},{\"@type\":\"ImageObject\",\"inLanguage\":\"en-US\",\"@id\":\"https:\/\/elkaminante.com.uy\/paquetes\/san-andres-colombia-2\/#primaryimage\",\"url\":\"https:\/\/elkaminante.com.uy\/wp-content\/uploads\/2025\/06\/PAQ484.webp\",\"contentUrl\":\"https:\/\/elkaminante.com.uy\/wp-content\/uploads\/2025\/06\/PAQ484.webp\",\"width\":800,\"height\":457},{\"@type\":\"BreadcrumbList\",\"@id\":\"https:\/\/elkaminante.com.uy\/paquetes\/san-andres-colombia-2\/#breadcrumb\",\"itemListElement\":[{\"@type\":\"ListItem\",\"position\":1,\"name\":\"Inicio\",\"item\":\"https:\/\/elkaminante.com.uy\/en\/\"},{\"@type\":\"ListItem\",\"position\":2,\"name\":\"Viajes por el mundo\",\"item\":\"https:\/\/elkaminante.com.uy\/en\/paquetes\/\"},{\"@type\":\"ListItem\",\"position\":3,\"name\":\"San Andr\u00e9s Colombia\"}]},{\"@type\":\"WebSite\",\"@id\":\"https:\/\/elkaminante.com.uy\/#website\",\"url\":\"https:\/\/elkaminante.com.uy\/\",\"name\":\"El Kaminante\",\"description\":\"Viajes &amp; Turismo\",\"publisher\":{\"@id\":\"https:\/\/elkaminante.com.uy\/#organization\"},\"potentialAction\":[{\"@type\":\"SearchAction\",\"target\":{\"@type\":\"EntryPoint\",\"urlTemplate\":\"https:\/\/elkaminante.com.uy\/?s={search_term_string}\"},\"query-input\":{\"@type\":\"PropertyValueSpecification\",\"valueRequired\":true,\"valueName\":\"search_term_string\"}}],\"inLanguage\":\"en-US\"},{\"@type\":\"Organization\",\"@id\":\"https:\/\/elkaminante.com.uy\/#organization\",\"name\":\"El Kaminante\",\"url\":\"https:\/\/elkaminante.com.uy\/\",\"logo\":{\"@type\":\"ImageObject\",\"inLanguage\":\"en-US\",\"@id\":\"https:\/\/elkaminante.com.uy\/#\/schema\/logo\/image\/\",\"url\":\"https:\/\/elkaminante.com.uy\/wp-content\/uploads\/2025\/02\/logo-elkaminante-blanco.svg\",\"contentUrl\":\"https:\/\/elkaminante.com.uy\/wp-content\/uploads\/2025\/02\/logo-elkaminante-blanco.svg\",\"caption\":\"El Kaminante\"},\"image\":{\"@id\":\"https:\/\/elkaminante.com.uy\/#\/schema\/logo\/image\/\"}}]}<\/script>\n<!-- \/ Yoast SEO plugin. -->","yoast_head_json":{"title":"San Andr\u00e9s Colombia - El Kaminante","robots":{"index":"index","follow":"follow","max-snippet":"max-snippet:-1","max-image-preview":"max-image-preview:large","max-video-preview":"max-video-preview:-1"},"canonical":"https:\/\/elkaminante.com.uy\/paquetes\/san-andres-colombia-2\/","og_locale":"en_US","og_type":"article","og_title":"San Andr\u00e9s Colombia - El Kaminante","og_description":"Unas de las mejores playas del Caribe, un mar azul pero que tambi\u00e9n es verde y de tonos lila, y gente llena de amabilidad\u2026 es uno de los encantos naturales de la Isla de San Andr\u00e9s, ubicada en el Caribe Colombiano. En este peque\u00f1o para\u00edso las influencias de ingleses, espa\u00f1oles, piratas y corsarios se mezclaron con el pueblo afro para dar como resultado una cultura de mucha riqueza. Principales atractivos tur\u00edsticos:las playas de Spratt Bright, Sound Bay, Cocoplum, Rocky Cay, Haynes Cay, Rose Cay, el Jard\u00edn Bot\u00e1nico, el Tour Mantarraya, el parque Westview, la Cueva de la Sirena y la Cueva del Pirata Morgan, entre otros.","og_url":"https:\/\/elkaminante.com.uy\/paquetes\/san-andres-colombia-2\/","og_site_name":"El Kaminante","article_modified_time":"2026-04-17T12:39:26+00:00","og_image":[{"width":800,"height":457,"url":"https:\/\/elkaminante.com.uy\/wp-content\/uploads\/2025\/06\/PAQ484.webp","type":"image\/webp"}],"twitter_card":"summary_large_image","schema":{"@context":"https:\/\/schema.org","@graph":[{"@type":"WebPage","@id":"https:\/\/elkaminante.com.uy\/paquetes\/san-andres-colombia-2\/","url":"https:\/\/elkaminante.com.uy\/paquetes\/san-andres-colombia-2\/","name":"San Andr\u00e9s Colombia - El Kaminante","isPartOf":{"@id":"https:\/\/elkaminante.com.uy\/#website"},"primaryImageOfPage":{"@id":"https:\/\/elkaminante.com.uy\/paquetes\/san-andres-colombia-2\/#primaryimage"},"image":{"@id":"https:\/\/elkaminante.com.uy\/paquetes\/san-andres-colombia-2\/#primaryimage"},"thumbnailUrl":"https:\/\/elkaminante.com.uy\/wp-content\/uploads\/2025\/06\/PAQ484.webp","datePublished":"2025-06-16T23:18:55+00:00","dateModified":"2026-04-17T12:39:26+00:00","breadcrumb":{"@id":"https:\/\/elkaminante.com.uy\/paquetes\/san-andres-colombia-2\/#breadcrumb"},"inLanguage":"en-US","potentialAction":[{"@type":"ReadAction","target":["https:\/\/elkaminante.com.uy\/paquetes\/san-andres-colombia-2\/"]}]},{"@type":"ImageObject","inLanguage":"en-US","@id":"https:\/\/elkaminante.com.uy\/paquetes\/san-andres-colombia-2\/#primaryimage","url":"https:\/\/elkaminante.com.uy\/wp-content\/uploads\/2025\/06\/PAQ484.webp","contentUrl":"https:\/\/elkaminante.com.uy\/wp-content\/uploads\/2025\/06\/PAQ484.webp","width":800,"height":457},{"@type":"BreadcrumbList","@id":"https:\/\/elkaminante.com.uy\/paquetes\/san-andres-colombia-2\/#breadcrumb","itemListElement":[{"@type":"ListItem","position":1,"name":"Inicio","item":"https:\/\/elkaminante.com.uy\/en\/"},{"@type":"ListItem","position":2,"name":"Viajes por el mundo","item":"https:\/\/elkaminante.com.uy\/en\/paquetes\/"},{"@type":"ListItem","position":3,"name":"San Andr\u00e9s Colombia"}]},{"@type":"WebSite","@id":"https:\/\/elkaminante.com.uy\/#website","url":"https:\/\/elkaminante.com.uy\/","name":"El Kaminante","description":"Viajes &amp; Turismo","publisher":{"@id":"https:\/\/elkaminante.com.uy\/#organization"},"potentialAction":[{"@type":"SearchAction","target":{"@type":"EntryPoint","urlTemplate":"https:\/\/elkaminante.com.uy\/?s={search_term_string}"},"query-input":{"@type":"PropertyValueSpecification","valueRequired":true,"valueName":"search_term_string"}}],"inLanguage":"en-US"},{"@type":"Organization","@id":"https:\/\/elkaminante.com.uy\/#organization","name":"El Kaminante","url":"https:\/\/elkaminante.com.uy\/","logo":{"@type":"ImageObject","inLanguage":"en-US","@id":"https:\/\/elkaminante.com.uy\/#\/schema\/logo\/image\/","url":"https:\/\/elkaminante.com.uy\/wp-content\/uploads\/2025\/02\/logo-elkaminante-blanco.svg","contentUrl":"https:\/\/elkaminante.com.uy\/wp-content\/uploads\/2025\/02\/logo-elkaminante-blanco.svg","caption":"El Kaminante"},"image":{"@id":"https:\/\/elkaminante.com.uy\/#\/schema\/logo\/image\/"}}]}},"_links":{"self":[{"href":"https:\/\/elkaminante.com.uy\/en\/wp-json\/wp\/v2\/product\/11410","targetHints":{"allow":["GET"]}}],"collection":[{"href":"https:\/\/elkaminante.com.uy\/en\/wp-json\/wp\/v2\/product"}],"about":[{"href":"https:\/\/elkaminante.com.uy\/en\/wp-json\/wp\/v2\/types\/product"}],"wp:featuredmedia":[{"embeddable":true,"href":"https:\/\/elkaminante.com.uy\/en\/wp-json\/wp\/v2\/media\/11408"}],"wp:attachment":[{"href":"https:\/\/elkaminante.com.uy\/en\/wp-json\/wp\/v2\/media?parent=11410"}],"wp:term":[{"taxonomy":"product_brand","embeddable":true,"href":"https:\/\/elkaminante.com.uy\/en\/wp-json\/wp\/v2\/product_brand?post=11410"},{"taxonomy":"product_cat","embeddable":true,"href":"https:\/\/elkaminante.com.uy\/en\/wp-json\/wp\/v2\/product_cat?post=11410"},{"taxonomy":"product_tag","embeddable":true,"href":"https:\/\/elkaminante.com.uy\/en\/wp-json\/wp\/v2\/product_tag?post=11410"}],"curies":[{"name":"wp","href":"https:\/\/api.w.org\/{rel}","templated":true}]}}