{"id":11270,"date":"2025-06-16T20:17:32","date_gmt":"2025-06-16T23:17:32","guid":{"rendered":"https:\/\/elkaminante.com.uy\/paquetes\/san-pedro-de-atacama\/"},"modified":"2026-04-17T09:39:23","modified_gmt":"2026-04-17T12:39:23","slug":"san-pedro-de-atacama","status":"publish","type":"product","link":"https:\/\/elkaminante.com.uy\/en\/paquetes\/san-pedro-de-atacama\/","title":{"rendered":"San Pedro de Atacama"},"content":{"rendered":"","protected":false},"excerpt":{"rendered":"<p><b>Atacama<\/b> cuenta con una variada oferta tur\u00edstica y diversas actividades que te llevar\u00e1n a conocer sus paisajes andinos con su flora y fauna nativa, sus lagunas, valles y salares; adem\u00e1s, de sorprender con sus sitios arqueol\u00f3gico y un profundo legado cultural. San Pedro de Atacama es el centro de la cultura atacame\u00f1a y m\u00e1s tarde, un punto de avanzada para los incas. El casco urbano ha preservado su arquitectura local, donde se destaca la Iglesia de San Pedro de Atacama, declarada Monumento Nacional de Chile. Tambi\u00e9n se encuentra la feria artesanal con diferentes art\u00edculos de cer\u00e1mica, madera y lana. Este destino es sin duda el punto de inicio para explorar paisajes \u00fanicos entre valles, desierto, salares, geyser, lagunas y volcanes. <\/p>\n","protected":false},"featured_media":11268,"template":"","meta":{"_acf_changed":false,"inline_featured_image":false},"product_brand":[],"product_cat":[28,1579],"product_tag":[96,88,1276,465,1281,1520,64,2359,2150,1687,2534,62,65,122,4176,393,91,1277,466,2978,61,89,93,1278,467,119],"class_list":{"0":"post-11270","1":"product","2":"type-product","3":"status-publish","4":"has-post-thumbnail","6":"product_cat-paquetes","7":"product_cat-uruguay","8":"product_tag-alarma-precios-bajos","9":"product_tag-america-del-sur","10":"product_tag-atacama","11":"product_tag-chile","12":"product_tag-chile-en-atacama","13":"product_tag-chile-en-noviembre","14":"product_tag-desayuno","15":"product_tag-en-atacama","16":"product_tag-en-chile","17":"product_tag-en-noviembre","18":"product_tag-exotico","19":"product_tag-exoticos","20":"product_tag-no-aplica","21":"product_tag-noviembre","22":"product_tag-noviembre-2026alarma-precios-bajos","23":"product_tag-otros-destinos","24":"product_tag-paquetes-a-america-del-sur","25":"product_tag-paquetes-a-atacama","26":"product_tag-paquetes-a-chile","27":"product_tag-san-pedro-de-atacama","28":"product_tag-sin-destino","29":"product_tag-sudamerica","30":"product_tag-viajes-a-america-del-sur","31":"product_tag-viajes-a-atacama","32":"product_tag-viajes-a-chile","33":"product_tag-vuelo-y-hotel","34":"entry","35":"has-media","37":"first","38":"instock","39":"shipping-taxable","40":"purchasable","41":"product-type-simple"},"acf":[],"yoast_head":"<!-- This site is optimized with the Yoast SEO plugin v27.2 - https:\/\/yoast.com\/product\/yoast-seo-wordpress\/ -->\n<title>San Pedro de Atacama - El Kaminante<\/title>\n<meta name=\"robots\" content=\"index, follow, max-snippet:-1, max-image-preview:large, max-video-preview:-1\" \/>\n<link rel=\"canonical\" href=\"https:\/\/elkaminante.com.uy\/paquetes\/san-pedro-de-atacama\/\" \/>\n<meta property=\"og:locale\" content=\"en_US\" \/>\n<meta property=\"og:type\" content=\"article\" \/>\n<meta property=\"og:title\" content=\"San Pedro de Atacama - El Kaminante\" \/>\n<meta property=\"og:description\" content=\"Atacama cuenta con una variada oferta tur\u00edstica y diversas actividades que te llevar\u00e1n a conocer sus paisajes andinos con su flora y fauna nativa, sus lagunas, valles y salares; adem\u00e1s, de sorprender con sus sitios arqueol\u00f3gico y un profundo legado cultural. San Pedro de Atacama es el centro de la cultura atacame\u00f1a y m\u00e1s tarde, un punto de avanzada para los incas. El casco urbano ha preservado su arquitectura local, donde se destaca la Iglesia de San Pedro de Atacama, declarada Monumento Nacional de Chile. Tambi\u00e9n se encuentra la feria artesanal con diferentes art\u00edculos de cer\u00e1mica, madera y lana. Este destino es sin duda el punto de inicio para explorar paisajes \u00fanicos entre valles, desierto, salares, geyser, lagunas y volcanes.\" \/>\n<meta property=\"og:url\" content=\"https:\/\/elkaminante.com.uy\/paquetes\/san-pedro-de-atacama\/\" \/>\n<meta property=\"og:site_name\" content=\"El Kaminante\" \/>\n<meta property=\"article:modified_time\" content=\"2026-04-17T12:39:23+00:00\" \/>\n<meta name=\"twitter:card\" content=\"summary_large_image\" \/>\n<script type=\"application\/ld+json\" class=\"yoast-schema-graph\">{\"@context\":\"https:\/\/schema.org\",\"@graph\":[{\"@type\":\"WebPage\",\"@id\":\"https:\/\/elkaminante.com.uy\/paquetes\/san-pedro-de-atacama\/\",\"url\":\"https:\/\/elkaminante.com.uy\/paquetes\/san-pedro-de-atacama\/\",\"name\":\"San Pedro de Atacama - El Kaminante\",\"isPartOf\":{\"@id\":\"https:\/\/elkaminante.com.uy\/#website\"},\"primaryImageOfPage\":{\"@id\":\"https:\/\/elkaminante.com.uy\/paquetes\/san-pedro-de-atacama\/#primaryimage\"},\"image\":{\"@id\":\"https:\/\/elkaminante.com.uy\/paquetes\/san-pedro-de-atacama\/#primaryimage\"},\"thumbnailUrl\":\"https:\/\/elkaminante.com.uy\/wp-content\/uploads\/2025\/06\/PAQ460.webp\",\"datePublished\":\"2025-06-16T23:17:32+00:00\",\"dateModified\":\"2026-04-17T12:39:23+00:00\",\"breadcrumb\":{\"@id\":\"https:\/\/elkaminante.com.uy\/paquetes\/san-pedro-de-atacama\/#breadcrumb\"},\"inLanguage\":\"en-US\",\"potentialAction\":[{\"@type\":\"ReadAction\",\"target\":[\"https:\/\/elkaminante.com.uy\/paquetes\/san-pedro-de-atacama\/\"]}]},{\"@type\":\"ImageObject\",\"inLanguage\":\"en-US\",\"@id\":\"https:\/\/elkaminante.com.uy\/paquetes\/san-pedro-de-atacama\/#primaryimage\",\"url\":\"https:\/\/elkaminante.com.uy\/wp-content\/uploads\/2025\/06\/PAQ460.webp\",\"contentUrl\":\"https:\/\/elkaminante.com.uy\/wp-content\/uploads\/2025\/06\/PAQ460.webp\",\"width\":800,\"height\":457},{\"@type\":\"BreadcrumbList\",\"@id\":\"https:\/\/elkaminante.com.uy\/paquetes\/san-pedro-de-atacama\/#breadcrumb\",\"itemListElement\":[{\"@type\":\"ListItem\",\"position\":1,\"name\":\"Inicio\",\"item\":\"https:\/\/elkaminante.com.uy\/en\/\"},{\"@type\":\"ListItem\",\"position\":2,\"name\":\"Viajes por el mundo\",\"item\":\"https:\/\/elkaminante.com.uy\/en\/paquetes\/\"},{\"@type\":\"ListItem\",\"position\":3,\"name\":\"San Pedro de Atacama\"}]},{\"@type\":\"WebSite\",\"@id\":\"https:\/\/elkaminante.com.uy\/#website\",\"url\":\"https:\/\/elkaminante.com.uy\/\",\"name\":\"El Kaminante\",\"description\":\"Viajes &amp; Turismo\",\"publisher\":{\"@id\":\"https:\/\/elkaminante.com.uy\/#organization\"},\"potentialAction\":[{\"@type\":\"SearchAction\",\"target\":{\"@type\":\"EntryPoint\",\"urlTemplate\":\"https:\/\/elkaminante.com.uy\/?s={search_term_string}\"},\"query-input\":{\"@type\":\"PropertyValueSpecification\",\"valueRequired\":true,\"valueName\":\"search_term_string\"}}],\"inLanguage\":\"en-US\"},{\"@type\":\"Organization\",\"@id\":\"https:\/\/elkaminante.com.uy\/#organization\",\"name\":\"El Kaminante\",\"url\":\"https:\/\/elkaminante.com.uy\/\",\"logo\":{\"@type\":\"ImageObject\",\"inLanguage\":\"en-US\",\"@id\":\"https:\/\/elkaminante.com.uy\/#\/schema\/logo\/image\/\",\"url\":\"https:\/\/elkaminante.com.uy\/wp-content\/uploads\/2025\/02\/logo-elkaminante-blanco.svg\",\"contentUrl\":\"https:\/\/elkaminante.com.uy\/wp-content\/uploads\/2025\/02\/logo-elkaminante-blanco.svg\",\"caption\":\"El Kaminante\"},\"image\":{\"@id\":\"https:\/\/elkaminante.com.uy\/#\/schema\/logo\/image\/\"}}]}<\/script>\n<!-- \/ Yoast SEO plugin. -->","yoast_head_json":{"title":"San Pedro de Atacama - El Kaminante","robots":{"index":"index","follow":"follow","max-snippet":"max-snippet:-1","max-image-preview":"max-image-preview:large","max-video-preview":"max-video-preview:-1"},"canonical":"https:\/\/elkaminante.com.uy\/paquetes\/san-pedro-de-atacama\/","og_locale":"en_US","og_type":"article","og_title":"San Pedro de Atacama - El Kaminante","og_description":"Atacama cuenta con una variada oferta tur\u00edstica y diversas actividades que te llevar\u00e1n a conocer sus paisajes andinos con su flora y fauna nativa, sus lagunas, valles y salares; adem\u00e1s, de sorprender con sus sitios arqueol\u00f3gico y un profundo legado cultural. San Pedro de Atacama es el centro de la cultura atacame\u00f1a y m\u00e1s tarde, un punto de avanzada para los incas. El casco urbano ha preservado su arquitectura local, donde se destaca la Iglesia de San Pedro de Atacama, declarada Monumento Nacional de Chile. Tambi\u00e9n se encuentra la feria artesanal con diferentes art\u00edculos de cer\u00e1mica, madera y lana. Este destino es sin duda el punto de inicio para explorar paisajes \u00fanicos entre valles, desierto, salares, geyser, lagunas y volcanes.","og_url":"https:\/\/elkaminante.com.uy\/paquetes\/san-pedro-de-atacama\/","og_site_name":"El Kaminante","article_modified_time":"2026-04-17T12:39:23+00:00","twitter_card":"summary_large_image","schema":{"@context":"https:\/\/schema.org","@graph":[{"@type":"WebPage","@id":"https:\/\/elkaminante.com.uy\/paquetes\/san-pedro-de-atacama\/","url":"https:\/\/elkaminante.com.uy\/paquetes\/san-pedro-de-atacama\/","name":"San Pedro de Atacama - El Kaminante","isPartOf":{"@id":"https:\/\/elkaminante.com.uy\/#website"},"primaryImageOfPage":{"@id":"https:\/\/elkaminante.com.uy\/paquetes\/san-pedro-de-atacama\/#primaryimage"},"image":{"@id":"https:\/\/elkaminante.com.uy\/paquetes\/san-pedro-de-atacama\/#primaryimage"},"thumbnailUrl":"https:\/\/elkaminante.com.uy\/wp-content\/uploads\/2025\/06\/PAQ460.webp","datePublished":"2025-06-16T23:17:32+00:00","dateModified":"2026-04-17T12:39:23+00:00","breadcrumb":{"@id":"https:\/\/elkaminante.com.uy\/paquetes\/san-pedro-de-atacama\/#breadcrumb"},"inLanguage":"en-US","potentialAction":[{"@type":"ReadAction","target":["https:\/\/elkaminante.com.uy\/paquetes\/san-pedro-de-atacama\/"]}]},{"@type":"ImageObject","inLanguage":"en-US","@id":"https:\/\/elkaminante.com.uy\/paquetes\/san-pedro-de-atacama\/#primaryimage","url":"https:\/\/elkaminante.com.uy\/wp-content\/uploads\/2025\/06\/PAQ460.webp","contentUrl":"https:\/\/elkaminante.com.uy\/wp-content\/uploads\/2025\/06\/PAQ460.webp","width":800,"height":457},{"@type":"BreadcrumbList","@id":"https:\/\/elkaminante.com.uy\/paquetes\/san-pedro-de-atacama\/#breadcrumb","itemListElement":[{"@type":"ListItem","position":1,"name":"Inicio","item":"https:\/\/elkaminante.com.uy\/en\/"},{"@type":"ListItem","position":2,"name":"Viajes por el mundo","item":"https:\/\/elkaminante.com.uy\/en\/paquetes\/"},{"@type":"ListItem","position":3,"name":"San Pedro de Atacama"}]},{"@type":"WebSite","@id":"https:\/\/elkaminante.com.uy\/#website","url":"https:\/\/elkaminante.com.uy\/","name":"El Kaminante","description":"Viajes &amp; Turismo","publisher":{"@id":"https:\/\/elkaminante.com.uy\/#organization"},"potentialAction":[{"@type":"SearchAction","target":{"@type":"EntryPoint","urlTemplate":"https:\/\/elkaminante.com.uy\/?s={search_term_string}"},"query-input":{"@type":"PropertyValueSpecification","valueRequired":true,"valueName":"search_term_string"}}],"inLanguage":"en-US"},{"@type":"Organization","@id":"https:\/\/elkaminante.com.uy\/#organization","name":"El Kaminante","url":"https:\/\/elkaminante.com.uy\/","logo":{"@type":"ImageObject","inLanguage":"en-US","@id":"https:\/\/elkaminante.com.uy\/#\/schema\/logo\/image\/","url":"https:\/\/elkaminante.com.uy\/wp-content\/uploads\/2025\/02\/logo-elkaminante-blanco.svg","contentUrl":"https:\/\/elkaminante.com.uy\/wp-content\/uploads\/2025\/02\/logo-elkaminante-blanco.svg","caption":"El Kaminante"},"image":{"@id":"https:\/\/elkaminante.com.uy\/#\/schema\/logo\/image\/"}}]}},"_links":{"self":[{"href":"https:\/\/elkaminante.com.uy\/en\/wp-json\/wp\/v2\/product\/11270","targetHints":{"allow":["GET"]}}],"collection":[{"href":"https:\/\/elkaminante.com.uy\/en\/wp-json\/wp\/v2\/product"}],"about":[{"href":"https:\/\/elkaminante.com.uy\/en\/wp-json\/wp\/v2\/types\/product"}],"wp:featuredmedia":[{"embeddable":true,"href":"https:\/\/elkaminante.com.uy\/en\/wp-json\/wp\/v2\/media\/11268"}],"wp:attachment":[{"href":"https:\/\/elkaminante.com.uy\/en\/wp-json\/wp\/v2\/media?parent=11270"}],"wp:term":[{"taxonomy":"product_brand","embeddable":true,"href":"https:\/\/elkaminante.com.uy\/en\/wp-json\/wp\/v2\/product_brand?post=11270"},{"taxonomy":"product_cat","embeddable":true,"href":"https:\/\/elkaminante.com.uy\/en\/wp-json\/wp\/v2\/product_cat?post=11270"},{"taxonomy":"product_tag","embeddable":true,"href":"https:\/\/elkaminante.com.uy\/en\/wp-json\/wp\/v2\/product_tag?post=11270"}],"curies":[{"name":"wp","href":"https:\/\/api.w.org\/{rel}","templated":true}]}}