{"id":11211,"date":"2025-06-16T20:17:01","date_gmt":"2025-06-16T23:17:01","guid":{"rendered":"https:\/\/elkaminante.com.uy\/paquetes\/bariloche-terrestre\/"},"modified":"2026-04-17T09:39:20","modified_gmt":"2026-04-17T12:39:20","slug":"bariloche-terrestre","status":"publish","type":"product","link":"https:\/\/elkaminante.com.uy\/en\/paquetes\/bariloche-terrestre\/","title":{"rendered":"Bariloche Terrestre"},"content":{"rendered":"","protected":false},"excerpt":{"rendered":"<p><b>Bariloche<\/b> es una ciudad ubicada entre bosques milenarios, monta\u00f1as cubiertas de nieve y lagos cristalinos, en la provincia de R\u00edo Negro, Argentina. Est\u00e1 ubicada dentro del parque nacional Nahuel Huapi, junto a la cordillera de los Andes. En el 2012 fue declarada capital nacional del turismo de aventura, y en el 2015 capital nacional del chocolate. En Bariloche ten\u00e9s variedad de actividades para disfrutar: excursiones tradicionales, paseos lacustres, nieve para todos los gustos, la mejor gastronom\u00eda, turismo joven, salidas rom\u00e1nticas, actividades familiares, aventura, tranquilidad y una agenda cultural diversa.<\/p>\n","protected":false},"featured_media":11209,"template":"","meta":{"_acf_changed":false,"inline_featured_image":false},"product_brand":[],"product_cat":[28,1579],"product_tag":[4003,96,88,36,416,521,404,3574,1641,1642,64,2134,2133,2018,278,424,65,393,91,407,409,61,89,3282,85,93,408,410],"class_list":{"0":"post-11211","1":"product","2":"type-product","3":"status-publish","4":"has-post-thumbnail","6":"product_cat-paquetes","7":"product_cat-uruguay","8":"product_tag-16-de-mayo-de-2026alarma-precios-bajos","9":"product_tag-alarma-precios-bajos","10":"product_tag-america-del-sur","11":"product_tag-argentina","12":"product_tag-argentina-en-bariloche","13":"product_tag-argentina-en-mayo","14":"product_tag-bariloche","15":"product_tag-bariloche-terrestre","16":"product_tag-ciudad","17":"product_tag-cultural","18":"product_tag-desayuno","19":"product_tag-en-argentina","20":"product_tag-en-bariloche","21":"product_tag-en-mayo","22":"product_tag-mayo","23":"product_tag-media-pension","24":"product_tag-no-aplica","25":"product_tag-otros-destinos","26":"product_tag-paquetes-a-america-del-sur","27":"product_tag-paquetes-a-argentina","28":"product_tag-paquetes-a-bariloche","29":"product_tag-sin-destino","30":"product_tag-sudamerica","31":"product_tag-temporada-baja","32":"product_tag-terrestre","33":"product_tag-viajes-a-america-del-sur","34":"product_tag-viajes-a-argentina","35":"product_tag-viajes-a-bariloche","36":"entry","37":"has-media","39":"first","40":"instock","41":"shipping-taxable","42":"purchasable","43":"product-type-simple"},"acf":[],"yoast_head":"<!-- This site is optimized with the Yoast SEO plugin v27.2 - https:\/\/yoast.com\/product\/yoast-seo-wordpress\/ -->\n<title>Bariloche Terrestre - El Kaminante<\/title>\n<meta name=\"robots\" content=\"index, follow, max-snippet:-1, max-image-preview:large, max-video-preview:-1\" \/>\n<link rel=\"canonical\" href=\"https:\/\/elkaminante.com.uy\/paquetes\/bariloche-terrestre\/\" \/>\n<meta property=\"og:locale\" content=\"en_US\" \/>\n<meta property=\"og:type\" content=\"article\" \/>\n<meta property=\"og:title\" content=\"Bariloche Terrestre - El Kaminante\" \/>\n<meta property=\"og:description\" content=\"Bariloche es una ciudad ubicada entre bosques milenarios, monta\u00f1as cubiertas de nieve y lagos cristalinos, en la provincia de R\u00edo Negro, Argentina. Est\u00e1 ubicada dentro del parque nacional Nahuel Huapi, junto a la cordillera de los Andes. En el 2012 fue declarada capital nacional del turismo de aventura, y en el 2015 capital nacional del chocolate. En Bariloche ten\u00e9s variedad de actividades para disfrutar: excursiones tradicionales, paseos lacustres, nieve para todos los gustos, la mejor gastronom\u00eda, turismo joven, salidas rom\u00e1nticas, actividades familiares, aventura, tranquilidad y una agenda cultural diversa.\" \/>\n<meta property=\"og:url\" content=\"https:\/\/elkaminante.com.uy\/paquetes\/bariloche-terrestre\/\" \/>\n<meta property=\"og:site_name\" content=\"El Kaminante\" \/>\n<meta property=\"article:modified_time\" content=\"2026-04-17T12:39:20+00:00\" \/>\n<meta property=\"og:image\" content=\"https:\/\/elkaminante.com.uy\/wp-content\/uploads\/2025\/06\/PAQ447.webp\" \/>\n\t<meta property=\"og:image:width\" content=\"800\" \/>\n\t<meta property=\"og:image:height\" content=\"457\" \/>\n\t<meta property=\"og:image:type\" content=\"image\/webp\" \/>\n<meta name=\"twitter:card\" content=\"summary_large_image\" \/>\n<script type=\"application\/ld+json\" class=\"yoast-schema-graph\">{\"@context\":\"https:\/\/schema.org\",\"@graph\":[{\"@type\":\"WebPage\",\"@id\":\"https:\/\/elkaminante.com.uy\/paquetes\/bariloche-terrestre\/\",\"url\":\"https:\/\/elkaminante.com.uy\/paquetes\/bariloche-terrestre\/\",\"name\":\"Bariloche Terrestre - El Kaminante\",\"isPartOf\":{\"@id\":\"https:\/\/elkaminante.com.uy\/#website\"},\"primaryImageOfPage\":{\"@id\":\"https:\/\/elkaminante.com.uy\/paquetes\/bariloche-terrestre\/#primaryimage\"},\"image\":{\"@id\":\"https:\/\/elkaminante.com.uy\/paquetes\/bariloche-terrestre\/#primaryimage\"},\"thumbnailUrl\":\"https:\/\/elkaminante.com.uy\/wp-content\/uploads\/2025\/06\/PAQ447.webp\",\"datePublished\":\"2025-06-16T23:17:01+00:00\",\"dateModified\":\"2026-04-17T12:39:20+00:00\",\"breadcrumb\":{\"@id\":\"https:\/\/elkaminante.com.uy\/paquetes\/bariloche-terrestre\/#breadcrumb\"},\"inLanguage\":\"en-US\",\"potentialAction\":[{\"@type\":\"ReadAction\",\"target\":[\"https:\/\/elkaminante.com.uy\/paquetes\/bariloche-terrestre\/\"]}]},{\"@type\":\"ImageObject\",\"inLanguage\":\"en-US\",\"@id\":\"https:\/\/elkaminante.com.uy\/paquetes\/bariloche-terrestre\/#primaryimage\",\"url\":\"https:\/\/elkaminante.com.uy\/wp-content\/uploads\/2025\/06\/PAQ447.webp\",\"contentUrl\":\"https:\/\/elkaminante.com.uy\/wp-content\/uploads\/2025\/06\/PAQ447.webp\",\"width\":800,\"height\":457},{\"@type\":\"BreadcrumbList\",\"@id\":\"https:\/\/elkaminante.com.uy\/paquetes\/bariloche-terrestre\/#breadcrumb\",\"itemListElement\":[{\"@type\":\"ListItem\",\"position\":1,\"name\":\"Inicio\",\"item\":\"https:\/\/elkaminante.com.uy\/en\/\"},{\"@type\":\"ListItem\",\"position\":2,\"name\":\"Viajes por el mundo\",\"item\":\"https:\/\/elkaminante.com.uy\/en\/paquetes\/\"},{\"@type\":\"ListItem\",\"position\":3,\"name\":\"Bariloche Terrestre\"}]},{\"@type\":\"WebSite\",\"@id\":\"https:\/\/elkaminante.com.uy\/#website\",\"url\":\"https:\/\/elkaminante.com.uy\/\",\"name\":\"El Kaminante\",\"description\":\"Viajes &amp; Turismo\",\"publisher\":{\"@id\":\"https:\/\/elkaminante.com.uy\/#organization\"},\"potentialAction\":[{\"@type\":\"SearchAction\",\"target\":{\"@type\":\"EntryPoint\",\"urlTemplate\":\"https:\/\/elkaminante.com.uy\/?s={search_term_string}\"},\"query-input\":{\"@type\":\"PropertyValueSpecification\",\"valueRequired\":true,\"valueName\":\"search_term_string\"}}],\"inLanguage\":\"en-US\"},{\"@type\":\"Organization\",\"@id\":\"https:\/\/elkaminante.com.uy\/#organization\",\"name\":\"El Kaminante\",\"url\":\"https:\/\/elkaminante.com.uy\/\",\"logo\":{\"@type\":\"ImageObject\",\"inLanguage\":\"en-US\",\"@id\":\"https:\/\/elkaminante.com.uy\/#\/schema\/logo\/image\/\",\"url\":\"https:\/\/elkaminante.com.uy\/wp-content\/uploads\/2025\/02\/logo-elkaminante-blanco.svg\",\"contentUrl\":\"https:\/\/elkaminante.com.uy\/wp-content\/uploads\/2025\/02\/logo-elkaminante-blanco.svg\",\"caption\":\"El Kaminante\"},\"image\":{\"@id\":\"https:\/\/elkaminante.com.uy\/#\/schema\/logo\/image\/\"}}]}<\/script>\n<!-- \/ Yoast SEO plugin. -->","yoast_head_json":{"title":"Bariloche Terrestre - El Kaminante","robots":{"index":"index","follow":"follow","max-snippet":"max-snippet:-1","max-image-preview":"max-image-preview:large","max-video-preview":"max-video-preview:-1"},"canonical":"https:\/\/elkaminante.com.uy\/paquetes\/bariloche-terrestre\/","og_locale":"en_US","og_type":"article","og_title":"Bariloche Terrestre - El Kaminante","og_description":"Bariloche es una ciudad ubicada entre bosques milenarios, monta\u00f1as cubiertas de nieve y lagos cristalinos, en la provincia de R\u00edo Negro, Argentina. Est\u00e1 ubicada dentro del parque nacional Nahuel Huapi, junto a la cordillera de los Andes. En el 2012 fue declarada capital nacional del turismo de aventura, y en el 2015 capital nacional del chocolate. En Bariloche ten\u00e9s variedad de actividades para disfrutar: excursiones tradicionales, paseos lacustres, nieve para todos los gustos, la mejor gastronom\u00eda, turismo joven, salidas rom\u00e1nticas, actividades familiares, aventura, tranquilidad y una agenda cultural diversa.","og_url":"https:\/\/elkaminante.com.uy\/paquetes\/bariloche-terrestre\/","og_site_name":"El Kaminante","article_modified_time":"2026-04-17T12:39:20+00:00","og_image":[{"width":800,"height":457,"url":"https:\/\/elkaminante.com.uy\/wp-content\/uploads\/2025\/06\/PAQ447.webp","type":"image\/webp"}],"twitter_card":"summary_large_image","schema":{"@context":"https:\/\/schema.org","@graph":[{"@type":"WebPage","@id":"https:\/\/elkaminante.com.uy\/paquetes\/bariloche-terrestre\/","url":"https:\/\/elkaminante.com.uy\/paquetes\/bariloche-terrestre\/","name":"Bariloche Terrestre - El Kaminante","isPartOf":{"@id":"https:\/\/elkaminante.com.uy\/#website"},"primaryImageOfPage":{"@id":"https:\/\/elkaminante.com.uy\/paquetes\/bariloche-terrestre\/#primaryimage"},"image":{"@id":"https:\/\/elkaminante.com.uy\/paquetes\/bariloche-terrestre\/#primaryimage"},"thumbnailUrl":"https:\/\/elkaminante.com.uy\/wp-content\/uploads\/2025\/06\/PAQ447.webp","datePublished":"2025-06-16T23:17:01+00:00","dateModified":"2026-04-17T12:39:20+00:00","breadcrumb":{"@id":"https:\/\/elkaminante.com.uy\/paquetes\/bariloche-terrestre\/#breadcrumb"},"inLanguage":"en-US","potentialAction":[{"@type":"ReadAction","target":["https:\/\/elkaminante.com.uy\/paquetes\/bariloche-terrestre\/"]}]},{"@type":"ImageObject","inLanguage":"en-US","@id":"https:\/\/elkaminante.com.uy\/paquetes\/bariloche-terrestre\/#primaryimage","url":"https:\/\/elkaminante.com.uy\/wp-content\/uploads\/2025\/06\/PAQ447.webp","contentUrl":"https:\/\/elkaminante.com.uy\/wp-content\/uploads\/2025\/06\/PAQ447.webp","width":800,"height":457},{"@type":"BreadcrumbList","@id":"https:\/\/elkaminante.com.uy\/paquetes\/bariloche-terrestre\/#breadcrumb","itemListElement":[{"@type":"ListItem","position":1,"name":"Inicio","item":"https:\/\/elkaminante.com.uy\/en\/"},{"@type":"ListItem","position":2,"name":"Viajes por el mundo","item":"https:\/\/elkaminante.com.uy\/en\/paquetes\/"},{"@type":"ListItem","position":3,"name":"Bariloche Terrestre"}]},{"@type":"WebSite","@id":"https:\/\/elkaminante.com.uy\/#website","url":"https:\/\/elkaminante.com.uy\/","name":"El Kaminante","description":"Viajes &amp; Turismo","publisher":{"@id":"https:\/\/elkaminante.com.uy\/#organization"},"potentialAction":[{"@type":"SearchAction","target":{"@type":"EntryPoint","urlTemplate":"https:\/\/elkaminante.com.uy\/?s={search_term_string}"},"query-input":{"@type":"PropertyValueSpecification","valueRequired":true,"valueName":"search_term_string"}}],"inLanguage":"en-US"},{"@type":"Organization","@id":"https:\/\/elkaminante.com.uy\/#organization","name":"El Kaminante","url":"https:\/\/elkaminante.com.uy\/","logo":{"@type":"ImageObject","inLanguage":"en-US","@id":"https:\/\/elkaminante.com.uy\/#\/schema\/logo\/image\/","url":"https:\/\/elkaminante.com.uy\/wp-content\/uploads\/2025\/02\/logo-elkaminante-blanco.svg","contentUrl":"https:\/\/elkaminante.com.uy\/wp-content\/uploads\/2025\/02\/logo-elkaminante-blanco.svg","caption":"El Kaminante"},"image":{"@id":"https:\/\/elkaminante.com.uy\/#\/schema\/logo\/image\/"}}]}},"_links":{"self":[{"href":"https:\/\/elkaminante.com.uy\/en\/wp-json\/wp\/v2\/product\/11211","targetHints":{"allow":["GET"]}}],"collection":[{"href":"https:\/\/elkaminante.com.uy\/en\/wp-json\/wp\/v2\/product"}],"about":[{"href":"https:\/\/elkaminante.com.uy\/en\/wp-json\/wp\/v2\/types\/product"}],"wp:featuredmedia":[{"embeddable":true,"href":"https:\/\/elkaminante.com.uy\/en\/wp-json\/wp\/v2\/media\/11209"}],"wp:attachment":[{"href":"https:\/\/elkaminante.com.uy\/en\/wp-json\/wp\/v2\/media?parent=11211"}],"wp:term":[{"taxonomy":"product_brand","embeddable":true,"href":"https:\/\/elkaminante.com.uy\/en\/wp-json\/wp\/v2\/product_brand?post=11211"},{"taxonomy":"product_cat","embeddable":true,"href":"https:\/\/elkaminante.com.uy\/en\/wp-json\/wp\/v2\/product_cat?post=11211"},{"taxonomy":"product_tag","embeddable":true,"href":"https:\/\/elkaminante.com.uy\/en\/wp-json\/wp\/v2\/product_tag?post=11211"}],"curies":[{"name":"wp","href":"https:\/\/api.w.org\/{rel}","templated":true}]}}