{"id":11199,"date":"2025-06-16T20:16:54","date_gmt":"2025-06-16T23:16:54","guid":{"rendered":"https:\/\/elkaminante.com.uy\/paquetes\/auroras-en-islandia-y-noruega\/"},"modified":"2026-04-17T09:39:20","modified_gmt":"2026-04-17T12:39:20","slug":"auroras-en-islandia-y-noruega","status":"publish","type":"product","link":"https:\/\/elkaminante.com.uy\/en\/paquetes\/auroras-en-islandia-y-noruega\/","title":{"rendered":"Auroras en Islandia y Noruega"},"content":{"rendered":"","protected":false},"excerpt":{"rendered":"<p>En <b>Islandia<\/b>, la majestuosidad natural se entrelaza con una rica herencia cultural. Desde glaciares imponentes hasta g\u00e9iseres activos, Islandia ofrece una experiencia \u00fanica que combina la tranquilidad con las tradiciones n\u00f3rdicas. Explora paisajes v\u00edrgenes, participa en festivales islandeses y disfruta de la deliciosa fusi\u00f3n de cocina escandinava y local. Con sus aguas cristalinas y el esp\u00edritu de comunidad, Islandia invita a descubrir el para\u00edso \u00e1rtico con autenticidad y serenidad.<\/p>\n<p>En <b>Islandia<\/b>, la majestuosidad natural se entrelaza con una rica herencia cultural. Desde glaciares imponentes hasta g\u00e9iseres activos, Islandia ofrece una experiencia \u00fanica que combina la tranquilidad con las tradiciones n\u00f3rdicas. Explora paisajes v\u00edrgenes, participa en festivales islandeses y disfruta de la deliciosa fusi\u00f3n de cocina escandinava y local. Con sus aguas cristalinas y el esp\u00edritu de comunidad, Islandia invita a descubrir el para\u00edso \u00e1rtico con autenticidad y serenidad.<\/p>\n","protected":false},"featured_media":11197,"template":"","meta":{"_acf_changed":false,"inline_featured_image":false},"product_brand":[],"product_cat":[28,1579],"product_tag":[1240,1239,3572,2068,2349,2074,124,1244,1187,2534,62,561,1238,76,65,563,121,2809,126,566,1241,564,2973,667,666,3912,120,61,2569,128,567,1242,565,119],"class_list":{"0":"post-11199","1":"product","2":"type-product","3":"status-publish","4":"has-post-thumbnail","6":"product_cat-paquetes","7":"product_cat-uruguay","8":"product_tag-aurora","9":"product_tag-auroras","10":"product_tag-auroras-en-islandia-y-noruega","11":"product_tag-en-europa","12":"product_tag-en-islandia","13":"product_tag-en-setiembre","14":"product_tag-europa","15":"product_tag-europa-en-islandia","16":"product_tag-europa-en-setiembre","17":"product_tag-exotico","18":"product_tag-exoticos","19":"product_tag-fiordos-noruegos","20":"product_tag-islandia","21":"product_tag-nieve","22":"product_tag-no-aplica","23":"product_tag-noruega","24":"product_tag-octubre","25":"product_tag-oslo","26":"product_tag-paquetes-a-europa","27":"product_tag-paquetes-a-fiordos-noruegos","28":"product_tag-paquetes-a-islandia","29":"product_tag-paquetes-a-noruega","30":"product_tag-reikiavik","31":"product_tag-septiembre","32":"product_tag-setiembre","33":"product_tag-setiembre-octubre-2026","34":"product_tag-sin-comidas","35":"product_tag-sin-destino","36":"product_tag-tromso","37":"product_tag-viajes-a-europa","38":"product_tag-viajes-a-fiordos-noruegos","39":"product_tag-viajes-a-islandia","40":"product_tag-viajes-a-noruega","41":"product_tag-vuelo-y-hotel","42":"entry","43":"has-media","45":"first","46":"instock","47":"shipping-taxable","48":"purchasable","49":"product-type-simple"},"acf":[],"yoast_head":"<!-- This site is optimized with the Yoast SEO plugin v27.2 - https:\/\/yoast.com\/product\/yoast-seo-wordpress\/ -->\n<title>Auroras en Islandia y Noruega - El Kaminante<\/title>\n<meta name=\"robots\" content=\"index, follow, max-snippet:-1, max-image-preview:large, max-video-preview:-1\" \/>\n<link rel=\"canonical\" href=\"https:\/\/elkaminante.com.uy\/paquetes\/auroras-en-islandia-y-noruega\/\" \/>\n<meta property=\"og:locale\" content=\"en_US\" \/>\n<meta property=\"og:type\" content=\"article\" \/>\n<meta property=\"og:title\" content=\"Auroras en Islandia y Noruega - El Kaminante\" \/>\n<meta property=\"og:description\" content=\"En Islandia, la majestuosidad natural se entrelaza con una rica herencia cultural. Desde glaciares imponentes hasta g\u00e9iseres activos, Islandia ofrece una experiencia \u00fanica que combina la tranquilidad con las tradiciones n\u00f3rdicas. Explora paisajes v\u00edrgenes, participa en festivales islandeses y disfruta de la deliciosa fusi\u00f3n de cocina escandinava y local. Con sus aguas cristalinas y el esp\u00edritu de comunidad, Islandia invita a descubrir el para\u00edso \u00e1rtico con autenticidad y serenidad.En Islandia, la majestuosidad natural se entrelaza con una rica herencia cultural. Desde glaciares imponentes hasta g\u00e9iseres activos, Islandia ofrece una experiencia \u00fanica que combina la tranquilidad con las tradiciones n\u00f3rdicas. Explora paisajes v\u00edrgenes, participa en festivales islandeses y disfruta de la deliciosa fusi\u00f3n de cocina escandinava y local. Con sus aguas cristalinas y el esp\u00edritu de comunidad, Islandia invita a descubrir el para\u00edso \u00e1rtico con autenticidad y serenidad.\" \/>\n<meta property=\"og:url\" content=\"https:\/\/elkaminante.com.uy\/paquetes\/auroras-en-islandia-y-noruega\/\" \/>\n<meta property=\"og:site_name\" content=\"El Kaminante\" \/>\n<meta property=\"article:modified_time\" content=\"2026-04-17T12:39:20+00:00\" \/>\n<meta name=\"twitter:card\" content=\"summary_large_image\" \/>\n<script type=\"application\/ld+json\" class=\"yoast-schema-graph\">{\"@context\":\"https:\/\/schema.org\",\"@graph\":[{\"@type\":\"WebPage\",\"@id\":\"https:\/\/elkaminante.com.uy\/paquetes\/auroras-en-islandia-y-noruega\/\",\"url\":\"https:\/\/elkaminante.com.uy\/paquetes\/auroras-en-islandia-y-noruega\/\",\"name\":\"Auroras en Islandia y Noruega - El Kaminante\",\"isPartOf\":{\"@id\":\"https:\/\/elkaminante.com.uy\/#website\"},\"primaryImageOfPage\":{\"@id\":\"https:\/\/elkaminante.com.uy\/paquetes\/auroras-en-islandia-y-noruega\/#primaryimage\"},\"image\":{\"@id\":\"https:\/\/elkaminante.com.uy\/paquetes\/auroras-en-islandia-y-noruega\/#primaryimage\"},\"thumbnailUrl\":\"https:\/\/elkaminante.com.uy\/wp-content\/uploads\/2025\/06\/PAQ444.webp\",\"datePublished\":\"2025-06-16T23:16:54+00:00\",\"dateModified\":\"2026-04-17T12:39:20+00:00\",\"breadcrumb\":{\"@id\":\"https:\/\/elkaminante.com.uy\/paquetes\/auroras-en-islandia-y-noruega\/#breadcrumb\"},\"inLanguage\":\"en-US\",\"potentialAction\":[{\"@type\":\"ReadAction\",\"target\":[\"https:\/\/elkaminante.com.uy\/paquetes\/auroras-en-islandia-y-noruega\/\"]}]},{\"@type\":\"ImageObject\",\"inLanguage\":\"en-US\",\"@id\":\"https:\/\/elkaminante.com.uy\/paquetes\/auroras-en-islandia-y-noruega\/#primaryimage\",\"url\":\"https:\/\/elkaminante.com.uy\/wp-content\/uploads\/2025\/06\/PAQ444.webp\",\"contentUrl\":\"https:\/\/elkaminante.com.uy\/wp-content\/uploads\/2025\/06\/PAQ444.webp\",\"width\":800,\"height\":457},{\"@type\":\"BreadcrumbList\",\"@id\":\"https:\/\/elkaminante.com.uy\/paquetes\/auroras-en-islandia-y-noruega\/#breadcrumb\",\"itemListElement\":[{\"@type\":\"ListItem\",\"position\":1,\"name\":\"Inicio\",\"item\":\"https:\/\/elkaminante.com.uy\/en\/\"},{\"@type\":\"ListItem\",\"position\":2,\"name\":\"Viajes por el mundo\",\"item\":\"https:\/\/elkaminante.com.uy\/en\/paquetes\/\"},{\"@type\":\"ListItem\",\"position\":3,\"name\":\"Auroras en Islandia y Noruega\"}]},{\"@type\":\"WebSite\",\"@id\":\"https:\/\/elkaminante.com.uy\/#website\",\"url\":\"https:\/\/elkaminante.com.uy\/\",\"name\":\"El Kaminante\",\"description\":\"Viajes &amp; Turismo\",\"publisher\":{\"@id\":\"https:\/\/elkaminante.com.uy\/#organization\"},\"potentialAction\":[{\"@type\":\"SearchAction\",\"target\":{\"@type\":\"EntryPoint\",\"urlTemplate\":\"https:\/\/elkaminante.com.uy\/?s={search_term_string}\"},\"query-input\":{\"@type\":\"PropertyValueSpecification\",\"valueRequired\":true,\"valueName\":\"search_term_string\"}}],\"inLanguage\":\"en-US\"},{\"@type\":\"Organization\",\"@id\":\"https:\/\/elkaminante.com.uy\/#organization\",\"name\":\"El Kaminante\",\"url\":\"https:\/\/elkaminante.com.uy\/\",\"logo\":{\"@type\":\"ImageObject\",\"inLanguage\":\"en-US\",\"@id\":\"https:\/\/elkaminante.com.uy\/#\/schema\/logo\/image\/\",\"url\":\"https:\/\/elkaminante.com.uy\/wp-content\/uploads\/2025\/02\/logo-elkaminante-blanco.svg\",\"contentUrl\":\"https:\/\/elkaminante.com.uy\/wp-content\/uploads\/2025\/02\/logo-elkaminante-blanco.svg\",\"caption\":\"El Kaminante\"},\"image\":{\"@id\":\"https:\/\/elkaminante.com.uy\/#\/schema\/logo\/image\/\"}}]}<\/script>\n<!-- \/ Yoast SEO plugin. -->","yoast_head_json":{"title":"Auroras en Islandia y Noruega - El Kaminante","robots":{"index":"index","follow":"follow","max-snippet":"max-snippet:-1","max-image-preview":"max-image-preview:large","max-video-preview":"max-video-preview:-1"},"canonical":"https:\/\/elkaminante.com.uy\/paquetes\/auroras-en-islandia-y-noruega\/","og_locale":"en_US","og_type":"article","og_title":"Auroras en Islandia y Noruega - El Kaminante","og_description":"En Islandia, la majestuosidad natural se entrelaza con una rica herencia cultural. Desde glaciares imponentes hasta g\u00e9iseres activos, Islandia ofrece una experiencia \u00fanica que combina la tranquilidad con las tradiciones n\u00f3rdicas. Explora paisajes v\u00edrgenes, participa en festivales islandeses y disfruta de la deliciosa fusi\u00f3n de cocina escandinava y local. Con sus aguas cristalinas y el esp\u00edritu de comunidad, Islandia invita a descubrir el para\u00edso \u00e1rtico con autenticidad y serenidad.En Islandia, la majestuosidad natural se entrelaza con una rica herencia cultural. Desde glaciares imponentes hasta g\u00e9iseres activos, Islandia ofrece una experiencia \u00fanica que combina la tranquilidad con las tradiciones n\u00f3rdicas. Explora paisajes v\u00edrgenes, participa en festivales islandeses y disfruta de la deliciosa fusi\u00f3n de cocina escandinava y local. Con sus aguas cristalinas y el esp\u00edritu de comunidad, Islandia invita a descubrir el para\u00edso \u00e1rtico con autenticidad y serenidad.","og_url":"https:\/\/elkaminante.com.uy\/paquetes\/auroras-en-islandia-y-noruega\/","og_site_name":"El Kaminante","article_modified_time":"2026-04-17T12:39:20+00:00","twitter_card":"summary_large_image","schema":{"@context":"https:\/\/schema.org","@graph":[{"@type":"WebPage","@id":"https:\/\/elkaminante.com.uy\/paquetes\/auroras-en-islandia-y-noruega\/","url":"https:\/\/elkaminante.com.uy\/paquetes\/auroras-en-islandia-y-noruega\/","name":"Auroras en Islandia y Noruega - El Kaminante","isPartOf":{"@id":"https:\/\/elkaminante.com.uy\/#website"},"primaryImageOfPage":{"@id":"https:\/\/elkaminante.com.uy\/paquetes\/auroras-en-islandia-y-noruega\/#primaryimage"},"image":{"@id":"https:\/\/elkaminante.com.uy\/paquetes\/auroras-en-islandia-y-noruega\/#primaryimage"},"thumbnailUrl":"https:\/\/elkaminante.com.uy\/wp-content\/uploads\/2025\/06\/PAQ444.webp","datePublished":"2025-06-16T23:16:54+00:00","dateModified":"2026-04-17T12:39:20+00:00","breadcrumb":{"@id":"https:\/\/elkaminante.com.uy\/paquetes\/auroras-en-islandia-y-noruega\/#breadcrumb"},"inLanguage":"en-US","potentialAction":[{"@type":"ReadAction","target":["https:\/\/elkaminante.com.uy\/paquetes\/auroras-en-islandia-y-noruega\/"]}]},{"@type":"ImageObject","inLanguage":"en-US","@id":"https:\/\/elkaminante.com.uy\/paquetes\/auroras-en-islandia-y-noruega\/#primaryimage","url":"https:\/\/elkaminante.com.uy\/wp-content\/uploads\/2025\/06\/PAQ444.webp","contentUrl":"https:\/\/elkaminante.com.uy\/wp-content\/uploads\/2025\/06\/PAQ444.webp","width":800,"height":457},{"@type":"BreadcrumbList","@id":"https:\/\/elkaminante.com.uy\/paquetes\/auroras-en-islandia-y-noruega\/#breadcrumb","itemListElement":[{"@type":"ListItem","position":1,"name":"Inicio","item":"https:\/\/elkaminante.com.uy\/en\/"},{"@type":"ListItem","position":2,"name":"Viajes por el mundo","item":"https:\/\/elkaminante.com.uy\/en\/paquetes\/"},{"@type":"ListItem","position":3,"name":"Auroras en Islandia y Noruega"}]},{"@type":"WebSite","@id":"https:\/\/elkaminante.com.uy\/#website","url":"https:\/\/elkaminante.com.uy\/","name":"El Kaminante","description":"Viajes &amp; Turismo","publisher":{"@id":"https:\/\/elkaminante.com.uy\/#organization"},"potentialAction":[{"@type":"SearchAction","target":{"@type":"EntryPoint","urlTemplate":"https:\/\/elkaminante.com.uy\/?s={search_term_string}"},"query-input":{"@type":"PropertyValueSpecification","valueRequired":true,"valueName":"search_term_string"}}],"inLanguage":"en-US"},{"@type":"Organization","@id":"https:\/\/elkaminante.com.uy\/#organization","name":"El Kaminante","url":"https:\/\/elkaminante.com.uy\/","logo":{"@type":"ImageObject","inLanguage":"en-US","@id":"https:\/\/elkaminante.com.uy\/#\/schema\/logo\/image\/","url":"https:\/\/elkaminante.com.uy\/wp-content\/uploads\/2025\/02\/logo-elkaminante-blanco.svg","contentUrl":"https:\/\/elkaminante.com.uy\/wp-content\/uploads\/2025\/02\/logo-elkaminante-blanco.svg","caption":"El Kaminante"},"image":{"@id":"https:\/\/elkaminante.com.uy\/#\/schema\/logo\/image\/"}}]}},"_links":{"self":[{"href":"https:\/\/elkaminante.com.uy\/en\/wp-json\/wp\/v2\/product\/11199","targetHints":{"allow":["GET"]}}],"collection":[{"href":"https:\/\/elkaminante.com.uy\/en\/wp-json\/wp\/v2\/product"}],"about":[{"href":"https:\/\/elkaminante.com.uy\/en\/wp-json\/wp\/v2\/types\/product"}],"wp:featuredmedia":[{"embeddable":true,"href":"https:\/\/elkaminante.com.uy\/en\/wp-json\/wp\/v2\/media\/11197"}],"wp:attachment":[{"href":"https:\/\/elkaminante.com.uy\/en\/wp-json\/wp\/v2\/media?parent=11199"}],"wp:term":[{"taxonomy":"product_brand","embeddable":true,"href":"https:\/\/elkaminante.com.uy\/en\/wp-json\/wp\/v2\/product_brand?post=11199"},{"taxonomy":"product_cat","embeddable":true,"href":"https:\/\/elkaminante.com.uy\/en\/wp-json\/wp\/v2\/product_cat?post=11199"},{"taxonomy":"product_tag","embeddable":true,"href":"https:\/\/elkaminante.com.uy\/en\/wp-json\/wp\/v2\/product_tag?post=11199"}],"curies":[{"name":"wp","href":"https:\/\/api.w.org\/{rel}","templated":true}]}}