{"id":11173,"date":"2025-06-16T20:16:38","date_gmt":"2025-06-16T23:16:38","guid":{"rendered":"https:\/\/elkaminante.com.uy\/paquetes\/esenciales-de-canada\/"},"modified":"2026-04-17T09:39:19","modified_gmt":"2026-04-17T12:39:19","slug":"esenciales-de-canada","status":"publish","type":"product","link":"https:\/\/elkaminante.com.uy\/en\/paquetes\/esenciales-de-canada\/","title":{"rendered":"Esenciales de Canad\u00e1"},"content":{"rendered":"","protected":false},"excerpt":{"rendered":"<p>En <b>Canad\u00e1<\/b>, la impresionante diversidad natural se mezcla con una rica historia y encanto cultural. Desde las majestuosas Monta\u00f1as Rocosas hasta los pintorescos callejones de Quebec, el pa\u00eds ofrece una experiencia que fusiona la belleza natural con su patrimonio cultural. Explora parques nacionales impresionantes, sum\u00e9rgete en festivales multiculturales y disfruta de la deliciosa fusi\u00f3n culinaria. Con sus escenarios naturales impactantes y la acogedora hospitalidad, Canad\u00e1 te invita a descubrir la magia de Am\u00e9rica del Norte con autenticidad y encanto.<\/p>\n","protected":false},"featured_media":11171,"template":"","meta":{"_acf_changed":false,"inline_featured_image":false},"product_brand":[],"product_cat":[28,1579],"product_tag":[70,1224,2001,1857,64,2346,1687,3567,1680,2968,2970,2958,77,2621,76,65,71,122,3933,393,2969,73,1225,2959,61,2963,75,1226,63],"class_list":{"0":"post-11173","1":"product","2":"type-product","3":"status-publish","4":"has-post-thumbnail","6":"product_cat-paquetes","7":"product_cat-uruguay","8":"product_tag-america-del-norte","9":"product_tag-canada","10":"product_tag-canada-en-canada","11":"product_tag-canada-en-noviembre","12":"product_tag-desayuno","13":"product_tag-en-canada","14":"product_tag-en-noviembre","15":"product_tag-esenciales-de-canada","16":"product_tag-europamundo","17":"product_tag-mil-islas","18":"product_tag-monte-tremblant","19":"product_tag-montreal","20":"product_tag-naturaleza","21":"product_tag-niagara","22":"product_tag-nieve","23":"product_tag-no-aplica","24":"product_tag-norte-america","25":"product_tag-noviembre","26":"product_tag-noviembre-2026","27":"product_tag-otros-destinos","28":"product_tag-ottawa","29":"product_tag-paquetes-a-america-del-norte","30":"product_tag-paquetes-a-canada","31":"product_tag-quebec","32":"product_tag-sin-destino","33":"product_tag-toronto","34":"product_tag-viajes-a-america-del-norte","35":"product_tag-viajes-a-canada","36":"product_tag-vuelo-y-circuito","37":"entry","38":"has-media","40":"first","41":"instock","42":"shipping-taxable","43":"purchasable","44":"product-type-simple"},"acf":[],"yoast_head":"<!-- This site is optimized with the Yoast SEO plugin v27.2 - https:\/\/yoast.com\/product\/yoast-seo-wordpress\/ -->\n<title>Esenciales de Canad\u00e1 - El Kaminante<\/title>\n<meta name=\"robots\" content=\"index, follow, max-snippet:-1, max-image-preview:large, max-video-preview:-1\" \/>\n<link rel=\"canonical\" href=\"https:\/\/elkaminante.com.uy\/paquetes\/esenciales-de-canada\/\" \/>\n<meta property=\"og:locale\" content=\"en_US\" \/>\n<meta property=\"og:type\" content=\"article\" \/>\n<meta property=\"og:title\" content=\"Esenciales de Canad\u00e1 - El Kaminante\" \/>\n<meta property=\"og:description\" content=\"En Canad\u00e1, la impresionante diversidad natural se mezcla con una rica historia y encanto cultural. Desde las majestuosas Monta\u00f1as Rocosas hasta los pintorescos callejones de Quebec, el pa\u00eds ofrece una experiencia que fusiona la belleza natural con su patrimonio cultural. Explora parques nacionales impresionantes, sum\u00e9rgete en festivales multiculturales y disfruta de la deliciosa fusi\u00f3n culinaria. Con sus escenarios naturales impactantes y la acogedora hospitalidad, Canad\u00e1 te invita a descubrir la magia de Am\u00e9rica del Norte con autenticidad y encanto.\" \/>\n<meta property=\"og:url\" content=\"https:\/\/elkaminante.com.uy\/paquetes\/esenciales-de-canada\/\" \/>\n<meta property=\"og:site_name\" content=\"El Kaminante\" \/>\n<meta property=\"article:modified_time\" content=\"2026-04-17T12:39:19+00:00\" \/>\n<meta name=\"twitter:card\" content=\"summary_large_image\" \/>\n<script type=\"application\/ld+json\" class=\"yoast-schema-graph\">{\"@context\":\"https:\/\/schema.org\",\"@graph\":[{\"@type\":\"WebPage\",\"@id\":\"https:\/\/elkaminante.com.uy\/paquetes\/esenciales-de-canada\/\",\"url\":\"https:\/\/elkaminante.com.uy\/paquetes\/esenciales-de-canada\/\",\"name\":\"Esenciales de Canad\u00e1 - El Kaminante\",\"isPartOf\":{\"@id\":\"https:\/\/elkaminante.com.uy\/#website\"},\"primaryImageOfPage\":{\"@id\":\"https:\/\/elkaminante.com.uy\/paquetes\/esenciales-de-canada\/#primaryimage\"},\"image\":{\"@id\":\"https:\/\/elkaminante.com.uy\/paquetes\/esenciales-de-canada\/#primaryimage\"},\"thumbnailUrl\":\"https:\/\/elkaminante.com.uy\/wp-content\/uploads\/2025\/06\/PAQ438.webp\",\"datePublished\":\"2025-06-16T23:16:38+00:00\",\"dateModified\":\"2026-04-17T12:39:19+00:00\",\"breadcrumb\":{\"@id\":\"https:\/\/elkaminante.com.uy\/paquetes\/esenciales-de-canada\/#breadcrumb\"},\"inLanguage\":\"en-US\",\"potentialAction\":[{\"@type\":\"ReadAction\",\"target\":[\"https:\/\/elkaminante.com.uy\/paquetes\/esenciales-de-canada\/\"]}]},{\"@type\":\"ImageObject\",\"inLanguage\":\"en-US\",\"@id\":\"https:\/\/elkaminante.com.uy\/paquetes\/esenciales-de-canada\/#primaryimage\",\"url\":\"https:\/\/elkaminante.com.uy\/wp-content\/uploads\/2025\/06\/PAQ438.webp\",\"contentUrl\":\"https:\/\/elkaminante.com.uy\/wp-content\/uploads\/2025\/06\/PAQ438.webp\",\"width\":800,\"height\":457},{\"@type\":\"BreadcrumbList\",\"@id\":\"https:\/\/elkaminante.com.uy\/paquetes\/esenciales-de-canada\/#breadcrumb\",\"itemListElement\":[{\"@type\":\"ListItem\",\"position\":1,\"name\":\"Inicio\",\"item\":\"https:\/\/elkaminante.com.uy\/en\/\"},{\"@type\":\"ListItem\",\"position\":2,\"name\":\"Viajes por el mundo\",\"item\":\"https:\/\/elkaminante.com.uy\/en\/paquetes\/\"},{\"@type\":\"ListItem\",\"position\":3,\"name\":\"Esenciales de Canad\u00e1\"}]},{\"@type\":\"WebSite\",\"@id\":\"https:\/\/elkaminante.com.uy\/#website\",\"url\":\"https:\/\/elkaminante.com.uy\/\",\"name\":\"El Kaminante\",\"description\":\"Viajes &amp; Turismo\",\"publisher\":{\"@id\":\"https:\/\/elkaminante.com.uy\/#organization\"},\"potentialAction\":[{\"@type\":\"SearchAction\",\"target\":{\"@type\":\"EntryPoint\",\"urlTemplate\":\"https:\/\/elkaminante.com.uy\/?s={search_term_string}\"},\"query-input\":{\"@type\":\"PropertyValueSpecification\",\"valueRequired\":true,\"valueName\":\"search_term_string\"}}],\"inLanguage\":\"en-US\"},{\"@type\":\"Organization\",\"@id\":\"https:\/\/elkaminante.com.uy\/#organization\",\"name\":\"El Kaminante\",\"url\":\"https:\/\/elkaminante.com.uy\/\",\"logo\":{\"@type\":\"ImageObject\",\"inLanguage\":\"en-US\",\"@id\":\"https:\/\/elkaminante.com.uy\/#\/schema\/logo\/image\/\",\"url\":\"https:\/\/elkaminante.com.uy\/wp-content\/uploads\/2025\/02\/logo-elkaminante-blanco.svg\",\"contentUrl\":\"https:\/\/elkaminante.com.uy\/wp-content\/uploads\/2025\/02\/logo-elkaminante-blanco.svg\",\"caption\":\"El Kaminante\"},\"image\":{\"@id\":\"https:\/\/elkaminante.com.uy\/#\/schema\/logo\/image\/\"}}]}<\/script>\n<!-- \/ Yoast SEO plugin. -->","yoast_head_json":{"title":"Esenciales de Canad\u00e1 - El Kaminante","robots":{"index":"index","follow":"follow","max-snippet":"max-snippet:-1","max-image-preview":"max-image-preview:large","max-video-preview":"max-video-preview:-1"},"canonical":"https:\/\/elkaminante.com.uy\/paquetes\/esenciales-de-canada\/","og_locale":"en_US","og_type":"article","og_title":"Esenciales de Canad\u00e1 - El Kaminante","og_description":"En Canad\u00e1, la impresionante diversidad natural se mezcla con una rica historia y encanto cultural. Desde las majestuosas Monta\u00f1as Rocosas hasta los pintorescos callejones de Quebec, el pa\u00eds ofrece una experiencia que fusiona la belleza natural con su patrimonio cultural. Explora parques nacionales impresionantes, sum\u00e9rgete en festivales multiculturales y disfruta de la deliciosa fusi\u00f3n culinaria. Con sus escenarios naturales impactantes y la acogedora hospitalidad, Canad\u00e1 te invita a descubrir la magia de Am\u00e9rica del Norte con autenticidad y encanto.","og_url":"https:\/\/elkaminante.com.uy\/paquetes\/esenciales-de-canada\/","og_site_name":"El Kaminante","article_modified_time":"2026-04-17T12:39:19+00:00","twitter_card":"summary_large_image","schema":{"@context":"https:\/\/schema.org","@graph":[{"@type":"WebPage","@id":"https:\/\/elkaminante.com.uy\/paquetes\/esenciales-de-canada\/","url":"https:\/\/elkaminante.com.uy\/paquetes\/esenciales-de-canada\/","name":"Esenciales de Canad\u00e1 - El Kaminante","isPartOf":{"@id":"https:\/\/elkaminante.com.uy\/#website"},"primaryImageOfPage":{"@id":"https:\/\/elkaminante.com.uy\/paquetes\/esenciales-de-canada\/#primaryimage"},"image":{"@id":"https:\/\/elkaminante.com.uy\/paquetes\/esenciales-de-canada\/#primaryimage"},"thumbnailUrl":"https:\/\/elkaminante.com.uy\/wp-content\/uploads\/2025\/06\/PAQ438.webp","datePublished":"2025-06-16T23:16:38+00:00","dateModified":"2026-04-17T12:39:19+00:00","breadcrumb":{"@id":"https:\/\/elkaminante.com.uy\/paquetes\/esenciales-de-canada\/#breadcrumb"},"inLanguage":"en-US","potentialAction":[{"@type":"ReadAction","target":["https:\/\/elkaminante.com.uy\/paquetes\/esenciales-de-canada\/"]}]},{"@type":"ImageObject","inLanguage":"en-US","@id":"https:\/\/elkaminante.com.uy\/paquetes\/esenciales-de-canada\/#primaryimage","url":"https:\/\/elkaminante.com.uy\/wp-content\/uploads\/2025\/06\/PAQ438.webp","contentUrl":"https:\/\/elkaminante.com.uy\/wp-content\/uploads\/2025\/06\/PAQ438.webp","width":800,"height":457},{"@type":"BreadcrumbList","@id":"https:\/\/elkaminante.com.uy\/paquetes\/esenciales-de-canada\/#breadcrumb","itemListElement":[{"@type":"ListItem","position":1,"name":"Inicio","item":"https:\/\/elkaminante.com.uy\/en\/"},{"@type":"ListItem","position":2,"name":"Viajes por el mundo","item":"https:\/\/elkaminante.com.uy\/en\/paquetes\/"},{"@type":"ListItem","position":3,"name":"Esenciales de Canad\u00e1"}]},{"@type":"WebSite","@id":"https:\/\/elkaminante.com.uy\/#website","url":"https:\/\/elkaminante.com.uy\/","name":"El Kaminante","description":"Viajes &amp; Turismo","publisher":{"@id":"https:\/\/elkaminante.com.uy\/#organization"},"potentialAction":[{"@type":"SearchAction","target":{"@type":"EntryPoint","urlTemplate":"https:\/\/elkaminante.com.uy\/?s={search_term_string}"},"query-input":{"@type":"PropertyValueSpecification","valueRequired":true,"valueName":"search_term_string"}}],"inLanguage":"en-US"},{"@type":"Organization","@id":"https:\/\/elkaminante.com.uy\/#organization","name":"El Kaminante","url":"https:\/\/elkaminante.com.uy\/","logo":{"@type":"ImageObject","inLanguage":"en-US","@id":"https:\/\/elkaminante.com.uy\/#\/schema\/logo\/image\/","url":"https:\/\/elkaminante.com.uy\/wp-content\/uploads\/2025\/02\/logo-elkaminante-blanco.svg","contentUrl":"https:\/\/elkaminante.com.uy\/wp-content\/uploads\/2025\/02\/logo-elkaminante-blanco.svg","caption":"El Kaminante"},"image":{"@id":"https:\/\/elkaminante.com.uy\/#\/schema\/logo\/image\/"}}]}},"_links":{"self":[{"href":"https:\/\/elkaminante.com.uy\/en\/wp-json\/wp\/v2\/product\/11173","targetHints":{"allow":["GET"]}}],"collection":[{"href":"https:\/\/elkaminante.com.uy\/en\/wp-json\/wp\/v2\/product"}],"about":[{"href":"https:\/\/elkaminante.com.uy\/en\/wp-json\/wp\/v2\/types\/product"}],"wp:featuredmedia":[{"embeddable":true,"href":"https:\/\/elkaminante.com.uy\/en\/wp-json\/wp\/v2\/media\/11171"}],"wp:attachment":[{"href":"https:\/\/elkaminante.com.uy\/en\/wp-json\/wp\/v2\/media?parent=11173"}],"wp:term":[{"taxonomy":"product_brand","embeddable":true,"href":"https:\/\/elkaminante.com.uy\/en\/wp-json\/wp\/v2\/product_brand?post=11173"},{"taxonomy":"product_cat","embeddable":true,"href":"https:\/\/elkaminante.com.uy\/en\/wp-json\/wp\/v2\/product_cat?post=11173"},{"taxonomy":"product_tag","embeddable":true,"href":"https:\/\/elkaminante.com.uy\/en\/wp-json\/wp\/v2\/product_tag?post=11173"}],"curies":[{"name":"wp","href":"https:\/\/api.w.org\/{rel}","templated":true}]}}