{"id":11140,"date":"2025-06-16T20:16:18","date_gmt":"2025-06-16T23:16:18","guid":{"rendered":"https:\/\/elkaminante.com.uy\/paquetes\/sao-miguel-do-gostoso\/"},"modified":"2026-04-17T09:39:16","modified_gmt":"2026-04-17T12:39:16","slug":"sao-miguel-do-gostoso","status":"publish","type":"product","link":"https:\/\/elkaminante.com.uy\/en\/paquetes\/sao-miguel-do-gostoso\/","title":{"rendered":"Sao Miguel do Gostoso"},"content":{"rendered":"","protected":false},"excerpt":{"rendered":"<p>En <b>S\u00e3o Miguel do Gostoso<\/b>, la tranquilidad del Atl\u00e1ntico se mezcla con la autenticidad de la vida costera en Brasil. Desde las extensas playas de aguas cristalinas hasta los vientos propicios para el kitesurf, S\u00e3o Miguel do Gostoso ofrece una experiencia playera \u00fanica. Explora los encantadores pueblos pesqueros cercanos, sum\u00e9rgete en la cultura local a trav\u00e9s de la deliciosa gastronom\u00eda nordestina y si\u00e9ntete parte de la comunidad amigable. Con sus paisajes serenos y la calidez de su gente, S\u00e3o Miguel do Gostoso te invita a descubrir la belleza del nordeste brasile\u00f1o con autenticidad y relajaci\u00f3n.<\/p>\n","protected":false},"featured_media":11138,"template":"","meta":{"_acf_changed":false,"inline_featured_image":false},"product_brand":[],"product_cat":[28,1579],"product_tag":[96,88,35,260,1209,64,2054,558,2342,245,3822,65,91,90,1206,1205,61,89,3282,93,92,1207,119],"class_list":{"0":"post-11140","1":"product","2":"type-product","3":"status-publish","4":"has-post-thumbnail","6":"product_cat-paquetes","7":"product_cat-uruguay","8":"product_tag-alarma-precios-bajos","9":"product_tag-america-del-sur","10":"product_tag-brasil","11":"product_tag-brasil-en-junio","12":"product_tag-brasil-en-sao-miguel-do-gostoso","13":"product_tag-desayuno","14":"product_tag-en-brasil","15":"product_tag-en-junio","16":"product_tag-en-sao-miguel-do-gostoso","17":"product_tag-junio","18":"product_tag-junio-2026alarma-precios-bajos","19":"product_tag-no-aplica","20":"product_tag-paquetes-a-america-del-sur","21":"product_tag-paquetes-a-brasil","22":"product_tag-paquetes-a-sao-miguel-do-gostoso","23":"product_tag-sao-miguel-do-gostoso","24":"product_tag-sin-destino","25":"product_tag-sudamerica","26":"product_tag-temporada-baja","27":"product_tag-viajes-a-america-del-sur","28":"product_tag-viajes-a-brasil","29":"product_tag-viajes-a-sao-miguel-do-gostoso","30":"product_tag-vuelo-y-hotel","31":"entry","32":"has-media","34":"first","35":"instock","36":"shipping-taxable","37":"purchasable","38":"product-type-simple"},"acf":[],"yoast_head":"<!-- This site is optimized with the Yoast SEO plugin v27.2 - https:\/\/yoast.com\/product\/yoast-seo-wordpress\/ -->\n<title>Sao Miguel do Gostoso - El Kaminante<\/title>\n<meta name=\"robots\" content=\"index, follow, max-snippet:-1, max-image-preview:large, max-video-preview:-1\" \/>\n<link rel=\"canonical\" href=\"https:\/\/elkaminante.com.uy\/paquetes\/sao-miguel-do-gostoso\/\" \/>\n<meta property=\"og:locale\" content=\"en_US\" \/>\n<meta property=\"og:type\" content=\"article\" \/>\n<meta property=\"og:title\" content=\"Sao Miguel do Gostoso - El Kaminante\" \/>\n<meta property=\"og:description\" content=\"En S\u00e3o Miguel do Gostoso, la tranquilidad del Atl\u00e1ntico se mezcla con la autenticidad de la vida costera en Brasil. Desde las extensas playas de aguas cristalinas hasta los vientos propicios para el kitesurf, S\u00e3o Miguel do Gostoso ofrece una experiencia playera \u00fanica. Explora los encantadores pueblos pesqueros cercanos, sum\u00e9rgete en la cultura local a trav\u00e9s de la deliciosa gastronom\u00eda nordestina y si\u00e9ntete parte de la comunidad amigable. Con sus paisajes serenos y la calidez de su gente, S\u00e3o Miguel do Gostoso te invita a descubrir la belleza del nordeste brasile\u00f1o con autenticidad y relajaci\u00f3n.\" \/>\n<meta property=\"og:url\" content=\"https:\/\/elkaminante.com.uy\/paquetes\/sao-miguel-do-gostoso\/\" \/>\n<meta property=\"og:site_name\" content=\"El Kaminante\" \/>\n<meta property=\"article:modified_time\" content=\"2026-04-17T12:39:16+00:00\" \/>\n<meta property=\"og:image\" content=\"https:\/\/elkaminante.com.uy\/wp-content\/uploads\/2025\/06\/PAQ432.webp\" \/>\n\t<meta property=\"og:image:width\" content=\"1024\" \/>\n\t<meta property=\"og:image:height\" content=\"681\" \/>\n\t<meta property=\"og:image:type\" content=\"image\/webp\" \/>\n<meta name=\"twitter:card\" content=\"summary_large_image\" \/>\n<script type=\"application\/ld+json\" class=\"yoast-schema-graph\">{\"@context\":\"https:\/\/schema.org\",\"@graph\":[{\"@type\":\"WebPage\",\"@id\":\"https:\/\/elkaminante.com.uy\/paquetes\/sao-miguel-do-gostoso\/\",\"url\":\"https:\/\/elkaminante.com.uy\/paquetes\/sao-miguel-do-gostoso\/\",\"name\":\"Sao Miguel do Gostoso - El Kaminante\",\"isPartOf\":{\"@id\":\"https:\/\/elkaminante.com.uy\/#website\"},\"primaryImageOfPage\":{\"@id\":\"https:\/\/elkaminante.com.uy\/paquetes\/sao-miguel-do-gostoso\/#primaryimage\"},\"image\":{\"@id\":\"https:\/\/elkaminante.com.uy\/paquetes\/sao-miguel-do-gostoso\/#primaryimage\"},\"thumbnailUrl\":\"https:\/\/elkaminante.com.uy\/wp-content\/uploads\/2025\/06\/PAQ432.webp\",\"datePublished\":\"2025-06-16T23:16:18+00:00\",\"dateModified\":\"2026-04-17T12:39:16+00:00\",\"breadcrumb\":{\"@id\":\"https:\/\/elkaminante.com.uy\/paquetes\/sao-miguel-do-gostoso\/#breadcrumb\"},\"inLanguage\":\"en-US\",\"potentialAction\":[{\"@type\":\"ReadAction\",\"target\":[\"https:\/\/elkaminante.com.uy\/paquetes\/sao-miguel-do-gostoso\/\"]}]},{\"@type\":\"ImageObject\",\"inLanguage\":\"en-US\",\"@id\":\"https:\/\/elkaminante.com.uy\/paquetes\/sao-miguel-do-gostoso\/#primaryimage\",\"url\":\"https:\/\/elkaminante.com.uy\/wp-content\/uploads\/2025\/06\/PAQ432.webp\",\"contentUrl\":\"https:\/\/elkaminante.com.uy\/wp-content\/uploads\/2025\/06\/PAQ432.webp\",\"width\":1024,\"height\":681},{\"@type\":\"BreadcrumbList\",\"@id\":\"https:\/\/elkaminante.com.uy\/paquetes\/sao-miguel-do-gostoso\/#breadcrumb\",\"itemListElement\":[{\"@type\":\"ListItem\",\"position\":1,\"name\":\"Inicio\",\"item\":\"https:\/\/elkaminante.com.uy\/en\/\"},{\"@type\":\"ListItem\",\"position\":2,\"name\":\"Viajes por el mundo\",\"item\":\"https:\/\/elkaminante.com.uy\/en\/paquetes\/\"},{\"@type\":\"ListItem\",\"position\":3,\"name\":\"Sao Miguel do Gostoso\"}]},{\"@type\":\"WebSite\",\"@id\":\"https:\/\/elkaminante.com.uy\/#website\",\"url\":\"https:\/\/elkaminante.com.uy\/\",\"name\":\"El Kaminante\",\"description\":\"Viajes &amp; Turismo\",\"publisher\":{\"@id\":\"https:\/\/elkaminante.com.uy\/#organization\"},\"potentialAction\":[{\"@type\":\"SearchAction\",\"target\":{\"@type\":\"EntryPoint\",\"urlTemplate\":\"https:\/\/elkaminante.com.uy\/?s={search_term_string}\"},\"query-input\":{\"@type\":\"PropertyValueSpecification\",\"valueRequired\":true,\"valueName\":\"search_term_string\"}}],\"inLanguage\":\"en-US\"},{\"@type\":\"Organization\",\"@id\":\"https:\/\/elkaminante.com.uy\/#organization\",\"name\":\"El Kaminante\",\"url\":\"https:\/\/elkaminante.com.uy\/\",\"logo\":{\"@type\":\"ImageObject\",\"inLanguage\":\"en-US\",\"@id\":\"https:\/\/elkaminante.com.uy\/#\/schema\/logo\/image\/\",\"url\":\"https:\/\/elkaminante.com.uy\/wp-content\/uploads\/2025\/02\/logo-elkaminante-blanco.svg\",\"contentUrl\":\"https:\/\/elkaminante.com.uy\/wp-content\/uploads\/2025\/02\/logo-elkaminante-blanco.svg\",\"caption\":\"El Kaminante\"},\"image\":{\"@id\":\"https:\/\/elkaminante.com.uy\/#\/schema\/logo\/image\/\"}}]}<\/script>\n<!-- \/ Yoast SEO plugin. -->","yoast_head_json":{"title":"Sao Miguel do Gostoso - El Kaminante","robots":{"index":"index","follow":"follow","max-snippet":"max-snippet:-1","max-image-preview":"max-image-preview:large","max-video-preview":"max-video-preview:-1"},"canonical":"https:\/\/elkaminante.com.uy\/paquetes\/sao-miguel-do-gostoso\/","og_locale":"en_US","og_type":"article","og_title":"Sao Miguel do Gostoso - El Kaminante","og_description":"En S\u00e3o Miguel do Gostoso, la tranquilidad del Atl\u00e1ntico se mezcla con la autenticidad de la vida costera en Brasil. Desde las extensas playas de aguas cristalinas hasta los vientos propicios para el kitesurf, S\u00e3o Miguel do Gostoso ofrece una experiencia playera \u00fanica. Explora los encantadores pueblos pesqueros cercanos, sum\u00e9rgete en la cultura local a trav\u00e9s de la deliciosa gastronom\u00eda nordestina y si\u00e9ntete parte de la comunidad amigable. Con sus paisajes serenos y la calidez de su gente, S\u00e3o Miguel do Gostoso te invita a descubrir la belleza del nordeste brasile\u00f1o con autenticidad y relajaci\u00f3n.","og_url":"https:\/\/elkaminante.com.uy\/paquetes\/sao-miguel-do-gostoso\/","og_site_name":"El Kaminante","article_modified_time":"2026-04-17T12:39:16+00:00","og_image":[{"width":1024,"height":681,"url":"https:\/\/elkaminante.com.uy\/wp-content\/uploads\/2025\/06\/PAQ432.webp","type":"image\/webp"}],"twitter_card":"summary_large_image","schema":{"@context":"https:\/\/schema.org","@graph":[{"@type":"WebPage","@id":"https:\/\/elkaminante.com.uy\/paquetes\/sao-miguel-do-gostoso\/","url":"https:\/\/elkaminante.com.uy\/paquetes\/sao-miguel-do-gostoso\/","name":"Sao Miguel do Gostoso - El Kaminante","isPartOf":{"@id":"https:\/\/elkaminante.com.uy\/#website"},"primaryImageOfPage":{"@id":"https:\/\/elkaminante.com.uy\/paquetes\/sao-miguel-do-gostoso\/#primaryimage"},"image":{"@id":"https:\/\/elkaminante.com.uy\/paquetes\/sao-miguel-do-gostoso\/#primaryimage"},"thumbnailUrl":"https:\/\/elkaminante.com.uy\/wp-content\/uploads\/2025\/06\/PAQ432.webp","datePublished":"2025-06-16T23:16:18+00:00","dateModified":"2026-04-17T12:39:16+00:00","breadcrumb":{"@id":"https:\/\/elkaminante.com.uy\/paquetes\/sao-miguel-do-gostoso\/#breadcrumb"},"inLanguage":"en-US","potentialAction":[{"@type":"ReadAction","target":["https:\/\/elkaminante.com.uy\/paquetes\/sao-miguel-do-gostoso\/"]}]},{"@type":"ImageObject","inLanguage":"en-US","@id":"https:\/\/elkaminante.com.uy\/paquetes\/sao-miguel-do-gostoso\/#primaryimage","url":"https:\/\/elkaminante.com.uy\/wp-content\/uploads\/2025\/06\/PAQ432.webp","contentUrl":"https:\/\/elkaminante.com.uy\/wp-content\/uploads\/2025\/06\/PAQ432.webp","width":1024,"height":681},{"@type":"BreadcrumbList","@id":"https:\/\/elkaminante.com.uy\/paquetes\/sao-miguel-do-gostoso\/#breadcrumb","itemListElement":[{"@type":"ListItem","position":1,"name":"Inicio","item":"https:\/\/elkaminante.com.uy\/en\/"},{"@type":"ListItem","position":2,"name":"Viajes por el mundo","item":"https:\/\/elkaminante.com.uy\/en\/paquetes\/"},{"@type":"ListItem","position":3,"name":"Sao Miguel do Gostoso"}]},{"@type":"WebSite","@id":"https:\/\/elkaminante.com.uy\/#website","url":"https:\/\/elkaminante.com.uy\/","name":"El Kaminante","description":"Viajes &amp; Turismo","publisher":{"@id":"https:\/\/elkaminante.com.uy\/#organization"},"potentialAction":[{"@type":"SearchAction","target":{"@type":"EntryPoint","urlTemplate":"https:\/\/elkaminante.com.uy\/?s={search_term_string}"},"query-input":{"@type":"PropertyValueSpecification","valueRequired":true,"valueName":"search_term_string"}}],"inLanguage":"en-US"},{"@type":"Organization","@id":"https:\/\/elkaminante.com.uy\/#organization","name":"El Kaminante","url":"https:\/\/elkaminante.com.uy\/","logo":{"@type":"ImageObject","inLanguage":"en-US","@id":"https:\/\/elkaminante.com.uy\/#\/schema\/logo\/image\/","url":"https:\/\/elkaminante.com.uy\/wp-content\/uploads\/2025\/02\/logo-elkaminante-blanco.svg","contentUrl":"https:\/\/elkaminante.com.uy\/wp-content\/uploads\/2025\/02\/logo-elkaminante-blanco.svg","caption":"El Kaminante"},"image":{"@id":"https:\/\/elkaminante.com.uy\/#\/schema\/logo\/image\/"}}]}},"_links":{"self":[{"href":"https:\/\/elkaminante.com.uy\/en\/wp-json\/wp\/v2\/product\/11140","targetHints":{"allow":["GET"]}}],"collection":[{"href":"https:\/\/elkaminante.com.uy\/en\/wp-json\/wp\/v2\/product"}],"about":[{"href":"https:\/\/elkaminante.com.uy\/en\/wp-json\/wp\/v2\/types\/product"}],"wp:featuredmedia":[{"embeddable":true,"href":"https:\/\/elkaminante.com.uy\/en\/wp-json\/wp\/v2\/media\/11138"}],"wp:attachment":[{"href":"https:\/\/elkaminante.com.uy\/en\/wp-json\/wp\/v2\/media?parent=11140"}],"wp:term":[{"taxonomy":"product_brand","embeddable":true,"href":"https:\/\/elkaminante.com.uy\/en\/wp-json\/wp\/v2\/product_brand?post=11140"},{"taxonomy":"product_cat","embeddable":true,"href":"https:\/\/elkaminante.com.uy\/en\/wp-json\/wp\/v2\/product_cat?post=11140"},{"taxonomy":"product_tag","embeddable":true,"href":"https:\/\/elkaminante.com.uy\/en\/wp-json\/wp\/v2\/product_tag?post=11140"}],"curies":[{"name":"wp","href":"https:\/\/api.w.org\/{rel}","templated":true}]}}