{"id":11105,"date":"2025-06-16T20:15:55","date_gmt":"2025-06-16T23:15:55","guid":{"rendered":"https:\/\/elkaminante.com.uy\/paquetes\/iberostar-cristina-palma-de-mallorca\/"},"modified":"2026-04-17T09:39:16","modified_gmt":"2026-04-17T12:39:16","slug":"iberostar-cristina-palma-de-mallorca","status":"publish","type":"product","link":"https:\/\/elkaminante.com.uy\/en\/paquetes\/iberostar-cristina-palma-de-mallorca\/","title":{"rendered":"Iberostar Cristina Palma de Mallorca"},"content":{"rendered":"","protected":false},"excerpt":{"rendered":"<p><b>Mallorca<\/b> es una isla con alma, un destino con una importante historia que nos cuenta a trav\u00e9s de sus museos y monumentos,forma parte del archipi\u00e9lago de las Islas Baleares, Espa\u00f1a y sin duda tiene mucho para ofrecer. Destila cultura y tradici\u00f3n y ofrece la posibilidad de sorprenderse descubriendo sus efervescentes ciudades que contrastan con la tranquilidad de sus pueblos. En su interior se conservan lugares rec\u00f3nditos en los que el tiempo parece haberse detenido, adem\u00e1s de una majestuosa naturaleza en estado salvaje. La costa de Mallorca est\u00e1 formada por 550 kil\u00f3metros que se dividen entre escarpados acantilados e infinitas calas y playas que se abren a las aguas cristalinas del Mediterr\u00e1neo. Entre las opciones m\u00e1s populares se encuentran la impresionante playa de Formentor, la concurrida playa de El Arenal, o Es Trenc, una de las mejores playas v\u00edrgenes de la isla.<\/p>\n","protected":false},"featured_media":11103,"template":"","meta":{"_acf_changed":false,"inline_featured_image":false},"product_brand":[],"product_cat":[28,1579],"product_tag":[173,2059,2337,2074,123,1185,1189,124,3559,1029,65,2825,125,126,1032,667,666,3775,61,3282,1583,127,128,1033,119],"class_list":{"0":"post-11105","1":"product","2":"type-product","3":"status-publish","4":"has-post-thumbnail","6":"product_cat-paquetes","7":"product_cat-uruguay","8":"product_tag-all-inclusive","9":"product_tag-en-espana","10":"product_tag-en-mallorca","11":"product_tag-en-setiembre","12":"product_tag-espana","13":"product_tag-espana-en-mallorca","14":"product_tag-espana-en-setiembre","15":"product_tag-europa","16":"product_tag-iberostar-cristina-palma-de-mallorca","17":"product_tag-mallorca","18":"product_tag-no-aplica","19":"product_tag-palma-de-mallorca","20":"product_tag-paquetes-a-espana","21":"product_tag-paquetes-a-europa","22":"product_tag-paquetes-a-mallorca","23":"product_tag-septiembre","24":"product_tag-setiembre","25":"product_tag-setiembre-2026all-inclusive","26":"product_tag-sin-destino","27":"product_tag-temporada-baja","28":"product_tag-viaje-familiar","29":"product_tag-viajes-a-espana","30":"product_tag-viajes-a-europa","31":"product_tag-viajes-a-mallorca","32":"product_tag-vuelo-y-hotel","33":"entry","34":"has-media","36":"first","37":"instock","38":"shipping-taxable","39":"purchasable","40":"product-type-simple"},"acf":[],"yoast_head":"<!-- This site is optimized with the Yoast SEO plugin v27.2 - https:\/\/yoast.com\/product\/yoast-seo-wordpress\/ -->\n<title>Iberostar Cristina Palma de Mallorca - El Kaminante<\/title>\n<meta name=\"robots\" content=\"index, follow, max-snippet:-1, max-image-preview:large, max-video-preview:-1\" \/>\n<link rel=\"canonical\" href=\"https:\/\/elkaminante.com.uy\/paquetes\/iberostar-cristina-palma-de-mallorca\/\" \/>\n<meta property=\"og:locale\" content=\"en_US\" \/>\n<meta property=\"og:type\" content=\"article\" \/>\n<meta property=\"og:title\" content=\"Iberostar Cristina Palma de Mallorca - El Kaminante\" \/>\n<meta property=\"og:description\" content=\"Mallorca es una isla con alma, un destino con una importante historia que nos cuenta a trav\u00e9s de sus museos y monumentos,forma parte del archipi\u00e9lago de las Islas Baleares, Espa\u00f1a y sin duda tiene mucho para ofrecer. Destila cultura y tradici\u00f3n y ofrece la posibilidad de sorprenderse descubriendo sus efervescentes ciudades que contrastan con la tranquilidad de sus pueblos. En su interior se conservan lugares rec\u00f3nditos en los que el tiempo parece haberse detenido, adem\u00e1s de una majestuosa naturaleza en estado salvaje. La costa de Mallorca est\u00e1 formada por 550 kil\u00f3metros que se dividen entre escarpados acantilados e infinitas calas y playas que se abren a las aguas cristalinas del Mediterr\u00e1neo. Entre las opciones m\u00e1s populares se encuentran la impresionante playa de Formentor, la concurrida playa de El Arenal, o Es Trenc, una de las mejores playas v\u00edrgenes de la isla.\" \/>\n<meta property=\"og:url\" content=\"https:\/\/elkaminante.com.uy\/paquetes\/iberostar-cristina-palma-de-mallorca\/\" \/>\n<meta property=\"og:site_name\" content=\"El Kaminante\" \/>\n<meta property=\"article:modified_time\" content=\"2026-04-17T12:39:16+00:00\" \/>\n<meta property=\"og:image\" content=\"https:\/\/elkaminante.com.uy\/wp-content\/uploads\/2025\/06\/PAQ427.webp\" \/>\n\t<meta property=\"og:image:width\" content=\"1024\" \/>\n\t<meta property=\"og:image:height\" content=\"681\" \/>\n\t<meta property=\"og:image:type\" content=\"image\/webp\" \/>\n<meta name=\"twitter:card\" content=\"summary_large_image\" \/>\n<script type=\"application\/ld+json\" class=\"yoast-schema-graph\">{\"@context\":\"https:\/\/schema.org\",\"@graph\":[{\"@type\":\"WebPage\",\"@id\":\"https:\/\/elkaminante.com.uy\/paquetes\/iberostar-cristina-palma-de-mallorca\/\",\"url\":\"https:\/\/elkaminante.com.uy\/paquetes\/iberostar-cristina-palma-de-mallorca\/\",\"name\":\"Iberostar Cristina Palma de Mallorca - El Kaminante\",\"isPartOf\":{\"@id\":\"https:\/\/elkaminante.com.uy\/#website\"},\"primaryImageOfPage\":{\"@id\":\"https:\/\/elkaminante.com.uy\/paquetes\/iberostar-cristina-palma-de-mallorca\/#primaryimage\"},\"image\":{\"@id\":\"https:\/\/elkaminante.com.uy\/paquetes\/iberostar-cristina-palma-de-mallorca\/#primaryimage\"},\"thumbnailUrl\":\"https:\/\/elkaminante.com.uy\/wp-content\/uploads\/2025\/06\/PAQ427.webp\",\"datePublished\":\"2025-06-16T23:15:55+00:00\",\"dateModified\":\"2026-04-17T12:39:16+00:00\",\"breadcrumb\":{\"@id\":\"https:\/\/elkaminante.com.uy\/paquetes\/iberostar-cristina-palma-de-mallorca\/#breadcrumb\"},\"inLanguage\":\"en-US\",\"potentialAction\":[{\"@type\":\"ReadAction\",\"target\":[\"https:\/\/elkaminante.com.uy\/paquetes\/iberostar-cristina-palma-de-mallorca\/\"]}]},{\"@type\":\"ImageObject\",\"inLanguage\":\"en-US\",\"@id\":\"https:\/\/elkaminante.com.uy\/paquetes\/iberostar-cristina-palma-de-mallorca\/#primaryimage\",\"url\":\"https:\/\/elkaminante.com.uy\/wp-content\/uploads\/2025\/06\/PAQ427.webp\",\"contentUrl\":\"https:\/\/elkaminante.com.uy\/wp-content\/uploads\/2025\/06\/PAQ427.webp\",\"width\":1024,\"height\":681},{\"@type\":\"BreadcrumbList\",\"@id\":\"https:\/\/elkaminante.com.uy\/paquetes\/iberostar-cristina-palma-de-mallorca\/#breadcrumb\",\"itemListElement\":[{\"@type\":\"ListItem\",\"position\":1,\"name\":\"Inicio\",\"item\":\"https:\/\/elkaminante.com.uy\/en\/\"},{\"@type\":\"ListItem\",\"position\":2,\"name\":\"Viajes por el mundo\",\"item\":\"https:\/\/elkaminante.com.uy\/en\/paquetes\/\"},{\"@type\":\"ListItem\",\"position\":3,\"name\":\"Iberostar Cristina Palma de Mallorca\"}]},{\"@type\":\"WebSite\",\"@id\":\"https:\/\/elkaminante.com.uy\/#website\",\"url\":\"https:\/\/elkaminante.com.uy\/\",\"name\":\"El Kaminante\",\"description\":\"Viajes &amp; Turismo\",\"publisher\":{\"@id\":\"https:\/\/elkaminante.com.uy\/#organization\"},\"potentialAction\":[{\"@type\":\"SearchAction\",\"target\":{\"@type\":\"EntryPoint\",\"urlTemplate\":\"https:\/\/elkaminante.com.uy\/?s={search_term_string}\"},\"query-input\":{\"@type\":\"PropertyValueSpecification\",\"valueRequired\":true,\"valueName\":\"search_term_string\"}}],\"inLanguage\":\"en-US\"},{\"@type\":\"Organization\",\"@id\":\"https:\/\/elkaminante.com.uy\/#organization\",\"name\":\"El Kaminante\",\"url\":\"https:\/\/elkaminante.com.uy\/\",\"logo\":{\"@type\":\"ImageObject\",\"inLanguage\":\"en-US\",\"@id\":\"https:\/\/elkaminante.com.uy\/#\/schema\/logo\/image\/\",\"url\":\"https:\/\/elkaminante.com.uy\/wp-content\/uploads\/2025\/02\/logo-elkaminante-blanco.svg\",\"contentUrl\":\"https:\/\/elkaminante.com.uy\/wp-content\/uploads\/2025\/02\/logo-elkaminante-blanco.svg\",\"caption\":\"El Kaminante\"},\"image\":{\"@id\":\"https:\/\/elkaminante.com.uy\/#\/schema\/logo\/image\/\"}}]}<\/script>\n<!-- \/ Yoast SEO plugin. -->","yoast_head_json":{"title":"Iberostar Cristina Palma de Mallorca - El Kaminante","robots":{"index":"index","follow":"follow","max-snippet":"max-snippet:-1","max-image-preview":"max-image-preview:large","max-video-preview":"max-video-preview:-1"},"canonical":"https:\/\/elkaminante.com.uy\/paquetes\/iberostar-cristina-palma-de-mallorca\/","og_locale":"en_US","og_type":"article","og_title":"Iberostar Cristina Palma de Mallorca - El Kaminante","og_description":"Mallorca es una isla con alma, un destino con una importante historia que nos cuenta a trav\u00e9s de sus museos y monumentos,forma parte del archipi\u00e9lago de las Islas Baleares, Espa\u00f1a y sin duda tiene mucho para ofrecer. Destila cultura y tradici\u00f3n y ofrece la posibilidad de sorprenderse descubriendo sus efervescentes ciudades que contrastan con la tranquilidad de sus pueblos. En su interior se conservan lugares rec\u00f3nditos en los que el tiempo parece haberse detenido, adem\u00e1s de una majestuosa naturaleza en estado salvaje. La costa de Mallorca est\u00e1 formada por 550 kil\u00f3metros que se dividen entre escarpados acantilados e infinitas calas y playas que se abren a las aguas cristalinas del Mediterr\u00e1neo. Entre las opciones m\u00e1s populares se encuentran la impresionante playa de Formentor, la concurrida playa de El Arenal, o Es Trenc, una de las mejores playas v\u00edrgenes de la isla.","og_url":"https:\/\/elkaminante.com.uy\/paquetes\/iberostar-cristina-palma-de-mallorca\/","og_site_name":"El Kaminante","article_modified_time":"2026-04-17T12:39:16+00:00","og_image":[{"width":1024,"height":681,"url":"https:\/\/elkaminante.com.uy\/wp-content\/uploads\/2025\/06\/PAQ427.webp","type":"image\/webp"}],"twitter_card":"summary_large_image","schema":{"@context":"https:\/\/schema.org","@graph":[{"@type":"WebPage","@id":"https:\/\/elkaminante.com.uy\/paquetes\/iberostar-cristina-palma-de-mallorca\/","url":"https:\/\/elkaminante.com.uy\/paquetes\/iberostar-cristina-palma-de-mallorca\/","name":"Iberostar Cristina Palma de Mallorca - El Kaminante","isPartOf":{"@id":"https:\/\/elkaminante.com.uy\/#website"},"primaryImageOfPage":{"@id":"https:\/\/elkaminante.com.uy\/paquetes\/iberostar-cristina-palma-de-mallorca\/#primaryimage"},"image":{"@id":"https:\/\/elkaminante.com.uy\/paquetes\/iberostar-cristina-palma-de-mallorca\/#primaryimage"},"thumbnailUrl":"https:\/\/elkaminante.com.uy\/wp-content\/uploads\/2025\/06\/PAQ427.webp","datePublished":"2025-06-16T23:15:55+00:00","dateModified":"2026-04-17T12:39:16+00:00","breadcrumb":{"@id":"https:\/\/elkaminante.com.uy\/paquetes\/iberostar-cristina-palma-de-mallorca\/#breadcrumb"},"inLanguage":"en-US","potentialAction":[{"@type":"ReadAction","target":["https:\/\/elkaminante.com.uy\/paquetes\/iberostar-cristina-palma-de-mallorca\/"]}]},{"@type":"ImageObject","inLanguage":"en-US","@id":"https:\/\/elkaminante.com.uy\/paquetes\/iberostar-cristina-palma-de-mallorca\/#primaryimage","url":"https:\/\/elkaminante.com.uy\/wp-content\/uploads\/2025\/06\/PAQ427.webp","contentUrl":"https:\/\/elkaminante.com.uy\/wp-content\/uploads\/2025\/06\/PAQ427.webp","width":1024,"height":681},{"@type":"BreadcrumbList","@id":"https:\/\/elkaminante.com.uy\/paquetes\/iberostar-cristina-palma-de-mallorca\/#breadcrumb","itemListElement":[{"@type":"ListItem","position":1,"name":"Inicio","item":"https:\/\/elkaminante.com.uy\/en\/"},{"@type":"ListItem","position":2,"name":"Viajes por el mundo","item":"https:\/\/elkaminante.com.uy\/en\/paquetes\/"},{"@type":"ListItem","position":3,"name":"Iberostar Cristina Palma de Mallorca"}]},{"@type":"WebSite","@id":"https:\/\/elkaminante.com.uy\/#website","url":"https:\/\/elkaminante.com.uy\/","name":"El Kaminante","description":"Viajes &amp; Turismo","publisher":{"@id":"https:\/\/elkaminante.com.uy\/#organization"},"potentialAction":[{"@type":"SearchAction","target":{"@type":"EntryPoint","urlTemplate":"https:\/\/elkaminante.com.uy\/?s={search_term_string}"},"query-input":{"@type":"PropertyValueSpecification","valueRequired":true,"valueName":"search_term_string"}}],"inLanguage":"en-US"},{"@type":"Organization","@id":"https:\/\/elkaminante.com.uy\/#organization","name":"El Kaminante","url":"https:\/\/elkaminante.com.uy\/","logo":{"@type":"ImageObject","inLanguage":"en-US","@id":"https:\/\/elkaminante.com.uy\/#\/schema\/logo\/image\/","url":"https:\/\/elkaminante.com.uy\/wp-content\/uploads\/2025\/02\/logo-elkaminante-blanco.svg","contentUrl":"https:\/\/elkaminante.com.uy\/wp-content\/uploads\/2025\/02\/logo-elkaminante-blanco.svg","caption":"El Kaminante"},"image":{"@id":"https:\/\/elkaminante.com.uy\/#\/schema\/logo\/image\/"}}]}},"_links":{"self":[{"href":"https:\/\/elkaminante.com.uy\/en\/wp-json\/wp\/v2\/product\/11105","targetHints":{"allow":["GET"]}}],"collection":[{"href":"https:\/\/elkaminante.com.uy\/en\/wp-json\/wp\/v2\/product"}],"about":[{"href":"https:\/\/elkaminante.com.uy\/en\/wp-json\/wp\/v2\/types\/product"}],"wp:featuredmedia":[{"embeddable":true,"href":"https:\/\/elkaminante.com.uy\/en\/wp-json\/wp\/v2\/media\/11103"}],"wp:attachment":[{"href":"https:\/\/elkaminante.com.uy\/en\/wp-json\/wp\/v2\/media?parent=11105"}],"wp:term":[{"taxonomy":"product_brand","embeddable":true,"href":"https:\/\/elkaminante.com.uy\/en\/wp-json\/wp\/v2\/product_brand?post=11105"},{"taxonomy":"product_cat","embeddable":true,"href":"https:\/\/elkaminante.com.uy\/en\/wp-json\/wp\/v2\/product_cat?post=11105"},{"taxonomy":"product_tag","embeddable":true,"href":"https:\/\/elkaminante.com.uy\/en\/wp-json\/wp\/v2\/product_tag?post=11105"}],"curies":[{"name":"wp","href":"https:\/\/api.w.org\/{rel}","templated":true}]}}