{"id":11093,"date":"2025-06-16T20:15:49","date_gmt":"2025-06-16T23:15:49","guid":{"rendered":"https:\/\/elkaminante.com.uy\/paquetes\/aruba-all-inclusive-2\/"},"modified":"2026-04-17T09:39:16","modified_gmt":"2026-04-17T12:39:16","slug":"aruba-all-inclusive-2","status":"publish","type":"product","link":"https:\/\/elkaminante.com.uy\/en\/paquetes\/aruba-all-inclusive-2\/","title":{"rendered":"Aruba All inclusive"},"content":{"rendered":"","protected":false},"excerpt":{"rendered":"<p>Entre las aguas c\u00e1lidas del Caribe del Sur del Caribe, por fuera de la franja del cintur\u00f3n de de huracanes, se encuentra <b>Aruba<\/b>, conocida como la isla feliz. Hacia el sur y el oeste, Aruba est\u00e1 colmada de resorts, centros comerciales y vida nocturna. Hacia el norte, las olas y el viento esculpen las costas escarpadas y los riscos de piedra caliza. Y en su coraz\u00f3n, el Parque Nacional de Arikok protege un paisaje extenso de arena des\u00e9rtica, cactus enormes y maravillas naturales. Con tantas cosas para hacer en Aruba, seguramente se puede encontrar una actividad, lugar de inter\u00e9s, atracci\u00f3n o un evento que se adapte a todas las necesidades y gustos. <i>Realmente: &#8220;la isla feliz&#8221;.<\/i><\/p>\n","protected":false},"featured_media":11091,"template":"","meta":{"_acf_changed":false,"inline_featured_image":false},"product_brand":[],"product_cat":[28,1579],"product_tag":[173,175,357,3400,361,3771,34,176,2124,558,245,3886,65,180,358,177,61,3282,182,359,178,119],"class_list":{"0":"post-11093","1":"product","2":"type-product","3":"status-publish","4":"has-post-thumbnail","6":"product_cat-paquetes","7":"product_cat-uruguay","8":"product_tag-all-inclusive","9":"product_tag-america-central","10":"product_tag-aruba","11":"product_tag-aruba-all-inclusive","12":"product_tag-aruba-en-aruba","13":"product_tag-aruba-en-junio","14":"product_tag-caribe","15":"product_tag-centro-america","16":"product_tag-en-aruba","17":"product_tag-en-junio","18":"product_tag-junio","19":"product_tag-junio-2026all-inclusive","20":"product_tag-no-aplica","21":"product_tag-paquetes-a-america-central","22":"product_tag-paquetes-a-aruba","23":"product_tag-paquetes-al-caribe","24":"product_tag-sin-destino","25":"product_tag-temporada-baja","26":"product_tag-viajes-a-america-central","27":"product_tag-viajes-a-aruba","28":"product_tag-viajes-al-caribe","29":"product_tag-vuelo-y-hotel","30":"entry","31":"has-media","33":"first","34":"instock","35":"shipping-taxable","36":"purchasable","37":"product-type-simple"},"acf":[],"yoast_head":"<!-- This site is optimized with the Yoast SEO plugin v27.2 - https:\/\/yoast.com\/product\/yoast-seo-wordpress\/ -->\n<title>Aruba All inclusive - El Kaminante<\/title>\n<meta name=\"robots\" content=\"index, follow, max-snippet:-1, max-image-preview:large, max-video-preview:-1\" \/>\n<link rel=\"canonical\" href=\"https:\/\/elkaminante.com.uy\/paquetes\/aruba-all-inclusive-2\/\" \/>\n<meta property=\"og:locale\" content=\"en_US\" \/>\n<meta property=\"og:type\" content=\"article\" \/>\n<meta property=\"og:title\" content=\"Aruba All inclusive - El Kaminante\" \/>\n<meta property=\"og:description\" content=\"Entre las aguas c\u00e1lidas del Caribe del Sur del Caribe, por fuera de la franja del cintur\u00f3n de de huracanes, se encuentra Aruba, conocida como la isla feliz. Hacia el sur y el oeste, Aruba est\u00e1 colmada de resorts, centros comerciales y vida nocturna. Hacia el norte, las olas y el viento esculpen las costas escarpadas y los riscos de piedra caliza. Y en su coraz\u00f3n, el Parque Nacional de Arikok protege un paisaje extenso de arena des\u00e9rtica, cactus enormes y maravillas naturales. Con tantas cosas para hacer en Aruba, seguramente se puede encontrar una actividad, lugar de inter\u00e9s, atracci\u00f3n o un evento que se adapte a todas las necesidades y gustos. Realmente: &quot;la isla feliz&quot;.\" \/>\n<meta property=\"og:url\" content=\"https:\/\/elkaminante.com.uy\/paquetes\/aruba-all-inclusive-2\/\" \/>\n<meta property=\"og:site_name\" content=\"El Kaminante\" \/>\n<meta property=\"article:modified_time\" content=\"2026-04-17T12:39:16+00:00\" \/>\n<meta property=\"og:image\" content=\"https:\/\/elkaminante.com.uy\/wp-content\/uploads\/2025\/06\/PAQ423.webp\" \/>\n\t<meta property=\"og:image:width\" content=\"1024\" \/>\n\t<meta property=\"og:image:height\" content=\"681\" \/>\n\t<meta property=\"og:image:type\" content=\"image\/webp\" \/>\n<meta name=\"twitter:card\" content=\"summary_large_image\" \/>\n<script type=\"application\/ld+json\" class=\"yoast-schema-graph\">{\"@context\":\"https:\/\/schema.org\",\"@graph\":[{\"@type\":\"WebPage\",\"@id\":\"https:\/\/elkaminante.com.uy\/paquetes\/aruba-all-inclusive-2\/\",\"url\":\"https:\/\/elkaminante.com.uy\/paquetes\/aruba-all-inclusive-2\/\",\"name\":\"Aruba All inclusive - El Kaminante\",\"isPartOf\":{\"@id\":\"https:\/\/elkaminante.com.uy\/#website\"},\"primaryImageOfPage\":{\"@id\":\"https:\/\/elkaminante.com.uy\/paquetes\/aruba-all-inclusive-2\/#primaryimage\"},\"image\":{\"@id\":\"https:\/\/elkaminante.com.uy\/paquetes\/aruba-all-inclusive-2\/#primaryimage\"},\"thumbnailUrl\":\"https:\/\/elkaminante.com.uy\/wp-content\/uploads\/2025\/06\/PAQ423.webp\",\"datePublished\":\"2025-06-16T23:15:49+00:00\",\"dateModified\":\"2026-04-17T12:39:16+00:00\",\"breadcrumb\":{\"@id\":\"https:\/\/elkaminante.com.uy\/paquetes\/aruba-all-inclusive-2\/#breadcrumb\"},\"inLanguage\":\"en-US\",\"potentialAction\":[{\"@type\":\"ReadAction\",\"target\":[\"https:\/\/elkaminante.com.uy\/paquetes\/aruba-all-inclusive-2\/\"]}]},{\"@type\":\"ImageObject\",\"inLanguage\":\"en-US\",\"@id\":\"https:\/\/elkaminante.com.uy\/paquetes\/aruba-all-inclusive-2\/#primaryimage\",\"url\":\"https:\/\/elkaminante.com.uy\/wp-content\/uploads\/2025\/06\/PAQ423.webp\",\"contentUrl\":\"https:\/\/elkaminante.com.uy\/wp-content\/uploads\/2025\/06\/PAQ423.webp\",\"width\":1024,\"height\":681},{\"@type\":\"BreadcrumbList\",\"@id\":\"https:\/\/elkaminante.com.uy\/paquetes\/aruba-all-inclusive-2\/#breadcrumb\",\"itemListElement\":[{\"@type\":\"ListItem\",\"position\":1,\"name\":\"Inicio\",\"item\":\"https:\/\/elkaminante.com.uy\/en\/\"},{\"@type\":\"ListItem\",\"position\":2,\"name\":\"Viajes por el mundo\",\"item\":\"https:\/\/elkaminante.com.uy\/en\/paquetes\/\"},{\"@type\":\"ListItem\",\"position\":3,\"name\":\"Aruba All inclusive\"}]},{\"@type\":\"WebSite\",\"@id\":\"https:\/\/elkaminante.com.uy\/#website\",\"url\":\"https:\/\/elkaminante.com.uy\/\",\"name\":\"El Kaminante\",\"description\":\"Viajes &amp; Turismo\",\"publisher\":{\"@id\":\"https:\/\/elkaminante.com.uy\/#organization\"},\"potentialAction\":[{\"@type\":\"SearchAction\",\"target\":{\"@type\":\"EntryPoint\",\"urlTemplate\":\"https:\/\/elkaminante.com.uy\/?s={search_term_string}\"},\"query-input\":{\"@type\":\"PropertyValueSpecification\",\"valueRequired\":true,\"valueName\":\"search_term_string\"}}],\"inLanguage\":\"en-US\"},{\"@type\":\"Organization\",\"@id\":\"https:\/\/elkaminante.com.uy\/#organization\",\"name\":\"El Kaminante\",\"url\":\"https:\/\/elkaminante.com.uy\/\",\"logo\":{\"@type\":\"ImageObject\",\"inLanguage\":\"en-US\",\"@id\":\"https:\/\/elkaminante.com.uy\/#\/schema\/logo\/image\/\",\"url\":\"https:\/\/elkaminante.com.uy\/wp-content\/uploads\/2025\/02\/logo-elkaminante-blanco.svg\",\"contentUrl\":\"https:\/\/elkaminante.com.uy\/wp-content\/uploads\/2025\/02\/logo-elkaminante-blanco.svg\",\"caption\":\"El Kaminante\"},\"image\":{\"@id\":\"https:\/\/elkaminante.com.uy\/#\/schema\/logo\/image\/\"}}]}<\/script>\n<!-- \/ Yoast SEO plugin. -->","yoast_head_json":{"title":"Aruba All inclusive - El Kaminante","robots":{"index":"index","follow":"follow","max-snippet":"max-snippet:-1","max-image-preview":"max-image-preview:large","max-video-preview":"max-video-preview:-1"},"canonical":"https:\/\/elkaminante.com.uy\/paquetes\/aruba-all-inclusive-2\/","og_locale":"en_US","og_type":"article","og_title":"Aruba All inclusive - El Kaminante","og_description":"Entre las aguas c\u00e1lidas del Caribe del Sur del Caribe, por fuera de la franja del cintur\u00f3n de de huracanes, se encuentra Aruba, conocida como la isla feliz. Hacia el sur y el oeste, Aruba est\u00e1 colmada de resorts, centros comerciales y vida nocturna. Hacia el norte, las olas y el viento esculpen las costas escarpadas y los riscos de piedra caliza. Y en su coraz\u00f3n, el Parque Nacional de Arikok protege un paisaje extenso de arena des\u00e9rtica, cactus enormes y maravillas naturales. Con tantas cosas para hacer en Aruba, seguramente se puede encontrar una actividad, lugar de inter\u00e9s, atracci\u00f3n o un evento que se adapte a todas las necesidades y gustos. Realmente: \"la isla feliz\".","og_url":"https:\/\/elkaminante.com.uy\/paquetes\/aruba-all-inclusive-2\/","og_site_name":"El Kaminante","article_modified_time":"2026-04-17T12:39:16+00:00","og_image":[{"width":1024,"height":681,"url":"https:\/\/elkaminante.com.uy\/wp-content\/uploads\/2025\/06\/PAQ423.webp","type":"image\/webp"}],"twitter_card":"summary_large_image","schema":{"@context":"https:\/\/schema.org","@graph":[{"@type":"WebPage","@id":"https:\/\/elkaminante.com.uy\/paquetes\/aruba-all-inclusive-2\/","url":"https:\/\/elkaminante.com.uy\/paquetes\/aruba-all-inclusive-2\/","name":"Aruba All inclusive - El Kaminante","isPartOf":{"@id":"https:\/\/elkaminante.com.uy\/#website"},"primaryImageOfPage":{"@id":"https:\/\/elkaminante.com.uy\/paquetes\/aruba-all-inclusive-2\/#primaryimage"},"image":{"@id":"https:\/\/elkaminante.com.uy\/paquetes\/aruba-all-inclusive-2\/#primaryimage"},"thumbnailUrl":"https:\/\/elkaminante.com.uy\/wp-content\/uploads\/2025\/06\/PAQ423.webp","datePublished":"2025-06-16T23:15:49+00:00","dateModified":"2026-04-17T12:39:16+00:00","breadcrumb":{"@id":"https:\/\/elkaminante.com.uy\/paquetes\/aruba-all-inclusive-2\/#breadcrumb"},"inLanguage":"en-US","potentialAction":[{"@type":"ReadAction","target":["https:\/\/elkaminante.com.uy\/paquetes\/aruba-all-inclusive-2\/"]}]},{"@type":"ImageObject","inLanguage":"en-US","@id":"https:\/\/elkaminante.com.uy\/paquetes\/aruba-all-inclusive-2\/#primaryimage","url":"https:\/\/elkaminante.com.uy\/wp-content\/uploads\/2025\/06\/PAQ423.webp","contentUrl":"https:\/\/elkaminante.com.uy\/wp-content\/uploads\/2025\/06\/PAQ423.webp","width":1024,"height":681},{"@type":"BreadcrumbList","@id":"https:\/\/elkaminante.com.uy\/paquetes\/aruba-all-inclusive-2\/#breadcrumb","itemListElement":[{"@type":"ListItem","position":1,"name":"Inicio","item":"https:\/\/elkaminante.com.uy\/en\/"},{"@type":"ListItem","position":2,"name":"Viajes por el mundo","item":"https:\/\/elkaminante.com.uy\/en\/paquetes\/"},{"@type":"ListItem","position":3,"name":"Aruba All inclusive"}]},{"@type":"WebSite","@id":"https:\/\/elkaminante.com.uy\/#website","url":"https:\/\/elkaminante.com.uy\/","name":"El Kaminante","description":"Viajes &amp; Turismo","publisher":{"@id":"https:\/\/elkaminante.com.uy\/#organization"},"potentialAction":[{"@type":"SearchAction","target":{"@type":"EntryPoint","urlTemplate":"https:\/\/elkaminante.com.uy\/?s={search_term_string}"},"query-input":{"@type":"PropertyValueSpecification","valueRequired":true,"valueName":"search_term_string"}}],"inLanguage":"en-US"},{"@type":"Organization","@id":"https:\/\/elkaminante.com.uy\/#organization","name":"El Kaminante","url":"https:\/\/elkaminante.com.uy\/","logo":{"@type":"ImageObject","inLanguage":"en-US","@id":"https:\/\/elkaminante.com.uy\/#\/schema\/logo\/image\/","url":"https:\/\/elkaminante.com.uy\/wp-content\/uploads\/2025\/02\/logo-elkaminante-blanco.svg","contentUrl":"https:\/\/elkaminante.com.uy\/wp-content\/uploads\/2025\/02\/logo-elkaminante-blanco.svg","caption":"El Kaminante"},"image":{"@id":"https:\/\/elkaminante.com.uy\/#\/schema\/logo\/image\/"}}]}},"_links":{"self":[{"href":"https:\/\/elkaminante.com.uy\/en\/wp-json\/wp\/v2\/product\/11093","targetHints":{"allow":["GET"]}}],"collection":[{"href":"https:\/\/elkaminante.com.uy\/en\/wp-json\/wp\/v2\/product"}],"about":[{"href":"https:\/\/elkaminante.com.uy\/en\/wp-json\/wp\/v2\/types\/product"}],"wp:featuredmedia":[{"embeddable":true,"href":"https:\/\/elkaminante.com.uy\/en\/wp-json\/wp\/v2\/media\/11091"}],"wp:attachment":[{"href":"https:\/\/elkaminante.com.uy\/en\/wp-json\/wp\/v2\/media?parent=11093"}],"wp:term":[{"taxonomy":"product_brand","embeddable":true,"href":"https:\/\/elkaminante.com.uy\/en\/wp-json\/wp\/v2\/product_brand?post=11093"},{"taxonomy":"product_cat","embeddable":true,"href":"https:\/\/elkaminante.com.uy\/en\/wp-json\/wp\/v2\/product_cat?post=11093"},{"taxonomy":"product_tag","embeddable":true,"href":"https:\/\/elkaminante.com.uy\/en\/wp-json\/wp\/v2\/product_tag?post=11093"}],"curies":[{"name":"wp","href":"https:\/\/api.w.org\/{rel}","templated":true}]}}