{"id":11077,"date":"2025-06-16T20:15:37","date_gmt":"2025-06-16T23:15:37","guid":{"rendered":"https:\/\/elkaminante.com.uy\/paquetes\/el-calafate-desde-mvd\/"},"modified":"2026-04-17T09:39:14","modified_gmt":"2026-04-17T12:39:14","slug":"el-calafate-desde-mvd","status":"publish","type":"product","link":"https:\/\/elkaminante.com.uy\/en\/paquetes\/el-calafate-desde-mvd\/","title":{"rendered":"El Calafate desde MVD"},"content":{"rendered":"","protected":false},"excerpt":{"rendered":"<p>La localidad de <b>El Calafate<\/b> se encuentra ubicada sobre la margen sur del Lago Argentino, y es \u00fanico punto de acceso al Glaciar Perito Moreno, declarado Patrimonio de la Humanidad. \u00c9sta ciudad comparte con la ciudad del El Chalt\u00e9n el Parque Nacional los Glaciares el cual resguarda glaciares reconocidos internacionalmente y al mismo tiempo ofrece la mayor diversidad de actividades en Santa Cruz. All\u00ed se podr\u00e1 practicar desde trekking sobre el glaciar, navegaciones, visitas a pasarelas, hasta actividades de aventura en 4&#215;4 y cabalgatas. En la ciudad se encuentran museos, bares de hielo, chocolater\u00edas. Aqu\u00ed la gastronom\u00eda tradicional tiene un importante desarrollo y el elemento emblem\u00e1tico es el cordero patag\u00f3nico, un plato que no pueden dejar de degustar.<\/p>\n","protected":false},"featured_media":11075,"template":"","meta":{"_acf_changed":false,"inline_featured_image":false},"product_brand":[],"product_cat":[28,1579],"product_tag":[96,88,36,501,1272,1641,1642,64,497,3552,2134,2154,1610,879,3741,65,393,91,407,498,61,89,2953,1092,2952,93,408,499,119],"class_list":{"0":"post-11077","1":"product","2":"type-product","3":"status-publish","4":"has-post-thumbnail","6":"product_cat-paquetes","7":"product_cat-uruguay","8":"product_tag-alarma-precios-bajos","9":"product_tag-america-del-sur","10":"product_tag-argentina","11":"product_tag-argentina-en-el-calafate","12":"product_tag-argentina-en-julio","13":"product_tag-ciudad","14":"product_tag-cultural","15":"product_tag-desayuno","16":"product_tag-el-calafate","17":"product_tag-el-calafate-desde-mvd","18":"product_tag-en-argentina","19":"product_tag-en-el-calafate","20":"product_tag-en-julio","21":"product_tag-julio","22":"product_tag-julio-2026alarma-precios-bajos","23":"product_tag-no-aplica","24":"product_tag-otros-destinos","25":"product_tag-paquetes-a-america-del-sur","26":"product_tag-paquetes-a-argentina","27":"product_tag-paquetes-a-el-calafate","28":"product_tag-sin-destino","29":"product_tag-sudamerica","30":"product_tag-vacaciones-de-invierno","31":"product_tag-vacaciones-de-julio","32":"product_tag-vacaciones-julio","33":"product_tag-viajes-a-america-del-sur","34":"product_tag-viajes-a-argentina","35":"product_tag-viajes-a-el-calafate","36":"product_tag-vuelo-y-hotel","37":"entry","38":"has-media","40":"first","41":"instock","42":"shipping-taxable","43":"purchasable","44":"product-type-simple"},"acf":[],"yoast_head":"<!-- This site is optimized with the Yoast SEO plugin v27.2 - https:\/\/yoast.com\/product\/yoast-seo-wordpress\/ -->\n<title>El Calafate desde MVD - El Kaminante<\/title>\n<meta name=\"robots\" content=\"index, follow, max-snippet:-1, max-image-preview:large, max-video-preview:-1\" \/>\n<link rel=\"canonical\" href=\"https:\/\/elkaminante.com.uy\/paquetes\/el-calafate-desde-mvd\/\" \/>\n<meta property=\"og:locale\" content=\"en_US\" \/>\n<meta property=\"og:type\" content=\"article\" \/>\n<meta property=\"og:title\" content=\"El Calafate desde MVD - El Kaminante\" \/>\n<meta property=\"og:description\" content=\"La localidad de El Calafate se encuentra ubicada sobre la margen sur del Lago Argentino, y es \u00fanico punto de acceso al Glaciar Perito Moreno, declarado Patrimonio de la Humanidad. \u00c9sta ciudad comparte con la ciudad del El Chalt\u00e9n el Parque Nacional los Glaciares el cual resguarda glaciares reconocidos internacionalmente y al mismo tiempo ofrece la mayor diversidad de actividades en Santa Cruz. All\u00ed se podr\u00e1 practicar desde trekking sobre el glaciar, navegaciones, visitas a pasarelas, hasta actividades de aventura en 4x4 y cabalgatas. En la ciudad se encuentran museos, bares de hielo, chocolater\u00edas. Aqu\u00ed la gastronom\u00eda tradicional tiene un importante desarrollo y el elemento emblem\u00e1tico es el cordero patag\u00f3nico, un plato que no pueden dejar de degustar.\" \/>\n<meta property=\"og:url\" content=\"https:\/\/elkaminante.com.uy\/paquetes\/el-calafate-desde-mvd\/\" \/>\n<meta property=\"og:site_name\" content=\"El Kaminante\" \/>\n<meta property=\"article:modified_time\" content=\"2026-04-17T12:39:14+00:00\" \/>\n<meta name=\"twitter:card\" content=\"summary_large_image\" \/>\n<script type=\"application\/ld+json\" class=\"yoast-schema-graph\">{\"@context\":\"https:\/\/schema.org\",\"@graph\":[{\"@type\":\"WebPage\",\"@id\":\"https:\/\/elkaminante.com.uy\/paquetes\/el-calafate-desde-mvd\/\",\"url\":\"https:\/\/elkaminante.com.uy\/paquetes\/el-calafate-desde-mvd\/\",\"name\":\"El Calafate desde MVD - El Kaminante\",\"isPartOf\":{\"@id\":\"https:\/\/elkaminante.com.uy\/#website\"},\"primaryImageOfPage\":{\"@id\":\"https:\/\/elkaminante.com.uy\/paquetes\/el-calafate-desde-mvd\/#primaryimage\"},\"image\":{\"@id\":\"https:\/\/elkaminante.com.uy\/paquetes\/el-calafate-desde-mvd\/#primaryimage\"},\"thumbnailUrl\":\"https:\/\/elkaminante.com.uy\/wp-content\/uploads\/2025\/06\/PAQ419.webp\",\"datePublished\":\"2025-06-16T23:15:37+00:00\",\"dateModified\":\"2026-04-17T12:39:14+00:00\",\"breadcrumb\":{\"@id\":\"https:\/\/elkaminante.com.uy\/paquetes\/el-calafate-desde-mvd\/#breadcrumb\"},\"inLanguage\":\"en-US\",\"potentialAction\":[{\"@type\":\"ReadAction\",\"target\":[\"https:\/\/elkaminante.com.uy\/paquetes\/el-calafate-desde-mvd\/\"]}]},{\"@type\":\"ImageObject\",\"inLanguage\":\"en-US\",\"@id\":\"https:\/\/elkaminante.com.uy\/paquetes\/el-calafate-desde-mvd\/#primaryimage\",\"url\":\"https:\/\/elkaminante.com.uy\/wp-content\/uploads\/2025\/06\/PAQ419.webp\",\"contentUrl\":\"https:\/\/elkaminante.com.uy\/wp-content\/uploads\/2025\/06\/PAQ419.webp\",\"width\":1024,\"height\":681},{\"@type\":\"BreadcrumbList\",\"@id\":\"https:\/\/elkaminante.com.uy\/paquetes\/el-calafate-desde-mvd\/#breadcrumb\",\"itemListElement\":[{\"@type\":\"ListItem\",\"position\":1,\"name\":\"Inicio\",\"item\":\"https:\/\/elkaminante.com.uy\/en\/\"},{\"@type\":\"ListItem\",\"position\":2,\"name\":\"Viajes por el mundo\",\"item\":\"https:\/\/elkaminante.com.uy\/en\/paquetes\/\"},{\"@type\":\"ListItem\",\"position\":3,\"name\":\"El Calafate desde MVD\"}]},{\"@type\":\"WebSite\",\"@id\":\"https:\/\/elkaminante.com.uy\/#website\",\"url\":\"https:\/\/elkaminante.com.uy\/\",\"name\":\"El Kaminante\",\"description\":\"Viajes &amp; Turismo\",\"publisher\":{\"@id\":\"https:\/\/elkaminante.com.uy\/#organization\"},\"potentialAction\":[{\"@type\":\"SearchAction\",\"target\":{\"@type\":\"EntryPoint\",\"urlTemplate\":\"https:\/\/elkaminante.com.uy\/?s={search_term_string}\"},\"query-input\":{\"@type\":\"PropertyValueSpecification\",\"valueRequired\":true,\"valueName\":\"search_term_string\"}}],\"inLanguage\":\"en-US\"},{\"@type\":\"Organization\",\"@id\":\"https:\/\/elkaminante.com.uy\/#organization\",\"name\":\"El Kaminante\",\"url\":\"https:\/\/elkaminante.com.uy\/\",\"logo\":{\"@type\":\"ImageObject\",\"inLanguage\":\"en-US\",\"@id\":\"https:\/\/elkaminante.com.uy\/#\/schema\/logo\/image\/\",\"url\":\"https:\/\/elkaminante.com.uy\/wp-content\/uploads\/2025\/02\/logo-elkaminante-blanco.svg\",\"contentUrl\":\"https:\/\/elkaminante.com.uy\/wp-content\/uploads\/2025\/02\/logo-elkaminante-blanco.svg\",\"caption\":\"El Kaminante\"},\"image\":{\"@id\":\"https:\/\/elkaminante.com.uy\/#\/schema\/logo\/image\/\"}}]}<\/script>\n<!-- \/ Yoast SEO plugin. -->","yoast_head_json":{"title":"El Calafate desde MVD - El Kaminante","robots":{"index":"index","follow":"follow","max-snippet":"max-snippet:-1","max-image-preview":"max-image-preview:large","max-video-preview":"max-video-preview:-1"},"canonical":"https:\/\/elkaminante.com.uy\/paquetes\/el-calafate-desde-mvd\/","og_locale":"en_US","og_type":"article","og_title":"El Calafate desde MVD - El Kaminante","og_description":"La localidad de El Calafate se encuentra ubicada sobre la margen sur del Lago Argentino, y es \u00fanico punto de acceso al Glaciar Perito Moreno, declarado Patrimonio de la Humanidad. \u00c9sta ciudad comparte con la ciudad del El Chalt\u00e9n el Parque Nacional los Glaciares el cual resguarda glaciares reconocidos internacionalmente y al mismo tiempo ofrece la mayor diversidad de actividades en Santa Cruz. All\u00ed se podr\u00e1 practicar desde trekking sobre el glaciar, navegaciones, visitas a pasarelas, hasta actividades de aventura en 4x4 y cabalgatas. En la ciudad se encuentran museos, bares de hielo, chocolater\u00edas. Aqu\u00ed la gastronom\u00eda tradicional tiene un importante desarrollo y el elemento emblem\u00e1tico es el cordero patag\u00f3nico, un plato que no pueden dejar de degustar.","og_url":"https:\/\/elkaminante.com.uy\/paquetes\/el-calafate-desde-mvd\/","og_site_name":"El Kaminante","article_modified_time":"2026-04-17T12:39:14+00:00","twitter_card":"summary_large_image","schema":{"@context":"https:\/\/schema.org","@graph":[{"@type":"WebPage","@id":"https:\/\/elkaminante.com.uy\/paquetes\/el-calafate-desde-mvd\/","url":"https:\/\/elkaminante.com.uy\/paquetes\/el-calafate-desde-mvd\/","name":"El Calafate desde MVD - El Kaminante","isPartOf":{"@id":"https:\/\/elkaminante.com.uy\/#website"},"primaryImageOfPage":{"@id":"https:\/\/elkaminante.com.uy\/paquetes\/el-calafate-desde-mvd\/#primaryimage"},"image":{"@id":"https:\/\/elkaminante.com.uy\/paquetes\/el-calafate-desde-mvd\/#primaryimage"},"thumbnailUrl":"https:\/\/elkaminante.com.uy\/wp-content\/uploads\/2025\/06\/PAQ419.webp","datePublished":"2025-06-16T23:15:37+00:00","dateModified":"2026-04-17T12:39:14+00:00","breadcrumb":{"@id":"https:\/\/elkaminante.com.uy\/paquetes\/el-calafate-desde-mvd\/#breadcrumb"},"inLanguage":"en-US","potentialAction":[{"@type":"ReadAction","target":["https:\/\/elkaminante.com.uy\/paquetes\/el-calafate-desde-mvd\/"]}]},{"@type":"ImageObject","inLanguage":"en-US","@id":"https:\/\/elkaminante.com.uy\/paquetes\/el-calafate-desde-mvd\/#primaryimage","url":"https:\/\/elkaminante.com.uy\/wp-content\/uploads\/2025\/06\/PAQ419.webp","contentUrl":"https:\/\/elkaminante.com.uy\/wp-content\/uploads\/2025\/06\/PAQ419.webp","width":1024,"height":681},{"@type":"BreadcrumbList","@id":"https:\/\/elkaminante.com.uy\/paquetes\/el-calafate-desde-mvd\/#breadcrumb","itemListElement":[{"@type":"ListItem","position":1,"name":"Inicio","item":"https:\/\/elkaminante.com.uy\/en\/"},{"@type":"ListItem","position":2,"name":"Viajes por el mundo","item":"https:\/\/elkaminante.com.uy\/en\/paquetes\/"},{"@type":"ListItem","position":3,"name":"El Calafate desde MVD"}]},{"@type":"WebSite","@id":"https:\/\/elkaminante.com.uy\/#website","url":"https:\/\/elkaminante.com.uy\/","name":"El Kaminante","description":"Viajes &amp; Turismo","publisher":{"@id":"https:\/\/elkaminante.com.uy\/#organization"},"potentialAction":[{"@type":"SearchAction","target":{"@type":"EntryPoint","urlTemplate":"https:\/\/elkaminante.com.uy\/?s={search_term_string}"},"query-input":{"@type":"PropertyValueSpecification","valueRequired":true,"valueName":"search_term_string"}}],"inLanguage":"en-US"},{"@type":"Organization","@id":"https:\/\/elkaminante.com.uy\/#organization","name":"El Kaminante","url":"https:\/\/elkaminante.com.uy\/","logo":{"@type":"ImageObject","inLanguage":"en-US","@id":"https:\/\/elkaminante.com.uy\/#\/schema\/logo\/image\/","url":"https:\/\/elkaminante.com.uy\/wp-content\/uploads\/2025\/02\/logo-elkaminante-blanco.svg","contentUrl":"https:\/\/elkaminante.com.uy\/wp-content\/uploads\/2025\/02\/logo-elkaminante-blanco.svg","caption":"El Kaminante"},"image":{"@id":"https:\/\/elkaminante.com.uy\/#\/schema\/logo\/image\/"}}]}},"_links":{"self":[{"href":"https:\/\/elkaminante.com.uy\/en\/wp-json\/wp\/v2\/product\/11077","targetHints":{"allow":["GET"]}}],"collection":[{"href":"https:\/\/elkaminante.com.uy\/en\/wp-json\/wp\/v2\/product"}],"about":[{"href":"https:\/\/elkaminante.com.uy\/en\/wp-json\/wp\/v2\/types\/product"}],"wp:featuredmedia":[{"embeddable":true,"href":"https:\/\/elkaminante.com.uy\/en\/wp-json\/wp\/v2\/media\/11075"}],"wp:attachment":[{"href":"https:\/\/elkaminante.com.uy\/en\/wp-json\/wp\/v2\/media?parent=11077"}],"wp:term":[{"taxonomy":"product_brand","embeddable":true,"href":"https:\/\/elkaminante.com.uy\/en\/wp-json\/wp\/v2\/product_brand?post=11077"},{"taxonomy":"product_cat","embeddable":true,"href":"https:\/\/elkaminante.com.uy\/en\/wp-json\/wp\/v2\/product_cat?post=11077"},{"taxonomy":"product_tag","embeddable":true,"href":"https:\/\/elkaminante.com.uy\/en\/wp-json\/wp\/v2\/product_tag?post=11077"}],"curies":[{"name":"wp","href":"https:\/\/api.w.org\/{rel}","templated":true}]}}