{"id":11008,"date":"2025-06-16T20:15:01","date_gmt":"2025-06-16T23:15:01","guid":{"rendered":"https:\/\/elkaminante.com.uy\/paquetes\/malta-con-auto\/"},"modified":"2026-04-17T09:39:13","modified_gmt":"2026-04-17T12:39:13","slug":"malta-con-auto","status":"publish","type":"product","link":"https:\/\/elkaminante.com.uy\/en\/paquetes\/malta-con-auto\/","title":{"rendered":"Malta con auto"},"content":{"rendered":"","protected":false},"excerpt":{"rendered":"<p>En <b>Malta<\/b>, la belleza mediterr\u00e1nea se mezcla con una rica historia. Con playas como la impresionante Bah\u00eda de Golden Sands y la encantadora capital, La Valeta, con su arquitectura hist\u00f3rica, Malta ofrece una experiencia costera \u00fanica. Explora templos antiguos, disfruta de la autenticidad de los mercados locales y sum\u00e9rgete en la animada vida nocturna. Con encantadores paisajes y hospitalidad, Malta te invita a descubrir el Mediterr\u00e1neo con autenticidad y encanto.<\/p>\n","protected":false},"featured_media":11006,"template":"","meta":{"_acf_changed":false,"inline_featured_image":false},"product_brand":[],"product_cat":[28,1579],"product_tag":[518,2824,2059,558,2324,123,928,1147,124,245,2481,1143,3541,65,125,126,1144,120,61,2906,127,128,1145,119],"class_list":{"0":"post-11008","1":"product","2":"type-product","3":"status-publish","4":"has-post-thumbnail","6":"product_cat-paquetes","7":"product_cat-uruguay","8":"product_tag-auto-incluido","9":"product_tag-con-auto","10":"product_tag-en-espana","11":"product_tag-en-junio","12":"product_tag-en-malta","13":"product_tag-espana","14":"product_tag-espana-en-junio","15":"product_tag-espana-en-malta","16":"product_tag-europa","17":"product_tag-junio","18":"product_tag-junio-2026","19":"product_tag-malta","20":"product_tag-malta-con-auto","21":"product_tag-no-aplica","22":"product_tag-paquetes-a-espana","23":"product_tag-paquetes-a-europa","24":"product_tag-paquetes-a-malta","25":"product_tag-sin-comidas","26":"product_tag-sin-destino","27":"product_tag-st-julians","28":"product_tag-viajes-a-espana","29":"product_tag-viajes-a-europa","30":"product_tag-viajes-a-malta","31":"product_tag-vuelo-y-hotel","32":"entry","33":"has-media","35":"first","36":"instock","37":"shipping-taxable","38":"purchasable","39":"product-type-simple"},"acf":[],"yoast_head":"<!-- This site is optimized with the Yoast SEO plugin v27.2 - https:\/\/yoast.com\/product\/yoast-seo-wordpress\/ -->\n<title>Malta con auto - El Kaminante<\/title>\n<meta name=\"robots\" content=\"index, follow, max-snippet:-1, max-image-preview:large, max-video-preview:-1\" \/>\n<link rel=\"canonical\" href=\"https:\/\/elkaminante.com.uy\/paquetes\/malta-con-auto\/\" \/>\n<meta property=\"og:locale\" content=\"en_US\" \/>\n<meta property=\"og:type\" content=\"article\" \/>\n<meta property=\"og:title\" content=\"Malta con auto - El Kaminante\" \/>\n<meta property=\"og:description\" content=\"En Malta, la belleza mediterr\u00e1nea se mezcla con una rica historia. Con playas como la impresionante Bah\u00eda de Golden Sands y la encantadora capital, La Valeta, con su arquitectura hist\u00f3rica, Malta ofrece una experiencia costera \u00fanica. Explora templos antiguos, disfruta de la autenticidad de los mercados locales y sum\u00e9rgete en la animada vida nocturna. Con encantadores paisajes y hospitalidad, Malta te invita a descubrir el Mediterr\u00e1neo con autenticidad y encanto.\" \/>\n<meta property=\"og:url\" content=\"https:\/\/elkaminante.com.uy\/paquetes\/malta-con-auto\/\" \/>\n<meta property=\"og:site_name\" content=\"El Kaminante\" \/>\n<meta property=\"article:modified_time\" content=\"2026-04-17T12:39:13+00:00\" \/>\n<meta name=\"twitter:card\" content=\"summary_large_image\" \/>\n<script type=\"application\/ld+json\" class=\"yoast-schema-graph\">{\"@context\":\"https:\/\/schema.org\",\"@graph\":[{\"@type\":\"WebPage\",\"@id\":\"https:\/\/elkaminante.com.uy\/paquetes\/malta-con-auto\/\",\"url\":\"https:\/\/elkaminante.com.uy\/paquetes\/malta-con-auto\/\",\"name\":\"Malta con auto - El Kaminante\",\"isPartOf\":{\"@id\":\"https:\/\/elkaminante.com.uy\/#website\"},\"primaryImageOfPage\":{\"@id\":\"https:\/\/elkaminante.com.uy\/paquetes\/malta-con-auto\/#primaryimage\"},\"image\":{\"@id\":\"https:\/\/elkaminante.com.uy\/paquetes\/malta-con-auto\/#primaryimage\"},\"thumbnailUrl\":\"https:\/\/elkaminante.com.uy\/wp-content\/uploads\/2025\/06\/PAQ402.webp\",\"datePublished\":\"2025-06-16T23:15:01+00:00\",\"dateModified\":\"2026-04-17T12:39:13+00:00\",\"breadcrumb\":{\"@id\":\"https:\/\/elkaminante.com.uy\/paquetes\/malta-con-auto\/#breadcrumb\"},\"inLanguage\":\"en-US\",\"potentialAction\":[{\"@type\":\"ReadAction\",\"target\":[\"https:\/\/elkaminante.com.uy\/paquetes\/malta-con-auto\/\"]}]},{\"@type\":\"ImageObject\",\"inLanguage\":\"en-US\",\"@id\":\"https:\/\/elkaminante.com.uy\/paquetes\/malta-con-auto\/#primaryimage\",\"url\":\"https:\/\/elkaminante.com.uy\/wp-content\/uploads\/2025\/06\/PAQ402.webp\",\"contentUrl\":\"https:\/\/elkaminante.com.uy\/wp-content\/uploads\/2025\/06\/PAQ402.webp\",\"width\":800,\"height\":457},{\"@type\":\"BreadcrumbList\",\"@id\":\"https:\/\/elkaminante.com.uy\/paquetes\/malta-con-auto\/#breadcrumb\",\"itemListElement\":[{\"@type\":\"ListItem\",\"position\":1,\"name\":\"Inicio\",\"item\":\"https:\/\/elkaminante.com.uy\/en\/\"},{\"@type\":\"ListItem\",\"position\":2,\"name\":\"Viajes por el mundo\",\"item\":\"https:\/\/elkaminante.com.uy\/en\/paquetes\/\"},{\"@type\":\"ListItem\",\"position\":3,\"name\":\"Malta con auto\"}]},{\"@type\":\"WebSite\",\"@id\":\"https:\/\/elkaminante.com.uy\/#website\",\"url\":\"https:\/\/elkaminante.com.uy\/\",\"name\":\"El Kaminante\",\"description\":\"Viajes &amp; Turismo\",\"publisher\":{\"@id\":\"https:\/\/elkaminante.com.uy\/#organization\"},\"potentialAction\":[{\"@type\":\"SearchAction\",\"target\":{\"@type\":\"EntryPoint\",\"urlTemplate\":\"https:\/\/elkaminante.com.uy\/?s={search_term_string}\"},\"query-input\":{\"@type\":\"PropertyValueSpecification\",\"valueRequired\":true,\"valueName\":\"search_term_string\"}}],\"inLanguage\":\"en-US\"},{\"@type\":\"Organization\",\"@id\":\"https:\/\/elkaminante.com.uy\/#organization\",\"name\":\"El Kaminante\",\"url\":\"https:\/\/elkaminante.com.uy\/\",\"logo\":{\"@type\":\"ImageObject\",\"inLanguage\":\"en-US\",\"@id\":\"https:\/\/elkaminante.com.uy\/#\/schema\/logo\/image\/\",\"url\":\"https:\/\/elkaminante.com.uy\/wp-content\/uploads\/2025\/02\/logo-elkaminante-blanco.svg\",\"contentUrl\":\"https:\/\/elkaminante.com.uy\/wp-content\/uploads\/2025\/02\/logo-elkaminante-blanco.svg\",\"caption\":\"El Kaminante\"},\"image\":{\"@id\":\"https:\/\/elkaminante.com.uy\/#\/schema\/logo\/image\/\"}}]}<\/script>\n<!-- \/ Yoast SEO plugin. -->","yoast_head_json":{"title":"Malta con auto - El Kaminante","robots":{"index":"index","follow":"follow","max-snippet":"max-snippet:-1","max-image-preview":"max-image-preview:large","max-video-preview":"max-video-preview:-1"},"canonical":"https:\/\/elkaminante.com.uy\/paquetes\/malta-con-auto\/","og_locale":"en_US","og_type":"article","og_title":"Malta con auto - El Kaminante","og_description":"En Malta, la belleza mediterr\u00e1nea se mezcla con una rica historia. Con playas como la impresionante Bah\u00eda de Golden Sands y la encantadora capital, La Valeta, con su arquitectura hist\u00f3rica, Malta ofrece una experiencia costera \u00fanica. Explora templos antiguos, disfruta de la autenticidad de los mercados locales y sum\u00e9rgete en la animada vida nocturna. Con encantadores paisajes y hospitalidad, Malta te invita a descubrir el Mediterr\u00e1neo con autenticidad y encanto.","og_url":"https:\/\/elkaminante.com.uy\/paquetes\/malta-con-auto\/","og_site_name":"El Kaminante","article_modified_time":"2026-04-17T12:39:13+00:00","twitter_card":"summary_large_image","schema":{"@context":"https:\/\/schema.org","@graph":[{"@type":"WebPage","@id":"https:\/\/elkaminante.com.uy\/paquetes\/malta-con-auto\/","url":"https:\/\/elkaminante.com.uy\/paquetes\/malta-con-auto\/","name":"Malta con auto - El Kaminante","isPartOf":{"@id":"https:\/\/elkaminante.com.uy\/#website"},"primaryImageOfPage":{"@id":"https:\/\/elkaminante.com.uy\/paquetes\/malta-con-auto\/#primaryimage"},"image":{"@id":"https:\/\/elkaminante.com.uy\/paquetes\/malta-con-auto\/#primaryimage"},"thumbnailUrl":"https:\/\/elkaminante.com.uy\/wp-content\/uploads\/2025\/06\/PAQ402.webp","datePublished":"2025-06-16T23:15:01+00:00","dateModified":"2026-04-17T12:39:13+00:00","breadcrumb":{"@id":"https:\/\/elkaminante.com.uy\/paquetes\/malta-con-auto\/#breadcrumb"},"inLanguage":"en-US","potentialAction":[{"@type":"ReadAction","target":["https:\/\/elkaminante.com.uy\/paquetes\/malta-con-auto\/"]}]},{"@type":"ImageObject","inLanguage":"en-US","@id":"https:\/\/elkaminante.com.uy\/paquetes\/malta-con-auto\/#primaryimage","url":"https:\/\/elkaminante.com.uy\/wp-content\/uploads\/2025\/06\/PAQ402.webp","contentUrl":"https:\/\/elkaminante.com.uy\/wp-content\/uploads\/2025\/06\/PAQ402.webp","width":800,"height":457},{"@type":"BreadcrumbList","@id":"https:\/\/elkaminante.com.uy\/paquetes\/malta-con-auto\/#breadcrumb","itemListElement":[{"@type":"ListItem","position":1,"name":"Inicio","item":"https:\/\/elkaminante.com.uy\/en\/"},{"@type":"ListItem","position":2,"name":"Viajes por el mundo","item":"https:\/\/elkaminante.com.uy\/en\/paquetes\/"},{"@type":"ListItem","position":3,"name":"Malta con auto"}]},{"@type":"WebSite","@id":"https:\/\/elkaminante.com.uy\/#website","url":"https:\/\/elkaminante.com.uy\/","name":"El Kaminante","description":"Viajes &amp; Turismo","publisher":{"@id":"https:\/\/elkaminante.com.uy\/#organization"},"potentialAction":[{"@type":"SearchAction","target":{"@type":"EntryPoint","urlTemplate":"https:\/\/elkaminante.com.uy\/?s={search_term_string}"},"query-input":{"@type":"PropertyValueSpecification","valueRequired":true,"valueName":"search_term_string"}}],"inLanguage":"en-US"},{"@type":"Organization","@id":"https:\/\/elkaminante.com.uy\/#organization","name":"El Kaminante","url":"https:\/\/elkaminante.com.uy\/","logo":{"@type":"ImageObject","inLanguage":"en-US","@id":"https:\/\/elkaminante.com.uy\/#\/schema\/logo\/image\/","url":"https:\/\/elkaminante.com.uy\/wp-content\/uploads\/2025\/02\/logo-elkaminante-blanco.svg","contentUrl":"https:\/\/elkaminante.com.uy\/wp-content\/uploads\/2025\/02\/logo-elkaminante-blanco.svg","caption":"El Kaminante"},"image":{"@id":"https:\/\/elkaminante.com.uy\/#\/schema\/logo\/image\/"}}]}},"_links":{"self":[{"href":"https:\/\/elkaminante.com.uy\/en\/wp-json\/wp\/v2\/product\/11008","targetHints":{"allow":["GET"]}}],"collection":[{"href":"https:\/\/elkaminante.com.uy\/en\/wp-json\/wp\/v2\/product"}],"about":[{"href":"https:\/\/elkaminante.com.uy\/en\/wp-json\/wp\/v2\/types\/product"}],"wp:featuredmedia":[{"embeddable":true,"href":"https:\/\/elkaminante.com.uy\/en\/wp-json\/wp\/v2\/media\/11006"}],"wp:attachment":[{"href":"https:\/\/elkaminante.com.uy\/en\/wp-json\/wp\/v2\/media?parent=11008"}],"wp:term":[{"taxonomy":"product_brand","embeddable":true,"href":"https:\/\/elkaminante.com.uy\/en\/wp-json\/wp\/v2\/product_brand?post=11008"},{"taxonomy":"product_cat","embeddable":true,"href":"https:\/\/elkaminante.com.uy\/en\/wp-json\/wp\/v2\/product_cat?post=11008"},{"taxonomy":"product_tag","embeddable":true,"href":"https:\/\/elkaminante.com.uy\/en\/wp-json\/wp\/v2\/product_tag?post=11008"}],"curies":[{"name":"wp","href":"https:\/\/api.w.org\/{rel}","templated":true}]}}