{"id":10967,"date":"2025-06-16T20:14:38","date_gmt":"2025-06-16T23:14:38","guid":{"rendered":"https:\/\/elkaminante.com.uy\/paquetes\/club-med-turkoise\/"},"modified":"2026-04-26T16:46:20","modified_gmt":"2026-04-26T19:46:20","slug":"club-med-turkoise","status":"publish","type":"product","link":"https:\/\/elkaminante.com.uy\/en\/paquetes\/club-med-turkoise\/","title":{"rendered":"Club Med Turkoise"},"content":{"rendered":"","protected":false},"excerpt":{"rendered":"<p>Las <b>Islas Turcas y Caicos<\/b> son un Territorio Brit\u00e1nico de Ultramar que se encuentra en el Atl\u00e1ntico Norte y se compone de dos grupos de islas: las Islas Turcas y las Islas Caicos. La Playa de la bah\u00eda de Gracia (Grace Bay Beach) en Providenciales es frecuentemente clasificada como la mejor playa del mundo. Las aguas que rodean las islas son reconocidas como un destino excelente para un amplio abanico de deportes n\u00e1uticos, como kayak en las Bancos de las Caicos o clase mundial kiteboarding en Bah\u00eda Longa (Long Bay). El buceo este considerado entre los 10 mejores destinos en el Caribe, y se encuentran excelentes sitios cerca de Caicos del Oeste, Providenciales, Gran Turca, y Cayo Sal.<\/p>\n","protected":false},"featured_media":10965,"template":"","meta":{"_acf_changed":false,"inline_featured_image":false},"product_brand":[],"product_cat":[28,1579],"product_tag":[173,3534,2241,2074,844,1992,2318,65,667,666,3854,61,914,119],"class_list":{"0":"post-10967","1":"product","2":"type-product","3":"status-publish","4":"has-post-thumbnail","6":"product_cat-paquetes","7":"product_cat-uruguay","8":"product_tag-all-inclusive","9":"product_tag-club-med-turkoise","10":"product_tag-en-islas-turcas-y-caicos","11":"product_tag-en-setiembre","12":"product_tag-islas-turcas-y-caicos","13":"product_tag-islas-turcas-y-caicos-en-islas-turcas-y-caicos","14":"product_tag-islas-turcas-y-caicos-en-setiembre","15":"product_tag-no-aplica","16":"product_tag-septiembre","17":"product_tag-setiembre","18":"product_tag-setiembre-2026","19":"product_tag-sin-destino","20":"product_tag-todo-incluido","21":"product_tag-vuelo-y-hotel","22":"entry","23":"has-media","25":"first","26":"instock","27":"shipping-taxable","28":"purchasable","29":"product-type-simple"},"acf":[],"yoast_head":"<!-- This site is optimized with the Yoast SEO plugin v27.2 - https:\/\/yoast.com\/product\/yoast-seo-wordpress\/ -->\n<title>Club Med Turkoise - El Kaminante<\/title>\n<meta name=\"robots\" content=\"index, follow, max-snippet:-1, max-image-preview:large, max-video-preview:-1\" \/>\n<link rel=\"canonical\" href=\"https:\/\/elkaminante.com.uy\/paquetes\/club-med-turkoise\/\" \/>\n<meta property=\"og:locale\" content=\"en_US\" \/>\n<meta property=\"og:type\" content=\"article\" \/>\n<meta property=\"og:title\" content=\"Club Med Turkoise - El Kaminante\" \/>\n<meta property=\"og:description\" content=\"Las Islas Turcas y Caicos son un Territorio Brit\u00e1nico de Ultramar que se encuentra en el Atl\u00e1ntico Norte y se compone de dos grupos de islas: las Islas Turcas y las Islas Caicos. La Playa de la bah\u00eda de Gracia (Grace Bay Beach) en Providenciales es frecuentemente clasificada como la mejor playa del mundo. Las aguas que rodean las islas son reconocidas como un destino excelente para un amplio abanico de deportes n\u00e1uticos, como kayak en las Bancos de las Caicos o clase mundial kiteboarding en Bah\u00eda Longa (Long Bay). El buceo este considerado entre los 10 mejores destinos en el Caribe, y se encuentran excelentes sitios cerca de Caicos del Oeste, Providenciales, Gran Turca, y Cayo Sal.\" \/>\n<meta property=\"og:url\" content=\"https:\/\/elkaminante.com.uy\/paquetes\/club-med-turkoise\/\" \/>\n<meta property=\"og:site_name\" content=\"El Kaminante\" \/>\n<meta property=\"article:modified_time\" content=\"2026-04-26T19:46:20+00:00\" \/>\n<meta property=\"og:image\" content=\"https:\/\/elkaminante.com.uy\/wp-content\/uploads\/2025\/06\/PAQ395.webp\" \/>\n\t<meta property=\"og:image:width\" content=\"800\" \/>\n\t<meta property=\"og:image:height\" content=\"457\" \/>\n\t<meta property=\"og:image:type\" content=\"image\/webp\" \/>\n<meta name=\"twitter:card\" content=\"summary_large_image\" \/>\n<script type=\"application\/ld+json\" class=\"yoast-schema-graph\">{\"@context\":\"https:\/\/schema.org\",\"@graph\":[{\"@type\":\"WebPage\",\"@id\":\"https:\/\/elkaminante.com.uy\/paquetes\/club-med-turkoise\/\",\"url\":\"https:\/\/elkaminante.com.uy\/paquetes\/club-med-turkoise\/\",\"name\":\"Club Med Turkoise - El Kaminante\",\"isPartOf\":{\"@id\":\"https:\/\/elkaminante.com.uy\/#website\"},\"primaryImageOfPage\":{\"@id\":\"https:\/\/elkaminante.com.uy\/paquetes\/club-med-turkoise\/#primaryimage\"},\"image\":{\"@id\":\"https:\/\/elkaminante.com.uy\/paquetes\/club-med-turkoise\/#primaryimage\"},\"thumbnailUrl\":\"https:\/\/elkaminante.com.uy\/wp-content\/uploads\/2025\/06\/PAQ395.webp\",\"datePublished\":\"2025-06-16T23:14:38+00:00\",\"dateModified\":\"2026-04-26T19:46:20+00:00\",\"breadcrumb\":{\"@id\":\"https:\/\/elkaminante.com.uy\/paquetes\/club-med-turkoise\/#breadcrumb\"},\"inLanguage\":\"en-US\",\"potentialAction\":[{\"@type\":\"ReadAction\",\"target\":[\"https:\/\/elkaminante.com.uy\/paquetes\/club-med-turkoise\/\"]}]},{\"@type\":\"ImageObject\",\"inLanguage\":\"en-US\",\"@id\":\"https:\/\/elkaminante.com.uy\/paquetes\/club-med-turkoise\/#primaryimage\",\"url\":\"https:\/\/elkaminante.com.uy\/wp-content\/uploads\/2025\/06\/PAQ395.webp\",\"contentUrl\":\"https:\/\/elkaminante.com.uy\/wp-content\/uploads\/2025\/06\/PAQ395.webp\",\"width\":800,\"height\":457},{\"@type\":\"BreadcrumbList\",\"@id\":\"https:\/\/elkaminante.com.uy\/paquetes\/club-med-turkoise\/#breadcrumb\",\"itemListElement\":[{\"@type\":\"ListItem\",\"position\":1,\"name\":\"Inicio\",\"item\":\"https:\/\/elkaminante.com.uy\/en\/\"},{\"@type\":\"ListItem\",\"position\":2,\"name\":\"Viajes por el mundo\",\"item\":\"https:\/\/elkaminante.com.uy\/en\/paquetes\/\"},{\"@type\":\"ListItem\",\"position\":3,\"name\":\"Club Med Turkoise\"}]},{\"@type\":\"WebSite\",\"@id\":\"https:\/\/elkaminante.com.uy\/#website\",\"url\":\"https:\/\/elkaminante.com.uy\/\",\"name\":\"El Kaminante\",\"description\":\"Viajes &amp; Turismo\",\"publisher\":{\"@id\":\"https:\/\/elkaminante.com.uy\/#organization\"},\"potentialAction\":[{\"@type\":\"SearchAction\",\"target\":{\"@type\":\"EntryPoint\",\"urlTemplate\":\"https:\/\/elkaminante.com.uy\/?s={search_term_string}\"},\"query-input\":{\"@type\":\"PropertyValueSpecification\",\"valueRequired\":true,\"valueName\":\"search_term_string\"}}],\"inLanguage\":\"en-US\"},{\"@type\":\"Organization\",\"@id\":\"https:\/\/elkaminante.com.uy\/#organization\",\"name\":\"El Kaminante\",\"url\":\"https:\/\/elkaminante.com.uy\/\",\"logo\":{\"@type\":\"ImageObject\",\"inLanguage\":\"en-US\",\"@id\":\"https:\/\/elkaminante.com.uy\/#\/schema\/logo\/image\/\",\"url\":\"https:\/\/elkaminante.com.uy\/wp-content\/uploads\/2025\/02\/logo-elkaminante-blanco.svg\",\"contentUrl\":\"https:\/\/elkaminante.com.uy\/wp-content\/uploads\/2025\/02\/logo-elkaminante-blanco.svg\",\"caption\":\"El Kaminante\"},\"image\":{\"@id\":\"https:\/\/elkaminante.com.uy\/#\/schema\/logo\/image\/\"}}]}<\/script>\n<!-- \/ Yoast SEO plugin. -->","yoast_head_json":{"title":"Club Med Turkoise - El Kaminante","robots":{"index":"index","follow":"follow","max-snippet":"max-snippet:-1","max-image-preview":"max-image-preview:large","max-video-preview":"max-video-preview:-1"},"canonical":"https:\/\/elkaminante.com.uy\/paquetes\/club-med-turkoise\/","og_locale":"en_US","og_type":"article","og_title":"Club Med Turkoise - El Kaminante","og_description":"Las Islas Turcas y Caicos son un Territorio Brit\u00e1nico de Ultramar que se encuentra en el Atl\u00e1ntico Norte y se compone de dos grupos de islas: las Islas Turcas y las Islas Caicos. La Playa de la bah\u00eda de Gracia (Grace Bay Beach) en Providenciales es frecuentemente clasificada como la mejor playa del mundo. Las aguas que rodean las islas son reconocidas como un destino excelente para un amplio abanico de deportes n\u00e1uticos, como kayak en las Bancos de las Caicos o clase mundial kiteboarding en Bah\u00eda Longa (Long Bay). El buceo este considerado entre los 10 mejores destinos en el Caribe, y se encuentran excelentes sitios cerca de Caicos del Oeste, Providenciales, Gran Turca, y Cayo Sal.","og_url":"https:\/\/elkaminante.com.uy\/paquetes\/club-med-turkoise\/","og_site_name":"El Kaminante","article_modified_time":"2026-04-26T19:46:20+00:00","og_image":[{"width":800,"height":457,"url":"https:\/\/elkaminante.com.uy\/wp-content\/uploads\/2025\/06\/PAQ395.webp","type":"image\/webp"}],"twitter_card":"summary_large_image","schema":{"@context":"https:\/\/schema.org","@graph":[{"@type":"WebPage","@id":"https:\/\/elkaminante.com.uy\/paquetes\/club-med-turkoise\/","url":"https:\/\/elkaminante.com.uy\/paquetes\/club-med-turkoise\/","name":"Club Med Turkoise - El Kaminante","isPartOf":{"@id":"https:\/\/elkaminante.com.uy\/#website"},"primaryImageOfPage":{"@id":"https:\/\/elkaminante.com.uy\/paquetes\/club-med-turkoise\/#primaryimage"},"image":{"@id":"https:\/\/elkaminante.com.uy\/paquetes\/club-med-turkoise\/#primaryimage"},"thumbnailUrl":"https:\/\/elkaminante.com.uy\/wp-content\/uploads\/2025\/06\/PAQ395.webp","datePublished":"2025-06-16T23:14:38+00:00","dateModified":"2026-04-26T19:46:20+00:00","breadcrumb":{"@id":"https:\/\/elkaminante.com.uy\/paquetes\/club-med-turkoise\/#breadcrumb"},"inLanguage":"en-US","potentialAction":[{"@type":"ReadAction","target":["https:\/\/elkaminante.com.uy\/paquetes\/club-med-turkoise\/"]}]},{"@type":"ImageObject","inLanguage":"en-US","@id":"https:\/\/elkaminante.com.uy\/paquetes\/club-med-turkoise\/#primaryimage","url":"https:\/\/elkaminante.com.uy\/wp-content\/uploads\/2025\/06\/PAQ395.webp","contentUrl":"https:\/\/elkaminante.com.uy\/wp-content\/uploads\/2025\/06\/PAQ395.webp","width":800,"height":457},{"@type":"BreadcrumbList","@id":"https:\/\/elkaminante.com.uy\/paquetes\/club-med-turkoise\/#breadcrumb","itemListElement":[{"@type":"ListItem","position":1,"name":"Inicio","item":"https:\/\/elkaminante.com.uy\/en\/"},{"@type":"ListItem","position":2,"name":"Viajes por el mundo","item":"https:\/\/elkaminante.com.uy\/en\/paquetes\/"},{"@type":"ListItem","position":3,"name":"Club Med Turkoise"}]},{"@type":"WebSite","@id":"https:\/\/elkaminante.com.uy\/#website","url":"https:\/\/elkaminante.com.uy\/","name":"El Kaminante","description":"Viajes &amp; Turismo","publisher":{"@id":"https:\/\/elkaminante.com.uy\/#organization"},"potentialAction":[{"@type":"SearchAction","target":{"@type":"EntryPoint","urlTemplate":"https:\/\/elkaminante.com.uy\/?s={search_term_string}"},"query-input":{"@type":"PropertyValueSpecification","valueRequired":true,"valueName":"search_term_string"}}],"inLanguage":"en-US"},{"@type":"Organization","@id":"https:\/\/elkaminante.com.uy\/#organization","name":"El Kaminante","url":"https:\/\/elkaminante.com.uy\/","logo":{"@type":"ImageObject","inLanguage":"en-US","@id":"https:\/\/elkaminante.com.uy\/#\/schema\/logo\/image\/","url":"https:\/\/elkaminante.com.uy\/wp-content\/uploads\/2025\/02\/logo-elkaminante-blanco.svg","contentUrl":"https:\/\/elkaminante.com.uy\/wp-content\/uploads\/2025\/02\/logo-elkaminante-blanco.svg","caption":"El Kaminante"},"image":{"@id":"https:\/\/elkaminante.com.uy\/#\/schema\/logo\/image\/"}}]}},"_links":{"self":[{"href":"https:\/\/elkaminante.com.uy\/en\/wp-json\/wp\/v2\/product\/10967","targetHints":{"allow":["GET"]}}],"collection":[{"href":"https:\/\/elkaminante.com.uy\/en\/wp-json\/wp\/v2\/product"}],"about":[{"href":"https:\/\/elkaminante.com.uy\/en\/wp-json\/wp\/v2\/types\/product"}],"wp:featuredmedia":[{"embeddable":true,"href":"https:\/\/elkaminante.com.uy\/en\/wp-json\/wp\/v2\/media\/10965"}],"wp:attachment":[{"href":"https:\/\/elkaminante.com.uy\/en\/wp-json\/wp\/v2\/media?parent=10967"}],"wp:term":[{"taxonomy":"product_brand","embeddable":true,"href":"https:\/\/elkaminante.com.uy\/en\/wp-json\/wp\/v2\/product_brand?post=10967"},{"taxonomy":"product_cat","embeddable":true,"href":"https:\/\/elkaminante.com.uy\/en\/wp-json\/wp\/v2\/product_cat?post=10967"},{"taxonomy":"product_tag","embeddable":true,"href":"https:\/\/elkaminante.com.uy\/en\/wp-json\/wp\/v2\/product_tag?post=10967"}],"curies":[{"name":"wp","href":"https:\/\/api.w.org\/{rel}","templated":true}]}}