{"id":10881,"date":"2025-06-16T20:13:45","date_gmt":"2025-06-16T23:13:45","guid":{"rendered":"https:\/\/elkaminante.com.uy\/paquetes\/mexico-lindo-circuito\/"},"modified":"2026-04-17T09:39:09","modified_gmt":"2026-04-17T12:39:09","slug":"mexico-lindo-circuito","status":"publish","type":"product","link":"https:\/\/elkaminante.com.uy\/en\/paquetes\/mexico-lindo-circuito\/","title":{"rendered":"Mexico Lindo \/ Circuito"},"content":{"rendered":"","protected":false},"excerpt":{"rendered":"<p>Explorar M\u00e9xico es sumergirse en un vibrante cuento de tradiciones ancestrales y leyendas que han dejado una huella indeleble en su folklore. Ciudad de M\u00e9xico, su bulliciosa capital, se destaca como una de las metr\u00f3polis m\u00e1s fascinantes de Am\u00e9rica, fusionando su rica herencia prehisp\u00e1nica con la modernidad contempor\u00e1nea. <i>Principales atractivos tur\u00edsticos:<\/i> el majestuoso Templo Mayor, el Z\u00f3calo, la ic\u00f3nica Avenida Paseo de la Reforma, el colorido barrio de Coyoac\u00e1n, las pir\u00e1mides de Teotihuac\u00e1n, el Palacio de Bellas Artes, la bohemia colonia Roma y las playas paradis\u00edacas de la Riviera Maya, entre otros. M\u00e9xico es un viaje m\u00e1gico que te sumerge en la fusi\u00f3n de su vasta historia y su vibrante presente.<\/p>\n","protected":false},"featured_media":10879,"template":"","meta":{"_acf_changed":false,"inline_featured_image":false},"product_brand":[],"product_cat":[28,1579],"product_tag":[562,3802,2875,70,2878,2870,34,2871,2865,2857,1102,64,568,2071,1680,2879,163,1592,1997,3519,2876,65,71,2867,2877,73,164,2866,2874,2873,2868,667,666,61,2864,2869,75,165,63,2872],"class_list":{"0":"post-10881","1":"product","2":"type-product","3":"status-publish","4":"has-post-thumbnail","6":"product_cat-paquetes","7":"product_cat-uruguay","8":"product_tag-agosto","9":"product_tag-agosto-setiembre-2026","10":"product_tag-agua-azul","11":"product_tag-america-del-norte","12":"product_tag-campeche","13":"product_tag-canon-del-sumidero","14":"product_tag-caribe","15":"product_tag-chiapa-del-corzo","16":"product_tag-cholula","17":"product_tag-ciudad-de-mexico","18":"product_tag-cultura","19":"product_tag-desayuno","20":"product_tag-en-agosto","21":"product_tag-en-mexico","22":"product_tag-europamundo","23":"product_tag-merida-mx","24":"product_tag-mexico","25":"product_tag-mexico-en-agosto","26":"product_tag-mexico-en-mexico","27":"product_tag-mexico-lindo-circuito","28":"product_tag-misol-ha","29":"product_tag-no-aplica","30":"product_tag-norte-america","31":"product_tag-oaxaca","32":"product_tag-palenque","33":"product_tag-paquetes-a-america-del-norte","34":"product_tag-paquetes-a-mexico","35":"product_tag-puebla","36":"product_tag-san-cristobal-de-las-casas","37":"product_tag-san-juan-de-chamula","38":"product_tag-san-pablo-villa-de-mitla","39":"product_tag-septiembre","40":"product_tag-setiembre","41":"product_tag-sin-destino","42":"product_tag-teotihuacan","43":"product_tag-tuxtla-gutierrez","44":"product_tag-viajes-a-america-del-norte","45":"product_tag-viajes-a-mexico","46":"product_tag-vuelo-y-circuito","47":"product_tag-zinacantan","48":"entry","49":"has-media","51":"first","52":"instock","53":"shipping-taxable","54":"purchasable","55":"product-type-simple"},"acf":[],"yoast_head":"<!-- This site is optimized with the Yoast SEO plugin v27.2 - https:\/\/yoast.com\/product\/yoast-seo-wordpress\/ -->\n<title>Mexico Lindo \/ Circuito - El Kaminante<\/title>\n<meta name=\"robots\" content=\"index, follow, max-snippet:-1, max-image-preview:large, max-video-preview:-1\" \/>\n<link rel=\"canonical\" href=\"https:\/\/elkaminante.com.uy\/paquetes\/mexico-lindo-circuito\/\" \/>\n<meta property=\"og:locale\" content=\"en_US\" \/>\n<meta property=\"og:type\" content=\"article\" \/>\n<meta property=\"og:title\" content=\"Mexico Lindo \/ Circuito - El Kaminante\" \/>\n<meta property=\"og:description\" content=\"Explorar M\u00e9xico es sumergirse en un vibrante cuento de tradiciones ancestrales y leyendas que han dejado una huella indeleble en su folklore. Ciudad de M\u00e9xico, su bulliciosa capital, se destaca como una de las metr\u00f3polis m\u00e1s fascinantes de Am\u00e9rica, fusionando su rica herencia prehisp\u00e1nica con la modernidad contempor\u00e1nea. Principales atractivos tur\u00edsticos: el majestuoso Templo Mayor, el Z\u00f3calo, la ic\u00f3nica Avenida Paseo de la Reforma, el colorido barrio de Coyoac\u00e1n, las pir\u00e1mides de Teotihuac\u00e1n, el Palacio de Bellas Artes, la bohemia colonia Roma y las playas paradis\u00edacas de la Riviera Maya, entre otros. M\u00e9xico es un viaje m\u00e1gico que te sumerge en la fusi\u00f3n de su vasta historia y su vibrante presente.\" \/>\n<meta property=\"og:url\" content=\"https:\/\/elkaminante.com.uy\/paquetes\/mexico-lindo-circuito\/\" \/>\n<meta property=\"og:site_name\" content=\"El Kaminante\" \/>\n<meta property=\"article:modified_time\" content=\"2026-04-17T12:39:09+00:00\" \/>\n<meta name=\"twitter:card\" content=\"summary_large_image\" \/>\n<script type=\"application\/ld+json\" class=\"yoast-schema-graph\">{\"@context\":\"https:\/\/schema.org\",\"@graph\":[{\"@type\":\"WebPage\",\"@id\":\"https:\/\/elkaminante.com.uy\/paquetes\/mexico-lindo-circuito\/\",\"url\":\"https:\/\/elkaminante.com.uy\/paquetes\/mexico-lindo-circuito\/\",\"name\":\"Mexico Lindo \/ Circuito - El Kaminante\",\"isPartOf\":{\"@id\":\"https:\/\/elkaminante.com.uy\/#website\"},\"primaryImageOfPage\":{\"@id\":\"https:\/\/elkaminante.com.uy\/paquetes\/mexico-lindo-circuito\/#primaryimage\"},\"image\":{\"@id\":\"https:\/\/elkaminante.com.uy\/paquetes\/mexico-lindo-circuito\/#primaryimage\"},\"thumbnailUrl\":\"https:\/\/elkaminante.com.uy\/wp-content\/uploads\/2025\/06\/PAQ375.webp\",\"datePublished\":\"2025-06-16T23:13:45+00:00\",\"dateModified\":\"2026-04-17T12:39:09+00:00\",\"breadcrumb\":{\"@id\":\"https:\/\/elkaminante.com.uy\/paquetes\/mexico-lindo-circuito\/#breadcrumb\"},\"inLanguage\":\"en-US\",\"potentialAction\":[{\"@type\":\"ReadAction\",\"target\":[\"https:\/\/elkaminante.com.uy\/paquetes\/mexico-lindo-circuito\/\"]}]},{\"@type\":\"ImageObject\",\"inLanguage\":\"en-US\",\"@id\":\"https:\/\/elkaminante.com.uy\/paquetes\/mexico-lindo-circuito\/#primaryimage\",\"url\":\"https:\/\/elkaminante.com.uy\/wp-content\/uploads\/2025\/06\/PAQ375.webp\",\"contentUrl\":\"https:\/\/elkaminante.com.uy\/wp-content\/uploads\/2025\/06\/PAQ375.webp\",\"width\":800,\"height\":457},{\"@type\":\"BreadcrumbList\",\"@id\":\"https:\/\/elkaminante.com.uy\/paquetes\/mexico-lindo-circuito\/#breadcrumb\",\"itemListElement\":[{\"@type\":\"ListItem\",\"position\":1,\"name\":\"Inicio\",\"item\":\"https:\/\/elkaminante.com.uy\/en\/\"},{\"@type\":\"ListItem\",\"position\":2,\"name\":\"Viajes por el mundo\",\"item\":\"https:\/\/elkaminante.com.uy\/en\/paquetes\/\"},{\"@type\":\"ListItem\",\"position\":3,\"name\":\"Mexico Lindo \/ Circuito\"}]},{\"@type\":\"WebSite\",\"@id\":\"https:\/\/elkaminante.com.uy\/#website\",\"url\":\"https:\/\/elkaminante.com.uy\/\",\"name\":\"El Kaminante\",\"description\":\"Viajes &amp; Turismo\",\"publisher\":{\"@id\":\"https:\/\/elkaminante.com.uy\/#organization\"},\"potentialAction\":[{\"@type\":\"SearchAction\",\"target\":{\"@type\":\"EntryPoint\",\"urlTemplate\":\"https:\/\/elkaminante.com.uy\/?s={search_term_string}\"},\"query-input\":{\"@type\":\"PropertyValueSpecification\",\"valueRequired\":true,\"valueName\":\"search_term_string\"}}],\"inLanguage\":\"en-US\"},{\"@type\":\"Organization\",\"@id\":\"https:\/\/elkaminante.com.uy\/#organization\",\"name\":\"El Kaminante\",\"url\":\"https:\/\/elkaminante.com.uy\/\",\"logo\":{\"@type\":\"ImageObject\",\"inLanguage\":\"en-US\",\"@id\":\"https:\/\/elkaminante.com.uy\/#\/schema\/logo\/image\/\",\"url\":\"https:\/\/elkaminante.com.uy\/wp-content\/uploads\/2025\/02\/logo-elkaminante-blanco.svg\",\"contentUrl\":\"https:\/\/elkaminante.com.uy\/wp-content\/uploads\/2025\/02\/logo-elkaminante-blanco.svg\",\"caption\":\"El Kaminante\"},\"image\":{\"@id\":\"https:\/\/elkaminante.com.uy\/#\/schema\/logo\/image\/\"}}]}<\/script>\n<!-- \/ Yoast SEO plugin. -->","yoast_head_json":{"title":"Mexico Lindo \/ Circuito - El Kaminante","robots":{"index":"index","follow":"follow","max-snippet":"max-snippet:-1","max-image-preview":"max-image-preview:large","max-video-preview":"max-video-preview:-1"},"canonical":"https:\/\/elkaminante.com.uy\/paquetes\/mexico-lindo-circuito\/","og_locale":"en_US","og_type":"article","og_title":"Mexico Lindo \/ Circuito - El Kaminante","og_description":"Explorar M\u00e9xico es sumergirse en un vibrante cuento de tradiciones ancestrales y leyendas que han dejado una huella indeleble en su folklore. Ciudad de M\u00e9xico, su bulliciosa capital, se destaca como una de las metr\u00f3polis m\u00e1s fascinantes de Am\u00e9rica, fusionando su rica herencia prehisp\u00e1nica con la modernidad contempor\u00e1nea. Principales atractivos tur\u00edsticos: el majestuoso Templo Mayor, el Z\u00f3calo, la ic\u00f3nica Avenida Paseo de la Reforma, el colorido barrio de Coyoac\u00e1n, las pir\u00e1mides de Teotihuac\u00e1n, el Palacio de Bellas Artes, la bohemia colonia Roma y las playas paradis\u00edacas de la Riviera Maya, entre otros. M\u00e9xico es un viaje m\u00e1gico que te sumerge en la fusi\u00f3n de su vasta historia y su vibrante presente.","og_url":"https:\/\/elkaminante.com.uy\/paquetes\/mexico-lindo-circuito\/","og_site_name":"El Kaminante","article_modified_time":"2026-04-17T12:39:09+00:00","twitter_card":"summary_large_image","schema":{"@context":"https:\/\/schema.org","@graph":[{"@type":"WebPage","@id":"https:\/\/elkaminante.com.uy\/paquetes\/mexico-lindo-circuito\/","url":"https:\/\/elkaminante.com.uy\/paquetes\/mexico-lindo-circuito\/","name":"Mexico Lindo \/ Circuito - El Kaminante","isPartOf":{"@id":"https:\/\/elkaminante.com.uy\/#website"},"primaryImageOfPage":{"@id":"https:\/\/elkaminante.com.uy\/paquetes\/mexico-lindo-circuito\/#primaryimage"},"image":{"@id":"https:\/\/elkaminante.com.uy\/paquetes\/mexico-lindo-circuito\/#primaryimage"},"thumbnailUrl":"https:\/\/elkaminante.com.uy\/wp-content\/uploads\/2025\/06\/PAQ375.webp","datePublished":"2025-06-16T23:13:45+00:00","dateModified":"2026-04-17T12:39:09+00:00","breadcrumb":{"@id":"https:\/\/elkaminante.com.uy\/paquetes\/mexico-lindo-circuito\/#breadcrumb"},"inLanguage":"en-US","potentialAction":[{"@type":"ReadAction","target":["https:\/\/elkaminante.com.uy\/paquetes\/mexico-lindo-circuito\/"]}]},{"@type":"ImageObject","inLanguage":"en-US","@id":"https:\/\/elkaminante.com.uy\/paquetes\/mexico-lindo-circuito\/#primaryimage","url":"https:\/\/elkaminante.com.uy\/wp-content\/uploads\/2025\/06\/PAQ375.webp","contentUrl":"https:\/\/elkaminante.com.uy\/wp-content\/uploads\/2025\/06\/PAQ375.webp","width":800,"height":457},{"@type":"BreadcrumbList","@id":"https:\/\/elkaminante.com.uy\/paquetes\/mexico-lindo-circuito\/#breadcrumb","itemListElement":[{"@type":"ListItem","position":1,"name":"Inicio","item":"https:\/\/elkaminante.com.uy\/en\/"},{"@type":"ListItem","position":2,"name":"Viajes por el mundo","item":"https:\/\/elkaminante.com.uy\/en\/paquetes\/"},{"@type":"ListItem","position":3,"name":"Mexico Lindo \/ Circuito"}]},{"@type":"WebSite","@id":"https:\/\/elkaminante.com.uy\/#website","url":"https:\/\/elkaminante.com.uy\/","name":"El Kaminante","description":"Viajes &amp; Turismo","publisher":{"@id":"https:\/\/elkaminante.com.uy\/#organization"},"potentialAction":[{"@type":"SearchAction","target":{"@type":"EntryPoint","urlTemplate":"https:\/\/elkaminante.com.uy\/?s={search_term_string}"},"query-input":{"@type":"PropertyValueSpecification","valueRequired":true,"valueName":"search_term_string"}}],"inLanguage":"en-US"},{"@type":"Organization","@id":"https:\/\/elkaminante.com.uy\/#organization","name":"El Kaminante","url":"https:\/\/elkaminante.com.uy\/","logo":{"@type":"ImageObject","inLanguage":"en-US","@id":"https:\/\/elkaminante.com.uy\/#\/schema\/logo\/image\/","url":"https:\/\/elkaminante.com.uy\/wp-content\/uploads\/2025\/02\/logo-elkaminante-blanco.svg","contentUrl":"https:\/\/elkaminante.com.uy\/wp-content\/uploads\/2025\/02\/logo-elkaminante-blanco.svg","caption":"El Kaminante"},"image":{"@id":"https:\/\/elkaminante.com.uy\/#\/schema\/logo\/image\/"}}]}},"_links":{"self":[{"href":"https:\/\/elkaminante.com.uy\/en\/wp-json\/wp\/v2\/product\/10881","targetHints":{"allow":["GET"]}}],"collection":[{"href":"https:\/\/elkaminante.com.uy\/en\/wp-json\/wp\/v2\/product"}],"about":[{"href":"https:\/\/elkaminante.com.uy\/en\/wp-json\/wp\/v2\/types\/product"}],"wp:featuredmedia":[{"embeddable":true,"href":"https:\/\/elkaminante.com.uy\/en\/wp-json\/wp\/v2\/media\/10879"}],"wp:attachment":[{"href":"https:\/\/elkaminante.com.uy\/en\/wp-json\/wp\/v2\/media?parent=10881"}],"wp:term":[{"taxonomy":"product_brand","embeddable":true,"href":"https:\/\/elkaminante.com.uy\/en\/wp-json\/wp\/v2\/product_brand?post=10881"},{"taxonomy":"product_cat","embeddable":true,"href":"https:\/\/elkaminante.com.uy\/en\/wp-json\/wp\/v2\/product_cat?post=10881"},{"taxonomy":"product_tag","embeddable":true,"href":"https:\/\/elkaminante.com.uy\/en\/wp-json\/wp\/v2\/product_tag?post=10881"}],"curies":[{"name":"wp","href":"https:\/\/api.w.org\/{rel}","templated":true}]}}