{"id":10864,"date":"2025-06-16T20:13:36","date_gmt":"2025-06-16T23:13:36","guid":{"rendered":"https:\/\/elkaminante.com.uy\/paquetes\/roma-low-cost\/"},"modified":"2026-04-17T09:39:09","modified_gmt":"2026-04-17T12:39:09","slug":"roma-low-cost","status":"publish","type":"product","link":"https:\/\/elkaminante.com.uy\/en\/paquetes\/roma-low-cost\/","title":{"rendered":"Roma Low Cost"},"content":{"rendered":"","protected":false},"excerpt":{"rendered":"<p>Visitar <b>Roma<\/b> es embarcarse en un paseo por la Historia. La Capital del T\u00edber, el r\u00edo al que debe la existencia la ciudad y que estaba presente ya en la f\u00e1bula de R\u00f3mulo y Remo que explica la fundaci\u00f3n de Roma, es un museo en s\u00ed mismo. Elegir qu\u00e9 ver en la ciudad le llevar\u00e1 tiempo: arte, arquitectura, restos arqueol\u00f3gicos y el Estado del Vaticano -ciudad estado que se encuentra dentro de Roma- salpican cada rinc\u00f3n de la capital de Italia. <i>Principales atractivos tur\u00edsticos:<\/i> Plaza de Espa\u00f1a, Iglesia de Trinit\u00e1 dei Monti, Plaza Navona, Fontana di Trevi, el barrio Trast\u00e9vere, Isla Tibernia, el Tempo de Esculapio, Foro Romano, Arco de Tito, Coliseo, la V\u00eda Sacra, el Pante\u00f3n, el Ciro M\u00e1ximo, la Plaza de Venecia, el Palazzo Senatorio, el Vaticano, con la columnata, la Capilla Sixtina, la Bas\u00edlica de San Pedro y la Piedad de Miguel \u00c1ngel entre otros.<\/p>\n","protected":false},"featured_media":10862,"template":"","meta":{"_acf_changed":false,"inline_featured_image":false},"product_brand":[],"product_cat":[28,1579],"product_tag":[96,2279,1687,2304,124,856,4079,1099,65,122,4176,126,857,1002,918,3517,120,61,3282,128,858,1003,119],"class_list":{"0":"post-10864","1":"product","2":"type-product","3":"status-publish","4":"has-post-thumbnail","6":"product_cat-paquetes","7":"product_cat-uruguay","8":"product_tag-alarma-precios-bajos","9":"product_tag-en-italia","10":"product_tag-en-noviembre","11":"product_tag-en-roma","12":"product_tag-europa","13":"product_tag-italia","14":"product_tag-italia-en-noviembre","15":"product_tag-italia-en-roma","16":"product_tag-no-aplica","17":"product_tag-noviembre","18":"product_tag-noviembre-2026alarma-precios-bajos","19":"product_tag-paquetes-a-europa","20":"product_tag-paquetes-a-italia","21":"product_tag-paquetes-a-roma","22":"product_tag-roma","23":"product_tag-roma-low-cost","24":"product_tag-sin-comidas","25":"product_tag-sin-destino","26":"product_tag-temporada-baja","27":"product_tag-viajes-a-europa","28":"product_tag-viajes-a-italia","29":"product_tag-viajes-a-roma","30":"product_tag-vuelo-y-hotel","31":"entry","32":"has-media","34":"first","35":"instock","36":"shipping-taxable","37":"purchasable","38":"product-type-simple"},"acf":[],"yoast_head":"<!-- This site is optimized with the Yoast SEO plugin v27.2 - https:\/\/yoast.com\/product\/yoast-seo-wordpress\/ -->\n<title>Roma Low Cost - El Kaminante<\/title>\n<meta name=\"robots\" content=\"index, follow, max-snippet:-1, max-image-preview:large, max-video-preview:-1\" \/>\n<link rel=\"canonical\" href=\"https:\/\/elkaminante.com.uy\/paquetes\/roma-low-cost\/\" \/>\n<meta property=\"og:locale\" content=\"en_US\" \/>\n<meta property=\"og:type\" content=\"article\" \/>\n<meta property=\"og:title\" content=\"Roma Low Cost - El Kaminante\" \/>\n<meta property=\"og:description\" content=\"Visitar Roma es embarcarse en un paseo por la Historia. La Capital del T\u00edber, el r\u00edo al que debe la existencia la ciudad y que estaba presente ya en la f\u00e1bula de R\u00f3mulo y Remo que explica la fundaci\u00f3n de Roma, es un museo en s\u00ed mismo. Elegir qu\u00e9 ver en la ciudad le llevar\u00e1 tiempo: arte, arquitectura, restos arqueol\u00f3gicos y el Estado del Vaticano -ciudad estado que se encuentra dentro de Roma- salpican cada rinc\u00f3n de la capital de Italia. Principales atractivos tur\u00edsticos: Plaza de Espa\u00f1a, Iglesia de Trinit\u00e1 dei Monti, Plaza Navona, Fontana di Trevi, el barrio Trast\u00e9vere, Isla Tibernia, el Tempo de Esculapio, Foro Romano, Arco de Tito, Coliseo, la V\u00eda Sacra, el Pante\u00f3n, el Ciro M\u00e1ximo, la Plaza de Venecia, el Palazzo Senatorio, el Vaticano, con la columnata, la Capilla Sixtina, la Bas\u00edlica de San Pedro y la Piedad de Miguel \u00c1ngel entre otros.\" \/>\n<meta property=\"og:url\" content=\"https:\/\/elkaminante.com.uy\/paquetes\/roma-low-cost\/\" \/>\n<meta property=\"og:site_name\" content=\"El Kaminante\" \/>\n<meta property=\"article:modified_time\" content=\"2026-04-17T12:39:09+00:00\" \/>\n<meta name=\"twitter:card\" content=\"summary_large_image\" \/>\n<script type=\"application\/ld+json\" class=\"yoast-schema-graph\">{\"@context\":\"https:\/\/schema.org\",\"@graph\":[{\"@type\":\"WebPage\",\"@id\":\"https:\/\/elkaminante.com.uy\/paquetes\/roma-low-cost\/\",\"url\":\"https:\/\/elkaminante.com.uy\/paquetes\/roma-low-cost\/\",\"name\":\"Roma Low Cost - El Kaminante\",\"isPartOf\":{\"@id\":\"https:\/\/elkaminante.com.uy\/#website\"},\"primaryImageOfPage\":{\"@id\":\"https:\/\/elkaminante.com.uy\/paquetes\/roma-low-cost\/#primaryimage\"},\"image\":{\"@id\":\"https:\/\/elkaminante.com.uy\/paquetes\/roma-low-cost\/#primaryimage\"},\"thumbnailUrl\":\"https:\/\/elkaminante.com.uy\/wp-content\/uploads\/2025\/06\/PAQ372.webp\",\"datePublished\":\"2025-06-16T23:13:36+00:00\",\"dateModified\":\"2026-04-17T12:39:09+00:00\",\"breadcrumb\":{\"@id\":\"https:\/\/elkaminante.com.uy\/paquetes\/roma-low-cost\/#breadcrumb\"},\"inLanguage\":\"en-US\",\"potentialAction\":[{\"@type\":\"ReadAction\",\"target\":[\"https:\/\/elkaminante.com.uy\/paquetes\/roma-low-cost\/\"]}]},{\"@type\":\"ImageObject\",\"inLanguage\":\"en-US\",\"@id\":\"https:\/\/elkaminante.com.uy\/paquetes\/roma-low-cost\/#primaryimage\",\"url\":\"https:\/\/elkaminante.com.uy\/wp-content\/uploads\/2025\/06\/PAQ372.webp\",\"contentUrl\":\"https:\/\/elkaminante.com.uy\/wp-content\/uploads\/2025\/06\/PAQ372.webp\",\"width\":800,\"height\":457},{\"@type\":\"BreadcrumbList\",\"@id\":\"https:\/\/elkaminante.com.uy\/paquetes\/roma-low-cost\/#breadcrumb\",\"itemListElement\":[{\"@type\":\"ListItem\",\"position\":1,\"name\":\"Inicio\",\"item\":\"https:\/\/elkaminante.com.uy\/en\/\"},{\"@type\":\"ListItem\",\"position\":2,\"name\":\"Viajes por el mundo\",\"item\":\"https:\/\/elkaminante.com.uy\/en\/paquetes\/\"},{\"@type\":\"ListItem\",\"position\":3,\"name\":\"Roma Low Cost\"}]},{\"@type\":\"WebSite\",\"@id\":\"https:\/\/elkaminante.com.uy\/#website\",\"url\":\"https:\/\/elkaminante.com.uy\/\",\"name\":\"El Kaminante\",\"description\":\"Viajes &amp; Turismo\",\"publisher\":{\"@id\":\"https:\/\/elkaminante.com.uy\/#organization\"},\"potentialAction\":[{\"@type\":\"SearchAction\",\"target\":{\"@type\":\"EntryPoint\",\"urlTemplate\":\"https:\/\/elkaminante.com.uy\/?s={search_term_string}\"},\"query-input\":{\"@type\":\"PropertyValueSpecification\",\"valueRequired\":true,\"valueName\":\"search_term_string\"}}],\"inLanguage\":\"en-US\"},{\"@type\":\"Organization\",\"@id\":\"https:\/\/elkaminante.com.uy\/#organization\",\"name\":\"El Kaminante\",\"url\":\"https:\/\/elkaminante.com.uy\/\",\"logo\":{\"@type\":\"ImageObject\",\"inLanguage\":\"en-US\",\"@id\":\"https:\/\/elkaminante.com.uy\/#\/schema\/logo\/image\/\",\"url\":\"https:\/\/elkaminante.com.uy\/wp-content\/uploads\/2025\/02\/logo-elkaminante-blanco.svg\",\"contentUrl\":\"https:\/\/elkaminante.com.uy\/wp-content\/uploads\/2025\/02\/logo-elkaminante-blanco.svg\",\"caption\":\"El Kaminante\"},\"image\":{\"@id\":\"https:\/\/elkaminante.com.uy\/#\/schema\/logo\/image\/\"}}]}<\/script>\n<!-- \/ Yoast SEO plugin. -->","yoast_head_json":{"title":"Roma Low Cost - El Kaminante","robots":{"index":"index","follow":"follow","max-snippet":"max-snippet:-1","max-image-preview":"max-image-preview:large","max-video-preview":"max-video-preview:-1"},"canonical":"https:\/\/elkaminante.com.uy\/paquetes\/roma-low-cost\/","og_locale":"en_US","og_type":"article","og_title":"Roma Low Cost - El Kaminante","og_description":"Visitar Roma es embarcarse en un paseo por la Historia. La Capital del T\u00edber, el r\u00edo al que debe la existencia la ciudad y que estaba presente ya en la f\u00e1bula de R\u00f3mulo y Remo que explica la fundaci\u00f3n de Roma, es un museo en s\u00ed mismo. Elegir qu\u00e9 ver en la ciudad le llevar\u00e1 tiempo: arte, arquitectura, restos arqueol\u00f3gicos y el Estado del Vaticano -ciudad estado que se encuentra dentro de Roma- salpican cada rinc\u00f3n de la capital de Italia. Principales atractivos tur\u00edsticos: Plaza de Espa\u00f1a, Iglesia de Trinit\u00e1 dei Monti, Plaza Navona, Fontana di Trevi, el barrio Trast\u00e9vere, Isla Tibernia, el Tempo de Esculapio, Foro Romano, Arco de Tito, Coliseo, la V\u00eda Sacra, el Pante\u00f3n, el Ciro M\u00e1ximo, la Plaza de Venecia, el Palazzo Senatorio, el Vaticano, con la columnata, la Capilla Sixtina, la Bas\u00edlica de San Pedro y la Piedad de Miguel \u00c1ngel entre otros.","og_url":"https:\/\/elkaminante.com.uy\/paquetes\/roma-low-cost\/","og_site_name":"El Kaminante","article_modified_time":"2026-04-17T12:39:09+00:00","twitter_card":"summary_large_image","schema":{"@context":"https:\/\/schema.org","@graph":[{"@type":"WebPage","@id":"https:\/\/elkaminante.com.uy\/paquetes\/roma-low-cost\/","url":"https:\/\/elkaminante.com.uy\/paquetes\/roma-low-cost\/","name":"Roma Low Cost - El Kaminante","isPartOf":{"@id":"https:\/\/elkaminante.com.uy\/#website"},"primaryImageOfPage":{"@id":"https:\/\/elkaminante.com.uy\/paquetes\/roma-low-cost\/#primaryimage"},"image":{"@id":"https:\/\/elkaminante.com.uy\/paquetes\/roma-low-cost\/#primaryimage"},"thumbnailUrl":"https:\/\/elkaminante.com.uy\/wp-content\/uploads\/2025\/06\/PAQ372.webp","datePublished":"2025-06-16T23:13:36+00:00","dateModified":"2026-04-17T12:39:09+00:00","breadcrumb":{"@id":"https:\/\/elkaminante.com.uy\/paquetes\/roma-low-cost\/#breadcrumb"},"inLanguage":"en-US","potentialAction":[{"@type":"ReadAction","target":["https:\/\/elkaminante.com.uy\/paquetes\/roma-low-cost\/"]}]},{"@type":"ImageObject","inLanguage":"en-US","@id":"https:\/\/elkaminante.com.uy\/paquetes\/roma-low-cost\/#primaryimage","url":"https:\/\/elkaminante.com.uy\/wp-content\/uploads\/2025\/06\/PAQ372.webp","contentUrl":"https:\/\/elkaminante.com.uy\/wp-content\/uploads\/2025\/06\/PAQ372.webp","width":800,"height":457},{"@type":"BreadcrumbList","@id":"https:\/\/elkaminante.com.uy\/paquetes\/roma-low-cost\/#breadcrumb","itemListElement":[{"@type":"ListItem","position":1,"name":"Inicio","item":"https:\/\/elkaminante.com.uy\/en\/"},{"@type":"ListItem","position":2,"name":"Viajes por el mundo","item":"https:\/\/elkaminante.com.uy\/en\/paquetes\/"},{"@type":"ListItem","position":3,"name":"Roma Low Cost"}]},{"@type":"WebSite","@id":"https:\/\/elkaminante.com.uy\/#website","url":"https:\/\/elkaminante.com.uy\/","name":"El Kaminante","description":"Viajes &amp; Turismo","publisher":{"@id":"https:\/\/elkaminante.com.uy\/#organization"},"potentialAction":[{"@type":"SearchAction","target":{"@type":"EntryPoint","urlTemplate":"https:\/\/elkaminante.com.uy\/?s={search_term_string}"},"query-input":{"@type":"PropertyValueSpecification","valueRequired":true,"valueName":"search_term_string"}}],"inLanguage":"en-US"},{"@type":"Organization","@id":"https:\/\/elkaminante.com.uy\/#organization","name":"El Kaminante","url":"https:\/\/elkaminante.com.uy\/","logo":{"@type":"ImageObject","inLanguage":"en-US","@id":"https:\/\/elkaminante.com.uy\/#\/schema\/logo\/image\/","url":"https:\/\/elkaminante.com.uy\/wp-content\/uploads\/2025\/02\/logo-elkaminante-blanco.svg","contentUrl":"https:\/\/elkaminante.com.uy\/wp-content\/uploads\/2025\/02\/logo-elkaminante-blanco.svg","caption":"El Kaminante"},"image":{"@id":"https:\/\/elkaminante.com.uy\/#\/schema\/logo\/image\/"}}]}},"_links":{"self":[{"href":"https:\/\/elkaminante.com.uy\/en\/wp-json\/wp\/v2\/product\/10864","targetHints":{"allow":["GET"]}}],"collection":[{"href":"https:\/\/elkaminante.com.uy\/en\/wp-json\/wp\/v2\/product"}],"about":[{"href":"https:\/\/elkaminante.com.uy\/en\/wp-json\/wp\/v2\/types\/product"}],"wp:featuredmedia":[{"embeddable":true,"href":"https:\/\/elkaminante.com.uy\/en\/wp-json\/wp\/v2\/media\/10862"}],"wp:attachment":[{"href":"https:\/\/elkaminante.com.uy\/en\/wp-json\/wp\/v2\/media?parent=10864"}],"wp:term":[{"taxonomy":"product_brand","embeddable":true,"href":"https:\/\/elkaminante.com.uy\/en\/wp-json\/wp\/v2\/product_brand?post=10864"},{"taxonomy":"product_cat","embeddable":true,"href":"https:\/\/elkaminante.com.uy\/en\/wp-json\/wp\/v2\/product_cat?post=10864"},{"taxonomy":"product_tag","embeddable":true,"href":"https:\/\/elkaminante.com.uy\/en\/wp-json\/wp\/v2\/product_tag?post=10864"}],"curies":[{"name":"wp","href":"https:\/\/api.w.org\/{rel}","templated":true}]}}