{"id":10861,"date":"2025-06-16T20:13:35","date_gmt":"2025-06-16T23:13:35","guid":{"rendered":"https:\/\/elkaminante.com.uy\/paquetes\/madrid-low-cost\/"},"modified":"2026-04-17T09:39:09","modified_gmt":"2026-04-17T12:39:09","slug":"madrid-low-cost","status":"publish","type":"product","link":"https:\/\/elkaminante.com.uy\/en\/paquetes\/madrid-low-cost\/","title":{"rendered":"Madrid Low Cost"},"content":{"rendered":"","protected":false},"excerpt":{"rendered":"<p><b>Madrid<\/b>, Espa\u00f1a, es algo m\u00e1s que la capital del pa\u00eds. Es una de las ciudades tur\u00edsticas m\u00e1s importantes de la Pen\u00ednsula Ib\u00e9rica. En esta ciudad podr\u00e1 admirar los monumentos que se construyeron en los siglos XVI y XVII y XVIII y hacen de Madrid una de las ciudades m\u00e1s interesantes y bellas de Europa. Turismo en este centro hist\u00f3rico es pasear por callejuelas estrechas que destilan el aroma del siglo XVI, cuando \u201cen Espa\u00f1a nunca se pon\u00eda el sol&#8221;, disfrutar de su gente, sus barrios, su gastronom\u00eda y dejarse enamorar por esta cosmopolita y gran ciudad. <i>Principales atractivos tur\u00edsticos:<\/i>la Plaza Mayor, el Mercado de San Miguel, la Puerta del Sol, la calle Preciados, el Palacio Real, la Plaza de Oriente, la Catedral de la Almudena, la Plaza de Espa\u00f1a, el Templo de Debod, la Castellana, la Gran V\u00eda, Callao, La Cibeles, el Banco de Espa\u00f1a, la Puerta de Alcal\u00e1, el Parque del Retiro, el Museo del Prado y el Museo Reina Sof\u00eda, entre otros.<\/p>\n","protected":false},"featured_media":10859,"template":"","meta":{"_acf_changed":false,"inline_featured_image":false},"product_brand":[],"product_cat":[28,1579],"product_tag":[96,2059,558,2058,123,928,137,124,245,3822,117,3516,65,125,126,129,120,61,3282,127,128,130,119],"class_list":{"0":"post-10861","1":"product","2":"type-product","3":"status-publish","4":"has-post-thumbnail","6":"product_cat-paquetes","7":"product_cat-uruguay","8":"product_tag-alarma-precios-bajos","9":"product_tag-en-espana","10":"product_tag-en-junio","11":"product_tag-en-madrid","12":"product_tag-espana","13":"product_tag-espana-en-junio","14":"product_tag-espana-en-madrid","15":"product_tag-europa","16":"product_tag-junio","17":"product_tag-junio-2026alarma-precios-bajos","18":"product_tag-madrid","19":"product_tag-madrid-low-cost","20":"product_tag-no-aplica","21":"product_tag-paquetes-a-espana","22":"product_tag-paquetes-a-europa","23":"product_tag-paquetes-a-madrid","24":"product_tag-sin-comidas","25":"product_tag-sin-destino","26":"product_tag-temporada-baja","27":"product_tag-viajes-a-espana","28":"product_tag-viajes-a-europa","29":"product_tag-viajes-a-madrid","30":"product_tag-vuelo-y-hotel","31":"entry","32":"has-media","34":"first","35":"instock","36":"shipping-taxable","37":"purchasable","38":"product-type-simple"},"acf":[],"yoast_head":"<!-- This site is optimized with the Yoast SEO plugin v27.2 - https:\/\/yoast.com\/product\/yoast-seo-wordpress\/ -->\n<title>Madrid Low Cost - El Kaminante<\/title>\n<meta name=\"robots\" content=\"index, follow, max-snippet:-1, max-image-preview:large, max-video-preview:-1\" \/>\n<link rel=\"canonical\" href=\"https:\/\/elkaminante.com.uy\/paquetes\/madrid-low-cost\/\" \/>\n<meta property=\"og:locale\" content=\"en_US\" \/>\n<meta property=\"og:type\" content=\"article\" \/>\n<meta property=\"og:title\" content=\"Madrid Low Cost - El Kaminante\" \/>\n<meta property=\"og:description\" content=\"Madrid, Espa\u00f1a, es algo m\u00e1s que la capital del pa\u00eds. Es una de las ciudades tur\u00edsticas m\u00e1s importantes de la Pen\u00ednsula Ib\u00e9rica. En esta ciudad podr\u00e1 admirar los monumentos que se construyeron en los siglos XVI y XVII y XVIII y hacen de Madrid una de las ciudades m\u00e1s interesantes y bellas de Europa. Turismo en este centro hist\u00f3rico es pasear por callejuelas estrechas que destilan el aroma del siglo XVI, cuando \u201cen Espa\u00f1a nunca se pon\u00eda el sol&quot;, disfrutar de su gente, sus barrios, su gastronom\u00eda y dejarse enamorar por esta cosmopolita y gran ciudad. Principales atractivos tur\u00edsticos:la Plaza Mayor, el Mercado de San Miguel, la Puerta del Sol, la calle Preciados, el Palacio Real, la Plaza de Oriente, la Catedral de la Almudena, la Plaza de Espa\u00f1a, el Templo de Debod, la Castellana, la Gran V\u00eda, Callao, La Cibeles, el Banco de Espa\u00f1a, la Puerta de Alcal\u00e1, el Parque del Retiro, el Museo del Prado y el Museo Reina Sof\u00eda, entre otros.\" \/>\n<meta property=\"og:url\" content=\"https:\/\/elkaminante.com.uy\/paquetes\/madrid-low-cost\/\" \/>\n<meta property=\"og:site_name\" content=\"El Kaminante\" \/>\n<meta property=\"article:modified_time\" content=\"2026-04-17T12:39:09+00:00\" \/>\n<meta property=\"og:image\" content=\"https:\/\/elkaminante.com.uy\/wp-content\/uploads\/2025\/06\/PAQ371.webp\" \/>\n\t<meta property=\"og:image:width\" content=\"800\" \/>\n\t<meta property=\"og:image:height\" content=\"457\" \/>\n\t<meta property=\"og:image:type\" content=\"image\/webp\" \/>\n<meta name=\"twitter:card\" content=\"summary_large_image\" \/>\n<script type=\"application\/ld+json\" class=\"yoast-schema-graph\">{\"@context\":\"https:\/\/schema.org\",\"@graph\":[{\"@type\":\"WebPage\",\"@id\":\"https:\/\/elkaminante.com.uy\/paquetes\/madrid-low-cost\/\",\"url\":\"https:\/\/elkaminante.com.uy\/paquetes\/madrid-low-cost\/\",\"name\":\"Madrid Low Cost - El Kaminante\",\"isPartOf\":{\"@id\":\"https:\/\/elkaminante.com.uy\/#website\"},\"primaryImageOfPage\":{\"@id\":\"https:\/\/elkaminante.com.uy\/paquetes\/madrid-low-cost\/#primaryimage\"},\"image\":{\"@id\":\"https:\/\/elkaminante.com.uy\/paquetes\/madrid-low-cost\/#primaryimage\"},\"thumbnailUrl\":\"https:\/\/elkaminante.com.uy\/wp-content\/uploads\/2025\/06\/PAQ371.webp\",\"datePublished\":\"2025-06-16T23:13:35+00:00\",\"dateModified\":\"2026-04-17T12:39:09+00:00\",\"breadcrumb\":{\"@id\":\"https:\/\/elkaminante.com.uy\/paquetes\/madrid-low-cost\/#breadcrumb\"},\"inLanguage\":\"en-US\",\"potentialAction\":[{\"@type\":\"ReadAction\",\"target\":[\"https:\/\/elkaminante.com.uy\/paquetes\/madrid-low-cost\/\"]}]},{\"@type\":\"ImageObject\",\"inLanguage\":\"en-US\",\"@id\":\"https:\/\/elkaminante.com.uy\/paquetes\/madrid-low-cost\/#primaryimage\",\"url\":\"https:\/\/elkaminante.com.uy\/wp-content\/uploads\/2025\/06\/PAQ371.webp\",\"contentUrl\":\"https:\/\/elkaminante.com.uy\/wp-content\/uploads\/2025\/06\/PAQ371.webp\",\"width\":800,\"height\":457},{\"@type\":\"BreadcrumbList\",\"@id\":\"https:\/\/elkaminante.com.uy\/paquetes\/madrid-low-cost\/#breadcrumb\",\"itemListElement\":[{\"@type\":\"ListItem\",\"position\":1,\"name\":\"Inicio\",\"item\":\"https:\/\/elkaminante.com.uy\/en\/\"},{\"@type\":\"ListItem\",\"position\":2,\"name\":\"Viajes por el mundo\",\"item\":\"https:\/\/elkaminante.com.uy\/en\/paquetes\/\"},{\"@type\":\"ListItem\",\"position\":3,\"name\":\"Madrid Low Cost\"}]},{\"@type\":\"WebSite\",\"@id\":\"https:\/\/elkaminante.com.uy\/#website\",\"url\":\"https:\/\/elkaminante.com.uy\/\",\"name\":\"El Kaminante\",\"description\":\"Viajes &amp; Turismo\",\"publisher\":{\"@id\":\"https:\/\/elkaminante.com.uy\/#organization\"},\"potentialAction\":[{\"@type\":\"SearchAction\",\"target\":{\"@type\":\"EntryPoint\",\"urlTemplate\":\"https:\/\/elkaminante.com.uy\/?s={search_term_string}\"},\"query-input\":{\"@type\":\"PropertyValueSpecification\",\"valueRequired\":true,\"valueName\":\"search_term_string\"}}],\"inLanguage\":\"en-US\"},{\"@type\":\"Organization\",\"@id\":\"https:\/\/elkaminante.com.uy\/#organization\",\"name\":\"El Kaminante\",\"url\":\"https:\/\/elkaminante.com.uy\/\",\"logo\":{\"@type\":\"ImageObject\",\"inLanguage\":\"en-US\",\"@id\":\"https:\/\/elkaminante.com.uy\/#\/schema\/logo\/image\/\",\"url\":\"https:\/\/elkaminante.com.uy\/wp-content\/uploads\/2025\/02\/logo-elkaminante-blanco.svg\",\"contentUrl\":\"https:\/\/elkaminante.com.uy\/wp-content\/uploads\/2025\/02\/logo-elkaminante-blanco.svg\",\"caption\":\"El Kaminante\"},\"image\":{\"@id\":\"https:\/\/elkaminante.com.uy\/#\/schema\/logo\/image\/\"}}]}<\/script>\n<!-- \/ Yoast SEO plugin. -->","yoast_head_json":{"title":"Madrid Low Cost - El Kaminante","robots":{"index":"index","follow":"follow","max-snippet":"max-snippet:-1","max-image-preview":"max-image-preview:large","max-video-preview":"max-video-preview:-1"},"canonical":"https:\/\/elkaminante.com.uy\/paquetes\/madrid-low-cost\/","og_locale":"en_US","og_type":"article","og_title":"Madrid Low Cost - El Kaminante","og_description":"Madrid, Espa\u00f1a, es algo m\u00e1s que la capital del pa\u00eds. Es una de las ciudades tur\u00edsticas m\u00e1s importantes de la Pen\u00ednsula Ib\u00e9rica. En esta ciudad podr\u00e1 admirar los monumentos que se construyeron en los siglos XVI y XVII y XVIII y hacen de Madrid una de las ciudades m\u00e1s interesantes y bellas de Europa. Turismo en este centro hist\u00f3rico es pasear por callejuelas estrechas que destilan el aroma del siglo XVI, cuando \u201cen Espa\u00f1a nunca se pon\u00eda el sol\", disfrutar de su gente, sus barrios, su gastronom\u00eda y dejarse enamorar por esta cosmopolita y gran ciudad. Principales atractivos tur\u00edsticos:la Plaza Mayor, el Mercado de San Miguel, la Puerta del Sol, la calle Preciados, el Palacio Real, la Plaza de Oriente, la Catedral de la Almudena, la Plaza de Espa\u00f1a, el Templo de Debod, la Castellana, la Gran V\u00eda, Callao, La Cibeles, el Banco de Espa\u00f1a, la Puerta de Alcal\u00e1, el Parque del Retiro, el Museo del Prado y el Museo Reina Sof\u00eda, entre otros.","og_url":"https:\/\/elkaminante.com.uy\/paquetes\/madrid-low-cost\/","og_site_name":"El Kaminante","article_modified_time":"2026-04-17T12:39:09+00:00","og_image":[{"width":800,"height":457,"url":"https:\/\/elkaminante.com.uy\/wp-content\/uploads\/2025\/06\/PAQ371.webp","type":"image\/webp"}],"twitter_card":"summary_large_image","schema":{"@context":"https:\/\/schema.org","@graph":[{"@type":"WebPage","@id":"https:\/\/elkaminante.com.uy\/paquetes\/madrid-low-cost\/","url":"https:\/\/elkaminante.com.uy\/paquetes\/madrid-low-cost\/","name":"Madrid Low Cost - El Kaminante","isPartOf":{"@id":"https:\/\/elkaminante.com.uy\/#website"},"primaryImageOfPage":{"@id":"https:\/\/elkaminante.com.uy\/paquetes\/madrid-low-cost\/#primaryimage"},"image":{"@id":"https:\/\/elkaminante.com.uy\/paquetes\/madrid-low-cost\/#primaryimage"},"thumbnailUrl":"https:\/\/elkaminante.com.uy\/wp-content\/uploads\/2025\/06\/PAQ371.webp","datePublished":"2025-06-16T23:13:35+00:00","dateModified":"2026-04-17T12:39:09+00:00","breadcrumb":{"@id":"https:\/\/elkaminante.com.uy\/paquetes\/madrid-low-cost\/#breadcrumb"},"inLanguage":"en-US","potentialAction":[{"@type":"ReadAction","target":["https:\/\/elkaminante.com.uy\/paquetes\/madrid-low-cost\/"]}]},{"@type":"ImageObject","inLanguage":"en-US","@id":"https:\/\/elkaminante.com.uy\/paquetes\/madrid-low-cost\/#primaryimage","url":"https:\/\/elkaminante.com.uy\/wp-content\/uploads\/2025\/06\/PAQ371.webp","contentUrl":"https:\/\/elkaminante.com.uy\/wp-content\/uploads\/2025\/06\/PAQ371.webp","width":800,"height":457},{"@type":"BreadcrumbList","@id":"https:\/\/elkaminante.com.uy\/paquetes\/madrid-low-cost\/#breadcrumb","itemListElement":[{"@type":"ListItem","position":1,"name":"Inicio","item":"https:\/\/elkaminante.com.uy\/en\/"},{"@type":"ListItem","position":2,"name":"Viajes por el mundo","item":"https:\/\/elkaminante.com.uy\/en\/paquetes\/"},{"@type":"ListItem","position":3,"name":"Madrid Low Cost"}]},{"@type":"WebSite","@id":"https:\/\/elkaminante.com.uy\/#website","url":"https:\/\/elkaminante.com.uy\/","name":"El Kaminante","description":"Viajes &amp; Turismo","publisher":{"@id":"https:\/\/elkaminante.com.uy\/#organization"},"potentialAction":[{"@type":"SearchAction","target":{"@type":"EntryPoint","urlTemplate":"https:\/\/elkaminante.com.uy\/?s={search_term_string}"},"query-input":{"@type":"PropertyValueSpecification","valueRequired":true,"valueName":"search_term_string"}}],"inLanguage":"en-US"},{"@type":"Organization","@id":"https:\/\/elkaminante.com.uy\/#organization","name":"El Kaminante","url":"https:\/\/elkaminante.com.uy\/","logo":{"@type":"ImageObject","inLanguage":"en-US","@id":"https:\/\/elkaminante.com.uy\/#\/schema\/logo\/image\/","url":"https:\/\/elkaminante.com.uy\/wp-content\/uploads\/2025\/02\/logo-elkaminante-blanco.svg","contentUrl":"https:\/\/elkaminante.com.uy\/wp-content\/uploads\/2025\/02\/logo-elkaminante-blanco.svg","caption":"El Kaminante"},"image":{"@id":"https:\/\/elkaminante.com.uy\/#\/schema\/logo\/image\/"}}]}},"_links":{"self":[{"href":"https:\/\/elkaminante.com.uy\/en\/wp-json\/wp\/v2\/product\/10861","targetHints":{"allow":["GET"]}}],"collection":[{"href":"https:\/\/elkaminante.com.uy\/en\/wp-json\/wp\/v2\/product"}],"about":[{"href":"https:\/\/elkaminante.com.uy\/en\/wp-json\/wp\/v2\/types\/product"}],"wp:featuredmedia":[{"embeddable":true,"href":"https:\/\/elkaminante.com.uy\/en\/wp-json\/wp\/v2\/media\/10859"}],"wp:attachment":[{"href":"https:\/\/elkaminante.com.uy\/en\/wp-json\/wp\/v2\/media?parent=10861"}],"wp:term":[{"taxonomy":"product_brand","embeddable":true,"href":"https:\/\/elkaminante.com.uy\/en\/wp-json\/wp\/v2\/product_brand?post=10861"},{"taxonomy":"product_cat","embeddable":true,"href":"https:\/\/elkaminante.com.uy\/en\/wp-json\/wp\/v2\/product_cat?post=10861"},{"taxonomy":"product_tag","embeddable":true,"href":"https:\/\/elkaminante.com.uy\/en\/wp-json\/wp\/v2\/product_tag?post=10861"}],"curies":[{"name":"wp","href":"https:\/\/api.w.org\/{rel}","templated":true}]}}