{"id":10846,"date":"2025-06-16T20:13:27","date_gmt":"2025-06-16T23:13:27","guid":{"rendered":"https:\/\/elkaminante.com.uy\/paquetes\/crucero-grecia-chipre-turquia\/"},"modified":"2026-04-17T09:39:09","modified_gmt":"2026-04-17T12:39:09","slug":"crucero-grecia-chipre-turquia","status":"publish","type":"product","link":"https:\/\/elkaminante.com.uy\/en\/paquetes\/crucero-grecia-chipre-turquia\/","title":{"rendered":"Crucero Grecia, Chipre &#038; Turqu\u00eda"},"content":{"rendered":"","protected":false},"excerpt":{"rendered":"<p><b>Grecia<\/b> es uno de los pa\u00edses m\u00e1s impresionantes de Europa, porque posee una vastedad de lugares tur\u00edsticos y espacios culturales, que encierran gran parte de la historia de la Antigua Grecia, cuna de la civilizaci\u00f3n occidental. La ubicaci\u00f3n geogr\u00e1fica de Grecia ofrece paisajes de aguas cristalinas y azules infinitos, la cultura, arte, costumbres y festividades se entremezclan con su singular arquitectura, mitolog\u00eda, y amable hospitalidad; formando una experiencia de ensue\u00f1o para cualquier turista. <i>Principales atractivos tur\u00edsticos:<\/i>la Acr\u00f3polis de Atenas y el Parten\u00f3n, Mykonos, Lindos, la villa medieval, el teatro de Delfos, la playa de Navagio, los monasterios de Meteora y la rom\u00e1ntica Santorini, entre otros.<\/p>\n<p><b>Turqu\u00eda<\/b> es rica en historia, arquitectura y belleza natural, el vasto y variado patrimonio cultural, que abarca miles de a\u00f1os, se refleja en su paisaje, su arquitectura, su cocina y la gran variedad de costumbres que existen en todo el pa\u00eds. Es un destino que espera ser descubierto con muchas atracciones culturales en ciudades como Estambul, Ankara e Izmir, entre otras. En Estambul, visitar El Gran Bazar, con sus m\u00e1s de 4.00 tiendas y la casi obligaci\u00f3n de regatear con los mercaderes en busca de gangas, es otra de las experiencias que ofrece la ciudad. Al igual que admirar las centenarias mezquitas que pueblan la ciudad, entre ellas la Azul o la de Solim\u00e1n, o realizar un crucero por el B\u00f3sforo observando sus puentes y los palacios y fortalezas que pueblan sus orillas. <i>Principales atractivos tur\u00edsticos:<\/i>Ankara, Capadocia, el valle de Goremo, el castillo Uchistar, las ciudades subterr\u00e1neas, Konya, Pamukkale y su Castillo de Algod\u00f3n, las ruinas de Hier\u00e1polis, \u00c9feso, Esmirna, el mar Egeo y las ruinas del Templo de Artemisa, entre otros.<\/p>\n","protected":false},"featured_media":10844,"template":"","meta":{"_acf_changed":false,"inline_featured_image":false},"product_brand":[],"product_cat":[28,1579],"product_tag":[392,2625,2822,3511,288,3510,291,2207,2050,124,1634,62,682,687,1709,2615,2821,65,121,3928,395,292,126,683,676,2820,2626,120,61,3282,675,674,397,293,128,684,677],"class_list":{"0":"post-10846","1":"product","2":"type-product","3":"status-publish","4":"has-post-thumbnail","6":"product_cat-paquetes","7":"product_cat-uruguay","8":"product_tag-asia","9":"product_tag-atenas","10":"product_tag-bodrum","11":"product_tag-chipre-turquia","12":"product_tag-crucero","13":"product_tag-crucero-grecia","14":"product_tag-crucero-y-vuelo","15":"product_tag-en-grecia","16":"product_tag-en-octubre","17":"product_tag-europa","18":"product_tag-exhotico","19":"product_tag-exoticos","20":"product_tag-grecia","21":"product_tag-grecia-en-grecia","22":"product_tag-grecia-en-octubre","23":"product_tag-kusadasi","24":"product_tag-limassol","25":"product_tag-no-aplica","26":"product_tag-octubre","27":"product_tag-octubre-2026exoticos","28":"product_tag-paquetes-a-asia","29":"product_tag-paquetes-a-crucero","30":"product_tag-paquetes-a-europa","31":"product_tag-paquetes-a-grecia","32":"product_tag-paquetes-a-turquia","33":"product_tag-rodas","34":"product_tag-santorini","35":"product_tag-sin-comidas","36":"product_tag-sin-destino","37":"product_tag-temporada-baja","38":"product_tag-turkiye","39":"product_tag-turquia","40":"product_tag-viajes-a-asia","41":"product_tag-viajes-a-crucero","42":"product_tag-viajes-a-europa","43":"product_tag-viajes-a-grecia","44":"product_tag-viajes-a-turquia","45":"entry","46":"has-media","48":"first","49":"instock","50":"shipping-taxable","51":"purchasable","52":"product-type-simple"},"acf":[],"yoast_head":"<!-- This site is optimized with the Yoast SEO plugin v27.2 - https:\/\/yoast.com\/product\/yoast-seo-wordpress\/ -->\n<title>Crucero Grecia, Chipre &amp; Turqu\u00eda - El Kaminante<\/title>\n<meta name=\"robots\" content=\"index, follow, max-snippet:-1, max-image-preview:large, max-video-preview:-1\" \/>\n<link rel=\"canonical\" href=\"https:\/\/elkaminante.com.uy\/paquetes\/crucero-grecia-chipre-turquia\/\" \/>\n<meta property=\"og:locale\" content=\"en_US\" \/>\n<meta property=\"og:type\" content=\"article\" \/>\n<meta property=\"og:title\" content=\"Crucero Grecia, Chipre &amp; Turqu\u00eda - El Kaminante\" \/>\n<meta property=\"og:description\" content=\"Grecia es uno de los pa\u00edses m\u00e1s impresionantes de Europa, porque posee una vastedad de lugares tur\u00edsticos y espacios culturales, que encierran gran parte de la historia de la Antigua Grecia, cuna de la civilizaci\u00f3n occidental. La ubicaci\u00f3n geogr\u00e1fica de Grecia ofrece paisajes de aguas cristalinas y azules infinitos, la cultura, arte, costumbres y festividades se entremezclan con su singular arquitectura, mitolog\u00eda, y amable hospitalidad; formando una experiencia de ensue\u00f1o para cualquier turista. Principales atractivos tur\u00edsticos:la Acr\u00f3polis de Atenas y el Parten\u00f3n, Mykonos, Lindos, la villa medieval, el teatro de Delfos, la playa de Navagio, los monasterios de Meteora y la rom\u00e1ntica Santorini, entre otros.Turqu\u00eda es rica en historia, arquitectura y belleza natural, el vasto y variado patrimonio cultural, que abarca miles de a\u00f1os, se refleja en su paisaje, su arquitectura, su cocina y la gran variedad de costumbres que existen en todo el pa\u00eds. Es un destino que espera ser descubierto con muchas atracciones culturales en ciudades como Estambul, Ankara e Izmir, entre otras. En Estambul, visitar El Gran Bazar, con sus m\u00e1s de 4.00 tiendas y la casi obligaci\u00f3n de regatear con los mercaderes en busca de gangas, es otra de las experiencias que ofrece la ciudad. Al igual que admirar las centenarias mezquitas que pueblan la ciudad, entre ellas la Azul o la de Solim\u00e1n, o realizar un crucero por el B\u00f3sforo observando sus puentes y los palacios y fortalezas que pueblan sus orillas. Principales atractivos tur\u00edsticos:Ankara, Capadocia, el valle de Goremo, el castillo Uchistar, las ciudades subterr\u00e1neas, Konya, Pamukkale y su Castillo de Algod\u00f3n, las ruinas de Hier\u00e1polis, \u00c9feso, Esmirna, el mar Egeo y las ruinas del Templo de Artemisa, entre otros.\" \/>\n<meta property=\"og:url\" content=\"https:\/\/elkaminante.com.uy\/paquetes\/crucero-grecia-chipre-turquia\/\" \/>\n<meta property=\"og:site_name\" content=\"El Kaminante\" \/>\n<meta property=\"article:modified_time\" content=\"2026-04-17T12:39:09+00:00\" \/>\n<meta property=\"og:image\" content=\"https:\/\/elkaminante.com.uy\/wp-content\/uploads\/2025\/06\/PAQ366.webp\" \/>\n\t<meta property=\"og:image:width\" content=\"800\" \/>\n\t<meta property=\"og:image:height\" content=\"457\" \/>\n\t<meta property=\"og:image:type\" content=\"image\/webp\" \/>\n<meta name=\"twitter:card\" content=\"summary_large_image\" \/>\n<script type=\"application\/ld+json\" class=\"yoast-schema-graph\">{\"@context\":\"https:\/\/schema.org\",\"@graph\":[{\"@type\":\"WebPage\",\"@id\":\"https:\/\/elkaminante.com.uy\/paquetes\/crucero-grecia-chipre-turquia\/\",\"url\":\"https:\/\/elkaminante.com.uy\/paquetes\/crucero-grecia-chipre-turquia\/\",\"name\":\"Crucero Grecia, Chipre & Turqu\u00eda - El Kaminante\",\"isPartOf\":{\"@id\":\"https:\/\/elkaminante.com.uy\/#website\"},\"primaryImageOfPage\":{\"@id\":\"https:\/\/elkaminante.com.uy\/paquetes\/crucero-grecia-chipre-turquia\/#primaryimage\"},\"image\":{\"@id\":\"https:\/\/elkaminante.com.uy\/paquetes\/crucero-grecia-chipre-turquia\/#primaryimage\"},\"thumbnailUrl\":\"https:\/\/elkaminante.com.uy\/wp-content\/uploads\/2025\/06\/PAQ366.webp\",\"datePublished\":\"2025-06-16T23:13:27+00:00\",\"dateModified\":\"2026-04-17T12:39:09+00:00\",\"breadcrumb\":{\"@id\":\"https:\/\/elkaminante.com.uy\/paquetes\/crucero-grecia-chipre-turquia\/#breadcrumb\"},\"inLanguage\":\"en-US\",\"potentialAction\":[{\"@type\":\"ReadAction\",\"target\":[\"https:\/\/elkaminante.com.uy\/paquetes\/crucero-grecia-chipre-turquia\/\"]}]},{\"@type\":\"ImageObject\",\"inLanguage\":\"en-US\",\"@id\":\"https:\/\/elkaminante.com.uy\/paquetes\/crucero-grecia-chipre-turquia\/#primaryimage\",\"url\":\"https:\/\/elkaminante.com.uy\/wp-content\/uploads\/2025\/06\/PAQ366.webp\",\"contentUrl\":\"https:\/\/elkaminante.com.uy\/wp-content\/uploads\/2025\/06\/PAQ366.webp\",\"width\":800,\"height\":457},{\"@type\":\"BreadcrumbList\",\"@id\":\"https:\/\/elkaminante.com.uy\/paquetes\/crucero-grecia-chipre-turquia\/#breadcrumb\",\"itemListElement\":[{\"@type\":\"ListItem\",\"position\":1,\"name\":\"Inicio\",\"item\":\"https:\/\/elkaminante.com.uy\/en\/\"},{\"@type\":\"ListItem\",\"position\":2,\"name\":\"Viajes por el mundo\",\"item\":\"https:\/\/elkaminante.com.uy\/en\/paquetes\/\"},{\"@type\":\"ListItem\",\"position\":3,\"name\":\"Crucero Grecia, Chipre &#038; Turqu\u00eda\"}]},{\"@type\":\"WebSite\",\"@id\":\"https:\/\/elkaminante.com.uy\/#website\",\"url\":\"https:\/\/elkaminante.com.uy\/\",\"name\":\"El Kaminante\",\"description\":\"Viajes &amp; Turismo\",\"publisher\":{\"@id\":\"https:\/\/elkaminante.com.uy\/#organization\"},\"potentialAction\":[{\"@type\":\"SearchAction\",\"target\":{\"@type\":\"EntryPoint\",\"urlTemplate\":\"https:\/\/elkaminante.com.uy\/?s={search_term_string}\"},\"query-input\":{\"@type\":\"PropertyValueSpecification\",\"valueRequired\":true,\"valueName\":\"search_term_string\"}}],\"inLanguage\":\"en-US\"},{\"@type\":\"Organization\",\"@id\":\"https:\/\/elkaminante.com.uy\/#organization\",\"name\":\"El Kaminante\",\"url\":\"https:\/\/elkaminante.com.uy\/\",\"logo\":{\"@type\":\"ImageObject\",\"inLanguage\":\"en-US\",\"@id\":\"https:\/\/elkaminante.com.uy\/#\/schema\/logo\/image\/\",\"url\":\"https:\/\/elkaminante.com.uy\/wp-content\/uploads\/2025\/02\/logo-elkaminante-blanco.svg\",\"contentUrl\":\"https:\/\/elkaminante.com.uy\/wp-content\/uploads\/2025\/02\/logo-elkaminante-blanco.svg\",\"caption\":\"El Kaminante\"},\"image\":{\"@id\":\"https:\/\/elkaminante.com.uy\/#\/schema\/logo\/image\/\"}}]}<\/script>\n<!-- \/ Yoast SEO plugin. -->","yoast_head_json":{"title":"Crucero Grecia, Chipre & Turqu\u00eda - El Kaminante","robots":{"index":"index","follow":"follow","max-snippet":"max-snippet:-1","max-image-preview":"max-image-preview:large","max-video-preview":"max-video-preview:-1"},"canonical":"https:\/\/elkaminante.com.uy\/paquetes\/crucero-grecia-chipre-turquia\/","og_locale":"en_US","og_type":"article","og_title":"Crucero Grecia, Chipre & Turqu\u00eda - El Kaminante","og_description":"Grecia es uno de los pa\u00edses m\u00e1s impresionantes de Europa, porque posee una vastedad de lugares tur\u00edsticos y espacios culturales, que encierran gran parte de la historia de la Antigua Grecia, cuna de la civilizaci\u00f3n occidental. La ubicaci\u00f3n geogr\u00e1fica de Grecia ofrece paisajes de aguas cristalinas y azules infinitos, la cultura, arte, costumbres y festividades se entremezclan con su singular arquitectura, mitolog\u00eda, y amable hospitalidad; formando una experiencia de ensue\u00f1o para cualquier turista. Principales atractivos tur\u00edsticos:la Acr\u00f3polis de Atenas y el Parten\u00f3n, Mykonos, Lindos, la villa medieval, el teatro de Delfos, la playa de Navagio, los monasterios de Meteora y la rom\u00e1ntica Santorini, entre otros.Turqu\u00eda es rica en historia, arquitectura y belleza natural, el vasto y variado patrimonio cultural, que abarca miles de a\u00f1os, se refleja en su paisaje, su arquitectura, su cocina y la gran variedad de costumbres que existen en todo el pa\u00eds. Es un destino que espera ser descubierto con muchas atracciones culturales en ciudades como Estambul, Ankara e Izmir, entre otras. En Estambul, visitar El Gran Bazar, con sus m\u00e1s de 4.00 tiendas y la casi obligaci\u00f3n de regatear con los mercaderes en busca de gangas, es otra de las experiencias que ofrece la ciudad. Al igual que admirar las centenarias mezquitas que pueblan la ciudad, entre ellas la Azul o la de Solim\u00e1n, o realizar un crucero por el B\u00f3sforo observando sus puentes y los palacios y fortalezas que pueblan sus orillas. Principales atractivos tur\u00edsticos:Ankara, Capadocia, el valle de Goremo, el castillo Uchistar, las ciudades subterr\u00e1neas, Konya, Pamukkale y su Castillo de Algod\u00f3n, las ruinas de Hier\u00e1polis, \u00c9feso, Esmirna, el mar Egeo y las ruinas del Templo de Artemisa, entre otros.","og_url":"https:\/\/elkaminante.com.uy\/paquetes\/crucero-grecia-chipre-turquia\/","og_site_name":"El Kaminante","article_modified_time":"2026-04-17T12:39:09+00:00","og_image":[{"width":800,"height":457,"url":"https:\/\/elkaminante.com.uy\/wp-content\/uploads\/2025\/06\/PAQ366.webp","type":"image\/webp"}],"twitter_card":"summary_large_image","schema":{"@context":"https:\/\/schema.org","@graph":[{"@type":"WebPage","@id":"https:\/\/elkaminante.com.uy\/paquetes\/crucero-grecia-chipre-turquia\/","url":"https:\/\/elkaminante.com.uy\/paquetes\/crucero-grecia-chipre-turquia\/","name":"Crucero Grecia, Chipre & Turqu\u00eda - El Kaminante","isPartOf":{"@id":"https:\/\/elkaminante.com.uy\/#website"},"primaryImageOfPage":{"@id":"https:\/\/elkaminante.com.uy\/paquetes\/crucero-grecia-chipre-turquia\/#primaryimage"},"image":{"@id":"https:\/\/elkaminante.com.uy\/paquetes\/crucero-grecia-chipre-turquia\/#primaryimage"},"thumbnailUrl":"https:\/\/elkaminante.com.uy\/wp-content\/uploads\/2025\/06\/PAQ366.webp","datePublished":"2025-06-16T23:13:27+00:00","dateModified":"2026-04-17T12:39:09+00:00","breadcrumb":{"@id":"https:\/\/elkaminante.com.uy\/paquetes\/crucero-grecia-chipre-turquia\/#breadcrumb"},"inLanguage":"en-US","potentialAction":[{"@type":"ReadAction","target":["https:\/\/elkaminante.com.uy\/paquetes\/crucero-grecia-chipre-turquia\/"]}]},{"@type":"ImageObject","inLanguage":"en-US","@id":"https:\/\/elkaminante.com.uy\/paquetes\/crucero-grecia-chipre-turquia\/#primaryimage","url":"https:\/\/elkaminante.com.uy\/wp-content\/uploads\/2025\/06\/PAQ366.webp","contentUrl":"https:\/\/elkaminante.com.uy\/wp-content\/uploads\/2025\/06\/PAQ366.webp","width":800,"height":457},{"@type":"BreadcrumbList","@id":"https:\/\/elkaminante.com.uy\/paquetes\/crucero-grecia-chipre-turquia\/#breadcrumb","itemListElement":[{"@type":"ListItem","position":1,"name":"Inicio","item":"https:\/\/elkaminante.com.uy\/en\/"},{"@type":"ListItem","position":2,"name":"Viajes por el mundo","item":"https:\/\/elkaminante.com.uy\/en\/paquetes\/"},{"@type":"ListItem","position":3,"name":"Crucero Grecia, Chipre &#038; Turqu\u00eda"}]},{"@type":"WebSite","@id":"https:\/\/elkaminante.com.uy\/#website","url":"https:\/\/elkaminante.com.uy\/","name":"El Kaminante","description":"Viajes &amp; Turismo","publisher":{"@id":"https:\/\/elkaminante.com.uy\/#organization"},"potentialAction":[{"@type":"SearchAction","target":{"@type":"EntryPoint","urlTemplate":"https:\/\/elkaminante.com.uy\/?s={search_term_string}"},"query-input":{"@type":"PropertyValueSpecification","valueRequired":true,"valueName":"search_term_string"}}],"inLanguage":"en-US"},{"@type":"Organization","@id":"https:\/\/elkaminante.com.uy\/#organization","name":"El Kaminante","url":"https:\/\/elkaminante.com.uy\/","logo":{"@type":"ImageObject","inLanguage":"en-US","@id":"https:\/\/elkaminante.com.uy\/#\/schema\/logo\/image\/","url":"https:\/\/elkaminante.com.uy\/wp-content\/uploads\/2025\/02\/logo-elkaminante-blanco.svg","contentUrl":"https:\/\/elkaminante.com.uy\/wp-content\/uploads\/2025\/02\/logo-elkaminante-blanco.svg","caption":"El Kaminante"},"image":{"@id":"https:\/\/elkaminante.com.uy\/#\/schema\/logo\/image\/"}}]}},"_links":{"self":[{"href":"https:\/\/elkaminante.com.uy\/en\/wp-json\/wp\/v2\/product\/10846","targetHints":{"allow":["GET"]}}],"collection":[{"href":"https:\/\/elkaminante.com.uy\/en\/wp-json\/wp\/v2\/product"}],"about":[{"href":"https:\/\/elkaminante.com.uy\/en\/wp-json\/wp\/v2\/types\/product"}],"wp:featuredmedia":[{"embeddable":true,"href":"https:\/\/elkaminante.com.uy\/en\/wp-json\/wp\/v2\/media\/10844"}],"wp:attachment":[{"href":"https:\/\/elkaminante.com.uy\/en\/wp-json\/wp\/v2\/media?parent=10846"}],"wp:term":[{"taxonomy":"product_brand","embeddable":true,"href":"https:\/\/elkaminante.com.uy\/en\/wp-json\/wp\/v2\/product_brand?post=10846"},{"taxonomy":"product_cat","embeddable":true,"href":"https:\/\/elkaminante.com.uy\/en\/wp-json\/wp\/v2\/product_cat?post=10846"},{"taxonomy":"product_tag","embeddable":true,"href":"https:\/\/elkaminante.com.uy\/en\/wp-json\/wp\/v2\/product_tag?post=10846"}],"curies":[{"name":"wp","href":"https:\/\/api.w.org\/{rel}","templated":true}]}}