{"id":10775,"date":"2025-06-16T20:12:44","date_gmt":"2025-06-16T23:12:44","guid":{"rendered":"https:\/\/elkaminante.com.uy\/paquetes\/lima-nazca-y-cusco\/"},"modified":"2026-04-26T16:46:13","modified_gmt":"2026-04-26T19:46:13","slug":"lima-nazca-y-cusco","status":"publish","type":"product","link":"https:\/\/elkaminante.com.uy\/en\/paquetes\/lima-nazca-y-cusco\/","title":{"rendered":"Lima, Nazca y Cusco"},"content":{"rendered":"","protected":false},"excerpt":{"rendered":"<p>En <b>Cusco<\/b> es imposible no sentirse abrumado por la belleza y la energ\u00eda de la ciudad. Cada calle empedrada cuenta una historia y cada edificio colonial esconde secretos y leyendas. Quienes visiten este destino tienen la oportunidad de experimentar una de las culturas m\u00e1s fascinantes del mundo y sumergirse en la rica historia de los Incas. Desde explorar las ruinas incas de Machu Picchu hasta recorrer las calles de la ciudad y disfrutar de su gastronom\u00eda, siempre hay algo para todos. La ciudad est\u00e1 rodeada por los majestuosos picos de los Andes, lo que significa que los viajeros pueden disfrutar de vistas espectaculares y hacer caminatas en algunos de los senderos m\u00e1s impresionantes del mundo. Adem\u00e1s, la ciudad cuenta con una gran cantidad de festivales y eventos culturales que se llevan a cabo a lo largo del a\u00f1o, lo que la convierte en un destino tur\u00edstico emocionante y lleno de vida en cualquier \u00e9poca del a\u00f1o.<\/p>\n","protected":false},"featured_media":10773,"template":"","meta":{"_acf_changed":false,"inline_featured_image":false},"product_brand":[],"product_cat":[28,1579],"product_tag":[562,3784,88,2831,1043,2833,64,568,2289,2232,2534,62,1354,2828,3491,65,2832,393,91,1044,1356,793,2830,792,799,1048,61,89,2827,93,1045,1357,794,63],"class_list":{"0":"post-10775","1":"product","2":"type-product","3":"status-publish","4":"has-post-thumbnail","6":"product_cat-paquetes","7":"product_cat-uruguay","8":"product_tag-agosto","9":"product_tag-agosto-2026","10":"product_tag-america-del-sur","11":"product_tag-caral","12":"product_tag-cusco","13":"product_tag-cusco-y-valle-sagrado","14":"product_tag-desayuno","15":"product_tag-en-agosto","16":"product_tag-en-cusco","17":"product_tag-en-peru","18":"product_tag-exotico","19":"product_tag-exoticos","20":"product_tag-lima","21":"product_tag-machu-picchu","22":"product_tag-nazca-y-cusco","23":"product_tag-no-aplica","24":"product_tag-ollantaytambo","25":"product_tag-otros-destinos","26":"product_tag-paquetes-a-america-del-sur","27":"product_tag-paquetes-a-cusco","28":"product_tag-paquetes-a-lima","29":"product_tag-paquetes-a-peru","30":"product_tag-paracas","31":"product_tag-peru","32":"product_tag-peru-en-agosto","33":"product_tag-peru-en-cusco","34":"product_tag-sin-destino","35":"product_tag-sudamerica","36":"product_tag-valle-sagrado","37":"product_tag-viajes-a-america-del-sur","38":"product_tag-viajes-a-cusco","39":"product_tag-viajes-a-lima","40":"product_tag-viajes-a-peru","41":"product_tag-vuelo-y-circuito","42":"entry","43":"has-media","45":"first","46":"instock","47":"shipping-taxable","48":"purchasable","49":"product-type-simple"},"acf":[],"yoast_head":"<!-- This site is optimized with the Yoast SEO plugin v27.2 - https:\/\/yoast.com\/product\/yoast-seo-wordpress\/ -->\n<title>Lima, Nazca y Cusco - El Kaminante<\/title>\n<meta name=\"robots\" content=\"index, follow, max-snippet:-1, max-image-preview:large, max-video-preview:-1\" \/>\n<link rel=\"canonical\" href=\"https:\/\/elkaminante.com.uy\/paquetes\/lima-nazca-y-cusco\/\" \/>\n<meta property=\"og:locale\" content=\"en_US\" \/>\n<meta property=\"og:type\" content=\"article\" \/>\n<meta property=\"og:title\" content=\"Lima, Nazca y Cusco - El Kaminante\" \/>\n<meta property=\"og:description\" content=\"En Cusco es imposible no sentirse abrumado por la belleza y la energ\u00eda de la ciudad. Cada calle empedrada cuenta una historia y cada edificio colonial esconde secretos y leyendas. Quienes visiten este destino tienen la oportunidad de experimentar una de las culturas m\u00e1s fascinantes del mundo y sumergirse en la rica historia de los Incas. Desde explorar las ruinas incas de Machu Picchu hasta recorrer las calles de la ciudad y disfrutar de su gastronom\u00eda, siempre hay algo para todos. La ciudad est\u00e1 rodeada por los majestuosos picos de los Andes, lo que significa que los viajeros pueden disfrutar de vistas espectaculares y hacer caminatas en algunos de los senderos m\u00e1s impresionantes del mundo. Adem\u00e1s, la ciudad cuenta con una gran cantidad de festivales y eventos culturales que se llevan a cabo a lo largo del a\u00f1o, lo que la convierte en un destino tur\u00edstico emocionante y lleno de vida en cualquier \u00e9poca del a\u00f1o.\" \/>\n<meta property=\"og:url\" content=\"https:\/\/elkaminante.com.uy\/paquetes\/lima-nazca-y-cusco\/\" \/>\n<meta property=\"og:site_name\" content=\"El Kaminante\" \/>\n<meta property=\"article:modified_time\" content=\"2026-04-26T19:46:13+00:00\" \/>\n<meta name=\"twitter:card\" content=\"summary_large_image\" \/>\n<script type=\"application\/ld+json\" class=\"yoast-schema-graph\">{\"@context\":\"https:\/\/schema.org\",\"@graph\":[{\"@type\":\"WebPage\",\"@id\":\"https:\/\/elkaminante.com.uy\/paquetes\/lima-nazca-y-cusco\/\",\"url\":\"https:\/\/elkaminante.com.uy\/paquetes\/lima-nazca-y-cusco\/\",\"name\":\"Lima, Nazca y Cusco - El Kaminante\",\"isPartOf\":{\"@id\":\"https:\/\/elkaminante.com.uy\/#website\"},\"primaryImageOfPage\":{\"@id\":\"https:\/\/elkaminante.com.uy\/paquetes\/lima-nazca-y-cusco\/#primaryimage\"},\"image\":{\"@id\":\"https:\/\/elkaminante.com.uy\/paquetes\/lima-nazca-y-cusco\/#primaryimage\"},\"thumbnailUrl\":\"https:\/\/elkaminante.com.uy\/wp-content\/uploads\/2025\/06\/PAQ348.webp\",\"datePublished\":\"2025-06-16T23:12:44+00:00\",\"dateModified\":\"2026-04-26T19:46:13+00:00\",\"breadcrumb\":{\"@id\":\"https:\/\/elkaminante.com.uy\/paquetes\/lima-nazca-y-cusco\/#breadcrumb\"},\"inLanguage\":\"en-US\",\"potentialAction\":[{\"@type\":\"ReadAction\",\"target\":[\"https:\/\/elkaminante.com.uy\/paquetes\/lima-nazca-y-cusco\/\"]}]},{\"@type\":\"ImageObject\",\"inLanguage\":\"en-US\",\"@id\":\"https:\/\/elkaminante.com.uy\/paquetes\/lima-nazca-y-cusco\/#primaryimage\",\"url\":\"https:\/\/elkaminante.com.uy\/wp-content\/uploads\/2025\/06\/PAQ348.webp\",\"contentUrl\":\"https:\/\/elkaminante.com.uy\/wp-content\/uploads\/2025\/06\/PAQ348.webp\",\"width\":800,\"height\":457},{\"@type\":\"BreadcrumbList\",\"@id\":\"https:\/\/elkaminante.com.uy\/paquetes\/lima-nazca-y-cusco\/#breadcrumb\",\"itemListElement\":[{\"@type\":\"ListItem\",\"position\":1,\"name\":\"Inicio\",\"item\":\"https:\/\/elkaminante.com.uy\/en\/\"},{\"@type\":\"ListItem\",\"position\":2,\"name\":\"Viajes por el mundo\",\"item\":\"https:\/\/elkaminante.com.uy\/en\/paquetes\/\"},{\"@type\":\"ListItem\",\"position\":3,\"name\":\"Lima, Nazca y Cusco\"}]},{\"@type\":\"WebSite\",\"@id\":\"https:\/\/elkaminante.com.uy\/#website\",\"url\":\"https:\/\/elkaminante.com.uy\/\",\"name\":\"El Kaminante\",\"description\":\"Viajes &amp; Turismo\",\"publisher\":{\"@id\":\"https:\/\/elkaminante.com.uy\/#organization\"},\"potentialAction\":[{\"@type\":\"SearchAction\",\"target\":{\"@type\":\"EntryPoint\",\"urlTemplate\":\"https:\/\/elkaminante.com.uy\/?s={search_term_string}\"},\"query-input\":{\"@type\":\"PropertyValueSpecification\",\"valueRequired\":true,\"valueName\":\"search_term_string\"}}],\"inLanguage\":\"en-US\"},{\"@type\":\"Organization\",\"@id\":\"https:\/\/elkaminante.com.uy\/#organization\",\"name\":\"El Kaminante\",\"url\":\"https:\/\/elkaminante.com.uy\/\",\"logo\":{\"@type\":\"ImageObject\",\"inLanguage\":\"en-US\",\"@id\":\"https:\/\/elkaminante.com.uy\/#\/schema\/logo\/image\/\",\"url\":\"https:\/\/elkaminante.com.uy\/wp-content\/uploads\/2025\/02\/logo-elkaminante-blanco.svg\",\"contentUrl\":\"https:\/\/elkaminante.com.uy\/wp-content\/uploads\/2025\/02\/logo-elkaminante-blanco.svg\",\"caption\":\"El Kaminante\"},\"image\":{\"@id\":\"https:\/\/elkaminante.com.uy\/#\/schema\/logo\/image\/\"}}]}<\/script>\n<!-- \/ Yoast SEO plugin. -->","yoast_head_json":{"title":"Lima, Nazca y Cusco - El Kaminante","robots":{"index":"index","follow":"follow","max-snippet":"max-snippet:-1","max-image-preview":"max-image-preview:large","max-video-preview":"max-video-preview:-1"},"canonical":"https:\/\/elkaminante.com.uy\/paquetes\/lima-nazca-y-cusco\/","og_locale":"en_US","og_type":"article","og_title":"Lima, Nazca y Cusco - El Kaminante","og_description":"En Cusco es imposible no sentirse abrumado por la belleza y la energ\u00eda de la ciudad. Cada calle empedrada cuenta una historia y cada edificio colonial esconde secretos y leyendas. Quienes visiten este destino tienen la oportunidad de experimentar una de las culturas m\u00e1s fascinantes del mundo y sumergirse en la rica historia de los Incas. Desde explorar las ruinas incas de Machu Picchu hasta recorrer las calles de la ciudad y disfrutar de su gastronom\u00eda, siempre hay algo para todos. La ciudad est\u00e1 rodeada por los majestuosos picos de los Andes, lo que significa que los viajeros pueden disfrutar de vistas espectaculares y hacer caminatas en algunos de los senderos m\u00e1s impresionantes del mundo. Adem\u00e1s, la ciudad cuenta con una gran cantidad de festivales y eventos culturales que se llevan a cabo a lo largo del a\u00f1o, lo que la convierte en un destino tur\u00edstico emocionante y lleno de vida en cualquier \u00e9poca del a\u00f1o.","og_url":"https:\/\/elkaminante.com.uy\/paquetes\/lima-nazca-y-cusco\/","og_site_name":"El Kaminante","article_modified_time":"2026-04-26T19:46:13+00:00","twitter_card":"summary_large_image","schema":{"@context":"https:\/\/schema.org","@graph":[{"@type":"WebPage","@id":"https:\/\/elkaminante.com.uy\/paquetes\/lima-nazca-y-cusco\/","url":"https:\/\/elkaminante.com.uy\/paquetes\/lima-nazca-y-cusco\/","name":"Lima, Nazca y Cusco - El Kaminante","isPartOf":{"@id":"https:\/\/elkaminante.com.uy\/#website"},"primaryImageOfPage":{"@id":"https:\/\/elkaminante.com.uy\/paquetes\/lima-nazca-y-cusco\/#primaryimage"},"image":{"@id":"https:\/\/elkaminante.com.uy\/paquetes\/lima-nazca-y-cusco\/#primaryimage"},"thumbnailUrl":"https:\/\/elkaminante.com.uy\/wp-content\/uploads\/2025\/06\/PAQ348.webp","datePublished":"2025-06-16T23:12:44+00:00","dateModified":"2026-04-26T19:46:13+00:00","breadcrumb":{"@id":"https:\/\/elkaminante.com.uy\/paquetes\/lima-nazca-y-cusco\/#breadcrumb"},"inLanguage":"en-US","potentialAction":[{"@type":"ReadAction","target":["https:\/\/elkaminante.com.uy\/paquetes\/lima-nazca-y-cusco\/"]}]},{"@type":"ImageObject","inLanguage":"en-US","@id":"https:\/\/elkaminante.com.uy\/paquetes\/lima-nazca-y-cusco\/#primaryimage","url":"https:\/\/elkaminante.com.uy\/wp-content\/uploads\/2025\/06\/PAQ348.webp","contentUrl":"https:\/\/elkaminante.com.uy\/wp-content\/uploads\/2025\/06\/PAQ348.webp","width":800,"height":457},{"@type":"BreadcrumbList","@id":"https:\/\/elkaminante.com.uy\/paquetes\/lima-nazca-y-cusco\/#breadcrumb","itemListElement":[{"@type":"ListItem","position":1,"name":"Inicio","item":"https:\/\/elkaminante.com.uy\/en\/"},{"@type":"ListItem","position":2,"name":"Viajes por el mundo","item":"https:\/\/elkaminante.com.uy\/en\/paquetes\/"},{"@type":"ListItem","position":3,"name":"Lima, Nazca y Cusco"}]},{"@type":"WebSite","@id":"https:\/\/elkaminante.com.uy\/#website","url":"https:\/\/elkaminante.com.uy\/","name":"El Kaminante","description":"Viajes &amp; Turismo","publisher":{"@id":"https:\/\/elkaminante.com.uy\/#organization"},"potentialAction":[{"@type":"SearchAction","target":{"@type":"EntryPoint","urlTemplate":"https:\/\/elkaminante.com.uy\/?s={search_term_string}"},"query-input":{"@type":"PropertyValueSpecification","valueRequired":true,"valueName":"search_term_string"}}],"inLanguage":"en-US"},{"@type":"Organization","@id":"https:\/\/elkaminante.com.uy\/#organization","name":"El Kaminante","url":"https:\/\/elkaminante.com.uy\/","logo":{"@type":"ImageObject","inLanguage":"en-US","@id":"https:\/\/elkaminante.com.uy\/#\/schema\/logo\/image\/","url":"https:\/\/elkaminante.com.uy\/wp-content\/uploads\/2025\/02\/logo-elkaminante-blanco.svg","contentUrl":"https:\/\/elkaminante.com.uy\/wp-content\/uploads\/2025\/02\/logo-elkaminante-blanco.svg","caption":"El Kaminante"},"image":{"@id":"https:\/\/elkaminante.com.uy\/#\/schema\/logo\/image\/"}}]}},"_links":{"self":[{"href":"https:\/\/elkaminante.com.uy\/en\/wp-json\/wp\/v2\/product\/10775","targetHints":{"allow":["GET"]}}],"collection":[{"href":"https:\/\/elkaminante.com.uy\/en\/wp-json\/wp\/v2\/product"}],"about":[{"href":"https:\/\/elkaminante.com.uy\/en\/wp-json\/wp\/v2\/types\/product"}],"wp:featuredmedia":[{"embeddable":true,"href":"https:\/\/elkaminante.com.uy\/en\/wp-json\/wp\/v2\/media\/10773"}],"wp:attachment":[{"href":"https:\/\/elkaminante.com.uy\/en\/wp-json\/wp\/v2\/media?parent=10775"}],"wp:term":[{"taxonomy":"product_brand","embeddable":true,"href":"https:\/\/elkaminante.com.uy\/en\/wp-json\/wp\/v2\/product_brand?post=10775"},{"taxonomy":"product_cat","embeddable":true,"href":"https:\/\/elkaminante.com.uy\/en\/wp-json\/wp\/v2\/product_cat?post=10775"},{"taxonomy":"product_tag","embeddable":true,"href":"https:\/\/elkaminante.com.uy\/en\/wp-json\/wp\/v2\/product_tag?post=10775"}],"curies":[{"name":"wp","href":"https:\/\/api.w.org\/{rel}","templated":true}]}}