{"id":10749,"date":"2025-06-16T20:12:27","date_gmt":"2025-06-16T23:12:27","guid":{"rendered":"https:\/\/elkaminante.com.uy\/paquetes\/croacia-al-completo\/"},"modified":"2026-04-17T09:39:05","modified_gmt":"2026-04-17T12:39:05","slug":"croacia-al-completo","status":"publish","type":"product","link":"https:\/\/elkaminante.com.uy\/en\/paquetes\/croacia-al-completo\/","title":{"rendered":"Croacia al completo"},"content":{"rendered":"","protected":false},"excerpt":{"rendered":"<p><b>Croacia<\/b>, historia, playas, islas, paisajes naturales, arte y todo a orillas del mar Adri\u00e1tico. Adem\u00e1s de paisajes naturales que le sorprender\u00e1n, las ciudades de Croacia le llevar\u00e1n a viajar a otro tiempo, e incluso, a la ficci\u00f3n. Conocer\u00a0Dubrovnik, ciudad que parece detenida en el tiempo, su monasterio, su catedral y sus palacios.\u00a0<i>Principales atractivos tur\u00edsticos:<\/i> Split, Trogir, Opatija, Pula, Zada, Zagreb, y Plitvice, que forma parte de la red de Parques Naturales del pa\u00eds, con m\u00e1s de 4.000 a\u00f1os de antig\u00fcedad, este espacio cuenta con cascadas de cuento de hadas y lindos lagos en los que poder disfrutar de un rato de relax.<\/p>\n","protected":false},"featured_media":10747,"template":"","meta":{"_acf_changed":false,"inline_featured_image":false},"product_brand":[],"product_cat":[28,1579],"product_tag":[1037,3487,3103,2288,2068,558,124,1041,859,3988,245,2481,1038,539,120,61,3162,1039,119,3989,3161],"class_list":{"0":"post-10749","1":"product","2":"type-product","3":"status-publish","4":"has-post-thumbnail","6":"product_cat-paquetes","7":"product_cat-uruguay","8":"product_tag-croacia","9":"product_tag-croacia-al-completo","10":"product_tag-dubrovnik","11":"product_tag-en-croacia","12":"product_tag-en-europa","13":"product_tag-en-junio","14":"product_tag-europa","15":"product_tag-europa-en-croacia","16":"product_tag-europa-en-junio","17":"product_tag-hvar","18":"product_tag-junio","19":"product_tag-junio-2026","20":"product_tag-paquetes-a-croacia","21":"product_tag-road-trip","22":"product_tag-sin-comidas","23":"product_tag-sin-destino","24":"product_tag-split","25":"product_tag-viajes-a-croacia","26":"product_tag-vuelo-y-hotel","27":"product_tag-zadar","28":"product_tag-zagreb","29":"entry","30":"has-media","32":"first","33":"instock","34":"shipping-taxable","35":"purchasable","36":"product-type-simple"},"acf":[],"yoast_head":"<!-- This site is optimized with the Yoast SEO plugin v27.2 - https:\/\/yoast.com\/product\/yoast-seo-wordpress\/ -->\n<title>Croacia al completo - El Kaminante<\/title>\n<meta name=\"robots\" content=\"index, follow, max-snippet:-1, max-image-preview:large, max-video-preview:-1\" \/>\n<link rel=\"canonical\" href=\"https:\/\/elkaminante.com.uy\/paquetes\/croacia-al-completo\/\" \/>\n<meta property=\"og:locale\" content=\"en_US\" \/>\n<meta property=\"og:type\" content=\"article\" \/>\n<meta property=\"og:title\" content=\"Croacia al completo - El Kaminante\" \/>\n<meta property=\"og:description\" content=\"Croacia, historia, playas, islas, paisajes naturales, arte y todo a orillas del mar Adri\u00e1tico. Adem\u00e1s de paisajes naturales que le sorprender\u00e1n, las ciudades de Croacia le llevar\u00e1n a viajar a otro tiempo, e incluso, a la ficci\u00f3n. Conocer\u00a0Dubrovnik, ciudad que parece detenida en el tiempo, su monasterio, su catedral y sus palacios.\u00a0Principales atractivos tur\u00edsticos: Split, Trogir, Opatija, Pula, Zada, Zagreb, y Plitvice, que forma parte de la red de Parques Naturales del pa\u00eds, con m\u00e1s de 4.000 a\u00f1os de antig\u00fcedad, este espacio cuenta con cascadas de cuento de hadas y lindos lagos en los que poder disfrutar de un rato de relax.\" \/>\n<meta property=\"og:url\" content=\"https:\/\/elkaminante.com.uy\/paquetes\/croacia-al-completo\/\" \/>\n<meta property=\"og:site_name\" content=\"El Kaminante\" \/>\n<meta property=\"article:modified_time\" content=\"2026-04-17T12:39:05+00:00\" \/>\n<meta name=\"twitter:card\" content=\"summary_large_image\" \/>\n<script type=\"application\/ld+json\" class=\"yoast-schema-graph\">{\"@context\":\"https:\/\/schema.org\",\"@graph\":[{\"@type\":\"WebPage\",\"@id\":\"https:\/\/elkaminante.com.uy\/paquetes\/croacia-al-completo\/\",\"url\":\"https:\/\/elkaminante.com.uy\/paquetes\/croacia-al-completo\/\",\"name\":\"Croacia al completo - El Kaminante\",\"isPartOf\":{\"@id\":\"https:\/\/elkaminante.com.uy\/#website\"},\"primaryImageOfPage\":{\"@id\":\"https:\/\/elkaminante.com.uy\/paquetes\/croacia-al-completo\/#primaryimage\"},\"image\":{\"@id\":\"https:\/\/elkaminante.com.uy\/paquetes\/croacia-al-completo\/#primaryimage\"},\"thumbnailUrl\":\"https:\/\/elkaminante.com.uy\/wp-content\/uploads\/2025\/06\/PAQ344.webp\",\"datePublished\":\"2025-06-16T23:12:27+00:00\",\"dateModified\":\"2026-04-17T12:39:05+00:00\",\"breadcrumb\":{\"@id\":\"https:\/\/elkaminante.com.uy\/paquetes\/croacia-al-completo\/#breadcrumb\"},\"inLanguage\":\"en-US\",\"potentialAction\":[{\"@type\":\"ReadAction\",\"target\":[\"https:\/\/elkaminante.com.uy\/paquetes\/croacia-al-completo\/\"]}]},{\"@type\":\"ImageObject\",\"inLanguage\":\"en-US\",\"@id\":\"https:\/\/elkaminante.com.uy\/paquetes\/croacia-al-completo\/#primaryimage\",\"url\":\"https:\/\/elkaminante.com.uy\/wp-content\/uploads\/2025\/06\/PAQ344.webp\",\"contentUrl\":\"https:\/\/elkaminante.com.uy\/wp-content\/uploads\/2025\/06\/PAQ344.webp\",\"width\":800,\"height\":457},{\"@type\":\"BreadcrumbList\",\"@id\":\"https:\/\/elkaminante.com.uy\/paquetes\/croacia-al-completo\/#breadcrumb\",\"itemListElement\":[{\"@type\":\"ListItem\",\"position\":1,\"name\":\"Inicio\",\"item\":\"https:\/\/elkaminante.com.uy\/en\/\"},{\"@type\":\"ListItem\",\"position\":2,\"name\":\"Viajes por el mundo\",\"item\":\"https:\/\/elkaminante.com.uy\/en\/paquetes\/\"},{\"@type\":\"ListItem\",\"position\":3,\"name\":\"Croacia al completo\"}]},{\"@type\":\"WebSite\",\"@id\":\"https:\/\/elkaminante.com.uy\/#website\",\"url\":\"https:\/\/elkaminante.com.uy\/\",\"name\":\"El Kaminante\",\"description\":\"Viajes &amp; Turismo\",\"publisher\":{\"@id\":\"https:\/\/elkaminante.com.uy\/#organization\"},\"potentialAction\":[{\"@type\":\"SearchAction\",\"target\":{\"@type\":\"EntryPoint\",\"urlTemplate\":\"https:\/\/elkaminante.com.uy\/?s={search_term_string}\"},\"query-input\":{\"@type\":\"PropertyValueSpecification\",\"valueRequired\":true,\"valueName\":\"search_term_string\"}}],\"inLanguage\":\"en-US\"},{\"@type\":\"Organization\",\"@id\":\"https:\/\/elkaminante.com.uy\/#organization\",\"name\":\"El Kaminante\",\"url\":\"https:\/\/elkaminante.com.uy\/\",\"logo\":{\"@type\":\"ImageObject\",\"inLanguage\":\"en-US\",\"@id\":\"https:\/\/elkaminante.com.uy\/#\/schema\/logo\/image\/\",\"url\":\"https:\/\/elkaminante.com.uy\/wp-content\/uploads\/2025\/02\/logo-elkaminante-blanco.svg\",\"contentUrl\":\"https:\/\/elkaminante.com.uy\/wp-content\/uploads\/2025\/02\/logo-elkaminante-blanco.svg\",\"caption\":\"El Kaminante\"},\"image\":{\"@id\":\"https:\/\/elkaminante.com.uy\/#\/schema\/logo\/image\/\"}}]}<\/script>\n<!-- \/ Yoast SEO plugin. -->","yoast_head_json":{"title":"Croacia al completo - El Kaminante","robots":{"index":"index","follow":"follow","max-snippet":"max-snippet:-1","max-image-preview":"max-image-preview:large","max-video-preview":"max-video-preview:-1"},"canonical":"https:\/\/elkaminante.com.uy\/paquetes\/croacia-al-completo\/","og_locale":"en_US","og_type":"article","og_title":"Croacia al completo - El Kaminante","og_description":"Croacia, historia, playas, islas, paisajes naturales, arte y todo a orillas del mar Adri\u00e1tico. Adem\u00e1s de paisajes naturales que le sorprender\u00e1n, las ciudades de Croacia le llevar\u00e1n a viajar a otro tiempo, e incluso, a la ficci\u00f3n. Conocer\u00a0Dubrovnik, ciudad que parece detenida en el tiempo, su monasterio, su catedral y sus palacios.\u00a0Principales atractivos tur\u00edsticos: Split, Trogir, Opatija, Pula, Zada, Zagreb, y Plitvice, que forma parte de la red de Parques Naturales del pa\u00eds, con m\u00e1s de 4.000 a\u00f1os de antig\u00fcedad, este espacio cuenta con cascadas de cuento de hadas y lindos lagos en los que poder disfrutar de un rato de relax.","og_url":"https:\/\/elkaminante.com.uy\/paquetes\/croacia-al-completo\/","og_site_name":"El Kaminante","article_modified_time":"2026-04-17T12:39:05+00:00","twitter_card":"summary_large_image","schema":{"@context":"https:\/\/schema.org","@graph":[{"@type":"WebPage","@id":"https:\/\/elkaminante.com.uy\/paquetes\/croacia-al-completo\/","url":"https:\/\/elkaminante.com.uy\/paquetes\/croacia-al-completo\/","name":"Croacia al completo - El Kaminante","isPartOf":{"@id":"https:\/\/elkaminante.com.uy\/#website"},"primaryImageOfPage":{"@id":"https:\/\/elkaminante.com.uy\/paquetes\/croacia-al-completo\/#primaryimage"},"image":{"@id":"https:\/\/elkaminante.com.uy\/paquetes\/croacia-al-completo\/#primaryimage"},"thumbnailUrl":"https:\/\/elkaminante.com.uy\/wp-content\/uploads\/2025\/06\/PAQ344.webp","datePublished":"2025-06-16T23:12:27+00:00","dateModified":"2026-04-17T12:39:05+00:00","breadcrumb":{"@id":"https:\/\/elkaminante.com.uy\/paquetes\/croacia-al-completo\/#breadcrumb"},"inLanguage":"en-US","potentialAction":[{"@type":"ReadAction","target":["https:\/\/elkaminante.com.uy\/paquetes\/croacia-al-completo\/"]}]},{"@type":"ImageObject","inLanguage":"en-US","@id":"https:\/\/elkaminante.com.uy\/paquetes\/croacia-al-completo\/#primaryimage","url":"https:\/\/elkaminante.com.uy\/wp-content\/uploads\/2025\/06\/PAQ344.webp","contentUrl":"https:\/\/elkaminante.com.uy\/wp-content\/uploads\/2025\/06\/PAQ344.webp","width":800,"height":457},{"@type":"BreadcrumbList","@id":"https:\/\/elkaminante.com.uy\/paquetes\/croacia-al-completo\/#breadcrumb","itemListElement":[{"@type":"ListItem","position":1,"name":"Inicio","item":"https:\/\/elkaminante.com.uy\/en\/"},{"@type":"ListItem","position":2,"name":"Viajes por el mundo","item":"https:\/\/elkaminante.com.uy\/en\/paquetes\/"},{"@type":"ListItem","position":3,"name":"Croacia al completo"}]},{"@type":"WebSite","@id":"https:\/\/elkaminante.com.uy\/#website","url":"https:\/\/elkaminante.com.uy\/","name":"El Kaminante","description":"Viajes &amp; Turismo","publisher":{"@id":"https:\/\/elkaminante.com.uy\/#organization"},"potentialAction":[{"@type":"SearchAction","target":{"@type":"EntryPoint","urlTemplate":"https:\/\/elkaminante.com.uy\/?s={search_term_string}"},"query-input":{"@type":"PropertyValueSpecification","valueRequired":true,"valueName":"search_term_string"}}],"inLanguage":"en-US"},{"@type":"Organization","@id":"https:\/\/elkaminante.com.uy\/#organization","name":"El Kaminante","url":"https:\/\/elkaminante.com.uy\/","logo":{"@type":"ImageObject","inLanguage":"en-US","@id":"https:\/\/elkaminante.com.uy\/#\/schema\/logo\/image\/","url":"https:\/\/elkaminante.com.uy\/wp-content\/uploads\/2025\/02\/logo-elkaminante-blanco.svg","contentUrl":"https:\/\/elkaminante.com.uy\/wp-content\/uploads\/2025\/02\/logo-elkaminante-blanco.svg","caption":"El Kaminante"},"image":{"@id":"https:\/\/elkaminante.com.uy\/#\/schema\/logo\/image\/"}}]}},"_links":{"self":[{"href":"https:\/\/elkaminante.com.uy\/en\/wp-json\/wp\/v2\/product\/10749","targetHints":{"allow":["GET"]}}],"collection":[{"href":"https:\/\/elkaminante.com.uy\/en\/wp-json\/wp\/v2\/product"}],"about":[{"href":"https:\/\/elkaminante.com.uy\/en\/wp-json\/wp\/v2\/types\/product"}],"wp:featuredmedia":[{"embeddable":true,"href":"https:\/\/elkaminante.com.uy\/en\/wp-json\/wp\/v2\/media\/10747"}],"wp:attachment":[{"href":"https:\/\/elkaminante.com.uy\/en\/wp-json\/wp\/v2\/media?parent=10749"}],"wp:term":[{"taxonomy":"product_brand","embeddable":true,"href":"https:\/\/elkaminante.com.uy\/en\/wp-json\/wp\/v2\/product_brand?post=10749"},{"taxonomy":"product_cat","embeddable":true,"href":"https:\/\/elkaminante.com.uy\/en\/wp-json\/wp\/v2\/product_cat?post=10749"},{"taxonomy":"product_tag","embeddable":true,"href":"https:\/\/elkaminante.com.uy\/en\/wp-json\/wp\/v2\/product_tag?post=10749"}],"curies":[{"name":"wp","href":"https:\/\/api.w.org\/{rel}","templated":true}]}}