{"id":10740,"date":"2025-06-16T20:12:22","date_gmt":"2025-06-16T23:12:22","guid":{"rendered":"https:\/\/elkaminante.com.uy\/paquetes\/ibiza-y-palma-con-auto\/"},"modified":"2026-04-17T09:39:05","modified_gmt":"2026-04-17T12:39:05","slug":"ibiza-y-palma-con-auto","status":"publish","type":"product","link":"https:\/\/elkaminante.com.uy\/en\/paquetes\/ibiza-y-palma-con-auto\/","title":{"rendered":"Ibiza y Palma con auto"},"content":{"rendered":"","protected":false},"excerpt":{"rendered":"<p><b>Ibiza<\/b> es una isla de contrastes deliciosos, forma parte del archipi\u00e9lago de las Islas Baleares, Espa\u00f1a y tiene mucho para ofrecer.  Cosmopolita y multicultural, pero apegada a sus ra\u00edces rurales. Bulliciosa y relajante. De fama global y a la vez desconocida. Un pedazo excepcional de Mediterr\u00e1neo, al que muchos acuden con el reclamo de sus vibrantes noches, pero que ofrece muchos otros alicientes. M\u00e1s de 18 km de playas de arena fina y aguas cristalinas, casas de un blanco puro, iglesias fortificadas o las inolvidables murallas de Dalt Vila, Patrimonio de la Humanidad.<\/p>\n<p><b>Mallorca<\/b> es una isla con alma, un destino con una importante historia que nos cuenta a trav\u00e9s de sus museos y monumentos,forma parte del archipi\u00e9lago de las Islas Baleares, Espa\u00f1a y sin duda tiene mucho para ofrecer. Destila cultura y tradici\u00f3n y ofrece la posibilidad de sorprenderse descubriendo sus efervescentes ciudades que contrastan con la tranquilidad de sus pueblos. En su interior se conservan lugares rec\u00f3nditos en los que el tiempo parece haberse detenido, adem\u00e1s de una majestuosa naturaleza en estado salvaje. La costa de Mallorca est\u00e1 formada por 550 kil\u00f3metros que se dividen entre escarpados acantilados e infinitas calas y playas que se abren a las aguas cristalinas del Mediterr\u00e1neo. Entre las opciones m\u00e1s populares se encuentran la impresionante playa de Formentor, la concurrida playa de El Arenal, o Es Trenc, una de las mejores playas v\u00edrgenes de la isla.<\/p>\n<p><b>Madrid<\/b>, Espa\u00f1a, es algo m\u00e1s que la capital del pa\u00eds. Es una de las ciudades tur\u00edsticas m\u00e1s importantes de la Pen\u00ednsula Ib\u00e9rica. En esta ciudad podr\u00e1 admirar los monumentos que se construyeron en los siglos XVI y XVII y XVIII y hacen de Madrid una de las ciudades m\u00e1s interesantes y bellas de Europa. Turismo en este centro hist\u00f3rico es pasear por callejuelas estrechas que destilan el aroma del siglo XVI, cuando \u201cen Espa\u00f1a nunca se pon\u00eda el sol&#8221;, disfrutar de su gente, sus barrios, su gastronom\u00eda y dejarse enamorar por esta cosmopolita y gran ciudad. <i>Principales atractivos tur\u00edsticos:<\/i>la Plaza Mayor, el Mercado de San Miguel, la Puerta del Sol, la calle Preciados, el Palacio Real, la Plaza de Oriente, la Catedral de la Almudena, la Plaza de Espa\u00f1a, el Templo de Debod, la Castellana, la Gran V\u00eda, Callao, La Cibeles, el Banco de Espa\u00f1a, la Puerta de Alcal\u00e1, el Parque del Retiro, el Museo del Prado y el Museo Reina Sof\u00eda, entre otros.<\/p>\n","protected":false},"featured_media":10738,"template":"","meta":{"_acf_changed":false,"inline_featured_image":false},"product_brand":[],"product_cat":[28,1579],"product_tag":[562,518,2059,2287,1610,123,1035,1149,124,1028,3486,879,4210,117,1029,65,2825,125,126,1030,1032,120,3282,127,128,1031,1033,119],"class_list":{"0":"post-10740","1":"product","2":"type-product","3":"status-publish","4":"has-post-thumbnail","6":"product_cat-paquetes","7":"product_cat-uruguay","8":"product_tag-agosto","9":"product_tag-auto-incluido","10":"product_tag-en-espana","11":"product_tag-en-ibiza","12":"product_tag-en-julio","13":"product_tag-espana","14":"product_tag-espana-en-ibiza","15":"product_tag-espana-en-julio","16":"product_tag-europa","17":"product_tag-ibiza","18":"product_tag-ibiza-y-palma-con-auto","19":"product_tag-julio","20":"product_tag-julio-agosto-2026auto-incluido","21":"product_tag-madrid","22":"product_tag-mallorca","23":"product_tag-no-aplica","24":"product_tag-palma-de-mallorca","25":"product_tag-paquetes-a-espana","26":"product_tag-paquetes-a-europa","27":"product_tag-paquetes-a-ibiza","28":"product_tag-paquetes-a-mallorca","29":"product_tag-sin-comidas","30":"product_tag-temporada-baja","31":"product_tag-viajes-a-espana","32":"product_tag-viajes-a-europa","33":"product_tag-viajes-a-ibiza","34":"product_tag-viajes-a-mallorca","35":"product_tag-vuelo-y-hotel","36":"entry","37":"has-media","39":"first","40":"instock","41":"shipping-taxable","42":"purchasable","43":"product-type-simple"},"acf":[],"yoast_head":"<!-- This site is optimized with the Yoast SEO plugin v27.2 - https:\/\/yoast.com\/product\/yoast-seo-wordpress\/ -->\n<title>Ibiza y Palma con auto - El Kaminante<\/title>\n<meta name=\"robots\" content=\"index, follow, max-snippet:-1, max-image-preview:large, max-video-preview:-1\" \/>\n<link rel=\"canonical\" href=\"https:\/\/elkaminante.com.uy\/paquetes\/ibiza-y-palma-con-auto\/\" \/>\n<meta property=\"og:locale\" content=\"en_US\" \/>\n<meta property=\"og:type\" content=\"article\" \/>\n<meta property=\"og:title\" content=\"Ibiza y Palma con auto - El Kaminante\" \/>\n<meta property=\"og:description\" content=\"Ibiza es una isla de contrastes deliciosos, forma parte del archipi\u00e9lago de las Islas Baleares, Espa\u00f1a y tiene mucho para ofrecer. Cosmopolita y multicultural, pero apegada a sus ra\u00edces rurales. Bulliciosa y relajante. De fama global y a la vez desconocida. Un pedazo excepcional de Mediterr\u00e1neo, al que muchos acuden con el reclamo de sus vibrantes noches, pero que ofrece muchos otros alicientes. M\u00e1s de 18 km de playas de arena fina y aguas cristalinas, casas de un blanco puro, iglesias fortificadas o las inolvidables murallas de Dalt Vila, Patrimonio de la Humanidad.Mallorca es una isla con alma, un destino con una importante historia que nos cuenta a trav\u00e9s de sus museos y monumentos,forma parte del archipi\u00e9lago de las Islas Baleares, Espa\u00f1a y sin duda tiene mucho para ofrecer. Destila cultura y tradici\u00f3n y ofrece la posibilidad de sorprenderse descubriendo sus efervescentes ciudades que contrastan con la tranquilidad de sus pueblos. En su interior se conservan lugares rec\u00f3nditos en los que el tiempo parece haberse detenido, adem\u00e1s de una majestuosa naturaleza en estado salvaje. La costa de Mallorca est\u00e1 formada por 550 kil\u00f3metros que se dividen entre escarpados acantilados e infinitas calas y playas que se abren a las aguas cristalinas del Mediterr\u00e1neo. Entre las opciones m\u00e1s populares se encuentran la impresionante playa de Formentor, la concurrida playa de El Arenal, o Es Trenc, una de las mejores playas v\u00edrgenes de la isla.Madrid, Espa\u00f1a, es algo m\u00e1s que la capital del pa\u00eds. Es una de las ciudades tur\u00edsticas m\u00e1s importantes de la Pen\u00ednsula Ib\u00e9rica. En esta ciudad podr\u00e1 admirar los monumentos que se construyeron en los siglos XVI y XVII y XVIII y hacen de Madrid una de las ciudades m\u00e1s interesantes y bellas de Europa. Turismo en este centro hist\u00f3rico es pasear por callejuelas estrechas que destilan el aroma del siglo XVI, cuando \u201cen Espa\u00f1a nunca se pon\u00eda el sol&quot;, disfrutar de su gente, sus barrios, su gastronom\u00eda y dejarse enamorar por esta cosmopolita y gran ciudad. Principales atractivos tur\u00edsticos:la Plaza Mayor, el Mercado de San Miguel, la Puerta del Sol, la calle Preciados, el Palacio Real, la Plaza de Oriente, la Catedral de la Almudena, la Plaza de Espa\u00f1a, el Templo de Debod, la Castellana, la Gran V\u00eda, Callao, La Cibeles, el Banco de Espa\u00f1a, la Puerta de Alcal\u00e1, el Parque del Retiro, el Museo del Prado y el Museo Reina Sof\u00eda, entre otros.\" \/>\n<meta property=\"og:url\" content=\"https:\/\/elkaminante.com.uy\/paquetes\/ibiza-y-palma-con-auto\/\" \/>\n<meta property=\"og:site_name\" content=\"El Kaminante\" \/>\n<meta property=\"article:modified_time\" content=\"2026-04-17T12:39:05+00:00\" \/>\n<meta property=\"og:image\" content=\"https:\/\/elkaminante.com.uy\/wp-content\/uploads\/2025\/06\/PAQ343.webp\" \/>\n\t<meta property=\"og:image:width\" content=\"800\" \/>\n\t<meta property=\"og:image:height\" content=\"457\" \/>\n\t<meta property=\"og:image:type\" content=\"image\/webp\" \/>\n<meta name=\"twitter:card\" content=\"summary_large_image\" \/>\n<script type=\"application\/ld+json\" class=\"yoast-schema-graph\">{\"@context\":\"https:\/\/schema.org\",\"@graph\":[{\"@type\":\"WebPage\",\"@id\":\"https:\/\/elkaminante.com.uy\/paquetes\/ibiza-y-palma-con-auto\/\",\"url\":\"https:\/\/elkaminante.com.uy\/paquetes\/ibiza-y-palma-con-auto\/\",\"name\":\"Ibiza y Palma con auto - El Kaminante\",\"isPartOf\":{\"@id\":\"https:\/\/elkaminante.com.uy\/#website\"},\"primaryImageOfPage\":{\"@id\":\"https:\/\/elkaminante.com.uy\/paquetes\/ibiza-y-palma-con-auto\/#primaryimage\"},\"image\":{\"@id\":\"https:\/\/elkaminante.com.uy\/paquetes\/ibiza-y-palma-con-auto\/#primaryimage\"},\"thumbnailUrl\":\"https:\/\/elkaminante.com.uy\/wp-content\/uploads\/2025\/06\/PAQ343.webp\",\"datePublished\":\"2025-06-16T23:12:22+00:00\",\"dateModified\":\"2026-04-17T12:39:05+00:00\",\"breadcrumb\":{\"@id\":\"https:\/\/elkaminante.com.uy\/paquetes\/ibiza-y-palma-con-auto\/#breadcrumb\"},\"inLanguage\":\"en-US\",\"potentialAction\":[{\"@type\":\"ReadAction\",\"target\":[\"https:\/\/elkaminante.com.uy\/paquetes\/ibiza-y-palma-con-auto\/\"]}]},{\"@type\":\"ImageObject\",\"inLanguage\":\"en-US\",\"@id\":\"https:\/\/elkaminante.com.uy\/paquetes\/ibiza-y-palma-con-auto\/#primaryimage\",\"url\":\"https:\/\/elkaminante.com.uy\/wp-content\/uploads\/2025\/06\/PAQ343.webp\",\"contentUrl\":\"https:\/\/elkaminante.com.uy\/wp-content\/uploads\/2025\/06\/PAQ343.webp\",\"width\":800,\"height\":457},{\"@type\":\"BreadcrumbList\",\"@id\":\"https:\/\/elkaminante.com.uy\/paquetes\/ibiza-y-palma-con-auto\/#breadcrumb\",\"itemListElement\":[{\"@type\":\"ListItem\",\"position\":1,\"name\":\"Inicio\",\"item\":\"https:\/\/elkaminante.com.uy\/en\/\"},{\"@type\":\"ListItem\",\"position\":2,\"name\":\"Viajes por el mundo\",\"item\":\"https:\/\/elkaminante.com.uy\/en\/paquetes\/\"},{\"@type\":\"ListItem\",\"position\":3,\"name\":\"Ibiza y Palma con auto\"}]},{\"@type\":\"WebSite\",\"@id\":\"https:\/\/elkaminante.com.uy\/#website\",\"url\":\"https:\/\/elkaminante.com.uy\/\",\"name\":\"El Kaminante\",\"description\":\"Viajes &amp; Turismo\",\"publisher\":{\"@id\":\"https:\/\/elkaminante.com.uy\/#organization\"},\"potentialAction\":[{\"@type\":\"SearchAction\",\"target\":{\"@type\":\"EntryPoint\",\"urlTemplate\":\"https:\/\/elkaminante.com.uy\/?s={search_term_string}\"},\"query-input\":{\"@type\":\"PropertyValueSpecification\",\"valueRequired\":true,\"valueName\":\"search_term_string\"}}],\"inLanguage\":\"en-US\"},{\"@type\":\"Organization\",\"@id\":\"https:\/\/elkaminante.com.uy\/#organization\",\"name\":\"El Kaminante\",\"url\":\"https:\/\/elkaminante.com.uy\/\",\"logo\":{\"@type\":\"ImageObject\",\"inLanguage\":\"en-US\",\"@id\":\"https:\/\/elkaminante.com.uy\/#\/schema\/logo\/image\/\",\"url\":\"https:\/\/elkaminante.com.uy\/wp-content\/uploads\/2025\/02\/logo-elkaminante-blanco.svg\",\"contentUrl\":\"https:\/\/elkaminante.com.uy\/wp-content\/uploads\/2025\/02\/logo-elkaminante-blanco.svg\",\"caption\":\"El Kaminante\"},\"image\":{\"@id\":\"https:\/\/elkaminante.com.uy\/#\/schema\/logo\/image\/\"}}]}<\/script>\n<!-- \/ Yoast SEO plugin. -->","yoast_head_json":{"title":"Ibiza y Palma con auto - El Kaminante","robots":{"index":"index","follow":"follow","max-snippet":"max-snippet:-1","max-image-preview":"max-image-preview:large","max-video-preview":"max-video-preview:-1"},"canonical":"https:\/\/elkaminante.com.uy\/paquetes\/ibiza-y-palma-con-auto\/","og_locale":"en_US","og_type":"article","og_title":"Ibiza y Palma con auto - El Kaminante","og_description":"Ibiza es una isla de contrastes deliciosos, forma parte del archipi\u00e9lago de las Islas Baleares, Espa\u00f1a y tiene mucho para ofrecer. Cosmopolita y multicultural, pero apegada a sus ra\u00edces rurales. Bulliciosa y relajante. De fama global y a la vez desconocida. Un pedazo excepcional de Mediterr\u00e1neo, al que muchos acuden con el reclamo de sus vibrantes noches, pero que ofrece muchos otros alicientes. M\u00e1s de 18 km de playas de arena fina y aguas cristalinas, casas de un blanco puro, iglesias fortificadas o las inolvidables murallas de Dalt Vila, Patrimonio de la Humanidad.Mallorca es una isla con alma, un destino con una importante historia que nos cuenta a trav\u00e9s de sus museos y monumentos,forma parte del archipi\u00e9lago de las Islas Baleares, Espa\u00f1a y sin duda tiene mucho para ofrecer. Destila cultura y tradici\u00f3n y ofrece la posibilidad de sorprenderse descubriendo sus efervescentes ciudades que contrastan con la tranquilidad de sus pueblos. En su interior se conservan lugares rec\u00f3nditos en los que el tiempo parece haberse detenido, adem\u00e1s de una majestuosa naturaleza en estado salvaje. La costa de Mallorca est\u00e1 formada por 550 kil\u00f3metros que se dividen entre escarpados acantilados e infinitas calas y playas que se abren a las aguas cristalinas del Mediterr\u00e1neo. Entre las opciones m\u00e1s populares se encuentran la impresionante playa de Formentor, la concurrida playa de El Arenal, o Es Trenc, una de las mejores playas v\u00edrgenes de la isla.Madrid, Espa\u00f1a, es algo m\u00e1s que la capital del pa\u00eds. Es una de las ciudades tur\u00edsticas m\u00e1s importantes de la Pen\u00ednsula Ib\u00e9rica. En esta ciudad podr\u00e1 admirar los monumentos que se construyeron en los siglos XVI y XVII y XVIII y hacen de Madrid una de las ciudades m\u00e1s interesantes y bellas de Europa. Turismo en este centro hist\u00f3rico es pasear por callejuelas estrechas que destilan el aroma del siglo XVI, cuando \u201cen Espa\u00f1a nunca se pon\u00eda el sol\", disfrutar de su gente, sus barrios, su gastronom\u00eda y dejarse enamorar por esta cosmopolita y gran ciudad. Principales atractivos tur\u00edsticos:la Plaza Mayor, el Mercado de San Miguel, la Puerta del Sol, la calle Preciados, el Palacio Real, la Plaza de Oriente, la Catedral de la Almudena, la Plaza de Espa\u00f1a, el Templo de Debod, la Castellana, la Gran V\u00eda, Callao, La Cibeles, el Banco de Espa\u00f1a, la Puerta de Alcal\u00e1, el Parque del Retiro, el Museo del Prado y el Museo Reina Sof\u00eda, entre otros.","og_url":"https:\/\/elkaminante.com.uy\/paquetes\/ibiza-y-palma-con-auto\/","og_site_name":"El Kaminante","article_modified_time":"2026-04-17T12:39:05+00:00","og_image":[{"width":800,"height":457,"url":"https:\/\/elkaminante.com.uy\/wp-content\/uploads\/2025\/06\/PAQ343.webp","type":"image\/webp"}],"twitter_card":"summary_large_image","schema":{"@context":"https:\/\/schema.org","@graph":[{"@type":"WebPage","@id":"https:\/\/elkaminante.com.uy\/paquetes\/ibiza-y-palma-con-auto\/","url":"https:\/\/elkaminante.com.uy\/paquetes\/ibiza-y-palma-con-auto\/","name":"Ibiza y Palma con auto - El Kaminante","isPartOf":{"@id":"https:\/\/elkaminante.com.uy\/#website"},"primaryImageOfPage":{"@id":"https:\/\/elkaminante.com.uy\/paquetes\/ibiza-y-palma-con-auto\/#primaryimage"},"image":{"@id":"https:\/\/elkaminante.com.uy\/paquetes\/ibiza-y-palma-con-auto\/#primaryimage"},"thumbnailUrl":"https:\/\/elkaminante.com.uy\/wp-content\/uploads\/2025\/06\/PAQ343.webp","datePublished":"2025-06-16T23:12:22+00:00","dateModified":"2026-04-17T12:39:05+00:00","breadcrumb":{"@id":"https:\/\/elkaminante.com.uy\/paquetes\/ibiza-y-palma-con-auto\/#breadcrumb"},"inLanguage":"en-US","potentialAction":[{"@type":"ReadAction","target":["https:\/\/elkaminante.com.uy\/paquetes\/ibiza-y-palma-con-auto\/"]}]},{"@type":"ImageObject","inLanguage":"en-US","@id":"https:\/\/elkaminante.com.uy\/paquetes\/ibiza-y-palma-con-auto\/#primaryimage","url":"https:\/\/elkaminante.com.uy\/wp-content\/uploads\/2025\/06\/PAQ343.webp","contentUrl":"https:\/\/elkaminante.com.uy\/wp-content\/uploads\/2025\/06\/PAQ343.webp","width":800,"height":457},{"@type":"BreadcrumbList","@id":"https:\/\/elkaminante.com.uy\/paquetes\/ibiza-y-palma-con-auto\/#breadcrumb","itemListElement":[{"@type":"ListItem","position":1,"name":"Inicio","item":"https:\/\/elkaminante.com.uy\/en\/"},{"@type":"ListItem","position":2,"name":"Viajes por el mundo","item":"https:\/\/elkaminante.com.uy\/en\/paquetes\/"},{"@type":"ListItem","position":3,"name":"Ibiza y Palma con auto"}]},{"@type":"WebSite","@id":"https:\/\/elkaminante.com.uy\/#website","url":"https:\/\/elkaminante.com.uy\/","name":"El Kaminante","description":"Viajes &amp; Turismo","publisher":{"@id":"https:\/\/elkaminante.com.uy\/#organization"},"potentialAction":[{"@type":"SearchAction","target":{"@type":"EntryPoint","urlTemplate":"https:\/\/elkaminante.com.uy\/?s={search_term_string}"},"query-input":{"@type":"PropertyValueSpecification","valueRequired":true,"valueName":"search_term_string"}}],"inLanguage":"en-US"},{"@type":"Organization","@id":"https:\/\/elkaminante.com.uy\/#organization","name":"El Kaminante","url":"https:\/\/elkaminante.com.uy\/","logo":{"@type":"ImageObject","inLanguage":"en-US","@id":"https:\/\/elkaminante.com.uy\/#\/schema\/logo\/image\/","url":"https:\/\/elkaminante.com.uy\/wp-content\/uploads\/2025\/02\/logo-elkaminante-blanco.svg","contentUrl":"https:\/\/elkaminante.com.uy\/wp-content\/uploads\/2025\/02\/logo-elkaminante-blanco.svg","caption":"El Kaminante"},"image":{"@id":"https:\/\/elkaminante.com.uy\/#\/schema\/logo\/image\/"}}]}},"_links":{"self":[{"href":"https:\/\/elkaminante.com.uy\/en\/wp-json\/wp\/v2\/product\/10740","targetHints":{"allow":["GET"]}}],"collection":[{"href":"https:\/\/elkaminante.com.uy\/en\/wp-json\/wp\/v2\/product"}],"about":[{"href":"https:\/\/elkaminante.com.uy\/en\/wp-json\/wp\/v2\/types\/product"}],"wp:featuredmedia":[{"embeddable":true,"href":"https:\/\/elkaminante.com.uy\/en\/wp-json\/wp\/v2\/media\/10738"}],"wp:attachment":[{"href":"https:\/\/elkaminante.com.uy\/en\/wp-json\/wp\/v2\/media?parent=10740"}],"wp:term":[{"taxonomy":"product_brand","embeddable":true,"href":"https:\/\/elkaminante.com.uy\/en\/wp-json\/wp\/v2\/product_brand?post=10740"},{"taxonomy":"product_cat","embeddable":true,"href":"https:\/\/elkaminante.com.uy\/en\/wp-json\/wp\/v2\/product_cat?post=10740"},{"taxonomy":"product_tag","embeddable":true,"href":"https:\/\/elkaminante.com.uy\/en\/wp-json\/wp\/v2\/product_tag?post=10740"}],"curies":[{"name":"wp","href":"https:\/\/api.w.org\/{rel}","templated":true}]}}