{"id":10689,"date":"2025-06-16T20:11:52","date_gmt":"2025-06-16T23:11:52","guid":{"rendered":"https:\/\/elkaminante.com.uy\/paquetes\/riu-atoll-maldivas\/"},"modified":"2026-04-17T09:39:05","modified_gmt":"2026-04-17T12:39:05","slug":"riu-atoll-maldivas","status":"publish","type":"product","link":"https:\/\/elkaminante.com.uy\/en\/paquetes\/riu-atoll-maldivas\/","title":{"rendered":"RIU Atoll Maldivas"},"content":{"rendered":"","protected":false},"excerpt":{"rendered":"<p>Las islas <b>Maldivas<\/b>, turismo en un para\u00edso de arena blanca y aguas turquesas. Este archipi\u00e9lago del \u00cdndico es uno de los mejores lugares donde disfrutar de unas vacaciones de ensue\u00f1o. Las playas de Maldivas son, sin duda, el principal atractivo de este pa\u00eds. Y no es para menos. Arena blanca y fina que se funde con un agua tan cristalina que no necesitar\u00e1 sumergirse en ella para contemplar los peces que juguetean en la orilla. T\u00fambese bajo la sombra de alguna palmera y rel\u00e1jese escuchando el suave ruido de las olas rompiendo contra la orilla para disfrutar de este paisaje espectacular. Por \u00faltimo, podr\u00e1 disfrutar de las puestas de sol m\u00e1s espectaculares, en un entorno casi salvaje, que parece sacado del para\u00edso, con el sol escondi\u00e9ndose bajo las interminables aguas del \u00cdndico. Sin duda, una imagen perfecta para sus vacaciones.<\/p>\n","protected":false},"featured_media":10687,"template":"","meta":{"_acf_changed":false,"inline_featured_image":false},"product_brand":[],"product_cat":[28,1579],"product_tag":[173,392,2278,2050,1634,2534,62,117,992,999,1799,65,121,3953,395,993,996,995,3476,991,120,61,914,397,994,997,119],"class_list":{"0":"post-10689","1":"product","2":"type-product","3":"status-publish","4":"has-post-thumbnail","6":"product_cat-paquetes","7":"product_cat-uruguay","8":"product_tag-all-inclusive","9":"product_tag-asia","10":"product_tag-en-maldivas","11":"product_tag-en-octubre","12":"product_tag-exhotico","13":"product_tag-exotico","14":"product_tag-exoticos","15":"product_tag-madrid","16":"product_tag-maldivas","17":"product_tag-maldivas-en-maldivas","18":"product_tag-maldivas-en-octubre","19":"product_tag-no-aplica","20":"product_tag-octubre","21":"product_tag-octubre-2026all-inclusive","22":"product_tag-paquetes-a-asia","23":"product_tag-paquetes-a-maldivas","24":"product_tag-paquetes-a-riu-maldivas-solo-imagen","25":"product_tag-riu","26":"product_tag-riu-atoll-maldivas","27":"product_tag-riu-maldivas-solo-imagen","28":"product_tag-sin-comidas","29":"product_tag-sin-destino","30":"product_tag-todo-incluido","31":"product_tag-viajes-a-asia","32":"product_tag-viajes-a-maldivas","33":"product_tag-viajes-a-riu-maldivas-solo-imagen","34":"product_tag-vuelo-y-hotel","35":"entry","36":"has-media","38":"first","39":"instock","40":"shipping-taxable","41":"purchasable","42":"product-type-simple"},"acf":[],"yoast_head":"<!-- This site is optimized with the Yoast SEO plugin v27.2 - https:\/\/yoast.com\/product\/yoast-seo-wordpress\/ -->\n<title>RIU Atoll Maldivas - El Kaminante<\/title>\n<meta name=\"robots\" content=\"index, follow, max-snippet:-1, max-image-preview:large, max-video-preview:-1\" \/>\n<link rel=\"canonical\" href=\"https:\/\/elkaminante.com.uy\/paquetes\/riu-atoll-maldivas\/\" \/>\n<meta property=\"og:locale\" content=\"en_US\" \/>\n<meta property=\"og:type\" content=\"article\" \/>\n<meta property=\"og:title\" content=\"RIU Atoll Maldivas - El Kaminante\" \/>\n<meta property=\"og:description\" content=\"Las islas Maldivas, turismo en un para\u00edso de arena blanca y aguas turquesas. Este archipi\u00e9lago del \u00cdndico es uno de los mejores lugares donde disfrutar de unas vacaciones de ensue\u00f1o. Las playas de Maldivas son, sin duda, el principal atractivo de este pa\u00eds. Y no es para menos. Arena blanca y fina que se funde con un agua tan cristalina que no necesitar\u00e1 sumergirse en ella para contemplar los peces que juguetean en la orilla. T\u00fambese bajo la sombra de alguna palmera y rel\u00e1jese escuchando el suave ruido de las olas rompiendo contra la orilla para disfrutar de este paisaje espectacular. Por \u00faltimo, podr\u00e1 disfrutar de las puestas de sol m\u00e1s espectaculares, en un entorno casi salvaje, que parece sacado del para\u00edso, con el sol escondi\u00e9ndose bajo las interminables aguas del \u00cdndico. Sin duda, una imagen perfecta para sus vacaciones.\" \/>\n<meta property=\"og:url\" content=\"https:\/\/elkaminante.com.uy\/paquetes\/riu-atoll-maldivas\/\" \/>\n<meta property=\"og:site_name\" content=\"El Kaminante\" \/>\n<meta property=\"article:modified_time\" content=\"2026-04-17T12:39:05+00:00\" \/>\n<meta name=\"twitter:card\" content=\"summary_large_image\" \/>\n<script type=\"application\/ld+json\" class=\"yoast-schema-graph\">{\"@context\":\"https:\/\/schema.org\",\"@graph\":[{\"@type\":\"WebPage\",\"@id\":\"https:\/\/elkaminante.com.uy\/paquetes\/riu-atoll-maldivas\/\",\"url\":\"https:\/\/elkaminante.com.uy\/paquetes\/riu-atoll-maldivas\/\",\"name\":\"RIU Atoll Maldivas - El Kaminante\",\"isPartOf\":{\"@id\":\"https:\/\/elkaminante.com.uy\/#website\"},\"primaryImageOfPage\":{\"@id\":\"https:\/\/elkaminante.com.uy\/paquetes\/riu-atoll-maldivas\/#primaryimage\"},\"image\":{\"@id\":\"https:\/\/elkaminante.com.uy\/paquetes\/riu-atoll-maldivas\/#primaryimage\"},\"thumbnailUrl\":\"https:\/\/elkaminante.com.uy\/wp-content\/uploads\/2025\/06\/PAQ334.webp\",\"datePublished\":\"2025-06-16T23:11:52+00:00\",\"dateModified\":\"2026-04-17T12:39:05+00:00\",\"breadcrumb\":{\"@id\":\"https:\/\/elkaminante.com.uy\/paquetes\/riu-atoll-maldivas\/#breadcrumb\"},\"inLanguage\":\"en-US\",\"potentialAction\":[{\"@type\":\"ReadAction\",\"target\":[\"https:\/\/elkaminante.com.uy\/paquetes\/riu-atoll-maldivas\/\"]}]},{\"@type\":\"ImageObject\",\"inLanguage\":\"en-US\",\"@id\":\"https:\/\/elkaminante.com.uy\/paquetes\/riu-atoll-maldivas\/#primaryimage\",\"url\":\"https:\/\/elkaminante.com.uy\/wp-content\/uploads\/2025\/06\/PAQ334.webp\",\"contentUrl\":\"https:\/\/elkaminante.com.uy\/wp-content\/uploads\/2025\/06\/PAQ334.webp\",\"width\":800,\"height\":457},{\"@type\":\"BreadcrumbList\",\"@id\":\"https:\/\/elkaminante.com.uy\/paquetes\/riu-atoll-maldivas\/#breadcrumb\",\"itemListElement\":[{\"@type\":\"ListItem\",\"position\":1,\"name\":\"Inicio\",\"item\":\"https:\/\/elkaminante.com.uy\/en\/\"},{\"@type\":\"ListItem\",\"position\":2,\"name\":\"Viajes por el mundo\",\"item\":\"https:\/\/elkaminante.com.uy\/en\/paquetes\/\"},{\"@type\":\"ListItem\",\"position\":3,\"name\":\"RIU Atoll Maldivas\"}]},{\"@type\":\"WebSite\",\"@id\":\"https:\/\/elkaminante.com.uy\/#website\",\"url\":\"https:\/\/elkaminante.com.uy\/\",\"name\":\"El Kaminante\",\"description\":\"Viajes &amp; Turismo\",\"publisher\":{\"@id\":\"https:\/\/elkaminante.com.uy\/#organization\"},\"potentialAction\":[{\"@type\":\"SearchAction\",\"target\":{\"@type\":\"EntryPoint\",\"urlTemplate\":\"https:\/\/elkaminante.com.uy\/?s={search_term_string}\"},\"query-input\":{\"@type\":\"PropertyValueSpecification\",\"valueRequired\":true,\"valueName\":\"search_term_string\"}}],\"inLanguage\":\"en-US\"},{\"@type\":\"Organization\",\"@id\":\"https:\/\/elkaminante.com.uy\/#organization\",\"name\":\"El Kaminante\",\"url\":\"https:\/\/elkaminante.com.uy\/\",\"logo\":{\"@type\":\"ImageObject\",\"inLanguage\":\"en-US\",\"@id\":\"https:\/\/elkaminante.com.uy\/#\/schema\/logo\/image\/\",\"url\":\"https:\/\/elkaminante.com.uy\/wp-content\/uploads\/2025\/02\/logo-elkaminante-blanco.svg\",\"contentUrl\":\"https:\/\/elkaminante.com.uy\/wp-content\/uploads\/2025\/02\/logo-elkaminante-blanco.svg\",\"caption\":\"El Kaminante\"},\"image\":{\"@id\":\"https:\/\/elkaminante.com.uy\/#\/schema\/logo\/image\/\"}}]}<\/script>\n<!-- \/ Yoast SEO plugin. -->","yoast_head_json":{"title":"RIU Atoll Maldivas - El Kaminante","robots":{"index":"index","follow":"follow","max-snippet":"max-snippet:-1","max-image-preview":"max-image-preview:large","max-video-preview":"max-video-preview:-1"},"canonical":"https:\/\/elkaminante.com.uy\/paquetes\/riu-atoll-maldivas\/","og_locale":"en_US","og_type":"article","og_title":"RIU Atoll Maldivas - El Kaminante","og_description":"Las islas Maldivas, turismo en un para\u00edso de arena blanca y aguas turquesas. Este archipi\u00e9lago del \u00cdndico es uno de los mejores lugares donde disfrutar de unas vacaciones de ensue\u00f1o. Las playas de Maldivas son, sin duda, el principal atractivo de este pa\u00eds. Y no es para menos. Arena blanca y fina que se funde con un agua tan cristalina que no necesitar\u00e1 sumergirse en ella para contemplar los peces que juguetean en la orilla. T\u00fambese bajo la sombra de alguna palmera y rel\u00e1jese escuchando el suave ruido de las olas rompiendo contra la orilla para disfrutar de este paisaje espectacular. Por \u00faltimo, podr\u00e1 disfrutar de las puestas de sol m\u00e1s espectaculares, en un entorno casi salvaje, que parece sacado del para\u00edso, con el sol escondi\u00e9ndose bajo las interminables aguas del \u00cdndico. Sin duda, una imagen perfecta para sus vacaciones.","og_url":"https:\/\/elkaminante.com.uy\/paquetes\/riu-atoll-maldivas\/","og_site_name":"El Kaminante","article_modified_time":"2026-04-17T12:39:05+00:00","twitter_card":"summary_large_image","schema":{"@context":"https:\/\/schema.org","@graph":[{"@type":"WebPage","@id":"https:\/\/elkaminante.com.uy\/paquetes\/riu-atoll-maldivas\/","url":"https:\/\/elkaminante.com.uy\/paquetes\/riu-atoll-maldivas\/","name":"RIU Atoll Maldivas - El Kaminante","isPartOf":{"@id":"https:\/\/elkaminante.com.uy\/#website"},"primaryImageOfPage":{"@id":"https:\/\/elkaminante.com.uy\/paquetes\/riu-atoll-maldivas\/#primaryimage"},"image":{"@id":"https:\/\/elkaminante.com.uy\/paquetes\/riu-atoll-maldivas\/#primaryimage"},"thumbnailUrl":"https:\/\/elkaminante.com.uy\/wp-content\/uploads\/2025\/06\/PAQ334.webp","datePublished":"2025-06-16T23:11:52+00:00","dateModified":"2026-04-17T12:39:05+00:00","breadcrumb":{"@id":"https:\/\/elkaminante.com.uy\/paquetes\/riu-atoll-maldivas\/#breadcrumb"},"inLanguage":"en-US","potentialAction":[{"@type":"ReadAction","target":["https:\/\/elkaminante.com.uy\/paquetes\/riu-atoll-maldivas\/"]}]},{"@type":"ImageObject","inLanguage":"en-US","@id":"https:\/\/elkaminante.com.uy\/paquetes\/riu-atoll-maldivas\/#primaryimage","url":"https:\/\/elkaminante.com.uy\/wp-content\/uploads\/2025\/06\/PAQ334.webp","contentUrl":"https:\/\/elkaminante.com.uy\/wp-content\/uploads\/2025\/06\/PAQ334.webp","width":800,"height":457},{"@type":"BreadcrumbList","@id":"https:\/\/elkaminante.com.uy\/paquetes\/riu-atoll-maldivas\/#breadcrumb","itemListElement":[{"@type":"ListItem","position":1,"name":"Inicio","item":"https:\/\/elkaminante.com.uy\/en\/"},{"@type":"ListItem","position":2,"name":"Viajes por el mundo","item":"https:\/\/elkaminante.com.uy\/en\/paquetes\/"},{"@type":"ListItem","position":3,"name":"RIU Atoll Maldivas"}]},{"@type":"WebSite","@id":"https:\/\/elkaminante.com.uy\/#website","url":"https:\/\/elkaminante.com.uy\/","name":"El Kaminante","description":"Viajes &amp; Turismo","publisher":{"@id":"https:\/\/elkaminante.com.uy\/#organization"},"potentialAction":[{"@type":"SearchAction","target":{"@type":"EntryPoint","urlTemplate":"https:\/\/elkaminante.com.uy\/?s={search_term_string}"},"query-input":{"@type":"PropertyValueSpecification","valueRequired":true,"valueName":"search_term_string"}}],"inLanguage":"en-US"},{"@type":"Organization","@id":"https:\/\/elkaminante.com.uy\/#organization","name":"El Kaminante","url":"https:\/\/elkaminante.com.uy\/","logo":{"@type":"ImageObject","inLanguage":"en-US","@id":"https:\/\/elkaminante.com.uy\/#\/schema\/logo\/image\/","url":"https:\/\/elkaminante.com.uy\/wp-content\/uploads\/2025\/02\/logo-elkaminante-blanco.svg","contentUrl":"https:\/\/elkaminante.com.uy\/wp-content\/uploads\/2025\/02\/logo-elkaminante-blanco.svg","caption":"El Kaminante"},"image":{"@id":"https:\/\/elkaminante.com.uy\/#\/schema\/logo\/image\/"}}]}},"_links":{"self":[{"href":"https:\/\/elkaminante.com.uy\/en\/wp-json\/wp\/v2\/product\/10689","targetHints":{"allow":["GET"]}}],"collection":[{"href":"https:\/\/elkaminante.com.uy\/en\/wp-json\/wp\/v2\/product"}],"about":[{"href":"https:\/\/elkaminante.com.uy\/en\/wp-json\/wp\/v2\/types\/product"}],"wp:featuredmedia":[{"embeddable":true,"href":"https:\/\/elkaminante.com.uy\/en\/wp-json\/wp\/v2\/media\/10687"}],"wp:attachment":[{"href":"https:\/\/elkaminante.com.uy\/en\/wp-json\/wp\/v2\/media?parent=10689"}],"wp:term":[{"taxonomy":"product_brand","embeddable":true,"href":"https:\/\/elkaminante.com.uy\/en\/wp-json\/wp\/v2\/product_brand?post=10689"},{"taxonomy":"product_cat","embeddable":true,"href":"https:\/\/elkaminante.com.uy\/en\/wp-json\/wp\/v2\/product_cat?post=10689"},{"taxonomy":"product_tag","embeddable":true,"href":"https:\/\/elkaminante.com.uy\/en\/wp-json\/wp\/v2\/product_tag?post=10689"}],"curies":[{"name":"wp","href":"https:\/\/api.w.org\/{rel}","templated":true}]}}