{"id":10667,"date":"2025-06-16T20:11:39","date_gmt":"2025-06-16T23:11:39","guid":{"rendered":"https:\/\/elkaminante.com.uy\/paquetes\/hotel-isla-del-encanto-baru\/"},"modified":"2026-04-17T09:39:02","modified_gmt":"2026-04-17T12:39:02","slug":"hotel-isla-del-encanto-baru","status":"publish","type":"product","link":"https:\/\/elkaminante.com.uy\/en\/paquetes\/hotel-isla-del-encanto-baru\/","title":{"rendered":"Hotel Isla del Encanto \/ Bar\u00fa"},"content":{"rendered":"","protected":false},"excerpt":{"rendered":"<p>La pen\u00ednsula de <b>Baru<\/b> (a veces denominada Isla de Baru o simplemente Baru), es una zona costera situada al sur y a 45 minutos en lancha de Cartagena de Indias, Colombia, famosa por sus playas blancas y agua turquesa. Est\u00e1 separada del territorio por el Canal del Dique. Baru cuenta con diversas playas, pero las m\u00e1s destacadas son Playa Blanca, Chol\u00f3n, Agua Azul y Agua Tranquila. Baru cuenta con una de las atracciones medioambientales m\u00e1s relevantes de Colombia, el Aviario Nacional. Es tambi\u00e9n un lugar ideal para la pr\u00e1ctica de deportes n\u00e1uticos, as\u00ed como el buceo. Para algunos simplemente puede ser una experiencia de snorkel; otros podr\u00e1n tomar cursos cortos o incluso certificaciones para su pr\u00e1ctica.<\/p>\n","protected":false},"featured_media":10665,"template":"","meta":{"_acf_changed":false,"inline_featured_image":false},"product_brand":[],"product_cat":[28,1579],"product_tag":[88,2786,34,329,987,2171,2116,2275,2074,3472,65,91,330,983,177,982,981,691,667,666,3854,61,89,2541,2542,665,2543,93,331,984,178,119],"class_list":{"0":"post-10667","1":"product","2":"type-product","3":"status-publish","4":"has-post-thumbnail","6":"product_cat-paquetes","7":"product_cat-uruguay","8":"product_tag-america-del-sur","9":"product_tag-baru","10":"product_tag-caribe","11":"product_tag-colombia","12":"product_tag-colombia-en-peninsula-de-baru","13":"product_tag-colombia-en-setiembre","14":"product_tag-en-colombia","15":"product_tag-en-peninsula-de-baru","16":"product_tag-en-setiembre","17":"product_tag-hotel-isla-del-encanto-baru","18":"product_tag-no-aplica","19":"product_tag-paquetes-a-america-del-sur","20":"product_tag-paquetes-a-colombia","21":"product_tag-paquetes-a-peninsula-de-baru","22":"product_tag-paquetes-al-caribe","23":"product_tag-peninsula-baru","24":"product_tag-peninsula-de-baru","25":"product_tag-pension-completa","26":"product_tag-septiembre","27":"product_tag-setiembre","28":"product_tag-setiembre-2026","29":"product_tag-sin-destino","30":"product_tag-sudamerica","31":"product_tag-vacaciones-de-primavera","32":"product_tag-vacaciones-de-septiembre","33":"product_tag-vacaciones-de-setiembre","34":"product_tag-vacaciones-primavera","35":"product_tag-viajes-a-america-del-sur","36":"product_tag-viajes-a-colombia","37":"product_tag-viajes-a-peninsula-de-baru","38":"product_tag-viajes-al-caribe","39":"product_tag-vuelo-y-hotel","40":"entry","41":"has-media","43":"first","44":"instock","45":"shipping-taxable","46":"purchasable","47":"product-type-simple"},"acf":[],"yoast_head":"<!-- This site is optimized with the Yoast SEO plugin v27.2 - https:\/\/yoast.com\/product\/yoast-seo-wordpress\/ -->\n<title>Hotel Isla del Encanto \/ Bar\u00fa - El Kaminante<\/title>\n<meta name=\"robots\" content=\"index, follow, max-snippet:-1, max-image-preview:large, max-video-preview:-1\" \/>\n<link rel=\"canonical\" href=\"https:\/\/elkaminante.com.uy\/paquetes\/hotel-isla-del-encanto-baru\/\" \/>\n<meta property=\"og:locale\" content=\"en_US\" \/>\n<meta property=\"og:type\" content=\"article\" \/>\n<meta property=\"og:title\" content=\"Hotel Isla del Encanto \/ Bar\u00fa - El Kaminante\" \/>\n<meta property=\"og:description\" content=\"La pen\u00ednsula de Baru (a veces denominada Isla de Baru o simplemente Baru), es una zona costera situada al sur y a 45 minutos en lancha de Cartagena de Indias, Colombia, famosa por sus playas blancas y agua turquesa. Est\u00e1 separada del territorio por el Canal del Dique. Baru cuenta con diversas playas, pero las m\u00e1s destacadas son Playa Blanca, Chol\u00f3n, Agua Azul y Agua Tranquila. Baru cuenta con una de las atracciones medioambientales m\u00e1s relevantes de Colombia, el Aviario Nacional. Es tambi\u00e9n un lugar ideal para la pr\u00e1ctica de deportes n\u00e1uticos, as\u00ed como el buceo. Para algunos simplemente puede ser una experiencia de snorkel; otros podr\u00e1n tomar cursos cortos o incluso certificaciones para su pr\u00e1ctica.\" \/>\n<meta property=\"og:url\" content=\"https:\/\/elkaminante.com.uy\/paquetes\/hotel-isla-del-encanto-baru\/\" \/>\n<meta property=\"og:site_name\" content=\"El Kaminante\" \/>\n<meta property=\"article:modified_time\" content=\"2026-04-17T12:39:02+00:00\" \/>\n<meta name=\"twitter:card\" content=\"summary_large_image\" \/>\n<script type=\"application\/ld+json\" class=\"yoast-schema-graph\">{\"@context\":\"https:\/\/schema.org\",\"@graph\":[{\"@type\":\"WebPage\",\"@id\":\"https:\/\/elkaminante.com.uy\/paquetes\/hotel-isla-del-encanto-baru\/\",\"url\":\"https:\/\/elkaminante.com.uy\/paquetes\/hotel-isla-del-encanto-baru\/\",\"name\":\"Hotel Isla del Encanto \/ Bar\u00fa - El Kaminante\",\"isPartOf\":{\"@id\":\"https:\/\/elkaminante.com.uy\/#website\"},\"primaryImageOfPage\":{\"@id\":\"https:\/\/elkaminante.com.uy\/paquetes\/hotel-isla-del-encanto-baru\/#primaryimage\"},\"image\":{\"@id\":\"https:\/\/elkaminante.com.uy\/paquetes\/hotel-isla-del-encanto-baru\/#primaryimage\"},\"thumbnailUrl\":\"https:\/\/elkaminante.com.uy\/wp-content\/uploads\/2025\/06\/PAQ330.webp\",\"datePublished\":\"2025-06-16T23:11:39+00:00\",\"dateModified\":\"2026-04-17T12:39:02+00:00\",\"breadcrumb\":{\"@id\":\"https:\/\/elkaminante.com.uy\/paquetes\/hotel-isla-del-encanto-baru\/#breadcrumb\"},\"inLanguage\":\"en-US\",\"potentialAction\":[{\"@type\":\"ReadAction\",\"target\":[\"https:\/\/elkaminante.com.uy\/paquetes\/hotel-isla-del-encanto-baru\/\"]}]},{\"@type\":\"ImageObject\",\"inLanguage\":\"en-US\",\"@id\":\"https:\/\/elkaminante.com.uy\/paquetes\/hotel-isla-del-encanto-baru\/#primaryimage\",\"url\":\"https:\/\/elkaminante.com.uy\/wp-content\/uploads\/2025\/06\/PAQ330.webp\",\"contentUrl\":\"https:\/\/elkaminante.com.uy\/wp-content\/uploads\/2025\/06\/PAQ330.webp\",\"width\":800,\"height\":457},{\"@type\":\"BreadcrumbList\",\"@id\":\"https:\/\/elkaminante.com.uy\/paquetes\/hotel-isla-del-encanto-baru\/#breadcrumb\",\"itemListElement\":[{\"@type\":\"ListItem\",\"position\":1,\"name\":\"Inicio\",\"item\":\"https:\/\/elkaminante.com.uy\/en\/\"},{\"@type\":\"ListItem\",\"position\":2,\"name\":\"Viajes por el mundo\",\"item\":\"https:\/\/elkaminante.com.uy\/en\/paquetes\/\"},{\"@type\":\"ListItem\",\"position\":3,\"name\":\"Hotel Isla del Encanto \/ Bar\u00fa\"}]},{\"@type\":\"WebSite\",\"@id\":\"https:\/\/elkaminante.com.uy\/#website\",\"url\":\"https:\/\/elkaminante.com.uy\/\",\"name\":\"El Kaminante\",\"description\":\"Viajes &amp; Turismo\",\"publisher\":{\"@id\":\"https:\/\/elkaminante.com.uy\/#organization\"},\"potentialAction\":[{\"@type\":\"SearchAction\",\"target\":{\"@type\":\"EntryPoint\",\"urlTemplate\":\"https:\/\/elkaminante.com.uy\/?s={search_term_string}\"},\"query-input\":{\"@type\":\"PropertyValueSpecification\",\"valueRequired\":true,\"valueName\":\"search_term_string\"}}],\"inLanguage\":\"en-US\"},{\"@type\":\"Organization\",\"@id\":\"https:\/\/elkaminante.com.uy\/#organization\",\"name\":\"El Kaminante\",\"url\":\"https:\/\/elkaminante.com.uy\/\",\"logo\":{\"@type\":\"ImageObject\",\"inLanguage\":\"en-US\",\"@id\":\"https:\/\/elkaminante.com.uy\/#\/schema\/logo\/image\/\",\"url\":\"https:\/\/elkaminante.com.uy\/wp-content\/uploads\/2025\/02\/logo-elkaminante-blanco.svg\",\"contentUrl\":\"https:\/\/elkaminante.com.uy\/wp-content\/uploads\/2025\/02\/logo-elkaminante-blanco.svg\",\"caption\":\"El Kaminante\"},\"image\":{\"@id\":\"https:\/\/elkaminante.com.uy\/#\/schema\/logo\/image\/\"}}]}<\/script>\n<!-- \/ Yoast SEO plugin. -->","yoast_head_json":{"title":"Hotel Isla del Encanto \/ Bar\u00fa - El Kaminante","robots":{"index":"index","follow":"follow","max-snippet":"max-snippet:-1","max-image-preview":"max-image-preview:large","max-video-preview":"max-video-preview:-1"},"canonical":"https:\/\/elkaminante.com.uy\/paquetes\/hotel-isla-del-encanto-baru\/","og_locale":"en_US","og_type":"article","og_title":"Hotel Isla del Encanto \/ Bar\u00fa - El Kaminante","og_description":"La pen\u00ednsula de Baru (a veces denominada Isla de Baru o simplemente Baru), es una zona costera situada al sur y a 45 minutos en lancha de Cartagena de Indias, Colombia, famosa por sus playas blancas y agua turquesa. Est\u00e1 separada del territorio por el Canal del Dique. Baru cuenta con diversas playas, pero las m\u00e1s destacadas son Playa Blanca, Chol\u00f3n, Agua Azul y Agua Tranquila. Baru cuenta con una de las atracciones medioambientales m\u00e1s relevantes de Colombia, el Aviario Nacional. Es tambi\u00e9n un lugar ideal para la pr\u00e1ctica de deportes n\u00e1uticos, as\u00ed como el buceo. Para algunos simplemente puede ser una experiencia de snorkel; otros podr\u00e1n tomar cursos cortos o incluso certificaciones para su pr\u00e1ctica.","og_url":"https:\/\/elkaminante.com.uy\/paquetes\/hotel-isla-del-encanto-baru\/","og_site_name":"El Kaminante","article_modified_time":"2026-04-17T12:39:02+00:00","twitter_card":"summary_large_image","schema":{"@context":"https:\/\/schema.org","@graph":[{"@type":"WebPage","@id":"https:\/\/elkaminante.com.uy\/paquetes\/hotel-isla-del-encanto-baru\/","url":"https:\/\/elkaminante.com.uy\/paquetes\/hotel-isla-del-encanto-baru\/","name":"Hotel Isla del Encanto \/ Bar\u00fa - El Kaminante","isPartOf":{"@id":"https:\/\/elkaminante.com.uy\/#website"},"primaryImageOfPage":{"@id":"https:\/\/elkaminante.com.uy\/paquetes\/hotel-isla-del-encanto-baru\/#primaryimage"},"image":{"@id":"https:\/\/elkaminante.com.uy\/paquetes\/hotel-isla-del-encanto-baru\/#primaryimage"},"thumbnailUrl":"https:\/\/elkaminante.com.uy\/wp-content\/uploads\/2025\/06\/PAQ330.webp","datePublished":"2025-06-16T23:11:39+00:00","dateModified":"2026-04-17T12:39:02+00:00","breadcrumb":{"@id":"https:\/\/elkaminante.com.uy\/paquetes\/hotel-isla-del-encanto-baru\/#breadcrumb"},"inLanguage":"en-US","potentialAction":[{"@type":"ReadAction","target":["https:\/\/elkaminante.com.uy\/paquetes\/hotel-isla-del-encanto-baru\/"]}]},{"@type":"ImageObject","inLanguage":"en-US","@id":"https:\/\/elkaminante.com.uy\/paquetes\/hotel-isla-del-encanto-baru\/#primaryimage","url":"https:\/\/elkaminante.com.uy\/wp-content\/uploads\/2025\/06\/PAQ330.webp","contentUrl":"https:\/\/elkaminante.com.uy\/wp-content\/uploads\/2025\/06\/PAQ330.webp","width":800,"height":457},{"@type":"BreadcrumbList","@id":"https:\/\/elkaminante.com.uy\/paquetes\/hotel-isla-del-encanto-baru\/#breadcrumb","itemListElement":[{"@type":"ListItem","position":1,"name":"Inicio","item":"https:\/\/elkaminante.com.uy\/en\/"},{"@type":"ListItem","position":2,"name":"Viajes por el mundo","item":"https:\/\/elkaminante.com.uy\/en\/paquetes\/"},{"@type":"ListItem","position":3,"name":"Hotel Isla del Encanto \/ Bar\u00fa"}]},{"@type":"WebSite","@id":"https:\/\/elkaminante.com.uy\/#website","url":"https:\/\/elkaminante.com.uy\/","name":"El Kaminante","description":"Viajes &amp; Turismo","publisher":{"@id":"https:\/\/elkaminante.com.uy\/#organization"},"potentialAction":[{"@type":"SearchAction","target":{"@type":"EntryPoint","urlTemplate":"https:\/\/elkaminante.com.uy\/?s={search_term_string}"},"query-input":{"@type":"PropertyValueSpecification","valueRequired":true,"valueName":"search_term_string"}}],"inLanguage":"en-US"},{"@type":"Organization","@id":"https:\/\/elkaminante.com.uy\/#organization","name":"El Kaminante","url":"https:\/\/elkaminante.com.uy\/","logo":{"@type":"ImageObject","inLanguage":"en-US","@id":"https:\/\/elkaminante.com.uy\/#\/schema\/logo\/image\/","url":"https:\/\/elkaminante.com.uy\/wp-content\/uploads\/2025\/02\/logo-elkaminante-blanco.svg","contentUrl":"https:\/\/elkaminante.com.uy\/wp-content\/uploads\/2025\/02\/logo-elkaminante-blanco.svg","caption":"El Kaminante"},"image":{"@id":"https:\/\/elkaminante.com.uy\/#\/schema\/logo\/image\/"}}]}},"_links":{"self":[{"href":"https:\/\/elkaminante.com.uy\/en\/wp-json\/wp\/v2\/product\/10667","targetHints":{"allow":["GET"]}}],"collection":[{"href":"https:\/\/elkaminante.com.uy\/en\/wp-json\/wp\/v2\/product"}],"about":[{"href":"https:\/\/elkaminante.com.uy\/en\/wp-json\/wp\/v2\/types\/product"}],"wp:featuredmedia":[{"embeddable":true,"href":"https:\/\/elkaminante.com.uy\/en\/wp-json\/wp\/v2\/media\/10665"}],"wp:attachment":[{"href":"https:\/\/elkaminante.com.uy\/en\/wp-json\/wp\/v2\/media?parent=10667"}],"wp:term":[{"taxonomy":"product_brand","embeddable":true,"href":"https:\/\/elkaminante.com.uy\/en\/wp-json\/wp\/v2\/product_brand?post=10667"},{"taxonomy":"product_cat","embeddable":true,"href":"https:\/\/elkaminante.com.uy\/en\/wp-json\/wp\/v2\/product_cat?post=10667"},{"taxonomy":"product_tag","embeddable":true,"href":"https:\/\/elkaminante.com.uy\/en\/wp-json\/wp\/v2\/product_tag?post=10667"}],"curies":[{"name":"wp","href":"https:\/\/api.w.org\/{rel}","templated":true}]}}