{"id":10664,"date":"2025-06-16T20:11:37","date_gmt":"2025-06-16T23:11:37","guid":{"rendered":"https:\/\/elkaminante.com.uy\/paquetes\/riu-ocho-rios-jamaica\/"},"modified":"2026-04-17T09:39:02","modified_gmt":"2026-04-17T12:39:02","slug":"riu-ocho-rios-jamaica","status":"publish","type":"product","link":"https:\/\/elkaminante.com.uy\/en\/paquetes\/riu-ocho-rios-jamaica\/","title":{"rendered":"RIU Ocho R\u00edos Jamaica"},"content":{"rendered":"","protected":false},"excerpt":{"rendered":"<p>Bienvenido a <b>Jamaica<\/b>, la tercera isla m\u00e1s grande del Caribe y el lugar de nacimiento de Bob Marley y James Bond 007. Es un lugar \u00fanico y familiar con las playas de aguas siempre \u201cazules y claros\u201d, y las horas aparentemente infinitas debajo del sol caliente del Caribe. Un viaje a Jamaica puede incluir un paseo en canoa o en balsa, un paseo a caballo y un paseo en la playa. Tambien se puede subir en globo, zambullirse, hacer la pesca submarina, dar una vuelta en motocicleta por las monta\u00f1as, o relajarse en una hamaca que se sacude durante la puesta del sol. Pod\u00e9s sumergirte en el Agujero Azul, hacer rafting en el r\u00edo Martha Brae e incluso descender en trineo de la Monta\u00f1a M\u00edstica. Carg\u00e1 energ\u00edas con deliciosa y nutritiva comida, como el pollo jerk, antes de salir a explorar. Tambi\u00e9n vale la pena visitar los aut\u00e9nticos clubes de m\u00fasica de Kingston, especialmente para los fan\u00e1ticos del reggae.<\/p>\n","protected":false},"featured_media":10662,"template":"","meta":{"_acf_changed":false,"inline_featured_image":false},"product_brand":[],"product_cat":[28,1579],"product_tag":[562,3776,173,175,34,176,568,2107,307,3924,312,65,2787,180,308,177,3471,61,3282,182,309,178,119],"class_list":{"0":"post-10664","1":"product","2":"type-product","3":"status-publish","4":"has-post-thumbnail","6":"product_cat-paquetes","7":"product_cat-uruguay","8":"product_tag-agosto","9":"product_tag-agosto-2026all-inclusive","10":"product_tag-all-inclusive","11":"product_tag-america-central","12":"product_tag-caribe","13":"product_tag-centro-america","14":"product_tag-en-agosto","15":"product_tag-en-jamaica","16":"product_tag-jamaica","17":"product_tag-jamaica-en-agosto","18":"product_tag-jamaica-en-jamaica","19":"product_tag-no-aplica","20":"product_tag-ocho-rios","21":"product_tag-paquetes-a-america-central","22":"product_tag-paquetes-a-jamaica","23":"product_tag-paquetes-al-caribe","24":"product_tag-riu-ocho-rios-jamaica","25":"product_tag-sin-destino","26":"product_tag-temporada-baja","27":"product_tag-viajes-a-america-central","28":"product_tag-viajes-a-jamaica","29":"product_tag-viajes-al-caribe","30":"product_tag-vuelo-y-hotel","31":"entry","32":"has-media","34":"first","35":"instock","36":"shipping-taxable","37":"purchasable","38":"product-type-simple"},"acf":[],"yoast_head":"<!-- This site is optimized with the Yoast SEO plugin v27.2 - https:\/\/yoast.com\/product\/yoast-seo-wordpress\/ -->\n<title>RIU Ocho R\u00edos Jamaica - El Kaminante<\/title>\n<meta name=\"robots\" content=\"index, follow, max-snippet:-1, max-image-preview:large, max-video-preview:-1\" \/>\n<link rel=\"canonical\" href=\"https:\/\/elkaminante.com.uy\/paquetes\/riu-ocho-rios-jamaica\/\" \/>\n<meta property=\"og:locale\" content=\"en_US\" \/>\n<meta property=\"og:type\" content=\"article\" \/>\n<meta property=\"og:title\" content=\"RIU Ocho R\u00edos Jamaica - El Kaminante\" \/>\n<meta property=\"og:description\" content=\"Bienvenido a Jamaica, la tercera isla m\u00e1s grande del Caribe y el lugar de nacimiento de Bob Marley y James Bond 007. Es un lugar \u00fanico y familiar con las playas de aguas siempre \u201cazules y claros\u201d, y las horas aparentemente infinitas debajo del sol caliente del Caribe. Un viaje a Jamaica puede incluir un paseo en canoa o en balsa, un paseo a caballo y un paseo en la playa. Tambien se puede subir en globo, zambullirse, hacer la pesca submarina, dar una vuelta en motocicleta por las monta\u00f1as, o relajarse en una hamaca que se sacude durante la puesta del sol. Pod\u00e9s sumergirte en el Agujero Azul, hacer rafting en el r\u00edo Martha Brae e incluso descender en trineo de la Monta\u00f1a M\u00edstica. Carg\u00e1 energ\u00edas con deliciosa y nutritiva comida, como el pollo jerk, antes de salir a explorar. Tambi\u00e9n vale la pena visitar los aut\u00e9nticos clubes de m\u00fasica de Kingston, especialmente para los fan\u00e1ticos del reggae.\" \/>\n<meta property=\"og:url\" content=\"https:\/\/elkaminante.com.uy\/paquetes\/riu-ocho-rios-jamaica\/\" \/>\n<meta property=\"og:site_name\" content=\"El Kaminante\" \/>\n<meta property=\"article:modified_time\" content=\"2026-04-17T12:39:02+00:00\" \/>\n<meta property=\"og:image\" content=\"https:\/\/elkaminante.com.uy\/wp-content\/uploads\/2025\/06\/PAQ329.webp\" \/>\n\t<meta property=\"og:image:width\" content=\"800\" \/>\n\t<meta property=\"og:image:height\" content=\"457\" \/>\n\t<meta property=\"og:image:type\" content=\"image\/webp\" \/>\n<meta name=\"twitter:card\" content=\"summary_large_image\" \/>\n<script type=\"application\/ld+json\" class=\"yoast-schema-graph\">{\"@context\":\"https:\/\/schema.org\",\"@graph\":[{\"@type\":\"WebPage\",\"@id\":\"https:\/\/elkaminante.com.uy\/paquetes\/riu-ocho-rios-jamaica\/\",\"url\":\"https:\/\/elkaminante.com.uy\/paquetes\/riu-ocho-rios-jamaica\/\",\"name\":\"RIU Ocho R\u00edos Jamaica - El Kaminante\",\"isPartOf\":{\"@id\":\"https:\/\/elkaminante.com.uy\/#website\"},\"primaryImageOfPage\":{\"@id\":\"https:\/\/elkaminante.com.uy\/paquetes\/riu-ocho-rios-jamaica\/#primaryimage\"},\"image\":{\"@id\":\"https:\/\/elkaminante.com.uy\/paquetes\/riu-ocho-rios-jamaica\/#primaryimage\"},\"thumbnailUrl\":\"https:\/\/elkaminante.com.uy\/wp-content\/uploads\/2025\/06\/PAQ329.webp\",\"datePublished\":\"2025-06-16T23:11:37+00:00\",\"dateModified\":\"2026-04-17T12:39:02+00:00\",\"breadcrumb\":{\"@id\":\"https:\/\/elkaminante.com.uy\/paquetes\/riu-ocho-rios-jamaica\/#breadcrumb\"},\"inLanguage\":\"en-US\",\"potentialAction\":[{\"@type\":\"ReadAction\",\"target\":[\"https:\/\/elkaminante.com.uy\/paquetes\/riu-ocho-rios-jamaica\/\"]}]},{\"@type\":\"ImageObject\",\"inLanguage\":\"en-US\",\"@id\":\"https:\/\/elkaminante.com.uy\/paquetes\/riu-ocho-rios-jamaica\/#primaryimage\",\"url\":\"https:\/\/elkaminante.com.uy\/wp-content\/uploads\/2025\/06\/PAQ329.webp\",\"contentUrl\":\"https:\/\/elkaminante.com.uy\/wp-content\/uploads\/2025\/06\/PAQ329.webp\",\"width\":800,\"height\":457},{\"@type\":\"BreadcrumbList\",\"@id\":\"https:\/\/elkaminante.com.uy\/paquetes\/riu-ocho-rios-jamaica\/#breadcrumb\",\"itemListElement\":[{\"@type\":\"ListItem\",\"position\":1,\"name\":\"Inicio\",\"item\":\"https:\/\/elkaminante.com.uy\/en\/\"},{\"@type\":\"ListItem\",\"position\":2,\"name\":\"Viajes por el mundo\",\"item\":\"https:\/\/elkaminante.com.uy\/en\/paquetes\/\"},{\"@type\":\"ListItem\",\"position\":3,\"name\":\"RIU Ocho R\u00edos Jamaica\"}]},{\"@type\":\"WebSite\",\"@id\":\"https:\/\/elkaminante.com.uy\/#website\",\"url\":\"https:\/\/elkaminante.com.uy\/\",\"name\":\"El Kaminante\",\"description\":\"Viajes &amp; Turismo\",\"publisher\":{\"@id\":\"https:\/\/elkaminante.com.uy\/#organization\"},\"potentialAction\":[{\"@type\":\"SearchAction\",\"target\":{\"@type\":\"EntryPoint\",\"urlTemplate\":\"https:\/\/elkaminante.com.uy\/?s={search_term_string}\"},\"query-input\":{\"@type\":\"PropertyValueSpecification\",\"valueRequired\":true,\"valueName\":\"search_term_string\"}}],\"inLanguage\":\"en-US\"},{\"@type\":\"Organization\",\"@id\":\"https:\/\/elkaminante.com.uy\/#organization\",\"name\":\"El Kaminante\",\"url\":\"https:\/\/elkaminante.com.uy\/\",\"logo\":{\"@type\":\"ImageObject\",\"inLanguage\":\"en-US\",\"@id\":\"https:\/\/elkaminante.com.uy\/#\/schema\/logo\/image\/\",\"url\":\"https:\/\/elkaminante.com.uy\/wp-content\/uploads\/2025\/02\/logo-elkaminante-blanco.svg\",\"contentUrl\":\"https:\/\/elkaminante.com.uy\/wp-content\/uploads\/2025\/02\/logo-elkaminante-blanco.svg\",\"caption\":\"El Kaminante\"},\"image\":{\"@id\":\"https:\/\/elkaminante.com.uy\/#\/schema\/logo\/image\/\"}}]}<\/script>\n<!-- \/ Yoast SEO plugin. -->","yoast_head_json":{"title":"RIU Ocho R\u00edos Jamaica - El Kaminante","robots":{"index":"index","follow":"follow","max-snippet":"max-snippet:-1","max-image-preview":"max-image-preview:large","max-video-preview":"max-video-preview:-1"},"canonical":"https:\/\/elkaminante.com.uy\/paquetes\/riu-ocho-rios-jamaica\/","og_locale":"en_US","og_type":"article","og_title":"RIU Ocho R\u00edos Jamaica - El Kaminante","og_description":"Bienvenido a Jamaica, la tercera isla m\u00e1s grande del Caribe y el lugar de nacimiento de Bob Marley y James Bond 007. Es un lugar \u00fanico y familiar con las playas de aguas siempre \u201cazules y claros\u201d, y las horas aparentemente infinitas debajo del sol caliente del Caribe. Un viaje a Jamaica puede incluir un paseo en canoa o en balsa, un paseo a caballo y un paseo en la playa. Tambien se puede subir en globo, zambullirse, hacer la pesca submarina, dar una vuelta en motocicleta por las monta\u00f1as, o relajarse en una hamaca que se sacude durante la puesta del sol. Pod\u00e9s sumergirte en el Agujero Azul, hacer rafting en el r\u00edo Martha Brae e incluso descender en trineo de la Monta\u00f1a M\u00edstica. Carg\u00e1 energ\u00edas con deliciosa y nutritiva comida, como el pollo jerk, antes de salir a explorar. Tambi\u00e9n vale la pena visitar los aut\u00e9nticos clubes de m\u00fasica de Kingston, especialmente para los fan\u00e1ticos del reggae.","og_url":"https:\/\/elkaminante.com.uy\/paquetes\/riu-ocho-rios-jamaica\/","og_site_name":"El Kaminante","article_modified_time":"2026-04-17T12:39:02+00:00","og_image":[{"width":800,"height":457,"url":"https:\/\/elkaminante.com.uy\/wp-content\/uploads\/2025\/06\/PAQ329.webp","type":"image\/webp"}],"twitter_card":"summary_large_image","schema":{"@context":"https:\/\/schema.org","@graph":[{"@type":"WebPage","@id":"https:\/\/elkaminante.com.uy\/paquetes\/riu-ocho-rios-jamaica\/","url":"https:\/\/elkaminante.com.uy\/paquetes\/riu-ocho-rios-jamaica\/","name":"RIU Ocho R\u00edos Jamaica - El Kaminante","isPartOf":{"@id":"https:\/\/elkaminante.com.uy\/#website"},"primaryImageOfPage":{"@id":"https:\/\/elkaminante.com.uy\/paquetes\/riu-ocho-rios-jamaica\/#primaryimage"},"image":{"@id":"https:\/\/elkaminante.com.uy\/paquetes\/riu-ocho-rios-jamaica\/#primaryimage"},"thumbnailUrl":"https:\/\/elkaminante.com.uy\/wp-content\/uploads\/2025\/06\/PAQ329.webp","datePublished":"2025-06-16T23:11:37+00:00","dateModified":"2026-04-17T12:39:02+00:00","breadcrumb":{"@id":"https:\/\/elkaminante.com.uy\/paquetes\/riu-ocho-rios-jamaica\/#breadcrumb"},"inLanguage":"en-US","potentialAction":[{"@type":"ReadAction","target":["https:\/\/elkaminante.com.uy\/paquetes\/riu-ocho-rios-jamaica\/"]}]},{"@type":"ImageObject","inLanguage":"en-US","@id":"https:\/\/elkaminante.com.uy\/paquetes\/riu-ocho-rios-jamaica\/#primaryimage","url":"https:\/\/elkaminante.com.uy\/wp-content\/uploads\/2025\/06\/PAQ329.webp","contentUrl":"https:\/\/elkaminante.com.uy\/wp-content\/uploads\/2025\/06\/PAQ329.webp","width":800,"height":457},{"@type":"BreadcrumbList","@id":"https:\/\/elkaminante.com.uy\/paquetes\/riu-ocho-rios-jamaica\/#breadcrumb","itemListElement":[{"@type":"ListItem","position":1,"name":"Inicio","item":"https:\/\/elkaminante.com.uy\/en\/"},{"@type":"ListItem","position":2,"name":"Viajes por el mundo","item":"https:\/\/elkaminante.com.uy\/en\/paquetes\/"},{"@type":"ListItem","position":3,"name":"RIU Ocho R\u00edos Jamaica"}]},{"@type":"WebSite","@id":"https:\/\/elkaminante.com.uy\/#website","url":"https:\/\/elkaminante.com.uy\/","name":"El Kaminante","description":"Viajes &amp; Turismo","publisher":{"@id":"https:\/\/elkaminante.com.uy\/#organization"},"potentialAction":[{"@type":"SearchAction","target":{"@type":"EntryPoint","urlTemplate":"https:\/\/elkaminante.com.uy\/?s={search_term_string}"},"query-input":{"@type":"PropertyValueSpecification","valueRequired":true,"valueName":"search_term_string"}}],"inLanguage":"en-US"},{"@type":"Organization","@id":"https:\/\/elkaminante.com.uy\/#organization","name":"El Kaminante","url":"https:\/\/elkaminante.com.uy\/","logo":{"@type":"ImageObject","inLanguage":"en-US","@id":"https:\/\/elkaminante.com.uy\/#\/schema\/logo\/image\/","url":"https:\/\/elkaminante.com.uy\/wp-content\/uploads\/2025\/02\/logo-elkaminante-blanco.svg","contentUrl":"https:\/\/elkaminante.com.uy\/wp-content\/uploads\/2025\/02\/logo-elkaminante-blanco.svg","caption":"El Kaminante"},"image":{"@id":"https:\/\/elkaminante.com.uy\/#\/schema\/logo\/image\/"}}]}},"_links":{"self":[{"href":"https:\/\/elkaminante.com.uy\/en\/wp-json\/wp\/v2\/product\/10664","targetHints":{"allow":["GET"]}}],"collection":[{"href":"https:\/\/elkaminante.com.uy\/en\/wp-json\/wp\/v2\/product"}],"about":[{"href":"https:\/\/elkaminante.com.uy\/en\/wp-json\/wp\/v2\/types\/product"}],"wp:featuredmedia":[{"embeddable":true,"href":"https:\/\/elkaminante.com.uy\/en\/wp-json\/wp\/v2\/media\/10662"}],"wp:attachment":[{"href":"https:\/\/elkaminante.com.uy\/en\/wp-json\/wp\/v2\/media?parent=10664"}],"wp:term":[{"taxonomy":"product_brand","embeddable":true,"href":"https:\/\/elkaminante.com.uy\/en\/wp-json\/wp\/v2\/product_brand?post=10664"},{"taxonomy":"product_cat","embeddable":true,"href":"https:\/\/elkaminante.com.uy\/en\/wp-json\/wp\/v2\/product_cat?post=10664"},{"taxonomy":"product_tag","embeddable":true,"href":"https:\/\/elkaminante.com.uy\/en\/wp-json\/wp\/v2\/product_tag?post=10664"}],"curies":[{"name":"wp","href":"https:\/\/api.w.org\/{rel}","templated":true}]}}