{"id":10613,"date":"2025-06-16T20:11:07","date_gmt":"2025-06-16T23:11:07","guid":{"rendered":"https:\/\/elkaminante.com.uy\/paquetes\/japon-esencial-circuito\/"},"modified":"2026-04-03T16:18:57","modified_gmt":"2026-04-03T19:18:57","slug":"japon-esencial-circuito","status":"publish","type":"product","link":"https:\/\/elkaminante.com.uy\/en\/paquetes\/japon-esencial-circuito\/","title":{"rendered":"Jap\u00f3n Esencial \/ Circuito"},"content":{"rendered":"","protected":false},"excerpt":{"rendered":"<p>Hacer turismo en <b>Jap\u00f3n<\/b> es adentrarse en una cultura milenaria que, al mismo tiempo, se ha adaptado y ha liderado la adaptaci\u00f3n de los avances tecnol\u00f3gicos y las vanguardias culturales. Los lugares tur\u00edsticos de Jap\u00f3n, como sus principales ciudades, le sorprender\u00e1n porque en ellos se mezclan con maravillosa armon\u00eda modernidad y tradici\u00f3n, el ajetreo de la vida cotidiana con espacios que le transmiten paz. <i>Principales atractivos tur\u00edsticos:<\/i>Tokio, su capital, el Palacio Imperial \u201cKokyo&#8221;, Kyoto, el Pabell\u00f3n Dorado, el Distrito de Gion, el Valle del Infierno, el Monte Fuji, Nara, Todaji, el Gran Buda de Nara, Hiroshima, el Parque de los Venados Sagrados,  la Isla de Miyajima, el Santuario Itsukusima de Shinto y Osaka, entre otros. <\/p>\n<p><i>Tener en cuenta para quienes visiten este destino:<\/i> Por favor tome nota de que no se aceptan personas con tatuajes en Las Aguas Termales Onsen por motivos culturales, si se trata de tatuajes peque\u00f1os pueden taparlo con una gasa, pero si son tatuajes grandes no podemos garantizar el acceso.<\/p>\n","protected":false},"featured_media":10611,"template":"","meta":{"_acf_changed":false,"inline_featured_image":false},"product_brand":[],"product_cat":[28,1579],"product_tag":[392,64,4389,2217,1680,1634,62,2658,726,4406,731,3464,3856,3859,2775,3858,2778,65,3857,3860,2776,395,727,61,2774,4387,397,728,63],"class_list":{"0":"post-10613","1":"product","2":"type-product","3":"status-publish","4":"has-post-thumbnail","6":"product_cat-paquetes","7":"product_cat-uruguay","8":"product_tag-asia","9":"product_tag-desayuno","10":"product_tag-en-exoticos","11":"product_tag-en-japon","12":"product_tag-europamundo","13":"product_tag-exhotico","14":"product_tag-exoticos","15":"product_tag-hiroshima","16":"product_tag-japon","17":"product_tag-japon-en-exoticos","18":"product_tag-japon-en-japon","19":"product_tag-japon-esencial-circuito","20":"product_tag-kamakura","21":"product_tag-kawaguchiko","22":"product_tag-kioto","23":"product_tag-monte-fuji","24":"product_tag-nara","25":"product_tag-no-aplica","26":"product_tag-odawara","27":"product_tag-okayama","28":"product_tag-osaka","29":"product_tag-paquetes-a-asia","30":"product_tag-paquetes-a-japon","31":"product_tag-sin-destino","32":"product_tag-tokio","33":"product_tag-trasladoexoticos","34":"product_tag-viajes-a-asia","35":"product_tag-viajes-a-japon","36":"product_tag-vuelo-y-circuito","37":"entry","38":"has-media","40":"first","41":"instock","42":"shipping-taxable","43":"purchasable","44":"product-type-simple"},"acf":[],"yoast_head":"<!-- This site is optimized with the Yoast SEO plugin v27.2 - https:\/\/yoast.com\/product\/yoast-seo-wordpress\/ -->\n<title>Jap\u00f3n Esencial \/ Circuito - El Kaminante<\/title>\n<meta name=\"robots\" content=\"index, follow, max-snippet:-1, max-image-preview:large, max-video-preview:-1\" \/>\n<link rel=\"canonical\" href=\"https:\/\/elkaminante.com.uy\/paquetes\/japon-esencial-circuito\/\" \/>\n<meta property=\"og:locale\" content=\"en_US\" \/>\n<meta property=\"og:type\" content=\"article\" \/>\n<meta property=\"og:title\" content=\"Jap\u00f3n Esencial \/ Circuito - El Kaminante\" \/>\n<meta property=\"og:description\" content=\"Hacer turismo en Jap\u00f3n es adentrarse en una cultura milenaria que, al mismo tiempo, se ha adaptado y ha liderado la adaptaci\u00f3n de los avances tecnol\u00f3gicos y las vanguardias culturales. Los lugares tur\u00edsticos de Jap\u00f3n, como sus principales ciudades, le sorprender\u00e1n porque en ellos se mezclan con maravillosa armon\u00eda modernidad y tradici\u00f3n, el ajetreo de la vida cotidiana con espacios que le transmiten paz. Principales atractivos tur\u00edsticos:Tokio, su capital, el Palacio Imperial \u201cKokyo&quot;, Kyoto, el Pabell\u00f3n Dorado, el Distrito de Gion, el Valle del Infierno, el Monte Fuji, Nara, Todaji, el Gran Buda de Nara, Hiroshima, el Parque de los Venados Sagrados, la Isla de Miyajima, el Santuario Itsukusima de Shinto y Osaka, entre otros. Tener en cuenta para quienes visiten este destino: Por favor tome nota de que no se aceptan personas con tatuajes en Las Aguas Termales Onsen por motivos culturales, si se trata de tatuajes peque\u00f1os pueden taparlo con una gasa, pero si son tatuajes grandes no podemos garantizar el acceso.\" \/>\n<meta property=\"og:url\" content=\"https:\/\/elkaminante.com.uy\/paquetes\/japon-esencial-circuito\/\" \/>\n<meta property=\"og:site_name\" content=\"El Kaminante\" \/>\n<meta property=\"article:modified_time\" content=\"2026-04-03T19:18:57+00:00\" \/>\n<meta property=\"og:image\" content=\"https:\/\/elkaminante.com.uy\/wp-content\/uploads\/2025\/06\/PAQ322.webp\" \/>\n\t<meta property=\"og:image:width\" content=\"800\" \/>\n\t<meta property=\"og:image:height\" content=\"457\" \/>\n\t<meta property=\"og:image:type\" content=\"image\/webp\" \/>\n<meta name=\"twitter:card\" content=\"summary_large_image\" \/>\n<script type=\"application\/ld+json\" class=\"yoast-schema-graph\">{\"@context\":\"https:\/\/schema.org\",\"@graph\":[{\"@type\":\"WebPage\",\"@id\":\"https:\/\/elkaminante.com.uy\/paquetes\/japon-esencial-circuito\/\",\"url\":\"https:\/\/elkaminante.com.uy\/paquetes\/japon-esencial-circuito\/\",\"name\":\"Jap\u00f3n Esencial \/ Circuito - El Kaminante\",\"isPartOf\":{\"@id\":\"https:\/\/elkaminante.com.uy\/#website\"},\"primaryImageOfPage\":{\"@id\":\"https:\/\/elkaminante.com.uy\/paquetes\/japon-esencial-circuito\/#primaryimage\"},\"image\":{\"@id\":\"https:\/\/elkaminante.com.uy\/paquetes\/japon-esencial-circuito\/#primaryimage\"},\"thumbnailUrl\":\"https:\/\/elkaminante.com.uy\/wp-content\/uploads\/2025\/06\/PAQ322.webp\",\"datePublished\":\"2025-06-16T23:11:07+00:00\",\"dateModified\":\"2026-04-03T19:18:57+00:00\",\"breadcrumb\":{\"@id\":\"https:\/\/elkaminante.com.uy\/paquetes\/japon-esencial-circuito\/#breadcrumb\"},\"inLanguage\":\"en-US\",\"potentialAction\":[{\"@type\":\"ReadAction\",\"target\":[\"https:\/\/elkaminante.com.uy\/paquetes\/japon-esencial-circuito\/\"]}]},{\"@type\":\"ImageObject\",\"inLanguage\":\"en-US\",\"@id\":\"https:\/\/elkaminante.com.uy\/paquetes\/japon-esencial-circuito\/#primaryimage\",\"url\":\"https:\/\/elkaminante.com.uy\/wp-content\/uploads\/2025\/06\/PAQ322.webp\",\"contentUrl\":\"https:\/\/elkaminante.com.uy\/wp-content\/uploads\/2025\/06\/PAQ322.webp\",\"width\":800,\"height\":457},{\"@type\":\"BreadcrumbList\",\"@id\":\"https:\/\/elkaminante.com.uy\/paquetes\/japon-esencial-circuito\/#breadcrumb\",\"itemListElement\":[{\"@type\":\"ListItem\",\"position\":1,\"name\":\"Inicio\",\"item\":\"https:\/\/elkaminante.com.uy\/en\/\"},{\"@type\":\"ListItem\",\"position\":2,\"name\":\"Viajes por el mundo\",\"item\":\"https:\/\/elkaminante.com.uy\/en\/paquetes\/\"},{\"@type\":\"ListItem\",\"position\":3,\"name\":\"Jap\u00f3n Esencial \/ Circuito\"}]},{\"@type\":\"WebSite\",\"@id\":\"https:\/\/elkaminante.com.uy\/#website\",\"url\":\"https:\/\/elkaminante.com.uy\/\",\"name\":\"El Kaminante\",\"description\":\"Viajes &amp; Turismo\",\"publisher\":{\"@id\":\"https:\/\/elkaminante.com.uy\/#organization\"},\"potentialAction\":[{\"@type\":\"SearchAction\",\"target\":{\"@type\":\"EntryPoint\",\"urlTemplate\":\"https:\/\/elkaminante.com.uy\/?s={search_term_string}\"},\"query-input\":{\"@type\":\"PropertyValueSpecification\",\"valueRequired\":true,\"valueName\":\"search_term_string\"}}],\"inLanguage\":\"en-US\"},{\"@type\":\"Organization\",\"@id\":\"https:\/\/elkaminante.com.uy\/#organization\",\"name\":\"El Kaminante\",\"url\":\"https:\/\/elkaminante.com.uy\/\",\"logo\":{\"@type\":\"ImageObject\",\"inLanguage\":\"en-US\",\"@id\":\"https:\/\/elkaminante.com.uy\/#\/schema\/logo\/image\/\",\"url\":\"https:\/\/elkaminante.com.uy\/wp-content\/uploads\/2025\/02\/logo-elkaminante-blanco.svg\",\"contentUrl\":\"https:\/\/elkaminante.com.uy\/wp-content\/uploads\/2025\/02\/logo-elkaminante-blanco.svg\",\"caption\":\"El Kaminante\"},\"image\":{\"@id\":\"https:\/\/elkaminante.com.uy\/#\/schema\/logo\/image\/\"}}]}<\/script>\n<!-- \/ Yoast SEO plugin. -->","yoast_head_json":{"title":"Jap\u00f3n Esencial \/ Circuito - El Kaminante","robots":{"index":"index","follow":"follow","max-snippet":"max-snippet:-1","max-image-preview":"max-image-preview:large","max-video-preview":"max-video-preview:-1"},"canonical":"https:\/\/elkaminante.com.uy\/paquetes\/japon-esencial-circuito\/","og_locale":"en_US","og_type":"article","og_title":"Jap\u00f3n Esencial \/ Circuito - El Kaminante","og_description":"Hacer turismo en Jap\u00f3n es adentrarse en una cultura milenaria que, al mismo tiempo, se ha adaptado y ha liderado la adaptaci\u00f3n de los avances tecnol\u00f3gicos y las vanguardias culturales. Los lugares tur\u00edsticos de Jap\u00f3n, como sus principales ciudades, le sorprender\u00e1n porque en ellos se mezclan con maravillosa armon\u00eda modernidad y tradici\u00f3n, el ajetreo de la vida cotidiana con espacios que le transmiten paz. Principales atractivos tur\u00edsticos:Tokio, su capital, el Palacio Imperial \u201cKokyo\", Kyoto, el Pabell\u00f3n Dorado, el Distrito de Gion, el Valle del Infierno, el Monte Fuji, Nara, Todaji, el Gran Buda de Nara, Hiroshima, el Parque de los Venados Sagrados, la Isla de Miyajima, el Santuario Itsukusima de Shinto y Osaka, entre otros. Tener en cuenta para quienes visiten este destino: Por favor tome nota de que no se aceptan personas con tatuajes en Las Aguas Termales Onsen por motivos culturales, si se trata de tatuajes peque\u00f1os pueden taparlo con una gasa, pero si son tatuajes grandes no podemos garantizar el acceso.","og_url":"https:\/\/elkaminante.com.uy\/paquetes\/japon-esencial-circuito\/","og_site_name":"El Kaminante","article_modified_time":"2026-04-03T19:18:57+00:00","og_image":[{"width":800,"height":457,"url":"https:\/\/elkaminante.com.uy\/wp-content\/uploads\/2025\/06\/PAQ322.webp","type":"image\/webp"}],"twitter_card":"summary_large_image","schema":{"@context":"https:\/\/schema.org","@graph":[{"@type":"WebPage","@id":"https:\/\/elkaminante.com.uy\/paquetes\/japon-esencial-circuito\/","url":"https:\/\/elkaminante.com.uy\/paquetes\/japon-esencial-circuito\/","name":"Jap\u00f3n Esencial \/ Circuito - El Kaminante","isPartOf":{"@id":"https:\/\/elkaminante.com.uy\/#website"},"primaryImageOfPage":{"@id":"https:\/\/elkaminante.com.uy\/paquetes\/japon-esencial-circuito\/#primaryimage"},"image":{"@id":"https:\/\/elkaminante.com.uy\/paquetes\/japon-esencial-circuito\/#primaryimage"},"thumbnailUrl":"https:\/\/elkaminante.com.uy\/wp-content\/uploads\/2025\/06\/PAQ322.webp","datePublished":"2025-06-16T23:11:07+00:00","dateModified":"2026-04-03T19:18:57+00:00","breadcrumb":{"@id":"https:\/\/elkaminante.com.uy\/paquetes\/japon-esencial-circuito\/#breadcrumb"},"inLanguage":"en-US","potentialAction":[{"@type":"ReadAction","target":["https:\/\/elkaminante.com.uy\/paquetes\/japon-esencial-circuito\/"]}]},{"@type":"ImageObject","inLanguage":"en-US","@id":"https:\/\/elkaminante.com.uy\/paquetes\/japon-esencial-circuito\/#primaryimage","url":"https:\/\/elkaminante.com.uy\/wp-content\/uploads\/2025\/06\/PAQ322.webp","contentUrl":"https:\/\/elkaminante.com.uy\/wp-content\/uploads\/2025\/06\/PAQ322.webp","width":800,"height":457},{"@type":"BreadcrumbList","@id":"https:\/\/elkaminante.com.uy\/paquetes\/japon-esencial-circuito\/#breadcrumb","itemListElement":[{"@type":"ListItem","position":1,"name":"Inicio","item":"https:\/\/elkaminante.com.uy\/en\/"},{"@type":"ListItem","position":2,"name":"Viajes por el mundo","item":"https:\/\/elkaminante.com.uy\/en\/paquetes\/"},{"@type":"ListItem","position":3,"name":"Jap\u00f3n Esencial \/ Circuito"}]},{"@type":"WebSite","@id":"https:\/\/elkaminante.com.uy\/#website","url":"https:\/\/elkaminante.com.uy\/","name":"El Kaminante","description":"Viajes &amp; Turismo","publisher":{"@id":"https:\/\/elkaminante.com.uy\/#organization"},"potentialAction":[{"@type":"SearchAction","target":{"@type":"EntryPoint","urlTemplate":"https:\/\/elkaminante.com.uy\/?s={search_term_string}"},"query-input":{"@type":"PropertyValueSpecification","valueRequired":true,"valueName":"search_term_string"}}],"inLanguage":"en-US"},{"@type":"Organization","@id":"https:\/\/elkaminante.com.uy\/#organization","name":"El Kaminante","url":"https:\/\/elkaminante.com.uy\/","logo":{"@type":"ImageObject","inLanguage":"en-US","@id":"https:\/\/elkaminante.com.uy\/#\/schema\/logo\/image\/","url":"https:\/\/elkaminante.com.uy\/wp-content\/uploads\/2025\/02\/logo-elkaminante-blanco.svg","contentUrl":"https:\/\/elkaminante.com.uy\/wp-content\/uploads\/2025\/02\/logo-elkaminante-blanco.svg","caption":"El Kaminante"},"image":{"@id":"https:\/\/elkaminante.com.uy\/#\/schema\/logo\/image\/"}}]}},"_links":{"self":[{"href":"https:\/\/elkaminante.com.uy\/en\/wp-json\/wp\/v2\/product\/10613","targetHints":{"allow":["GET"]}}],"collection":[{"href":"https:\/\/elkaminante.com.uy\/en\/wp-json\/wp\/v2\/product"}],"about":[{"href":"https:\/\/elkaminante.com.uy\/en\/wp-json\/wp\/v2\/types\/product"}],"wp:featuredmedia":[{"embeddable":true,"href":"https:\/\/elkaminante.com.uy\/en\/wp-json\/wp\/v2\/media\/10611"}],"wp:attachment":[{"href":"https:\/\/elkaminante.com.uy\/en\/wp-json\/wp\/v2\/media?parent=10613"}],"wp:term":[{"taxonomy":"product_brand","embeddable":true,"href":"https:\/\/elkaminante.com.uy\/en\/wp-json\/wp\/v2\/product_brand?post=10613"},{"taxonomy":"product_cat","embeddable":true,"href":"https:\/\/elkaminante.com.uy\/en\/wp-json\/wp\/v2\/product_cat?post=10613"},{"taxonomy":"product_tag","embeddable":true,"href":"https:\/\/elkaminante.com.uy\/en\/wp-json\/wp\/v2\/product_tag?post=10613"}],"curies":[{"name":"wp","href":"https:\/\/api.w.org\/{rel}","templated":true}]}}