{"id":10591,"date":"2025-06-16T20:10:53","date_gmt":"2025-06-16T23:10:53","guid":{"rendered":"https:\/\/elkaminante.com.uy\/paquetes\/india-nepal-circuito\/"},"modified":"2026-04-17T09:39:01","modified_gmt":"2026-04-17T12:39:01","slug":"india-nepal-circuito","status":"publish","type":"product","link":"https:\/\/elkaminante.com.uy\/en\/paquetes\/india-nepal-circuito\/","title":{"rendered":"India &#038; Nepal  \/ Circuito"},"content":{"rendered":"","protected":false},"excerpt":{"rendered":"<p><b>India<\/b> es reconocido como el pa\u00eds de los mil colores y entre otras atracciones, cuenta con el mausoleo m\u00e1s popular del mundo, el Taj Mahal. Su gastronom\u00eda est\u00e1 influenciada por las tradiciones hind\u00faes y musulmanas, pero lo portugueses, persas e ingleses han contribuido en determinado momento de la historia en algunos aspectos de su cocina. La India se viste de fiesta en distintos momentos del a\u00f1o y por las razones m\u00e1s variadas; desde celebraciones religiosas hasta el D\u00eda de la Independencia y la celebraci\u00f3n de animales. <i>Principales atractivos tur\u00edsticos:<\/i>el Taj Mahal, el Fuerte Amber, el Hawa Mahal, el Fuerte rojo de Delhi, el Parque Nacional Ranthambore, el Fuerte de Agra, el Palacio de Jaipur y el Qutab, entre otros.<\/p>\n<p>Viajar a <b>Nepal<\/b> es adentrarse en un pa\u00eds caracterizado por los contrastes. Desde sus elevadas cumbres y sus largas llanuras, hasta sus monasterios budistas armonizando con los templos hind\u00faes. Su capital Kathmandu, es uno de los lugares m\u00e1s emblem\u00e1ticos en donde encontrar\u00e1 templos, estupas e incluso edificios medievales. <i>Principales atractivos tur\u00edsticos:<\/i> la plaza Durbar, el valle de Bhaktapur, el templo de Nyatapala, Bodnath, Pashupatinah y toda la cordillera lim\u00edtrofe del Himalaya, con el Monte Everest y sus paisajes que lo dejar\u00e1n verdaderamente sin aliento.<\/p>\n","protected":false},"featured_media":10589,"template":"","meta":{"_acf_changed":false,"inline_featured_image":false},"product_brand":[],"product_cat":[28,1579],"product_tag":[2639,392,64,2211,2074,1634,2534,62,2640,695,3460,700,2268,2768,2641,2767,958,65,2638,395,696,959,667,666,3854,61,397,697,960,63],"class_list":{"0":"post-10591","1":"product","2":"type-product","3":"status-publish","4":"has-post-thumbnail","6":"product_cat-paquetes","7":"product_cat-uruguay","8":"product_tag-agra","9":"product_tag-asia","10":"product_tag-desayuno","11":"product_tag-en-india","12":"product_tag-en-setiembre","13":"product_tag-exhotico","14":"product_tag-exotico","15":"product_tag-exoticos","16":"product_tag-fatehpur-sikri","17":"product_tag-india","18":"product_tag-india-nepal-circuito","19":"product_tag-india-en-india","20":"product_tag-india-en-setiembre","21":"product_tag-india-y-nepal","22":"product_tag-jaipur","23":"product_tag-kathmandu","24":"product_tag-nepal","25":"product_tag-no-aplica","26":"product_tag-nueva-delhi","27":"product_tag-paquetes-a-asia","28":"product_tag-paquetes-a-india","29":"product_tag-paquetes-a-nepal","30":"product_tag-septiembre","31":"product_tag-setiembre","32":"product_tag-setiembre-2026","33":"product_tag-sin-destino","34":"product_tag-viajes-a-asia","35":"product_tag-viajes-a-india","36":"product_tag-viajes-a-nepal","37":"product_tag-vuelo-y-circuito","38":"entry","39":"has-media","41":"first","42":"instock","43":"shipping-taxable","44":"purchasable","45":"product-type-simple"},"acf":[],"yoast_head":"<!-- This site is optimized with the Yoast SEO plugin v27.2 - https:\/\/yoast.com\/product\/yoast-seo-wordpress\/ -->\n<title>India &amp; Nepal \/ Circuito - El Kaminante<\/title>\n<meta name=\"robots\" content=\"index, follow, max-snippet:-1, max-image-preview:large, max-video-preview:-1\" \/>\n<link rel=\"canonical\" href=\"https:\/\/elkaminante.com.uy\/paquetes\/india-nepal-circuito\/\" \/>\n<meta property=\"og:locale\" content=\"en_US\" \/>\n<meta property=\"og:type\" content=\"article\" \/>\n<meta property=\"og:title\" content=\"India &amp; Nepal \/ Circuito - El Kaminante\" \/>\n<meta property=\"og:description\" content=\"India es reconocido como el pa\u00eds de los mil colores y entre otras atracciones, cuenta con el mausoleo m\u00e1s popular del mundo, el Taj Mahal. Su gastronom\u00eda est\u00e1 influenciada por las tradiciones hind\u00faes y musulmanas, pero lo portugueses, persas e ingleses han contribuido en determinado momento de la historia en algunos aspectos de su cocina. La India se viste de fiesta en distintos momentos del a\u00f1o y por las razones m\u00e1s variadas; desde celebraciones religiosas hasta el D\u00eda de la Independencia y la celebraci\u00f3n de animales. Principales atractivos tur\u00edsticos:el Taj Mahal, el Fuerte Amber, el Hawa Mahal, el Fuerte rojo de Delhi, el Parque Nacional Ranthambore, el Fuerte de Agra, el Palacio de Jaipur y el Qutab, entre otros.Viajar a Nepal es adentrarse en un pa\u00eds caracterizado por los contrastes. Desde sus elevadas cumbres y sus largas llanuras, hasta sus monasterios budistas armonizando con los templos hind\u00faes. Su capital Kathmandu, es uno de los lugares m\u00e1s emblem\u00e1ticos en donde encontrar\u00e1 templos, estupas e incluso edificios medievales. Principales atractivos tur\u00edsticos: la plaza Durbar, el valle de Bhaktapur, el templo de Nyatapala, Bodnath, Pashupatinah y toda la cordillera lim\u00edtrofe del Himalaya, con el Monte Everest y sus paisajes que lo dejar\u00e1n verdaderamente sin aliento.\" \/>\n<meta property=\"og:url\" content=\"https:\/\/elkaminante.com.uy\/paquetes\/india-nepal-circuito\/\" \/>\n<meta property=\"og:site_name\" content=\"El Kaminante\" \/>\n<meta property=\"article:modified_time\" content=\"2026-04-17T12:39:01+00:00\" \/>\n<meta property=\"og:image\" content=\"https:\/\/elkaminante.com.uy\/wp-content\/uploads\/2025\/06\/PAQ318.webp\" \/>\n\t<meta property=\"og:image:width\" content=\"800\" \/>\n\t<meta property=\"og:image:height\" content=\"457\" \/>\n\t<meta property=\"og:image:type\" content=\"image\/webp\" \/>\n<meta name=\"twitter:card\" content=\"summary_large_image\" \/>\n<script type=\"application\/ld+json\" class=\"yoast-schema-graph\">{\"@context\":\"https:\/\/schema.org\",\"@graph\":[{\"@type\":\"WebPage\",\"@id\":\"https:\/\/elkaminante.com.uy\/paquetes\/india-nepal-circuito\/\",\"url\":\"https:\/\/elkaminante.com.uy\/paquetes\/india-nepal-circuito\/\",\"name\":\"India & Nepal \/ Circuito - El Kaminante\",\"isPartOf\":{\"@id\":\"https:\/\/elkaminante.com.uy\/#website\"},\"primaryImageOfPage\":{\"@id\":\"https:\/\/elkaminante.com.uy\/paquetes\/india-nepal-circuito\/#primaryimage\"},\"image\":{\"@id\":\"https:\/\/elkaminante.com.uy\/paquetes\/india-nepal-circuito\/#primaryimage\"},\"thumbnailUrl\":\"https:\/\/elkaminante.com.uy\/wp-content\/uploads\/2025\/06\/PAQ318.webp\",\"datePublished\":\"2025-06-16T23:10:53+00:00\",\"dateModified\":\"2026-04-17T12:39:01+00:00\",\"breadcrumb\":{\"@id\":\"https:\/\/elkaminante.com.uy\/paquetes\/india-nepal-circuito\/#breadcrumb\"},\"inLanguage\":\"en-US\",\"potentialAction\":[{\"@type\":\"ReadAction\",\"target\":[\"https:\/\/elkaminante.com.uy\/paquetes\/india-nepal-circuito\/\"]}]},{\"@type\":\"ImageObject\",\"inLanguage\":\"en-US\",\"@id\":\"https:\/\/elkaminante.com.uy\/paquetes\/india-nepal-circuito\/#primaryimage\",\"url\":\"https:\/\/elkaminante.com.uy\/wp-content\/uploads\/2025\/06\/PAQ318.webp\",\"contentUrl\":\"https:\/\/elkaminante.com.uy\/wp-content\/uploads\/2025\/06\/PAQ318.webp\",\"width\":800,\"height\":457},{\"@type\":\"BreadcrumbList\",\"@id\":\"https:\/\/elkaminante.com.uy\/paquetes\/india-nepal-circuito\/#breadcrumb\",\"itemListElement\":[{\"@type\":\"ListItem\",\"position\":1,\"name\":\"Inicio\",\"item\":\"https:\/\/elkaminante.com.uy\/en\/\"},{\"@type\":\"ListItem\",\"position\":2,\"name\":\"Viajes por el mundo\",\"item\":\"https:\/\/elkaminante.com.uy\/en\/paquetes\/\"},{\"@type\":\"ListItem\",\"position\":3,\"name\":\"India &#038; Nepal \/ Circuito\"}]},{\"@type\":\"WebSite\",\"@id\":\"https:\/\/elkaminante.com.uy\/#website\",\"url\":\"https:\/\/elkaminante.com.uy\/\",\"name\":\"El Kaminante\",\"description\":\"Viajes &amp; Turismo\",\"publisher\":{\"@id\":\"https:\/\/elkaminante.com.uy\/#organization\"},\"potentialAction\":[{\"@type\":\"SearchAction\",\"target\":{\"@type\":\"EntryPoint\",\"urlTemplate\":\"https:\/\/elkaminante.com.uy\/?s={search_term_string}\"},\"query-input\":{\"@type\":\"PropertyValueSpecification\",\"valueRequired\":true,\"valueName\":\"search_term_string\"}}],\"inLanguage\":\"en-US\"},{\"@type\":\"Organization\",\"@id\":\"https:\/\/elkaminante.com.uy\/#organization\",\"name\":\"El Kaminante\",\"url\":\"https:\/\/elkaminante.com.uy\/\",\"logo\":{\"@type\":\"ImageObject\",\"inLanguage\":\"en-US\",\"@id\":\"https:\/\/elkaminante.com.uy\/#\/schema\/logo\/image\/\",\"url\":\"https:\/\/elkaminante.com.uy\/wp-content\/uploads\/2025\/02\/logo-elkaminante-blanco.svg\",\"contentUrl\":\"https:\/\/elkaminante.com.uy\/wp-content\/uploads\/2025\/02\/logo-elkaminante-blanco.svg\",\"caption\":\"El Kaminante\"},\"image\":{\"@id\":\"https:\/\/elkaminante.com.uy\/#\/schema\/logo\/image\/\"}}]}<\/script>\n<!-- \/ Yoast SEO plugin. -->","yoast_head_json":{"title":"India & Nepal \/ Circuito - El Kaminante","robots":{"index":"index","follow":"follow","max-snippet":"max-snippet:-1","max-image-preview":"max-image-preview:large","max-video-preview":"max-video-preview:-1"},"canonical":"https:\/\/elkaminante.com.uy\/paquetes\/india-nepal-circuito\/","og_locale":"en_US","og_type":"article","og_title":"India & Nepal \/ Circuito - El Kaminante","og_description":"India es reconocido como el pa\u00eds de los mil colores y entre otras atracciones, cuenta con el mausoleo m\u00e1s popular del mundo, el Taj Mahal. Su gastronom\u00eda est\u00e1 influenciada por las tradiciones hind\u00faes y musulmanas, pero lo portugueses, persas e ingleses han contribuido en determinado momento de la historia en algunos aspectos de su cocina. La India se viste de fiesta en distintos momentos del a\u00f1o y por las razones m\u00e1s variadas; desde celebraciones religiosas hasta el D\u00eda de la Independencia y la celebraci\u00f3n de animales. Principales atractivos tur\u00edsticos:el Taj Mahal, el Fuerte Amber, el Hawa Mahal, el Fuerte rojo de Delhi, el Parque Nacional Ranthambore, el Fuerte de Agra, el Palacio de Jaipur y el Qutab, entre otros.Viajar a Nepal es adentrarse en un pa\u00eds caracterizado por los contrastes. Desde sus elevadas cumbres y sus largas llanuras, hasta sus monasterios budistas armonizando con los templos hind\u00faes. Su capital Kathmandu, es uno de los lugares m\u00e1s emblem\u00e1ticos en donde encontrar\u00e1 templos, estupas e incluso edificios medievales. Principales atractivos tur\u00edsticos: la plaza Durbar, el valle de Bhaktapur, el templo de Nyatapala, Bodnath, Pashupatinah y toda la cordillera lim\u00edtrofe del Himalaya, con el Monte Everest y sus paisajes que lo dejar\u00e1n verdaderamente sin aliento.","og_url":"https:\/\/elkaminante.com.uy\/paquetes\/india-nepal-circuito\/","og_site_name":"El Kaminante","article_modified_time":"2026-04-17T12:39:01+00:00","og_image":[{"width":800,"height":457,"url":"https:\/\/elkaminante.com.uy\/wp-content\/uploads\/2025\/06\/PAQ318.webp","type":"image\/webp"}],"twitter_card":"summary_large_image","schema":{"@context":"https:\/\/schema.org","@graph":[{"@type":"WebPage","@id":"https:\/\/elkaminante.com.uy\/paquetes\/india-nepal-circuito\/","url":"https:\/\/elkaminante.com.uy\/paquetes\/india-nepal-circuito\/","name":"India & Nepal \/ Circuito - El Kaminante","isPartOf":{"@id":"https:\/\/elkaminante.com.uy\/#website"},"primaryImageOfPage":{"@id":"https:\/\/elkaminante.com.uy\/paquetes\/india-nepal-circuito\/#primaryimage"},"image":{"@id":"https:\/\/elkaminante.com.uy\/paquetes\/india-nepal-circuito\/#primaryimage"},"thumbnailUrl":"https:\/\/elkaminante.com.uy\/wp-content\/uploads\/2025\/06\/PAQ318.webp","datePublished":"2025-06-16T23:10:53+00:00","dateModified":"2026-04-17T12:39:01+00:00","breadcrumb":{"@id":"https:\/\/elkaminante.com.uy\/paquetes\/india-nepal-circuito\/#breadcrumb"},"inLanguage":"en-US","potentialAction":[{"@type":"ReadAction","target":["https:\/\/elkaminante.com.uy\/paquetes\/india-nepal-circuito\/"]}]},{"@type":"ImageObject","inLanguage":"en-US","@id":"https:\/\/elkaminante.com.uy\/paquetes\/india-nepal-circuito\/#primaryimage","url":"https:\/\/elkaminante.com.uy\/wp-content\/uploads\/2025\/06\/PAQ318.webp","contentUrl":"https:\/\/elkaminante.com.uy\/wp-content\/uploads\/2025\/06\/PAQ318.webp","width":800,"height":457},{"@type":"BreadcrumbList","@id":"https:\/\/elkaminante.com.uy\/paquetes\/india-nepal-circuito\/#breadcrumb","itemListElement":[{"@type":"ListItem","position":1,"name":"Inicio","item":"https:\/\/elkaminante.com.uy\/en\/"},{"@type":"ListItem","position":2,"name":"Viajes por el mundo","item":"https:\/\/elkaminante.com.uy\/en\/paquetes\/"},{"@type":"ListItem","position":3,"name":"India &#038; Nepal \/ Circuito"}]},{"@type":"WebSite","@id":"https:\/\/elkaminante.com.uy\/#website","url":"https:\/\/elkaminante.com.uy\/","name":"El Kaminante","description":"Viajes &amp; Turismo","publisher":{"@id":"https:\/\/elkaminante.com.uy\/#organization"},"potentialAction":[{"@type":"SearchAction","target":{"@type":"EntryPoint","urlTemplate":"https:\/\/elkaminante.com.uy\/?s={search_term_string}"},"query-input":{"@type":"PropertyValueSpecification","valueRequired":true,"valueName":"search_term_string"}}],"inLanguage":"en-US"},{"@type":"Organization","@id":"https:\/\/elkaminante.com.uy\/#organization","name":"El Kaminante","url":"https:\/\/elkaminante.com.uy\/","logo":{"@type":"ImageObject","inLanguage":"en-US","@id":"https:\/\/elkaminante.com.uy\/#\/schema\/logo\/image\/","url":"https:\/\/elkaminante.com.uy\/wp-content\/uploads\/2025\/02\/logo-elkaminante-blanco.svg","contentUrl":"https:\/\/elkaminante.com.uy\/wp-content\/uploads\/2025\/02\/logo-elkaminante-blanco.svg","caption":"El Kaminante"},"image":{"@id":"https:\/\/elkaminante.com.uy\/#\/schema\/logo\/image\/"}}]}},"_links":{"self":[{"href":"https:\/\/elkaminante.com.uy\/en\/wp-json\/wp\/v2\/product\/10591","targetHints":{"allow":["GET"]}}],"collection":[{"href":"https:\/\/elkaminante.com.uy\/en\/wp-json\/wp\/v2\/product"}],"about":[{"href":"https:\/\/elkaminante.com.uy\/en\/wp-json\/wp\/v2\/types\/product"}],"wp:featuredmedia":[{"embeddable":true,"href":"https:\/\/elkaminante.com.uy\/en\/wp-json\/wp\/v2\/media\/10589"}],"wp:attachment":[{"href":"https:\/\/elkaminante.com.uy\/en\/wp-json\/wp\/v2\/media?parent=10591"}],"wp:term":[{"taxonomy":"product_brand","embeddable":true,"href":"https:\/\/elkaminante.com.uy\/en\/wp-json\/wp\/v2\/product_brand?post=10591"},{"taxonomy":"product_cat","embeddable":true,"href":"https:\/\/elkaminante.com.uy\/en\/wp-json\/wp\/v2\/product_cat?post=10591"},{"taxonomy":"product_tag","embeddable":true,"href":"https:\/\/elkaminante.com.uy\/en\/wp-json\/wp\/v2\/product_tag?post=10591"}],"curies":[{"name":"wp","href":"https:\/\/api.w.org\/{rel}","templated":true}]}}