{"id":10567,"date":"2025-06-16T20:10:40","date_gmt":"2025-06-16T23:10:40","guid":{"rendered":"https:\/\/elkaminante.com.uy\/paquetes\/barbados-all-inclusive\/"},"modified":"2026-04-17T09:39:01","modified_gmt":"2026-04-17T12:39:01","slug":"barbados-all-inclusive","status":"publish","type":"product","link":"https:\/\/elkaminante.com.uy\/en\/paquetes\/barbados-all-inclusive\/","title":{"rendered":"Barbados All Inclusive"},"content":{"rendered":"","protected":false},"excerpt":{"rendered":"<p>Cada lugar en <b>Barbados<\/b> tiene una historia, cada comida es una celebraci\u00f3n y cada d\u00eda promete nuevas experiencias, descubrimientos y recuerdos para toda la vida. La isla coralina de Barbados le ofrece m\u00e1s de 80 playas v\u00edrgenes de arena blanca, incluidas muchas que son reconocidas como las playas m\u00e1s hermosas del mundo.<i>Principales atractivos tur\u00edsticos:<\/i>Reserva Natural de Barbados en Bathsheba, la Iglesia de Sharon Moravian, la Cueva de Harrison, la estaci\u00f3n de se\u00f1al de Gun Hill, el Parque Nacional de Farley Hill y todas todas sus playas.<\/p>\n","protected":false},"featured_media":10565,"template":"","meta":{"_acf_changed":false,"inline_featured_image":false},"product_brand":[],"product_cat":[28,1579],"product_tag":[173,175,939,3457,943,4649,34,176,2263,1687,65,122,4648,180,940,177,61,3282,182,941,178,119],"class_list":{"0":"post-10567","1":"product","2":"type-product","3":"status-publish","4":"has-post-thumbnail","6":"product_cat-paquetes","7":"product_cat-uruguay","8":"product_tag-all-inclusive","9":"product_tag-america-central","10":"product_tag-barbados","11":"product_tag-barbados-all-inclusive","12":"product_tag-barbados-en-barbados","13":"product_tag-barbados-en-noviembre","14":"product_tag-caribe","15":"product_tag-centro-america","16":"product_tag-en-barbados","17":"product_tag-en-noviembre","18":"product_tag-no-aplica","19":"product_tag-noviembre","20":"product_tag-noviembre-2026all-inclusive","21":"product_tag-paquetes-a-america-central","22":"product_tag-paquetes-a-barbados","23":"product_tag-paquetes-al-caribe","24":"product_tag-sin-destino","25":"product_tag-temporada-baja","26":"product_tag-viajes-a-america-central","27":"product_tag-viajes-a-barbados","28":"product_tag-viajes-al-caribe","29":"product_tag-vuelo-y-hotel","30":"entry","31":"has-media","33":"first","34":"instock","35":"shipping-taxable","36":"purchasable","37":"product-type-simple"},"acf":[],"yoast_head":"<!-- This site is optimized with the Yoast SEO plugin v27.2 - https:\/\/yoast.com\/product\/yoast-seo-wordpress\/ -->\n<title>Barbados All Inclusive - El Kaminante<\/title>\n<meta name=\"robots\" content=\"index, follow, max-snippet:-1, max-image-preview:large, max-video-preview:-1\" \/>\n<link rel=\"canonical\" href=\"https:\/\/elkaminante.com.uy\/paquetes\/barbados-all-inclusive\/\" \/>\n<meta property=\"og:locale\" content=\"en_US\" \/>\n<meta property=\"og:type\" content=\"article\" \/>\n<meta property=\"og:title\" content=\"Barbados All Inclusive - El Kaminante\" \/>\n<meta property=\"og:description\" content=\"Cada lugar en Barbados tiene una historia, cada comida es una celebraci\u00f3n y cada d\u00eda promete nuevas experiencias, descubrimientos y recuerdos para toda la vida. La isla coralina de Barbados le ofrece m\u00e1s de 80 playas v\u00edrgenes de arena blanca, incluidas muchas que son reconocidas como las playas m\u00e1s hermosas del mundo.Principales atractivos tur\u00edsticos:Reserva Natural de Barbados en Bathsheba, la Iglesia de Sharon Moravian, la Cueva de Harrison, la estaci\u00f3n de se\u00f1al de Gun Hill, el Parque Nacional de Farley Hill y todas todas sus playas.\" \/>\n<meta property=\"og:url\" content=\"https:\/\/elkaminante.com.uy\/paquetes\/barbados-all-inclusive\/\" \/>\n<meta property=\"og:site_name\" content=\"El Kaminante\" \/>\n<meta property=\"article:modified_time\" content=\"2026-04-17T12:39:01+00:00\" \/>\n<meta name=\"twitter:card\" content=\"summary_large_image\" \/>\n<script type=\"application\/ld+json\" class=\"yoast-schema-graph\">{\"@context\":\"https:\/\/schema.org\",\"@graph\":[{\"@type\":\"WebPage\",\"@id\":\"https:\/\/elkaminante.com.uy\/paquetes\/barbados-all-inclusive\/\",\"url\":\"https:\/\/elkaminante.com.uy\/paquetes\/barbados-all-inclusive\/\",\"name\":\"Barbados All Inclusive - El Kaminante\",\"isPartOf\":{\"@id\":\"https:\/\/elkaminante.com.uy\/#website\"},\"primaryImageOfPage\":{\"@id\":\"https:\/\/elkaminante.com.uy\/paquetes\/barbados-all-inclusive\/#primaryimage\"},\"image\":{\"@id\":\"https:\/\/elkaminante.com.uy\/paquetes\/barbados-all-inclusive\/#primaryimage\"},\"thumbnailUrl\":\"https:\/\/elkaminante.com.uy\/wp-content\/uploads\/2025\/06\/PAQ314.webp\",\"datePublished\":\"2025-06-16T23:10:40+00:00\",\"dateModified\":\"2026-04-17T12:39:01+00:00\",\"breadcrumb\":{\"@id\":\"https:\/\/elkaminante.com.uy\/paquetes\/barbados-all-inclusive\/#breadcrumb\"},\"inLanguage\":\"en-US\",\"potentialAction\":[{\"@type\":\"ReadAction\",\"target\":[\"https:\/\/elkaminante.com.uy\/paquetes\/barbados-all-inclusive\/\"]}]},{\"@type\":\"ImageObject\",\"inLanguage\":\"en-US\",\"@id\":\"https:\/\/elkaminante.com.uy\/paquetes\/barbados-all-inclusive\/#primaryimage\",\"url\":\"https:\/\/elkaminante.com.uy\/wp-content\/uploads\/2025\/06\/PAQ314.webp\",\"contentUrl\":\"https:\/\/elkaminante.com.uy\/wp-content\/uploads\/2025\/06\/PAQ314.webp\",\"width\":800,\"height\":457},{\"@type\":\"BreadcrumbList\",\"@id\":\"https:\/\/elkaminante.com.uy\/paquetes\/barbados-all-inclusive\/#breadcrumb\",\"itemListElement\":[{\"@type\":\"ListItem\",\"position\":1,\"name\":\"Inicio\",\"item\":\"https:\/\/elkaminante.com.uy\/en\/\"},{\"@type\":\"ListItem\",\"position\":2,\"name\":\"Viajes por el mundo\",\"item\":\"https:\/\/elkaminante.com.uy\/en\/paquetes\/\"},{\"@type\":\"ListItem\",\"position\":3,\"name\":\"Barbados All Inclusive\"}]},{\"@type\":\"WebSite\",\"@id\":\"https:\/\/elkaminante.com.uy\/#website\",\"url\":\"https:\/\/elkaminante.com.uy\/\",\"name\":\"El Kaminante\",\"description\":\"Viajes &amp; Turismo\",\"publisher\":{\"@id\":\"https:\/\/elkaminante.com.uy\/#organization\"},\"potentialAction\":[{\"@type\":\"SearchAction\",\"target\":{\"@type\":\"EntryPoint\",\"urlTemplate\":\"https:\/\/elkaminante.com.uy\/?s={search_term_string}\"},\"query-input\":{\"@type\":\"PropertyValueSpecification\",\"valueRequired\":true,\"valueName\":\"search_term_string\"}}],\"inLanguage\":\"en-US\"},{\"@type\":\"Organization\",\"@id\":\"https:\/\/elkaminante.com.uy\/#organization\",\"name\":\"El Kaminante\",\"url\":\"https:\/\/elkaminante.com.uy\/\",\"logo\":{\"@type\":\"ImageObject\",\"inLanguage\":\"en-US\",\"@id\":\"https:\/\/elkaminante.com.uy\/#\/schema\/logo\/image\/\",\"url\":\"https:\/\/elkaminante.com.uy\/wp-content\/uploads\/2025\/02\/logo-elkaminante-blanco.svg\",\"contentUrl\":\"https:\/\/elkaminante.com.uy\/wp-content\/uploads\/2025\/02\/logo-elkaminante-blanco.svg\",\"caption\":\"El Kaminante\"},\"image\":{\"@id\":\"https:\/\/elkaminante.com.uy\/#\/schema\/logo\/image\/\"}}]}<\/script>\n<!-- \/ Yoast SEO plugin. -->","yoast_head_json":{"title":"Barbados All Inclusive - El Kaminante","robots":{"index":"index","follow":"follow","max-snippet":"max-snippet:-1","max-image-preview":"max-image-preview:large","max-video-preview":"max-video-preview:-1"},"canonical":"https:\/\/elkaminante.com.uy\/paquetes\/barbados-all-inclusive\/","og_locale":"en_US","og_type":"article","og_title":"Barbados All Inclusive - El Kaminante","og_description":"Cada lugar en Barbados tiene una historia, cada comida es una celebraci\u00f3n y cada d\u00eda promete nuevas experiencias, descubrimientos y recuerdos para toda la vida. La isla coralina de Barbados le ofrece m\u00e1s de 80 playas v\u00edrgenes de arena blanca, incluidas muchas que son reconocidas como las playas m\u00e1s hermosas del mundo.Principales atractivos tur\u00edsticos:Reserva Natural de Barbados en Bathsheba, la Iglesia de Sharon Moravian, la Cueva de Harrison, la estaci\u00f3n de se\u00f1al de Gun Hill, el Parque Nacional de Farley Hill y todas todas sus playas.","og_url":"https:\/\/elkaminante.com.uy\/paquetes\/barbados-all-inclusive\/","og_site_name":"El Kaminante","article_modified_time":"2026-04-17T12:39:01+00:00","twitter_card":"summary_large_image","schema":{"@context":"https:\/\/schema.org","@graph":[{"@type":"WebPage","@id":"https:\/\/elkaminante.com.uy\/paquetes\/barbados-all-inclusive\/","url":"https:\/\/elkaminante.com.uy\/paquetes\/barbados-all-inclusive\/","name":"Barbados All Inclusive - El Kaminante","isPartOf":{"@id":"https:\/\/elkaminante.com.uy\/#website"},"primaryImageOfPage":{"@id":"https:\/\/elkaminante.com.uy\/paquetes\/barbados-all-inclusive\/#primaryimage"},"image":{"@id":"https:\/\/elkaminante.com.uy\/paquetes\/barbados-all-inclusive\/#primaryimage"},"thumbnailUrl":"https:\/\/elkaminante.com.uy\/wp-content\/uploads\/2025\/06\/PAQ314.webp","datePublished":"2025-06-16T23:10:40+00:00","dateModified":"2026-04-17T12:39:01+00:00","breadcrumb":{"@id":"https:\/\/elkaminante.com.uy\/paquetes\/barbados-all-inclusive\/#breadcrumb"},"inLanguage":"en-US","potentialAction":[{"@type":"ReadAction","target":["https:\/\/elkaminante.com.uy\/paquetes\/barbados-all-inclusive\/"]}]},{"@type":"ImageObject","inLanguage":"en-US","@id":"https:\/\/elkaminante.com.uy\/paquetes\/barbados-all-inclusive\/#primaryimage","url":"https:\/\/elkaminante.com.uy\/wp-content\/uploads\/2025\/06\/PAQ314.webp","contentUrl":"https:\/\/elkaminante.com.uy\/wp-content\/uploads\/2025\/06\/PAQ314.webp","width":800,"height":457},{"@type":"BreadcrumbList","@id":"https:\/\/elkaminante.com.uy\/paquetes\/barbados-all-inclusive\/#breadcrumb","itemListElement":[{"@type":"ListItem","position":1,"name":"Inicio","item":"https:\/\/elkaminante.com.uy\/en\/"},{"@type":"ListItem","position":2,"name":"Viajes por el mundo","item":"https:\/\/elkaminante.com.uy\/en\/paquetes\/"},{"@type":"ListItem","position":3,"name":"Barbados All Inclusive"}]},{"@type":"WebSite","@id":"https:\/\/elkaminante.com.uy\/#website","url":"https:\/\/elkaminante.com.uy\/","name":"El Kaminante","description":"Viajes &amp; Turismo","publisher":{"@id":"https:\/\/elkaminante.com.uy\/#organization"},"potentialAction":[{"@type":"SearchAction","target":{"@type":"EntryPoint","urlTemplate":"https:\/\/elkaminante.com.uy\/?s={search_term_string}"},"query-input":{"@type":"PropertyValueSpecification","valueRequired":true,"valueName":"search_term_string"}}],"inLanguage":"en-US"},{"@type":"Organization","@id":"https:\/\/elkaminante.com.uy\/#organization","name":"El Kaminante","url":"https:\/\/elkaminante.com.uy\/","logo":{"@type":"ImageObject","inLanguage":"en-US","@id":"https:\/\/elkaminante.com.uy\/#\/schema\/logo\/image\/","url":"https:\/\/elkaminante.com.uy\/wp-content\/uploads\/2025\/02\/logo-elkaminante-blanco.svg","contentUrl":"https:\/\/elkaminante.com.uy\/wp-content\/uploads\/2025\/02\/logo-elkaminante-blanco.svg","caption":"El Kaminante"},"image":{"@id":"https:\/\/elkaminante.com.uy\/#\/schema\/logo\/image\/"}}]}},"_links":{"self":[{"href":"https:\/\/elkaminante.com.uy\/en\/wp-json\/wp\/v2\/product\/10567","targetHints":{"allow":["GET"]}}],"collection":[{"href":"https:\/\/elkaminante.com.uy\/en\/wp-json\/wp\/v2\/product"}],"about":[{"href":"https:\/\/elkaminante.com.uy\/en\/wp-json\/wp\/v2\/types\/product"}],"wp:featuredmedia":[{"embeddable":true,"href":"https:\/\/elkaminante.com.uy\/en\/wp-json\/wp\/v2\/media\/10565"}],"wp:attachment":[{"href":"https:\/\/elkaminante.com.uy\/en\/wp-json\/wp\/v2\/media?parent=10567"}],"wp:term":[{"taxonomy":"product_brand","embeddable":true,"href":"https:\/\/elkaminante.com.uy\/en\/wp-json\/wp\/v2\/product_brand?post=10567"},{"taxonomy":"product_cat","embeddable":true,"href":"https:\/\/elkaminante.com.uy\/en\/wp-json\/wp\/v2\/product_cat?post=10567"},{"taxonomy":"product_tag","embeddable":true,"href":"https:\/\/elkaminante.com.uy\/en\/wp-json\/wp\/v2\/product_tag?post=10567"}],"curies":[{"name":"wp","href":"https:\/\/api.w.org\/{rel}","templated":true}]}}