{"id":10564,"date":"2025-06-16T20:10:36","date_gmt":"2025-06-16T23:10:36","guid":{"rendered":"https:\/\/elkaminante.com.uy\/paquetes\/san-andres-all-inclusive\/"},"modified":"2026-04-17T09:39:01","modified_gmt":"2026-04-17T12:39:01","slug":"san-andres-all-inclusive","status":"publish","type":"product","link":"https:\/\/elkaminante.com.uy\/en\/paquetes\/san-andres-all-inclusive\/","title":{"rendered":"San Andres All Inclusive"},"content":{"rendered":"","protected":false},"excerpt":{"rendered":"<p>Unas de las mejores playas del Caribe, un mar azul pero que tambi\u00e9n es verde y de tonos lila, y gente llena de amabilidad\u2026 es uno de los encantos naturales de la Isla de <b>San Andr\u00e9s<\/b>, ubicada en el Caribe Colombiano. En este peque\u00f1o para\u00edso las influencias de ingleses, espa\u00f1oles, piratas y corsarios se mezclaron con el pueblo afro para dar como resultado una cultura de mucha riqueza. <i>Principales atractivos tur\u00edsticos:<\/i>las playas de Spratt Bright, Sound Bay, Cocoplum, Rocky Cay, Haynes Cay, Rose Cay, el Jard\u00edn Bot\u00e1nico, el Tour Mantarraya, el parque Westview, la Cueva de la Sirena y la Cueva del Pirata Morgan, entre otros.<\/p>\n","protected":false},"featured_media":10562,"template":"","meta":{"_acf_changed":false,"inline_featured_image":false},"product_brand":[],"product_cat":[28,1579],"product_tag":[173,88,34,329,557,2171,2116,2172,2074,65,91,330,554,177,553,3456,667,666,3775,61,89,2541,2542,665,2543,93,331,555,178,119],"class_list":{"0":"post-10564","1":"product","2":"type-product","3":"status-publish","4":"has-post-thumbnail","6":"product_cat-paquetes","7":"product_cat-uruguay","8":"product_tag-all-inclusive","9":"product_tag-america-del-sur","10":"product_tag-caribe","11":"product_tag-colombia","12":"product_tag-colombia-en-san-andres","13":"product_tag-colombia-en-setiembre","14":"product_tag-en-colombia","15":"product_tag-en-san-andres","16":"product_tag-en-setiembre","17":"product_tag-no-aplica","18":"product_tag-paquetes-a-america-del-sur","19":"product_tag-paquetes-a-colombia","20":"product_tag-paquetes-a-san-andres","21":"product_tag-paquetes-al-caribe","22":"product_tag-san-andres","23":"product_tag-san-andres-all-inclusive","24":"product_tag-septiembre","25":"product_tag-setiembre","26":"product_tag-setiembre-2026all-inclusive","27":"product_tag-sin-destino","28":"product_tag-sudamerica","29":"product_tag-vacaciones-de-primavera","30":"product_tag-vacaciones-de-septiembre","31":"product_tag-vacaciones-de-setiembre","32":"product_tag-vacaciones-primavera","33":"product_tag-viajes-a-america-del-sur","34":"product_tag-viajes-a-colombia","35":"product_tag-viajes-a-san-andres","36":"product_tag-viajes-al-caribe","37":"product_tag-vuelo-y-hotel","38":"entry","39":"has-media","41":"first","42":"instock","43":"shipping-taxable","44":"purchasable","45":"product-type-simple"},"acf":[],"yoast_head":"<!-- This site is optimized with the Yoast SEO plugin v27.2 - https:\/\/yoast.com\/product\/yoast-seo-wordpress\/ -->\n<title>San Andres All Inclusive - El Kaminante<\/title>\n<meta name=\"robots\" content=\"index, follow, max-snippet:-1, max-image-preview:large, max-video-preview:-1\" \/>\n<link rel=\"canonical\" href=\"https:\/\/elkaminante.com.uy\/paquetes\/san-andres-all-inclusive\/\" \/>\n<meta property=\"og:locale\" content=\"en_US\" \/>\n<meta property=\"og:type\" content=\"article\" \/>\n<meta property=\"og:title\" content=\"San Andres All Inclusive - El Kaminante\" \/>\n<meta property=\"og:description\" content=\"Unas de las mejores playas del Caribe, un mar azul pero que tambi\u00e9n es verde y de tonos lila, y gente llena de amabilidad\u2026 es uno de los encantos naturales de la Isla de San Andr\u00e9s, ubicada en el Caribe Colombiano. En este peque\u00f1o para\u00edso las influencias de ingleses, espa\u00f1oles, piratas y corsarios se mezclaron con el pueblo afro para dar como resultado una cultura de mucha riqueza. Principales atractivos tur\u00edsticos:las playas de Spratt Bright, Sound Bay, Cocoplum, Rocky Cay, Haynes Cay, Rose Cay, el Jard\u00edn Bot\u00e1nico, el Tour Mantarraya, el parque Westview, la Cueva de la Sirena y la Cueva del Pirata Morgan, entre otros.\" \/>\n<meta property=\"og:url\" content=\"https:\/\/elkaminante.com.uy\/paquetes\/san-andres-all-inclusive\/\" \/>\n<meta property=\"og:site_name\" content=\"El Kaminante\" \/>\n<meta property=\"article:modified_time\" content=\"2026-04-17T12:39:01+00:00\" \/>\n<meta property=\"og:image\" content=\"https:\/\/elkaminante.com.uy\/wp-content\/uploads\/2025\/06\/PAQ313.webp\" \/>\n\t<meta property=\"og:image:width\" content=\"800\" \/>\n\t<meta property=\"og:image:height\" content=\"457\" \/>\n\t<meta property=\"og:image:type\" content=\"image\/webp\" \/>\n<meta name=\"twitter:card\" content=\"summary_large_image\" \/>\n<script type=\"application\/ld+json\" class=\"yoast-schema-graph\">{\"@context\":\"https:\/\/schema.org\",\"@graph\":[{\"@type\":\"WebPage\",\"@id\":\"https:\/\/elkaminante.com.uy\/paquetes\/san-andres-all-inclusive\/\",\"url\":\"https:\/\/elkaminante.com.uy\/paquetes\/san-andres-all-inclusive\/\",\"name\":\"San Andres All Inclusive - El Kaminante\",\"isPartOf\":{\"@id\":\"https:\/\/elkaminante.com.uy\/#website\"},\"primaryImageOfPage\":{\"@id\":\"https:\/\/elkaminante.com.uy\/paquetes\/san-andres-all-inclusive\/#primaryimage\"},\"image\":{\"@id\":\"https:\/\/elkaminante.com.uy\/paquetes\/san-andres-all-inclusive\/#primaryimage\"},\"thumbnailUrl\":\"https:\/\/elkaminante.com.uy\/wp-content\/uploads\/2025\/06\/PAQ313.webp\",\"datePublished\":\"2025-06-16T23:10:36+00:00\",\"dateModified\":\"2026-04-17T12:39:01+00:00\",\"breadcrumb\":{\"@id\":\"https:\/\/elkaminante.com.uy\/paquetes\/san-andres-all-inclusive\/#breadcrumb\"},\"inLanguage\":\"en-US\",\"potentialAction\":[{\"@type\":\"ReadAction\",\"target\":[\"https:\/\/elkaminante.com.uy\/paquetes\/san-andres-all-inclusive\/\"]}]},{\"@type\":\"ImageObject\",\"inLanguage\":\"en-US\",\"@id\":\"https:\/\/elkaminante.com.uy\/paquetes\/san-andres-all-inclusive\/#primaryimage\",\"url\":\"https:\/\/elkaminante.com.uy\/wp-content\/uploads\/2025\/06\/PAQ313.webp\",\"contentUrl\":\"https:\/\/elkaminante.com.uy\/wp-content\/uploads\/2025\/06\/PAQ313.webp\",\"width\":800,\"height\":457},{\"@type\":\"BreadcrumbList\",\"@id\":\"https:\/\/elkaminante.com.uy\/paquetes\/san-andres-all-inclusive\/#breadcrumb\",\"itemListElement\":[{\"@type\":\"ListItem\",\"position\":1,\"name\":\"Inicio\",\"item\":\"https:\/\/elkaminante.com.uy\/en\/\"},{\"@type\":\"ListItem\",\"position\":2,\"name\":\"Viajes por el mundo\",\"item\":\"https:\/\/elkaminante.com.uy\/en\/paquetes\/\"},{\"@type\":\"ListItem\",\"position\":3,\"name\":\"San Andres All Inclusive\"}]},{\"@type\":\"WebSite\",\"@id\":\"https:\/\/elkaminante.com.uy\/#website\",\"url\":\"https:\/\/elkaminante.com.uy\/\",\"name\":\"El Kaminante\",\"description\":\"Viajes &amp; Turismo\",\"publisher\":{\"@id\":\"https:\/\/elkaminante.com.uy\/#organization\"},\"potentialAction\":[{\"@type\":\"SearchAction\",\"target\":{\"@type\":\"EntryPoint\",\"urlTemplate\":\"https:\/\/elkaminante.com.uy\/?s={search_term_string}\"},\"query-input\":{\"@type\":\"PropertyValueSpecification\",\"valueRequired\":true,\"valueName\":\"search_term_string\"}}],\"inLanguage\":\"en-US\"},{\"@type\":\"Organization\",\"@id\":\"https:\/\/elkaminante.com.uy\/#organization\",\"name\":\"El Kaminante\",\"url\":\"https:\/\/elkaminante.com.uy\/\",\"logo\":{\"@type\":\"ImageObject\",\"inLanguage\":\"en-US\",\"@id\":\"https:\/\/elkaminante.com.uy\/#\/schema\/logo\/image\/\",\"url\":\"https:\/\/elkaminante.com.uy\/wp-content\/uploads\/2025\/02\/logo-elkaminante-blanco.svg\",\"contentUrl\":\"https:\/\/elkaminante.com.uy\/wp-content\/uploads\/2025\/02\/logo-elkaminante-blanco.svg\",\"caption\":\"El Kaminante\"},\"image\":{\"@id\":\"https:\/\/elkaminante.com.uy\/#\/schema\/logo\/image\/\"}}]}<\/script>\n<!-- \/ Yoast SEO plugin. -->","yoast_head_json":{"title":"San Andres All Inclusive - El Kaminante","robots":{"index":"index","follow":"follow","max-snippet":"max-snippet:-1","max-image-preview":"max-image-preview:large","max-video-preview":"max-video-preview:-1"},"canonical":"https:\/\/elkaminante.com.uy\/paquetes\/san-andres-all-inclusive\/","og_locale":"en_US","og_type":"article","og_title":"San Andres All Inclusive - El Kaminante","og_description":"Unas de las mejores playas del Caribe, un mar azul pero que tambi\u00e9n es verde y de tonos lila, y gente llena de amabilidad\u2026 es uno de los encantos naturales de la Isla de San Andr\u00e9s, ubicada en el Caribe Colombiano. En este peque\u00f1o para\u00edso las influencias de ingleses, espa\u00f1oles, piratas y corsarios se mezclaron con el pueblo afro para dar como resultado una cultura de mucha riqueza. Principales atractivos tur\u00edsticos:las playas de Spratt Bright, Sound Bay, Cocoplum, Rocky Cay, Haynes Cay, Rose Cay, el Jard\u00edn Bot\u00e1nico, el Tour Mantarraya, el parque Westview, la Cueva de la Sirena y la Cueva del Pirata Morgan, entre otros.","og_url":"https:\/\/elkaminante.com.uy\/paquetes\/san-andres-all-inclusive\/","og_site_name":"El Kaminante","article_modified_time":"2026-04-17T12:39:01+00:00","og_image":[{"width":800,"height":457,"url":"https:\/\/elkaminante.com.uy\/wp-content\/uploads\/2025\/06\/PAQ313.webp","type":"image\/webp"}],"twitter_card":"summary_large_image","schema":{"@context":"https:\/\/schema.org","@graph":[{"@type":"WebPage","@id":"https:\/\/elkaminante.com.uy\/paquetes\/san-andres-all-inclusive\/","url":"https:\/\/elkaminante.com.uy\/paquetes\/san-andres-all-inclusive\/","name":"San Andres All Inclusive - El Kaminante","isPartOf":{"@id":"https:\/\/elkaminante.com.uy\/#website"},"primaryImageOfPage":{"@id":"https:\/\/elkaminante.com.uy\/paquetes\/san-andres-all-inclusive\/#primaryimage"},"image":{"@id":"https:\/\/elkaminante.com.uy\/paquetes\/san-andres-all-inclusive\/#primaryimage"},"thumbnailUrl":"https:\/\/elkaminante.com.uy\/wp-content\/uploads\/2025\/06\/PAQ313.webp","datePublished":"2025-06-16T23:10:36+00:00","dateModified":"2026-04-17T12:39:01+00:00","breadcrumb":{"@id":"https:\/\/elkaminante.com.uy\/paquetes\/san-andres-all-inclusive\/#breadcrumb"},"inLanguage":"en-US","potentialAction":[{"@type":"ReadAction","target":["https:\/\/elkaminante.com.uy\/paquetes\/san-andres-all-inclusive\/"]}]},{"@type":"ImageObject","inLanguage":"en-US","@id":"https:\/\/elkaminante.com.uy\/paquetes\/san-andres-all-inclusive\/#primaryimage","url":"https:\/\/elkaminante.com.uy\/wp-content\/uploads\/2025\/06\/PAQ313.webp","contentUrl":"https:\/\/elkaminante.com.uy\/wp-content\/uploads\/2025\/06\/PAQ313.webp","width":800,"height":457},{"@type":"BreadcrumbList","@id":"https:\/\/elkaminante.com.uy\/paquetes\/san-andres-all-inclusive\/#breadcrumb","itemListElement":[{"@type":"ListItem","position":1,"name":"Inicio","item":"https:\/\/elkaminante.com.uy\/en\/"},{"@type":"ListItem","position":2,"name":"Viajes por el mundo","item":"https:\/\/elkaminante.com.uy\/en\/paquetes\/"},{"@type":"ListItem","position":3,"name":"San Andres All Inclusive"}]},{"@type":"WebSite","@id":"https:\/\/elkaminante.com.uy\/#website","url":"https:\/\/elkaminante.com.uy\/","name":"El Kaminante","description":"Viajes &amp; Turismo","publisher":{"@id":"https:\/\/elkaminante.com.uy\/#organization"},"potentialAction":[{"@type":"SearchAction","target":{"@type":"EntryPoint","urlTemplate":"https:\/\/elkaminante.com.uy\/?s={search_term_string}"},"query-input":{"@type":"PropertyValueSpecification","valueRequired":true,"valueName":"search_term_string"}}],"inLanguage":"en-US"},{"@type":"Organization","@id":"https:\/\/elkaminante.com.uy\/#organization","name":"El Kaminante","url":"https:\/\/elkaminante.com.uy\/","logo":{"@type":"ImageObject","inLanguage":"en-US","@id":"https:\/\/elkaminante.com.uy\/#\/schema\/logo\/image\/","url":"https:\/\/elkaminante.com.uy\/wp-content\/uploads\/2025\/02\/logo-elkaminante-blanco.svg","contentUrl":"https:\/\/elkaminante.com.uy\/wp-content\/uploads\/2025\/02\/logo-elkaminante-blanco.svg","caption":"El Kaminante"},"image":{"@id":"https:\/\/elkaminante.com.uy\/#\/schema\/logo\/image\/"}}]}},"_links":{"self":[{"href":"https:\/\/elkaminante.com.uy\/en\/wp-json\/wp\/v2\/product\/10564","targetHints":{"allow":["GET"]}}],"collection":[{"href":"https:\/\/elkaminante.com.uy\/en\/wp-json\/wp\/v2\/product"}],"about":[{"href":"https:\/\/elkaminante.com.uy\/en\/wp-json\/wp\/v2\/types\/product"}],"wp:featuredmedia":[{"embeddable":true,"href":"https:\/\/elkaminante.com.uy\/en\/wp-json\/wp\/v2\/media\/10562"}],"wp:attachment":[{"href":"https:\/\/elkaminante.com.uy\/en\/wp-json\/wp\/v2\/media?parent=10564"}],"wp:term":[{"taxonomy":"product_brand","embeddable":true,"href":"https:\/\/elkaminante.com.uy\/en\/wp-json\/wp\/v2\/product_brand?post=10564"},{"taxonomy":"product_cat","embeddable":true,"href":"https:\/\/elkaminante.com.uy\/en\/wp-json\/wp\/v2\/product_cat?post=10564"},{"taxonomy":"product_tag","embeddable":true,"href":"https:\/\/elkaminante.com.uy\/en\/wp-json\/wp\/v2\/product_tag?post=10564"}],"curies":[{"name":"wp","href":"https:\/\/api.w.org\/{rel}","templated":true}]}}