{"id":10547,"date":"2025-06-16T20:10:27","date_gmt":"2025-06-16T23:10:27","guid":{"rendered":"https:\/\/elkaminante.com.uy\/paquetes\/ushuaia-el-calafate\/"},"modified":"2026-04-17T09:39:01","modified_gmt":"2026-04-17T12:39:01","slug":"ushuaia-el-calafate","status":"publish","type":"product","link":"https:\/\/elkaminante.com.uy\/en\/paquetes\/ushuaia-el-calafate\/","title":{"rendered":"Ushuaia &#038; El Calafate"},"content":{"rendered":"","protected":false},"excerpt":{"rendered":"<p><b>Ushuaia<\/b> se encuentra al final de la Patagonia austral, es el extremo sur de la Argentina, el fin del mundo o como la llaman algunos: el principio de todo. Est\u00e1 rodeada por el mar y por la cordillera; desde donde te pares pod\u00e9s llegar a ver alguno de los dos y sorprenderte con los colores y la inmensidad de la naturaleza presente en la ciudad. Como capital de la Provincia de Tierra del Fuego, Ant\u00e1rtida e Islas del Atl\u00e1ntico Sur, Ushuaia es algo m\u00e1s que sus paisajes de valles glaciarios, turberas y bosques milenarios. La ciudad ofrece recorridos urbanos y lugares para disfrutar de la cultura, la gastronom\u00eda y as\u00ed adentrarse en la historia de este m\u00edtico rinc\u00f3n del mundo. <i>Principales atractivos tur\u00edsticos:<\/i>la costanera, la Reserva Natural Urbana Bah\u00eda Encerrada, el Saint Christopher, el Memorial de las Islas Malvinas, el Paseo de las Rosas, el Paseo Pioneros Ant\u00e1rticos y el Parque Nacional Tierra del Fuego, entre otros.<\/p>\n<p>La localidad de <b>El Calafate<\/b> se encuentra ubicada sobre la margen sur del Lago Argentino, y es \u00fanico punto de acceso al Glaciar Perito Moreno, declarado Patrimonio de la Humanidad. \u00c9sta ciudad comparte con la ciudad del El Chalt\u00e9n el Parque Nacional los Glaciares el cual resguarda glaciares reconocidos internacionalmente y al mismo tiempo ofrece la mayor diversidad de actividades en Santa Cruz. All\u00ed se podr\u00e1 practicar desde trekking sobre el glaciar, navegaciones, visitas a pasarelas, hasta actividades de aventura en 4&#215;4 y cabalgatas. En la ciudad se encuentran museos, bares de hielo, chocolater\u00edas. Aqu\u00ed la gastronom\u00eda tradicional tiene un importante desarrollo y el elemento emblem\u00e1tico es el cordero patag\u00f3nico, un plato que no pueden dejar de degustar.<\/p>\n","protected":false},"featured_media":10545,"template":"","meta":{"_acf_changed":false,"inline_featured_image":false},"product_brand":[],"product_cat":[28,1579],"product_tag":[562,3784,88,36,1644,479,1641,1642,64,497,568,2134,2151,65,393,91,407,498,476,61,89,3282,475,3454,93,408,499,477,119],"class_list":{"0":"post-10547","1":"product","2":"type-product","3":"status-publish","4":"has-post-thumbnail","6":"product_cat-paquetes","7":"product_cat-uruguay","8":"product_tag-agosto","9":"product_tag-agosto-2026","10":"product_tag-america-del-sur","11":"product_tag-argentina","12":"product_tag-argentina-en-agosto","13":"product_tag-argentina-en-ushuaia","14":"product_tag-ciudad","15":"product_tag-cultural","16":"product_tag-desayuno","17":"product_tag-el-calafate","18":"product_tag-en-agosto","19":"product_tag-en-argentina","20":"product_tag-en-ushuaia","21":"product_tag-no-aplica","22":"product_tag-otros-destinos","23":"product_tag-paquetes-a-america-del-sur","24":"product_tag-paquetes-a-argentina","25":"product_tag-paquetes-a-el-calafate","26":"product_tag-paquetes-a-ushuaia","27":"product_tag-sin-destino","28":"product_tag-sudamerica","29":"product_tag-temporada-baja","30":"product_tag-ushuaia","31":"product_tag-ushuaia-el-calafate","32":"product_tag-viajes-a-america-del-sur","33":"product_tag-viajes-a-argentina","34":"product_tag-viajes-a-el-calafate","35":"product_tag-viajes-a-ushuaia","36":"product_tag-vuelo-y-hotel","37":"entry","38":"has-media","40":"first","41":"instock","42":"shipping-taxable","43":"purchasable","44":"product-type-simple"},"acf":[],"yoast_head":"<!-- This site is optimized with the Yoast SEO plugin v27.2 - https:\/\/yoast.com\/product\/yoast-seo-wordpress\/ -->\n<title>Ushuaia &amp; El Calafate - El Kaminante<\/title>\n<meta name=\"robots\" content=\"index, follow, max-snippet:-1, max-image-preview:large, max-video-preview:-1\" \/>\n<link rel=\"canonical\" href=\"https:\/\/elkaminante.com.uy\/paquetes\/ushuaia-el-calafate\/\" \/>\n<meta property=\"og:locale\" content=\"en_US\" \/>\n<meta property=\"og:type\" content=\"article\" \/>\n<meta property=\"og:title\" content=\"Ushuaia &amp; El Calafate - El Kaminante\" \/>\n<meta property=\"og:description\" content=\"Ushuaia se encuentra al final de la Patagonia austral, es el extremo sur de la Argentina, el fin del mundo o como la llaman algunos: el principio de todo. Est\u00e1 rodeada por el mar y por la cordillera; desde donde te pares pod\u00e9s llegar a ver alguno de los dos y sorprenderte con los colores y la inmensidad de la naturaleza presente en la ciudad. Como capital de la Provincia de Tierra del Fuego, Ant\u00e1rtida e Islas del Atl\u00e1ntico Sur, Ushuaia es algo m\u00e1s que sus paisajes de valles glaciarios, turberas y bosques milenarios. La ciudad ofrece recorridos urbanos y lugares para disfrutar de la cultura, la gastronom\u00eda y as\u00ed adentrarse en la historia de este m\u00edtico rinc\u00f3n del mundo. Principales atractivos tur\u00edsticos:la costanera, la Reserva Natural Urbana Bah\u00eda Encerrada, el Saint Christopher, el Memorial de las Islas Malvinas, el Paseo de las Rosas, el Paseo Pioneros Ant\u00e1rticos y el Parque Nacional Tierra del Fuego, entre otros.La localidad de El Calafate se encuentra ubicada sobre la margen sur del Lago Argentino, y es \u00fanico punto de acceso al Glaciar Perito Moreno, declarado Patrimonio de la Humanidad. \u00c9sta ciudad comparte con la ciudad del El Chalt\u00e9n el Parque Nacional los Glaciares el cual resguarda glaciares reconocidos internacionalmente y al mismo tiempo ofrece la mayor diversidad de actividades en Santa Cruz. All\u00ed se podr\u00e1 practicar desde trekking sobre el glaciar, navegaciones, visitas a pasarelas, hasta actividades de aventura en 4x4 y cabalgatas. En la ciudad se encuentran museos, bares de hielo, chocolater\u00edas. Aqu\u00ed la gastronom\u00eda tradicional tiene un importante desarrollo y el elemento emblem\u00e1tico es el cordero patag\u00f3nico, un plato que no pueden dejar de degustar.\" \/>\n<meta property=\"og:url\" content=\"https:\/\/elkaminante.com.uy\/paquetes\/ushuaia-el-calafate\/\" \/>\n<meta property=\"og:site_name\" content=\"El Kaminante\" \/>\n<meta property=\"article:modified_time\" content=\"2026-04-17T12:39:01+00:00\" \/>\n<meta property=\"og:image\" content=\"https:\/\/elkaminante.com.uy\/wp-content\/uploads\/2025\/06\/PAQ310.webp\" \/>\n\t<meta property=\"og:image:width\" content=\"800\" \/>\n\t<meta property=\"og:image:height\" content=\"457\" \/>\n\t<meta property=\"og:image:type\" content=\"image\/webp\" \/>\n<meta name=\"twitter:card\" content=\"summary_large_image\" \/>\n<script type=\"application\/ld+json\" class=\"yoast-schema-graph\">{\"@context\":\"https:\/\/schema.org\",\"@graph\":[{\"@type\":\"WebPage\",\"@id\":\"https:\/\/elkaminante.com.uy\/paquetes\/ushuaia-el-calafate\/\",\"url\":\"https:\/\/elkaminante.com.uy\/paquetes\/ushuaia-el-calafate\/\",\"name\":\"Ushuaia & El Calafate - El Kaminante\",\"isPartOf\":{\"@id\":\"https:\/\/elkaminante.com.uy\/#website\"},\"primaryImageOfPage\":{\"@id\":\"https:\/\/elkaminante.com.uy\/paquetes\/ushuaia-el-calafate\/#primaryimage\"},\"image\":{\"@id\":\"https:\/\/elkaminante.com.uy\/paquetes\/ushuaia-el-calafate\/#primaryimage\"},\"thumbnailUrl\":\"https:\/\/elkaminante.com.uy\/wp-content\/uploads\/2025\/06\/PAQ310.webp\",\"datePublished\":\"2025-06-16T23:10:27+00:00\",\"dateModified\":\"2026-04-17T12:39:01+00:00\",\"breadcrumb\":{\"@id\":\"https:\/\/elkaminante.com.uy\/paquetes\/ushuaia-el-calafate\/#breadcrumb\"},\"inLanguage\":\"en-US\",\"potentialAction\":[{\"@type\":\"ReadAction\",\"target\":[\"https:\/\/elkaminante.com.uy\/paquetes\/ushuaia-el-calafate\/\"]}]},{\"@type\":\"ImageObject\",\"inLanguage\":\"en-US\",\"@id\":\"https:\/\/elkaminante.com.uy\/paquetes\/ushuaia-el-calafate\/#primaryimage\",\"url\":\"https:\/\/elkaminante.com.uy\/wp-content\/uploads\/2025\/06\/PAQ310.webp\",\"contentUrl\":\"https:\/\/elkaminante.com.uy\/wp-content\/uploads\/2025\/06\/PAQ310.webp\",\"width\":800,\"height\":457},{\"@type\":\"BreadcrumbList\",\"@id\":\"https:\/\/elkaminante.com.uy\/paquetes\/ushuaia-el-calafate\/#breadcrumb\",\"itemListElement\":[{\"@type\":\"ListItem\",\"position\":1,\"name\":\"Inicio\",\"item\":\"https:\/\/elkaminante.com.uy\/en\/\"},{\"@type\":\"ListItem\",\"position\":2,\"name\":\"Viajes por el mundo\",\"item\":\"https:\/\/elkaminante.com.uy\/en\/paquetes\/\"},{\"@type\":\"ListItem\",\"position\":3,\"name\":\"Ushuaia &#038; El Calafate\"}]},{\"@type\":\"WebSite\",\"@id\":\"https:\/\/elkaminante.com.uy\/#website\",\"url\":\"https:\/\/elkaminante.com.uy\/\",\"name\":\"El Kaminante\",\"description\":\"Viajes &amp; Turismo\",\"publisher\":{\"@id\":\"https:\/\/elkaminante.com.uy\/#organization\"},\"potentialAction\":[{\"@type\":\"SearchAction\",\"target\":{\"@type\":\"EntryPoint\",\"urlTemplate\":\"https:\/\/elkaminante.com.uy\/?s={search_term_string}\"},\"query-input\":{\"@type\":\"PropertyValueSpecification\",\"valueRequired\":true,\"valueName\":\"search_term_string\"}}],\"inLanguage\":\"en-US\"},{\"@type\":\"Organization\",\"@id\":\"https:\/\/elkaminante.com.uy\/#organization\",\"name\":\"El Kaminante\",\"url\":\"https:\/\/elkaminante.com.uy\/\",\"logo\":{\"@type\":\"ImageObject\",\"inLanguage\":\"en-US\",\"@id\":\"https:\/\/elkaminante.com.uy\/#\/schema\/logo\/image\/\",\"url\":\"https:\/\/elkaminante.com.uy\/wp-content\/uploads\/2025\/02\/logo-elkaminante-blanco.svg\",\"contentUrl\":\"https:\/\/elkaminante.com.uy\/wp-content\/uploads\/2025\/02\/logo-elkaminante-blanco.svg\",\"caption\":\"El Kaminante\"},\"image\":{\"@id\":\"https:\/\/elkaminante.com.uy\/#\/schema\/logo\/image\/\"}}]}<\/script>\n<!-- \/ Yoast SEO plugin. -->","yoast_head_json":{"title":"Ushuaia & El Calafate - El Kaminante","robots":{"index":"index","follow":"follow","max-snippet":"max-snippet:-1","max-image-preview":"max-image-preview:large","max-video-preview":"max-video-preview:-1"},"canonical":"https:\/\/elkaminante.com.uy\/paquetes\/ushuaia-el-calafate\/","og_locale":"en_US","og_type":"article","og_title":"Ushuaia & El Calafate - El Kaminante","og_description":"Ushuaia se encuentra al final de la Patagonia austral, es el extremo sur de la Argentina, el fin del mundo o como la llaman algunos: el principio de todo. Est\u00e1 rodeada por el mar y por la cordillera; desde donde te pares pod\u00e9s llegar a ver alguno de los dos y sorprenderte con los colores y la inmensidad de la naturaleza presente en la ciudad. Como capital de la Provincia de Tierra del Fuego, Ant\u00e1rtida e Islas del Atl\u00e1ntico Sur, Ushuaia es algo m\u00e1s que sus paisajes de valles glaciarios, turberas y bosques milenarios. La ciudad ofrece recorridos urbanos y lugares para disfrutar de la cultura, la gastronom\u00eda y as\u00ed adentrarse en la historia de este m\u00edtico rinc\u00f3n del mundo. Principales atractivos tur\u00edsticos:la costanera, la Reserva Natural Urbana Bah\u00eda Encerrada, el Saint Christopher, el Memorial de las Islas Malvinas, el Paseo de las Rosas, el Paseo Pioneros Ant\u00e1rticos y el Parque Nacional Tierra del Fuego, entre otros.La localidad de El Calafate se encuentra ubicada sobre la margen sur del Lago Argentino, y es \u00fanico punto de acceso al Glaciar Perito Moreno, declarado Patrimonio de la Humanidad. \u00c9sta ciudad comparte con la ciudad del El Chalt\u00e9n el Parque Nacional los Glaciares el cual resguarda glaciares reconocidos internacionalmente y al mismo tiempo ofrece la mayor diversidad de actividades en Santa Cruz. All\u00ed se podr\u00e1 practicar desde trekking sobre el glaciar, navegaciones, visitas a pasarelas, hasta actividades de aventura en 4x4 y cabalgatas. En la ciudad se encuentran museos, bares de hielo, chocolater\u00edas. Aqu\u00ed la gastronom\u00eda tradicional tiene un importante desarrollo y el elemento emblem\u00e1tico es el cordero patag\u00f3nico, un plato que no pueden dejar de degustar.","og_url":"https:\/\/elkaminante.com.uy\/paquetes\/ushuaia-el-calafate\/","og_site_name":"El Kaminante","article_modified_time":"2026-04-17T12:39:01+00:00","og_image":[{"width":800,"height":457,"url":"https:\/\/elkaminante.com.uy\/wp-content\/uploads\/2025\/06\/PAQ310.webp","type":"image\/webp"}],"twitter_card":"summary_large_image","schema":{"@context":"https:\/\/schema.org","@graph":[{"@type":"WebPage","@id":"https:\/\/elkaminante.com.uy\/paquetes\/ushuaia-el-calafate\/","url":"https:\/\/elkaminante.com.uy\/paquetes\/ushuaia-el-calafate\/","name":"Ushuaia & El Calafate - El Kaminante","isPartOf":{"@id":"https:\/\/elkaminante.com.uy\/#website"},"primaryImageOfPage":{"@id":"https:\/\/elkaminante.com.uy\/paquetes\/ushuaia-el-calafate\/#primaryimage"},"image":{"@id":"https:\/\/elkaminante.com.uy\/paquetes\/ushuaia-el-calafate\/#primaryimage"},"thumbnailUrl":"https:\/\/elkaminante.com.uy\/wp-content\/uploads\/2025\/06\/PAQ310.webp","datePublished":"2025-06-16T23:10:27+00:00","dateModified":"2026-04-17T12:39:01+00:00","breadcrumb":{"@id":"https:\/\/elkaminante.com.uy\/paquetes\/ushuaia-el-calafate\/#breadcrumb"},"inLanguage":"en-US","potentialAction":[{"@type":"ReadAction","target":["https:\/\/elkaminante.com.uy\/paquetes\/ushuaia-el-calafate\/"]}]},{"@type":"ImageObject","inLanguage":"en-US","@id":"https:\/\/elkaminante.com.uy\/paquetes\/ushuaia-el-calafate\/#primaryimage","url":"https:\/\/elkaminante.com.uy\/wp-content\/uploads\/2025\/06\/PAQ310.webp","contentUrl":"https:\/\/elkaminante.com.uy\/wp-content\/uploads\/2025\/06\/PAQ310.webp","width":800,"height":457},{"@type":"BreadcrumbList","@id":"https:\/\/elkaminante.com.uy\/paquetes\/ushuaia-el-calafate\/#breadcrumb","itemListElement":[{"@type":"ListItem","position":1,"name":"Inicio","item":"https:\/\/elkaminante.com.uy\/en\/"},{"@type":"ListItem","position":2,"name":"Viajes por el mundo","item":"https:\/\/elkaminante.com.uy\/en\/paquetes\/"},{"@type":"ListItem","position":3,"name":"Ushuaia &#038; El Calafate"}]},{"@type":"WebSite","@id":"https:\/\/elkaminante.com.uy\/#website","url":"https:\/\/elkaminante.com.uy\/","name":"El Kaminante","description":"Viajes &amp; Turismo","publisher":{"@id":"https:\/\/elkaminante.com.uy\/#organization"},"potentialAction":[{"@type":"SearchAction","target":{"@type":"EntryPoint","urlTemplate":"https:\/\/elkaminante.com.uy\/?s={search_term_string}"},"query-input":{"@type":"PropertyValueSpecification","valueRequired":true,"valueName":"search_term_string"}}],"inLanguage":"en-US"},{"@type":"Organization","@id":"https:\/\/elkaminante.com.uy\/#organization","name":"El Kaminante","url":"https:\/\/elkaminante.com.uy\/","logo":{"@type":"ImageObject","inLanguage":"en-US","@id":"https:\/\/elkaminante.com.uy\/#\/schema\/logo\/image\/","url":"https:\/\/elkaminante.com.uy\/wp-content\/uploads\/2025\/02\/logo-elkaminante-blanco.svg","contentUrl":"https:\/\/elkaminante.com.uy\/wp-content\/uploads\/2025\/02\/logo-elkaminante-blanco.svg","caption":"El Kaminante"},"image":{"@id":"https:\/\/elkaminante.com.uy\/#\/schema\/logo\/image\/"}}]}},"_links":{"self":[{"href":"https:\/\/elkaminante.com.uy\/en\/wp-json\/wp\/v2\/product\/10547","targetHints":{"allow":["GET"]}}],"collection":[{"href":"https:\/\/elkaminante.com.uy\/en\/wp-json\/wp\/v2\/product"}],"about":[{"href":"https:\/\/elkaminante.com.uy\/en\/wp-json\/wp\/v2\/types\/product"}],"wp:featuredmedia":[{"embeddable":true,"href":"https:\/\/elkaminante.com.uy\/en\/wp-json\/wp\/v2\/media\/10545"}],"wp:attachment":[{"href":"https:\/\/elkaminante.com.uy\/en\/wp-json\/wp\/v2\/media?parent=10547"}],"wp:term":[{"taxonomy":"product_brand","embeddable":true,"href":"https:\/\/elkaminante.com.uy\/en\/wp-json\/wp\/v2\/product_brand?post=10547"},{"taxonomy":"product_cat","embeddable":true,"href":"https:\/\/elkaminante.com.uy\/en\/wp-json\/wp\/v2\/product_cat?post=10547"},{"taxonomy":"product_tag","embeddable":true,"href":"https:\/\/elkaminante.com.uy\/en\/wp-json\/wp\/v2\/product_tag?post=10547"}],"curies":[{"name":"wp","href":"https:\/\/api.w.org\/{rel}","templated":true}]}}