{"id":10544,"date":"2025-06-16T20:10:26","date_gmt":"2025-06-16T23:10:26","guid":{"rendered":"https:\/\/elkaminante.com.uy\/paquetes\/nueva-york-low-cost\/"},"modified":"2026-04-17T09:39:01","modified_gmt":"2026-04-17T12:39:01","slug":"nueva-york-low-cost","status":"publish","type":"product","link":"https:\/\/elkaminante.com.uy\/en\/paquetes\/nueva-york-low-cost\/","title":{"rendered":"Nueva York Low Cost"},"content":{"rendered":"","protected":false},"excerpt":{"rendered":"<p><b>Nueva York<\/b>, en Estados Unidos, se ha convertido en los \u00faltimos a\u00f1os y por m\u00e9ritos propios en la capital econ\u00f3mica y cultural m\u00e1s importante del mundo. La ciudad ofrece un ambiente y un estilo de vida \u00fanico dif\u00edciles de explicar en unas l\u00edneas: hay que vivirlo y disfrutarlo. Asistir a un musical en Broadway, pasar una noche en Times Square, recorrer de un lado a otro el Puente de Brooklyn, disfrutar de una tarde de compras en la Quinta Avenida o sentirte como un broker en Wall Street, son algunas de las cosas que s\u00f3lo se pueden hacer en Nueva York. Arte, arquitectura, gastronom\u00eda del mundo, compras, entretenimiento y un sin fin de actividades en la ciudad que realmente \u201cnunca duerme\u201d. <i>Principales atractivos tur\u00edsticos:<\/i>el Museo Metropolitano, el Museo de Arte Moderno, el Museo Guggenheim, la Catedral de Nueva York, la Iglesia Memorial Judson, el Memorial del 11S, la Estatua de la Libertad, el Empire State, el City Hall, Broadway, la Quinta Avenida, Wall Street, el Central Park, Bryant Park, Times Square, el Opera House, Chinatown, la High Line, el Top of The Rock, el puente de Brooklyn, The Vessel y los claustros entre otros.<\/p>\n","protected":false},"featured_media":10542,"template":"","meta":{"_acf_changed":false,"inline_featured_image":false},"product_brand":[],"product_cat":[28,1579],"product_tag":[70,68,2093,2018,2092,67,1175,253,245,278,2462,65,71,244,3453,393,73,246,248,120,61,3282,69,75,247,249,119],"class_list":{"0":"post-10544","1":"product","2":"type-product","3":"status-publish","4":"has-post-thumbnail","6":"product_cat-paquetes","7":"product_cat-uruguay","8":"product_tag-america-del-norte","9":"product_tag-eeuu","10":"product_tag-en-estados-unidos","11":"product_tag-en-mayo","12":"product_tag-en-nueva-york","13":"product_tag-estados-unidos","14":"product_tag-estados-unidos-en-mayo","15":"product_tag-estados-unidos-en-nueva-york","16":"product_tag-junio","17":"product_tag-mayo","18":"product_tag-mayo-junio-2026","19":"product_tag-no-aplica","20":"product_tag-norte-america","21":"product_tag-nueva-york","22":"product_tag-nueva-york-low-cost","23":"product_tag-otros-destinos","24":"product_tag-paquetes-a-america-del-norte","25":"product_tag-paquetes-a-estados-unidos","26":"product_tag-paquetes-a-nueva-york","27":"product_tag-sin-comidas","28":"product_tag-sin-destino","29":"product_tag-temporada-baja","30":"product_tag-usa","31":"product_tag-viajes-a-america-del-norte","32":"product_tag-viajes-a-estados-unidos","33":"product_tag-viajes-a-nueva-york","34":"product_tag-vuelo-y-hotel","35":"entry","36":"has-media","38":"first","39":"instock","40":"shipping-taxable","41":"purchasable","42":"product-type-simple"},"acf":[],"yoast_head":"<!-- This site is optimized with the Yoast SEO plugin v27.2 - https:\/\/yoast.com\/product\/yoast-seo-wordpress\/ -->\n<title>Nueva York Low Cost - El Kaminante<\/title>\n<meta name=\"robots\" content=\"index, follow, max-snippet:-1, max-image-preview:large, max-video-preview:-1\" \/>\n<link rel=\"canonical\" href=\"https:\/\/elkaminante.com.uy\/paquetes\/nueva-york-low-cost\/\" \/>\n<meta property=\"og:locale\" content=\"en_US\" \/>\n<meta property=\"og:type\" content=\"article\" \/>\n<meta property=\"og:title\" content=\"Nueva York Low Cost - El Kaminante\" \/>\n<meta property=\"og:description\" content=\"Nueva York, en Estados Unidos, se ha convertido en los \u00faltimos a\u00f1os y por m\u00e9ritos propios en la capital econ\u00f3mica y cultural m\u00e1s importante del mundo. La ciudad ofrece un ambiente y un estilo de vida \u00fanico dif\u00edciles de explicar en unas l\u00edneas: hay que vivirlo y disfrutarlo. Asistir a un musical en Broadway, pasar una noche en Times Square, recorrer de un lado a otro el Puente de Brooklyn, disfrutar de una tarde de compras en la Quinta Avenida o sentirte como un broker en Wall Street, son algunas de las cosas que s\u00f3lo se pueden hacer en Nueva York. Arte, arquitectura, gastronom\u00eda del mundo, compras, entretenimiento y un sin fin de actividades en la ciudad que realmente \u201cnunca duerme\u201d. Principales atractivos tur\u00edsticos:el Museo Metropolitano, el Museo de Arte Moderno, el Museo Guggenheim, la Catedral de Nueva York, la Iglesia Memorial Judson, el Memorial del 11S, la Estatua de la Libertad, el Empire State, el City Hall, Broadway, la Quinta Avenida, Wall Street, el Central Park, Bryant Park, Times Square, el Opera House, Chinatown, la High Line, el Top of The Rock, el puente de Brooklyn, The Vessel y los claustros entre otros.\" \/>\n<meta property=\"og:url\" content=\"https:\/\/elkaminante.com.uy\/paquetes\/nueva-york-low-cost\/\" \/>\n<meta property=\"og:site_name\" content=\"El Kaminante\" \/>\n<meta property=\"article:modified_time\" content=\"2026-04-17T12:39:01+00:00\" \/>\n<meta name=\"twitter:card\" content=\"summary_large_image\" \/>\n<script type=\"application\/ld+json\" class=\"yoast-schema-graph\">{\"@context\":\"https:\/\/schema.org\",\"@graph\":[{\"@type\":\"WebPage\",\"@id\":\"https:\/\/elkaminante.com.uy\/paquetes\/nueva-york-low-cost\/\",\"url\":\"https:\/\/elkaminante.com.uy\/paquetes\/nueva-york-low-cost\/\",\"name\":\"Nueva York Low Cost - El Kaminante\",\"isPartOf\":{\"@id\":\"https:\/\/elkaminante.com.uy\/#website\"},\"primaryImageOfPage\":{\"@id\":\"https:\/\/elkaminante.com.uy\/paquetes\/nueva-york-low-cost\/#primaryimage\"},\"image\":{\"@id\":\"https:\/\/elkaminante.com.uy\/paquetes\/nueva-york-low-cost\/#primaryimage\"},\"thumbnailUrl\":\"https:\/\/elkaminante.com.uy\/wp-content\/uploads\/2025\/06\/PAQ309.webp\",\"datePublished\":\"2025-06-16T23:10:26+00:00\",\"dateModified\":\"2026-04-17T12:39:01+00:00\",\"breadcrumb\":{\"@id\":\"https:\/\/elkaminante.com.uy\/paquetes\/nueva-york-low-cost\/#breadcrumb\"},\"inLanguage\":\"en-US\",\"potentialAction\":[{\"@type\":\"ReadAction\",\"target\":[\"https:\/\/elkaminante.com.uy\/paquetes\/nueva-york-low-cost\/\"]}]},{\"@type\":\"ImageObject\",\"inLanguage\":\"en-US\",\"@id\":\"https:\/\/elkaminante.com.uy\/paquetes\/nueva-york-low-cost\/#primaryimage\",\"url\":\"https:\/\/elkaminante.com.uy\/wp-content\/uploads\/2025\/06\/PAQ309.webp\",\"contentUrl\":\"https:\/\/elkaminante.com.uy\/wp-content\/uploads\/2025\/06\/PAQ309.webp\",\"width\":800,\"height\":457},{\"@type\":\"BreadcrumbList\",\"@id\":\"https:\/\/elkaminante.com.uy\/paquetes\/nueva-york-low-cost\/#breadcrumb\",\"itemListElement\":[{\"@type\":\"ListItem\",\"position\":1,\"name\":\"Inicio\",\"item\":\"https:\/\/elkaminante.com.uy\/en\/\"},{\"@type\":\"ListItem\",\"position\":2,\"name\":\"Viajes por el mundo\",\"item\":\"https:\/\/elkaminante.com.uy\/en\/paquetes\/\"},{\"@type\":\"ListItem\",\"position\":3,\"name\":\"Nueva York Low Cost\"}]},{\"@type\":\"WebSite\",\"@id\":\"https:\/\/elkaminante.com.uy\/#website\",\"url\":\"https:\/\/elkaminante.com.uy\/\",\"name\":\"El Kaminante\",\"description\":\"Viajes &amp; Turismo\",\"publisher\":{\"@id\":\"https:\/\/elkaminante.com.uy\/#organization\"},\"potentialAction\":[{\"@type\":\"SearchAction\",\"target\":{\"@type\":\"EntryPoint\",\"urlTemplate\":\"https:\/\/elkaminante.com.uy\/?s={search_term_string}\"},\"query-input\":{\"@type\":\"PropertyValueSpecification\",\"valueRequired\":true,\"valueName\":\"search_term_string\"}}],\"inLanguage\":\"en-US\"},{\"@type\":\"Organization\",\"@id\":\"https:\/\/elkaminante.com.uy\/#organization\",\"name\":\"El Kaminante\",\"url\":\"https:\/\/elkaminante.com.uy\/\",\"logo\":{\"@type\":\"ImageObject\",\"inLanguage\":\"en-US\",\"@id\":\"https:\/\/elkaminante.com.uy\/#\/schema\/logo\/image\/\",\"url\":\"https:\/\/elkaminante.com.uy\/wp-content\/uploads\/2025\/02\/logo-elkaminante-blanco.svg\",\"contentUrl\":\"https:\/\/elkaminante.com.uy\/wp-content\/uploads\/2025\/02\/logo-elkaminante-blanco.svg\",\"caption\":\"El Kaminante\"},\"image\":{\"@id\":\"https:\/\/elkaminante.com.uy\/#\/schema\/logo\/image\/\"}}]}<\/script>\n<!-- \/ Yoast SEO plugin. -->","yoast_head_json":{"title":"Nueva York Low Cost - El Kaminante","robots":{"index":"index","follow":"follow","max-snippet":"max-snippet:-1","max-image-preview":"max-image-preview:large","max-video-preview":"max-video-preview:-1"},"canonical":"https:\/\/elkaminante.com.uy\/paquetes\/nueva-york-low-cost\/","og_locale":"en_US","og_type":"article","og_title":"Nueva York Low Cost - El Kaminante","og_description":"Nueva York, en Estados Unidos, se ha convertido en los \u00faltimos a\u00f1os y por m\u00e9ritos propios en la capital econ\u00f3mica y cultural m\u00e1s importante del mundo. La ciudad ofrece un ambiente y un estilo de vida \u00fanico dif\u00edciles de explicar en unas l\u00edneas: hay que vivirlo y disfrutarlo. Asistir a un musical en Broadway, pasar una noche en Times Square, recorrer de un lado a otro el Puente de Brooklyn, disfrutar de una tarde de compras en la Quinta Avenida o sentirte como un broker en Wall Street, son algunas de las cosas que s\u00f3lo se pueden hacer en Nueva York. Arte, arquitectura, gastronom\u00eda del mundo, compras, entretenimiento y un sin fin de actividades en la ciudad que realmente \u201cnunca duerme\u201d. Principales atractivos tur\u00edsticos:el Museo Metropolitano, el Museo de Arte Moderno, el Museo Guggenheim, la Catedral de Nueva York, la Iglesia Memorial Judson, el Memorial del 11S, la Estatua de la Libertad, el Empire State, el City Hall, Broadway, la Quinta Avenida, Wall Street, el Central Park, Bryant Park, Times Square, el Opera House, Chinatown, la High Line, el Top of The Rock, el puente de Brooklyn, The Vessel y los claustros entre otros.","og_url":"https:\/\/elkaminante.com.uy\/paquetes\/nueva-york-low-cost\/","og_site_name":"El Kaminante","article_modified_time":"2026-04-17T12:39:01+00:00","twitter_card":"summary_large_image","schema":{"@context":"https:\/\/schema.org","@graph":[{"@type":"WebPage","@id":"https:\/\/elkaminante.com.uy\/paquetes\/nueva-york-low-cost\/","url":"https:\/\/elkaminante.com.uy\/paquetes\/nueva-york-low-cost\/","name":"Nueva York Low Cost - El Kaminante","isPartOf":{"@id":"https:\/\/elkaminante.com.uy\/#website"},"primaryImageOfPage":{"@id":"https:\/\/elkaminante.com.uy\/paquetes\/nueva-york-low-cost\/#primaryimage"},"image":{"@id":"https:\/\/elkaminante.com.uy\/paquetes\/nueva-york-low-cost\/#primaryimage"},"thumbnailUrl":"https:\/\/elkaminante.com.uy\/wp-content\/uploads\/2025\/06\/PAQ309.webp","datePublished":"2025-06-16T23:10:26+00:00","dateModified":"2026-04-17T12:39:01+00:00","breadcrumb":{"@id":"https:\/\/elkaminante.com.uy\/paquetes\/nueva-york-low-cost\/#breadcrumb"},"inLanguage":"en-US","potentialAction":[{"@type":"ReadAction","target":["https:\/\/elkaminante.com.uy\/paquetes\/nueva-york-low-cost\/"]}]},{"@type":"ImageObject","inLanguage":"en-US","@id":"https:\/\/elkaminante.com.uy\/paquetes\/nueva-york-low-cost\/#primaryimage","url":"https:\/\/elkaminante.com.uy\/wp-content\/uploads\/2025\/06\/PAQ309.webp","contentUrl":"https:\/\/elkaminante.com.uy\/wp-content\/uploads\/2025\/06\/PAQ309.webp","width":800,"height":457},{"@type":"BreadcrumbList","@id":"https:\/\/elkaminante.com.uy\/paquetes\/nueva-york-low-cost\/#breadcrumb","itemListElement":[{"@type":"ListItem","position":1,"name":"Inicio","item":"https:\/\/elkaminante.com.uy\/en\/"},{"@type":"ListItem","position":2,"name":"Viajes por el mundo","item":"https:\/\/elkaminante.com.uy\/en\/paquetes\/"},{"@type":"ListItem","position":3,"name":"Nueva York Low Cost"}]},{"@type":"WebSite","@id":"https:\/\/elkaminante.com.uy\/#website","url":"https:\/\/elkaminante.com.uy\/","name":"El Kaminante","description":"Viajes &amp; Turismo","publisher":{"@id":"https:\/\/elkaminante.com.uy\/#organization"},"potentialAction":[{"@type":"SearchAction","target":{"@type":"EntryPoint","urlTemplate":"https:\/\/elkaminante.com.uy\/?s={search_term_string}"},"query-input":{"@type":"PropertyValueSpecification","valueRequired":true,"valueName":"search_term_string"}}],"inLanguage":"en-US"},{"@type":"Organization","@id":"https:\/\/elkaminante.com.uy\/#organization","name":"El Kaminante","url":"https:\/\/elkaminante.com.uy\/","logo":{"@type":"ImageObject","inLanguage":"en-US","@id":"https:\/\/elkaminante.com.uy\/#\/schema\/logo\/image\/","url":"https:\/\/elkaminante.com.uy\/wp-content\/uploads\/2025\/02\/logo-elkaminante-blanco.svg","contentUrl":"https:\/\/elkaminante.com.uy\/wp-content\/uploads\/2025\/02\/logo-elkaminante-blanco.svg","caption":"El Kaminante"},"image":{"@id":"https:\/\/elkaminante.com.uy\/#\/schema\/logo\/image\/"}}]}},"_links":{"self":[{"href":"https:\/\/elkaminante.com.uy\/en\/wp-json\/wp\/v2\/product\/10544","targetHints":{"allow":["GET"]}}],"collection":[{"href":"https:\/\/elkaminante.com.uy\/en\/wp-json\/wp\/v2\/product"}],"about":[{"href":"https:\/\/elkaminante.com.uy\/en\/wp-json\/wp\/v2\/types\/product"}],"wp:featuredmedia":[{"embeddable":true,"href":"https:\/\/elkaminante.com.uy\/en\/wp-json\/wp\/v2\/media\/10542"}],"wp:attachment":[{"href":"https:\/\/elkaminante.com.uy\/en\/wp-json\/wp\/v2\/media?parent=10544"}],"wp:term":[{"taxonomy":"product_brand","embeddable":true,"href":"https:\/\/elkaminante.com.uy\/en\/wp-json\/wp\/v2\/product_brand?post=10544"},{"taxonomy":"product_cat","embeddable":true,"href":"https:\/\/elkaminante.com.uy\/en\/wp-json\/wp\/v2\/product_cat?post=10544"},{"taxonomy":"product_tag","embeddable":true,"href":"https:\/\/elkaminante.com.uy\/en\/wp-json\/wp\/v2\/product_tag?post=10544"}],"curies":[{"name":"wp","href":"https:\/\/api.w.org\/{rel}","templated":true}]}}