{"id":10530,"date":"2025-06-16T20:10:19","date_gmt":"2025-06-16T23:10:19","guid":{"rendered":"https:\/\/elkaminante.com.uy\/paquetes\/bariloche-low-cost\/"},"modified":"2026-04-17T09:39:00","modified_gmt":"2026-04-17T12:39:00","slug":"bariloche-low-cost","status":"publish","type":"product","link":"https:\/\/elkaminante.com.uy\/en\/paquetes\/bariloche-low-cost\/","title":{"rendered":"Bariloche Low Cost"},"content":{"rendered":"","protected":false},"excerpt":{"rendered":"<p><b>Bariloche<\/b> es una ciudad ubicada entre bosques milenarios, monta\u00f1as cubiertas de nieve y lagos cristalinos, en la provincia de R\u00edo Negro, Argentina. Est\u00e1 ubicada dentro del parque nacional Nahuel Huapi, junto a la cordillera de los Andes. En el 2012 fue declarada capital nacional del turismo de aventura, y en el 2015 capital nacional del chocolate. En Bariloche ten\u00e9s variedad de actividades para disfrutar: excursiones tradicionales, paseos lacustres, nieve para todos los gustos, la mejor gastronom\u00eda, turismo joven, salidas rom\u00e1nticas, actividades familiares, aventura, tranquilidad y una agenda cultural diversa.<\/p>\n","protected":false},"featured_media":13024,"template":"","meta":{"_acf_changed":false,"inline_featured_image":false},"product_brand":[],"product_cat":[28,1579],"product_tag":[96,88,36,416,1272,404,3451,1641,1642,2134,2133,1610,879,3450,424,65,393,91,407,409,120,61,89,2953,1092,2952,1583,93,408,410,63],"class_list":{"0":"post-10530","1":"product","2":"type-product","3":"status-publish","4":"has-post-thumbnail","6":"product_cat-paquetes","7":"product_cat-uruguay","8":"product_tag-alarma-precios-bajos","9":"product_tag-america-del-sur","10":"product_tag-argentina","11":"product_tag-argentina-en-bariloche","12":"product_tag-argentina-en-julio","13":"product_tag-bariloche","14":"product_tag-bariloche-low-cost","15":"product_tag-ciudad","16":"product_tag-cultural","17":"product_tag-en-argentina","18":"product_tag-en-bariloche","19":"product_tag-en-julio","20":"product_tag-julio","21":"product_tag-julio-2026viaje-familiar","22":"product_tag-media-pension","23":"product_tag-no-aplica","24":"product_tag-otros-destinos","25":"product_tag-paquetes-a-america-del-sur","26":"product_tag-paquetes-a-argentina","27":"product_tag-paquetes-a-bariloche","28":"product_tag-sin-comidas","29":"product_tag-sin-destino","30":"product_tag-sudamerica","31":"product_tag-vacaciones-de-invierno","32":"product_tag-vacaciones-de-julio","33":"product_tag-vacaciones-julio","34":"product_tag-viaje-familiar","35":"product_tag-viajes-a-america-del-sur","36":"product_tag-viajes-a-argentina","37":"product_tag-viajes-a-bariloche","38":"product_tag-vuelo-y-circuito","39":"entry","40":"has-media","42":"first","43":"instock","44":"shipping-taxable","45":"purchasable","46":"product-type-simple"},"acf":[],"yoast_head":"<!-- This site is optimized with the Yoast SEO plugin v27.2 - https:\/\/yoast.com\/product\/yoast-seo-wordpress\/ -->\n<title>Bariloche Low Cost - El Kaminante<\/title>\n<meta name=\"robots\" content=\"index, follow, max-snippet:-1, max-image-preview:large, max-video-preview:-1\" \/>\n<link rel=\"canonical\" href=\"https:\/\/elkaminante.com.uy\/paquetes\/bariloche-low-cost\/\" \/>\n<meta property=\"og:locale\" content=\"en_US\" \/>\n<meta property=\"og:type\" content=\"article\" \/>\n<meta property=\"og:title\" content=\"Bariloche Low Cost - El Kaminante\" \/>\n<meta property=\"og:description\" content=\"Bariloche es una ciudad ubicada entre bosques milenarios, monta\u00f1as cubiertas de nieve y lagos cristalinos, en la provincia de R\u00edo Negro, Argentina. Est\u00e1 ubicada dentro del parque nacional Nahuel Huapi, junto a la cordillera de los Andes. En el 2012 fue declarada capital nacional del turismo de aventura, y en el 2015 capital nacional del chocolate. En Bariloche ten\u00e9s variedad de actividades para disfrutar: excursiones tradicionales, paseos lacustres, nieve para todos los gustos, la mejor gastronom\u00eda, turismo joven, salidas rom\u00e1nticas, actividades familiares, aventura, tranquilidad y una agenda cultural diversa.\" \/>\n<meta property=\"og:url\" content=\"https:\/\/elkaminante.com.uy\/paquetes\/bariloche-low-cost\/\" \/>\n<meta property=\"og:site_name\" content=\"El Kaminante\" \/>\n<meta property=\"article:modified_time\" content=\"2026-04-17T12:39:00+00:00\" \/>\n<meta property=\"og:image\" content=\"https:\/\/elkaminante.com.uy\/wp-content\/uploads\/2025\/06\/PAQ304B.webp\" \/>\n\t<meta property=\"og:image:width\" content=\"1200\" \/>\n\t<meta property=\"og:image:height\" content=\"630\" \/>\n\t<meta property=\"og:image:type\" content=\"image\/webp\" \/>\n<meta name=\"twitter:card\" content=\"summary_large_image\" \/>\n<script type=\"application\/ld+json\" class=\"yoast-schema-graph\">{\"@context\":\"https:\/\/schema.org\",\"@graph\":[{\"@type\":\"WebPage\",\"@id\":\"https:\/\/elkaminante.com.uy\/paquetes\/bariloche-low-cost\/\",\"url\":\"https:\/\/elkaminante.com.uy\/paquetes\/bariloche-low-cost\/\",\"name\":\"Bariloche Low Cost - El Kaminante\",\"isPartOf\":{\"@id\":\"https:\/\/elkaminante.com.uy\/#website\"},\"primaryImageOfPage\":{\"@id\":\"https:\/\/elkaminante.com.uy\/paquetes\/bariloche-low-cost\/#primaryimage\"},\"image\":{\"@id\":\"https:\/\/elkaminante.com.uy\/paquetes\/bariloche-low-cost\/#primaryimage\"},\"thumbnailUrl\":\"https:\/\/elkaminante.com.uy\/wp-content\/uploads\/2026\/04\/PAQ304.webp\",\"datePublished\":\"2025-06-16T23:10:19+00:00\",\"dateModified\":\"2026-04-17T12:39:00+00:00\",\"breadcrumb\":{\"@id\":\"https:\/\/elkaminante.com.uy\/paquetes\/bariloche-low-cost\/#breadcrumb\"},\"inLanguage\":\"en-US\",\"potentialAction\":[{\"@type\":\"ReadAction\",\"target\":[\"https:\/\/elkaminante.com.uy\/paquetes\/bariloche-low-cost\/\"]}]},{\"@type\":\"ImageObject\",\"inLanguage\":\"en-US\",\"@id\":\"https:\/\/elkaminante.com.uy\/paquetes\/bariloche-low-cost\/#primaryimage\",\"url\":\"https:\/\/elkaminante.com.uy\/wp-content\/uploads\/2026\/04\/PAQ304.webp\",\"contentUrl\":\"https:\/\/elkaminante.com.uy\/wp-content\/uploads\/2026\/04\/PAQ304.webp\",\"width\":800,\"height\":457},{\"@type\":\"BreadcrumbList\",\"@id\":\"https:\/\/elkaminante.com.uy\/paquetes\/bariloche-low-cost\/#breadcrumb\",\"itemListElement\":[{\"@type\":\"ListItem\",\"position\":1,\"name\":\"Inicio\",\"item\":\"https:\/\/elkaminante.com.uy\/en\/\"},{\"@type\":\"ListItem\",\"position\":2,\"name\":\"Viajes por el mundo\",\"item\":\"https:\/\/elkaminante.com.uy\/en\/paquetes\/\"},{\"@type\":\"ListItem\",\"position\":3,\"name\":\"Bariloche Low Cost\"}]},{\"@type\":\"WebSite\",\"@id\":\"https:\/\/elkaminante.com.uy\/#website\",\"url\":\"https:\/\/elkaminante.com.uy\/\",\"name\":\"El Kaminante\",\"description\":\"Viajes &amp; Turismo\",\"publisher\":{\"@id\":\"https:\/\/elkaminante.com.uy\/#organization\"},\"potentialAction\":[{\"@type\":\"SearchAction\",\"target\":{\"@type\":\"EntryPoint\",\"urlTemplate\":\"https:\/\/elkaminante.com.uy\/?s={search_term_string}\"},\"query-input\":{\"@type\":\"PropertyValueSpecification\",\"valueRequired\":true,\"valueName\":\"search_term_string\"}}],\"inLanguage\":\"en-US\"},{\"@type\":\"Organization\",\"@id\":\"https:\/\/elkaminante.com.uy\/#organization\",\"name\":\"El Kaminante\",\"url\":\"https:\/\/elkaminante.com.uy\/\",\"logo\":{\"@type\":\"ImageObject\",\"inLanguage\":\"en-US\",\"@id\":\"https:\/\/elkaminante.com.uy\/#\/schema\/logo\/image\/\",\"url\":\"https:\/\/elkaminante.com.uy\/wp-content\/uploads\/2025\/02\/logo-elkaminante-blanco.svg\",\"contentUrl\":\"https:\/\/elkaminante.com.uy\/wp-content\/uploads\/2025\/02\/logo-elkaminante-blanco.svg\",\"caption\":\"El Kaminante\"},\"image\":{\"@id\":\"https:\/\/elkaminante.com.uy\/#\/schema\/logo\/image\/\"}}]}<\/script>\n<!-- \/ Yoast SEO plugin. -->","yoast_head_json":{"title":"Bariloche Low Cost - El Kaminante","robots":{"index":"index","follow":"follow","max-snippet":"max-snippet:-1","max-image-preview":"max-image-preview:large","max-video-preview":"max-video-preview:-1"},"canonical":"https:\/\/elkaminante.com.uy\/paquetes\/bariloche-low-cost\/","og_locale":"en_US","og_type":"article","og_title":"Bariloche Low Cost - El Kaminante","og_description":"Bariloche es una ciudad ubicada entre bosques milenarios, monta\u00f1as cubiertas de nieve y lagos cristalinos, en la provincia de R\u00edo Negro, Argentina. Est\u00e1 ubicada dentro del parque nacional Nahuel Huapi, junto a la cordillera de los Andes. En el 2012 fue declarada capital nacional del turismo de aventura, y en el 2015 capital nacional del chocolate. En Bariloche ten\u00e9s variedad de actividades para disfrutar: excursiones tradicionales, paseos lacustres, nieve para todos los gustos, la mejor gastronom\u00eda, turismo joven, salidas rom\u00e1nticas, actividades familiares, aventura, tranquilidad y una agenda cultural diversa.","og_url":"https:\/\/elkaminante.com.uy\/paquetes\/bariloche-low-cost\/","og_site_name":"El Kaminante","article_modified_time":"2026-04-17T12:39:00+00:00","og_image":[{"width":1200,"height":630,"url":"https:\/\/elkaminante.com.uy\/wp-content\/uploads\/2025\/06\/PAQ304B.webp","type":"image\/webp"}],"twitter_card":"summary_large_image","schema":{"@context":"https:\/\/schema.org","@graph":[{"@type":"WebPage","@id":"https:\/\/elkaminante.com.uy\/paquetes\/bariloche-low-cost\/","url":"https:\/\/elkaminante.com.uy\/paquetes\/bariloche-low-cost\/","name":"Bariloche Low Cost - El Kaminante","isPartOf":{"@id":"https:\/\/elkaminante.com.uy\/#website"},"primaryImageOfPage":{"@id":"https:\/\/elkaminante.com.uy\/paquetes\/bariloche-low-cost\/#primaryimage"},"image":{"@id":"https:\/\/elkaminante.com.uy\/paquetes\/bariloche-low-cost\/#primaryimage"},"thumbnailUrl":"https:\/\/elkaminante.com.uy\/wp-content\/uploads\/2026\/04\/PAQ304.webp","datePublished":"2025-06-16T23:10:19+00:00","dateModified":"2026-04-17T12:39:00+00:00","breadcrumb":{"@id":"https:\/\/elkaminante.com.uy\/paquetes\/bariloche-low-cost\/#breadcrumb"},"inLanguage":"en-US","potentialAction":[{"@type":"ReadAction","target":["https:\/\/elkaminante.com.uy\/paquetes\/bariloche-low-cost\/"]}]},{"@type":"ImageObject","inLanguage":"en-US","@id":"https:\/\/elkaminante.com.uy\/paquetes\/bariloche-low-cost\/#primaryimage","url":"https:\/\/elkaminante.com.uy\/wp-content\/uploads\/2026\/04\/PAQ304.webp","contentUrl":"https:\/\/elkaminante.com.uy\/wp-content\/uploads\/2026\/04\/PAQ304.webp","width":800,"height":457},{"@type":"BreadcrumbList","@id":"https:\/\/elkaminante.com.uy\/paquetes\/bariloche-low-cost\/#breadcrumb","itemListElement":[{"@type":"ListItem","position":1,"name":"Inicio","item":"https:\/\/elkaminante.com.uy\/en\/"},{"@type":"ListItem","position":2,"name":"Viajes por el mundo","item":"https:\/\/elkaminante.com.uy\/en\/paquetes\/"},{"@type":"ListItem","position":3,"name":"Bariloche Low Cost"}]},{"@type":"WebSite","@id":"https:\/\/elkaminante.com.uy\/#website","url":"https:\/\/elkaminante.com.uy\/","name":"El Kaminante","description":"Viajes &amp; Turismo","publisher":{"@id":"https:\/\/elkaminante.com.uy\/#organization"},"potentialAction":[{"@type":"SearchAction","target":{"@type":"EntryPoint","urlTemplate":"https:\/\/elkaminante.com.uy\/?s={search_term_string}"},"query-input":{"@type":"PropertyValueSpecification","valueRequired":true,"valueName":"search_term_string"}}],"inLanguage":"en-US"},{"@type":"Organization","@id":"https:\/\/elkaminante.com.uy\/#organization","name":"El Kaminante","url":"https:\/\/elkaminante.com.uy\/","logo":{"@type":"ImageObject","inLanguage":"en-US","@id":"https:\/\/elkaminante.com.uy\/#\/schema\/logo\/image\/","url":"https:\/\/elkaminante.com.uy\/wp-content\/uploads\/2025\/02\/logo-elkaminante-blanco.svg","contentUrl":"https:\/\/elkaminante.com.uy\/wp-content\/uploads\/2025\/02\/logo-elkaminante-blanco.svg","caption":"El Kaminante"},"image":{"@id":"https:\/\/elkaminante.com.uy\/#\/schema\/logo\/image\/"}}]}},"_links":{"self":[{"href":"https:\/\/elkaminante.com.uy\/en\/wp-json\/wp\/v2\/product\/10530","targetHints":{"allow":["GET"]}}],"collection":[{"href":"https:\/\/elkaminante.com.uy\/en\/wp-json\/wp\/v2\/product"}],"about":[{"href":"https:\/\/elkaminante.com.uy\/en\/wp-json\/wp\/v2\/types\/product"}],"wp:featuredmedia":[{"embeddable":true,"href":"https:\/\/elkaminante.com.uy\/en\/wp-json\/wp\/v2\/media\/13024"}],"wp:attachment":[{"href":"https:\/\/elkaminante.com.uy\/en\/wp-json\/wp\/v2\/media?parent=10530"}],"wp:term":[{"taxonomy":"product_brand","embeddable":true,"href":"https:\/\/elkaminante.com.uy\/en\/wp-json\/wp\/v2\/product_brand?post=10530"},{"taxonomy":"product_cat","embeddable":true,"href":"https:\/\/elkaminante.com.uy\/en\/wp-json\/wp\/v2\/product_cat?post=10530"},{"taxonomy":"product_tag","embeddable":true,"href":"https:\/\/elkaminante.com.uy\/en\/wp-json\/wp\/v2\/product_tag?post=10530"}],"curies":[{"name":"wp","href":"https:\/\/api.w.org\/{rel}","templated":true}]}}