{"id":10497,"date":"2025-06-16T20:10:00","date_gmt":"2025-06-16T23:10:00","guid":{"rendered":"https:\/\/elkaminante.com.uy\/paquetes\/natal-brasil-2\/"},"modified":"2026-04-17T09:38:58","modified_gmt":"2026-04-17T12:38:58","slug":"natal-brasil-2","status":"publish","type":"product","link":"https:\/\/elkaminante.com.uy\/en\/paquetes\/natal-brasil-2\/","title":{"rendered":"Natal Brasil"},"content":{"rendered":"","protected":false},"excerpt":{"rendered":"<p><b>Natal<\/b> es la capital del estado R\u00edo Grande del Norte, al noreste de Brasil. La ciudad brasile\u00f1a es considerada la metr\u00f3poli m\u00e1s segura del pa\u00eds. Reconocida por su belleza natural de sus playas y su infraestructura. Natal en espa\u00f1ol es Navidad porque fue fundada el 25 de diciembre de 1599 por los portugueses. Atrae aproximadamente a dos millones de turistas al a\u00f1o por las hermosas playas del Estado de R\u00edo Grande del Norte, muchos de ellas todav\u00eda est\u00e1n semi-salvajes. Las delicias culinarias de Natal est\u00e1 basada de carnes, pescados y mariscos. La ciudad goza de un clima tropical h\u00famedo. Tiene elevadas temperaturas y lluvias frecuentes, sobre todo en las tardes; bien tropical. Mercados al aire libre, vendedores ambulantes, tiendas de artesan\u00eda y modernos centros comerciales son la atracci\u00f3n principal de los turistas.<\/p>\n","protected":false},"featured_media":10495,"template":"","meta":{"_acf_changed":false,"inline_featured_image":false},"product_brand":[],"product_cat":[28,1579],"product_tag":[562,3784,88,35,1617,261,64,568,2054,2095,255,3346,65,91,90,256,61,89,3282,93,92,257,119],"class_list":{"0":"post-10497","1":"product","2":"type-product","3":"status-publish","4":"has-post-thumbnail","6":"product_cat-paquetes","7":"product_cat-uruguay","8":"product_tag-agosto","9":"product_tag-agosto-2026","10":"product_tag-america-del-sur","11":"product_tag-brasil","12":"product_tag-brasil-en-agosto","13":"product_tag-brasil-en-natal","14":"product_tag-desayuno","15":"product_tag-en-agosto","16":"product_tag-en-brasil","17":"product_tag-en-natal","18":"product_tag-natal","19":"product_tag-natal-brasil","20":"product_tag-no-aplica","21":"product_tag-paquetes-a-america-del-sur","22":"product_tag-paquetes-a-brasil","23":"product_tag-paquetes-a-natal","24":"product_tag-sin-destino","25":"product_tag-sudamerica","26":"product_tag-temporada-baja","27":"product_tag-viajes-a-america-del-sur","28":"product_tag-viajes-a-brasil","29":"product_tag-viajes-a-natal","30":"product_tag-vuelo-y-hotel","31":"entry","32":"has-media","34":"first","35":"instock","36":"shipping-taxable","37":"purchasable","38":"product-type-simple"},"acf":[],"yoast_head":"<!-- This site is optimized with the Yoast SEO plugin v27.2 - https:\/\/yoast.com\/product\/yoast-seo-wordpress\/ -->\n<title>Natal Brasil - El Kaminante<\/title>\n<meta name=\"robots\" content=\"index, follow, max-snippet:-1, max-image-preview:large, max-video-preview:-1\" \/>\n<link rel=\"canonical\" href=\"https:\/\/elkaminante.com.uy\/paquetes\/natal-brasil-2\/\" \/>\n<meta property=\"og:locale\" content=\"en_US\" \/>\n<meta property=\"og:type\" content=\"article\" \/>\n<meta property=\"og:title\" content=\"Natal Brasil - El Kaminante\" \/>\n<meta property=\"og:description\" content=\"Natal es la capital del estado R\u00edo Grande del Norte, al noreste de Brasil. La ciudad brasile\u00f1a es considerada la metr\u00f3poli m\u00e1s segura del pa\u00eds. Reconocida por su belleza natural de sus playas y su infraestructura. Natal en espa\u00f1ol es Navidad porque fue fundada el 25 de diciembre de 1599 por los portugueses. Atrae aproximadamente a dos millones de turistas al a\u00f1o por las hermosas playas del Estado de R\u00edo Grande del Norte, muchos de ellas todav\u00eda est\u00e1n semi-salvajes. Las delicias culinarias de Natal est\u00e1 basada de carnes, pescados y mariscos. La ciudad goza de un clima tropical h\u00famedo. Tiene elevadas temperaturas y lluvias frecuentes, sobre todo en las tardes; bien tropical. Mercados al aire libre, vendedores ambulantes, tiendas de artesan\u00eda y modernos centros comerciales son la atracci\u00f3n principal de los turistas.\" \/>\n<meta property=\"og:url\" content=\"https:\/\/elkaminante.com.uy\/paquetes\/natal-brasil-2\/\" \/>\n<meta property=\"og:site_name\" content=\"El Kaminante\" \/>\n<meta property=\"article:modified_time\" content=\"2026-04-17T12:38:58+00:00\" \/>\n<meta property=\"og:image\" content=\"https:\/\/elkaminante.com.uy\/wp-content\/uploads\/2025\/06\/PAQ295.webp\" \/>\n\t<meta property=\"og:image:width\" content=\"800\" \/>\n\t<meta property=\"og:image:height\" content=\"457\" \/>\n\t<meta property=\"og:image:type\" content=\"image\/webp\" \/>\n<meta name=\"twitter:card\" content=\"summary_large_image\" \/>\n<script type=\"application\/ld+json\" class=\"yoast-schema-graph\">{\"@context\":\"https:\/\/schema.org\",\"@graph\":[{\"@type\":\"WebPage\",\"@id\":\"https:\/\/elkaminante.com.uy\/paquetes\/natal-brasil-2\/\",\"url\":\"https:\/\/elkaminante.com.uy\/paquetes\/natal-brasil-2\/\",\"name\":\"Natal Brasil - El Kaminante\",\"isPartOf\":{\"@id\":\"https:\/\/elkaminante.com.uy\/#website\"},\"primaryImageOfPage\":{\"@id\":\"https:\/\/elkaminante.com.uy\/paquetes\/natal-brasil-2\/#primaryimage\"},\"image\":{\"@id\":\"https:\/\/elkaminante.com.uy\/paquetes\/natal-brasil-2\/#primaryimage\"},\"thumbnailUrl\":\"https:\/\/elkaminante.com.uy\/wp-content\/uploads\/2025\/06\/PAQ295.webp\",\"datePublished\":\"2025-06-16T23:10:00+00:00\",\"dateModified\":\"2026-04-17T12:38:58+00:00\",\"breadcrumb\":{\"@id\":\"https:\/\/elkaminante.com.uy\/paquetes\/natal-brasil-2\/#breadcrumb\"},\"inLanguage\":\"en-US\",\"potentialAction\":[{\"@type\":\"ReadAction\",\"target\":[\"https:\/\/elkaminante.com.uy\/paquetes\/natal-brasil-2\/\"]}]},{\"@type\":\"ImageObject\",\"inLanguage\":\"en-US\",\"@id\":\"https:\/\/elkaminante.com.uy\/paquetes\/natal-brasil-2\/#primaryimage\",\"url\":\"https:\/\/elkaminante.com.uy\/wp-content\/uploads\/2025\/06\/PAQ295.webp\",\"contentUrl\":\"https:\/\/elkaminante.com.uy\/wp-content\/uploads\/2025\/06\/PAQ295.webp\",\"width\":800,\"height\":457},{\"@type\":\"BreadcrumbList\",\"@id\":\"https:\/\/elkaminante.com.uy\/paquetes\/natal-brasil-2\/#breadcrumb\",\"itemListElement\":[{\"@type\":\"ListItem\",\"position\":1,\"name\":\"Inicio\",\"item\":\"https:\/\/elkaminante.com.uy\/en\/\"},{\"@type\":\"ListItem\",\"position\":2,\"name\":\"Viajes por el mundo\",\"item\":\"https:\/\/elkaminante.com.uy\/en\/paquetes\/\"},{\"@type\":\"ListItem\",\"position\":3,\"name\":\"Natal Brasil\"}]},{\"@type\":\"WebSite\",\"@id\":\"https:\/\/elkaminante.com.uy\/#website\",\"url\":\"https:\/\/elkaminante.com.uy\/\",\"name\":\"El Kaminante\",\"description\":\"Viajes &amp; Turismo\",\"publisher\":{\"@id\":\"https:\/\/elkaminante.com.uy\/#organization\"},\"potentialAction\":[{\"@type\":\"SearchAction\",\"target\":{\"@type\":\"EntryPoint\",\"urlTemplate\":\"https:\/\/elkaminante.com.uy\/?s={search_term_string}\"},\"query-input\":{\"@type\":\"PropertyValueSpecification\",\"valueRequired\":true,\"valueName\":\"search_term_string\"}}],\"inLanguage\":\"en-US\"},{\"@type\":\"Organization\",\"@id\":\"https:\/\/elkaminante.com.uy\/#organization\",\"name\":\"El Kaminante\",\"url\":\"https:\/\/elkaminante.com.uy\/\",\"logo\":{\"@type\":\"ImageObject\",\"inLanguage\":\"en-US\",\"@id\":\"https:\/\/elkaminante.com.uy\/#\/schema\/logo\/image\/\",\"url\":\"https:\/\/elkaminante.com.uy\/wp-content\/uploads\/2025\/02\/logo-elkaminante-blanco.svg\",\"contentUrl\":\"https:\/\/elkaminante.com.uy\/wp-content\/uploads\/2025\/02\/logo-elkaminante-blanco.svg\",\"caption\":\"El Kaminante\"},\"image\":{\"@id\":\"https:\/\/elkaminante.com.uy\/#\/schema\/logo\/image\/\"}}]}<\/script>\n<!-- \/ Yoast SEO plugin. -->","yoast_head_json":{"title":"Natal Brasil - El Kaminante","robots":{"index":"index","follow":"follow","max-snippet":"max-snippet:-1","max-image-preview":"max-image-preview:large","max-video-preview":"max-video-preview:-1"},"canonical":"https:\/\/elkaminante.com.uy\/paquetes\/natal-brasil-2\/","og_locale":"en_US","og_type":"article","og_title":"Natal Brasil - El Kaminante","og_description":"Natal es la capital del estado R\u00edo Grande del Norte, al noreste de Brasil. La ciudad brasile\u00f1a es considerada la metr\u00f3poli m\u00e1s segura del pa\u00eds. Reconocida por su belleza natural de sus playas y su infraestructura. Natal en espa\u00f1ol es Navidad porque fue fundada el 25 de diciembre de 1599 por los portugueses. Atrae aproximadamente a dos millones de turistas al a\u00f1o por las hermosas playas del Estado de R\u00edo Grande del Norte, muchos de ellas todav\u00eda est\u00e1n semi-salvajes. Las delicias culinarias de Natal est\u00e1 basada de carnes, pescados y mariscos. La ciudad goza de un clima tropical h\u00famedo. Tiene elevadas temperaturas y lluvias frecuentes, sobre todo en las tardes; bien tropical. Mercados al aire libre, vendedores ambulantes, tiendas de artesan\u00eda y modernos centros comerciales son la atracci\u00f3n principal de los turistas.","og_url":"https:\/\/elkaminante.com.uy\/paquetes\/natal-brasil-2\/","og_site_name":"El Kaminante","article_modified_time":"2026-04-17T12:38:58+00:00","og_image":[{"width":800,"height":457,"url":"https:\/\/elkaminante.com.uy\/wp-content\/uploads\/2025\/06\/PAQ295.webp","type":"image\/webp"}],"twitter_card":"summary_large_image","schema":{"@context":"https:\/\/schema.org","@graph":[{"@type":"WebPage","@id":"https:\/\/elkaminante.com.uy\/paquetes\/natal-brasil-2\/","url":"https:\/\/elkaminante.com.uy\/paquetes\/natal-brasil-2\/","name":"Natal Brasil - El Kaminante","isPartOf":{"@id":"https:\/\/elkaminante.com.uy\/#website"},"primaryImageOfPage":{"@id":"https:\/\/elkaminante.com.uy\/paquetes\/natal-brasil-2\/#primaryimage"},"image":{"@id":"https:\/\/elkaminante.com.uy\/paquetes\/natal-brasil-2\/#primaryimage"},"thumbnailUrl":"https:\/\/elkaminante.com.uy\/wp-content\/uploads\/2025\/06\/PAQ295.webp","datePublished":"2025-06-16T23:10:00+00:00","dateModified":"2026-04-17T12:38:58+00:00","breadcrumb":{"@id":"https:\/\/elkaminante.com.uy\/paquetes\/natal-brasil-2\/#breadcrumb"},"inLanguage":"en-US","potentialAction":[{"@type":"ReadAction","target":["https:\/\/elkaminante.com.uy\/paquetes\/natal-brasil-2\/"]}]},{"@type":"ImageObject","inLanguage":"en-US","@id":"https:\/\/elkaminante.com.uy\/paquetes\/natal-brasil-2\/#primaryimage","url":"https:\/\/elkaminante.com.uy\/wp-content\/uploads\/2025\/06\/PAQ295.webp","contentUrl":"https:\/\/elkaminante.com.uy\/wp-content\/uploads\/2025\/06\/PAQ295.webp","width":800,"height":457},{"@type":"BreadcrumbList","@id":"https:\/\/elkaminante.com.uy\/paquetes\/natal-brasil-2\/#breadcrumb","itemListElement":[{"@type":"ListItem","position":1,"name":"Inicio","item":"https:\/\/elkaminante.com.uy\/en\/"},{"@type":"ListItem","position":2,"name":"Viajes por el mundo","item":"https:\/\/elkaminante.com.uy\/en\/paquetes\/"},{"@type":"ListItem","position":3,"name":"Natal Brasil"}]},{"@type":"WebSite","@id":"https:\/\/elkaminante.com.uy\/#website","url":"https:\/\/elkaminante.com.uy\/","name":"El Kaminante","description":"Viajes &amp; Turismo","publisher":{"@id":"https:\/\/elkaminante.com.uy\/#organization"},"potentialAction":[{"@type":"SearchAction","target":{"@type":"EntryPoint","urlTemplate":"https:\/\/elkaminante.com.uy\/?s={search_term_string}"},"query-input":{"@type":"PropertyValueSpecification","valueRequired":true,"valueName":"search_term_string"}}],"inLanguage":"en-US"},{"@type":"Organization","@id":"https:\/\/elkaminante.com.uy\/#organization","name":"El Kaminante","url":"https:\/\/elkaminante.com.uy\/","logo":{"@type":"ImageObject","inLanguage":"en-US","@id":"https:\/\/elkaminante.com.uy\/#\/schema\/logo\/image\/","url":"https:\/\/elkaminante.com.uy\/wp-content\/uploads\/2025\/02\/logo-elkaminante-blanco.svg","contentUrl":"https:\/\/elkaminante.com.uy\/wp-content\/uploads\/2025\/02\/logo-elkaminante-blanco.svg","caption":"El Kaminante"},"image":{"@id":"https:\/\/elkaminante.com.uy\/#\/schema\/logo\/image\/"}}]}},"_links":{"self":[{"href":"https:\/\/elkaminante.com.uy\/en\/wp-json\/wp\/v2\/product\/10497","targetHints":{"allow":["GET"]}}],"collection":[{"href":"https:\/\/elkaminante.com.uy\/en\/wp-json\/wp\/v2\/product"}],"about":[{"href":"https:\/\/elkaminante.com.uy\/en\/wp-json\/wp\/v2\/types\/product"}],"wp:featuredmedia":[{"embeddable":true,"href":"https:\/\/elkaminante.com.uy\/en\/wp-json\/wp\/v2\/media\/10495"}],"wp:attachment":[{"href":"https:\/\/elkaminante.com.uy\/en\/wp-json\/wp\/v2\/media?parent=10497"}],"wp:term":[{"taxonomy":"product_brand","embeddable":true,"href":"https:\/\/elkaminante.com.uy\/en\/wp-json\/wp\/v2\/product_brand?post=10497"},{"taxonomy":"product_cat","embeddable":true,"href":"https:\/\/elkaminante.com.uy\/en\/wp-json\/wp\/v2\/product_cat?post=10497"},{"taxonomy":"product_tag","embeddable":true,"href":"https:\/\/elkaminante.com.uy\/en\/wp-json\/wp\/v2\/product_tag?post=10497"}],"curies":[{"name":"wp","href":"https:\/\/api.w.org\/{rel}","templated":true}]}}