{"id":10485,"date":"2025-06-16T20:09:52","date_gmt":"2025-06-16T23:09:52","guid":{"rendered":"https:\/\/elkaminante.com.uy\/paquetes\/miami-y-crucero-a-bahamas\/"},"modified":"2026-04-17T09:38:57","modified_gmt":"2026-04-17T12:38:57","slug":"miami-y-crucero-a-bahamas","status":"publish","type":"product","link":"https:\/\/elkaminante.com.uy\/en\/paquetes\/miami-y-crucero-a-bahamas\/","title":{"rendered":"Miami y Crucero a Bahamas"},"content":{"rendered":"","protected":false},"excerpt":{"rendered":"<p>Destino tur\u00edstico de sol y playa por excelencia, <b>Miami<\/b>, ubicado en el estado de Florida, Estados Unidos, es un para\u00edso tropical que todo el mundo deber\u00eda conocer. Su privilegiada ubicaci\u00f3n lo convierte en un destino tur\u00edstico en el que se puede disfrutar de un clima c\u00e1lido durante los doce meses del a\u00f1o. Sus interminables extensiones de arena blanca combinadas con su agua de un color azul casi irreal forman un marco incomparable en el que pasar las vacaciones. Sin duda es un lugar que tiene mucho m\u00e1s que ofrecer que sus playas, tambi\u00e9n se puede disfrutar de un d\u00eda en el Parque Nacional de los Everglades, degustar un caf\u00e9 al estilo cubano en Little Havana, pasar un d\u00eda con los animales de Jungle Island o pasear por Ocean Drive y disfrutar de South Beach. <\/p>\n<p>Los colores de la bandera de las <b>Bahamas<\/b> simbolizan las doradas playas y el oc\u00e9ano que las ba\u00f1a. Sus paradis\u00edacas playas color turquesa son lo primero que se fijan en la retina del viajero que llega a la isla. Pero hay mucho m\u00e1s. <b>Nassau<\/b> est\u00e1 ubicada en la isla de New Providence de 33 kil\u00f3metros de largo y que est\u00e1 conectada, a trav\u00e9s de un puente, a Paradise Island, uno de los destinos m\u00e1s populares en las Bahamas gracias al mega resort y hotel Atlantis. La ciudad de Nassau cuenta con calles arboladas con cientos de especies tropicales donde el visitante ver\u00e1 pasear carruajes a caballo, polic\u00edas con chaquetas blancas y coloridos cascos de la \u00e9poca colonial. Playas de suave arena donde descansar al fresco de la brisa oce\u00e1nica no est\u00e1n muy lejos del muelle, visitar sus vestigios hist\u00f3ricos, ir a sus mercados, o realizar alguna de las actividades acu\u00e1ticas, son algunas de las m\u00faltiples opciones disponibles para quienes llegan la ciudad, ya sea en una escala de crucero o como por m\u00e1s d\u00edas.<\/p>\n","protected":false},"featured_media":10483,"template":"","meta":{"_acf_changed":false,"inline_featured_image":false},"product_brand":[],"product_cat":[28,1579],"product_tag":[562,3784,175,70,290,34,176,291,68,568,2093,2141,67,1620,447,289,3443,2609,65,71,2751,393,180,73,830,246,294,177,120,61,3282,69,182,75,831,247,295,178],"class_list":{"0":"post-10485","1":"product","2":"type-product","3":"status-publish","4":"has-post-thumbnail","6":"product_cat-paquetes","7":"product_cat-uruguay","8":"product_tag-agosto","9":"product_tag-agosto-2026","10":"product_tag-america-central","11":"product_tag-america-del-norte","12":"product_tag-bahamas","13":"product_tag-caribe","14":"product_tag-centro-america","15":"product_tag-crucero-y-vuelo","16":"product_tag-eeuu","17":"product_tag-en-agosto","18":"product_tag-en-estados-unidos","19":"product_tag-en-miami","20":"product_tag-estados-unidos","21":"product_tag-estados-unidos-en-agosto","22":"product_tag-estados-unidos-en-miami","23":"product_tag-miami","24":"product_tag-miami-y-crucero-a-bahamas","25":"product_tag-nassau","26":"product_tag-no-aplica","27":"product_tag-norte-america","28":"product_tag-ocean-cay-msc-reserve","29":"product_tag-otros-destinos","30":"product_tag-paquetes-a-america-central","31":"product_tag-paquetes-a-america-del-norte","32":"product_tag-paquetes-a-bahamas","33":"product_tag-paquetes-a-estados-unidos","34":"product_tag-paquetes-a-miami","35":"product_tag-paquetes-al-caribe","36":"product_tag-sin-comidas","37":"product_tag-sin-destino","38":"product_tag-temporada-baja","39":"product_tag-usa","40":"product_tag-viajes-a-america-central","41":"product_tag-viajes-a-america-del-norte","42":"product_tag-viajes-a-bahamas","43":"product_tag-viajes-a-estados-unidos","44":"product_tag-viajes-a-miami","45":"product_tag-viajes-al-caribe","46":"entry","47":"has-media","49":"first","50":"instock","51":"shipping-taxable","52":"purchasable","53":"product-type-simple"},"acf":[],"yoast_head":"<!-- This site is optimized with the Yoast SEO plugin v27.2 - https:\/\/yoast.com\/product\/yoast-seo-wordpress\/ -->\n<title>Miami y Crucero a Bahamas - El Kaminante<\/title>\n<meta name=\"robots\" content=\"index, follow, max-snippet:-1, max-image-preview:large, max-video-preview:-1\" \/>\n<link rel=\"canonical\" href=\"https:\/\/elkaminante.com.uy\/paquetes\/miami-y-crucero-a-bahamas\/\" \/>\n<meta property=\"og:locale\" content=\"en_US\" \/>\n<meta property=\"og:type\" content=\"article\" \/>\n<meta property=\"og:title\" content=\"Miami y Crucero a Bahamas - El Kaminante\" \/>\n<meta property=\"og:description\" content=\"Destino tur\u00edstico de sol y playa por excelencia, Miami, ubicado en el estado de Florida, Estados Unidos, es un para\u00edso tropical que todo el mundo deber\u00eda conocer. Su privilegiada ubicaci\u00f3n lo convierte en un destino tur\u00edstico en el que se puede disfrutar de un clima c\u00e1lido durante los doce meses del a\u00f1o. Sus interminables extensiones de arena blanca combinadas con su agua de un color azul casi irreal forman un marco incomparable en el que pasar las vacaciones. Sin duda es un lugar que tiene mucho m\u00e1s que ofrecer que sus playas, tambi\u00e9n se puede disfrutar de un d\u00eda en el Parque Nacional de los Everglades, degustar un caf\u00e9 al estilo cubano en Little Havana, pasar un d\u00eda con los animales de Jungle Island o pasear por Ocean Drive y disfrutar de South Beach. Los colores de la bandera de las Bahamas simbolizan las doradas playas y el oc\u00e9ano que las ba\u00f1a. Sus paradis\u00edacas playas color turquesa son lo primero que se fijan en la retina del viajero que llega a la isla. Pero hay mucho m\u00e1s. Nassau est\u00e1 ubicada en la isla de New Providence de 33 kil\u00f3metros de largo y que est\u00e1 conectada, a trav\u00e9s de un puente, a Paradise Island, uno de los destinos m\u00e1s populares en las Bahamas gracias al mega resort y hotel Atlantis. La ciudad de Nassau cuenta con calles arboladas con cientos de especies tropicales donde el visitante ver\u00e1 pasear carruajes a caballo, polic\u00edas con chaquetas blancas y coloridos cascos de la \u00e9poca colonial. Playas de suave arena donde descansar al fresco de la brisa oce\u00e1nica no est\u00e1n muy lejos del muelle, visitar sus vestigios hist\u00f3ricos, ir a sus mercados, o realizar alguna de las actividades acu\u00e1ticas, son algunas de las m\u00faltiples opciones disponibles para quienes llegan la ciudad, ya sea en una escala de crucero o como por m\u00e1s d\u00edas.\" \/>\n<meta property=\"og:url\" content=\"https:\/\/elkaminante.com.uy\/paquetes\/miami-y-crucero-a-bahamas\/\" \/>\n<meta property=\"og:site_name\" content=\"El Kaminante\" \/>\n<meta property=\"article:modified_time\" content=\"2026-04-17T12:38:57+00:00\" \/>\n<meta name=\"twitter:card\" content=\"summary_large_image\" \/>\n<script type=\"application\/ld+json\" class=\"yoast-schema-graph\">{\"@context\":\"https:\/\/schema.org\",\"@graph\":[{\"@type\":\"WebPage\",\"@id\":\"https:\/\/elkaminante.com.uy\/paquetes\/miami-y-crucero-a-bahamas\/\",\"url\":\"https:\/\/elkaminante.com.uy\/paquetes\/miami-y-crucero-a-bahamas\/\",\"name\":\"Miami y Crucero a Bahamas - El Kaminante\",\"isPartOf\":{\"@id\":\"https:\/\/elkaminante.com.uy\/#website\"},\"primaryImageOfPage\":{\"@id\":\"https:\/\/elkaminante.com.uy\/paquetes\/miami-y-crucero-a-bahamas\/#primaryimage\"},\"image\":{\"@id\":\"https:\/\/elkaminante.com.uy\/paquetes\/miami-y-crucero-a-bahamas\/#primaryimage\"},\"thumbnailUrl\":\"https:\/\/elkaminante.com.uy\/wp-content\/uploads\/2025\/06\/PAQ291.webp\",\"datePublished\":\"2025-06-16T23:09:52+00:00\",\"dateModified\":\"2026-04-17T12:38:57+00:00\",\"breadcrumb\":{\"@id\":\"https:\/\/elkaminante.com.uy\/paquetes\/miami-y-crucero-a-bahamas\/#breadcrumb\"},\"inLanguage\":\"en-US\",\"potentialAction\":[{\"@type\":\"ReadAction\",\"target\":[\"https:\/\/elkaminante.com.uy\/paquetes\/miami-y-crucero-a-bahamas\/\"]}]},{\"@type\":\"ImageObject\",\"inLanguage\":\"en-US\",\"@id\":\"https:\/\/elkaminante.com.uy\/paquetes\/miami-y-crucero-a-bahamas\/#primaryimage\",\"url\":\"https:\/\/elkaminante.com.uy\/wp-content\/uploads\/2025\/06\/PAQ291.webp\",\"contentUrl\":\"https:\/\/elkaminante.com.uy\/wp-content\/uploads\/2025\/06\/PAQ291.webp\",\"width\":800,\"height\":457},{\"@type\":\"BreadcrumbList\",\"@id\":\"https:\/\/elkaminante.com.uy\/paquetes\/miami-y-crucero-a-bahamas\/#breadcrumb\",\"itemListElement\":[{\"@type\":\"ListItem\",\"position\":1,\"name\":\"Inicio\",\"item\":\"https:\/\/elkaminante.com.uy\/en\/\"},{\"@type\":\"ListItem\",\"position\":2,\"name\":\"Viajes por el mundo\",\"item\":\"https:\/\/elkaminante.com.uy\/en\/paquetes\/\"},{\"@type\":\"ListItem\",\"position\":3,\"name\":\"Miami y Crucero a Bahamas\"}]},{\"@type\":\"WebSite\",\"@id\":\"https:\/\/elkaminante.com.uy\/#website\",\"url\":\"https:\/\/elkaminante.com.uy\/\",\"name\":\"El Kaminante\",\"description\":\"Viajes &amp; Turismo\",\"publisher\":{\"@id\":\"https:\/\/elkaminante.com.uy\/#organization\"},\"potentialAction\":[{\"@type\":\"SearchAction\",\"target\":{\"@type\":\"EntryPoint\",\"urlTemplate\":\"https:\/\/elkaminante.com.uy\/?s={search_term_string}\"},\"query-input\":{\"@type\":\"PropertyValueSpecification\",\"valueRequired\":true,\"valueName\":\"search_term_string\"}}],\"inLanguage\":\"en-US\"},{\"@type\":\"Organization\",\"@id\":\"https:\/\/elkaminante.com.uy\/#organization\",\"name\":\"El Kaminante\",\"url\":\"https:\/\/elkaminante.com.uy\/\",\"logo\":{\"@type\":\"ImageObject\",\"inLanguage\":\"en-US\",\"@id\":\"https:\/\/elkaminante.com.uy\/#\/schema\/logo\/image\/\",\"url\":\"https:\/\/elkaminante.com.uy\/wp-content\/uploads\/2025\/02\/logo-elkaminante-blanco.svg\",\"contentUrl\":\"https:\/\/elkaminante.com.uy\/wp-content\/uploads\/2025\/02\/logo-elkaminante-blanco.svg\",\"caption\":\"El Kaminante\"},\"image\":{\"@id\":\"https:\/\/elkaminante.com.uy\/#\/schema\/logo\/image\/\"}}]}<\/script>\n<!-- \/ Yoast SEO plugin. -->","yoast_head_json":{"title":"Miami y Crucero a Bahamas - El Kaminante","robots":{"index":"index","follow":"follow","max-snippet":"max-snippet:-1","max-image-preview":"max-image-preview:large","max-video-preview":"max-video-preview:-1"},"canonical":"https:\/\/elkaminante.com.uy\/paquetes\/miami-y-crucero-a-bahamas\/","og_locale":"en_US","og_type":"article","og_title":"Miami y Crucero a Bahamas - El Kaminante","og_description":"Destino tur\u00edstico de sol y playa por excelencia, Miami, ubicado en el estado de Florida, Estados Unidos, es un para\u00edso tropical que todo el mundo deber\u00eda conocer. Su privilegiada ubicaci\u00f3n lo convierte en un destino tur\u00edstico en el que se puede disfrutar de un clima c\u00e1lido durante los doce meses del a\u00f1o. Sus interminables extensiones de arena blanca combinadas con su agua de un color azul casi irreal forman un marco incomparable en el que pasar las vacaciones. Sin duda es un lugar que tiene mucho m\u00e1s que ofrecer que sus playas, tambi\u00e9n se puede disfrutar de un d\u00eda en el Parque Nacional de los Everglades, degustar un caf\u00e9 al estilo cubano en Little Havana, pasar un d\u00eda con los animales de Jungle Island o pasear por Ocean Drive y disfrutar de South Beach. Los colores de la bandera de las Bahamas simbolizan las doradas playas y el oc\u00e9ano que las ba\u00f1a. Sus paradis\u00edacas playas color turquesa son lo primero que se fijan en la retina del viajero que llega a la isla. Pero hay mucho m\u00e1s. Nassau est\u00e1 ubicada en la isla de New Providence de 33 kil\u00f3metros de largo y que est\u00e1 conectada, a trav\u00e9s de un puente, a Paradise Island, uno de los destinos m\u00e1s populares en las Bahamas gracias al mega resort y hotel Atlantis. La ciudad de Nassau cuenta con calles arboladas con cientos de especies tropicales donde el visitante ver\u00e1 pasear carruajes a caballo, polic\u00edas con chaquetas blancas y coloridos cascos de la \u00e9poca colonial. Playas de suave arena donde descansar al fresco de la brisa oce\u00e1nica no est\u00e1n muy lejos del muelle, visitar sus vestigios hist\u00f3ricos, ir a sus mercados, o realizar alguna de las actividades acu\u00e1ticas, son algunas de las m\u00faltiples opciones disponibles para quienes llegan la ciudad, ya sea en una escala de crucero o como por m\u00e1s d\u00edas.","og_url":"https:\/\/elkaminante.com.uy\/paquetes\/miami-y-crucero-a-bahamas\/","og_site_name":"El Kaminante","article_modified_time":"2026-04-17T12:38:57+00:00","twitter_card":"summary_large_image","schema":{"@context":"https:\/\/schema.org","@graph":[{"@type":"WebPage","@id":"https:\/\/elkaminante.com.uy\/paquetes\/miami-y-crucero-a-bahamas\/","url":"https:\/\/elkaminante.com.uy\/paquetes\/miami-y-crucero-a-bahamas\/","name":"Miami y Crucero a Bahamas - El Kaminante","isPartOf":{"@id":"https:\/\/elkaminante.com.uy\/#website"},"primaryImageOfPage":{"@id":"https:\/\/elkaminante.com.uy\/paquetes\/miami-y-crucero-a-bahamas\/#primaryimage"},"image":{"@id":"https:\/\/elkaminante.com.uy\/paquetes\/miami-y-crucero-a-bahamas\/#primaryimage"},"thumbnailUrl":"https:\/\/elkaminante.com.uy\/wp-content\/uploads\/2025\/06\/PAQ291.webp","datePublished":"2025-06-16T23:09:52+00:00","dateModified":"2026-04-17T12:38:57+00:00","breadcrumb":{"@id":"https:\/\/elkaminante.com.uy\/paquetes\/miami-y-crucero-a-bahamas\/#breadcrumb"},"inLanguage":"en-US","potentialAction":[{"@type":"ReadAction","target":["https:\/\/elkaminante.com.uy\/paquetes\/miami-y-crucero-a-bahamas\/"]}]},{"@type":"ImageObject","inLanguage":"en-US","@id":"https:\/\/elkaminante.com.uy\/paquetes\/miami-y-crucero-a-bahamas\/#primaryimage","url":"https:\/\/elkaminante.com.uy\/wp-content\/uploads\/2025\/06\/PAQ291.webp","contentUrl":"https:\/\/elkaminante.com.uy\/wp-content\/uploads\/2025\/06\/PAQ291.webp","width":800,"height":457},{"@type":"BreadcrumbList","@id":"https:\/\/elkaminante.com.uy\/paquetes\/miami-y-crucero-a-bahamas\/#breadcrumb","itemListElement":[{"@type":"ListItem","position":1,"name":"Inicio","item":"https:\/\/elkaminante.com.uy\/en\/"},{"@type":"ListItem","position":2,"name":"Viajes por el mundo","item":"https:\/\/elkaminante.com.uy\/en\/paquetes\/"},{"@type":"ListItem","position":3,"name":"Miami y Crucero a Bahamas"}]},{"@type":"WebSite","@id":"https:\/\/elkaminante.com.uy\/#website","url":"https:\/\/elkaminante.com.uy\/","name":"El Kaminante","description":"Viajes &amp; Turismo","publisher":{"@id":"https:\/\/elkaminante.com.uy\/#organization"},"potentialAction":[{"@type":"SearchAction","target":{"@type":"EntryPoint","urlTemplate":"https:\/\/elkaminante.com.uy\/?s={search_term_string}"},"query-input":{"@type":"PropertyValueSpecification","valueRequired":true,"valueName":"search_term_string"}}],"inLanguage":"en-US"},{"@type":"Organization","@id":"https:\/\/elkaminante.com.uy\/#organization","name":"El Kaminante","url":"https:\/\/elkaminante.com.uy\/","logo":{"@type":"ImageObject","inLanguage":"en-US","@id":"https:\/\/elkaminante.com.uy\/#\/schema\/logo\/image\/","url":"https:\/\/elkaminante.com.uy\/wp-content\/uploads\/2025\/02\/logo-elkaminante-blanco.svg","contentUrl":"https:\/\/elkaminante.com.uy\/wp-content\/uploads\/2025\/02\/logo-elkaminante-blanco.svg","caption":"El Kaminante"},"image":{"@id":"https:\/\/elkaminante.com.uy\/#\/schema\/logo\/image\/"}}]}},"_links":{"self":[{"href":"https:\/\/elkaminante.com.uy\/en\/wp-json\/wp\/v2\/product\/10485","targetHints":{"allow":["GET"]}}],"collection":[{"href":"https:\/\/elkaminante.com.uy\/en\/wp-json\/wp\/v2\/product"}],"about":[{"href":"https:\/\/elkaminante.com.uy\/en\/wp-json\/wp\/v2\/types\/product"}],"wp:featuredmedia":[{"embeddable":true,"href":"https:\/\/elkaminante.com.uy\/en\/wp-json\/wp\/v2\/media\/10483"}],"wp:attachment":[{"href":"https:\/\/elkaminante.com.uy\/en\/wp-json\/wp\/v2\/media?parent=10485"}],"wp:term":[{"taxonomy":"product_brand","embeddable":true,"href":"https:\/\/elkaminante.com.uy\/en\/wp-json\/wp\/v2\/product_brand?post=10485"},{"taxonomy":"product_cat","embeddable":true,"href":"https:\/\/elkaminante.com.uy\/en\/wp-json\/wp\/v2\/product_cat?post=10485"},{"taxonomy":"product_tag","embeddable":true,"href":"https:\/\/elkaminante.com.uy\/en\/wp-json\/wp\/v2\/product_tag?post=10485"}],"curies":[{"name":"wp","href":"https:\/\/api.w.org\/{rel}","templated":true}]}}