{"id":10458,"date":"2025-06-16T20:09:37","date_gmt":"2025-06-16T23:09:37","guid":{"rendered":"https:\/\/elkaminante.com.uy\/paquetes\/fin-de-ano-en-disney\/"},"modified":"2026-04-17T09:38:57","modified_gmt":"2026-04-17T12:38:57","slug":"fin-de-ano-en-disney","status":"publish","type":"product","link":"https:\/\/elkaminante.com.uy\/en\/paquetes\/fin-de-ano-en-disney\/","title":{"rendered":"Fin de A\u00f1o en Disney"},"content":{"rendered":"","protected":false},"excerpt":{"rendered":"<p>Considerada como la ciudad central del \u00e1rea metropolitana que lleva el mismo nombre, <b>Orlando<\/b> se encuentra en el estado de Florida, en la regi\u00f3n de la Florida Central en Estados Unidos. Hablar de Orlando implica imaginar enormes parques de diversiones, y no es para menos, ya que alberga y le dan vida al destino las atracciones de Walt Disney World , Universal Studios y Sea World, entre otros. El clima es subtropical h\u00famedo, con largos, calurosos y lluviosos veranos, mientras que los inviernos son breves y, por lo general, c\u00e1lidos. La diversi\u00f3n nocturna no puede pasar desapercibida, ya que encontrar\u00e1 una infinidad de lugares para bailar, cenar, o simplemente pasear por la noche. El \u00e1rea de Orlando est\u00e1 repleta de salas de fiestas tem\u00e1ticas, desde los banquetes medievales hasta los bares de piano y clubes occidentales, seguramente encontrar\u00e1 donde divertirse. <i>Principales atractivos tur\u00edsticos:<\/i>Walt Disney World, Universal Studios, Sea World, The Weel en ICON Park, Centro Espacial Kennedy, el aut\u00f3dromo de Daytona, Fun Spot America, Madame Tussauds, Museo de las Ilusiones, Wonder Works y los outlets de compras, entre otros.<\/p>\n","protected":false},"featured_media":10456,"template":"","meta":{"_acf_changed":false,"inline_featured_image":false},"product_brand":[],"product_cat":[28,1579],"product_tag":[70,2531,323,4081,1212,1210,68,573,2093,2113,67,326,322,2532,1621,3439,65,71,316,393,73,1213,246,317,1211,120,61,69,1583,75,1214,247,318,119],"class_list":{"0":"post-10458","1":"product","2":"type-product","3":"status-publish","4":"has-post-thumbnail","6":"product_cat-paquetes","7":"product_cat-uruguay","8":"product_tag-america-del-norte","9":"product_tag-ano-nuevo","10":"product_tag-diciembre","11":"product_tag-diciembre-2026viaje-familiar","12":"product_tag-disney","13":"product_tag-disney-solo-imagen","14":"product_tag-eeuu","15":"product_tag-en-diciembre","16":"product_tag-en-estados-unidos","17":"product_tag-en-orlando","18":"product_tag-estados-unidos","19":"product_tag-estados-unidos-en-diciembre","20":"product_tag-estados-unidos-en-orlando","21":"product_tag-fiestas-diciembre","22":"product_tag-fin-de-ano","23":"product_tag-fin-de-ano-en-disney","24":"product_tag-no-aplica","25":"product_tag-norte-america","26":"product_tag-orlando","27":"product_tag-otros-destinos","28":"product_tag-paquetes-a-america-del-norte","29":"product_tag-paquetes-a-disney-solo-imagen","30":"product_tag-paquetes-a-estados-unidos","31":"product_tag-paquetes-a-orlando","32":"product_tag-parques","33":"product_tag-sin-comidas","34":"product_tag-sin-destino","35":"product_tag-usa","36":"product_tag-viaje-familiar","37":"product_tag-viajes-a-america-del-norte","38":"product_tag-viajes-a-disney-solo-imagen","39":"product_tag-viajes-a-estados-unidos","40":"product_tag-viajes-a-orlando","41":"product_tag-vuelo-y-hotel","42":"entry","43":"has-media","45":"first","46":"instock","47":"shipping-taxable","48":"purchasable","49":"product-type-simple"},"acf":[],"yoast_head":"<!-- This site is optimized with the Yoast SEO plugin v27.2 - https:\/\/yoast.com\/product\/yoast-seo-wordpress\/ -->\n<title>Fin de A\u00f1o en Disney - El Kaminante<\/title>\n<meta name=\"robots\" content=\"index, follow, max-snippet:-1, max-image-preview:large, max-video-preview:-1\" \/>\n<link rel=\"canonical\" href=\"https:\/\/elkaminante.com.uy\/paquetes\/fin-de-ano-en-disney\/\" \/>\n<meta property=\"og:locale\" content=\"en_US\" \/>\n<meta property=\"og:type\" content=\"article\" \/>\n<meta property=\"og:title\" content=\"Fin de A\u00f1o en Disney - El Kaminante\" \/>\n<meta property=\"og:description\" content=\"Considerada como la ciudad central del \u00e1rea metropolitana que lleva el mismo nombre, Orlando se encuentra en el estado de Florida, en la regi\u00f3n de la Florida Central en Estados Unidos. Hablar de Orlando implica imaginar enormes parques de diversiones, y no es para menos, ya que alberga y le dan vida al destino las atracciones de Walt Disney World , Universal Studios y Sea World, entre otros. El clima es subtropical h\u00famedo, con largos, calurosos y lluviosos veranos, mientras que los inviernos son breves y, por lo general, c\u00e1lidos. La diversi\u00f3n nocturna no puede pasar desapercibida, ya que encontrar\u00e1 una infinidad de lugares para bailar, cenar, o simplemente pasear por la noche. El \u00e1rea de Orlando est\u00e1 repleta de salas de fiestas tem\u00e1ticas, desde los banquetes medievales hasta los bares de piano y clubes occidentales, seguramente encontrar\u00e1 donde divertirse. Principales atractivos tur\u00edsticos:Walt Disney World, Universal Studios, Sea World, The Weel en ICON Park, Centro Espacial Kennedy, el aut\u00f3dromo de Daytona, Fun Spot America, Madame Tussauds, Museo de las Ilusiones, Wonder Works y los outlets de compras, entre otros.\" \/>\n<meta property=\"og:url\" content=\"https:\/\/elkaminante.com.uy\/paquetes\/fin-de-ano-en-disney\/\" \/>\n<meta property=\"og:site_name\" content=\"El Kaminante\" \/>\n<meta property=\"article:modified_time\" content=\"2026-04-17T12:38:57+00:00\" \/>\n<meta property=\"og:image\" content=\"https:\/\/elkaminante.com.uy\/wp-content\/uploads\/2025\/06\/PAQ286.webp\" \/>\n\t<meta property=\"og:image:width\" content=\"800\" \/>\n\t<meta property=\"og:image:height\" content=\"457\" \/>\n\t<meta property=\"og:image:type\" content=\"image\/webp\" \/>\n<meta name=\"twitter:card\" content=\"summary_large_image\" \/>\n<script type=\"application\/ld+json\" class=\"yoast-schema-graph\">{\"@context\":\"https:\/\/schema.org\",\"@graph\":[{\"@type\":\"WebPage\",\"@id\":\"https:\/\/elkaminante.com.uy\/paquetes\/fin-de-ano-en-disney\/\",\"url\":\"https:\/\/elkaminante.com.uy\/paquetes\/fin-de-ano-en-disney\/\",\"name\":\"Fin de A\u00f1o en Disney - El Kaminante\",\"isPartOf\":{\"@id\":\"https:\/\/elkaminante.com.uy\/#website\"},\"primaryImageOfPage\":{\"@id\":\"https:\/\/elkaminante.com.uy\/paquetes\/fin-de-ano-en-disney\/#primaryimage\"},\"image\":{\"@id\":\"https:\/\/elkaminante.com.uy\/paquetes\/fin-de-ano-en-disney\/#primaryimage\"},\"thumbnailUrl\":\"https:\/\/elkaminante.com.uy\/wp-content\/uploads\/2025\/06\/PAQ286.webp\",\"datePublished\":\"2025-06-16T23:09:37+00:00\",\"dateModified\":\"2026-04-17T12:38:57+00:00\",\"breadcrumb\":{\"@id\":\"https:\/\/elkaminante.com.uy\/paquetes\/fin-de-ano-en-disney\/#breadcrumb\"},\"inLanguage\":\"en-US\",\"potentialAction\":[{\"@type\":\"ReadAction\",\"target\":[\"https:\/\/elkaminante.com.uy\/paquetes\/fin-de-ano-en-disney\/\"]}]},{\"@type\":\"ImageObject\",\"inLanguage\":\"en-US\",\"@id\":\"https:\/\/elkaminante.com.uy\/paquetes\/fin-de-ano-en-disney\/#primaryimage\",\"url\":\"https:\/\/elkaminante.com.uy\/wp-content\/uploads\/2025\/06\/PAQ286.webp\",\"contentUrl\":\"https:\/\/elkaminante.com.uy\/wp-content\/uploads\/2025\/06\/PAQ286.webp\",\"width\":800,\"height\":457},{\"@type\":\"BreadcrumbList\",\"@id\":\"https:\/\/elkaminante.com.uy\/paquetes\/fin-de-ano-en-disney\/#breadcrumb\",\"itemListElement\":[{\"@type\":\"ListItem\",\"position\":1,\"name\":\"Inicio\",\"item\":\"https:\/\/elkaminante.com.uy\/en\/\"},{\"@type\":\"ListItem\",\"position\":2,\"name\":\"Viajes por el mundo\",\"item\":\"https:\/\/elkaminante.com.uy\/en\/paquetes\/\"},{\"@type\":\"ListItem\",\"position\":3,\"name\":\"Fin de A\u00f1o en Disney\"}]},{\"@type\":\"WebSite\",\"@id\":\"https:\/\/elkaminante.com.uy\/#website\",\"url\":\"https:\/\/elkaminante.com.uy\/\",\"name\":\"El Kaminante\",\"description\":\"Viajes &amp; Turismo\",\"publisher\":{\"@id\":\"https:\/\/elkaminante.com.uy\/#organization\"},\"potentialAction\":[{\"@type\":\"SearchAction\",\"target\":{\"@type\":\"EntryPoint\",\"urlTemplate\":\"https:\/\/elkaminante.com.uy\/?s={search_term_string}\"},\"query-input\":{\"@type\":\"PropertyValueSpecification\",\"valueRequired\":true,\"valueName\":\"search_term_string\"}}],\"inLanguage\":\"en-US\"},{\"@type\":\"Organization\",\"@id\":\"https:\/\/elkaminante.com.uy\/#organization\",\"name\":\"El Kaminante\",\"url\":\"https:\/\/elkaminante.com.uy\/\",\"logo\":{\"@type\":\"ImageObject\",\"inLanguage\":\"en-US\",\"@id\":\"https:\/\/elkaminante.com.uy\/#\/schema\/logo\/image\/\",\"url\":\"https:\/\/elkaminante.com.uy\/wp-content\/uploads\/2025\/02\/logo-elkaminante-blanco.svg\",\"contentUrl\":\"https:\/\/elkaminante.com.uy\/wp-content\/uploads\/2025\/02\/logo-elkaminante-blanco.svg\",\"caption\":\"El Kaminante\"},\"image\":{\"@id\":\"https:\/\/elkaminante.com.uy\/#\/schema\/logo\/image\/\"}}]}<\/script>\n<!-- \/ Yoast SEO plugin. -->","yoast_head_json":{"title":"Fin de A\u00f1o en Disney - El Kaminante","robots":{"index":"index","follow":"follow","max-snippet":"max-snippet:-1","max-image-preview":"max-image-preview:large","max-video-preview":"max-video-preview:-1"},"canonical":"https:\/\/elkaminante.com.uy\/paquetes\/fin-de-ano-en-disney\/","og_locale":"en_US","og_type":"article","og_title":"Fin de A\u00f1o en Disney - El Kaminante","og_description":"Considerada como la ciudad central del \u00e1rea metropolitana que lleva el mismo nombre, Orlando se encuentra en el estado de Florida, en la regi\u00f3n de la Florida Central en Estados Unidos. Hablar de Orlando implica imaginar enormes parques de diversiones, y no es para menos, ya que alberga y le dan vida al destino las atracciones de Walt Disney World , Universal Studios y Sea World, entre otros. El clima es subtropical h\u00famedo, con largos, calurosos y lluviosos veranos, mientras que los inviernos son breves y, por lo general, c\u00e1lidos. La diversi\u00f3n nocturna no puede pasar desapercibida, ya que encontrar\u00e1 una infinidad de lugares para bailar, cenar, o simplemente pasear por la noche. El \u00e1rea de Orlando est\u00e1 repleta de salas de fiestas tem\u00e1ticas, desde los banquetes medievales hasta los bares de piano y clubes occidentales, seguramente encontrar\u00e1 donde divertirse. Principales atractivos tur\u00edsticos:Walt Disney World, Universal Studios, Sea World, The Weel en ICON Park, Centro Espacial Kennedy, el aut\u00f3dromo de Daytona, Fun Spot America, Madame Tussauds, Museo de las Ilusiones, Wonder Works y los outlets de compras, entre otros.","og_url":"https:\/\/elkaminante.com.uy\/paquetes\/fin-de-ano-en-disney\/","og_site_name":"El Kaminante","article_modified_time":"2026-04-17T12:38:57+00:00","og_image":[{"width":800,"height":457,"url":"https:\/\/elkaminante.com.uy\/wp-content\/uploads\/2025\/06\/PAQ286.webp","type":"image\/webp"}],"twitter_card":"summary_large_image","schema":{"@context":"https:\/\/schema.org","@graph":[{"@type":"WebPage","@id":"https:\/\/elkaminante.com.uy\/paquetes\/fin-de-ano-en-disney\/","url":"https:\/\/elkaminante.com.uy\/paquetes\/fin-de-ano-en-disney\/","name":"Fin de A\u00f1o en Disney - El Kaminante","isPartOf":{"@id":"https:\/\/elkaminante.com.uy\/#website"},"primaryImageOfPage":{"@id":"https:\/\/elkaminante.com.uy\/paquetes\/fin-de-ano-en-disney\/#primaryimage"},"image":{"@id":"https:\/\/elkaminante.com.uy\/paquetes\/fin-de-ano-en-disney\/#primaryimage"},"thumbnailUrl":"https:\/\/elkaminante.com.uy\/wp-content\/uploads\/2025\/06\/PAQ286.webp","datePublished":"2025-06-16T23:09:37+00:00","dateModified":"2026-04-17T12:38:57+00:00","breadcrumb":{"@id":"https:\/\/elkaminante.com.uy\/paquetes\/fin-de-ano-en-disney\/#breadcrumb"},"inLanguage":"en-US","potentialAction":[{"@type":"ReadAction","target":["https:\/\/elkaminante.com.uy\/paquetes\/fin-de-ano-en-disney\/"]}]},{"@type":"ImageObject","inLanguage":"en-US","@id":"https:\/\/elkaminante.com.uy\/paquetes\/fin-de-ano-en-disney\/#primaryimage","url":"https:\/\/elkaminante.com.uy\/wp-content\/uploads\/2025\/06\/PAQ286.webp","contentUrl":"https:\/\/elkaminante.com.uy\/wp-content\/uploads\/2025\/06\/PAQ286.webp","width":800,"height":457},{"@type":"BreadcrumbList","@id":"https:\/\/elkaminante.com.uy\/paquetes\/fin-de-ano-en-disney\/#breadcrumb","itemListElement":[{"@type":"ListItem","position":1,"name":"Inicio","item":"https:\/\/elkaminante.com.uy\/en\/"},{"@type":"ListItem","position":2,"name":"Viajes por el mundo","item":"https:\/\/elkaminante.com.uy\/en\/paquetes\/"},{"@type":"ListItem","position":3,"name":"Fin de A\u00f1o en Disney"}]},{"@type":"WebSite","@id":"https:\/\/elkaminante.com.uy\/#website","url":"https:\/\/elkaminante.com.uy\/","name":"El Kaminante","description":"Viajes &amp; Turismo","publisher":{"@id":"https:\/\/elkaminante.com.uy\/#organization"},"potentialAction":[{"@type":"SearchAction","target":{"@type":"EntryPoint","urlTemplate":"https:\/\/elkaminante.com.uy\/?s={search_term_string}"},"query-input":{"@type":"PropertyValueSpecification","valueRequired":true,"valueName":"search_term_string"}}],"inLanguage":"en-US"},{"@type":"Organization","@id":"https:\/\/elkaminante.com.uy\/#organization","name":"El Kaminante","url":"https:\/\/elkaminante.com.uy\/","logo":{"@type":"ImageObject","inLanguage":"en-US","@id":"https:\/\/elkaminante.com.uy\/#\/schema\/logo\/image\/","url":"https:\/\/elkaminante.com.uy\/wp-content\/uploads\/2025\/02\/logo-elkaminante-blanco.svg","contentUrl":"https:\/\/elkaminante.com.uy\/wp-content\/uploads\/2025\/02\/logo-elkaminante-blanco.svg","caption":"El Kaminante"},"image":{"@id":"https:\/\/elkaminante.com.uy\/#\/schema\/logo\/image\/"}}]}},"_links":{"self":[{"href":"https:\/\/elkaminante.com.uy\/en\/wp-json\/wp\/v2\/product\/10458","targetHints":{"allow":["GET"]}}],"collection":[{"href":"https:\/\/elkaminante.com.uy\/en\/wp-json\/wp\/v2\/product"}],"about":[{"href":"https:\/\/elkaminante.com.uy\/en\/wp-json\/wp\/v2\/types\/product"}],"wp:featuredmedia":[{"embeddable":true,"href":"https:\/\/elkaminante.com.uy\/en\/wp-json\/wp\/v2\/media\/10456"}],"wp:attachment":[{"href":"https:\/\/elkaminante.com.uy\/en\/wp-json\/wp\/v2\/media?parent=10458"}],"wp:term":[{"taxonomy":"product_brand","embeddable":true,"href":"https:\/\/elkaminante.com.uy\/en\/wp-json\/wp\/v2\/product_brand?post=10458"},{"taxonomy":"product_cat","embeddable":true,"href":"https:\/\/elkaminante.com.uy\/en\/wp-json\/wp\/v2\/product_cat?post=10458"},{"taxonomy":"product_tag","embeddable":true,"href":"https:\/\/elkaminante.com.uy\/en\/wp-json\/wp\/v2\/product_tag?post=10458"}],"curies":[{"name":"wp","href":"https:\/\/api.w.org\/{rel}","templated":true}]}}