{"id":10449,"date":"2025-06-16T20:09:19","date_gmt":"2025-06-16T23:09:19","guid":{"rendered":"https:\/\/elkaminante.com.uy\/paquetes\/st-maarten-all-inclusive\/"},"modified":"2026-04-17T09:38:57","modified_gmt":"2026-04-17T12:38:57","slug":"st-maarten-all-inclusive","status":"publish","type":"product","link":"https:\/\/elkaminante.com.uy\/en\/paquetes\/st-maarten-all-inclusive\/","title":{"rendered":"St. Maarten All Inclusive"},"content":{"rendered":"","protected":false},"excerpt":{"rendered":"<p><b>Saint-Martin<\/b> es realmente una isla \u00fanica en el Caribe. Es la m\u00e1s peque\u00f1a del mundo compartida por dos naciones -Holanda y Francia- creando para el visitante un ambiente de marcada influencia europea mixturada con un distintivo sello caribe\u00f1o. M\u00e1s all\u00e1 de sus so\u00f1adas playas aptas para todos los deportes acu\u00e1ticos, St. Martin es conocida como la capital gastron\u00f3mica del Caribe con una gama ecl\u00e9ctica de fusi\u00f3n culinaria elegantemente perfeccionada, que hace que los gourmands regresen cada a\u00f1o para disfrutar de sus m\u00e1s de 400 restaurantes, cada uno con su particularidad. Situada en el extremo norte de las Antillas Menores, St. Martin cuenta con 37 playas y es el hogar de numerosos sitios de inter\u00e9s hist\u00f3rico y otros orientados a la diversi\u00f3n familiar, como el St. Maarten Zoological and Botanical Gardens, que cobija una sorprendente y ex\u00f3tica variedad de flora y fauna.<\/p>\n","protected":false},"featured_media":10447,"template":"","meta":{"_acf_changed":false,"inline_featured_image":false},"product_brand":[],"product_cat":[28,1579],"product_tag":[173,175,34,845,176,2050,2250,65,121,3953,880,180,892,177,891,890,4208,1993,61,3438,3282,182,893,178,119],"class_list":{"0":"post-10449","1":"product","2":"type-product","3":"status-publish","4":"has-post-thumbnail","6":"product_cat-paquetes","7":"product_cat-uruguay","8":"product_tag-all-inclusive","9":"product_tag-america-central","10":"product_tag-caribe","11":"product_tag-caribecaribe","12":"product_tag-centro-america","13":"product_tag-en-octubre","14":"product_tag-en-saint-martin","15":"product_tag-no-aplica","16":"product_tag-octubre","17":"product_tag-octubre-2026all-inclusive","18":"product_tag-paises-bajos","19":"product_tag-paquetes-a-america-central","20":"product_tag-paquetes-a-saint-martin","21":"product_tag-paquetes-al-caribe","22":"product_tag-saint-martin-2","23":"product_tag-saint-martin","24":"product_tag-saint-martin-en-octubre","25":"product_tag-saint-martin-en-saint-martin","26":"product_tag-sin-destino","27":"product_tag-st-maarten-all-inclusive","28":"product_tag-temporada-baja","29":"product_tag-viajes-a-america-central","30":"product_tag-viajes-a-saint-martin","31":"product_tag-viajes-al-caribe","32":"product_tag-vuelo-y-hotel","33":"entry","34":"has-media","36":"first","37":"instock","38":"shipping-taxable","39":"purchasable","40":"product-type-simple"},"acf":[],"yoast_head":"<!-- This site is optimized with the Yoast SEO plugin v27.2 - https:\/\/yoast.com\/product\/yoast-seo-wordpress\/ -->\n<title>St. Maarten All Inclusive - El Kaminante<\/title>\n<meta name=\"robots\" content=\"index, follow, max-snippet:-1, max-image-preview:large, max-video-preview:-1\" \/>\n<link rel=\"canonical\" href=\"https:\/\/elkaminante.com.uy\/paquetes\/st-maarten-all-inclusive\/\" \/>\n<meta property=\"og:locale\" content=\"en_US\" \/>\n<meta property=\"og:type\" content=\"article\" \/>\n<meta property=\"og:title\" content=\"St. Maarten All Inclusive - El Kaminante\" \/>\n<meta property=\"og:description\" content=\"Saint-Martin es realmente una isla \u00fanica en el Caribe. Es la m\u00e1s peque\u00f1a del mundo compartida por dos naciones -Holanda y Francia- creando para el visitante un ambiente de marcada influencia europea mixturada con un distintivo sello caribe\u00f1o. M\u00e1s all\u00e1 de sus so\u00f1adas playas aptas para todos los deportes acu\u00e1ticos, St. Martin es conocida como la capital gastron\u00f3mica del Caribe con una gama ecl\u00e9ctica de fusi\u00f3n culinaria elegantemente perfeccionada, que hace que los gourmands regresen cada a\u00f1o para disfrutar de sus m\u00e1s de 400 restaurantes, cada uno con su particularidad. Situada en el extremo norte de las Antillas Menores, St. Martin cuenta con 37 playas y es el hogar de numerosos sitios de inter\u00e9s hist\u00f3rico y otros orientados a la diversi\u00f3n familiar, como el St. Maarten Zoological and Botanical Gardens, que cobija una sorprendente y ex\u00f3tica variedad de flora y fauna.\" \/>\n<meta property=\"og:url\" content=\"https:\/\/elkaminante.com.uy\/paquetes\/st-maarten-all-inclusive\/\" \/>\n<meta property=\"og:site_name\" content=\"El Kaminante\" \/>\n<meta property=\"article:modified_time\" content=\"2026-04-17T12:38:57+00:00\" \/>\n<meta property=\"og:image\" content=\"https:\/\/elkaminante.com.uy\/wp-content\/uploads\/2025\/06\/PAQ283.webp\" \/>\n\t<meta property=\"og:image:width\" content=\"800\" \/>\n\t<meta property=\"og:image:height\" content=\"457\" \/>\n\t<meta property=\"og:image:type\" content=\"image\/webp\" \/>\n<meta name=\"twitter:card\" content=\"summary_large_image\" \/>\n<script type=\"application\/ld+json\" class=\"yoast-schema-graph\">{\"@context\":\"https:\/\/schema.org\",\"@graph\":[{\"@type\":\"WebPage\",\"@id\":\"https:\/\/elkaminante.com.uy\/paquetes\/st-maarten-all-inclusive\/\",\"url\":\"https:\/\/elkaminante.com.uy\/paquetes\/st-maarten-all-inclusive\/\",\"name\":\"St. Maarten All Inclusive - El Kaminante\",\"isPartOf\":{\"@id\":\"https:\/\/elkaminante.com.uy\/#website\"},\"primaryImageOfPage\":{\"@id\":\"https:\/\/elkaminante.com.uy\/paquetes\/st-maarten-all-inclusive\/#primaryimage\"},\"image\":{\"@id\":\"https:\/\/elkaminante.com.uy\/paquetes\/st-maarten-all-inclusive\/#primaryimage\"},\"thumbnailUrl\":\"https:\/\/elkaminante.com.uy\/wp-content\/uploads\/2025\/06\/PAQ283.webp\",\"datePublished\":\"2025-06-16T23:09:19+00:00\",\"dateModified\":\"2026-04-17T12:38:57+00:00\",\"breadcrumb\":{\"@id\":\"https:\/\/elkaminante.com.uy\/paquetes\/st-maarten-all-inclusive\/#breadcrumb\"},\"inLanguage\":\"en-US\",\"potentialAction\":[{\"@type\":\"ReadAction\",\"target\":[\"https:\/\/elkaminante.com.uy\/paquetes\/st-maarten-all-inclusive\/\"]}]},{\"@type\":\"ImageObject\",\"inLanguage\":\"en-US\",\"@id\":\"https:\/\/elkaminante.com.uy\/paquetes\/st-maarten-all-inclusive\/#primaryimage\",\"url\":\"https:\/\/elkaminante.com.uy\/wp-content\/uploads\/2025\/06\/PAQ283.webp\",\"contentUrl\":\"https:\/\/elkaminante.com.uy\/wp-content\/uploads\/2025\/06\/PAQ283.webp\",\"width\":800,\"height\":457},{\"@type\":\"BreadcrumbList\",\"@id\":\"https:\/\/elkaminante.com.uy\/paquetes\/st-maarten-all-inclusive\/#breadcrumb\",\"itemListElement\":[{\"@type\":\"ListItem\",\"position\":1,\"name\":\"Inicio\",\"item\":\"https:\/\/elkaminante.com.uy\/en\/\"},{\"@type\":\"ListItem\",\"position\":2,\"name\":\"Viajes por el mundo\",\"item\":\"https:\/\/elkaminante.com.uy\/en\/paquetes\/\"},{\"@type\":\"ListItem\",\"position\":3,\"name\":\"St. Maarten All Inclusive\"}]},{\"@type\":\"WebSite\",\"@id\":\"https:\/\/elkaminante.com.uy\/#website\",\"url\":\"https:\/\/elkaminante.com.uy\/\",\"name\":\"El Kaminante\",\"description\":\"Viajes &amp; Turismo\",\"publisher\":{\"@id\":\"https:\/\/elkaminante.com.uy\/#organization\"},\"potentialAction\":[{\"@type\":\"SearchAction\",\"target\":{\"@type\":\"EntryPoint\",\"urlTemplate\":\"https:\/\/elkaminante.com.uy\/?s={search_term_string}\"},\"query-input\":{\"@type\":\"PropertyValueSpecification\",\"valueRequired\":true,\"valueName\":\"search_term_string\"}}],\"inLanguage\":\"en-US\"},{\"@type\":\"Organization\",\"@id\":\"https:\/\/elkaminante.com.uy\/#organization\",\"name\":\"El Kaminante\",\"url\":\"https:\/\/elkaminante.com.uy\/\",\"logo\":{\"@type\":\"ImageObject\",\"inLanguage\":\"en-US\",\"@id\":\"https:\/\/elkaminante.com.uy\/#\/schema\/logo\/image\/\",\"url\":\"https:\/\/elkaminante.com.uy\/wp-content\/uploads\/2025\/02\/logo-elkaminante-blanco.svg\",\"contentUrl\":\"https:\/\/elkaminante.com.uy\/wp-content\/uploads\/2025\/02\/logo-elkaminante-blanco.svg\",\"caption\":\"El Kaminante\"},\"image\":{\"@id\":\"https:\/\/elkaminante.com.uy\/#\/schema\/logo\/image\/\"}}]}<\/script>\n<!-- \/ Yoast SEO plugin. -->","yoast_head_json":{"title":"St. Maarten All Inclusive - El Kaminante","robots":{"index":"index","follow":"follow","max-snippet":"max-snippet:-1","max-image-preview":"max-image-preview:large","max-video-preview":"max-video-preview:-1"},"canonical":"https:\/\/elkaminante.com.uy\/paquetes\/st-maarten-all-inclusive\/","og_locale":"en_US","og_type":"article","og_title":"St. Maarten All Inclusive - El Kaminante","og_description":"Saint-Martin es realmente una isla \u00fanica en el Caribe. Es la m\u00e1s peque\u00f1a del mundo compartida por dos naciones -Holanda y Francia- creando para el visitante un ambiente de marcada influencia europea mixturada con un distintivo sello caribe\u00f1o. M\u00e1s all\u00e1 de sus so\u00f1adas playas aptas para todos los deportes acu\u00e1ticos, St. Martin es conocida como la capital gastron\u00f3mica del Caribe con una gama ecl\u00e9ctica de fusi\u00f3n culinaria elegantemente perfeccionada, que hace que los gourmands regresen cada a\u00f1o para disfrutar de sus m\u00e1s de 400 restaurantes, cada uno con su particularidad. Situada en el extremo norte de las Antillas Menores, St. Martin cuenta con 37 playas y es el hogar de numerosos sitios de inter\u00e9s hist\u00f3rico y otros orientados a la diversi\u00f3n familiar, como el St. Maarten Zoological and Botanical Gardens, que cobija una sorprendente y ex\u00f3tica variedad de flora y fauna.","og_url":"https:\/\/elkaminante.com.uy\/paquetes\/st-maarten-all-inclusive\/","og_site_name":"El Kaminante","article_modified_time":"2026-04-17T12:38:57+00:00","og_image":[{"width":800,"height":457,"url":"https:\/\/elkaminante.com.uy\/wp-content\/uploads\/2025\/06\/PAQ283.webp","type":"image\/webp"}],"twitter_card":"summary_large_image","schema":{"@context":"https:\/\/schema.org","@graph":[{"@type":"WebPage","@id":"https:\/\/elkaminante.com.uy\/paquetes\/st-maarten-all-inclusive\/","url":"https:\/\/elkaminante.com.uy\/paquetes\/st-maarten-all-inclusive\/","name":"St. Maarten All Inclusive - El Kaminante","isPartOf":{"@id":"https:\/\/elkaminante.com.uy\/#website"},"primaryImageOfPage":{"@id":"https:\/\/elkaminante.com.uy\/paquetes\/st-maarten-all-inclusive\/#primaryimage"},"image":{"@id":"https:\/\/elkaminante.com.uy\/paquetes\/st-maarten-all-inclusive\/#primaryimage"},"thumbnailUrl":"https:\/\/elkaminante.com.uy\/wp-content\/uploads\/2025\/06\/PAQ283.webp","datePublished":"2025-06-16T23:09:19+00:00","dateModified":"2026-04-17T12:38:57+00:00","breadcrumb":{"@id":"https:\/\/elkaminante.com.uy\/paquetes\/st-maarten-all-inclusive\/#breadcrumb"},"inLanguage":"en-US","potentialAction":[{"@type":"ReadAction","target":["https:\/\/elkaminante.com.uy\/paquetes\/st-maarten-all-inclusive\/"]}]},{"@type":"ImageObject","inLanguage":"en-US","@id":"https:\/\/elkaminante.com.uy\/paquetes\/st-maarten-all-inclusive\/#primaryimage","url":"https:\/\/elkaminante.com.uy\/wp-content\/uploads\/2025\/06\/PAQ283.webp","contentUrl":"https:\/\/elkaminante.com.uy\/wp-content\/uploads\/2025\/06\/PAQ283.webp","width":800,"height":457},{"@type":"BreadcrumbList","@id":"https:\/\/elkaminante.com.uy\/paquetes\/st-maarten-all-inclusive\/#breadcrumb","itemListElement":[{"@type":"ListItem","position":1,"name":"Inicio","item":"https:\/\/elkaminante.com.uy\/en\/"},{"@type":"ListItem","position":2,"name":"Viajes por el mundo","item":"https:\/\/elkaminante.com.uy\/en\/paquetes\/"},{"@type":"ListItem","position":3,"name":"St. Maarten All Inclusive"}]},{"@type":"WebSite","@id":"https:\/\/elkaminante.com.uy\/#website","url":"https:\/\/elkaminante.com.uy\/","name":"El Kaminante","description":"Viajes &amp; Turismo","publisher":{"@id":"https:\/\/elkaminante.com.uy\/#organization"},"potentialAction":[{"@type":"SearchAction","target":{"@type":"EntryPoint","urlTemplate":"https:\/\/elkaminante.com.uy\/?s={search_term_string}"},"query-input":{"@type":"PropertyValueSpecification","valueRequired":true,"valueName":"search_term_string"}}],"inLanguage":"en-US"},{"@type":"Organization","@id":"https:\/\/elkaminante.com.uy\/#organization","name":"El Kaminante","url":"https:\/\/elkaminante.com.uy\/","logo":{"@type":"ImageObject","inLanguage":"en-US","@id":"https:\/\/elkaminante.com.uy\/#\/schema\/logo\/image\/","url":"https:\/\/elkaminante.com.uy\/wp-content\/uploads\/2025\/02\/logo-elkaminante-blanco.svg","contentUrl":"https:\/\/elkaminante.com.uy\/wp-content\/uploads\/2025\/02\/logo-elkaminante-blanco.svg","caption":"El Kaminante"},"image":{"@id":"https:\/\/elkaminante.com.uy\/#\/schema\/logo\/image\/"}}]}},"_links":{"self":[{"href":"https:\/\/elkaminante.com.uy\/en\/wp-json\/wp\/v2\/product\/10449","targetHints":{"allow":["GET"]}}],"collection":[{"href":"https:\/\/elkaminante.com.uy\/en\/wp-json\/wp\/v2\/product"}],"about":[{"href":"https:\/\/elkaminante.com.uy\/en\/wp-json\/wp\/v2\/types\/product"}],"wp:featuredmedia":[{"embeddable":true,"href":"https:\/\/elkaminante.com.uy\/en\/wp-json\/wp\/v2\/media\/10447"}],"wp:attachment":[{"href":"https:\/\/elkaminante.com.uy\/en\/wp-json\/wp\/v2\/media?parent=10449"}],"wp:term":[{"taxonomy":"product_brand","embeddable":true,"href":"https:\/\/elkaminante.com.uy\/en\/wp-json\/wp\/v2\/product_brand?post=10449"},{"taxonomy":"product_cat","embeddable":true,"href":"https:\/\/elkaminante.com.uy\/en\/wp-json\/wp\/v2\/product_cat?post=10449"},{"taxonomy":"product_tag","embeddable":true,"href":"https:\/\/elkaminante.com.uy\/en\/wp-json\/wp\/v2\/product_tag?post=10449"}],"curies":[{"name":"wp","href":"https:\/\/api.w.org\/{rel}","templated":true}]}}