{"id":10436,"date":"2025-06-16T20:09:09","date_gmt":"2025-06-16T23:09:09","guid":{"rendered":"https:\/\/elkaminante.com.uy\/paquetes\/luces-de-europa-circuito\/"},"modified":"2026-04-17T09:38:57","modified_gmt":"2026-04-17T12:38:57","slug":"luces-de-europa-circuito","status":"publish","type":"product","link":"https:\/\/elkaminante.com.uy\/en\/paquetes\/luces-de-europa-circuito\/","title":{"rendered":"Luces de Europa \/ Circuito"},"content":{"rendered":"","protected":false},"excerpt":{"rendered":"<p>Conocer <b>Europa<\/b> con circuitos dise\u00f1ados para que recorras los mejores destinos, con todo organizado y sin preocupaciones. Adem\u00e1s, para que disfrutes de un mayor conocimiento hist\u00f3rico y cultural de cada destino, con visitas de cada ciudad con expertos gu\u00edas locales, que con sus detalladas explicaciones les har\u00e1n conocer de una forma m\u00e1s amplia y completa la ciudad y sus principales atractivos tur\u00edsticos.<i>Principales caracter\u00edsticas de los circuitos:<\/i> autobuses de \u00faltima generaci\u00f3n, con butacas reclinables, conexi\u00f3n wifi y ventanas panor\u00e1micas; equipaje de 20 kgs. permitido, gu\u00edas acompa\u00f1antes experimentados, visitas opcionales en cada destino, visitas panor\u00e1micas y seguro b\u00e1sico de asistencia durante el recorrido del circuito.<\/p>\n<p><b>\u00c1msterdam<\/b>, turismo en el coraz\u00f3n de Holanda, en su ciudad m\u00e1s conocida. La capital de los Pa\u00edses Bajos est\u00e1 repleta de lindos monumentos y posee un encanto especial que la convierte en una de las ciudades m\u00e1s visitadas de Europa. Los canales y los puentes son algo imprescindible qu\u00e9 ver en \u00c1msterdam. M\u00e1s de 100 kil\u00f3metros de canales recorren la ciudad holandesa y le otorgan su apodo de \u201cVenecia del Norte&#8221;.<i>Principales atractivos tur\u00edsticos:<\/i> los canales Herengrach, Prinsengracht y Keizergratz, la plaza Dam, la plaza Leidseplein, la Sinagoga portuguesa, el Barrio Rojo, la Casa de Rembrandt, la casa de Anna Frank y el Vondelpark, entre otros.<\/p>\n<p><b>Par\u00eds<\/b>, Francia es una de las ciudades de Europa que mejor a\u00fanan el romanticismo, el arte, la cultura y los monumentos. Descubra todo lo que puede ofrecer Par\u00eds, la Ciudad del Amor y de la Luz. Est\u00e1 dividido en 20 distritos o arrondissements, en los que se encuentran importante sitios tur\u00edsticos, barrios parisinos y diversos lugares por visitar. La gastronom\u00eda de Par\u00eds re\u00fane diversas culturas y destaca por la preparaci\u00f3n de exquisitos y diversos platillos gourmet, as\u00ed como elaborados y reconocidos postres. Repleta de historia, imponentes monumentos, lena de bohemia, es una ciudad para dejarse perder y fascinar. <i>Principales atractivos tur\u00edsticos:<\/i>la Torre Eiffel, los Campos El\u00edseos, el Arco de Triunfo, la Catedral de Notre Dame (en restauraci\u00f3n), la llama del Soldado Desconocido, el r\u00edo Sena, la plaza de la Concordia, la Opera, el Palacio de Versalles, el Obelisco de L\u00faxor, la Plaza Vendome, Los Inv\u00e1lidos, la capilla de San Luis, el Louvre, la Universidad de la Sorbona, el barrio latino, la plaza de San Miguel, El Centro Pompidou, el centro Orsay, Montmartre, el Moulin Rouge y la bas\u00edlica del Sagrado Coraz\u00f3n entre otros. <\/p>\n","protected":false},"featured_media":10434,"template":"","meta":{"_acf_changed":false,"inline_featured_image":false},"product_brand":[],"product_cat":[28,1579],"product_tag":[562,3802,878,150,2732,155,2725,64,568,2067,2068,2745,124,1392,160,1680,2742,1126,142,2555,2731,2733,2734,2680,881,2686,2735,2743,2683,3279,2736,117,2738,2737,2685,65,880,884,126,143,882,145,141,2739,918,667,666,2744,1001,2740,885,128,144,883,146,63,2730,2741,2682],"class_list":{"0":"post-10436","1":"product","2":"type-product","3":"status-publish","4":"has-post-thumbnail","6":"product_cat-paquetes","7":"product_cat-uruguay","8":"product_tag-agosto","9":"product_tag-agosto-setiembre-2026","10":"product_tag-amsterdam","11":"product_tag-barcelona","12":"product_tag-chambery","13":"product_tag-circuito-europa-solo-descripcion","14":"product_tag-circuito-por-europa","15":"product_tag-desayuno","16":"product_tag-en-agosto","17":"product_tag-en-circuito-europa-solo-descripcion","18":"product_tag-en-europa","19":"product_tag-estrasburgo","20":"product_tag-europa","21":"product_tag-europa-en-agosto","22":"product_tag-europa-en-circuito-europa-solo-descripcion","23":"product_tag-europamundo","24":"product_tag-feldkirch","25":"product_tag-florencia","26":"product_tag-francia","27":"product_tag-genova","28":"product_tag-gerona","29":"product_tag-ginebra","30":"product_tag-gruyeres","31":"product_tag-heidelberg","32":"product_tag-holanda","33":"product_tag-innsbruck","34":"product_tag-interlaken","35":"product_tag-lindau","36":"product_tag-lucerna","37":"product_tag-luces-de-europa-circuito","38":"product_tag-lugano","39":"product_tag-madrid","40":"product_tag-milan","41":"product_tag-morcote","42":"product_tag-munich","43":"product_tag-no-aplica","44":"product_tag-paises-bajos","45":"product_tag-paquetes-a-amsterdam","46":"product_tag-paquetes-a-europa","47":"product_tag-paquetes-a-francia","48":"product_tag-paquetes-a-paises-bajos","49":"product_tag-paquetes-a-paris","50":"product_tag-paris","51":"product_tag-pisa","52":"product_tag-roma","53":"product_tag-septiembre","54":"product_tag-setiembre","55":"product_tag-stuttgart","56":"product_tag-venecia","57":"product_tag-verona","58":"product_tag-viajes-a-amsterdam","59":"product_tag-viajes-a-europa","60":"product_tag-viajes-a-francia","61":"product_tag-viajes-a-paises-bajos","62":"product_tag-viajes-a-paris","63":"product_tag-vuelo-y-circuito","64":"product_tag-zaragoza","65":"product_tag-zugspitze","66":"product_tag-zurich","67":"entry","68":"has-media","70":"first","71":"instock","72":"shipping-taxable","73":"purchasable","74":"product-type-simple"},"acf":[],"yoast_head":"<!-- This site is optimized with the Yoast SEO plugin v27.2 - https:\/\/yoast.com\/product\/yoast-seo-wordpress\/ -->\n<title>Luces de Europa \/ Circuito - El Kaminante<\/title>\n<meta name=\"robots\" content=\"index, follow, max-snippet:-1, max-image-preview:large, max-video-preview:-1\" \/>\n<link rel=\"canonical\" href=\"https:\/\/elkaminante.com.uy\/paquetes\/luces-de-europa-circuito\/\" \/>\n<meta property=\"og:locale\" content=\"en_US\" \/>\n<meta property=\"og:type\" content=\"article\" \/>\n<meta property=\"og:title\" content=\"Luces de Europa \/ Circuito - El Kaminante\" \/>\n<meta property=\"og:description\" content=\"Conocer Europa con circuitos dise\u00f1ados para que recorras los mejores destinos, con todo organizado y sin preocupaciones. Adem\u00e1s, para que disfrutes de un mayor conocimiento hist\u00f3rico y cultural de cada destino, con visitas de cada ciudad con expertos gu\u00edas locales, que con sus detalladas explicaciones les har\u00e1n conocer de una forma m\u00e1s amplia y completa la ciudad y sus principales atractivos tur\u00edsticos.Principales caracter\u00edsticas de los circuitos: autobuses de \u00faltima generaci\u00f3n, con butacas reclinables, conexi\u00f3n wifi y ventanas panor\u00e1micas; equipaje de 20 kgs. permitido, gu\u00edas acompa\u00f1antes experimentados, visitas opcionales en cada destino, visitas panor\u00e1micas y seguro b\u00e1sico de asistencia durante el recorrido del circuito.\u00c1msterdam, turismo en el coraz\u00f3n de Holanda, en su ciudad m\u00e1s conocida. La capital de los Pa\u00edses Bajos est\u00e1 repleta de lindos monumentos y posee un encanto especial que la convierte en una de las ciudades m\u00e1s visitadas de Europa. Los canales y los puentes son algo imprescindible qu\u00e9 ver en \u00c1msterdam. M\u00e1s de 100 kil\u00f3metros de canales recorren la ciudad holandesa y le otorgan su apodo de \u201cVenecia del Norte&quot;.Principales atractivos tur\u00edsticos: los canales Herengrach, Prinsengracht y Keizergratz, la plaza Dam, la plaza Leidseplein, la Sinagoga portuguesa, el Barrio Rojo, la Casa de Rembrandt, la casa de Anna Frank y el Vondelpark, entre otros.Par\u00eds, Francia es una de las ciudades de Europa que mejor a\u00fanan el romanticismo, el arte, la cultura y los monumentos. Descubra todo lo que puede ofrecer Par\u00eds, la Ciudad del Amor y de la Luz. Est\u00e1 dividido en 20 distritos o arrondissements, en los que se encuentran importante sitios tur\u00edsticos, barrios parisinos y diversos lugares por visitar. La gastronom\u00eda de Par\u00eds re\u00fane diversas culturas y destaca por la preparaci\u00f3n de exquisitos y diversos platillos gourmet, as\u00ed como elaborados y reconocidos postres. Repleta de historia, imponentes monumentos, lena de bohemia, es una ciudad para dejarse perder y fascinar. Principales atractivos tur\u00edsticos:la Torre Eiffel, los Campos El\u00edseos, el Arco de Triunfo, la Catedral de Notre Dame (en restauraci\u00f3n), la llama del Soldado Desconocido, el r\u00edo Sena, la plaza de la Concordia, la Opera, el Palacio de Versalles, el Obelisco de L\u00faxor, la Plaza Vendome, Los Inv\u00e1lidos, la capilla de San Luis, el Louvre, la Universidad de la Sorbona, el barrio latino, la plaza de San Miguel, El Centro Pompidou, el centro Orsay, Montmartre, el Moulin Rouge y la bas\u00edlica del Sagrado Coraz\u00f3n entre otros.\" \/>\n<meta property=\"og:url\" content=\"https:\/\/elkaminante.com.uy\/paquetes\/luces-de-europa-circuito\/\" \/>\n<meta property=\"og:site_name\" content=\"El Kaminante\" \/>\n<meta property=\"article:modified_time\" content=\"2026-04-17T12:38:57+00:00\" \/>\n<meta property=\"og:image\" content=\"https:\/\/elkaminante.com.uy\/wp-content\/uploads\/2025\/06\/PAQ279.webp\" \/>\n\t<meta property=\"og:image:width\" content=\"800\" \/>\n\t<meta property=\"og:image:height\" content=\"457\" \/>\n\t<meta property=\"og:image:type\" content=\"image\/webp\" \/>\n<meta name=\"twitter:card\" content=\"summary_large_image\" \/>\n<script type=\"application\/ld+json\" class=\"yoast-schema-graph\">{\"@context\":\"https:\/\/schema.org\",\"@graph\":[{\"@type\":\"WebPage\",\"@id\":\"https:\/\/elkaminante.com.uy\/paquetes\/luces-de-europa-circuito\/\",\"url\":\"https:\/\/elkaminante.com.uy\/paquetes\/luces-de-europa-circuito\/\",\"name\":\"Luces de Europa \/ Circuito - El Kaminante\",\"isPartOf\":{\"@id\":\"https:\/\/elkaminante.com.uy\/#website\"},\"primaryImageOfPage\":{\"@id\":\"https:\/\/elkaminante.com.uy\/paquetes\/luces-de-europa-circuito\/#primaryimage\"},\"image\":{\"@id\":\"https:\/\/elkaminante.com.uy\/paquetes\/luces-de-europa-circuito\/#primaryimage\"},\"thumbnailUrl\":\"https:\/\/elkaminante.com.uy\/wp-content\/uploads\/2025\/06\/PAQ279.webp\",\"datePublished\":\"2025-06-16T23:09:09+00:00\",\"dateModified\":\"2026-04-17T12:38:57+00:00\",\"breadcrumb\":{\"@id\":\"https:\/\/elkaminante.com.uy\/paquetes\/luces-de-europa-circuito\/#breadcrumb\"},\"inLanguage\":\"en-US\",\"potentialAction\":[{\"@type\":\"ReadAction\",\"target\":[\"https:\/\/elkaminante.com.uy\/paquetes\/luces-de-europa-circuito\/\"]}]},{\"@type\":\"ImageObject\",\"inLanguage\":\"en-US\",\"@id\":\"https:\/\/elkaminante.com.uy\/paquetes\/luces-de-europa-circuito\/#primaryimage\",\"url\":\"https:\/\/elkaminante.com.uy\/wp-content\/uploads\/2025\/06\/PAQ279.webp\",\"contentUrl\":\"https:\/\/elkaminante.com.uy\/wp-content\/uploads\/2025\/06\/PAQ279.webp\",\"width\":800,\"height\":457},{\"@type\":\"BreadcrumbList\",\"@id\":\"https:\/\/elkaminante.com.uy\/paquetes\/luces-de-europa-circuito\/#breadcrumb\",\"itemListElement\":[{\"@type\":\"ListItem\",\"position\":1,\"name\":\"Inicio\",\"item\":\"https:\/\/elkaminante.com.uy\/en\/\"},{\"@type\":\"ListItem\",\"position\":2,\"name\":\"Viajes por el mundo\",\"item\":\"https:\/\/elkaminante.com.uy\/en\/paquetes\/\"},{\"@type\":\"ListItem\",\"position\":3,\"name\":\"Luces de Europa \/ Circuito\"}]},{\"@type\":\"WebSite\",\"@id\":\"https:\/\/elkaminante.com.uy\/#website\",\"url\":\"https:\/\/elkaminante.com.uy\/\",\"name\":\"El Kaminante\",\"description\":\"Viajes &amp; Turismo\",\"publisher\":{\"@id\":\"https:\/\/elkaminante.com.uy\/#organization\"},\"potentialAction\":[{\"@type\":\"SearchAction\",\"target\":{\"@type\":\"EntryPoint\",\"urlTemplate\":\"https:\/\/elkaminante.com.uy\/?s={search_term_string}\"},\"query-input\":{\"@type\":\"PropertyValueSpecification\",\"valueRequired\":true,\"valueName\":\"search_term_string\"}}],\"inLanguage\":\"en-US\"},{\"@type\":\"Organization\",\"@id\":\"https:\/\/elkaminante.com.uy\/#organization\",\"name\":\"El Kaminante\",\"url\":\"https:\/\/elkaminante.com.uy\/\",\"logo\":{\"@type\":\"ImageObject\",\"inLanguage\":\"en-US\",\"@id\":\"https:\/\/elkaminante.com.uy\/#\/schema\/logo\/image\/\",\"url\":\"https:\/\/elkaminante.com.uy\/wp-content\/uploads\/2025\/02\/logo-elkaminante-blanco.svg\",\"contentUrl\":\"https:\/\/elkaminante.com.uy\/wp-content\/uploads\/2025\/02\/logo-elkaminante-blanco.svg\",\"caption\":\"El Kaminante\"},\"image\":{\"@id\":\"https:\/\/elkaminante.com.uy\/#\/schema\/logo\/image\/\"}}]}<\/script>\n<!-- \/ Yoast SEO plugin. -->","yoast_head_json":{"title":"Luces de Europa \/ Circuito - El Kaminante","robots":{"index":"index","follow":"follow","max-snippet":"max-snippet:-1","max-image-preview":"max-image-preview:large","max-video-preview":"max-video-preview:-1"},"canonical":"https:\/\/elkaminante.com.uy\/paquetes\/luces-de-europa-circuito\/","og_locale":"en_US","og_type":"article","og_title":"Luces de Europa \/ Circuito - El Kaminante","og_description":"Conocer Europa con circuitos dise\u00f1ados para que recorras los mejores destinos, con todo organizado y sin preocupaciones. Adem\u00e1s, para que disfrutes de un mayor conocimiento hist\u00f3rico y cultural de cada destino, con visitas de cada ciudad con expertos gu\u00edas locales, que con sus detalladas explicaciones les har\u00e1n conocer de una forma m\u00e1s amplia y completa la ciudad y sus principales atractivos tur\u00edsticos.Principales caracter\u00edsticas de los circuitos: autobuses de \u00faltima generaci\u00f3n, con butacas reclinables, conexi\u00f3n wifi y ventanas panor\u00e1micas; equipaje de 20 kgs. permitido, gu\u00edas acompa\u00f1antes experimentados, visitas opcionales en cada destino, visitas panor\u00e1micas y seguro b\u00e1sico de asistencia durante el recorrido del circuito.\u00c1msterdam, turismo en el coraz\u00f3n de Holanda, en su ciudad m\u00e1s conocida. La capital de los Pa\u00edses Bajos est\u00e1 repleta de lindos monumentos y posee un encanto especial que la convierte en una de las ciudades m\u00e1s visitadas de Europa. Los canales y los puentes son algo imprescindible qu\u00e9 ver en \u00c1msterdam. M\u00e1s de 100 kil\u00f3metros de canales recorren la ciudad holandesa y le otorgan su apodo de \u201cVenecia del Norte\".Principales atractivos tur\u00edsticos: los canales Herengrach, Prinsengracht y Keizergratz, la plaza Dam, la plaza Leidseplein, la Sinagoga portuguesa, el Barrio Rojo, la Casa de Rembrandt, la casa de Anna Frank y el Vondelpark, entre otros.Par\u00eds, Francia es una de las ciudades de Europa que mejor a\u00fanan el romanticismo, el arte, la cultura y los monumentos. Descubra todo lo que puede ofrecer Par\u00eds, la Ciudad del Amor y de la Luz. Est\u00e1 dividido en 20 distritos o arrondissements, en los que se encuentran importante sitios tur\u00edsticos, barrios parisinos y diversos lugares por visitar. La gastronom\u00eda de Par\u00eds re\u00fane diversas culturas y destaca por la preparaci\u00f3n de exquisitos y diversos platillos gourmet, as\u00ed como elaborados y reconocidos postres. Repleta de historia, imponentes monumentos, lena de bohemia, es una ciudad para dejarse perder y fascinar. Principales atractivos tur\u00edsticos:la Torre Eiffel, los Campos El\u00edseos, el Arco de Triunfo, la Catedral de Notre Dame (en restauraci\u00f3n), la llama del Soldado Desconocido, el r\u00edo Sena, la plaza de la Concordia, la Opera, el Palacio de Versalles, el Obelisco de L\u00faxor, la Plaza Vendome, Los Inv\u00e1lidos, la capilla de San Luis, el Louvre, la Universidad de la Sorbona, el barrio latino, la plaza de San Miguel, El Centro Pompidou, el centro Orsay, Montmartre, el Moulin Rouge y la bas\u00edlica del Sagrado Coraz\u00f3n entre otros.","og_url":"https:\/\/elkaminante.com.uy\/paquetes\/luces-de-europa-circuito\/","og_site_name":"El Kaminante","article_modified_time":"2026-04-17T12:38:57+00:00","og_image":[{"width":800,"height":457,"url":"https:\/\/elkaminante.com.uy\/wp-content\/uploads\/2025\/06\/PAQ279.webp","type":"image\/webp"}],"twitter_card":"summary_large_image","schema":{"@context":"https:\/\/schema.org","@graph":[{"@type":"WebPage","@id":"https:\/\/elkaminante.com.uy\/paquetes\/luces-de-europa-circuito\/","url":"https:\/\/elkaminante.com.uy\/paquetes\/luces-de-europa-circuito\/","name":"Luces de Europa \/ Circuito - El Kaminante","isPartOf":{"@id":"https:\/\/elkaminante.com.uy\/#website"},"primaryImageOfPage":{"@id":"https:\/\/elkaminante.com.uy\/paquetes\/luces-de-europa-circuito\/#primaryimage"},"image":{"@id":"https:\/\/elkaminante.com.uy\/paquetes\/luces-de-europa-circuito\/#primaryimage"},"thumbnailUrl":"https:\/\/elkaminante.com.uy\/wp-content\/uploads\/2025\/06\/PAQ279.webp","datePublished":"2025-06-16T23:09:09+00:00","dateModified":"2026-04-17T12:38:57+00:00","breadcrumb":{"@id":"https:\/\/elkaminante.com.uy\/paquetes\/luces-de-europa-circuito\/#breadcrumb"},"inLanguage":"en-US","potentialAction":[{"@type":"ReadAction","target":["https:\/\/elkaminante.com.uy\/paquetes\/luces-de-europa-circuito\/"]}]},{"@type":"ImageObject","inLanguage":"en-US","@id":"https:\/\/elkaminante.com.uy\/paquetes\/luces-de-europa-circuito\/#primaryimage","url":"https:\/\/elkaminante.com.uy\/wp-content\/uploads\/2025\/06\/PAQ279.webp","contentUrl":"https:\/\/elkaminante.com.uy\/wp-content\/uploads\/2025\/06\/PAQ279.webp","width":800,"height":457},{"@type":"BreadcrumbList","@id":"https:\/\/elkaminante.com.uy\/paquetes\/luces-de-europa-circuito\/#breadcrumb","itemListElement":[{"@type":"ListItem","position":1,"name":"Inicio","item":"https:\/\/elkaminante.com.uy\/en\/"},{"@type":"ListItem","position":2,"name":"Viajes por el mundo","item":"https:\/\/elkaminante.com.uy\/en\/paquetes\/"},{"@type":"ListItem","position":3,"name":"Luces de Europa \/ Circuito"}]},{"@type":"WebSite","@id":"https:\/\/elkaminante.com.uy\/#website","url":"https:\/\/elkaminante.com.uy\/","name":"El Kaminante","description":"Viajes &amp; Turismo","publisher":{"@id":"https:\/\/elkaminante.com.uy\/#organization"},"potentialAction":[{"@type":"SearchAction","target":{"@type":"EntryPoint","urlTemplate":"https:\/\/elkaminante.com.uy\/?s={search_term_string}"},"query-input":{"@type":"PropertyValueSpecification","valueRequired":true,"valueName":"search_term_string"}}],"inLanguage":"en-US"},{"@type":"Organization","@id":"https:\/\/elkaminante.com.uy\/#organization","name":"El Kaminante","url":"https:\/\/elkaminante.com.uy\/","logo":{"@type":"ImageObject","inLanguage":"en-US","@id":"https:\/\/elkaminante.com.uy\/#\/schema\/logo\/image\/","url":"https:\/\/elkaminante.com.uy\/wp-content\/uploads\/2025\/02\/logo-elkaminante-blanco.svg","contentUrl":"https:\/\/elkaminante.com.uy\/wp-content\/uploads\/2025\/02\/logo-elkaminante-blanco.svg","caption":"El Kaminante"},"image":{"@id":"https:\/\/elkaminante.com.uy\/#\/schema\/logo\/image\/"}}]}},"_links":{"self":[{"href":"https:\/\/elkaminante.com.uy\/en\/wp-json\/wp\/v2\/product\/10436","targetHints":{"allow":["GET"]}}],"collection":[{"href":"https:\/\/elkaminante.com.uy\/en\/wp-json\/wp\/v2\/product"}],"about":[{"href":"https:\/\/elkaminante.com.uy\/en\/wp-json\/wp\/v2\/types\/product"}],"wp:featuredmedia":[{"embeddable":true,"href":"https:\/\/elkaminante.com.uy\/en\/wp-json\/wp\/v2\/media\/10434"}],"wp:attachment":[{"href":"https:\/\/elkaminante.com.uy\/en\/wp-json\/wp\/v2\/media?parent=10436"}],"wp:term":[{"taxonomy":"product_brand","embeddable":true,"href":"https:\/\/elkaminante.com.uy\/en\/wp-json\/wp\/v2\/product_brand?post=10436"},{"taxonomy":"product_cat","embeddable":true,"href":"https:\/\/elkaminante.com.uy\/en\/wp-json\/wp\/v2\/product_cat?post=10436"},{"taxonomy":"product_tag","embeddable":true,"href":"https:\/\/elkaminante.com.uy\/en\/wp-json\/wp\/v2\/product_tag?post=10436"}],"curies":[{"name":"wp","href":"https:\/\/api.w.org\/{rel}","templated":true}]}}