{"id":10431,"date":"2025-06-16T20:09:05","date_gmt":"2025-06-16T23:09:05","guid":{"rendered":"https:\/\/elkaminante.com.uy\/paquetes\/madrid-sevilla-y-barcelona\/"},"modified":"2026-04-17T09:38:57","modified_gmt":"2026-04-17T12:38:57","slug":"madrid-sevilla-y-barcelona","status":"publish","type":"product","link":"https:\/\/elkaminante.com.uy\/en\/paquetes\/madrid-sevilla-y-barcelona\/","title":{"rendered":"Madrid, Sevilla y Barcelona"},"content":{"rendered":"","protected":false},"excerpt":{"rendered":"<p><b>Madrid<\/b>, Espa\u00f1a, es algo m\u00e1s que la capital del pa\u00eds. Es una de las ciudades tur\u00edsticas m\u00e1s importantes de la Pen\u00ednsula Ib\u00e9rica. En esta ciudad podr\u00e1 admirar los monumentos que se construyeron en los siglos XVI y XVII y XVIII y hacen de Madrid una de las ciudades m\u00e1s interesantes y bellas de Europa. Turismo en este centro hist\u00f3rico es pasear por callejuelas estrechas que destilan el aroma del siglo XVI, cuando \u201cen Espa\u00f1a nunca se pon\u00eda el sol&#8221;, disfrutar de su gente, sus barrios, su gastronom\u00eda y dejarse enamorar por esta cosmopolita y gran ciudad. <i>Principales atractivos tur\u00edsticos:<\/i>la Plaza Mayor, el Mercado de San Miguel, la Puerta del Sol, la calle Preciados, el Palacio Real, la Plaza de Oriente, la Catedral de la Almudena, la Plaza de Espa\u00f1a, el Templo de Debod, la Castellana, la Gran V\u00eda, Callao, La Cibeles, el Banco de Espa\u00f1a, la Puerta de Alcal\u00e1, el Parque del Retiro, el Museo del Prado y el Museo Reina Sof\u00eda, entre otros.<\/p>\n<p><b>Sevilla<\/b>, capital de la provincia y de Andaluc\u00eda, es una ciudad universal, enclavada en el Bajo Guadalquivir, hasta donde \u00e9ste es navegable. En sus tierras se han asentado romanos, visigodos, musulmanes y cristianos a lo largo de los siglos, por lo que la riqueza de su patrimonio es s\u00f3lo igualable a su extensi\u00f3n. En definitiva, Sevilla representa la m\u00e1s pura esencia andaluza, su cultura, sus monumentos, hacen de ella una de las ciudades m\u00e1s bellas y singulares que el viajero puede contemplar, transport\u00e1ndolo al volver cada esquina, al recuerdo de una \u00e9poca gloriosa. Adem\u00e1s, la gastronom\u00eda sevillana es un reflejo de toda su historia, destacando platos como el menudo, la ternera a la sevillana, las espinacas con garbanzos, y de postre, las tortas de aceite. <i>Principales atractivos tur\u00edsticos:<\/i>la Plaza de Espa\u00f1a, Real Alc\u00e1zar de Sevilla, la Giralda, la Torre de Oro, las Setas de Sevilla, el Parque Mar\u00eda Luisa, La Plaza de Toros y los barrios de la Triana y la Santa Cruz entre otros.<\/p>\n<p><b>Barcelona<\/b> es una ciudad cosmopolita, abierta, donde la cohesi\u00f3n social es una realidad. La capital catalana se encuentra entre las mejores ciudades del mundo en las clasificaciones de calidad de vida, seguridad y equidad. Tiene un estilo de vida propio que la hace \u00fanica en todo el mundo. Su car\u00e1cter mediterr\u00e1neo invita a los visitantes a ir a los barrios y conocer a su gente, visitar las playas y los espacios naturales y disfrutar del ocio con una gran oferta cultural, gastron\u00f3mica y comercial. <i>Principales atractivos tur\u00edsticos:<\/i> las obras de Antonio Gaud\u00ed, como la Sagrada Familia, el Parque G\u00fcell, Casa Batll\u00f3, La Pedrera y muchos \u00edconos m\u00e1s de la arquitectura moderna; la Bas\u00edlica de Santa Mar\u00eda del Mar, la Catedral de Barcelona, el Palacio de la M\u00fasica Catalana, el Mercado de la Boquer\u00eda, las Ramblas, la Plaza de Catalu\u00f1a y el barrio g\u00f3tico, entre otros.<\/p>\n","protected":false},"featured_media":10429,"template":"","meta":{"_acf_changed":false,"inline_featured_image":false},"product_brand":[],"product_cat":[28,1579],"product_tag":[150,2059,2058,2050,123,137,135,124,117,65,121,3986,151,125,126,129,874,873,3435,120,3282,1583,152,127,128,130,875,119],"class_list":{"0":"post-10431","1":"product","2":"type-product","3":"status-publish","4":"has-post-thumbnail","6":"product_cat-paquetes","7":"product_cat-uruguay","8":"product_tag-barcelona","9":"product_tag-en-espana","10":"product_tag-en-madrid","11":"product_tag-en-octubre","12":"product_tag-espana","13":"product_tag-espana-en-madrid","14":"product_tag-espana-en-octubre","15":"product_tag-europa","16":"product_tag-madrid","17":"product_tag-no-aplica","18":"product_tag-octubre","19":"product_tag-octubre-2026viaje-familiar","20":"product_tag-paquetes-a-barcelona","21":"product_tag-paquetes-a-espana","22":"product_tag-paquetes-a-europa","23":"product_tag-paquetes-a-madrid","24":"product_tag-paquetes-a-sevilla","25":"product_tag-sevilla","26":"product_tag-sevilla-y-barcelona","27":"product_tag-sin-comidas","28":"product_tag-temporada-baja","29":"product_tag-viaje-familiar","30":"product_tag-viajes-a-barcelona","31":"product_tag-viajes-a-espana","32":"product_tag-viajes-a-europa","33":"product_tag-viajes-a-madrid","34":"product_tag-viajes-a-sevilla","35":"product_tag-vuelo-y-hotel","36":"entry","37":"has-media","39":"first","40":"instock","41":"shipping-taxable","42":"purchasable","43":"product-type-simple"},"acf":[],"yoast_head":"<!-- This site is optimized with the Yoast SEO plugin v27.2 - https:\/\/yoast.com\/product\/yoast-seo-wordpress\/ -->\n<title>Madrid, Sevilla y Barcelona - El Kaminante<\/title>\n<meta name=\"robots\" content=\"index, follow, max-snippet:-1, max-image-preview:large, max-video-preview:-1\" \/>\n<link rel=\"canonical\" href=\"https:\/\/elkaminante.com.uy\/paquetes\/madrid-sevilla-y-barcelona\/\" \/>\n<meta property=\"og:locale\" content=\"en_US\" \/>\n<meta property=\"og:type\" content=\"article\" \/>\n<meta property=\"og:title\" content=\"Madrid, Sevilla y Barcelona - El Kaminante\" \/>\n<meta property=\"og:description\" content=\"Madrid, Espa\u00f1a, es algo m\u00e1s que la capital del pa\u00eds. Es una de las ciudades tur\u00edsticas m\u00e1s importantes de la Pen\u00ednsula Ib\u00e9rica. En esta ciudad podr\u00e1 admirar los monumentos que se construyeron en los siglos XVI y XVII y XVIII y hacen de Madrid una de las ciudades m\u00e1s interesantes y bellas de Europa. Turismo en este centro hist\u00f3rico es pasear por callejuelas estrechas que destilan el aroma del siglo XVI, cuando \u201cen Espa\u00f1a nunca se pon\u00eda el sol&quot;, disfrutar de su gente, sus barrios, su gastronom\u00eda y dejarse enamorar por esta cosmopolita y gran ciudad. Principales atractivos tur\u00edsticos:la Plaza Mayor, el Mercado de San Miguel, la Puerta del Sol, la calle Preciados, el Palacio Real, la Plaza de Oriente, la Catedral de la Almudena, la Plaza de Espa\u00f1a, el Templo de Debod, la Castellana, la Gran V\u00eda, Callao, La Cibeles, el Banco de Espa\u00f1a, la Puerta de Alcal\u00e1, el Parque del Retiro, el Museo del Prado y el Museo Reina Sof\u00eda, entre otros.Sevilla, capital de la provincia y de Andaluc\u00eda, es una ciudad universal, enclavada en el Bajo Guadalquivir, hasta donde \u00e9ste es navegable. En sus tierras se han asentado romanos, visigodos, musulmanes y cristianos a lo largo de los siglos, por lo que la riqueza de su patrimonio es s\u00f3lo igualable a su extensi\u00f3n. En definitiva, Sevilla representa la m\u00e1s pura esencia andaluza, su cultura, sus monumentos, hacen de ella una de las ciudades m\u00e1s bellas y singulares que el viajero puede contemplar, transport\u00e1ndolo al volver cada esquina, al recuerdo de una \u00e9poca gloriosa. Adem\u00e1s, la gastronom\u00eda sevillana es un reflejo de toda su historia, destacando platos como el menudo, la ternera a la sevillana, las espinacas con garbanzos, y de postre, las tortas de aceite. Principales atractivos tur\u00edsticos:la Plaza de Espa\u00f1a, Real Alc\u00e1zar de Sevilla, la Giralda, la Torre de Oro, las Setas de Sevilla, el Parque Mar\u00eda Luisa, La Plaza de Toros y los barrios de la Triana y la Santa Cruz entre otros.Barcelona es una ciudad cosmopolita, abierta, donde la cohesi\u00f3n social es una realidad. La capital catalana se encuentra entre las mejores ciudades del mundo en las clasificaciones de calidad de vida, seguridad y equidad. Tiene un estilo de vida propio que la hace \u00fanica en todo el mundo. Su car\u00e1cter mediterr\u00e1neo invita a los visitantes a ir a los barrios y conocer a su gente, visitar las playas y los espacios naturales y disfrutar del ocio con una gran oferta cultural, gastron\u00f3mica y comercial. Principales atractivos tur\u00edsticos: las obras de Antonio Gaud\u00ed, como la Sagrada Familia, el Parque G\u00fcell, Casa Batll\u00f3, La Pedrera y muchos \u00edconos m\u00e1s de la arquitectura moderna; la Bas\u00edlica de Santa Mar\u00eda del Mar, la Catedral de Barcelona, el Palacio de la M\u00fasica Catalana, el Mercado de la Boquer\u00eda, las Ramblas, la Plaza de Catalu\u00f1a y el barrio g\u00f3tico, entre otros.\" \/>\n<meta property=\"og:url\" content=\"https:\/\/elkaminante.com.uy\/paquetes\/madrid-sevilla-y-barcelona\/\" \/>\n<meta property=\"og:site_name\" content=\"El Kaminante\" \/>\n<meta property=\"article:modified_time\" content=\"2026-04-17T12:38:57+00:00\" \/>\n<meta property=\"og:image\" content=\"https:\/\/elkaminante.com.uy\/wp-content\/uploads\/2025\/06\/PAQ278.webp\" \/>\n\t<meta property=\"og:image:width\" content=\"800\" \/>\n\t<meta property=\"og:image:height\" content=\"457\" \/>\n\t<meta property=\"og:image:type\" content=\"image\/webp\" \/>\n<meta name=\"twitter:card\" content=\"summary_large_image\" \/>\n<script type=\"application\/ld+json\" class=\"yoast-schema-graph\">{\"@context\":\"https:\/\/schema.org\",\"@graph\":[{\"@type\":\"WebPage\",\"@id\":\"https:\/\/elkaminante.com.uy\/paquetes\/madrid-sevilla-y-barcelona\/\",\"url\":\"https:\/\/elkaminante.com.uy\/paquetes\/madrid-sevilla-y-barcelona\/\",\"name\":\"Madrid, Sevilla y Barcelona - El Kaminante\",\"isPartOf\":{\"@id\":\"https:\/\/elkaminante.com.uy\/#website\"},\"primaryImageOfPage\":{\"@id\":\"https:\/\/elkaminante.com.uy\/paquetes\/madrid-sevilla-y-barcelona\/#primaryimage\"},\"image\":{\"@id\":\"https:\/\/elkaminante.com.uy\/paquetes\/madrid-sevilla-y-barcelona\/#primaryimage\"},\"thumbnailUrl\":\"https:\/\/elkaminante.com.uy\/wp-content\/uploads\/2025\/06\/PAQ278.webp\",\"datePublished\":\"2025-06-16T23:09:05+00:00\",\"dateModified\":\"2026-04-17T12:38:57+00:00\",\"breadcrumb\":{\"@id\":\"https:\/\/elkaminante.com.uy\/paquetes\/madrid-sevilla-y-barcelona\/#breadcrumb\"},\"inLanguage\":\"en-US\",\"potentialAction\":[{\"@type\":\"ReadAction\",\"target\":[\"https:\/\/elkaminante.com.uy\/paquetes\/madrid-sevilla-y-barcelona\/\"]}]},{\"@type\":\"ImageObject\",\"inLanguage\":\"en-US\",\"@id\":\"https:\/\/elkaminante.com.uy\/paquetes\/madrid-sevilla-y-barcelona\/#primaryimage\",\"url\":\"https:\/\/elkaminante.com.uy\/wp-content\/uploads\/2025\/06\/PAQ278.webp\",\"contentUrl\":\"https:\/\/elkaminante.com.uy\/wp-content\/uploads\/2025\/06\/PAQ278.webp\",\"width\":800,\"height\":457},{\"@type\":\"BreadcrumbList\",\"@id\":\"https:\/\/elkaminante.com.uy\/paquetes\/madrid-sevilla-y-barcelona\/#breadcrumb\",\"itemListElement\":[{\"@type\":\"ListItem\",\"position\":1,\"name\":\"Inicio\",\"item\":\"https:\/\/elkaminante.com.uy\/en\/\"},{\"@type\":\"ListItem\",\"position\":2,\"name\":\"Viajes por el mundo\",\"item\":\"https:\/\/elkaminante.com.uy\/en\/paquetes\/\"},{\"@type\":\"ListItem\",\"position\":3,\"name\":\"Madrid, Sevilla y Barcelona\"}]},{\"@type\":\"WebSite\",\"@id\":\"https:\/\/elkaminante.com.uy\/#website\",\"url\":\"https:\/\/elkaminante.com.uy\/\",\"name\":\"El Kaminante\",\"description\":\"Viajes &amp; Turismo\",\"publisher\":{\"@id\":\"https:\/\/elkaminante.com.uy\/#organization\"},\"potentialAction\":[{\"@type\":\"SearchAction\",\"target\":{\"@type\":\"EntryPoint\",\"urlTemplate\":\"https:\/\/elkaminante.com.uy\/?s={search_term_string}\"},\"query-input\":{\"@type\":\"PropertyValueSpecification\",\"valueRequired\":true,\"valueName\":\"search_term_string\"}}],\"inLanguage\":\"en-US\"},{\"@type\":\"Organization\",\"@id\":\"https:\/\/elkaminante.com.uy\/#organization\",\"name\":\"El Kaminante\",\"url\":\"https:\/\/elkaminante.com.uy\/\",\"logo\":{\"@type\":\"ImageObject\",\"inLanguage\":\"en-US\",\"@id\":\"https:\/\/elkaminante.com.uy\/#\/schema\/logo\/image\/\",\"url\":\"https:\/\/elkaminante.com.uy\/wp-content\/uploads\/2025\/02\/logo-elkaminante-blanco.svg\",\"contentUrl\":\"https:\/\/elkaminante.com.uy\/wp-content\/uploads\/2025\/02\/logo-elkaminante-blanco.svg\",\"caption\":\"El Kaminante\"},\"image\":{\"@id\":\"https:\/\/elkaminante.com.uy\/#\/schema\/logo\/image\/\"}}]}<\/script>\n<!-- \/ Yoast SEO plugin. -->","yoast_head_json":{"title":"Madrid, Sevilla y Barcelona - El Kaminante","robots":{"index":"index","follow":"follow","max-snippet":"max-snippet:-1","max-image-preview":"max-image-preview:large","max-video-preview":"max-video-preview:-1"},"canonical":"https:\/\/elkaminante.com.uy\/paquetes\/madrid-sevilla-y-barcelona\/","og_locale":"en_US","og_type":"article","og_title":"Madrid, Sevilla y Barcelona - El Kaminante","og_description":"Madrid, Espa\u00f1a, es algo m\u00e1s que la capital del pa\u00eds. Es una de las ciudades tur\u00edsticas m\u00e1s importantes de la Pen\u00ednsula Ib\u00e9rica. En esta ciudad podr\u00e1 admirar los monumentos que se construyeron en los siglos XVI y XVII y XVIII y hacen de Madrid una de las ciudades m\u00e1s interesantes y bellas de Europa. Turismo en este centro hist\u00f3rico es pasear por callejuelas estrechas que destilan el aroma del siglo XVI, cuando \u201cen Espa\u00f1a nunca se pon\u00eda el sol\", disfrutar de su gente, sus barrios, su gastronom\u00eda y dejarse enamorar por esta cosmopolita y gran ciudad. Principales atractivos tur\u00edsticos:la Plaza Mayor, el Mercado de San Miguel, la Puerta del Sol, la calle Preciados, el Palacio Real, la Plaza de Oriente, la Catedral de la Almudena, la Plaza de Espa\u00f1a, el Templo de Debod, la Castellana, la Gran V\u00eda, Callao, La Cibeles, el Banco de Espa\u00f1a, la Puerta de Alcal\u00e1, el Parque del Retiro, el Museo del Prado y el Museo Reina Sof\u00eda, entre otros.Sevilla, capital de la provincia y de Andaluc\u00eda, es una ciudad universal, enclavada en el Bajo Guadalquivir, hasta donde \u00e9ste es navegable. En sus tierras se han asentado romanos, visigodos, musulmanes y cristianos a lo largo de los siglos, por lo que la riqueza de su patrimonio es s\u00f3lo igualable a su extensi\u00f3n. En definitiva, Sevilla representa la m\u00e1s pura esencia andaluza, su cultura, sus monumentos, hacen de ella una de las ciudades m\u00e1s bellas y singulares que el viajero puede contemplar, transport\u00e1ndolo al volver cada esquina, al recuerdo de una \u00e9poca gloriosa. Adem\u00e1s, la gastronom\u00eda sevillana es un reflejo de toda su historia, destacando platos como el menudo, la ternera a la sevillana, las espinacas con garbanzos, y de postre, las tortas de aceite. Principales atractivos tur\u00edsticos:la Plaza de Espa\u00f1a, Real Alc\u00e1zar de Sevilla, la Giralda, la Torre de Oro, las Setas de Sevilla, el Parque Mar\u00eda Luisa, La Plaza de Toros y los barrios de la Triana y la Santa Cruz entre otros.Barcelona es una ciudad cosmopolita, abierta, donde la cohesi\u00f3n social es una realidad. La capital catalana se encuentra entre las mejores ciudades del mundo en las clasificaciones de calidad de vida, seguridad y equidad. Tiene un estilo de vida propio que la hace \u00fanica en todo el mundo. Su car\u00e1cter mediterr\u00e1neo invita a los visitantes a ir a los barrios y conocer a su gente, visitar las playas y los espacios naturales y disfrutar del ocio con una gran oferta cultural, gastron\u00f3mica y comercial. Principales atractivos tur\u00edsticos: las obras de Antonio Gaud\u00ed, como la Sagrada Familia, el Parque G\u00fcell, Casa Batll\u00f3, La Pedrera y muchos \u00edconos m\u00e1s de la arquitectura moderna; la Bas\u00edlica de Santa Mar\u00eda del Mar, la Catedral de Barcelona, el Palacio de la M\u00fasica Catalana, el Mercado de la Boquer\u00eda, las Ramblas, la Plaza de Catalu\u00f1a y el barrio g\u00f3tico, entre otros.","og_url":"https:\/\/elkaminante.com.uy\/paquetes\/madrid-sevilla-y-barcelona\/","og_site_name":"El Kaminante","article_modified_time":"2026-04-17T12:38:57+00:00","og_image":[{"width":800,"height":457,"url":"https:\/\/elkaminante.com.uy\/wp-content\/uploads\/2025\/06\/PAQ278.webp","type":"image\/webp"}],"twitter_card":"summary_large_image","schema":{"@context":"https:\/\/schema.org","@graph":[{"@type":"WebPage","@id":"https:\/\/elkaminante.com.uy\/paquetes\/madrid-sevilla-y-barcelona\/","url":"https:\/\/elkaminante.com.uy\/paquetes\/madrid-sevilla-y-barcelona\/","name":"Madrid, Sevilla y Barcelona - El Kaminante","isPartOf":{"@id":"https:\/\/elkaminante.com.uy\/#website"},"primaryImageOfPage":{"@id":"https:\/\/elkaminante.com.uy\/paquetes\/madrid-sevilla-y-barcelona\/#primaryimage"},"image":{"@id":"https:\/\/elkaminante.com.uy\/paquetes\/madrid-sevilla-y-barcelona\/#primaryimage"},"thumbnailUrl":"https:\/\/elkaminante.com.uy\/wp-content\/uploads\/2025\/06\/PAQ278.webp","datePublished":"2025-06-16T23:09:05+00:00","dateModified":"2026-04-17T12:38:57+00:00","breadcrumb":{"@id":"https:\/\/elkaminante.com.uy\/paquetes\/madrid-sevilla-y-barcelona\/#breadcrumb"},"inLanguage":"en-US","potentialAction":[{"@type":"ReadAction","target":["https:\/\/elkaminante.com.uy\/paquetes\/madrid-sevilla-y-barcelona\/"]}]},{"@type":"ImageObject","inLanguage":"en-US","@id":"https:\/\/elkaminante.com.uy\/paquetes\/madrid-sevilla-y-barcelona\/#primaryimage","url":"https:\/\/elkaminante.com.uy\/wp-content\/uploads\/2025\/06\/PAQ278.webp","contentUrl":"https:\/\/elkaminante.com.uy\/wp-content\/uploads\/2025\/06\/PAQ278.webp","width":800,"height":457},{"@type":"BreadcrumbList","@id":"https:\/\/elkaminante.com.uy\/paquetes\/madrid-sevilla-y-barcelona\/#breadcrumb","itemListElement":[{"@type":"ListItem","position":1,"name":"Inicio","item":"https:\/\/elkaminante.com.uy\/en\/"},{"@type":"ListItem","position":2,"name":"Viajes por el mundo","item":"https:\/\/elkaminante.com.uy\/en\/paquetes\/"},{"@type":"ListItem","position":3,"name":"Madrid, Sevilla y Barcelona"}]},{"@type":"WebSite","@id":"https:\/\/elkaminante.com.uy\/#website","url":"https:\/\/elkaminante.com.uy\/","name":"El Kaminante","description":"Viajes &amp; Turismo","publisher":{"@id":"https:\/\/elkaminante.com.uy\/#organization"},"potentialAction":[{"@type":"SearchAction","target":{"@type":"EntryPoint","urlTemplate":"https:\/\/elkaminante.com.uy\/?s={search_term_string}"},"query-input":{"@type":"PropertyValueSpecification","valueRequired":true,"valueName":"search_term_string"}}],"inLanguage":"en-US"},{"@type":"Organization","@id":"https:\/\/elkaminante.com.uy\/#organization","name":"El Kaminante","url":"https:\/\/elkaminante.com.uy\/","logo":{"@type":"ImageObject","inLanguage":"en-US","@id":"https:\/\/elkaminante.com.uy\/#\/schema\/logo\/image\/","url":"https:\/\/elkaminante.com.uy\/wp-content\/uploads\/2025\/02\/logo-elkaminante-blanco.svg","contentUrl":"https:\/\/elkaminante.com.uy\/wp-content\/uploads\/2025\/02\/logo-elkaminante-blanco.svg","caption":"El Kaminante"},"image":{"@id":"https:\/\/elkaminante.com.uy\/#\/schema\/logo\/image\/"}}]}},"_links":{"self":[{"href":"https:\/\/elkaminante.com.uy\/en\/wp-json\/wp\/v2\/product\/10431","targetHints":{"allow":["GET"]}}],"collection":[{"href":"https:\/\/elkaminante.com.uy\/en\/wp-json\/wp\/v2\/product"}],"about":[{"href":"https:\/\/elkaminante.com.uy\/en\/wp-json\/wp\/v2\/types\/product"}],"wp:featuredmedia":[{"embeddable":true,"href":"https:\/\/elkaminante.com.uy\/en\/wp-json\/wp\/v2\/media\/10429"}],"wp:attachment":[{"href":"https:\/\/elkaminante.com.uy\/en\/wp-json\/wp\/v2\/media?parent=10431"}],"wp:term":[{"taxonomy":"product_brand","embeddable":true,"href":"https:\/\/elkaminante.com.uy\/en\/wp-json\/wp\/v2\/product_brand?post=10431"},{"taxonomy":"product_cat","embeddable":true,"href":"https:\/\/elkaminante.com.uy\/en\/wp-json\/wp\/v2\/product_cat?post=10431"},{"taxonomy":"product_tag","embeddable":true,"href":"https:\/\/elkaminante.com.uy\/en\/wp-json\/wp\/v2\/product_tag?post=10431"}],"curies":[{"name":"wp","href":"https:\/\/api.w.org\/{rel}","templated":true}]}}