{"id":10399,"date":"2025-06-16T20:08:40","date_gmt":"2025-06-16T23:08:40","guid":{"rendered":"https:\/\/elkaminante.com.uy\/paquetes\/cartagena-medellin\/"},"modified":"2026-04-17T09:38:54","modified_gmt":"2026-04-17T12:38:54","slug":"cartagena-medellin","status":"publish","type":"product","link":"https:\/\/elkaminante.com.uy\/en\/paquetes\/cartagena-medellin\/","title":{"rendered":"Cartagena &#038; Medell\u00edn"},"content":{"rendered":"","protected":false},"excerpt":{"rendered":"<p>Cartagena de Indias o <b>Cartagena<\/b> es un distrito tur\u00edstico y cultural que se encuentra localizado en el departamento de Bol\u00edvar, a orillas del mar Caribe. En Colombia, se encuentra al norte del pa\u00eds, contempla a su alrededor varios archipi\u00e9lagos e islas que son para\u00edsos para un verdadero descanso. Esta ciudad suma a sus encantos los atractivos de una intensa vida nocturna, festivales culturales y paisajes exuberantes. Las playas de la ciudad te invitan a hacer turismo, descansar y divertirte con la refrescante brisa y las tibias aguas del mar.<i>Principales atractivos tur\u00edsticos:<\/i>Castillo de San Felipe de Barajas, Monumento Torre del Reloj, la Plaza de Santo Domingo, el Santuario de San Pedro Claver, las B\u00f3vedas y la Ciudad Amurallada entre otros.<\/p>\n<p><b>Medell\u00edn<\/b> es una ciudad cautivadora, no solo por su clima agradable (ronda los 19 \u00b0C durante todo el a\u00f1o); tambi\u00e9n por la amabilidad de su gente, su deliciosa comida y ese encanto paisa que enamora a los visitantes. El humor campesino de los habitantes de Medell\u00edn, que se refleja en las trovas antioque\u00f1as, los bailes t\u00edpicos y en general en la cultura paisa, se mezcla con la vida agitada de la metr\u00f3poli. No hay monta\u00f1as ni r\u00edos que puedan amilanar a estas personas, quienes tienen uno de los territorios m\u00e1s prol\u00edficos del pa\u00eds, con grandes empresas y crecimiento en todos los sectores. <i>Principales atractivos tur\u00edsticos:<\/i>Jard\u00edn Bot\u00e1nico, el Museo de Antioqu\u00eda, la Plaza Botero, el Pueblito Paisa &#8211; Cerro Nutibara y el Parque de las Luces, entre otros.<\/p>\n","protected":false},"featured_media":10397,"template":"","meta":{"_acf_changed":false,"inline_featured_image":false},"product_brand":[],"product_cat":[28,1579],"product_tag":[88,34,328,3429,2697,329,336,3998,64,2115,2116,558,245,2481,853,65,91,332,330,854,177,61,89,3282,93,333,331,855,178,119],"class_list":{"0":"post-10399","1":"product","2":"type-product","3":"status-publish","4":"has-post-thumbnail","6":"product_cat-paquetes","7":"product_cat-uruguay","8":"product_tag-america-del-sur","9":"product_tag-caribe","10":"product_tag-cartagena","11":"product_tag-cartagena-medellin","12":"product_tag-cartegena","13":"product_tag-colombia","14":"product_tag-colombia-en-cartagena","15":"product_tag-colombia-en-junio","16":"product_tag-desayuno","17":"product_tag-en-cartagena","18":"product_tag-en-colombia","19":"product_tag-en-junio","20":"product_tag-junio","21":"product_tag-junio-2026","22":"product_tag-medellin","23":"product_tag-no-aplica","24":"product_tag-paquetes-a-america-del-sur","25":"product_tag-paquetes-a-cartagena","26":"product_tag-paquetes-a-colombia","27":"product_tag-paquetes-a-medellin","28":"product_tag-paquetes-al-caribe","29":"product_tag-sin-destino","30":"product_tag-sudamerica","31":"product_tag-temporada-baja","32":"product_tag-viajes-a-america-del-sur","33":"product_tag-viajes-a-cartagena","34":"product_tag-viajes-a-colombia","35":"product_tag-viajes-a-medellin","36":"product_tag-viajes-al-caribe","37":"product_tag-vuelo-y-hotel","38":"entry","39":"has-media","41":"first","42":"instock","43":"shipping-taxable","44":"purchasable","45":"product-type-simple"},"acf":[],"yoast_head":"<!-- This site is optimized with the Yoast SEO plugin v27.2 - https:\/\/yoast.com\/product\/yoast-seo-wordpress\/ -->\n<title>Cartagena &amp; Medell\u00edn - El Kaminante<\/title>\n<meta name=\"robots\" content=\"index, follow, max-snippet:-1, max-image-preview:large, max-video-preview:-1\" \/>\n<link rel=\"canonical\" href=\"https:\/\/elkaminante.com.uy\/paquetes\/cartagena-medellin\/\" \/>\n<meta property=\"og:locale\" content=\"en_US\" \/>\n<meta property=\"og:type\" content=\"article\" \/>\n<meta property=\"og:title\" content=\"Cartagena &amp; Medell\u00edn - El Kaminante\" \/>\n<meta property=\"og:description\" content=\"Cartagena de Indias o Cartagena es un distrito tur\u00edstico y cultural que se encuentra localizado en el departamento de Bol\u00edvar, a orillas del mar Caribe. En Colombia, se encuentra al norte del pa\u00eds, contempla a su alrededor varios archipi\u00e9lagos e islas que son para\u00edsos para un verdadero descanso. Esta ciudad suma a sus encantos los atractivos de una intensa vida nocturna, festivales culturales y paisajes exuberantes. Las playas de la ciudad te invitan a hacer turismo, descansar y divertirte con la refrescante brisa y las tibias aguas del mar.Principales atractivos tur\u00edsticos:Castillo de San Felipe de Barajas, Monumento Torre del Reloj, la Plaza de Santo Domingo, el Santuario de San Pedro Claver, las B\u00f3vedas y la Ciudad Amurallada entre otros.Medell\u00edn es una ciudad cautivadora, no solo por su clima agradable (ronda los 19 \u00b0C durante todo el a\u00f1o); tambi\u00e9n por la amabilidad de su gente, su deliciosa comida y ese encanto paisa que enamora a los visitantes. El humor campesino de los habitantes de Medell\u00edn, que se refleja en las trovas antioque\u00f1as, los bailes t\u00edpicos y en general en la cultura paisa, se mezcla con la vida agitada de la metr\u00f3poli. No hay monta\u00f1as ni r\u00edos que puedan amilanar a estas personas, quienes tienen uno de los territorios m\u00e1s prol\u00edficos del pa\u00eds, con grandes empresas y crecimiento en todos los sectores. Principales atractivos tur\u00edsticos:Jard\u00edn Bot\u00e1nico, el Museo de Antioqu\u00eda, la Plaza Botero, el Pueblito Paisa - Cerro Nutibara y el Parque de las Luces, entre otros.\" \/>\n<meta property=\"og:url\" content=\"https:\/\/elkaminante.com.uy\/paquetes\/cartagena-medellin\/\" \/>\n<meta property=\"og:site_name\" content=\"El Kaminante\" \/>\n<meta property=\"article:modified_time\" content=\"2026-04-17T12:38:54+00:00\" \/>\n<meta property=\"og:image\" content=\"https:\/\/elkaminante.com.uy\/wp-content\/uploads\/2025\/06\/PAQ271.webp\" \/>\n\t<meta property=\"og:image:width\" content=\"800\" \/>\n\t<meta property=\"og:image:height\" content=\"457\" \/>\n\t<meta property=\"og:image:type\" content=\"image\/webp\" \/>\n<meta name=\"twitter:card\" content=\"summary_large_image\" \/>\n<script type=\"application\/ld+json\" class=\"yoast-schema-graph\">{\"@context\":\"https:\/\/schema.org\",\"@graph\":[{\"@type\":\"WebPage\",\"@id\":\"https:\/\/elkaminante.com.uy\/paquetes\/cartagena-medellin\/\",\"url\":\"https:\/\/elkaminante.com.uy\/paquetes\/cartagena-medellin\/\",\"name\":\"Cartagena & Medell\u00edn - El Kaminante\",\"isPartOf\":{\"@id\":\"https:\/\/elkaminante.com.uy\/#website\"},\"primaryImageOfPage\":{\"@id\":\"https:\/\/elkaminante.com.uy\/paquetes\/cartagena-medellin\/#primaryimage\"},\"image\":{\"@id\":\"https:\/\/elkaminante.com.uy\/paquetes\/cartagena-medellin\/#primaryimage\"},\"thumbnailUrl\":\"https:\/\/elkaminante.com.uy\/wp-content\/uploads\/2025\/06\/PAQ271.webp\",\"datePublished\":\"2025-06-16T23:08:40+00:00\",\"dateModified\":\"2026-04-17T12:38:54+00:00\",\"breadcrumb\":{\"@id\":\"https:\/\/elkaminante.com.uy\/paquetes\/cartagena-medellin\/#breadcrumb\"},\"inLanguage\":\"en-US\",\"potentialAction\":[{\"@type\":\"ReadAction\",\"target\":[\"https:\/\/elkaminante.com.uy\/paquetes\/cartagena-medellin\/\"]}]},{\"@type\":\"ImageObject\",\"inLanguage\":\"en-US\",\"@id\":\"https:\/\/elkaminante.com.uy\/paquetes\/cartagena-medellin\/#primaryimage\",\"url\":\"https:\/\/elkaminante.com.uy\/wp-content\/uploads\/2025\/06\/PAQ271.webp\",\"contentUrl\":\"https:\/\/elkaminante.com.uy\/wp-content\/uploads\/2025\/06\/PAQ271.webp\",\"width\":800,\"height\":457},{\"@type\":\"BreadcrumbList\",\"@id\":\"https:\/\/elkaminante.com.uy\/paquetes\/cartagena-medellin\/#breadcrumb\",\"itemListElement\":[{\"@type\":\"ListItem\",\"position\":1,\"name\":\"Inicio\",\"item\":\"https:\/\/elkaminante.com.uy\/en\/\"},{\"@type\":\"ListItem\",\"position\":2,\"name\":\"Viajes por el mundo\",\"item\":\"https:\/\/elkaminante.com.uy\/en\/paquetes\/\"},{\"@type\":\"ListItem\",\"position\":3,\"name\":\"Cartagena &#038; Medell\u00edn\"}]},{\"@type\":\"WebSite\",\"@id\":\"https:\/\/elkaminante.com.uy\/#website\",\"url\":\"https:\/\/elkaminante.com.uy\/\",\"name\":\"El Kaminante\",\"description\":\"Viajes &amp; Turismo\",\"publisher\":{\"@id\":\"https:\/\/elkaminante.com.uy\/#organization\"},\"potentialAction\":[{\"@type\":\"SearchAction\",\"target\":{\"@type\":\"EntryPoint\",\"urlTemplate\":\"https:\/\/elkaminante.com.uy\/?s={search_term_string}\"},\"query-input\":{\"@type\":\"PropertyValueSpecification\",\"valueRequired\":true,\"valueName\":\"search_term_string\"}}],\"inLanguage\":\"en-US\"},{\"@type\":\"Organization\",\"@id\":\"https:\/\/elkaminante.com.uy\/#organization\",\"name\":\"El Kaminante\",\"url\":\"https:\/\/elkaminante.com.uy\/\",\"logo\":{\"@type\":\"ImageObject\",\"inLanguage\":\"en-US\",\"@id\":\"https:\/\/elkaminante.com.uy\/#\/schema\/logo\/image\/\",\"url\":\"https:\/\/elkaminante.com.uy\/wp-content\/uploads\/2025\/02\/logo-elkaminante-blanco.svg\",\"contentUrl\":\"https:\/\/elkaminante.com.uy\/wp-content\/uploads\/2025\/02\/logo-elkaminante-blanco.svg\",\"caption\":\"El Kaminante\"},\"image\":{\"@id\":\"https:\/\/elkaminante.com.uy\/#\/schema\/logo\/image\/\"}}]}<\/script>\n<!-- \/ Yoast SEO plugin. -->","yoast_head_json":{"title":"Cartagena & Medell\u00edn - El Kaminante","robots":{"index":"index","follow":"follow","max-snippet":"max-snippet:-1","max-image-preview":"max-image-preview:large","max-video-preview":"max-video-preview:-1"},"canonical":"https:\/\/elkaminante.com.uy\/paquetes\/cartagena-medellin\/","og_locale":"en_US","og_type":"article","og_title":"Cartagena & Medell\u00edn - El Kaminante","og_description":"Cartagena de Indias o Cartagena es un distrito tur\u00edstico y cultural que se encuentra localizado en el departamento de Bol\u00edvar, a orillas del mar Caribe. En Colombia, se encuentra al norte del pa\u00eds, contempla a su alrededor varios archipi\u00e9lagos e islas que son para\u00edsos para un verdadero descanso. Esta ciudad suma a sus encantos los atractivos de una intensa vida nocturna, festivales culturales y paisajes exuberantes. Las playas de la ciudad te invitan a hacer turismo, descansar y divertirte con la refrescante brisa y las tibias aguas del mar.Principales atractivos tur\u00edsticos:Castillo de San Felipe de Barajas, Monumento Torre del Reloj, la Plaza de Santo Domingo, el Santuario de San Pedro Claver, las B\u00f3vedas y la Ciudad Amurallada entre otros.Medell\u00edn es una ciudad cautivadora, no solo por su clima agradable (ronda los 19 \u00b0C durante todo el a\u00f1o); tambi\u00e9n por la amabilidad de su gente, su deliciosa comida y ese encanto paisa que enamora a los visitantes. El humor campesino de los habitantes de Medell\u00edn, que se refleja en las trovas antioque\u00f1as, los bailes t\u00edpicos y en general en la cultura paisa, se mezcla con la vida agitada de la metr\u00f3poli. No hay monta\u00f1as ni r\u00edos que puedan amilanar a estas personas, quienes tienen uno de los territorios m\u00e1s prol\u00edficos del pa\u00eds, con grandes empresas y crecimiento en todos los sectores. Principales atractivos tur\u00edsticos:Jard\u00edn Bot\u00e1nico, el Museo de Antioqu\u00eda, la Plaza Botero, el Pueblito Paisa - Cerro Nutibara y el Parque de las Luces, entre otros.","og_url":"https:\/\/elkaminante.com.uy\/paquetes\/cartagena-medellin\/","og_site_name":"El Kaminante","article_modified_time":"2026-04-17T12:38:54+00:00","og_image":[{"width":800,"height":457,"url":"https:\/\/elkaminante.com.uy\/wp-content\/uploads\/2025\/06\/PAQ271.webp","type":"image\/webp"}],"twitter_card":"summary_large_image","schema":{"@context":"https:\/\/schema.org","@graph":[{"@type":"WebPage","@id":"https:\/\/elkaminante.com.uy\/paquetes\/cartagena-medellin\/","url":"https:\/\/elkaminante.com.uy\/paquetes\/cartagena-medellin\/","name":"Cartagena & Medell\u00edn - El Kaminante","isPartOf":{"@id":"https:\/\/elkaminante.com.uy\/#website"},"primaryImageOfPage":{"@id":"https:\/\/elkaminante.com.uy\/paquetes\/cartagena-medellin\/#primaryimage"},"image":{"@id":"https:\/\/elkaminante.com.uy\/paquetes\/cartagena-medellin\/#primaryimage"},"thumbnailUrl":"https:\/\/elkaminante.com.uy\/wp-content\/uploads\/2025\/06\/PAQ271.webp","datePublished":"2025-06-16T23:08:40+00:00","dateModified":"2026-04-17T12:38:54+00:00","breadcrumb":{"@id":"https:\/\/elkaminante.com.uy\/paquetes\/cartagena-medellin\/#breadcrumb"},"inLanguage":"en-US","potentialAction":[{"@type":"ReadAction","target":["https:\/\/elkaminante.com.uy\/paquetes\/cartagena-medellin\/"]}]},{"@type":"ImageObject","inLanguage":"en-US","@id":"https:\/\/elkaminante.com.uy\/paquetes\/cartagena-medellin\/#primaryimage","url":"https:\/\/elkaminante.com.uy\/wp-content\/uploads\/2025\/06\/PAQ271.webp","contentUrl":"https:\/\/elkaminante.com.uy\/wp-content\/uploads\/2025\/06\/PAQ271.webp","width":800,"height":457},{"@type":"BreadcrumbList","@id":"https:\/\/elkaminante.com.uy\/paquetes\/cartagena-medellin\/#breadcrumb","itemListElement":[{"@type":"ListItem","position":1,"name":"Inicio","item":"https:\/\/elkaminante.com.uy\/en\/"},{"@type":"ListItem","position":2,"name":"Viajes por el mundo","item":"https:\/\/elkaminante.com.uy\/en\/paquetes\/"},{"@type":"ListItem","position":3,"name":"Cartagena &#038; Medell\u00edn"}]},{"@type":"WebSite","@id":"https:\/\/elkaminante.com.uy\/#website","url":"https:\/\/elkaminante.com.uy\/","name":"El Kaminante","description":"Viajes &amp; Turismo","publisher":{"@id":"https:\/\/elkaminante.com.uy\/#organization"},"potentialAction":[{"@type":"SearchAction","target":{"@type":"EntryPoint","urlTemplate":"https:\/\/elkaminante.com.uy\/?s={search_term_string}"},"query-input":{"@type":"PropertyValueSpecification","valueRequired":true,"valueName":"search_term_string"}}],"inLanguage":"en-US"},{"@type":"Organization","@id":"https:\/\/elkaminante.com.uy\/#organization","name":"El Kaminante","url":"https:\/\/elkaminante.com.uy\/","logo":{"@type":"ImageObject","inLanguage":"en-US","@id":"https:\/\/elkaminante.com.uy\/#\/schema\/logo\/image\/","url":"https:\/\/elkaminante.com.uy\/wp-content\/uploads\/2025\/02\/logo-elkaminante-blanco.svg","contentUrl":"https:\/\/elkaminante.com.uy\/wp-content\/uploads\/2025\/02\/logo-elkaminante-blanco.svg","caption":"El Kaminante"},"image":{"@id":"https:\/\/elkaminante.com.uy\/#\/schema\/logo\/image\/"}}]}},"_links":{"self":[{"href":"https:\/\/elkaminante.com.uy\/en\/wp-json\/wp\/v2\/product\/10399","targetHints":{"allow":["GET"]}}],"collection":[{"href":"https:\/\/elkaminante.com.uy\/en\/wp-json\/wp\/v2\/product"}],"about":[{"href":"https:\/\/elkaminante.com.uy\/en\/wp-json\/wp\/v2\/types\/product"}],"wp:featuredmedia":[{"embeddable":true,"href":"https:\/\/elkaminante.com.uy\/en\/wp-json\/wp\/v2\/media\/10397"}],"wp:attachment":[{"href":"https:\/\/elkaminante.com.uy\/en\/wp-json\/wp\/v2\/media?parent=10399"}],"wp:term":[{"taxonomy":"product_brand","embeddable":true,"href":"https:\/\/elkaminante.com.uy\/en\/wp-json\/wp\/v2\/product_brand?post=10399"},{"taxonomy":"product_cat","embeddable":true,"href":"https:\/\/elkaminante.com.uy\/en\/wp-json\/wp\/v2\/product_cat?post=10399"},{"taxonomy":"product_tag","embeddable":true,"href":"https:\/\/elkaminante.com.uy\/en\/wp-json\/wp\/v2\/product_tag?post=10399"}],"curies":[{"name":"wp","href":"https:\/\/api.w.org\/{rel}","templated":true}]}}