{"id":10276,"date":"2025-06-16T20:07:20","date_gmt":"2025-06-16T23:07:20","guid":{"rendered":"https:\/\/elkaminante.com.uy\/paquetes\/vila-gale-angra-dos-reis-2\/"},"modified":"2026-04-17T09:38:53","modified_gmt":"2026-04-17T12:38:53","slug":"vila-gale-angra-dos-reis-2","status":"publish","type":"product","link":"https:\/\/elkaminante.com.uy\/en\/paquetes\/vila-gale-angra-dos-reis-2\/","title":{"rendered":"Vila Gal\u00e9 Angra dos Reis"},"content":{"rendered":"","protected":false},"excerpt":{"rendered":"<p>En la costa de Rio de Janeiro encontramos <b>Angra dos Reis<\/b>, una preciosa ciudad brasile\u00f1a de bellas playas y grandes atractivos tur\u00edsticos. Tiene m\u00e1s de 360 islas y 2.000 playas para poder disfrutar de este caracter\u00edstico lugar paradis\u00edaco.<i>Principales atractivos tur\u00edsticos:<\/i>el Monumento a los N\u00e1ufragos, el pico del Fraile, la Isla de la Gip\u00f3ia, el Convento de Nuestra Se\u00f1ora del Carmo y las Islas de Catagu\u00e1s entre otros. <\/p>\n<p><b>R\u00edo de Janeiro<\/b> es considerado uno de los lugares mas bellos del planeta. En R\u00edo de Janeiro no solo se encuentra la gente que a diario disfruta de las playas, el sol y el mar, gran parte de su poblaci\u00f3n habita las llamadas favelas, especie de barrios situados en las laderas de la colinas que rodean la ciudad. La gastronom\u00eda de R\u00edo de Janeiro es una mezcla de la cultura africana, india y portuguesa, italiana y francesa, entre otros. Los platos tradicionales son la Feiojada y los churrascos hechos a la parrilla. Las compras de ropa de dise\u00f1adores brasile\u00f1os las puedes realizar en los centros comerciales Rio Design Leblon, Shopping Rio Sul. Adem\u00e1s puedes ir a la Feria de Sao Cristovao, donde encontrar\u00e1s artesan\u00edas, ropa, restaurantes y presentaciones art\u00edsticas. <\/p>\n<p><i>Principales atractivos tur\u00edsticos:<\/i> Cerro del Corcovado, Ipanema, Pan de Az\u00facar, Copacabana, estadio de Maracan\u00e1, entre otros.<\/p>\n","protected":false},"featured_media":10274,"template":"","meta":{"_acf_changed":false,"inline_featured_image":false},"product_brand":[],"product_cat":[28,1579],"product_tag":[173,88,657,35,661,990,2203,2054,2018,278,2506,65,91,658,90,363,61,89,3282,93,659,92,3379,119],"class_list":{"0":"post-10276","1":"product","2":"type-product","3":"status-publish","4":"has-post-thumbnail","6":"product_cat-paquetes","7":"product_cat-uruguay","8":"product_tag-all-inclusive","9":"product_tag-america-del-sur","10":"product_tag-angra-dos-reis","11":"product_tag-brasil","12":"product_tag-brasil-en-angra-dos-reis","13":"product_tag-brasil-en-mayo","14":"product_tag-en-angra-dos-reis","15":"product_tag-en-brasil","16":"product_tag-en-mayo","17":"product_tag-mayo","18":"product_tag-mayo-2026all-inclusive","19":"product_tag-no-aplica","20":"product_tag-paquetes-a-america-del-sur","21":"product_tag-paquetes-a-angra-dos-reis","22":"product_tag-paquetes-a-brasil","23":"product_tag-rio-de-janeiro","24":"product_tag-sin-destino","25":"product_tag-sudamerica","26":"product_tag-temporada-baja","27":"product_tag-viajes-a-america-del-sur","28":"product_tag-viajes-a-angra-dos-reis","29":"product_tag-viajes-a-brasil","30":"product_tag-vila-gale-angra-dos-reis","31":"product_tag-vuelo-y-hotel","32":"entry","33":"has-media","35":"first","36":"instock","37":"shipping-taxable","38":"purchasable","39":"product-type-simple"},"acf":[],"yoast_head":"<!-- This site is optimized with the Yoast SEO plugin v27.2 - https:\/\/yoast.com\/product\/yoast-seo-wordpress\/ -->\n<title>Vila Gal\u00e9 Angra dos Reis - El Kaminante<\/title>\n<meta name=\"robots\" content=\"index, follow, max-snippet:-1, max-image-preview:large, max-video-preview:-1\" \/>\n<link rel=\"canonical\" href=\"https:\/\/elkaminante.com.uy\/paquetes\/vila-gale-angra-dos-reis-2\/\" \/>\n<meta property=\"og:locale\" content=\"en_US\" \/>\n<meta property=\"og:type\" content=\"article\" \/>\n<meta property=\"og:title\" content=\"Vila Gal\u00e9 Angra dos Reis - El Kaminante\" \/>\n<meta property=\"og:description\" content=\"En la costa de Rio de Janeiro encontramos Angra dos Reis, una preciosa ciudad brasile\u00f1a de bellas playas y grandes atractivos tur\u00edsticos. Tiene m\u00e1s de 360 islas y 2.000 playas para poder disfrutar de este caracter\u00edstico lugar paradis\u00edaco.Principales atractivos tur\u00edsticos:el Monumento a los N\u00e1ufragos, el pico del Fraile, la Isla de la Gip\u00f3ia, el Convento de Nuestra Se\u00f1ora del Carmo y las Islas de Catagu\u00e1s entre otros. R\u00edo de Janeiro es considerado uno de los lugares mas bellos del planeta. En R\u00edo de Janeiro no solo se encuentra la gente que a diario disfruta de las playas, el sol y el mar, gran parte de su poblaci\u00f3n habita las llamadas favelas, especie de barrios situados en las laderas de la colinas que rodean la ciudad. La gastronom\u00eda de R\u00edo de Janeiro es una mezcla de la cultura africana, india y portuguesa, italiana y francesa, entre otros. Los platos tradicionales son la Feiojada y los churrascos hechos a la parrilla. Las compras de ropa de dise\u00f1adores brasile\u00f1os las puedes realizar en los centros comerciales Rio Design Leblon, Shopping Rio Sul. Adem\u00e1s puedes ir a la Feria de Sao Cristovao, donde encontrar\u00e1s artesan\u00edas, ropa, restaurantes y presentaciones art\u00edsticas. Principales atractivos tur\u00edsticos: Cerro del Corcovado, Ipanema, Pan de Az\u00facar, Copacabana, estadio de Maracan\u00e1, entre otros.\" \/>\n<meta property=\"og:url\" content=\"https:\/\/elkaminante.com.uy\/paquetes\/vila-gale-angra-dos-reis-2\/\" \/>\n<meta property=\"og:site_name\" content=\"El Kaminante\" \/>\n<meta property=\"article:modified_time\" content=\"2026-04-17T12:38:53+00:00\" \/>\n<meta property=\"og:image\" content=\"https:\/\/elkaminante.com.uy\/wp-content\/uploads\/2025\/06\/PAQ245.webp\" \/>\n\t<meta property=\"og:image:width\" content=\"800\" \/>\n\t<meta property=\"og:image:height\" content=\"457\" \/>\n\t<meta property=\"og:image:type\" content=\"image\/webp\" \/>\n<meta name=\"twitter:card\" content=\"summary_large_image\" \/>\n<script type=\"application\/ld+json\" class=\"yoast-schema-graph\">{\"@context\":\"https:\/\/schema.org\",\"@graph\":[{\"@type\":\"WebPage\",\"@id\":\"https:\/\/elkaminante.com.uy\/paquetes\/vila-gale-angra-dos-reis-2\/\",\"url\":\"https:\/\/elkaminante.com.uy\/paquetes\/vila-gale-angra-dos-reis-2\/\",\"name\":\"Vila Gal\u00e9 Angra dos Reis - El Kaminante\",\"isPartOf\":{\"@id\":\"https:\/\/elkaminante.com.uy\/#website\"},\"primaryImageOfPage\":{\"@id\":\"https:\/\/elkaminante.com.uy\/paquetes\/vila-gale-angra-dos-reis-2\/#primaryimage\"},\"image\":{\"@id\":\"https:\/\/elkaminante.com.uy\/paquetes\/vila-gale-angra-dos-reis-2\/#primaryimage\"},\"thumbnailUrl\":\"https:\/\/elkaminante.com.uy\/wp-content\/uploads\/2025\/06\/PAQ245.webp\",\"datePublished\":\"2025-06-16T23:07:20+00:00\",\"dateModified\":\"2026-04-17T12:38:53+00:00\",\"breadcrumb\":{\"@id\":\"https:\/\/elkaminante.com.uy\/paquetes\/vila-gale-angra-dos-reis-2\/#breadcrumb\"},\"inLanguage\":\"en-US\",\"potentialAction\":[{\"@type\":\"ReadAction\",\"target\":[\"https:\/\/elkaminante.com.uy\/paquetes\/vila-gale-angra-dos-reis-2\/\"]}]},{\"@type\":\"ImageObject\",\"inLanguage\":\"en-US\",\"@id\":\"https:\/\/elkaminante.com.uy\/paquetes\/vila-gale-angra-dos-reis-2\/#primaryimage\",\"url\":\"https:\/\/elkaminante.com.uy\/wp-content\/uploads\/2025\/06\/PAQ245.webp\",\"contentUrl\":\"https:\/\/elkaminante.com.uy\/wp-content\/uploads\/2025\/06\/PAQ245.webp\",\"width\":800,\"height\":457},{\"@type\":\"BreadcrumbList\",\"@id\":\"https:\/\/elkaminante.com.uy\/paquetes\/vila-gale-angra-dos-reis-2\/#breadcrumb\",\"itemListElement\":[{\"@type\":\"ListItem\",\"position\":1,\"name\":\"Inicio\",\"item\":\"https:\/\/elkaminante.com.uy\/en\/\"},{\"@type\":\"ListItem\",\"position\":2,\"name\":\"Viajes por el mundo\",\"item\":\"https:\/\/elkaminante.com.uy\/en\/paquetes\/\"},{\"@type\":\"ListItem\",\"position\":3,\"name\":\"Vila Gal\u00e9 Angra dos Reis\"}]},{\"@type\":\"WebSite\",\"@id\":\"https:\/\/elkaminante.com.uy\/#website\",\"url\":\"https:\/\/elkaminante.com.uy\/\",\"name\":\"El Kaminante\",\"description\":\"Viajes &amp; Turismo\",\"publisher\":{\"@id\":\"https:\/\/elkaminante.com.uy\/#organization\"},\"potentialAction\":[{\"@type\":\"SearchAction\",\"target\":{\"@type\":\"EntryPoint\",\"urlTemplate\":\"https:\/\/elkaminante.com.uy\/?s={search_term_string}\"},\"query-input\":{\"@type\":\"PropertyValueSpecification\",\"valueRequired\":true,\"valueName\":\"search_term_string\"}}],\"inLanguage\":\"en-US\"},{\"@type\":\"Organization\",\"@id\":\"https:\/\/elkaminante.com.uy\/#organization\",\"name\":\"El Kaminante\",\"url\":\"https:\/\/elkaminante.com.uy\/\",\"logo\":{\"@type\":\"ImageObject\",\"inLanguage\":\"en-US\",\"@id\":\"https:\/\/elkaminante.com.uy\/#\/schema\/logo\/image\/\",\"url\":\"https:\/\/elkaminante.com.uy\/wp-content\/uploads\/2025\/02\/logo-elkaminante-blanco.svg\",\"contentUrl\":\"https:\/\/elkaminante.com.uy\/wp-content\/uploads\/2025\/02\/logo-elkaminante-blanco.svg\",\"caption\":\"El Kaminante\"},\"image\":{\"@id\":\"https:\/\/elkaminante.com.uy\/#\/schema\/logo\/image\/\"}}]}<\/script>\n<!-- \/ Yoast SEO plugin. -->","yoast_head_json":{"title":"Vila Gal\u00e9 Angra dos Reis - El Kaminante","robots":{"index":"index","follow":"follow","max-snippet":"max-snippet:-1","max-image-preview":"max-image-preview:large","max-video-preview":"max-video-preview:-1"},"canonical":"https:\/\/elkaminante.com.uy\/paquetes\/vila-gale-angra-dos-reis-2\/","og_locale":"en_US","og_type":"article","og_title":"Vila Gal\u00e9 Angra dos Reis - El Kaminante","og_description":"En la costa de Rio de Janeiro encontramos Angra dos Reis, una preciosa ciudad brasile\u00f1a de bellas playas y grandes atractivos tur\u00edsticos. Tiene m\u00e1s de 360 islas y 2.000 playas para poder disfrutar de este caracter\u00edstico lugar paradis\u00edaco.Principales atractivos tur\u00edsticos:el Monumento a los N\u00e1ufragos, el pico del Fraile, la Isla de la Gip\u00f3ia, el Convento de Nuestra Se\u00f1ora del Carmo y las Islas de Catagu\u00e1s entre otros. R\u00edo de Janeiro es considerado uno de los lugares mas bellos del planeta. En R\u00edo de Janeiro no solo se encuentra la gente que a diario disfruta de las playas, el sol y el mar, gran parte de su poblaci\u00f3n habita las llamadas favelas, especie de barrios situados en las laderas de la colinas que rodean la ciudad. La gastronom\u00eda de R\u00edo de Janeiro es una mezcla de la cultura africana, india y portuguesa, italiana y francesa, entre otros. Los platos tradicionales son la Feiojada y los churrascos hechos a la parrilla. Las compras de ropa de dise\u00f1adores brasile\u00f1os las puedes realizar en los centros comerciales Rio Design Leblon, Shopping Rio Sul. Adem\u00e1s puedes ir a la Feria de Sao Cristovao, donde encontrar\u00e1s artesan\u00edas, ropa, restaurantes y presentaciones art\u00edsticas. Principales atractivos tur\u00edsticos: Cerro del Corcovado, Ipanema, Pan de Az\u00facar, Copacabana, estadio de Maracan\u00e1, entre otros.","og_url":"https:\/\/elkaminante.com.uy\/paquetes\/vila-gale-angra-dos-reis-2\/","og_site_name":"El Kaminante","article_modified_time":"2026-04-17T12:38:53+00:00","og_image":[{"width":800,"height":457,"url":"https:\/\/elkaminante.com.uy\/wp-content\/uploads\/2025\/06\/PAQ245.webp","type":"image\/webp"}],"twitter_card":"summary_large_image","schema":{"@context":"https:\/\/schema.org","@graph":[{"@type":"WebPage","@id":"https:\/\/elkaminante.com.uy\/paquetes\/vila-gale-angra-dos-reis-2\/","url":"https:\/\/elkaminante.com.uy\/paquetes\/vila-gale-angra-dos-reis-2\/","name":"Vila Gal\u00e9 Angra dos Reis - El Kaminante","isPartOf":{"@id":"https:\/\/elkaminante.com.uy\/#website"},"primaryImageOfPage":{"@id":"https:\/\/elkaminante.com.uy\/paquetes\/vila-gale-angra-dos-reis-2\/#primaryimage"},"image":{"@id":"https:\/\/elkaminante.com.uy\/paquetes\/vila-gale-angra-dos-reis-2\/#primaryimage"},"thumbnailUrl":"https:\/\/elkaminante.com.uy\/wp-content\/uploads\/2025\/06\/PAQ245.webp","datePublished":"2025-06-16T23:07:20+00:00","dateModified":"2026-04-17T12:38:53+00:00","breadcrumb":{"@id":"https:\/\/elkaminante.com.uy\/paquetes\/vila-gale-angra-dos-reis-2\/#breadcrumb"},"inLanguage":"en-US","potentialAction":[{"@type":"ReadAction","target":["https:\/\/elkaminante.com.uy\/paquetes\/vila-gale-angra-dos-reis-2\/"]}]},{"@type":"ImageObject","inLanguage":"en-US","@id":"https:\/\/elkaminante.com.uy\/paquetes\/vila-gale-angra-dos-reis-2\/#primaryimage","url":"https:\/\/elkaminante.com.uy\/wp-content\/uploads\/2025\/06\/PAQ245.webp","contentUrl":"https:\/\/elkaminante.com.uy\/wp-content\/uploads\/2025\/06\/PAQ245.webp","width":800,"height":457},{"@type":"BreadcrumbList","@id":"https:\/\/elkaminante.com.uy\/paquetes\/vila-gale-angra-dos-reis-2\/#breadcrumb","itemListElement":[{"@type":"ListItem","position":1,"name":"Inicio","item":"https:\/\/elkaminante.com.uy\/en\/"},{"@type":"ListItem","position":2,"name":"Viajes por el mundo","item":"https:\/\/elkaminante.com.uy\/en\/paquetes\/"},{"@type":"ListItem","position":3,"name":"Vila Gal\u00e9 Angra dos Reis"}]},{"@type":"WebSite","@id":"https:\/\/elkaminante.com.uy\/#website","url":"https:\/\/elkaminante.com.uy\/","name":"El Kaminante","description":"Viajes &amp; Turismo","publisher":{"@id":"https:\/\/elkaminante.com.uy\/#organization"},"potentialAction":[{"@type":"SearchAction","target":{"@type":"EntryPoint","urlTemplate":"https:\/\/elkaminante.com.uy\/?s={search_term_string}"},"query-input":{"@type":"PropertyValueSpecification","valueRequired":true,"valueName":"search_term_string"}}],"inLanguage":"en-US"},{"@type":"Organization","@id":"https:\/\/elkaminante.com.uy\/#organization","name":"El Kaminante","url":"https:\/\/elkaminante.com.uy\/","logo":{"@type":"ImageObject","inLanguage":"en-US","@id":"https:\/\/elkaminante.com.uy\/#\/schema\/logo\/image\/","url":"https:\/\/elkaminante.com.uy\/wp-content\/uploads\/2025\/02\/logo-elkaminante-blanco.svg","contentUrl":"https:\/\/elkaminante.com.uy\/wp-content\/uploads\/2025\/02\/logo-elkaminante-blanco.svg","caption":"El Kaminante"},"image":{"@id":"https:\/\/elkaminante.com.uy\/#\/schema\/logo\/image\/"}}]}},"_links":{"self":[{"href":"https:\/\/elkaminante.com.uy\/en\/wp-json\/wp\/v2\/product\/10276","targetHints":{"allow":["GET"]}}],"collection":[{"href":"https:\/\/elkaminante.com.uy\/en\/wp-json\/wp\/v2\/product"}],"about":[{"href":"https:\/\/elkaminante.com.uy\/en\/wp-json\/wp\/v2\/types\/product"}],"wp:featuredmedia":[{"embeddable":true,"href":"https:\/\/elkaminante.com.uy\/en\/wp-json\/wp\/v2\/media\/10274"}],"wp:attachment":[{"href":"https:\/\/elkaminante.com.uy\/en\/wp-json\/wp\/v2\/media?parent=10276"}],"wp:term":[{"taxonomy":"product_brand","embeddable":true,"href":"https:\/\/elkaminante.com.uy\/en\/wp-json\/wp\/v2\/product_brand?post=10276"},{"taxonomy":"product_cat","embeddable":true,"href":"https:\/\/elkaminante.com.uy\/en\/wp-json\/wp\/v2\/product_cat?post=10276"},{"taxonomy":"product_tag","embeddable":true,"href":"https:\/\/elkaminante.com.uy\/en\/wp-json\/wp\/v2\/product_tag?post=10276"}],"curies":[{"name":"wp","href":"https:\/\/api.w.org\/{rel}","templated":true}]}}