{"id":10264,"date":"2025-06-16T20:07:14","date_gmt":"2025-06-16T23:07:14","guid":{"rendered":"https:\/\/elkaminante.com.uy\/paquetes\/rio-de-janeiro-low-cost\/"},"modified":"2026-04-17T09:38:50","modified_gmt":"2026-04-17T12:38:50","slug":"rio-de-janeiro-low-cost","status":"publish","type":"product","link":"https:\/\/elkaminante.com.uy\/en\/paquetes\/rio-de-janeiro-low-cost\/","title":{"rendered":"Rio de Janeiro"},"content":{"rendered":"","protected":false},"excerpt":{"rendered":"<p><b>R\u00edo de Janeiro<\/b> es considerado uno de los lugares mas bellos del planeta. En R\u00edo de Janeiro no solo se encuentra la gente que a diario disfruta de las playas, el sol y el mar, gran parte de su poblaci\u00f3n habita las llamadas favelas, especie de barrios situados en las laderas de la colinas que rodean la ciudad. La gastronom\u00eda de R\u00edo de Janeiro es una mezcla de la cultura africana, india y portuguesa, italiana y francesa, entre otros. Los platos tradicionales son la Feiojada y los churrascos hechos a la parrilla. Las compras de ropa de dise\u00f1adores brasile\u00f1os las puedes realizar en los centros comerciales Rio Design Leblon, Shopping Rio Sul. Adem\u00e1s puedes ir a la Feria de Sao Cristovao, donde encontrar\u00e1s artesan\u00edas, ropa, restaurantes y presentaciones art\u00edsticas. <\/p>\n<p><i>Principales atractivos tur\u00edsticos:<\/i> Cerro del Corcovado, Ipanema, Pan de Az\u00facar, Copacabana, estadio de Maracan\u00e1, entre otros.<\/p>\n","protected":false},"featured_media":10262,"template":"","meta":{"_acf_changed":false,"inline_featured_image":false},"product_brand":[],"product_cat":[28,1579],"product_tag":[4207,88,35,260,450,3740,64,2054,558,2111,245,65,91,90,367,363,366,61,89,2953,1092,2952,93,92,368,119],"class_list":{"0":"post-10264","1":"product","2":"type-product","3":"status-publish","4":"has-post-thumbnail","6":"product_cat-paquetes","7":"product_cat-uruguay","8":"product_tag-29-de-junio-de-2026","9":"product_tag-america-del-sur","10":"product_tag-brasil","11":"product_tag-brasil-en-junio","12":"product_tag-brasil-en-rio-de-janeiro","13":"product_tag-copacabana","14":"product_tag-desayuno","15":"product_tag-en-brasil","16":"product_tag-en-junio","17":"product_tag-en-rio-de-janeiro","18":"product_tag-junio","19":"product_tag-no-aplica","20":"product_tag-paquetes-a-america-del-sur","21":"product_tag-paquetes-a-brasil","22":"product_tag-paquetes-a-rio-de-janeiro","23":"product_tag-rio-de-janeiro","24":"product_tag-rio-janeiro","25":"product_tag-sin-destino","26":"product_tag-sudamerica","27":"product_tag-vacaciones-de-invierno","28":"product_tag-vacaciones-de-julio","29":"product_tag-vacaciones-julio","30":"product_tag-viajes-a-america-del-sur","31":"product_tag-viajes-a-brasil","32":"product_tag-viajes-a-rio-de-janeiro","33":"product_tag-vuelo-y-hotel","34":"entry","35":"has-media","37":"first","38":"instock","39":"shipping-taxable","40":"purchasable","41":"product-type-simple"},"acf":[],"yoast_head":"<!-- This site is optimized with the Yoast SEO plugin v27.2 - https:\/\/yoast.com\/product\/yoast-seo-wordpress\/ -->\n<title>Rio de Janeiro - El Kaminante<\/title>\n<meta name=\"robots\" content=\"index, follow, max-snippet:-1, max-image-preview:large, max-video-preview:-1\" \/>\n<link rel=\"canonical\" href=\"https:\/\/elkaminante.com.uy\/paquetes\/rio-de-janeiro-low-cost\/\" \/>\n<meta property=\"og:locale\" content=\"en_US\" \/>\n<meta property=\"og:type\" content=\"article\" \/>\n<meta property=\"og:title\" content=\"Rio de Janeiro - El Kaminante\" \/>\n<meta property=\"og:description\" content=\"R\u00edo de Janeiro es considerado uno de los lugares mas bellos del planeta. En R\u00edo de Janeiro no solo se encuentra la gente que a diario disfruta de las playas, el sol y el mar, gran parte de su poblaci\u00f3n habita las llamadas favelas, especie de barrios situados en las laderas de la colinas que rodean la ciudad. La gastronom\u00eda de R\u00edo de Janeiro es una mezcla de la cultura africana, india y portuguesa, italiana y francesa, entre otros. Los platos tradicionales son la Feiojada y los churrascos hechos a la parrilla. Las compras de ropa de dise\u00f1adores brasile\u00f1os las puedes realizar en los centros comerciales Rio Design Leblon, Shopping Rio Sul. Adem\u00e1s puedes ir a la Feria de Sao Cristovao, donde encontrar\u00e1s artesan\u00edas, ropa, restaurantes y presentaciones art\u00edsticas. Principales atractivos tur\u00edsticos: Cerro del Corcovado, Ipanema, Pan de Az\u00facar, Copacabana, estadio de Maracan\u00e1, entre otros.\" \/>\n<meta property=\"og:url\" content=\"https:\/\/elkaminante.com.uy\/paquetes\/rio-de-janeiro-low-cost\/\" \/>\n<meta property=\"og:site_name\" content=\"El Kaminante\" \/>\n<meta property=\"article:modified_time\" content=\"2026-04-17T12:38:50+00:00\" \/>\n<meta property=\"og:image\" content=\"https:\/\/elkaminante.com.uy\/wp-content\/uploads\/2025\/06\/PAQ241.webp\" \/>\n\t<meta property=\"og:image:width\" content=\"800\" \/>\n\t<meta property=\"og:image:height\" content=\"457\" \/>\n\t<meta property=\"og:image:type\" content=\"image\/webp\" \/>\n<meta name=\"twitter:card\" content=\"summary_large_image\" \/>\n<script type=\"application\/ld+json\" class=\"yoast-schema-graph\">{\"@context\":\"https:\/\/schema.org\",\"@graph\":[{\"@type\":\"WebPage\",\"@id\":\"https:\/\/elkaminante.com.uy\/paquetes\/rio-de-janeiro-low-cost\/\",\"url\":\"https:\/\/elkaminante.com.uy\/paquetes\/rio-de-janeiro-low-cost\/\",\"name\":\"Rio de Janeiro - El Kaminante\",\"isPartOf\":{\"@id\":\"https:\/\/elkaminante.com.uy\/#website\"},\"primaryImageOfPage\":{\"@id\":\"https:\/\/elkaminante.com.uy\/paquetes\/rio-de-janeiro-low-cost\/#primaryimage\"},\"image\":{\"@id\":\"https:\/\/elkaminante.com.uy\/paquetes\/rio-de-janeiro-low-cost\/#primaryimage\"},\"thumbnailUrl\":\"https:\/\/elkaminante.com.uy\/wp-content\/uploads\/2025\/06\/PAQ241.webp\",\"datePublished\":\"2025-06-16T23:07:14+00:00\",\"dateModified\":\"2026-04-17T12:38:50+00:00\",\"breadcrumb\":{\"@id\":\"https:\/\/elkaminante.com.uy\/paquetes\/rio-de-janeiro-low-cost\/#breadcrumb\"},\"inLanguage\":\"en-US\",\"potentialAction\":[{\"@type\":\"ReadAction\",\"target\":[\"https:\/\/elkaminante.com.uy\/paquetes\/rio-de-janeiro-low-cost\/\"]}]},{\"@type\":\"ImageObject\",\"inLanguage\":\"en-US\",\"@id\":\"https:\/\/elkaminante.com.uy\/paquetes\/rio-de-janeiro-low-cost\/#primaryimage\",\"url\":\"https:\/\/elkaminante.com.uy\/wp-content\/uploads\/2025\/06\/PAQ241.webp\",\"contentUrl\":\"https:\/\/elkaminante.com.uy\/wp-content\/uploads\/2025\/06\/PAQ241.webp\",\"width\":800,\"height\":457},{\"@type\":\"BreadcrumbList\",\"@id\":\"https:\/\/elkaminante.com.uy\/paquetes\/rio-de-janeiro-low-cost\/#breadcrumb\",\"itemListElement\":[{\"@type\":\"ListItem\",\"position\":1,\"name\":\"Inicio\",\"item\":\"https:\/\/elkaminante.com.uy\/en\/\"},{\"@type\":\"ListItem\",\"position\":2,\"name\":\"Viajes por el mundo\",\"item\":\"https:\/\/elkaminante.com.uy\/en\/paquetes\/\"},{\"@type\":\"ListItem\",\"position\":3,\"name\":\"Rio de Janeiro\"}]},{\"@type\":\"WebSite\",\"@id\":\"https:\/\/elkaminante.com.uy\/#website\",\"url\":\"https:\/\/elkaminante.com.uy\/\",\"name\":\"El Kaminante\",\"description\":\"Viajes &amp; Turismo\",\"publisher\":{\"@id\":\"https:\/\/elkaminante.com.uy\/#organization\"},\"potentialAction\":[{\"@type\":\"SearchAction\",\"target\":{\"@type\":\"EntryPoint\",\"urlTemplate\":\"https:\/\/elkaminante.com.uy\/?s={search_term_string}\"},\"query-input\":{\"@type\":\"PropertyValueSpecification\",\"valueRequired\":true,\"valueName\":\"search_term_string\"}}],\"inLanguage\":\"en-US\"},{\"@type\":\"Organization\",\"@id\":\"https:\/\/elkaminante.com.uy\/#organization\",\"name\":\"El Kaminante\",\"url\":\"https:\/\/elkaminante.com.uy\/\",\"logo\":{\"@type\":\"ImageObject\",\"inLanguage\":\"en-US\",\"@id\":\"https:\/\/elkaminante.com.uy\/#\/schema\/logo\/image\/\",\"url\":\"https:\/\/elkaminante.com.uy\/wp-content\/uploads\/2025\/02\/logo-elkaminante-blanco.svg\",\"contentUrl\":\"https:\/\/elkaminante.com.uy\/wp-content\/uploads\/2025\/02\/logo-elkaminante-blanco.svg\",\"caption\":\"El Kaminante\"},\"image\":{\"@id\":\"https:\/\/elkaminante.com.uy\/#\/schema\/logo\/image\/\"}}]}<\/script>\n<!-- \/ Yoast SEO plugin. -->","yoast_head_json":{"title":"Rio de Janeiro - El Kaminante","robots":{"index":"index","follow":"follow","max-snippet":"max-snippet:-1","max-image-preview":"max-image-preview:large","max-video-preview":"max-video-preview:-1"},"canonical":"https:\/\/elkaminante.com.uy\/paquetes\/rio-de-janeiro-low-cost\/","og_locale":"en_US","og_type":"article","og_title":"Rio de Janeiro - El Kaminante","og_description":"R\u00edo de Janeiro es considerado uno de los lugares mas bellos del planeta. En R\u00edo de Janeiro no solo se encuentra la gente que a diario disfruta de las playas, el sol y el mar, gran parte de su poblaci\u00f3n habita las llamadas favelas, especie de barrios situados en las laderas de la colinas que rodean la ciudad. La gastronom\u00eda de R\u00edo de Janeiro es una mezcla de la cultura africana, india y portuguesa, italiana y francesa, entre otros. Los platos tradicionales son la Feiojada y los churrascos hechos a la parrilla. Las compras de ropa de dise\u00f1adores brasile\u00f1os las puedes realizar en los centros comerciales Rio Design Leblon, Shopping Rio Sul. Adem\u00e1s puedes ir a la Feria de Sao Cristovao, donde encontrar\u00e1s artesan\u00edas, ropa, restaurantes y presentaciones art\u00edsticas. Principales atractivos tur\u00edsticos: Cerro del Corcovado, Ipanema, Pan de Az\u00facar, Copacabana, estadio de Maracan\u00e1, entre otros.","og_url":"https:\/\/elkaminante.com.uy\/paquetes\/rio-de-janeiro-low-cost\/","og_site_name":"El Kaminante","article_modified_time":"2026-04-17T12:38:50+00:00","og_image":[{"width":800,"height":457,"url":"https:\/\/elkaminante.com.uy\/wp-content\/uploads\/2025\/06\/PAQ241.webp","type":"image\/webp"}],"twitter_card":"summary_large_image","schema":{"@context":"https:\/\/schema.org","@graph":[{"@type":"WebPage","@id":"https:\/\/elkaminante.com.uy\/paquetes\/rio-de-janeiro-low-cost\/","url":"https:\/\/elkaminante.com.uy\/paquetes\/rio-de-janeiro-low-cost\/","name":"Rio de Janeiro - El Kaminante","isPartOf":{"@id":"https:\/\/elkaminante.com.uy\/#website"},"primaryImageOfPage":{"@id":"https:\/\/elkaminante.com.uy\/paquetes\/rio-de-janeiro-low-cost\/#primaryimage"},"image":{"@id":"https:\/\/elkaminante.com.uy\/paquetes\/rio-de-janeiro-low-cost\/#primaryimage"},"thumbnailUrl":"https:\/\/elkaminante.com.uy\/wp-content\/uploads\/2025\/06\/PAQ241.webp","datePublished":"2025-06-16T23:07:14+00:00","dateModified":"2026-04-17T12:38:50+00:00","breadcrumb":{"@id":"https:\/\/elkaminante.com.uy\/paquetes\/rio-de-janeiro-low-cost\/#breadcrumb"},"inLanguage":"en-US","potentialAction":[{"@type":"ReadAction","target":["https:\/\/elkaminante.com.uy\/paquetes\/rio-de-janeiro-low-cost\/"]}]},{"@type":"ImageObject","inLanguage":"en-US","@id":"https:\/\/elkaminante.com.uy\/paquetes\/rio-de-janeiro-low-cost\/#primaryimage","url":"https:\/\/elkaminante.com.uy\/wp-content\/uploads\/2025\/06\/PAQ241.webp","contentUrl":"https:\/\/elkaminante.com.uy\/wp-content\/uploads\/2025\/06\/PAQ241.webp","width":800,"height":457},{"@type":"BreadcrumbList","@id":"https:\/\/elkaminante.com.uy\/paquetes\/rio-de-janeiro-low-cost\/#breadcrumb","itemListElement":[{"@type":"ListItem","position":1,"name":"Inicio","item":"https:\/\/elkaminante.com.uy\/en\/"},{"@type":"ListItem","position":2,"name":"Viajes por el mundo","item":"https:\/\/elkaminante.com.uy\/en\/paquetes\/"},{"@type":"ListItem","position":3,"name":"Rio de Janeiro"}]},{"@type":"WebSite","@id":"https:\/\/elkaminante.com.uy\/#website","url":"https:\/\/elkaminante.com.uy\/","name":"El Kaminante","description":"Viajes &amp; Turismo","publisher":{"@id":"https:\/\/elkaminante.com.uy\/#organization"},"potentialAction":[{"@type":"SearchAction","target":{"@type":"EntryPoint","urlTemplate":"https:\/\/elkaminante.com.uy\/?s={search_term_string}"},"query-input":{"@type":"PropertyValueSpecification","valueRequired":true,"valueName":"search_term_string"}}],"inLanguage":"en-US"},{"@type":"Organization","@id":"https:\/\/elkaminante.com.uy\/#organization","name":"El Kaminante","url":"https:\/\/elkaminante.com.uy\/","logo":{"@type":"ImageObject","inLanguage":"en-US","@id":"https:\/\/elkaminante.com.uy\/#\/schema\/logo\/image\/","url":"https:\/\/elkaminante.com.uy\/wp-content\/uploads\/2025\/02\/logo-elkaminante-blanco.svg","contentUrl":"https:\/\/elkaminante.com.uy\/wp-content\/uploads\/2025\/02\/logo-elkaminante-blanco.svg","caption":"El Kaminante"},"image":{"@id":"https:\/\/elkaminante.com.uy\/#\/schema\/logo\/image\/"}}]}},"_links":{"self":[{"href":"https:\/\/elkaminante.com.uy\/en\/wp-json\/wp\/v2\/product\/10264","targetHints":{"allow":["GET"]}}],"collection":[{"href":"https:\/\/elkaminante.com.uy\/en\/wp-json\/wp\/v2\/product"}],"about":[{"href":"https:\/\/elkaminante.com.uy\/en\/wp-json\/wp\/v2\/types\/product"}],"wp:featuredmedia":[{"embeddable":true,"href":"https:\/\/elkaminante.com.uy\/en\/wp-json\/wp\/v2\/media\/10262"}],"wp:attachment":[{"href":"https:\/\/elkaminante.com.uy\/en\/wp-json\/wp\/v2\/media?parent=10264"}],"wp:term":[{"taxonomy":"product_brand","embeddable":true,"href":"https:\/\/elkaminante.com.uy\/en\/wp-json\/wp\/v2\/product_brand?post=10264"},{"taxonomy":"product_cat","embeddable":true,"href":"https:\/\/elkaminante.com.uy\/en\/wp-json\/wp\/v2\/product_cat?post=10264"},{"taxonomy":"product_tag","embeddable":true,"href":"https:\/\/elkaminante.com.uy\/en\/wp-json\/wp\/v2\/product_tag?post=10264"}],"curies":[{"name":"wp","href":"https:\/\/api.w.org\/{rel}","templated":true}]}}