{"id":10246,"date":"2025-06-16T20:07:05","date_gmt":"2025-06-16T23:07:05","guid":{"rendered":"https:\/\/elkaminante.com.uy\/paquetes\/porto-seguro-low-cost\/"},"modified":"2026-04-17T09:38:50","modified_gmt":"2026-04-17T12:38:50","slug":"porto-seguro-low-cost","status":"publish","type":"product","link":"https:\/\/elkaminante.com.uy\/en\/paquetes\/porto-seguro-low-cost\/","title":{"rendered":"Porto Seguro Low Cost"},"content":{"rendered":"","protected":false},"excerpt":{"rendered":"<p>En el extremo sur del estado de Bah\u00eda encontramos la ciudad de <b>Porto Seguro<\/b>. Tiene hasta 85 km de playas con arena fina y blanca y en su norte encontramos todas las infraestructuras posibles. Un recorrido turistico recomendado es visitar lugares como Cabralia, Trancoso y Coroa Vermelha, donde pueden dar un paseo en barco o bucear, as\u00ed como disfrutar de mercados locales en el centro de las ciudades para encantarse con las artesan\u00edas en coco y la guaran\u00e1 en polvo. Adem\u00e1s, no solo vistas y paisajes, este destino es famoso por sus fiestas interminables a la luz de la luna y su m\u00fasica sensual y caracter\u00edstica. Un espect\u00e1culo que no te pod\u00e9s perder es el de capoeira, que a pesar de ser un baile creado por los africanos, los verdaderos especialistas son los brasileros ya que su f\u00edsico escultural y sus movimientos \u00fanicos les hacen ser los m\u00e1s id\u00f3neos.<\/p>\n","protected":false},"featured_media":10244,"template":"","meta":{"_acf_changed":false,"inline_featured_image":false},"product_brand":[],"product_cat":[28,1579],"product_tag":[96,88,35,260,642,64,2054,558,2198,245,3822,65,91,90,638,637,3405,61,89,3282,93,92,639,119],"class_list":{"0":"post-10246","1":"product","2":"type-product","3":"status-publish","4":"has-post-thumbnail","6":"product_cat-paquetes","7":"product_cat-uruguay","8":"product_tag-alarma-precios-bajos","9":"product_tag-america-del-sur","10":"product_tag-brasil","11":"product_tag-brasil-en-junio","12":"product_tag-brasil-en-porto-seguro","13":"product_tag-desayuno","14":"product_tag-en-brasil","15":"product_tag-en-junio","16":"product_tag-en-porto-seguro","17":"product_tag-junio","18":"product_tag-junio-2026alarma-precios-bajos","19":"product_tag-no-aplica","20":"product_tag-paquetes-a-america-del-sur","21":"product_tag-paquetes-a-brasil","22":"product_tag-paquetes-a-porto-seguro","23":"product_tag-porto-seguro","24":"product_tag-porto-seguro-low-cost","25":"product_tag-sin-destino","26":"product_tag-sudamerica","27":"product_tag-temporada-baja","28":"product_tag-viajes-a-america-del-sur","29":"product_tag-viajes-a-brasil","30":"product_tag-viajes-a-porto-seguro","31":"product_tag-vuelo-y-hotel","32":"entry","33":"has-media","35":"first","36":"instock","37":"shipping-taxable","38":"purchasable","39":"product-type-simple"},"acf":[],"yoast_head":"<!-- This site is optimized with the Yoast SEO plugin v27.2 - https:\/\/yoast.com\/product\/yoast-seo-wordpress\/ -->\n<title>Porto Seguro Low Cost - El Kaminante<\/title>\n<meta name=\"robots\" content=\"index, follow, max-snippet:-1, max-image-preview:large, max-video-preview:-1\" \/>\n<link rel=\"canonical\" href=\"https:\/\/elkaminante.com.uy\/paquetes\/porto-seguro-low-cost\/\" \/>\n<meta property=\"og:locale\" content=\"en_US\" \/>\n<meta property=\"og:type\" content=\"article\" \/>\n<meta property=\"og:title\" content=\"Porto Seguro Low Cost - El Kaminante\" \/>\n<meta property=\"og:description\" content=\"En el extremo sur del estado de Bah\u00eda encontramos la ciudad de Porto Seguro. Tiene hasta 85 km de playas con arena fina y blanca y en su norte encontramos todas las infraestructuras posibles. Un recorrido turistico recomendado es visitar lugares como Cabralia, Trancoso y Coroa Vermelha, donde pueden dar un paseo en barco o bucear, as\u00ed como disfrutar de mercados locales en el centro de las ciudades para encantarse con las artesan\u00edas en coco y la guaran\u00e1 en polvo. Adem\u00e1s, no solo vistas y paisajes, este destino es famoso por sus fiestas interminables a la luz de la luna y su m\u00fasica sensual y caracter\u00edstica. Un espect\u00e1culo que no te pod\u00e9s perder es el de capoeira, que a pesar de ser un baile creado por los africanos, los verdaderos especialistas son los brasileros ya que su f\u00edsico escultural y sus movimientos \u00fanicos les hacen ser los m\u00e1s id\u00f3neos.\" \/>\n<meta property=\"og:url\" content=\"https:\/\/elkaminante.com.uy\/paquetes\/porto-seguro-low-cost\/\" \/>\n<meta property=\"og:site_name\" content=\"El Kaminante\" \/>\n<meta property=\"article:modified_time\" content=\"2026-04-17T12:38:50+00:00\" \/>\n<meta property=\"og:image\" content=\"https:\/\/elkaminante.com.uy\/wp-content\/uploads\/2025\/06\/PAQ235.webp\" \/>\n\t<meta property=\"og:image:width\" content=\"800\" \/>\n\t<meta property=\"og:image:height\" content=\"457\" \/>\n\t<meta property=\"og:image:type\" content=\"image\/webp\" \/>\n<meta name=\"twitter:card\" content=\"summary_large_image\" \/>\n<script type=\"application\/ld+json\" class=\"yoast-schema-graph\">{\"@context\":\"https:\/\/schema.org\",\"@graph\":[{\"@type\":\"WebPage\",\"@id\":\"https:\/\/elkaminante.com.uy\/paquetes\/porto-seguro-low-cost\/\",\"url\":\"https:\/\/elkaminante.com.uy\/paquetes\/porto-seguro-low-cost\/\",\"name\":\"Porto Seguro Low Cost - El Kaminante\",\"isPartOf\":{\"@id\":\"https:\/\/elkaminante.com.uy\/#website\"},\"primaryImageOfPage\":{\"@id\":\"https:\/\/elkaminante.com.uy\/paquetes\/porto-seguro-low-cost\/#primaryimage\"},\"image\":{\"@id\":\"https:\/\/elkaminante.com.uy\/paquetes\/porto-seguro-low-cost\/#primaryimage\"},\"thumbnailUrl\":\"https:\/\/elkaminante.com.uy\/wp-content\/uploads\/2025\/06\/PAQ235.webp\",\"datePublished\":\"2025-06-16T23:07:05+00:00\",\"dateModified\":\"2026-04-17T12:38:50+00:00\",\"breadcrumb\":{\"@id\":\"https:\/\/elkaminante.com.uy\/paquetes\/porto-seguro-low-cost\/#breadcrumb\"},\"inLanguage\":\"en-US\",\"potentialAction\":[{\"@type\":\"ReadAction\",\"target\":[\"https:\/\/elkaminante.com.uy\/paquetes\/porto-seguro-low-cost\/\"]}]},{\"@type\":\"ImageObject\",\"inLanguage\":\"en-US\",\"@id\":\"https:\/\/elkaminante.com.uy\/paquetes\/porto-seguro-low-cost\/#primaryimage\",\"url\":\"https:\/\/elkaminante.com.uy\/wp-content\/uploads\/2025\/06\/PAQ235.webp\",\"contentUrl\":\"https:\/\/elkaminante.com.uy\/wp-content\/uploads\/2025\/06\/PAQ235.webp\",\"width\":800,\"height\":457},{\"@type\":\"BreadcrumbList\",\"@id\":\"https:\/\/elkaminante.com.uy\/paquetes\/porto-seguro-low-cost\/#breadcrumb\",\"itemListElement\":[{\"@type\":\"ListItem\",\"position\":1,\"name\":\"Inicio\",\"item\":\"https:\/\/elkaminante.com.uy\/en\/\"},{\"@type\":\"ListItem\",\"position\":2,\"name\":\"Viajes por el mundo\",\"item\":\"https:\/\/elkaminante.com.uy\/en\/paquetes\/\"},{\"@type\":\"ListItem\",\"position\":3,\"name\":\"Porto Seguro Low Cost\"}]},{\"@type\":\"WebSite\",\"@id\":\"https:\/\/elkaminante.com.uy\/#website\",\"url\":\"https:\/\/elkaminante.com.uy\/\",\"name\":\"El Kaminante\",\"description\":\"Viajes &amp; Turismo\",\"publisher\":{\"@id\":\"https:\/\/elkaminante.com.uy\/#organization\"},\"potentialAction\":[{\"@type\":\"SearchAction\",\"target\":{\"@type\":\"EntryPoint\",\"urlTemplate\":\"https:\/\/elkaminante.com.uy\/?s={search_term_string}\"},\"query-input\":{\"@type\":\"PropertyValueSpecification\",\"valueRequired\":true,\"valueName\":\"search_term_string\"}}],\"inLanguage\":\"en-US\"},{\"@type\":\"Organization\",\"@id\":\"https:\/\/elkaminante.com.uy\/#organization\",\"name\":\"El Kaminante\",\"url\":\"https:\/\/elkaminante.com.uy\/\",\"logo\":{\"@type\":\"ImageObject\",\"inLanguage\":\"en-US\",\"@id\":\"https:\/\/elkaminante.com.uy\/#\/schema\/logo\/image\/\",\"url\":\"https:\/\/elkaminante.com.uy\/wp-content\/uploads\/2025\/02\/logo-elkaminante-blanco.svg\",\"contentUrl\":\"https:\/\/elkaminante.com.uy\/wp-content\/uploads\/2025\/02\/logo-elkaminante-blanco.svg\",\"caption\":\"El Kaminante\"},\"image\":{\"@id\":\"https:\/\/elkaminante.com.uy\/#\/schema\/logo\/image\/\"}}]}<\/script>\n<!-- \/ Yoast SEO plugin. -->","yoast_head_json":{"title":"Porto Seguro Low Cost - El Kaminante","robots":{"index":"index","follow":"follow","max-snippet":"max-snippet:-1","max-image-preview":"max-image-preview:large","max-video-preview":"max-video-preview:-1"},"canonical":"https:\/\/elkaminante.com.uy\/paquetes\/porto-seguro-low-cost\/","og_locale":"en_US","og_type":"article","og_title":"Porto Seguro Low Cost - El Kaminante","og_description":"En el extremo sur del estado de Bah\u00eda encontramos la ciudad de Porto Seguro. Tiene hasta 85 km de playas con arena fina y blanca y en su norte encontramos todas las infraestructuras posibles. Un recorrido turistico recomendado es visitar lugares como Cabralia, Trancoso y Coroa Vermelha, donde pueden dar un paseo en barco o bucear, as\u00ed como disfrutar de mercados locales en el centro de las ciudades para encantarse con las artesan\u00edas en coco y la guaran\u00e1 en polvo. Adem\u00e1s, no solo vistas y paisajes, este destino es famoso por sus fiestas interminables a la luz de la luna y su m\u00fasica sensual y caracter\u00edstica. Un espect\u00e1culo que no te pod\u00e9s perder es el de capoeira, que a pesar de ser un baile creado por los africanos, los verdaderos especialistas son los brasileros ya que su f\u00edsico escultural y sus movimientos \u00fanicos les hacen ser los m\u00e1s id\u00f3neos.","og_url":"https:\/\/elkaminante.com.uy\/paquetes\/porto-seguro-low-cost\/","og_site_name":"El Kaminante","article_modified_time":"2026-04-17T12:38:50+00:00","og_image":[{"width":800,"height":457,"url":"https:\/\/elkaminante.com.uy\/wp-content\/uploads\/2025\/06\/PAQ235.webp","type":"image\/webp"}],"twitter_card":"summary_large_image","schema":{"@context":"https:\/\/schema.org","@graph":[{"@type":"WebPage","@id":"https:\/\/elkaminante.com.uy\/paquetes\/porto-seguro-low-cost\/","url":"https:\/\/elkaminante.com.uy\/paquetes\/porto-seguro-low-cost\/","name":"Porto Seguro Low Cost - El Kaminante","isPartOf":{"@id":"https:\/\/elkaminante.com.uy\/#website"},"primaryImageOfPage":{"@id":"https:\/\/elkaminante.com.uy\/paquetes\/porto-seguro-low-cost\/#primaryimage"},"image":{"@id":"https:\/\/elkaminante.com.uy\/paquetes\/porto-seguro-low-cost\/#primaryimage"},"thumbnailUrl":"https:\/\/elkaminante.com.uy\/wp-content\/uploads\/2025\/06\/PAQ235.webp","datePublished":"2025-06-16T23:07:05+00:00","dateModified":"2026-04-17T12:38:50+00:00","breadcrumb":{"@id":"https:\/\/elkaminante.com.uy\/paquetes\/porto-seguro-low-cost\/#breadcrumb"},"inLanguage":"en-US","potentialAction":[{"@type":"ReadAction","target":["https:\/\/elkaminante.com.uy\/paquetes\/porto-seguro-low-cost\/"]}]},{"@type":"ImageObject","inLanguage":"en-US","@id":"https:\/\/elkaminante.com.uy\/paquetes\/porto-seguro-low-cost\/#primaryimage","url":"https:\/\/elkaminante.com.uy\/wp-content\/uploads\/2025\/06\/PAQ235.webp","contentUrl":"https:\/\/elkaminante.com.uy\/wp-content\/uploads\/2025\/06\/PAQ235.webp","width":800,"height":457},{"@type":"BreadcrumbList","@id":"https:\/\/elkaminante.com.uy\/paquetes\/porto-seguro-low-cost\/#breadcrumb","itemListElement":[{"@type":"ListItem","position":1,"name":"Inicio","item":"https:\/\/elkaminante.com.uy\/en\/"},{"@type":"ListItem","position":2,"name":"Viajes por el mundo","item":"https:\/\/elkaminante.com.uy\/en\/paquetes\/"},{"@type":"ListItem","position":3,"name":"Porto Seguro Low Cost"}]},{"@type":"WebSite","@id":"https:\/\/elkaminante.com.uy\/#website","url":"https:\/\/elkaminante.com.uy\/","name":"El Kaminante","description":"Viajes &amp; Turismo","publisher":{"@id":"https:\/\/elkaminante.com.uy\/#organization"},"potentialAction":[{"@type":"SearchAction","target":{"@type":"EntryPoint","urlTemplate":"https:\/\/elkaminante.com.uy\/?s={search_term_string}"},"query-input":{"@type":"PropertyValueSpecification","valueRequired":true,"valueName":"search_term_string"}}],"inLanguage":"en-US"},{"@type":"Organization","@id":"https:\/\/elkaminante.com.uy\/#organization","name":"El Kaminante","url":"https:\/\/elkaminante.com.uy\/","logo":{"@type":"ImageObject","inLanguage":"en-US","@id":"https:\/\/elkaminante.com.uy\/#\/schema\/logo\/image\/","url":"https:\/\/elkaminante.com.uy\/wp-content\/uploads\/2025\/02\/logo-elkaminante-blanco.svg","contentUrl":"https:\/\/elkaminante.com.uy\/wp-content\/uploads\/2025\/02\/logo-elkaminante-blanco.svg","caption":"El Kaminante"},"image":{"@id":"https:\/\/elkaminante.com.uy\/#\/schema\/logo\/image\/"}}]}},"_links":{"self":[{"href":"https:\/\/elkaminante.com.uy\/en\/wp-json\/wp\/v2\/product\/10246","targetHints":{"allow":["GET"]}}],"collection":[{"href":"https:\/\/elkaminante.com.uy\/en\/wp-json\/wp\/v2\/product"}],"about":[{"href":"https:\/\/elkaminante.com.uy\/en\/wp-json\/wp\/v2\/types\/product"}],"wp:featuredmedia":[{"embeddable":true,"href":"https:\/\/elkaminante.com.uy\/en\/wp-json\/wp\/v2\/media\/10244"}],"wp:attachment":[{"href":"https:\/\/elkaminante.com.uy\/en\/wp-json\/wp\/v2\/media?parent=10246"}],"wp:term":[{"taxonomy":"product_brand","embeddable":true,"href":"https:\/\/elkaminante.com.uy\/en\/wp-json\/wp\/v2\/product_brand?post=10246"},{"taxonomy":"product_cat","embeddable":true,"href":"https:\/\/elkaminante.com.uy\/en\/wp-json\/wp\/v2\/product_cat?post=10246"},{"taxonomy":"product_tag","embeddable":true,"href":"https:\/\/elkaminante.com.uy\/en\/wp-json\/wp\/v2\/product_tag?post=10246"}],"curies":[{"name":"wp","href":"https:\/\/api.w.org\/{rel}","templated":true}]}}