{"id":10243,"date":"2025-06-16T20:07:03","date_gmt":"2025-06-16T23:07:03","guid":{"rendered":"https:\/\/elkaminante.com.uy\/paquetes\/maceio-maragogi-porto-de-galinhas\/"},"modified":"2026-04-17T09:38:50","modified_gmt":"2026-04-17T12:38:50","slug":"maceio-maragogi-porto-de-galinhas","status":"publish","type":"product","link":"https:\/\/elkaminante.com.uy\/en\/paquetes\/maceio-maragogi-porto-de-galinhas\/","title":{"rendered":"Maceio, Maragogi &#038; Porto de Galinhas"},"content":{"rendered":"","protected":false},"excerpt":{"rendered":"<p>La ciudad de <b>Macei\u00f3<\/b> se encuentra en el estado de Alagoas y es su capital. Es muy conocida por sus impresionantes playas y sus m\u00faltiples lagunas. Sin duda alguna es una ciudad que brilla por la belleza natural que, a diferencia de muchas ciudades en donde el turismo ha pasado, a\u00fan conserva. Es realmente indescriptible pasear entre sus pantanales, los cocoteros y, por supuesto, el mar. Adem\u00e1s de su belleza tambi\u00e9n conserva ciertas tradiciones muy propias del lugar, y no es extra\u00f1o ver varias piezas de bordado realizadas por las mujeres de los pescadores, ya que son una pieza de artesan\u00eda muy preciada y rica. La cocina merece ser degustada a pleno; se caracteriza por ofrecer pescados, mariscos, crust\u00e1ceos y moluscos, as\u00ed que es una gran ciudad para los amantes de los frutos del mar.<\/p>\n<p><b>Maragogi<\/b> es la segunda ciudad tur\u00edstica m\u00e1s importante del estado de Alagoas. Maragogi est\u00e1 situada en la parte noreste de Brasil, con lo que gracias a su proximidad al ecuador cuenta con un excelente clima que ronda los 25\u00ba grados de media anuales. Para muchos esta ciudad es considerada un para\u00edso; ya que posee la m\u00e1s importante barrera de coral de todo Brasil e incre\u00edbles playas de arena fina, piscinas naturales y aguas transparentes. Adem\u00e1s los habitantes de Maragogi a diferencia de lo que se pueda creer, sienten un gran respeto hacia los turistas, trat\u00e1ndolos con calidez y generosidad. En el centro de la ciudad hay multitud de tiendas artesanales e innumerables locales donde poder probar la deliciosa gastronom\u00eda local en terrazas, ni m\u00e1s ni menos situadas encima de la playa.<\/p>\n<p><b>Porto de Galinhas<\/b> lo encontramos en Ipojuca, concretamente en el estado de Pernambuco, Brasil. Este polo tur\u00edstico es uno de los mejores de todo Brasil, gracias a sus piscinas naturales de agua clara y tipa que se forman entre corales, estuarios, pantanos y plantaciones de coco. Pero en esta ciudad no tan solo puedes visitar las playas, si no, que tambi\u00e9n podr\u00e1s bucear o dar paseos n\u00e1uticos. Para estos paseos tienes varias opciones como el paseo de jangadas que te lleva hasta las piscinas naturales y visitas la fauna marina. O el paseo a los pantanos donde conocer\u00e1s el habita de los caballitos de mar. Y por ultimo tienes la opci\u00f3n de dar un paseo en barco por el que recorrer\u00e1s las playas de la regi\u00f3n. Si al margen de todo esto, lo que quieres son deportes extremos, en Porto de Galinhas tambi\u00e9n lo encontraras. Podr\u00e1s realizar surf en la playa de Maracaipe con olas de hasta dos metros de altura.<\/p>\n","protected":false},"featured_media":10241,"template":"","meta":{"_acf_changed":false,"inline_featured_image":false},"product_brand":[],"product_cat":[28,1579],"product_tag":[562,3800,88,518,35,1617,636,64,568,2054,2197,632,523,3404,65,91,90,633,524,195,191,194,539,89,3282,93,92,634,525,196,119],"class_list":{"0":"post-10243","1":"product","2":"type-product","3":"status-publish","4":"has-post-thumbnail","6":"product_cat-paquetes","7":"product_cat-uruguay","8":"product_tag-agosto","9":"product_tag-agosto-2026auto-incluido","10":"product_tag-america-del-sur","11":"product_tag-auto-incluido","12":"product_tag-brasil","13":"product_tag-brasil-en-agosto","14":"product_tag-brasil-en-maceio","15":"product_tag-desayuno","16":"product_tag-en-agosto","17":"product_tag-en-brasil","18":"product_tag-en-maceio","19":"product_tag-maceio","20":"product_tag-maragogi","21":"product_tag-maragogi-porto-de-galinhas","22":"product_tag-no-aplica","23":"product_tag-paquetes-a-america-del-sur","24":"product_tag-paquetes-a-brasil","25":"product_tag-paquetes-a-maceio","26":"product_tag-paquetes-a-maragogi","27":"product_tag-paquetes-a-porto-de-galinhas","28":"product_tag-porto-de-galinhas","29":"product_tag-porto-galinhas","30":"product_tag-road-trip","31":"product_tag-sudamerica","32":"product_tag-temporada-baja","33":"product_tag-viajes-a-america-del-sur","34":"product_tag-viajes-a-brasil","35":"product_tag-viajes-a-maceio","36":"product_tag-viajes-a-maragogi","37":"product_tag-viajes-a-porto-de-galinhas","38":"product_tag-vuelo-y-hotel","39":"entry","40":"has-media","42":"first","43":"instock","44":"shipping-taxable","45":"purchasable","46":"product-type-simple"},"acf":[],"yoast_head":"<!-- This site is optimized with the Yoast SEO plugin v27.2 - https:\/\/yoast.com\/product\/yoast-seo-wordpress\/ -->\n<title>Maceio, Maragogi &amp; Porto de Galinhas - El Kaminante<\/title>\n<meta name=\"robots\" content=\"index, follow, max-snippet:-1, max-image-preview:large, max-video-preview:-1\" \/>\n<link rel=\"canonical\" href=\"https:\/\/elkaminante.com.uy\/paquetes\/maceio-maragogi-porto-de-galinhas\/\" \/>\n<meta property=\"og:locale\" content=\"en_US\" \/>\n<meta property=\"og:type\" content=\"article\" \/>\n<meta property=\"og:title\" content=\"Maceio, Maragogi &amp; Porto de Galinhas - El Kaminante\" \/>\n<meta property=\"og:description\" content=\"La ciudad de Macei\u00f3 se encuentra en el estado de Alagoas y es su capital. Es muy conocida por sus impresionantes playas y sus m\u00faltiples lagunas. Sin duda alguna es una ciudad que brilla por la belleza natural que, a diferencia de muchas ciudades en donde el turismo ha pasado, a\u00fan conserva. Es realmente indescriptible pasear entre sus pantanales, los cocoteros y, por supuesto, el mar. Adem\u00e1s de su belleza tambi\u00e9n conserva ciertas tradiciones muy propias del lugar, y no es extra\u00f1o ver varias piezas de bordado realizadas por las mujeres de los pescadores, ya que son una pieza de artesan\u00eda muy preciada y rica. La cocina merece ser degustada a pleno; se caracteriza por ofrecer pescados, mariscos, crust\u00e1ceos y moluscos, as\u00ed que es una gran ciudad para los amantes de los frutos del mar.Maragogi es la segunda ciudad tur\u00edstica m\u00e1s importante del estado de Alagoas. Maragogi est\u00e1 situada en la parte noreste de Brasil, con lo que gracias a su proximidad al ecuador cuenta con un excelente clima que ronda los 25\u00ba grados de media anuales. Para muchos esta ciudad es considerada un para\u00edso; ya que posee la m\u00e1s importante barrera de coral de todo Brasil e incre\u00edbles playas de arena fina, piscinas naturales y aguas transparentes. Adem\u00e1s los habitantes de Maragogi a diferencia de lo que se pueda creer, sienten un gran respeto hacia los turistas, trat\u00e1ndolos con calidez y generosidad. En el centro de la ciudad hay multitud de tiendas artesanales e innumerables locales donde poder probar la deliciosa gastronom\u00eda local en terrazas, ni m\u00e1s ni menos situadas encima de la playa.Porto de Galinhas lo encontramos en Ipojuca, concretamente en el estado de Pernambuco, Brasil. Este polo tur\u00edstico es uno de los mejores de todo Brasil, gracias a sus piscinas naturales de agua clara y tipa que se forman entre corales, estuarios, pantanos y plantaciones de coco. Pero en esta ciudad no tan solo puedes visitar las playas, si no, que tambi\u00e9n podr\u00e1s bucear o dar paseos n\u00e1uticos. Para estos paseos tienes varias opciones como el paseo de jangadas que te lleva hasta las piscinas naturales y visitas la fauna marina. O el paseo a los pantanos donde conocer\u00e1s el habita de los caballitos de mar. Y por ultimo tienes la opci\u00f3n de dar un paseo en barco por el que recorrer\u00e1s las playas de la regi\u00f3n. Si al margen de todo esto, lo que quieres son deportes extremos, en Porto de Galinhas tambi\u00e9n lo encontraras. Podr\u00e1s realizar surf en la playa de Maracaipe con olas de hasta dos metros de altura.\" \/>\n<meta property=\"og:url\" content=\"https:\/\/elkaminante.com.uy\/paquetes\/maceio-maragogi-porto-de-galinhas\/\" \/>\n<meta property=\"og:site_name\" content=\"El Kaminante\" \/>\n<meta property=\"article:modified_time\" content=\"2026-04-17T12:38:50+00:00\" \/>\n<meta property=\"og:image\" content=\"https:\/\/elkaminante.com.uy\/wp-content\/uploads\/2025\/06\/PAQ234.webp\" \/>\n\t<meta property=\"og:image:width\" content=\"800\" \/>\n\t<meta property=\"og:image:height\" content=\"457\" \/>\n\t<meta property=\"og:image:type\" content=\"image\/webp\" \/>\n<meta name=\"twitter:card\" content=\"summary_large_image\" \/>\n<script type=\"application\/ld+json\" class=\"yoast-schema-graph\">{\"@context\":\"https:\/\/schema.org\",\"@graph\":[{\"@type\":\"WebPage\",\"@id\":\"https:\/\/elkaminante.com.uy\/paquetes\/maceio-maragogi-porto-de-galinhas\/\",\"url\":\"https:\/\/elkaminante.com.uy\/paquetes\/maceio-maragogi-porto-de-galinhas\/\",\"name\":\"Maceio, Maragogi & Porto de Galinhas - El Kaminante\",\"isPartOf\":{\"@id\":\"https:\/\/elkaminante.com.uy\/#website\"},\"primaryImageOfPage\":{\"@id\":\"https:\/\/elkaminante.com.uy\/paquetes\/maceio-maragogi-porto-de-galinhas\/#primaryimage\"},\"image\":{\"@id\":\"https:\/\/elkaminante.com.uy\/paquetes\/maceio-maragogi-porto-de-galinhas\/#primaryimage\"},\"thumbnailUrl\":\"https:\/\/elkaminante.com.uy\/wp-content\/uploads\/2025\/06\/PAQ234.webp\",\"datePublished\":\"2025-06-16T23:07:03+00:00\",\"dateModified\":\"2026-04-17T12:38:50+00:00\",\"breadcrumb\":{\"@id\":\"https:\/\/elkaminante.com.uy\/paquetes\/maceio-maragogi-porto-de-galinhas\/#breadcrumb\"},\"inLanguage\":\"en-US\",\"potentialAction\":[{\"@type\":\"ReadAction\",\"target\":[\"https:\/\/elkaminante.com.uy\/paquetes\/maceio-maragogi-porto-de-galinhas\/\"]}]},{\"@type\":\"ImageObject\",\"inLanguage\":\"en-US\",\"@id\":\"https:\/\/elkaminante.com.uy\/paquetes\/maceio-maragogi-porto-de-galinhas\/#primaryimage\",\"url\":\"https:\/\/elkaminante.com.uy\/wp-content\/uploads\/2025\/06\/PAQ234.webp\",\"contentUrl\":\"https:\/\/elkaminante.com.uy\/wp-content\/uploads\/2025\/06\/PAQ234.webp\",\"width\":800,\"height\":457},{\"@type\":\"BreadcrumbList\",\"@id\":\"https:\/\/elkaminante.com.uy\/paquetes\/maceio-maragogi-porto-de-galinhas\/#breadcrumb\",\"itemListElement\":[{\"@type\":\"ListItem\",\"position\":1,\"name\":\"Inicio\",\"item\":\"https:\/\/elkaminante.com.uy\/en\/\"},{\"@type\":\"ListItem\",\"position\":2,\"name\":\"Viajes por el mundo\",\"item\":\"https:\/\/elkaminante.com.uy\/en\/paquetes\/\"},{\"@type\":\"ListItem\",\"position\":3,\"name\":\"Maceio, Maragogi &#038; Porto de Galinhas\"}]},{\"@type\":\"WebSite\",\"@id\":\"https:\/\/elkaminante.com.uy\/#website\",\"url\":\"https:\/\/elkaminante.com.uy\/\",\"name\":\"El Kaminante\",\"description\":\"Viajes &amp; Turismo\",\"publisher\":{\"@id\":\"https:\/\/elkaminante.com.uy\/#organization\"},\"potentialAction\":[{\"@type\":\"SearchAction\",\"target\":{\"@type\":\"EntryPoint\",\"urlTemplate\":\"https:\/\/elkaminante.com.uy\/?s={search_term_string}\"},\"query-input\":{\"@type\":\"PropertyValueSpecification\",\"valueRequired\":true,\"valueName\":\"search_term_string\"}}],\"inLanguage\":\"en-US\"},{\"@type\":\"Organization\",\"@id\":\"https:\/\/elkaminante.com.uy\/#organization\",\"name\":\"El Kaminante\",\"url\":\"https:\/\/elkaminante.com.uy\/\",\"logo\":{\"@type\":\"ImageObject\",\"inLanguage\":\"en-US\",\"@id\":\"https:\/\/elkaminante.com.uy\/#\/schema\/logo\/image\/\",\"url\":\"https:\/\/elkaminante.com.uy\/wp-content\/uploads\/2025\/02\/logo-elkaminante-blanco.svg\",\"contentUrl\":\"https:\/\/elkaminante.com.uy\/wp-content\/uploads\/2025\/02\/logo-elkaminante-blanco.svg\",\"caption\":\"El Kaminante\"},\"image\":{\"@id\":\"https:\/\/elkaminante.com.uy\/#\/schema\/logo\/image\/\"}}]}<\/script>\n<!-- \/ Yoast SEO plugin. -->","yoast_head_json":{"title":"Maceio, Maragogi & Porto de Galinhas - El Kaminante","robots":{"index":"index","follow":"follow","max-snippet":"max-snippet:-1","max-image-preview":"max-image-preview:large","max-video-preview":"max-video-preview:-1"},"canonical":"https:\/\/elkaminante.com.uy\/paquetes\/maceio-maragogi-porto-de-galinhas\/","og_locale":"en_US","og_type":"article","og_title":"Maceio, Maragogi & Porto de Galinhas - El Kaminante","og_description":"La ciudad de Macei\u00f3 se encuentra en el estado de Alagoas y es su capital. Es muy conocida por sus impresionantes playas y sus m\u00faltiples lagunas. Sin duda alguna es una ciudad que brilla por la belleza natural que, a diferencia de muchas ciudades en donde el turismo ha pasado, a\u00fan conserva. Es realmente indescriptible pasear entre sus pantanales, los cocoteros y, por supuesto, el mar. Adem\u00e1s de su belleza tambi\u00e9n conserva ciertas tradiciones muy propias del lugar, y no es extra\u00f1o ver varias piezas de bordado realizadas por las mujeres de los pescadores, ya que son una pieza de artesan\u00eda muy preciada y rica. La cocina merece ser degustada a pleno; se caracteriza por ofrecer pescados, mariscos, crust\u00e1ceos y moluscos, as\u00ed que es una gran ciudad para los amantes de los frutos del mar.Maragogi es la segunda ciudad tur\u00edstica m\u00e1s importante del estado de Alagoas. Maragogi est\u00e1 situada en la parte noreste de Brasil, con lo que gracias a su proximidad al ecuador cuenta con un excelente clima que ronda los 25\u00ba grados de media anuales. Para muchos esta ciudad es considerada un para\u00edso; ya que posee la m\u00e1s importante barrera de coral de todo Brasil e incre\u00edbles playas de arena fina, piscinas naturales y aguas transparentes. Adem\u00e1s los habitantes de Maragogi a diferencia de lo que se pueda creer, sienten un gran respeto hacia los turistas, trat\u00e1ndolos con calidez y generosidad. En el centro de la ciudad hay multitud de tiendas artesanales e innumerables locales donde poder probar la deliciosa gastronom\u00eda local en terrazas, ni m\u00e1s ni menos situadas encima de la playa.Porto de Galinhas lo encontramos en Ipojuca, concretamente en el estado de Pernambuco, Brasil. Este polo tur\u00edstico es uno de los mejores de todo Brasil, gracias a sus piscinas naturales de agua clara y tipa que se forman entre corales, estuarios, pantanos y plantaciones de coco. Pero en esta ciudad no tan solo puedes visitar las playas, si no, que tambi\u00e9n podr\u00e1s bucear o dar paseos n\u00e1uticos. Para estos paseos tienes varias opciones como el paseo de jangadas que te lleva hasta las piscinas naturales y visitas la fauna marina. O el paseo a los pantanos donde conocer\u00e1s el habita de los caballitos de mar. Y por ultimo tienes la opci\u00f3n de dar un paseo en barco por el que recorrer\u00e1s las playas de la regi\u00f3n. Si al margen de todo esto, lo que quieres son deportes extremos, en Porto de Galinhas tambi\u00e9n lo encontraras. Podr\u00e1s realizar surf en la playa de Maracaipe con olas de hasta dos metros de altura.","og_url":"https:\/\/elkaminante.com.uy\/paquetes\/maceio-maragogi-porto-de-galinhas\/","og_site_name":"El Kaminante","article_modified_time":"2026-04-17T12:38:50+00:00","og_image":[{"width":800,"height":457,"url":"https:\/\/elkaminante.com.uy\/wp-content\/uploads\/2025\/06\/PAQ234.webp","type":"image\/webp"}],"twitter_card":"summary_large_image","schema":{"@context":"https:\/\/schema.org","@graph":[{"@type":"WebPage","@id":"https:\/\/elkaminante.com.uy\/paquetes\/maceio-maragogi-porto-de-galinhas\/","url":"https:\/\/elkaminante.com.uy\/paquetes\/maceio-maragogi-porto-de-galinhas\/","name":"Maceio, Maragogi & Porto de Galinhas - El Kaminante","isPartOf":{"@id":"https:\/\/elkaminante.com.uy\/#website"},"primaryImageOfPage":{"@id":"https:\/\/elkaminante.com.uy\/paquetes\/maceio-maragogi-porto-de-galinhas\/#primaryimage"},"image":{"@id":"https:\/\/elkaminante.com.uy\/paquetes\/maceio-maragogi-porto-de-galinhas\/#primaryimage"},"thumbnailUrl":"https:\/\/elkaminante.com.uy\/wp-content\/uploads\/2025\/06\/PAQ234.webp","datePublished":"2025-06-16T23:07:03+00:00","dateModified":"2026-04-17T12:38:50+00:00","breadcrumb":{"@id":"https:\/\/elkaminante.com.uy\/paquetes\/maceio-maragogi-porto-de-galinhas\/#breadcrumb"},"inLanguage":"en-US","potentialAction":[{"@type":"ReadAction","target":["https:\/\/elkaminante.com.uy\/paquetes\/maceio-maragogi-porto-de-galinhas\/"]}]},{"@type":"ImageObject","inLanguage":"en-US","@id":"https:\/\/elkaminante.com.uy\/paquetes\/maceio-maragogi-porto-de-galinhas\/#primaryimage","url":"https:\/\/elkaminante.com.uy\/wp-content\/uploads\/2025\/06\/PAQ234.webp","contentUrl":"https:\/\/elkaminante.com.uy\/wp-content\/uploads\/2025\/06\/PAQ234.webp","width":800,"height":457},{"@type":"BreadcrumbList","@id":"https:\/\/elkaminante.com.uy\/paquetes\/maceio-maragogi-porto-de-galinhas\/#breadcrumb","itemListElement":[{"@type":"ListItem","position":1,"name":"Inicio","item":"https:\/\/elkaminante.com.uy\/en\/"},{"@type":"ListItem","position":2,"name":"Viajes por el mundo","item":"https:\/\/elkaminante.com.uy\/en\/paquetes\/"},{"@type":"ListItem","position":3,"name":"Maceio, Maragogi &#038; Porto de Galinhas"}]},{"@type":"WebSite","@id":"https:\/\/elkaminante.com.uy\/#website","url":"https:\/\/elkaminante.com.uy\/","name":"El Kaminante","description":"Viajes &amp; Turismo","publisher":{"@id":"https:\/\/elkaminante.com.uy\/#organization"},"potentialAction":[{"@type":"SearchAction","target":{"@type":"EntryPoint","urlTemplate":"https:\/\/elkaminante.com.uy\/?s={search_term_string}"},"query-input":{"@type":"PropertyValueSpecification","valueRequired":true,"valueName":"search_term_string"}}],"inLanguage":"en-US"},{"@type":"Organization","@id":"https:\/\/elkaminante.com.uy\/#organization","name":"El Kaminante","url":"https:\/\/elkaminante.com.uy\/","logo":{"@type":"ImageObject","inLanguage":"en-US","@id":"https:\/\/elkaminante.com.uy\/#\/schema\/logo\/image\/","url":"https:\/\/elkaminante.com.uy\/wp-content\/uploads\/2025\/02\/logo-elkaminante-blanco.svg","contentUrl":"https:\/\/elkaminante.com.uy\/wp-content\/uploads\/2025\/02\/logo-elkaminante-blanco.svg","caption":"El Kaminante"},"image":{"@id":"https:\/\/elkaminante.com.uy\/#\/schema\/logo\/image\/"}}]}},"_links":{"self":[{"href":"https:\/\/elkaminante.com.uy\/en\/wp-json\/wp\/v2\/product\/10243","targetHints":{"allow":["GET"]}}],"collection":[{"href":"https:\/\/elkaminante.com.uy\/en\/wp-json\/wp\/v2\/product"}],"about":[{"href":"https:\/\/elkaminante.com.uy\/en\/wp-json\/wp\/v2\/types\/product"}],"wp:featuredmedia":[{"embeddable":true,"href":"https:\/\/elkaminante.com.uy\/en\/wp-json\/wp\/v2\/media\/10241"}],"wp:attachment":[{"href":"https:\/\/elkaminante.com.uy\/en\/wp-json\/wp\/v2\/media?parent=10243"}],"wp:term":[{"taxonomy":"product_brand","embeddable":true,"href":"https:\/\/elkaminante.com.uy\/en\/wp-json\/wp\/v2\/product_brand?post=10243"},{"taxonomy":"product_cat","embeddable":true,"href":"https:\/\/elkaminante.com.uy\/en\/wp-json\/wp\/v2\/product_cat?post=10243"},{"taxonomy":"product_tag","embeddable":true,"href":"https:\/\/elkaminante.com.uy\/en\/wp-json\/wp\/v2\/product_tag?post=10243"}],"curies":[{"name":"wp","href":"https:\/\/api.w.org\/{rel}","templated":true}]}}