{"id":10240,"date":"2025-06-16T20:07:02","date_gmt":"2025-06-16T23:07:02","guid":{"rendered":"https:\/\/elkaminante.com.uy\/paquetes\/arraial-dajuda-2\/"},"modified":"2026-04-26T16:45:59","modified_gmt":"2026-04-26T19:45:59","slug":"arraial-dajuda-2","status":"publish","type":"product","link":"https:\/\/elkaminante.com.uy\/en\/paquetes\/arraial-dajuda-2\/","title":{"rendered":"Arraial d&#8217;Ajuda"},"content":{"rendered":"","protected":false},"excerpt":{"rendered":"<p><b>Arraial D\u2019ajuda<\/b> posee 18 kil\u00f3metros de extensas playas y para todos los gustos con aguas c\u00e1lidas de tonos verdes y azules. Gracias a los arrecifes en marea baja, es muy frecuente que se formen piscinas naturales. Tambi\u00e9n los amantes del surf tienen sus playas con excelentes olas para la pr\u00e1ctica de \u00e9ste deporte. <i>Principales atractivos tur\u00edsticos:<\/i>las playas de Araca\u00ecpe, Playa de los Pescadores, Mucuge, Parracho, Ta\u00ecpe, y Pitinga, considerada una de las m\u00e1s bellas de Brasil con arena suave y mucha vegetaci\u00f3n permitiendo a los visitantes un verdadero descanso y relax natural al aire libre.<\/p>\n","protected":false},"featured_media":10238,"template":"","meta":{"_acf_changed":false,"inline_featured_image":false},"product_brand":[],"product_cat":[28,1579],"product_tag":[4646,88,2663,624,35,631,2109,64,2196,2054,2074,65,91,625,90,667,666,61,89,2541,2542,665,2543,93,626,92,119],"class_list":{"0":"post-10240","1":"product","2":"type-product","3":"status-publish","4":"has-post-thumbnail","6":"product_cat-paquetes","7":"product_cat-uruguay","8":"product_tag-20-de-setiembre-de-2026","9":"product_tag-america-del-sur","10":"product_tag-arraial-dajuda-2","11":"product_tag-arraial-dajuda","12":"product_tag-brasil","13":"product_tag-brasil-en-arraial-dajuda","14":"product_tag-brasil-en-setiembre","15":"product_tag-desayuno","16":"product_tag-en-arraial-dajuda","17":"product_tag-en-brasil","18":"product_tag-en-setiembre","19":"product_tag-no-aplica","20":"product_tag-paquetes-a-america-del-sur","21":"product_tag-paquetes-a-arraial-dajuda","22":"product_tag-paquetes-a-brasil","23":"product_tag-septiembre","24":"product_tag-setiembre","25":"product_tag-sin-destino","26":"product_tag-sudamerica","27":"product_tag-vacaciones-de-primavera","28":"product_tag-vacaciones-de-septiembre","29":"product_tag-vacaciones-de-setiembre","30":"product_tag-vacaciones-primavera","31":"product_tag-viajes-a-america-del-sur","32":"product_tag-viajes-a-arraial-dajuda","33":"product_tag-viajes-a-brasil","34":"product_tag-vuelo-y-hotel","35":"entry","36":"has-media","38":"first","39":"instock","40":"shipping-taxable","41":"purchasable","42":"product-type-simple"},"acf":[],"yoast_head":"<!-- This site is optimized with the Yoast SEO plugin v27.2 - https:\/\/yoast.com\/product\/yoast-seo-wordpress\/ -->\n<title>Arraial d&#039;Ajuda - El Kaminante<\/title>\n<meta name=\"robots\" content=\"index, follow, max-snippet:-1, max-image-preview:large, max-video-preview:-1\" \/>\n<link rel=\"canonical\" href=\"https:\/\/elkaminante.com.uy\/paquetes\/arraial-dajuda-2\/\" \/>\n<meta property=\"og:locale\" content=\"en_US\" \/>\n<meta property=\"og:type\" content=\"article\" \/>\n<meta property=\"og:title\" content=\"Arraial d&#039;Ajuda - El Kaminante\" \/>\n<meta property=\"og:description\" content=\"Arraial D\u2019ajuda posee 18 kil\u00f3metros de extensas playas y para todos los gustos con aguas c\u00e1lidas de tonos verdes y azules. Gracias a los arrecifes en marea baja, es muy frecuente que se formen piscinas naturales. Tambi\u00e9n los amantes del surf tienen sus playas con excelentes olas para la pr\u00e1ctica de \u00e9ste deporte. Principales atractivos tur\u00edsticos:las playas de Araca\u00ecpe, Playa de los Pescadores, Mucuge, Parracho, Ta\u00ecpe, y Pitinga, considerada una de las m\u00e1s bellas de Brasil con arena suave y mucha vegetaci\u00f3n permitiendo a los visitantes un verdadero descanso y relax natural al aire libre.\" \/>\n<meta property=\"og:url\" content=\"https:\/\/elkaminante.com.uy\/paquetes\/arraial-dajuda-2\/\" \/>\n<meta property=\"og:site_name\" content=\"El Kaminante\" \/>\n<meta property=\"article:modified_time\" content=\"2026-04-26T19:45:59+00:00\" \/>\n<meta property=\"og:image\" content=\"https:\/\/elkaminante.com.uy\/wp-content\/uploads\/2025\/06\/PAQ233.webp\" \/>\n\t<meta property=\"og:image:width\" content=\"800\" \/>\n\t<meta property=\"og:image:height\" content=\"457\" \/>\n\t<meta property=\"og:image:type\" content=\"image\/webp\" \/>\n<meta name=\"twitter:card\" content=\"summary_large_image\" \/>\n<script type=\"application\/ld+json\" class=\"yoast-schema-graph\">{\"@context\":\"https:\/\/schema.org\",\"@graph\":[{\"@type\":\"WebPage\",\"@id\":\"https:\/\/elkaminante.com.uy\/paquetes\/arraial-dajuda-2\/\",\"url\":\"https:\/\/elkaminante.com.uy\/paquetes\/arraial-dajuda-2\/\",\"name\":\"Arraial d'Ajuda - El Kaminante\",\"isPartOf\":{\"@id\":\"https:\/\/elkaminante.com.uy\/#website\"},\"primaryImageOfPage\":{\"@id\":\"https:\/\/elkaminante.com.uy\/paquetes\/arraial-dajuda-2\/#primaryimage\"},\"image\":{\"@id\":\"https:\/\/elkaminante.com.uy\/paquetes\/arraial-dajuda-2\/#primaryimage\"},\"thumbnailUrl\":\"https:\/\/elkaminante.com.uy\/wp-content\/uploads\/2025\/06\/PAQ233.webp\",\"datePublished\":\"2025-06-16T23:07:02+00:00\",\"dateModified\":\"2026-04-26T19:45:59+00:00\",\"breadcrumb\":{\"@id\":\"https:\/\/elkaminante.com.uy\/paquetes\/arraial-dajuda-2\/#breadcrumb\"},\"inLanguage\":\"en-US\",\"potentialAction\":[{\"@type\":\"ReadAction\",\"target\":[\"https:\/\/elkaminante.com.uy\/paquetes\/arraial-dajuda-2\/\"]}]},{\"@type\":\"ImageObject\",\"inLanguage\":\"en-US\",\"@id\":\"https:\/\/elkaminante.com.uy\/paquetes\/arraial-dajuda-2\/#primaryimage\",\"url\":\"https:\/\/elkaminante.com.uy\/wp-content\/uploads\/2025\/06\/PAQ233.webp\",\"contentUrl\":\"https:\/\/elkaminante.com.uy\/wp-content\/uploads\/2025\/06\/PAQ233.webp\",\"width\":800,\"height\":457},{\"@type\":\"BreadcrumbList\",\"@id\":\"https:\/\/elkaminante.com.uy\/paquetes\/arraial-dajuda-2\/#breadcrumb\",\"itemListElement\":[{\"@type\":\"ListItem\",\"position\":1,\"name\":\"Inicio\",\"item\":\"https:\/\/elkaminante.com.uy\/en\/\"},{\"@type\":\"ListItem\",\"position\":2,\"name\":\"Viajes por el mundo\",\"item\":\"https:\/\/elkaminante.com.uy\/en\/paquetes\/\"},{\"@type\":\"ListItem\",\"position\":3,\"name\":\"Arraial d&#8217;Ajuda\"}]},{\"@type\":\"WebSite\",\"@id\":\"https:\/\/elkaminante.com.uy\/#website\",\"url\":\"https:\/\/elkaminante.com.uy\/\",\"name\":\"El Kaminante\",\"description\":\"Viajes &amp; Turismo\",\"publisher\":{\"@id\":\"https:\/\/elkaminante.com.uy\/#organization\"},\"potentialAction\":[{\"@type\":\"SearchAction\",\"target\":{\"@type\":\"EntryPoint\",\"urlTemplate\":\"https:\/\/elkaminante.com.uy\/?s={search_term_string}\"},\"query-input\":{\"@type\":\"PropertyValueSpecification\",\"valueRequired\":true,\"valueName\":\"search_term_string\"}}],\"inLanguage\":\"en-US\"},{\"@type\":\"Organization\",\"@id\":\"https:\/\/elkaminante.com.uy\/#organization\",\"name\":\"El Kaminante\",\"url\":\"https:\/\/elkaminante.com.uy\/\",\"logo\":{\"@type\":\"ImageObject\",\"inLanguage\":\"en-US\",\"@id\":\"https:\/\/elkaminante.com.uy\/#\/schema\/logo\/image\/\",\"url\":\"https:\/\/elkaminante.com.uy\/wp-content\/uploads\/2025\/02\/logo-elkaminante-blanco.svg\",\"contentUrl\":\"https:\/\/elkaminante.com.uy\/wp-content\/uploads\/2025\/02\/logo-elkaminante-blanco.svg\",\"caption\":\"El Kaminante\"},\"image\":{\"@id\":\"https:\/\/elkaminante.com.uy\/#\/schema\/logo\/image\/\"}}]}<\/script>\n<!-- \/ Yoast SEO plugin. -->","yoast_head_json":{"title":"Arraial d'Ajuda - El Kaminante","robots":{"index":"index","follow":"follow","max-snippet":"max-snippet:-1","max-image-preview":"max-image-preview:large","max-video-preview":"max-video-preview:-1"},"canonical":"https:\/\/elkaminante.com.uy\/paquetes\/arraial-dajuda-2\/","og_locale":"en_US","og_type":"article","og_title":"Arraial d'Ajuda - El Kaminante","og_description":"Arraial D\u2019ajuda posee 18 kil\u00f3metros de extensas playas y para todos los gustos con aguas c\u00e1lidas de tonos verdes y azules. Gracias a los arrecifes en marea baja, es muy frecuente que se formen piscinas naturales. Tambi\u00e9n los amantes del surf tienen sus playas con excelentes olas para la pr\u00e1ctica de \u00e9ste deporte. Principales atractivos tur\u00edsticos:las playas de Araca\u00ecpe, Playa de los Pescadores, Mucuge, Parracho, Ta\u00ecpe, y Pitinga, considerada una de las m\u00e1s bellas de Brasil con arena suave y mucha vegetaci\u00f3n permitiendo a los visitantes un verdadero descanso y relax natural al aire libre.","og_url":"https:\/\/elkaminante.com.uy\/paquetes\/arraial-dajuda-2\/","og_site_name":"El Kaminante","article_modified_time":"2026-04-26T19:45:59+00:00","og_image":[{"width":800,"height":457,"url":"https:\/\/elkaminante.com.uy\/wp-content\/uploads\/2025\/06\/PAQ233.webp","type":"image\/webp"}],"twitter_card":"summary_large_image","schema":{"@context":"https:\/\/schema.org","@graph":[{"@type":"WebPage","@id":"https:\/\/elkaminante.com.uy\/paquetes\/arraial-dajuda-2\/","url":"https:\/\/elkaminante.com.uy\/paquetes\/arraial-dajuda-2\/","name":"Arraial d'Ajuda - El Kaminante","isPartOf":{"@id":"https:\/\/elkaminante.com.uy\/#website"},"primaryImageOfPage":{"@id":"https:\/\/elkaminante.com.uy\/paquetes\/arraial-dajuda-2\/#primaryimage"},"image":{"@id":"https:\/\/elkaminante.com.uy\/paquetes\/arraial-dajuda-2\/#primaryimage"},"thumbnailUrl":"https:\/\/elkaminante.com.uy\/wp-content\/uploads\/2025\/06\/PAQ233.webp","datePublished":"2025-06-16T23:07:02+00:00","dateModified":"2026-04-26T19:45:59+00:00","breadcrumb":{"@id":"https:\/\/elkaminante.com.uy\/paquetes\/arraial-dajuda-2\/#breadcrumb"},"inLanguage":"en-US","potentialAction":[{"@type":"ReadAction","target":["https:\/\/elkaminante.com.uy\/paquetes\/arraial-dajuda-2\/"]}]},{"@type":"ImageObject","inLanguage":"en-US","@id":"https:\/\/elkaminante.com.uy\/paquetes\/arraial-dajuda-2\/#primaryimage","url":"https:\/\/elkaminante.com.uy\/wp-content\/uploads\/2025\/06\/PAQ233.webp","contentUrl":"https:\/\/elkaminante.com.uy\/wp-content\/uploads\/2025\/06\/PAQ233.webp","width":800,"height":457},{"@type":"BreadcrumbList","@id":"https:\/\/elkaminante.com.uy\/paquetes\/arraial-dajuda-2\/#breadcrumb","itemListElement":[{"@type":"ListItem","position":1,"name":"Inicio","item":"https:\/\/elkaminante.com.uy\/en\/"},{"@type":"ListItem","position":2,"name":"Viajes por el mundo","item":"https:\/\/elkaminante.com.uy\/en\/paquetes\/"},{"@type":"ListItem","position":3,"name":"Arraial d&#8217;Ajuda"}]},{"@type":"WebSite","@id":"https:\/\/elkaminante.com.uy\/#website","url":"https:\/\/elkaminante.com.uy\/","name":"El Kaminante","description":"Viajes &amp; Turismo","publisher":{"@id":"https:\/\/elkaminante.com.uy\/#organization"},"potentialAction":[{"@type":"SearchAction","target":{"@type":"EntryPoint","urlTemplate":"https:\/\/elkaminante.com.uy\/?s={search_term_string}"},"query-input":{"@type":"PropertyValueSpecification","valueRequired":true,"valueName":"search_term_string"}}],"inLanguage":"en-US"},{"@type":"Organization","@id":"https:\/\/elkaminante.com.uy\/#organization","name":"El Kaminante","url":"https:\/\/elkaminante.com.uy\/","logo":{"@type":"ImageObject","inLanguage":"en-US","@id":"https:\/\/elkaminante.com.uy\/#\/schema\/logo\/image\/","url":"https:\/\/elkaminante.com.uy\/wp-content\/uploads\/2025\/02\/logo-elkaminante-blanco.svg","contentUrl":"https:\/\/elkaminante.com.uy\/wp-content\/uploads\/2025\/02\/logo-elkaminante-blanco.svg","caption":"El Kaminante"},"image":{"@id":"https:\/\/elkaminante.com.uy\/#\/schema\/logo\/image\/"}}]}},"_links":{"self":[{"href":"https:\/\/elkaminante.com.uy\/en\/wp-json\/wp\/v2\/product\/10240","targetHints":{"allow":["GET"]}}],"collection":[{"href":"https:\/\/elkaminante.com.uy\/en\/wp-json\/wp\/v2\/product"}],"about":[{"href":"https:\/\/elkaminante.com.uy\/en\/wp-json\/wp\/v2\/types\/product"}],"wp:featuredmedia":[{"embeddable":true,"href":"https:\/\/elkaminante.com.uy\/en\/wp-json\/wp\/v2\/media\/10238"}],"wp:attachment":[{"href":"https:\/\/elkaminante.com.uy\/en\/wp-json\/wp\/v2\/media?parent=10240"}],"wp:term":[{"taxonomy":"product_brand","embeddable":true,"href":"https:\/\/elkaminante.com.uy\/en\/wp-json\/wp\/v2\/product_brand?post=10240"},{"taxonomy":"product_cat","embeddable":true,"href":"https:\/\/elkaminante.com.uy\/en\/wp-json\/wp\/v2\/product_cat?post=10240"},{"taxonomy":"product_tag","embeddable":true,"href":"https:\/\/elkaminante.com.uy\/en\/wp-json\/wp\/v2\/product_tag?post=10240"}],"curies":[{"name":"wp","href":"https:\/\/api.w.org\/{rel}","templated":true}]}}