{"id":10237,"date":"2025-06-16T20:07:01","date_gmt":"2025-06-16T23:07:01","guid":{"rendered":"https:\/\/elkaminante.com.uy\/paquetes\/pipa-brasil\/"},"modified":"2026-04-26T16:45:59","modified_gmt":"2026-04-26T19:45:59","slug":"pipa-brasil","status":"publish","type":"product","link":"https:\/\/elkaminante.com.uy\/en\/paquetes\/pipa-brasil\/","title":{"rendered":"Pipa Brasil"},"content":{"rendered":"","protected":false},"excerpt":{"rendered":"<p>La playa de <b>Pipa<\/b> es una de las playas m\u00e1s encantadoras de la regi\u00f3n noreste del Brasil, se encuentra ubicado en una peque\u00f1a localidad tur\u00edstica de playas en el estado de Rio Grande do Norte, a unos 85 kil\u00f3metros de la ciudad de Natal, y ofrece a sus visitantes una de sus m\u00e1s grandes bondades que son unas dunas incre\u00edbles con arenas muy blancas, adem\u00e1s de los acantilados y cocotales que bordean esta majestuosa playa. Es muy famosa ya que muchos surfistas consideran a La Praia do Amor como un lugar excelente para practicar el Surf adem\u00e1s que tambi\u00e9n se pueden practicar otros deportes al aire libre como el buggy, el kayak, la equitaci\u00f3n, caminatas, rallys y dem\u00e1s. Esto complementado con una infraestructura complet\u00edsima, con bares, boutiques, posadas y restaurantes.<\/p>\n","protected":false},"featured_media":10235,"template":"","meta":{"_acf_changed":false,"inline_featured_image":false},"product_brand":[],"product_cat":[28,1579],"product_tag":[562,3981,96,88,35,1617,623,64,568,2054,2195,65,91,90,620,619,3403,61,89,3282,93,92,621,119],"class_list":{"0":"post-10237","1":"product","2":"type-product","3":"status-publish","4":"has-post-thumbnail","6":"product_cat-paquetes","7":"product_cat-uruguay","8":"product_tag-agosto","9":"product_tag-agosto-2026alarma-precios-bajos","10":"product_tag-alarma-precios-bajos","11":"product_tag-america-del-sur","12":"product_tag-brasil","13":"product_tag-brasil-en-agosto","14":"product_tag-brasil-en-pipa","15":"product_tag-desayuno","16":"product_tag-en-agosto","17":"product_tag-en-brasil","18":"product_tag-en-pipa","19":"product_tag-no-aplica","20":"product_tag-paquetes-a-america-del-sur","21":"product_tag-paquetes-a-brasil","22":"product_tag-paquetes-a-pipa","23":"product_tag-pipa","24":"product_tag-pipa-brasil","25":"product_tag-sin-destino","26":"product_tag-sudamerica","27":"product_tag-temporada-baja","28":"product_tag-viajes-a-america-del-sur","29":"product_tag-viajes-a-brasil","30":"product_tag-viajes-a-pipa","31":"product_tag-vuelo-y-hotel","32":"entry","33":"has-media","35":"first","36":"instock","37":"shipping-taxable","38":"purchasable","39":"product-type-simple"},"acf":[],"yoast_head":"<!-- This site is optimized with the Yoast SEO plugin v27.2 - https:\/\/yoast.com\/product\/yoast-seo-wordpress\/ -->\n<title>Pipa Brasil - El Kaminante<\/title>\n<meta name=\"robots\" content=\"index, follow, max-snippet:-1, max-image-preview:large, max-video-preview:-1\" \/>\n<link rel=\"canonical\" href=\"https:\/\/elkaminante.com.uy\/paquetes\/pipa-brasil\/\" \/>\n<meta property=\"og:locale\" content=\"en_US\" \/>\n<meta property=\"og:type\" content=\"article\" \/>\n<meta property=\"og:title\" content=\"Pipa Brasil - El Kaminante\" \/>\n<meta property=\"og:description\" content=\"La playa de Pipa es una de las playas m\u00e1s encantadoras de la regi\u00f3n noreste del Brasil, se encuentra ubicado en una peque\u00f1a localidad tur\u00edstica de playas en el estado de Rio Grande do Norte, a unos 85 kil\u00f3metros de la ciudad de Natal, y ofrece a sus visitantes una de sus m\u00e1s grandes bondades que son unas dunas incre\u00edbles con arenas muy blancas, adem\u00e1s de los acantilados y cocotales que bordean esta majestuosa playa. Es muy famosa ya que muchos surfistas consideran a La Praia do Amor como un lugar excelente para practicar el Surf adem\u00e1s que tambi\u00e9n se pueden practicar otros deportes al aire libre como el buggy, el kayak, la equitaci\u00f3n, caminatas, rallys y dem\u00e1s. Esto complementado con una infraestructura complet\u00edsima, con bares, boutiques, posadas y restaurantes.\" \/>\n<meta property=\"og:url\" content=\"https:\/\/elkaminante.com.uy\/paquetes\/pipa-brasil\/\" \/>\n<meta property=\"og:site_name\" content=\"El Kaminante\" \/>\n<meta property=\"article:modified_time\" content=\"2026-04-26T19:45:59+00:00\" \/>\n<meta property=\"og:image\" content=\"https:\/\/elkaminante.com.uy\/wp-content\/uploads\/2025\/06\/PAQ232.webp\" \/>\n\t<meta property=\"og:image:width\" content=\"800\" \/>\n\t<meta property=\"og:image:height\" content=\"457\" \/>\n\t<meta property=\"og:image:type\" content=\"image\/webp\" \/>\n<meta name=\"twitter:card\" content=\"summary_large_image\" \/>\n<script type=\"application\/ld+json\" class=\"yoast-schema-graph\">{\"@context\":\"https:\/\/schema.org\",\"@graph\":[{\"@type\":\"WebPage\",\"@id\":\"https:\/\/elkaminante.com.uy\/paquetes\/pipa-brasil\/\",\"url\":\"https:\/\/elkaminante.com.uy\/paquetes\/pipa-brasil\/\",\"name\":\"Pipa Brasil - El Kaminante\",\"isPartOf\":{\"@id\":\"https:\/\/elkaminante.com.uy\/#website\"},\"primaryImageOfPage\":{\"@id\":\"https:\/\/elkaminante.com.uy\/paquetes\/pipa-brasil\/#primaryimage\"},\"image\":{\"@id\":\"https:\/\/elkaminante.com.uy\/paquetes\/pipa-brasil\/#primaryimage\"},\"thumbnailUrl\":\"https:\/\/elkaminante.com.uy\/wp-content\/uploads\/2025\/06\/PAQ232.webp\",\"datePublished\":\"2025-06-16T23:07:01+00:00\",\"dateModified\":\"2026-04-26T19:45:59+00:00\",\"breadcrumb\":{\"@id\":\"https:\/\/elkaminante.com.uy\/paquetes\/pipa-brasil\/#breadcrumb\"},\"inLanguage\":\"en-US\",\"potentialAction\":[{\"@type\":\"ReadAction\",\"target\":[\"https:\/\/elkaminante.com.uy\/paquetes\/pipa-brasil\/\"]}]},{\"@type\":\"ImageObject\",\"inLanguage\":\"en-US\",\"@id\":\"https:\/\/elkaminante.com.uy\/paquetes\/pipa-brasil\/#primaryimage\",\"url\":\"https:\/\/elkaminante.com.uy\/wp-content\/uploads\/2025\/06\/PAQ232.webp\",\"contentUrl\":\"https:\/\/elkaminante.com.uy\/wp-content\/uploads\/2025\/06\/PAQ232.webp\",\"width\":800,\"height\":457},{\"@type\":\"BreadcrumbList\",\"@id\":\"https:\/\/elkaminante.com.uy\/paquetes\/pipa-brasil\/#breadcrumb\",\"itemListElement\":[{\"@type\":\"ListItem\",\"position\":1,\"name\":\"Inicio\",\"item\":\"https:\/\/elkaminante.com.uy\/en\/\"},{\"@type\":\"ListItem\",\"position\":2,\"name\":\"Viajes por el mundo\",\"item\":\"https:\/\/elkaminante.com.uy\/en\/paquetes\/\"},{\"@type\":\"ListItem\",\"position\":3,\"name\":\"Pipa Brasil\"}]},{\"@type\":\"WebSite\",\"@id\":\"https:\/\/elkaminante.com.uy\/#website\",\"url\":\"https:\/\/elkaminante.com.uy\/\",\"name\":\"El Kaminante\",\"description\":\"Viajes &amp; Turismo\",\"publisher\":{\"@id\":\"https:\/\/elkaminante.com.uy\/#organization\"},\"potentialAction\":[{\"@type\":\"SearchAction\",\"target\":{\"@type\":\"EntryPoint\",\"urlTemplate\":\"https:\/\/elkaminante.com.uy\/?s={search_term_string}\"},\"query-input\":{\"@type\":\"PropertyValueSpecification\",\"valueRequired\":true,\"valueName\":\"search_term_string\"}}],\"inLanguage\":\"en-US\"},{\"@type\":\"Organization\",\"@id\":\"https:\/\/elkaminante.com.uy\/#organization\",\"name\":\"El Kaminante\",\"url\":\"https:\/\/elkaminante.com.uy\/\",\"logo\":{\"@type\":\"ImageObject\",\"inLanguage\":\"en-US\",\"@id\":\"https:\/\/elkaminante.com.uy\/#\/schema\/logo\/image\/\",\"url\":\"https:\/\/elkaminante.com.uy\/wp-content\/uploads\/2025\/02\/logo-elkaminante-blanco.svg\",\"contentUrl\":\"https:\/\/elkaminante.com.uy\/wp-content\/uploads\/2025\/02\/logo-elkaminante-blanco.svg\",\"caption\":\"El Kaminante\"},\"image\":{\"@id\":\"https:\/\/elkaminante.com.uy\/#\/schema\/logo\/image\/\"}}]}<\/script>\n<!-- \/ Yoast SEO plugin. -->","yoast_head_json":{"title":"Pipa Brasil - El Kaminante","robots":{"index":"index","follow":"follow","max-snippet":"max-snippet:-1","max-image-preview":"max-image-preview:large","max-video-preview":"max-video-preview:-1"},"canonical":"https:\/\/elkaminante.com.uy\/paquetes\/pipa-brasil\/","og_locale":"en_US","og_type":"article","og_title":"Pipa Brasil - El Kaminante","og_description":"La playa de Pipa es una de las playas m\u00e1s encantadoras de la regi\u00f3n noreste del Brasil, se encuentra ubicado en una peque\u00f1a localidad tur\u00edstica de playas en el estado de Rio Grande do Norte, a unos 85 kil\u00f3metros de la ciudad de Natal, y ofrece a sus visitantes una de sus m\u00e1s grandes bondades que son unas dunas incre\u00edbles con arenas muy blancas, adem\u00e1s de los acantilados y cocotales que bordean esta majestuosa playa. Es muy famosa ya que muchos surfistas consideran a La Praia do Amor como un lugar excelente para practicar el Surf adem\u00e1s que tambi\u00e9n se pueden practicar otros deportes al aire libre como el buggy, el kayak, la equitaci\u00f3n, caminatas, rallys y dem\u00e1s. Esto complementado con una infraestructura complet\u00edsima, con bares, boutiques, posadas y restaurantes.","og_url":"https:\/\/elkaminante.com.uy\/paquetes\/pipa-brasil\/","og_site_name":"El Kaminante","article_modified_time":"2026-04-26T19:45:59+00:00","og_image":[{"width":800,"height":457,"url":"https:\/\/elkaminante.com.uy\/wp-content\/uploads\/2025\/06\/PAQ232.webp","type":"image\/webp"}],"twitter_card":"summary_large_image","schema":{"@context":"https:\/\/schema.org","@graph":[{"@type":"WebPage","@id":"https:\/\/elkaminante.com.uy\/paquetes\/pipa-brasil\/","url":"https:\/\/elkaminante.com.uy\/paquetes\/pipa-brasil\/","name":"Pipa Brasil - El Kaminante","isPartOf":{"@id":"https:\/\/elkaminante.com.uy\/#website"},"primaryImageOfPage":{"@id":"https:\/\/elkaminante.com.uy\/paquetes\/pipa-brasil\/#primaryimage"},"image":{"@id":"https:\/\/elkaminante.com.uy\/paquetes\/pipa-brasil\/#primaryimage"},"thumbnailUrl":"https:\/\/elkaminante.com.uy\/wp-content\/uploads\/2025\/06\/PAQ232.webp","datePublished":"2025-06-16T23:07:01+00:00","dateModified":"2026-04-26T19:45:59+00:00","breadcrumb":{"@id":"https:\/\/elkaminante.com.uy\/paquetes\/pipa-brasil\/#breadcrumb"},"inLanguage":"en-US","potentialAction":[{"@type":"ReadAction","target":["https:\/\/elkaminante.com.uy\/paquetes\/pipa-brasil\/"]}]},{"@type":"ImageObject","inLanguage":"en-US","@id":"https:\/\/elkaminante.com.uy\/paquetes\/pipa-brasil\/#primaryimage","url":"https:\/\/elkaminante.com.uy\/wp-content\/uploads\/2025\/06\/PAQ232.webp","contentUrl":"https:\/\/elkaminante.com.uy\/wp-content\/uploads\/2025\/06\/PAQ232.webp","width":800,"height":457},{"@type":"BreadcrumbList","@id":"https:\/\/elkaminante.com.uy\/paquetes\/pipa-brasil\/#breadcrumb","itemListElement":[{"@type":"ListItem","position":1,"name":"Inicio","item":"https:\/\/elkaminante.com.uy\/en\/"},{"@type":"ListItem","position":2,"name":"Viajes por el mundo","item":"https:\/\/elkaminante.com.uy\/en\/paquetes\/"},{"@type":"ListItem","position":3,"name":"Pipa Brasil"}]},{"@type":"WebSite","@id":"https:\/\/elkaminante.com.uy\/#website","url":"https:\/\/elkaminante.com.uy\/","name":"El Kaminante","description":"Viajes &amp; Turismo","publisher":{"@id":"https:\/\/elkaminante.com.uy\/#organization"},"potentialAction":[{"@type":"SearchAction","target":{"@type":"EntryPoint","urlTemplate":"https:\/\/elkaminante.com.uy\/?s={search_term_string}"},"query-input":{"@type":"PropertyValueSpecification","valueRequired":true,"valueName":"search_term_string"}}],"inLanguage":"en-US"},{"@type":"Organization","@id":"https:\/\/elkaminante.com.uy\/#organization","name":"El Kaminante","url":"https:\/\/elkaminante.com.uy\/","logo":{"@type":"ImageObject","inLanguage":"en-US","@id":"https:\/\/elkaminante.com.uy\/#\/schema\/logo\/image\/","url":"https:\/\/elkaminante.com.uy\/wp-content\/uploads\/2025\/02\/logo-elkaminante-blanco.svg","contentUrl":"https:\/\/elkaminante.com.uy\/wp-content\/uploads\/2025\/02\/logo-elkaminante-blanco.svg","caption":"El Kaminante"},"image":{"@id":"https:\/\/elkaminante.com.uy\/#\/schema\/logo\/image\/"}}]}},"_links":{"self":[{"href":"https:\/\/elkaminante.com.uy\/en\/wp-json\/wp\/v2\/product\/10237","targetHints":{"allow":["GET"]}}],"collection":[{"href":"https:\/\/elkaminante.com.uy\/en\/wp-json\/wp\/v2\/product"}],"about":[{"href":"https:\/\/elkaminante.com.uy\/en\/wp-json\/wp\/v2\/types\/product"}],"wp:featuredmedia":[{"embeddable":true,"href":"https:\/\/elkaminante.com.uy\/en\/wp-json\/wp\/v2\/media\/10235"}],"wp:attachment":[{"href":"https:\/\/elkaminante.com.uy\/en\/wp-json\/wp\/v2\/media?parent=10237"}],"wp:term":[{"taxonomy":"product_brand","embeddable":true,"href":"https:\/\/elkaminante.com.uy\/en\/wp-json\/wp\/v2\/product_brand?post=10237"},{"taxonomy":"product_cat","embeddable":true,"href":"https:\/\/elkaminante.com.uy\/en\/wp-json\/wp\/v2\/product_cat?post=10237"},{"taxonomy":"product_tag","embeddable":true,"href":"https:\/\/elkaminante.com.uy\/en\/wp-json\/wp\/v2\/product_tag?post=10237"}],"curies":[{"name":"wp","href":"https:\/\/api.w.org\/{rel}","templated":true}]}}