{"id":10214,"date":"2025-06-16T20:06:50","date_gmt":"2025-06-16T23:06:50","guid":{"rendered":"https:\/\/elkaminante.com.uy\/paquetes\/riu-dunamar-costa-mujeres\/"},"modified":"2026-04-17T09:38:49","modified_gmt":"2026-04-17T12:38:49","slug":"riu-dunamar-costa-mujeres","status":"publish","type":"product","link":"https:\/\/elkaminante.com.uy\/en\/paquetes\/riu-dunamar-costa-mujeres\/","title":{"rendered":"RIU Dunamar Costa Mujeres"},"content":{"rendered":"","protected":false},"excerpt":{"rendered":"<p>Si adem\u00e1s de mar y las playas buscas descanso, estar alejado de las grandes multitudes y con un contacto con la naturaleza y cultura loca, a solo 30 kms de Canc\u00fan, sin duda te recomendamos este para\u00edso: <b>Costa Mujeres<\/b>. Este destino invita a los turistas a respetar el entorno natural que la rodea. Quiz\u00e1 sea por eso que a\u00fan mantiene ese car\u00e1cter apacible y se convierte en el mejor destino para relajarse y renovar energ\u00edas. Un tour obligado es tomar un ferry hasta la Isla Mujeres y, una vez all\u00ed, visitar el Parque Natural Garraf\u00f3n, ubicado en la punta sur de esta encantadora isla. All\u00ed puedes pasar un d\u00eda muy activo practicando kayak, bicicleta o simplemente relaj\u00e1ndote en una hamaca en la playa.<\/p>\n","protected":false},"featured_media":10212,"template":"","meta":{"_acf_changed":false,"inline_featured_image":false},"product_brand":[],"product_cat":[28,1579],"product_tag":[173,70,611,2193,2018,2071,278,2506,163,615,305,65,71,73,612,164,3398,61,3282,75,613,165,119],"class_list":{"0":"post-10214","1":"product","2":"type-product","3":"status-publish","4":"has-post-thumbnail","6":"product_cat-paquetes","7":"product_cat-uruguay","8":"product_tag-all-inclusive","9":"product_tag-america-del-norte","10":"product_tag-costa-mujeres","11":"product_tag-en-costa-mujeres","12":"product_tag-en-mayo","13":"product_tag-en-mexico","14":"product_tag-mayo","15":"product_tag-mayo-2026all-inclusive","16":"product_tag-mexico","17":"product_tag-mexico-en-costa-mujeres","18":"product_tag-mexico-en-mayo","19":"product_tag-no-aplica","20":"product_tag-norte-america","21":"product_tag-paquetes-a-america-del-norte","22":"product_tag-paquetes-a-costa-mujeres","23":"product_tag-paquetes-a-mexico","24":"product_tag-riu-dunamar-costa-mujeres","25":"product_tag-sin-destino","26":"product_tag-temporada-baja","27":"product_tag-viajes-a-america-del-norte","28":"product_tag-viajes-a-costa-mujeres","29":"product_tag-viajes-a-mexico","30":"product_tag-vuelo-y-hotel","31":"entry","32":"has-media","34":"first","35":"instock","36":"shipping-taxable","37":"purchasable","38":"product-type-simple"},"acf":[],"yoast_head":"<!-- This site is optimized with the Yoast SEO plugin v27.2 - https:\/\/yoast.com\/product\/yoast-seo-wordpress\/ -->\n<title>RIU Dunamar Costa Mujeres - El Kaminante<\/title>\n<meta name=\"robots\" content=\"index, follow, max-snippet:-1, max-image-preview:large, max-video-preview:-1\" \/>\n<link rel=\"canonical\" href=\"https:\/\/elkaminante.com.uy\/paquetes\/riu-dunamar-costa-mujeres\/\" \/>\n<meta property=\"og:locale\" content=\"en_US\" \/>\n<meta property=\"og:type\" content=\"article\" \/>\n<meta property=\"og:title\" content=\"RIU Dunamar Costa Mujeres - El Kaminante\" \/>\n<meta property=\"og:description\" content=\"Si adem\u00e1s de mar y las playas buscas descanso, estar alejado de las grandes multitudes y con un contacto con la naturaleza y cultura loca, a solo 30 kms de Canc\u00fan, sin duda te recomendamos este para\u00edso: Costa Mujeres. Este destino invita a los turistas a respetar el entorno natural que la rodea. Quiz\u00e1 sea por eso que a\u00fan mantiene ese car\u00e1cter apacible y se convierte en el mejor destino para relajarse y renovar energ\u00edas. Un tour obligado es tomar un ferry hasta la Isla Mujeres y, una vez all\u00ed, visitar el Parque Natural Garraf\u00f3n, ubicado en la punta sur de esta encantadora isla. All\u00ed puedes pasar un d\u00eda muy activo practicando kayak, bicicleta o simplemente relaj\u00e1ndote en una hamaca en la playa.\" \/>\n<meta property=\"og:url\" content=\"https:\/\/elkaminante.com.uy\/paquetes\/riu-dunamar-costa-mujeres\/\" \/>\n<meta property=\"og:site_name\" content=\"El Kaminante\" \/>\n<meta property=\"article:modified_time\" content=\"2026-04-17T12:38:49+00:00\" \/>\n<meta name=\"twitter:card\" content=\"summary_large_image\" \/>\n<script type=\"application\/ld+json\" class=\"yoast-schema-graph\">{\"@context\":\"https:\/\/schema.org\",\"@graph\":[{\"@type\":\"WebPage\",\"@id\":\"https:\/\/elkaminante.com.uy\/paquetes\/riu-dunamar-costa-mujeres\/\",\"url\":\"https:\/\/elkaminante.com.uy\/paquetes\/riu-dunamar-costa-mujeres\/\",\"name\":\"RIU Dunamar Costa Mujeres - El Kaminante\",\"isPartOf\":{\"@id\":\"https:\/\/elkaminante.com.uy\/#website\"},\"primaryImageOfPage\":{\"@id\":\"https:\/\/elkaminante.com.uy\/paquetes\/riu-dunamar-costa-mujeres\/#primaryimage\"},\"image\":{\"@id\":\"https:\/\/elkaminante.com.uy\/paquetes\/riu-dunamar-costa-mujeres\/#primaryimage\"},\"thumbnailUrl\":\"https:\/\/elkaminante.com.uy\/wp-content\/uploads\/2025\/06\/PAQ225.webp\",\"datePublished\":\"2025-06-16T23:06:50+00:00\",\"dateModified\":\"2026-04-17T12:38:49+00:00\",\"breadcrumb\":{\"@id\":\"https:\/\/elkaminante.com.uy\/paquetes\/riu-dunamar-costa-mujeres\/#breadcrumb\"},\"inLanguage\":\"en-US\",\"potentialAction\":[{\"@type\":\"ReadAction\",\"target\":[\"https:\/\/elkaminante.com.uy\/paquetes\/riu-dunamar-costa-mujeres\/\"]}]},{\"@type\":\"ImageObject\",\"inLanguage\":\"en-US\",\"@id\":\"https:\/\/elkaminante.com.uy\/paquetes\/riu-dunamar-costa-mujeres\/#primaryimage\",\"url\":\"https:\/\/elkaminante.com.uy\/wp-content\/uploads\/2025\/06\/PAQ225.webp\",\"contentUrl\":\"https:\/\/elkaminante.com.uy\/wp-content\/uploads\/2025\/06\/PAQ225.webp\",\"width\":800,\"height\":457},{\"@type\":\"BreadcrumbList\",\"@id\":\"https:\/\/elkaminante.com.uy\/paquetes\/riu-dunamar-costa-mujeres\/#breadcrumb\",\"itemListElement\":[{\"@type\":\"ListItem\",\"position\":1,\"name\":\"Inicio\",\"item\":\"https:\/\/elkaminante.com.uy\/en\/\"},{\"@type\":\"ListItem\",\"position\":2,\"name\":\"Viajes por el mundo\",\"item\":\"https:\/\/elkaminante.com.uy\/en\/paquetes\/\"},{\"@type\":\"ListItem\",\"position\":3,\"name\":\"RIU Dunamar Costa Mujeres\"}]},{\"@type\":\"WebSite\",\"@id\":\"https:\/\/elkaminante.com.uy\/#website\",\"url\":\"https:\/\/elkaminante.com.uy\/\",\"name\":\"El Kaminante\",\"description\":\"Viajes &amp; Turismo\",\"publisher\":{\"@id\":\"https:\/\/elkaminante.com.uy\/#organization\"},\"potentialAction\":[{\"@type\":\"SearchAction\",\"target\":{\"@type\":\"EntryPoint\",\"urlTemplate\":\"https:\/\/elkaminante.com.uy\/?s={search_term_string}\"},\"query-input\":{\"@type\":\"PropertyValueSpecification\",\"valueRequired\":true,\"valueName\":\"search_term_string\"}}],\"inLanguage\":\"en-US\"},{\"@type\":\"Organization\",\"@id\":\"https:\/\/elkaminante.com.uy\/#organization\",\"name\":\"El Kaminante\",\"url\":\"https:\/\/elkaminante.com.uy\/\",\"logo\":{\"@type\":\"ImageObject\",\"inLanguage\":\"en-US\",\"@id\":\"https:\/\/elkaminante.com.uy\/#\/schema\/logo\/image\/\",\"url\":\"https:\/\/elkaminante.com.uy\/wp-content\/uploads\/2025\/02\/logo-elkaminante-blanco.svg\",\"contentUrl\":\"https:\/\/elkaminante.com.uy\/wp-content\/uploads\/2025\/02\/logo-elkaminante-blanco.svg\",\"caption\":\"El Kaminante\"},\"image\":{\"@id\":\"https:\/\/elkaminante.com.uy\/#\/schema\/logo\/image\/\"}}]}<\/script>\n<!-- \/ Yoast SEO plugin. -->","yoast_head_json":{"title":"RIU Dunamar Costa Mujeres - El Kaminante","robots":{"index":"index","follow":"follow","max-snippet":"max-snippet:-1","max-image-preview":"max-image-preview:large","max-video-preview":"max-video-preview:-1"},"canonical":"https:\/\/elkaminante.com.uy\/paquetes\/riu-dunamar-costa-mujeres\/","og_locale":"en_US","og_type":"article","og_title":"RIU Dunamar Costa Mujeres - El Kaminante","og_description":"Si adem\u00e1s de mar y las playas buscas descanso, estar alejado de las grandes multitudes y con un contacto con la naturaleza y cultura loca, a solo 30 kms de Canc\u00fan, sin duda te recomendamos este para\u00edso: Costa Mujeres. Este destino invita a los turistas a respetar el entorno natural que la rodea. Quiz\u00e1 sea por eso que a\u00fan mantiene ese car\u00e1cter apacible y se convierte en el mejor destino para relajarse y renovar energ\u00edas. Un tour obligado es tomar un ferry hasta la Isla Mujeres y, una vez all\u00ed, visitar el Parque Natural Garraf\u00f3n, ubicado en la punta sur de esta encantadora isla. All\u00ed puedes pasar un d\u00eda muy activo practicando kayak, bicicleta o simplemente relaj\u00e1ndote en una hamaca en la playa.","og_url":"https:\/\/elkaminante.com.uy\/paquetes\/riu-dunamar-costa-mujeres\/","og_site_name":"El Kaminante","article_modified_time":"2026-04-17T12:38:49+00:00","twitter_card":"summary_large_image","schema":{"@context":"https:\/\/schema.org","@graph":[{"@type":"WebPage","@id":"https:\/\/elkaminante.com.uy\/paquetes\/riu-dunamar-costa-mujeres\/","url":"https:\/\/elkaminante.com.uy\/paquetes\/riu-dunamar-costa-mujeres\/","name":"RIU Dunamar Costa Mujeres - El Kaminante","isPartOf":{"@id":"https:\/\/elkaminante.com.uy\/#website"},"primaryImageOfPage":{"@id":"https:\/\/elkaminante.com.uy\/paquetes\/riu-dunamar-costa-mujeres\/#primaryimage"},"image":{"@id":"https:\/\/elkaminante.com.uy\/paquetes\/riu-dunamar-costa-mujeres\/#primaryimage"},"thumbnailUrl":"https:\/\/elkaminante.com.uy\/wp-content\/uploads\/2025\/06\/PAQ225.webp","datePublished":"2025-06-16T23:06:50+00:00","dateModified":"2026-04-17T12:38:49+00:00","breadcrumb":{"@id":"https:\/\/elkaminante.com.uy\/paquetes\/riu-dunamar-costa-mujeres\/#breadcrumb"},"inLanguage":"en-US","potentialAction":[{"@type":"ReadAction","target":["https:\/\/elkaminante.com.uy\/paquetes\/riu-dunamar-costa-mujeres\/"]}]},{"@type":"ImageObject","inLanguage":"en-US","@id":"https:\/\/elkaminante.com.uy\/paquetes\/riu-dunamar-costa-mujeres\/#primaryimage","url":"https:\/\/elkaminante.com.uy\/wp-content\/uploads\/2025\/06\/PAQ225.webp","contentUrl":"https:\/\/elkaminante.com.uy\/wp-content\/uploads\/2025\/06\/PAQ225.webp","width":800,"height":457},{"@type":"BreadcrumbList","@id":"https:\/\/elkaminante.com.uy\/paquetes\/riu-dunamar-costa-mujeres\/#breadcrumb","itemListElement":[{"@type":"ListItem","position":1,"name":"Inicio","item":"https:\/\/elkaminante.com.uy\/en\/"},{"@type":"ListItem","position":2,"name":"Viajes por el mundo","item":"https:\/\/elkaminante.com.uy\/en\/paquetes\/"},{"@type":"ListItem","position":3,"name":"RIU Dunamar Costa Mujeres"}]},{"@type":"WebSite","@id":"https:\/\/elkaminante.com.uy\/#website","url":"https:\/\/elkaminante.com.uy\/","name":"El Kaminante","description":"Viajes &amp; Turismo","publisher":{"@id":"https:\/\/elkaminante.com.uy\/#organization"},"potentialAction":[{"@type":"SearchAction","target":{"@type":"EntryPoint","urlTemplate":"https:\/\/elkaminante.com.uy\/?s={search_term_string}"},"query-input":{"@type":"PropertyValueSpecification","valueRequired":true,"valueName":"search_term_string"}}],"inLanguage":"en-US"},{"@type":"Organization","@id":"https:\/\/elkaminante.com.uy\/#organization","name":"El Kaminante","url":"https:\/\/elkaminante.com.uy\/","logo":{"@type":"ImageObject","inLanguage":"en-US","@id":"https:\/\/elkaminante.com.uy\/#\/schema\/logo\/image\/","url":"https:\/\/elkaminante.com.uy\/wp-content\/uploads\/2025\/02\/logo-elkaminante-blanco.svg","contentUrl":"https:\/\/elkaminante.com.uy\/wp-content\/uploads\/2025\/02\/logo-elkaminante-blanco.svg","caption":"El Kaminante"},"image":{"@id":"https:\/\/elkaminante.com.uy\/#\/schema\/logo\/image\/"}}]}},"_links":{"self":[{"href":"https:\/\/elkaminante.com.uy\/en\/wp-json\/wp\/v2\/product\/10214","targetHints":{"allow":["GET"]}}],"collection":[{"href":"https:\/\/elkaminante.com.uy\/en\/wp-json\/wp\/v2\/product"}],"about":[{"href":"https:\/\/elkaminante.com.uy\/en\/wp-json\/wp\/v2\/types\/product"}],"wp:featuredmedia":[{"embeddable":true,"href":"https:\/\/elkaminante.com.uy\/en\/wp-json\/wp\/v2\/media\/10212"}],"wp:attachment":[{"href":"https:\/\/elkaminante.com.uy\/en\/wp-json\/wp\/v2\/media?parent=10214"}],"wp:term":[{"taxonomy":"product_brand","embeddable":true,"href":"https:\/\/elkaminante.com.uy\/en\/wp-json\/wp\/v2\/product_brand?post=10214"},{"taxonomy":"product_cat","embeddable":true,"href":"https:\/\/elkaminante.com.uy\/en\/wp-json\/wp\/v2\/product_cat?post=10214"},{"taxonomy":"product_tag","embeddable":true,"href":"https:\/\/elkaminante.com.uy\/en\/wp-json\/wp\/v2\/product_tag?post=10214"}],"curies":[{"name":"wp","href":"https:\/\/api.w.org\/{rel}","templated":true}]}}