{"id":10211,"date":"2025-06-16T20:06:49","date_gmt":"2025-06-16T23:06:49","guid":{"rendered":"https:\/\/elkaminante.com.uy\/paquetes\/santa-marta-colombia-2\/"},"modified":"2026-04-17T09:38:49","modified_gmt":"2026-04-17T12:38:49","slug":"santa-marta-colombia-2","status":"publish","type":"product","link":"https:\/\/elkaminante.com.uy\/en\/paquetes\/santa-marta-colombia-2\/","title":{"rendered":"Santa Marta Colombia"},"content":{"rendered":"","protected":false},"excerpt":{"rendered":"<p><b>Santa Marta<\/b> sin duda es un destino que cautiva a todos los turistas que visitan Colombia. Hay actividades para todos los gustos, desde perderse en las olas de una playa que se junta con la selva, hasta observar las coloridas aves que parecen querer hablar con sus cantos. Tampoco se puede dejar afuera de la lista el recorrido hist\u00f3rico por la ciudad y la visita al coraz\u00f3n de la cultura Tayrona y sus tesoros coloniales. Adem\u00e1s, est\u00e1 el encanto de su gente que, con esa chispa tan caracter\u00edstica del Caribe, convierte a Santa Marta en una experiencia dif\u00edcil de olvidar.<\/p>\n","protected":false},"featured_media":10209,"template":"","meta":{"_acf_changed":false,"inline_featured_image":false},"product_brand":[],"product_cat":[28,1579],"product_tag":[88,34,329,489,2171,64,2116,2152,2074,65,91,330,481,177,480,3333,667,666,3854,61,89,2541,2542,665,2543,93,331,482,178,119],"class_list":{"0":"post-10211","1":"product","2":"type-product","3":"status-publish","4":"has-post-thumbnail","6":"product_cat-paquetes","7":"product_cat-uruguay","8":"product_tag-america-del-sur","9":"product_tag-caribe","10":"product_tag-colombia","11":"product_tag-colombia-en-santa-marta","12":"product_tag-colombia-en-setiembre","13":"product_tag-desayuno","14":"product_tag-en-colombia","15":"product_tag-en-santa-marta","16":"product_tag-en-setiembre","17":"product_tag-no-aplica","18":"product_tag-paquetes-a-america-del-sur","19":"product_tag-paquetes-a-colombia","20":"product_tag-paquetes-a-santa-marta","21":"product_tag-paquetes-al-caribe","22":"product_tag-santa-marta","23":"product_tag-santa-marta-colombia","24":"product_tag-septiembre","25":"product_tag-setiembre","26":"product_tag-setiembre-2026","27":"product_tag-sin-destino","28":"product_tag-sudamerica","29":"product_tag-vacaciones-de-primavera","30":"product_tag-vacaciones-de-septiembre","31":"product_tag-vacaciones-de-setiembre","32":"product_tag-vacaciones-primavera","33":"product_tag-viajes-a-america-del-sur","34":"product_tag-viajes-a-colombia","35":"product_tag-viajes-a-santa-marta","36":"product_tag-viajes-al-caribe","37":"product_tag-vuelo-y-hotel","38":"entry","39":"has-media","41":"first","42":"instock","43":"shipping-taxable","44":"purchasable","45":"product-type-simple"},"acf":[],"yoast_head":"<!-- This site is optimized with the Yoast SEO plugin v27.2 - https:\/\/yoast.com\/product\/yoast-seo-wordpress\/ -->\n<title>Santa Marta Colombia - El Kaminante<\/title>\n<meta name=\"robots\" content=\"index, follow, max-snippet:-1, max-image-preview:large, max-video-preview:-1\" \/>\n<link rel=\"canonical\" href=\"https:\/\/elkaminante.com.uy\/paquetes\/santa-marta-colombia-2\/\" \/>\n<meta property=\"og:locale\" content=\"en_US\" \/>\n<meta property=\"og:type\" content=\"article\" \/>\n<meta property=\"og:title\" content=\"Santa Marta Colombia - El Kaminante\" \/>\n<meta property=\"og:description\" content=\"Santa Marta sin duda es un destino que cautiva a todos los turistas que visitan Colombia. Hay actividades para todos los gustos, desde perderse en las olas de una playa que se junta con la selva, hasta observar las coloridas aves que parecen querer hablar con sus cantos. Tampoco se puede dejar afuera de la lista el recorrido hist\u00f3rico por la ciudad y la visita al coraz\u00f3n de la cultura Tayrona y sus tesoros coloniales. Adem\u00e1s, est\u00e1 el encanto de su gente que, con esa chispa tan caracter\u00edstica del Caribe, convierte a Santa Marta en una experiencia dif\u00edcil de olvidar.\" \/>\n<meta property=\"og:url\" content=\"https:\/\/elkaminante.com.uy\/paquetes\/santa-marta-colombia-2\/\" \/>\n<meta property=\"og:site_name\" content=\"El Kaminante\" \/>\n<meta property=\"article:modified_time\" content=\"2026-04-17T12:38:49+00:00\" \/>\n<meta property=\"og:image\" content=\"https:\/\/elkaminante.com.uy\/wp-content\/uploads\/2025\/06\/PAQ224.webp\" \/>\n\t<meta property=\"og:image:width\" content=\"800\" \/>\n\t<meta property=\"og:image:height\" content=\"457\" \/>\n\t<meta property=\"og:image:type\" content=\"image\/webp\" \/>\n<meta name=\"twitter:card\" content=\"summary_large_image\" \/>\n<script type=\"application\/ld+json\" class=\"yoast-schema-graph\">{\"@context\":\"https:\/\/schema.org\",\"@graph\":[{\"@type\":\"WebPage\",\"@id\":\"https:\/\/elkaminante.com.uy\/paquetes\/santa-marta-colombia-2\/\",\"url\":\"https:\/\/elkaminante.com.uy\/paquetes\/santa-marta-colombia-2\/\",\"name\":\"Santa Marta Colombia - El Kaminante\",\"isPartOf\":{\"@id\":\"https:\/\/elkaminante.com.uy\/#website\"},\"primaryImageOfPage\":{\"@id\":\"https:\/\/elkaminante.com.uy\/paquetes\/santa-marta-colombia-2\/#primaryimage\"},\"image\":{\"@id\":\"https:\/\/elkaminante.com.uy\/paquetes\/santa-marta-colombia-2\/#primaryimage\"},\"thumbnailUrl\":\"https:\/\/elkaminante.com.uy\/wp-content\/uploads\/2025\/06\/PAQ224.webp\",\"datePublished\":\"2025-06-16T23:06:49+00:00\",\"dateModified\":\"2026-04-17T12:38:49+00:00\",\"breadcrumb\":{\"@id\":\"https:\/\/elkaminante.com.uy\/paquetes\/santa-marta-colombia-2\/#breadcrumb\"},\"inLanguage\":\"en-US\",\"potentialAction\":[{\"@type\":\"ReadAction\",\"target\":[\"https:\/\/elkaminante.com.uy\/paquetes\/santa-marta-colombia-2\/\"]}]},{\"@type\":\"ImageObject\",\"inLanguage\":\"en-US\",\"@id\":\"https:\/\/elkaminante.com.uy\/paquetes\/santa-marta-colombia-2\/#primaryimage\",\"url\":\"https:\/\/elkaminante.com.uy\/wp-content\/uploads\/2025\/06\/PAQ224.webp\",\"contentUrl\":\"https:\/\/elkaminante.com.uy\/wp-content\/uploads\/2025\/06\/PAQ224.webp\",\"width\":800,\"height\":457},{\"@type\":\"BreadcrumbList\",\"@id\":\"https:\/\/elkaminante.com.uy\/paquetes\/santa-marta-colombia-2\/#breadcrumb\",\"itemListElement\":[{\"@type\":\"ListItem\",\"position\":1,\"name\":\"Inicio\",\"item\":\"https:\/\/elkaminante.com.uy\/en\/\"},{\"@type\":\"ListItem\",\"position\":2,\"name\":\"Viajes por el mundo\",\"item\":\"https:\/\/elkaminante.com.uy\/en\/paquetes\/\"},{\"@type\":\"ListItem\",\"position\":3,\"name\":\"Santa Marta Colombia\"}]},{\"@type\":\"WebSite\",\"@id\":\"https:\/\/elkaminante.com.uy\/#website\",\"url\":\"https:\/\/elkaminante.com.uy\/\",\"name\":\"El Kaminante\",\"description\":\"Viajes &amp; Turismo\",\"publisher\":{\"@id\":\"https:\/\/elkaminante.com.uy\/#organization\"},\"potentialAction\":[{\"@type\":\"SearchAction\",\"target\":{\"@type\":\"EntryPoint\",\"urlTemplate\":\"https:\/\/elkaminante.com.uy\/?s={search_term_string}\"},\"query-input\":{\"@type\":\"PropertyValueSpecification\",\"valueRequired\":true,\"valueName\":\"search_term_string\"}}],\"inLanguage\":\"en-US\"},{\"@type\":\"Organization\",\"@id\":\"https:\/\/elkaminante.com.uy\/#organization\",\"name\":\"El Kaminante\",\"url\":\"https:\/\/elkaminante.com.uy\/\",\"logo\":{\"@type\":\"ImageObject\",\"inLanguage\":\"en-US\",\"@id\":\"https:\/\/elkaminante.com.uy\/#\/schema\/logo\/image\/\",\"url\":\"https:\/\/elkaminante.com.uy\/wp-content\/uploads\/2025\/02\/logo-elkaminante-blanco.svg\",\"contentUrl\":\"https:\/\/elkaminante.com.uy\/wp-content\/uploads\/2025\/02\/logo-elkaminante-blanco.svg\",\"caption\":\"El Kaminante\"},\"image\":{\"@id\":\"https:\/\/elkaminante.com.uy\/#\/schema\/logo\/image\/\"}}]}<\/script>\n<!-- \/ Yoast SEO plugin. -->","yoast_head_json":{"title":"Santa Marta Colombia - El Kaminante","robots":{"index":"index","follow":"follow","max-snippet":"max-snippet:-1","max-image-preview":"max-image-preview:large","max-video-preview":"max-video-preview:-1"},"canonical":"https:\/\/elkaminante.com.uy\/paquetes\/santa-marta-colombia-2\/","og_locale":"en_US","og_type":"article","og_title":"Santa Marta Colombia - El Kaminante","og_description":"Santa Marta sin duda es un destino que cautiva a todos los turistas que visitan Colombia. Hay actividades para todos los gustos, desde perderse en las olas de una playa que se junta con la selva, hasta observar las coloridas aves que parecen querer hablar con sus cantos. Tampoco se puede dejar afuera de la lista el recorrido hist\u00f3rico por la ciudad y la visita al coraz\u00f3n de la cultura Tayrona y sus tesoros coloniales. Adem\u00e1s, est\u00e1 el encanto de su gente que, con esa chispa tan caracter\u00edstica del Caribe, convierte a Santa Marta en una experiencia dif\u00edcil de olvidar.","og_url":"https:\/\/elkaminante.com.uy\/paquetes\/santa-marta-colombia-2\/","og_site_name":"El Kaminante","article_modified_time":"2026-04-17T12:38:49+00:00","og_image":[{"width":800,"height":457,"url":"https:\/\/elkaminante.com.uy\/wp-content\/uploads\/2025\/06\/PAQ224.webp","type":"image\/webp"}],"twitter_card":"summary_large_image","schema":{"@context":"https:\/\/schema.org","@graph":[{"@type":"WebPage","@id":"https:\/\/elkaminante.com.uy\/paquetes\/santa-marta-colombia-2\/","url":"https:\/\/elkaminante.com.uy\/paquetes\/santa-marta-colombia-2\/","name":"Santa Marta Colombia - El Kaminante","isPartOf":{"@id":"https:\/\/elkaminante.com.uy\/#website"},"primaryImageOfPage":{"@id":"https:\/\/elkaminante.com.uy\/paquetes\/santa-marta-colombia-2\/#primaryimage"},"image":{"@id":"https:\/\/elkaminante.com.uy\/paquetes\/santa-marta-colombia-2\/#primaryimage"},"thumbnailUrl":"https:\/\/elkaminante.com.uy\/wp-content\/uploads\/2025\/06\/PAQ224.webp","datePublished":"2025-06-16T23:06:49+00:00","dateModified":"2026-04-17T12:38:49+00:00","breadcrumb":{"@id":"https:\/\/elkaminante.com.uy\/paquetes\/santa-marta-colombia-2\/#breadcrumb"},"inLanguage":"en-US","potentialAction":[{"@type":"ReadAction","target":["https:\/\/elkaminante.com.uy\/paquetes\/santa-marta-colombia-2\/"]}]},{"@type":"ImageObject","inLanguage":"en-US","@id":"https:\/\/elkaminante.com.uy\/paquetes\/santa-marta-colombia-2\/#primaryimage","url":"https:\/\/elkaminante.com.uy\/wp-content\/uploads\/2025\/06\/PAQ224.webp","contentUrl":"https:\/\/elkaminante.com.uy\/wp-content\/uploads\/2025\/06\/PAQ224.webp","width":800,"height":457},{"@type":"BreadcrumbList","@id":"https:\/\/elkaminante.com.uy\/paquetes\/santa-marta-colombia-2\/#breadcrumb","itemListElement":[{"@type":"ListItem","position":1,"name":"Inicio","item":"https:\/\/elkaminante.com.uy\/en\/"},{"@type":"ListItem","position":2,"name":"Viajes por el mundo","item":"https:\/\/elkaminante.com.uy\/en\/paquetes\/"},{"@type":"ListItem","position":3,"name":"Santa Marta Colombia"}]},{"@type":"WebSite","@id":"https:\/\/elkaminante.com.uy\/#website","url":"https:\/\/elkaminante.com.uy\/","name":"El Kaminante","description":"Viajes &amp; Turismo","publisher":{"@id":"https:\/\/elkaminante.com.uy\/#organization"},"potentialAction":[{"@type":"SearchAction","target":{"@type":"EntryPoint","urlTemplate":"https:\/\/elkaminante.com.uy\/?s={search_term_string}"},"query-input":{"@type":"PropertyValueSpecification","valueRequired":true,"valueName":"search_term_string"}}],"inLanguage":"en-US"},{"@type":"Organization","@id":"https:\/\/elkaminante.com.uy\/#organization","name":"El Kaminante","url":"https:\/\/elkaminante.com.uy\/","logo":{"@type":"ImageObject","inLanguage":"en-US","@id":"https:\/\/elkaminante.com.uy\/#\/schema\/logo\/image\/","url":"https:\/\/elkaminante.com.uy\/wp-content\/uploads\/2025\/02\/logo-elkaminante-blanco.svg","contentUrl":"https:\/\/elkaminante.com.uy\/wp-content\/uploads\/2025\/02\/logo-elkaminante-blanco.svg","caption":"El Kaminante"},"image":{"@id":"https:\/\/elkaminante.com.uy\/#\/schema\/logo\/image\/"}}]}},"_links":{"self":[{"href":"https:\/\/elkaminante.com.uy\/en\/wp-json\/wp\/v2\/product\/10211","targetHints":{"allow":["GET"]}}],"collection":[{"href":"https:\/\/elkaminante.com.uy\/en\/wp-json\/wp\/v2\/product"}],"about":[{"href":"https:\/\/elkaminante.com.uy\/en\/wp-json\/wp\/v2\/types\/product"}],"wp:featuredmedia":[{"embeddable":true,"href":"https:\/\/elkaminante.com.uy\/en\/wp-json\/wp\/v2\/media\/10209"}],"wp:attachment":[{"href":"https:\/\/elkaminante.com.uy\/en\/wp-json\/wp\/v2\/media?parent=10211"}],"wp:term":[{"taxonomy":"product_brand","embeddable":true,"href":"https:\/\/elkaminante.com.uy\/en\/wp-json\/wp\/v2\/product_brand?post=10211"},{"taxonomy":"product_cat","embeddable":true,"href":"https:\/\/elkaminante.com.uy\/en\/wp-json\/wp\/v2\/product_cat?post=10211"},{"taxonomy":"product_tag","embeddable":true,"href":"https:\/\/elkaminante.com.uy\/en\/wp-json\/wp\/v2\/product_tag?post=10211"}],"curies":[{"name":"wp","href":"https:\/\/api.w.org\/{rel}","templated":true}]}}