{"id":10208,"date":"2025-06-16T20:06:45","date_gmt":"2025-06-16T23:06:45","guid":{"rendered":"https:\/\/elkaminante.com.uy\/paquetes\/playa-del-carmen-low-cost\/"},"modified":"2026-04-17T09:38:49","modified_gmt":"2026-04-17T12:38:49","slug":"playa-del-carmen-low-cost","status":"publish","type":"product","link":"https:\/\/elkaminante.com.uy\/en\/paquetes\/playa-del-carmen-low-cost\/","title":{"rendered":"Playa del Carmen Low Cost"},"content":{"rendered":"","protected":false},"excerpt":{"rendered":"<p><b>Playa del Carmen<\/b> es el coraz\u00f3n de una de las zonas tur\u00edsticas m\u00e1s importantes de M\u00e9xico, la Riviera Maya, siendo el destino m\u00e1s reconocido por ser una ciudad pintoresca que conecta a conocidos parques de la selva tropical y est\u00e1 rodeada del mar Caribe que la hacen tener las mejores playas para asolearse y nadar en sus mares azules tan claros. La zona tur\u00edstica de Playa del Carmen es para disfrutarse a pie, en d\u00f3nde se encuentran hoteles, tiendas, galer\u00edas y restaurantes de renombre que sumados al clima general, el ambiente con m\u00fasica y la alegr\u00eda de los locatarios y turistas, hacen de esta ciudad cosmopolita un lugar inolvidable.<\/p>\n<p>La Riviera Maya es un destino tur\u00edstico mexicano que se inicia a principios de 1990 despu\u00e9s de que por siglos se mantuvo como uno de los secretos mejor guardados por viajeros M\u00e9xicanos y extranjeros. Aunque ya era una zona conocida por su extraordinaria belleza y playas, la Riviera Maya surgi\u00f3 debido al movimiento tur\u00edstico de la regi\u00f3n conocida comocorredor Canc\u00fan \u2013 Tulum, que en los a\u00f1os 80\u2019s comenz\u00f3 a tener mayor relevancia entre los visitantes. <i>Principales atractivos tur\u00edsticos:<\/i>Puerto Morelos, Playa del Carmen, Xcaret, Xel-H\u00e1, Puerto Aventuras, Akumal, Coba, Tulum y Felipe Carrillo Puerto, entre otros.<\/p>\n","protected":false},"featured_media":10206,"template":"","meta":{"_acf_changed":false,"inline_featured_image":false},"product_brand":[],"product_cat":[28,1579],"product_tag":[70,34,64,2018,2071,2105,278,2286,163,305,306,65,71,73,164,301,300,299,3397,338,61,3282,75,165,302,119],"class_list":{"0":"post-10208","1":"product","2":"type-product","3":"status-publish","4":"has-post-thumbnail","6":"product_cat-paquetes","7":"product_cat-uruguay","8":"product_tag-america-del-norte","9":"product_tag-caribe","10":"product_tag-desayuno","11":"product_tag-en-mayo","12":"product_tag-en-mexico","13":"product_tag-en-playa-del-carmen","14":"product_tag-mayo","15":"product_tag-mayo-2026","16":"product_tag-mexico","17":"product_tag-mexico-en-mayo","18":"product_tag-mexico-en-playa-del-carmen","19":"product_tag-no-aplica","20":"product_tag-norte-america","21":"product_tag-paquetes-a-america-del-norte","22":"product_tag-paquetes-a-mexico","23":"product_tag-paquetes-a-playa-del-carmen","24":"product_tag-playa-carmen","25":"product_tag-playa-del-carmen","26":"product_tag-playa-del-carmen-low-cost","27":"product_tag-riviera-maya","28":"product_tag-sin-destino","29":"product_tag-temporada-baja","30":"product_tag-viajes-a-america-del-norte","31":"product_tag-viajes-a-mexico","32":"product_tag-viajes-a-playa-del-carmen","33":"product_tag-vuelo-y-hotel","34":"entry","35":"has-media","37":"first","38":"instock","39":"shipping-taxable","40":"purchasable","41":"product-type-simple"},"acf":[],"yoast_head":"<!-- This site is optimized with the Yoast SEO plugin v27.2 - https:\/\/yoast.com\/product\/yoast-seo-wordpress\/ -->\n<title>Playa del Carmen Low Cost - El Kaminante<\/title>\n<meta name=\"robots\" content=\"index, follow, max-snippet:-1, max-image-preview:large, max-video-preview:-1\" \/>\n<link rel=\"canonical\" href=\"https:\/\/elkaminante.com.uy\/paquetes\/playa-del-carmen-low-cost\/\" \/>\n<meta property=\"og:locale\" content=\"en_US\" \/>\n<meta property=\"og:type\" content=\"article\" \/>\n<meta property=\"og:title\" content=\"Playa del Carmen Low Cost - El Kaminante\" \/>\n<meta property=\"og:description\" content=\"Playa del Carmen es el coraz\u00f3n de una de las zonas tur\u00edsticas m\u00e1s importantes de M\u00e9xico, la Riviera Maya, siendo el destino m\u00e1s reconocido por ser una ciudad pintoresca que conecta a conocidos parques de la selva tropical y est\u00e1 rodeada del mar Caribe que la hacen tener las mejores playas para asolearse y nadar en sus mares azules tan claros. La zona tur\u00edstica de Playa del Carmen es para disfrutarse a pie, en d\u00f3nde se encuentran hoteles, tiendas, galer\u00edas y restaurantes de renombre que sumados al clima general, el ambiente con m\u00fasica y la alegr\u00eda de los locatarios y turistas, hacen de esta ciudad cosmopolita un lugar inolvidable.La Riviera Maya es un destino tur\u00edstico mexicano que se inicia a principios de 1990 despu\u00e9s de que por siglos se mantuvo como uno de los secretos mejor guardados por viajeros M\u00e9xicanos y extranjeros. Aunque ya era una zona conocida por su extraordinaria belleza y playas, la Riviera Maya surgi\u00f3 debido al movimiento tur\u00edstico de la regi\u00f3n conocida comocorredor Canc\u00fan \u2013 Tulum, que en los a\u00f1os 80\u2019s comenz\u00f3 a tener mayor relevancia entre los visitantes. Principales atractivos tur\u00edsticos:Puerto Morelos, Playa del Carmen, Xcaret, Xel-H\u00e1, Puerto Aventuras, Akumal, Coba, Tulum y Felipe Carrillo Puerto, entre otros.\" \/>\n<meta property=\"og:url\" content=\"https:\/\/elkaminante.com.uy\/paquetes\/playa-del-carmen-low-cost\/\" \/>\n<meta property=\"og:site_name\" content=\"El Kaminante\" \/>\n<meta property=\"article:modified_time\" content=\"2026-04-17T12:38:49+00:00\" \/>\n<meta property=\"og:image\" content=\"https:\/\/elkaminante.com.uy\/wp-content\/uploads\/2025\/06\/PAQ223.webp\" \/>\n\t<meta property=\"og:image:width\" content=\"800\" \/>\n\t<meta property=\"og:image:height\" content=\"457\" \/>\n\t<meta property=\"og:image:type\" content=\"image\/webp\" \/>\n<meta name=\"twitter:card\" content=\"summary_large_image\" \/>\n<script type=\"application\/ld+json\" class=\"yoast-schema-graph\">{\"@context\":\"https:\/\/schema.org\",\"@graph\":[{\"@type\":\"WebPage\",\"@id\":\"https:\/\/elkaminante.com.uy\/paquetes\/playa-del-carmen-low-cost\/\",\"url\":\"https:\/\/elkaminante.com.uy\/paquetes\/playa-del-carmen-low-cost\/\",\"name\":\"Playa del Carmen Low Cost - El Kaminante\",\"isPartOf\":{\"@id\":\"https:\/\/elkaminante.com.uy\/#website\"},\"primaryImageOfPage\":{\"@id\":\"https:\/\/elkaminante.com.uy\/paquetes\/playa-del-carmen-low-cost\/#primaryimage\"},\"image\":{\"@id\":\"https:\/\/elkaminante.com.uy\/paquetes\/playa-del-carmen-low-cost\/#primaryimage\"},\"thumbnailUrl\":\"https:\/\/elkaminante.com.uy\/wp-content\/uploads\/2025\/06\/PAQ223.webp\",\"datePublished\":\"2025-06-16T23:06:45+00:00\",\"dateModified\":\"2026-04-17T12:38:49+00:00\",\"breadcrumb\":{\"@id\":\"https:\/\/elkaminante.com.uy\/paquetes\/playa-del-carmen-low-cost\/#breadcrumb\"},\"inLanguage\":\"en-US\",\"potentialAction\":[{\"@type\":\"ReadAction\",\"target\":[\"https:\/\/elkaminante.com.uy\/paquetes\/playa-del-carmen-low-cost\/\"]}]},{\"@type\":\"ImageObject\",\"inLanguage\":\"en-US\",\"@id\":\"https:\/\/elkaminante.com.uy\/paquetes\/playa-del-carmen-low-cost\/#primaryimage\",\"url\":\"https:\/\/elkaminante.com.uy\/wp-content\/uploads\/2025\/06\/PAQ223.webp\",\"contentUrl\":\"https:\/\/elkaminante.com.uy\/wp-content\/uploads\/2025\/06\/PAQ223.webp\",\"width\":800,\"height\":457},{\"@type\":\"BreadcrumbList\",\"@id\":\"https:\/\/elkaminante.com.uy\/paquetes\/playa-del-carmen-low-cost\/#breadcrumb\",\"itemListElement\":[{\"@type\":\"ListItem\",\"position\":1,\"name\":\"Inicio\",\"item\":\"https:\/\/elkaminante.com.uy\/en\/\"},{\"@type\":\"ListItem\",\"position\":2,\"name\":\"Viajes por el mundo\",\"item\":\"https:\/\/elkaminante.com.uy\/en\/paquetes\/\"},{\"@type\":\"ListItem\",\"position\":3,\"name\":\"Playa del Carmen Low Cost\"}]},{\"@type\":\"WebSite\",\"@id\":\"https:\/\/elkaminante.com.uy\/#website\",\"url\":\"https:\/\/elkaminante.com.uy\/\",\"name\":\"El Kaminante\",\"description\":\"Viajes &amp; Turismo\",\"publisher\":{\"@id\":\"https:\/\/elkaminante.com.uy\/#organization\"},\"potentialAction\":[{\"@type\":\"SearchAction\",\"target\":{\"@type\":\"EntryPoint\",\"urlTemplate\":\"https:\/\/elkaminante.com.uy\/?s={search_term_string}\"},\"query-input\":{\"@type\":\"PropertyValueSpecification\",\"valueRequired\":true,\"valueName\":\"search_term_string\"}}],\"inLanguage\":\"en-US\"},{\"@type\":\"Organization\",\"@id\":\"https:\/\/elkaminante.com.uy\/#organization\",\"name\":\"El Kaminante\",\"url\":\"https:\/\/elkaminante.com.uy\/\",\"logo\":{\"@type\":\"ImageObject\",\"inLanguage\":\"en-US\",\"@id\":\"https:\/\/elkaminante.com.uy\/#\/schema\/logo\/image\/\",\"url\":\"https:\/\/elkaminante.com.uy\/wp-content\/uploads\/2025\/02\/logo-elkaminante-blanco.svg\",\"contentUrl\":\"https:\/\/elkaminante.com.uy\/wp-content\/uploads\/2025\/02\/logo-elkaminante-blanco.svg\",\"caption\":\"El Kaminante\"},\"image\":{\"@id\":\"https:\/\/elkaminante.com.uy\/#\/schema\/logo\/image\/\"}}]}<\/script>\n<!-- \/ Yoast SEO plugin. -->","yoast_head_json":{"title":"Playa del Carmen Low Cost - El Kaminante","robots":{"index":"index","follow":"follow","max-snippet":"max-snippet:-1","max-image-preview":"max-image-preview:large","max-video-preview":"max-video-preview:-1"},"canonical":"https:\/\/elkaminante.com.uy\/paquetes\/playa-del-carmen-low-cost\/","og_locale":"en_US","og_type":"article","og_title":"Playa del Carmen Low Cost - El Kaminante","og_description":"Playa del Carmen es el coraz\u00f3n de una de las zonas tur\u00edsticas m\u00e1s importantes de M\u00e9xico, la Riviera Maya, siendo el destino m\u00e1s reconocido por ser una ciudad pintoresca que conecta a conocidos parques de la selva tropical y est\u00e1 rodeada del mar Caribe que la hacen tener las mejores playas para asolearse y nadar en sus mares azules tan claros. La zona tur\u00edstica de Playa del Carmen es para disfrutarse a pie, en d\u00f3nde se encuentran hoteles, tiendas, galer\u00edas y restaurantes de renombre que sumados al clima general, el ambiente con m\u00fasica y la alegr\u00eda de los locatarios y turistas, hacen de esta ciudad cosmopolita un lugar inolvidable.La Riviera Maya es un destino tur\u00edstico mexicano que se inicia a principios de 1990 despu\u00e9s de que por siglos se mantuvo como uno de los secretos mejor guardados por viajeros M\u00e9xicanos y extranjeros. Aunque ya era una zona conocida por su extraordinaria belleza y playas, la Riviera Maya surgi\u00f3 debido al movimiento tur\u00edstico de la regi\u00f3n conocida comocorredor Canc\u00fan \u2013 Tulum, que en los a\u00f1os 80\u2019s comenz\u00f3 a tener mayor relevancia entre los visitantes. Principales atractivos tur\u00edsticos:Puerto Morelos, Playa del Carmen, Xcaret, Xel-H\u00e1, Puerto Aventuras, Akumal, Coba, Tulum y Felipe Carrillo Puerto, entre otros.","og_url":"https:\/\/elkaminante.com.uy\/paquetes\/playa-del-carmen-low-cost\/","og_site_name":"El Kaminante","article_modified_time":"2026-04-17T12:38:49+00:00","og_image":[{"width":800,"height":457,"url":"https:\/\/elkaminante.com.uy\/wp-content\/uploads\/2025\/06\/PAQ223.webp","type":"image\/webp"}],"twitter_card":"summary_large_image","schema":{"@context":"https:\/\/schema.org","@graph":[{"@type":"WebPage","@id":"https:\/\/elkaminante.com.uy\/paquetes\/playa-del-carmen-low-cost\/","url":"https:\/\/elkaminante.com.uy\/paquetes\/playa-del-carmen-low-cost\/","name":"Playa del Carmen Low Cost - El Kaminante","isPartOf":{"@id":"https:\/\/elkaminante.com.uy\/#website"},"primaryImageOfPage":{"@id":"https:\/\/elkaminante.com.uy\/paquetes\/playa-del-carmen-low-cost\/#primaryimage"},"image":{"@id":"https:\/\/elkaminante.com.uy\/paquetes\/playa-del-carmen-low-cost\/#primaryimage"},"thumbnailUrl":"https:\/\/elkaminante.com.uy\/wp-content\/uploads\/2025\/06\/PAQ223.webp","datePublished":"2025-06-16T23:06:45+00:00","dateModified":"2026-04-17T12:38:49+00:00","breadcrumb":{"@id":"https:\/\/elkaminante.com.uy\/paquetes\/playa-del-carmen-low-cost\/#breadcrumb"},"inLanguage":"en-US","potentialAction":[{"@type":"ReadAction","target":["https:\/\/elkaminante.com.uy\/paquetes\/playa-del-carmen-low-cost\/"]}]},{"@type":"ImageObject","inLanguage":"en-US","@id":"https:\/\/elkaminante.com.uy\/paquetes\/playa-del-carmen-low-cost\/#primaryimage","url":"https:\/\/elkaminante.com.uy\/wp-content\/uploads\/2025\/06\/PAQ223.webp","contentUrl":"https:\/\/elkaminante.com.uy\/wp-content\/uploads\/2025\/06\/PAQ223.webp","width":800,"height":457},{"@type":"BreadcrumbList","@id":"https:\/\/elkaminante.com.uy\/paquetes\/playa-del-carmen-low-cost\/#breadcrumb","itemListElement":[{"@type":"ListItem","position":1,"name":"Inicio","item":"https:\/\/elkaminante.com.uy\/en\/"},{"@type":"ListItem","position":2,"name":"Viajes por el mundo","item":"https:\/\/elkaminante.com.uy\/en\/paquetes\/"},{"@type":"ListItem","position":3,"name":"Playa del Carmen Low Cost"}]},{"@type":"WebSite","@id":"https:\/\/elkaminante.com.uy\/#website","url":"https:\/\/elkaminante.com.uy\/","name":"El Kaminante","description":"Viajes &amp; Turismo","publisher":{"@id":"https:\/\/elkaminante.com.uy\/#organization"},"potentialAction":[{"@type":"SearchAction","target":{"@type":"EntryPoint","urlTemplate":"https:\/\/elkaminante.com.uy\/?s={search_term_string}"},"query-input":{"@type":"PropertyValueSpecification","valueRequired":true,"valueName":"search_term_string"}}],"inLanguage":"en-US"},{"@type":"Organization","@id":"https:\/\/elkaminante.com.uy\/#organization","name":"El Kaminante","url":"https:\/\/elkaminante.com.uy\/","logo":{"@type":"ImageObject","inLanguage":"en-US","@id":"https:\/\/elkaminante.com.uy\/#\/schema\/logo\/image\/","url":"https:\/\/elkaminante.com.uy\/wp-content\/uploads\/2025\/02\/logo-elkaminante-blanco.svg","contentUrl":"https:\/\/elkaminante.com.uy\/wp-content\/uploads\/2025\/02\/logo-elkaminante-blanco.svg","caption":"El Kaminante"},"image":{"@id":"https:\/\/elkaminante.com.uy\/#\/schema\/logo\/image\/"}}]}},"_links":{"self":[{"href":"https:\/\/elkaminante.com.uy\/en\/wp-json\/wp\/v2\/product\/10208","targetHints":{"allow":["GET"]}}],"collection":[{"href":"https:\/\/elkaminante.com.uy\/en\/wp-json\/wp\/v2\/product"}],"about":[{"href":"https:\/\/elkaminante.com.uy\/en\/wp-json\/wp\/v2\/types\/product"}],"wp:featuredmedia":[{"embeddable":true,"href":"https:\/\/elkaminante.com.uy\/en\/wp-json\/wp\/v2\/media\/10206"}],"wp:attachment":[{"href":"https:\/\/elkaminante.com.uy\/en\/wp-json\/wp\/v2\/media?parent=10208"}],"wp:term":[{"taxonomy":"product_brand","embeddable":true,"href":"https:\/\/elkaminante.com.uy\/en\/wp-json\/wp\/v2\/product_brand?post=10208"},{"taxonomy":"product_cat","embeddable":true,"href":"https:\/\/elkaminante.com.uy\/en\/wp-json\/wp\/v2\/product_cat?post=10208"},{"taxonomy":"product_tag","embeddable":true,"href":"https:\/\/elkaminante.com.uy\/en\/wp-json\/wp\/v2\/product_tag?post=10208"}],"curies":[{"name":"wp","href":"https:\/\/api.w.org\/{rel}","templated":true}]}}